{"id":4163,"date":"2022-05-17T11:47:59","date_gmt":"2022-05-17T09:47:59","guid":{"rendered":"https:\/\/www.credimex.ch.mialias.net\/product\/jax-pyro-plate-fgn-2-180-kg\/"},"modified":"2022-05-17T11:47:59","modified_gmt":"2022-05-17T09:47:59","slug":"jax-pyro-plate-2","status":"publish","type":"product","link":"https:\/\/www.credimex.ch\/fr\/produit\/jax-pyro-plate-2\/","title":{"rendered":"JAX Pyro Plate FGN-2 180 kg"},"content":{"rendered":"<h2>Description<\/h2>\n<p>JAX\u00ae Pyro-Plate FGN-2 est une graisse alimentaire haute performance fabriqu\u00e9e \u00e0 partir d&rsquo;un \u00e9paississant complexe avanc\u00e9 et brevet\u00e9 \u00e0 base de sulfonate de calcium et d&rsquo;un fluide de base polyalpahol\u00e9finique \u00e0 haute viscosit\u00e9 qui, ensemble, assurent une protection exceptionnelle dans une large gamme d&rsquo;applications \u00e0 diff\u00e9rentes temp\u00e9ratures de fonctionnement. En outre, JAX\u00ae Pyro-Plate FGN-2 pr\u00e9sente une excellente r\u00e9sistance \u00e0 l&rsquo;eau, des caract\u00e9ristiques de performance exceptionnelles \u00e0 haute et basse temp\u00e9rature, une capacit\u00e9 de charge tr\u00e8s \u00e9lev\u00e9e et un contr\u00f4le remarquable de la rouille et de la corrosion.<\/p>\n<h2>Avantages du produit<\/h2>\n<ul>\n<li>Performances exceptionnelles \u00e0 haute et basse temp\u00e9rature<\/li>\n<li>Performance in\u00e9gal\u00e9e en mati\u00e8re d&rsquo;E.P. et d&rsquo;anti-usure<\/li>\n<li>Protection sup\u00e9rieure contre la rouille et la corrosion<\/li>\n<li>Excellente r\u00e9sistance \u00e0 l&rsquo;eau<\/li>\n<\/ul>\n<h2>Application<\/h2>\n<ul>\n<li>Industrie alimentaire<\/li>\n<\/ul>\n","protected":false},"excerpt":{"rendered":"<p>La graisse synth\u00e9tique haute temp\u00e9rature <strong>JAX Pyro Plate FGN-2<\/strong> associe des huiles de base synth\u00e9tiques \u00e0 haute viscosit\u00e9 \u00e0 un \u00e9paississant haute temp\u00e9rature \u00e9prouv\u00e9 pour des performances exceptionnelles dans les applications s\u00e9v\u00e8res qui peuvent \u00eatre soumises \u00e0 de fortes charges et \u00e0 des relubrifications peu fr\u00e9quentes.<\/p>\n","protected":false},"featured_media":2936,"comment_status":"open","ping_status":"closed","template":"","meta":{"_acf_changed":false},"product_brand":[],"product_cat":[362,361,638,363,342],"product_tag":[],"class_list":{"0":"post-4163","1":"product","2":"type-product","3":"status-publish","4":"has-post-thumbnail","6":"product_cat-graisses","7":"product_cat-industrie-alimentaire","8":"product_cat-jax","9":"product_cat-lubrifiants-de-qualite-alimentaire","10":"product_cat-lubrifiants-industriels","11":"pa_brands-jax-fr","13":"first","14":"instock","15":"shipping-taxable","16":"product-type-simple"},"acf":[],"_yoast_wpseo_focuskw":"JAX Pyro Plate FGN-2","_yoast_wpseo_metadesc":"La graisse synth\u00e9tique haute temp\u00e9rature JAX Pyro Plate FGN-2 combine des huiles de base synth\u00e9tiques \u00e0 haute viscosit\u00e9 et un \u00e9paississant haute temp\u00e9rature \u00e9prouv\u00e9 pour des performances exceptionnelles dans les applications s\u00e9v\u00e8res qui peuvent \u00eatre soumises \u00e0 de fortes charges et \u00e0 des re-lubrifications peu fr\u00e9quentes.","yoast_head":"<!-- This site is optimized with the Yoast SEO Premium plugin v21.6 (Yoast SEO v27.4) - https:\/\/yoast.com\/product\/yoast-seo-premium-wordpress\/ -->\n<title>JAX Pyro Plate FGN-2 180 kg - CREDIMEX<\/title>\n<meta name=\"description\" content=\"La graisse synth\u00e9tique haute temp\u00e9rature JAX Pyro Plate FGN-2 combine des huiles de base synth\u00e9tiques \u00e0 haute viscosit\u00e9 et un \u00e9paississant haute temp\u00e9rature \u00e9prouv\u00e9 pour des performances exceptionnelles dans les applications s\u00e9v\u00e8res qui peuvent \u00eatre soumises \u00e0 de fortes charges et \u00e0 des re-lubrifications peu fr\u00e9quentes.\" \/>\n<meta name=\"robots\" content=\"index, follow, max-snippet:-1, max-image-preview:large, max-video-preview:-1\" \/>\n<link rel=\"canonical\" href=\"https:\/\/www.credimex.ch\/fr\/produit\/jax-pyro-plate-2\/\" \/>\n<meta property=\"og:locale\" content=\"fr_FR\" \/>\n<meta property=\"og:type\" content=\"article\" \/>\n<meta property=\"og:title\" content=\"JAX Pyro Plate FGN-2 180 kg\" \/>\n<meta property=\"og:description\" content=\"La graisse synth\u00e9tique haute temp\u00e9rature JAX Pyro Plate FGN-2 combine des huiles de base synth\u00e9tiques \u00e0 haute viscosit\u00e9 et un \u00e9paississant haute temp\u00e9rature \u00e9prouv\u00e9 pour des performances exceptionnelles dans les applications s\u00e9v\u00e8res qui peuvent \u00eatre soumises \u00e0 de fortes charges et \u00e0 des re-lubrifications peu fr\u00e9quentes.\" \/>\n<meta property=\"og:url\" content=\"https:\/\/www.credimex.ch\/fr\/produit\/jax-pyro-plate-2\/\" \/>\n<meta property=\"og:site_name\" content=\"CREDIMEX\" \/>\n<meta property=\"article:publisher\" content=\"https:\/\/www.facebook.com\/credimex.alpnach\/\" \/>\n<meta property=\"og:image\" content=\"https:\/\/www.credimex.ch\/wp-content\/uploads\/2022\/05\/JAX-Pyro-Plate-FGN-2.png\" \/>\n\t<meta property=\"og:image:width\" content=\"800\" \/>\n\t<meta property=\"og:image:height\" content=\"800\" \/>\n\t<meta property=\"og:image:type\" content=\"image\/png\" \/>\n<meta name=\"twitter:card\" content=\"summary_large_image\" \/>\n<meta name=\"twitter:label1\" content=\"Dur\u00e9e de lecture estim\u00e9e\" \/>\n\t<meta name=\"twitter:data1\" content=\"1 minute\" \/>\n<script type=\"application\/ld+json\" class=\"yoast-schema-graph\">{\"@context\":\"https:\\\/\\\/schema.org\",\"@graph\":[{\"@type\":\"WebPage\",\"@id\":\"https:\\\/\\\/www.credimex.ch\\\/fr\\\/produit\\\/jax-pyro-plate-2\\\/\",\"url\":\"https:\\\/\\\/www.credimex.ch\\\/fr\\\/produit\\\/jax-pyro-plate-2\\\/\",\"name\":\"JAX Pyro Plate FGN-2 180 kg - CREDIMEX\",\"isPartOf\":{\"@id\":\"https:\\\/\\\/www.credimex.ch\\\/fr\\\/#website\"},\"primaryImageOfPage\":{\"@id\":\"https:\\\/\\\/www.credimex.ch\\\/fr\\\/produit\\\/jax-pyro-plate-2\\\/#primaryimage\"},\"image\":{\"@id\":\"https:\\\/\\\/www.credimex.ch\\\/fr\\\/produit\\\/jax-pyro-plate-2\\\/#primaryimage\"},\"thumbnailUrl\":\"https:\\\/\\\/www.credimex.ch\\\/wp-content\\\/uploads\\\/2022\\\/05\\\/JAX-Pyro-Plate-FGN-2.png\",\"datePublished\":\"2022-05-17T09:47:59+00:00\",\"description\":\"La graisse synth\u00e9tique haute temp\u00e9rature JAX Pyro Plate FGN-2 combine des huiles de base synth\u00e9tiques \u00e0 haute viscosit\u00e9 et un \u00e9paississant haute temp\u00e9rature \u00e9prouv\u00e9 pour des performances exceptionnelles dans les applications s\u00e9v\u00e8res qui peuvent \u00eatre soumises \u00e0 de fortes charges et \u00e0 des re-lubrifications peu fr\u00e9quentes.\",\"breadcrumb\":{\"@id\":\"https:\\\/\\\/www.credimex.ch\\\/fr\\\/produit\\\/jax-pyro-plate-2\\\/#breadcrumb\"},\"inLanguage\":\"fr-FR\",\"potentialAction\":[{\"@type\":\"ReadAction\",\"target\":[\"https:\\\/\\\/www.credimex.ch\\\/fr\\\/produit\\\/jax-pyro-plate-2\\\/\"]}]},{\"@type\":\"ImageObject\",\"inLanguage\":\"fr-FR\",\"@id\":\"https:\\\/\\\/www.credimex.ch\\\/fr\\\/produit\\\/jax-pyro-plate-2\\\/#primaryimage\",\"url\":\"https:\\\/\\\/www.credimex.ch\\\/wp-content\\\/uploads\\\/2022\\\/05\\\/JAX-Pyro-Plate-FGN-2.png\",\"contentUrl\":\"https:\\\/\\\/www.credimex.ch\\\/wp-content\\\/uploads\\\/2022\\\/05\\\/JAX-Pyro-Plate-FGN-2.png\",\"width\":800,\"height\":800},{\"@type\":\"BreadcrumbList\",\"@id\":\"https:\\\/\\\/www.credimex.ch\\\/fr\\\/produit\\\/jax-pyro-plate-2\\\/#breadcrumb\",\"itemListElement\":[{\"@type\":\"ListItem\",\"position\":1,\"name\":\"Home\",\"item\":\"https:\\\/\\\/www.credimex.ch\\\/fr\\\/\"},{\"@type\":\"ListItem\",\"position\":2,\"name\":\"Produits\",\"item\":\"https:\\\/\\\/www.credimex.ch\\\/fr\\\/produits\\\/\"},{\"@type\":\"ListItem\",\"position\":3,\"name\":\"JAX Pyro Plate FGN-2 180 kg\"}]},{\"@type\":\"WebSite\",\"@id\":\"https:\\\/\\\/www.credimex.ch\\\/fr\\\/#website\",\"url\":\"https:\\\/\\\/www.credimex.ch\\\/fr\\\/\",\"name\":\"CREDIMEX\",\"description\":\"Partner of Swiss Industrial Market\",\"publisher\":{\"@id\":\"https:\\\/\\\/www.credimex.ch\\\/fr\\\/#organization\"},\"potentialAction\":[{\"@type\":\"SearchAction\",\"target\":{\"@type\":\"EntryPoint\",\"urlTemplate\":\"https:\\\/\\\/www.credimex.ch\\\/fr\\\/?s={search_term_string}\"},\"query-input\":{\"@type\":\"PropertyValueSpecification\",\"valueRequired\":true,\"valueName\":\"search_term_string\"}}],\"inLanguage\":\"fr-FR\"},{\"@type\":\"Organization\",\"@id\":\"https:\\\/\\\/www.credimex.ch\\\/fr\\\/#organization\",\"name\":\"credimex\",\"url\":\"https:\\\/\\\/www.credimex.ch\\\/fr\\\/\",\"logo\":{\"@type\":\"ImageObject\",\"inLanguage\":\"fr-FR\",\"@id\":\"https:\\\/\\\/www.credimex.ch\\\/fr\\\/#\\\/schema\\\/logo\\\/image\\\/\",\"url\":\"https:\\\/\\\/www.credimex.ch\\\/wp-content\\\/uploads\\\/2022\\\/03\\\/cropped-logo-credimex.png\",\"contentUrl\":\"https:\\\/\\\/www.credimex.ch\\\/wp-content\\\/uploads\\\/2022\\\/03\\\/cropped-logo-credimex.png\",\"width\":512,\"height\":512,\"caption\":\"credimex\"},\"image\":{\"@id\":\"https:\\\/\\\/www.credimex.ch\\\/fr\\\/#\\\/schema\\\/logo\\\/image\\\/\"},\"sameAs\":[\"https:\\\/\\\/www.facebook.com\\\/credimex.alpnach\\\/\",\"https:\\\/\\\/www.linkedin.com\\\/company\\\/credimex\\\/\",\"https:\\\/\\\/www.youtube.com\\\/@CREDIMEX?sub_confirmation=1\"]}]}<\/script>\n<!-- \/ Yoast SEO Premium plugin. -->","yoast_head_json":{"title":"JAX Pyro Plate FGN-2 180 kg - CREDIMEX","description":"La graisse synth\u00e9tique haute temp\u00e9rature JAX Pyro Plate FGN-2 combine des huiles de base synth\u00e9tiques \u00e0 haute viscosit\u00e9 et un \u00e9paississant haute temp\u00e9rature \u00e9prouv\u00e9 pour des performances exceptionnelles dans les applications s\u00e9v\u00e8res qui peuvent \u00eatre soumises \u00e0 de fortes charges et \u00e0 des re-lubrifications peu fr\u00e9quentes.","robots":{"index":"index","follow":"follow","max-snippet":"max-snippet:-1","max-image-preview":"max-image-preview:large","max-video-preview":"max-video-preview:-1"},"canonical":"https:\/\/www.credimex.ch\/fr\/produit\/jax-pyro-plate-2\/","og_locale":"fr_FR","og_type":"article","og_title":"JAX Pyro Plate FGN-2 180 kg","og_description":"La graisse synth\u00e9tique haute temp\u00e9rature JAX Pyro Plate FGN-2 combine des huiles de base synth\u00e9tiques \u00e0 haute viscosit\u00e9 et un \u00e9paississant haute temp\u00e9rature \u00e9prouv\u00e9 pour des performances exceptionnelles dans les applications s\u00e9v\u00e8res qui peuvent \u00eatre soumises \u00e0 de fortes charges et \u00e0 des re-lubrifications peu fr\u00e9quentes.","og_url":"https:\/\/www.credimex.ch\/fr\/produit\/jax-pyro-plate-2\/","og_site_name":"CREDIMEX","article_publisher":"https:\/\/www.facebook.com\/credimex.alpnach\/","og_image":[{"width":800,"height":800,"url":"https:\/\/www.credimex.ch\/wp-content\/uploads\/2022\/05\/JAX-Pyro-Plate-FGN-2.png","type":"image\/png"}],"twitter_card":"summary_large_image","twitter_misc":{"Dur\u00e9e de lecture estim\u00e9e":"1 minute"},"schema":{"@context":"https:\/\/schema.org","@graph":[{"@type":"WebPage","@id":"https:\/\/www.credimex.ch\/fr\/produit\/jax-pyro-plate-2\/","url":"https:\/\/www.credimex.ch\/fr\/produit\/jax-pyro-plate-2\/","name":"JAX Pyro Plate FGN-2 180 kg - CREDIMEX","isPartOf":{"@id":"https:\/\/www.credimex.ch\/fr\/#website"},"primaryImageOfPage":{"@id":"https:\/\/www.credimex.ch\/fr\/produit\/jax-pyro-plate-2\/#primaryimage"},"image":{"@id":"https:\/\/www.credimex.ch\/fr\/produit\/jax-pyro-plate-2\/#primaryimage"},"thumbnailUrl":"https:\/\/www.credimex.ch\/wp-content\/uploads\/2022\/05\/JAX-Pyro-Plate-FGN-2.png","datePublished":"2022-05-17T09:47:59+00:00","description":"La graisse synth\u00e9tique haute temp\u00e9rature JAX Pyro Plate FGN-2 combine des huiles de base synth\u00e9tiques \u00e0 haute viscosit\u00e9 et un \u00e9paississant haute temp\u00e9rature \u00e9prouv\u00e9 pour des performances exceptionnelles dans les applications s\u00e9v\u00e8res qui peuvent \u00eatre soumises \u00e0 de fortes charges et \u00e0 des re-lubrifications peu fr\u00e9quentes.","breadcrumb":{"@id":"https:\/\/www.credimex.ch\/fr\/produit\/jax-pyro-plate-2\/#breadcrumb"},"inLanguage":"fr-FR","potentialAction":[{"@type":"ReadAction","target":["https:\/\/www.credimex.ch\/fr\/produit\/jax-pyro-plate-2\/"]}]},{"@type":"ImageObject","inLanguage":"fr-FR","@id":"https:\/\/www.credimex.ch\/fr\/produit\/jax-pyro-plate-2\/#primaryimage","url":"https:\/\/www.credimex.ch\/wp-content\/uploads\/2022\/05\/JAX-Pyro-Plate-FGN-2.png","contentUrl":"https:\/\/www.credimex.ch\/wp-content\/uploads\/2022\/05\/JAX-Pyro-Plate-FGN-2.png","width":800,"height":800},{"@type":"BreadcrumbList","@id":"https:\/\/www.credimex.ch\/fr\/produit\/jax-pyro-plate-2\/#breadcrumb","itemListElement":[{"@type":"ListItem","position":1,"name":"Home","item":"https:\/\/www.credimex.ch\/fr\/"},{"@type":"ListItem","position":2,"name":"Produits","item":"https:\/\/www.credimex.ch\/fr\/produits\/"},{"@type":"ListItem","position":3,"name":"JAX Pyro Plate FGN-2 180 kg"}]},{"@type":"WebSite","@id":"https:\/\/www.credimex.ch\/fr\/#website","url":"https:\/\/www.credimex.ch\/fr\/","name":"CREDIMEX","description":"Partner of Swiss Industrial Market","publisher":{"@id":"https:\/\/www.credimex.ch\/fr\/#organization"},"potentialAction":[{"@type":"SearchAction","target":{"@type":"EntryPoint","urlTemplate":"https:\/\/www.credimex.ch\/fr\/?s={search_term_string}"},"query-input":{"@type":"PropertyValueSpecification","valueRequired":true,"valueName":"search_term_string"}}],"inLanguage":"fr-FR"},{"@type":"Organization","@id":"https:\/\/www.credimex.ch\/fr\/#organization","name":"credimex","url":"https:\/\/www.credimex.ch\/fr\/","logo":{"@type":"ImageObject","inLanguage":"fr-FR","@id":"https:\/\/www.credimex.ch\/fr\/#\/schema\/logo\/image\/","url":"https:\/\/www.credimex.ch\/wp-content\/uploads\/2022\/03\/cropped-logo-credimex.png","contentUrl":"https:\/\/www.credimex.ch\/wp-content\/uploads\/2022\/03\/cropped-logo-credimex.png","width":512,"height":512,"caption":"credimex"},"image":{"@id":"https:\/\/www.credimex.ch\/fr\/#\/schema\/logo\/image\/"},"sameAs":["https:\/\/www.facebook.com\/credimex.alpnach\/","https:\/\/www.linkedin.com\/company\/credimex\/","https:\/\/www.youtube.com\/@CREDIMEX?sub_confirmation=1"]}]}},"_links":{"self":[{"href":"https:\/\/www.credimex.ch\/fr\/wp-json\/wp\/v2\/product\/4163","targetHints":{"allow":["GET"]}}],"collection":[{"href":"https:\/\/www.credimex.ch\/fr\/wp-json\/wp\/v2\/product"}],"about":[{"href":"https:\/\/www.credimex.ch\/fr\/wp-json\/wp\/v2\/types\/product"}],"replies":[{"embeddable":true,"href":"https:\/\/www.credimex.ch\/fr\/wp-json\/wp\/v2\/comments?post=4163"}],"wp:featuredmedia":[{"embeddable":true,"href":"https:\/\/www.credimex.ch\/fr\/wp-json\/wp\/v2\/media\/2936"}],"wp:attachment":[{"href":"https:\/\/www.credimex.ch\/fr\/wp-json\/wp\/v2\/media?parent=4163"}],"wp:term":[{"taxonomy":"product_brand","embeddable":true,"href":"https:\/\/www.credimex.ch\/fr\/wp-json\/wp\/v2\/product_brand?post=4163"},{"taxonomy":"product_cat","embeddable":true,"href":"https:\/\/www.credimex.ch\/fr\/wp-json\/wp\/v2\/product_cat?post=4163"},{"taxonomy":"product_tag","embeddable":true,"href":"https:\/\/www.credimex.ch\/fr\/wp-json\/wp\/v2\/product_tag?post=4163"}],"curies":[{"name":"wp","href":"https:\/\/api.w.org\/{rel}","templated":true}]}}