{"id":4165,"date":"2022-06-07T09:36:32","date_gmt":"2022-06-07T07:36:32","guid":{"rendered":"https:\/\/www.credimex.ch.mialias.net\/product\/dowsil-340\/"},"modified":"2022-06-07T09:36:32","modified_gmt":"2022-06-07T07:36:32","slug":"dowsil-340-3","status":"publish","type":"product","link":"https:\/\/www.credimex.ch\/fr\/produit\/dowsil-340-3\/","title":{"rendered":"DOWSIL 340"},"content":{"rendered":"<h2>Description<\/h2>\n<p>Le compos\u00e9 thermique pour dissipateur Dowsil 340 est un compos\u00e9 de silicone non durcissant con\u00e7u pour fournir un pont thermique \u00e0 long terme entre les composants de puissance et les dissipateurs thermiques. Ce produit est disponible \u00e0 l&rsquo;achat en ligne dans diff\u00e9rentes tailles.<\/p>\n<h2>Avantages du produit<\/h2>\n<ul>\n<li>Haute conductivit\u00e9 thermique<\/li>\n<li>Faible saignement<\/li>\n<li>Sans affaissement<\/li>\n<\/ul>\n<h2>Applications<\/h2>\n<p>Con\u00e7u pour fournir un pont thermique \u00e0 long terme entre les composants de puissance et les dissipateurs thermiques. Les applications typiques comprennent : la connexion thermique des transistors et des thyristors aux dissipateurs thermiques.<\/p>\n","protected":false},"excerpt":{"rendered":"<p><strong>DOWSIL 340<\/strong> est un compos\u00e9 thermoconducteur \u00e0 base de silicone permettant le couplage thermique des dispositifs \u00e9lectriques et \u00e9lectroniques aux dissipateurs thermiques.<\/p>\n","protected":false},"featured_media":3102,"comment_status":"open","ping_status":"closed","template":"","meta":{"_acf_changed":false},"product_brand":[],"product_cat":[340,413,511,376,411,384,375,360,431,430,412],"product_tag":[],"class_list":{"0":"post-4165","1":"product","2":"type-product","3":"status-publish","4":"has-post-thumbnail","6":"product_cat-automobile","7":"product_cat-batteries","8":"product_cat-dowsil","9":"product_cat-e-mobilite","10":"product_cat-electronique","11":"product_cat-energie","12":"product_cat-ferroviaire","13":"product_cat-industrie-generale","14":"product_cat-masses-denrobage-de-silicone","15":"product_cat-masses-de-scellement","16":"product_cat-telepheriques","17":"pa_brands-dowsil-fr","19":"first","20":"instock","21":"shipping-taxable","22":"product-type-simple"},"acf":[],"_yoast_wpseo_focuskw":"Dowsil 340","_yoast_wpseo_metadesc":"DOWSIL 340 est un compos\u00e9 thermoconducteur \u00e0 base de silicone permettant le couplage thermique des dispositifs \u00e9lectriques et \u00e9lectroniques aux dissipateurs thermiques.","yoast_head":"<!-- This site is optimized with the Yoast SEO Premium plugin v21.6 (Yoast SEO v27.4) - https:\/\/yoast.com\/product\/yoast-seo-premium-wordpress\/ -->\n<title>DOWSIL 340 - CREDIMEX<\/title>\n<meta name=\"description\" content=\"DOWSIL 340 est un compos\u00e9 thermoconducteur \u00e0 base de silicone permettant le couplage thermique des dispositifs \u00e9lectriques et \u00e9lectroniques aux dissipateurs thermiques.\" \/>\n<meta name=\"robots\" content=\"index, follow, max-snippet:-1, max-image-preview:large, max-video-preview:-1\" \/>\n<link rel=\"canonical\" href=\"https:\/\/www.credimex.ch\/fr\/produit\/dowsil-340-3\/\" \/>\n<meta property=\"og:locale\" content=\"fr_FR\" \/>\n<meta property=\"og:type\" content=\"article\" \/>\n<meta property=\"og:title\" content=\"DOWSIL 340\" \/>\n<meta property=\"og:description\" content=\"DOWSIL 340 est un compos\u00e9 thermoconducteur \u00e0 base de silicone permettant le couplage thermique des dispositifs \u00e9lectriques et \u00e9lectroniques aux dissipateurs thermiques.\" \/>\n<meta property=\"og:url\" content=\"https:\/\/www.credimex.ch\/fr\/produit\/dowsil-340-3\/\" \/>\n<meta property=\"og:site_name\" content=\"CREDIMEX\" \/>\n<meta property=\"article:publisher\" content=\"https:\/\/www.facebook.com\/credimex.alpnach\/\" \/>\n<meta property=\"og:image\" content=\"https:\/\/www.credimex.ch\/wp-content\/uploads\/2022\/06\/dow7160340b.jpeg\" \/>\n\t<meta property=\"og:image:width\" content=\"854\" \/>\n\t<meta property=\"og:image:height\" content=\"854\" \/>\n\t<meta property=\"og:image:type\" content=\"image\/jpeg\" \/>\n<meta name=\"twitter:card\" content=\"summary_large_image\" \/>\n<script type=\"application\/ld+json\" class=\"yoast-schema-graph\">{\"@context\":\"https:\\\/\\\/schema.org\",\"@graph\":[{\"@type\":\"WebPage\",\"@id\":\"https:\\\/\\\/www.credimex.ch\\\/fr\\\/produit\\\/dowsil-340-3\\\/\",\"url\":\"https:\\\/\\\/www.credimex.ch\\\/fr\\\/produit\\\/dowsil-340-3\\\/\",\"name\":\"DOWSIL 340 - CREDIMEX\",\"isPartOf\":{\"@id\":\"https:\\\/\\\/www.credimex.ch\\\/fr\\\/#website\"},\"primaryImageOfPage\":{\"@id\":\"https:\\\/\\\/www.credimex.ch\\\/fr\\\/produit\\\/dowsil-340-3\\\/#primaryimage\"},\"image\":{\"@id\":\"https:\\\/\\\/www.credimex.ch\\\/fr\\\/produit\\\/dowsil-340-3\\\/#primaryimage\"},\"thumbnailUrl\":\"https:\\\/\\\/www.credimex.ch\\\/wp-content\\\/uploads\\\/2022\\\/06\\\/dow7160340b.jpeg\",\"datePublished\":\"2022-06-07T07:36:32+00:00\",\"description\":\"DOWSIL 340 est un compos\u00e9 thermoconducteur \u00e0 base de silicone permettant le couplage thermique des dispositifs \u00e9lectriques et \u00e9lectroniques aux dissipateurs thermiques.\",\"breadcrumb\":{\"@id\":\"https:\\\/\\\/www.credimex.ch\\\/fr\\\/produit\\\/dowsil-340-3\\\/#breadcrumb\"},\"inLanguage\":\"fr-FR\",\"potentialAction\":[{\"@type\":\"ReadAction\",\"target\":[\"https:\\\/\\\/www.credimex.ch\\\/fr\\\/produit\\\/dowsil-340-3\\\/\"]}]},{\"@type\":\"ImageObject\",\"inLanguage\":\"fr-FR\",\"@id\":\"https:\\\/\\\/www.credimex.ch\\\/fr\\\/produit\\\/dowsil-340-3\\\/#primaryimage\",\"url\":\"https:\\\/\\\/www.credimex.ch\\\/wp-content\\\/uploads\\\/2022\\\/06\\\/dow7160340b.jpeg\",\"contentUrl\":\"https:\\\/\\\/www.credimex.ch\\\/wp-content\\\/uploads\\\/2022\\\/06\\\/dow7160340b.jpeg\",\"width\":854,\"height\":854},{\"@type\":\"BreadcrumbList\",\"@id\":\"https:\\\/\\\/www.credimex.ch\\\/fr\\\/produit\\\/dowsil-340-3\\\/#breadcrumb\",\"itemListElement\":[{\"@type\":\"ListItem\",\"position\":1,\"name\":\"Home\",\"item\":\"https:\\\/\\\/www.credimex.ch\\\/fr\\\/\"},{\"@type\":\"ListItem\",\"position\":2,\"name\":\"Produits\",\"item\":\"https:\\\/\\\/www.credimex.ch\\\/fr\\\/produits\\\/\"},{\"@type\":\"ListItem\",\"position\":3,\"name\":\"DOWSIL 340\"}]},{\"@type\":\"WebSite\",\"@id\":\"https:\\\/\\\/www.credimex.ch\\\/fr\\\/#website\",\"url\":\"https:\\\/\\\/www.credimex.ch\\\/fr\\\/\",\"name\":\"CREDIMEX\",\"description\":\"Partner of Swiss Industrial Market\",\"publisher\":{\"@id\":\"https:\\\/\\\/www.credimex.ch\\\/fr\\\/#organization\"},\"potentialAction\":[{\"@type\":\"SearchAction\",\"target\":{\"@type\":\"EntryPoint\",\"urlTemplate\":\"https:\\\/\\\/www.credimex.ch\\\/fr\\\/?s={search_term_string}\"},\"query-input\":{\"@type\":\"PropertyValueSpecification\",\"valueRequired\":true,\"valueName\":\"search_term_string\"}}],\"inLanguage\":\"fr-FR\"},{\"@type\":\"Organization\",\"@id\":\"https:\\\/\\\/www.credimex.ch\\\/fr\\\/#organization\",\"name\":\"credimex\",\"url\":\"https:\\\/\\\/www.credimex.ch\\\/fr\\\/\",\"logo\":{\"@type\":\"ImageObject\",\"inLanguage\":\"fr-FR\",\"@id\":\"https:\\\/\\\/www.credimex.ch\\\/fr\\\/#\\\/schema\\\/logo\\\/image\\\/\",\"url\":\"https:\\\/\\\/www.credimex.ch\\\/wp-content\\\/uploads\\\/2022\\\/03\\\/cropped-logo-credimex.png\",\"contentUrl\":\"https:\\\/\\\/www.credimex.ch\\\/wp-content\\\/uploads\\\/2022\\\/03\\\/cropped-logo-credimex.png\",\"width\":512,\"height\":512,\"caption\":\"credimex\"},\"image\":{\"@id\":\"https:\\\/\\\/www.credimex.ch\\\/fr\\\/#\\\/schema\\\/logo\\\/image\\\/\"},\"sameAs\":[\"https:\\\/\\\/www.facebook.com\\\/credimex.alpnach\\\/\",\"https:\\\/\\\/www.linkedin.com\\\/company\\\/credimex\\\/\",\"https:\\\/\\\/www.youtube.com\\\/@CREDIMEX?sub_confirmation=1\"]}]}<\/script>\n<!-- \/ Yoast SEO Premium plugin. -->","yoast_head_json":{"title":"DOWSIL 340 - CREDIMEX","description":"DOWSIL 340 est un compos\u00e9 thermoconducteur \u00e0 base de silicone permettant le couplage thermique des dispositifs \u00e9lectriques et \u00e9lectroniques aux dissipateurs thermiques.","robots":{"index":"index","follow":"follow","max-snippet":"max-snippet:-1","max-image-preview":"max-image-preview:large","max-video-preview":"max-video-preview:-1"},"canonical":"https:\/\/www.credimex.ch\/fr\/produit\/dowsil-340-3\/","og_locale":"fr_FR","og_type":"article","og_title":"DOWSIL 340","og_description":"DOWSIL 340 est un compos\u00e9 thermoconducteur \u00e0 base de silicone permettant le couplage thermique des dispositifs \u00e9lectriques et \u00e9lectroniques aux dissipateurs thermiques.","og_url":"https:\/\/www.credimex.ch\/fr\/produit\/dowsil-340-3\/","og_site_name":"CREDIMEX","article_publisher":"https:\/\/www.facebook.com\/credimex.alpnach\/","og_image":[{"width":854,"height":854,"url":"https:\/\/www.credimex.ch\/wp-content\/uploads\/2022\/06\/dow7160340b.jpeg","type":"image\/jpeg"}],"twitter_card":"summary_large_image","schema":{"@context":"https:\/\/schema.org","@graph":[{"@type":"WebPage","@id":"https:\/\/www.credimex.ch\/fr\/produit\/dowsil-340-3\/","url":"https:\/\/www.credimex.ch\/fr\/produit\/dowsil-340-3\/","name":"DOWSIL 340 - CREDIMEX","isPartOf":{"@id":"https:\/\/www.credimex.ch\/fr\/#website"},"primaryImageOfPage":{"@id":"https:\/\/www.credimex.ch\/fr\/produit\/dowsil-340-3\/#primaryimage"},"image":{"@id":"https:\/\/www.credimex.ch\/fr\/produit\/dowsil-340-3\/#primaryimage"},"thumbnailUrl":"https:\/\/www.credimex.ch\/wp-content\/uploads\/2022\/06\/dow7160340b.jpeg","datePublished":"2022-06-07T07:36:32+00:00","description":"DOWSIL 340 est un compos\u00e9 thermoconducteur \u00e0 base de silicone permettant le couplage thermique des dispositifs \u00e9lectriques et \u00e9lectroniques aux dissipateurs thermiques.","breadcrumb":{"@id":"https:\/\/www.credimex.ch\/fr\/produit\/dowsil-340-3\/#breadcrumb"},"inLanguage":"fr-FR","potentialAction":[{"@type":"ReadAction","target":["https:\/\/www.credimex.ch\/fr\/produit\/dowsil-340-3\/"]}]},{"@type":"ImageObject","inLanguage":"fr-FR","@id":"https:\/\/www.credimex.ch\/fr\/produit\/dowsil-340-3\/#primaryimage","url":"https:\/\/www.credimex.ch\/wp-content\/uploads\/2022\/06\/dow7160340b.jpeg","contentUrl":"https:\/\/www.credimex.ch\/wp-content\/uploads\/2022\/06\/dow7160340b.jpeg","width":854,"height":854},{"@type":"BreadcrumbList","@id":"https:\/\/www.credimex.ch\/fr\/produit\/dowsil-340-3\/#breadcrumb","itemListElement":[{"@type":"ListItem","position":1,"name":"Home","item":"https:\/\/www.credimex.ch\/fr\/"},{"@type":"ListItem","position":2,"name":"Produits","item":"https:\/\/www.credimex.ch\/fr\/produits\/"},{"@type":"ListItem","position":3,"name":"DOWSIL 340"}]},{"@type":"WebSite","@id":"https:\/\/www.credimex.ch\/fr\/#website","url":"https:\/\/www.credimex.ch\/fr\/","name":"CREDIMEX","description":"Partner of Swiss Industrial Market","publisher":{"@id":"https:\/\/www.credimex.ch\/fr\/#organization"},"potentialAction":[{"@type":"SearchAction","target":{"@type":"EntryPoint","urlTemplate":"https:\/\/www.credimex.ch\/fr\/?s={search_term_string}"},"query-input":{"@type":"PropertyValueSpecification","valueRequired":true,"valueName":"search_term_string"}}],"inLanguage":"fr-FR"},{"@type":"Organization","@id":"https:\/\/www.credimex.ch\/fr\/#organization","name":"credimex","url":"https:\/\/www.credimex.ch\/fr\/","logo":{"@type":"ImageObject","inLanguage":"fr-FR","@id":"https:\/\/www.credimex.ch\/fr\/#\/schema\/logo\/image\/","url":"https:\/\/www.credimex.ch\/wp-content\/uploads\/2022\/03\/cropped-logo-credimex.png","contentUrl":"https:\/\/www.credimex.ch\/wp-content\/uploads\/2022\/03\/cropped-logo-credimex.png","width":512,"height":512,"caption":"credimex"},"image":{"@id":"https:\/\/www.credimex.ch\/fr\/#\/schema\/logo\/image\/"},"sameAs":["https:\/\/www.facebook.com\/credimex.alpnach\/","https:\/\/www.linkedin.com\/company\/credimex\/","https:\/\/www.youtube.com\/@CREDIMEX?sub_confirmation=1"]}]}},"_links":{"self":[{"href":"https:\/\/www.credimex.ch\/fr\/wp-json\/wp\/v2\/product\/4165","targetHints":{"allow":["GET"]}}],"collection":[{"href":"https:\/\/www.credimex.ch\/fr\/wp-json\/wp\/v2\/product"}],"about":[{"href":"https:\/\/www.credimex.ch\/fr\/wp-json\/wp\/v2\/types\/product"}],"replies":[{"embeddable":true,"href":"https:\/\/www.credimex.ch\/fr\/wp-json\/wp\/v2\/comments?post=4165"}],"wp:featuredmedia":[{"embeddable":true,"href":"https:\/\/www.credimex.ch\/fr\/wp-json\/wp\/v2\/media\/3102"}],"wp:attachment":[{"href":"https:\/\/www.credimex.ch\/fr\/wp-json\/wp\/v2\/media?parent=4165"}],"wp:term":[{"taxonomy":"product_brand","embeddable":true,"href":"https:\/\/www.credimex.ch\/fr\/wp-json\/wp\/v2\/product_brand?post=4165"},{"taxonomy":"product_cat","embeddable":true,"href":"https:\/\/www.credimex.ch\/fr\/wp-json\/wp\/v2\/product_cat?post=4165"},{"taxonomy":"product_tag","embeddable":true,"href":"https:\/\/www.credimex.ch\/fr\/wp-json\/wp\/v2\/product_tag?post=4165"}],"curies":[{"name":"wp","href":"https:\/\/api.w.org\/{rel}","templated":true}]}}