{"id":4169,"date":"2022-06-03T11:40:16","date_gmt":"2022-06-03T09:40:16","guid":{"rendered":"https:\/\/www.credimex.ch.mialias.net\/product\/dowsil-184-sylgard\/"},"modified":"2022-06-03T11:40:16","modified_gmt":"2022-06-03T09:40:16","slug":"dowsil-184-sylgard-2","status":"publish","type":"product","link":"https:\/\/www.credimex.ch\/fr\/produit\/dowsil-184-sylgard-2\/","title":{"rendered":"DOWSIL 184 Sylgard"},"content":{"rendered":"<h2>Description<\/h2>\n<p>Le Dowsil 184 Sylgard Silicone est fourni sous forme de kit de composants liquides en deux parties. Il est transparent et pr\u00e9sente une bonne r\u00e9sistance \u00e0 la flamme. Lorsque les composants liquides sont soigneusement m\u00e9lang\u00e9s, le m\u00e9lange durcit en un \u00e9lastom\u00e8re flexible, qui convient parfaitement \u00e0 la protection des applications \u00e9lectriques\/\u00e9lectroniques. Les encapsulants silicon\u00e9s Dowsil durcissent sans exothermie \u00e0 une vitesse constante quelle que soit l&rsquo;\u00e9paisseur de la section ou le degr\u00e9 de confinement. Il ne n\u00e9cessite pas de post-cure et peut \u00eatre mis en service imm\u00e9diatement apr\u00e8s la fin du programme de cure.<\/p>\n<p>Les encapsulants silicon\u00e9s standard n\u00e9cessitent un traitement de surface avec un primaire en plus d&rsquo;un bon nettoyage pour l&rsquo;adh\u00e9sion alors que les encapsulants silicon\u00e9s sans primaire<br \/>\nn\u00e9cessitent un seul bon nettoyage.<\/p>\n<h2>Avantages du produit<\/h2>\n<ul>\n<li>Coulant<\/li>\n<li>Temp\u00e9rature ambiante et thermodurcissement<\/li>\n<li>Bonnes propri\u00e9t\u00e9s di\u00e9lectriques<\/li>\n<li>Traitement rapide, polyvalent et contr\u00f4l\u00e9 par la temp\u00e9rature<\/li>\n<li>La haute transparence permet une inspection facile des composants<br \/>\n<h2>Application<\/h2>\n<\/li>\n<li>Applications g\u00e9n\u00e9rales d&rsquo;enrobage<\/li>\n<li>Alimentation \u00e9lectrique<\/li>\n<li>Connecteurs<\/li>\n<li>Capteurs<\/li>\n<li>Contr\u00f4les industriels<\/li>\n<li>Transformers<\/li>\n<li>Amplificateurs<\/li>\n<li>Packs de r\u00e9sistances haute tension<\/li>\n<li>Relais<\/li>\n<li>Adh\u00e9sif\/encapsulant pour les cellules solaires<\/li>\n<li>Manipulation de l&rsquo;adh\u00e9sif pour les circuits int\u00e9gr\u00e9s plomb\u00e9s par faisceau pendant le traitement<\/li>\n<\/ul>\n","protected":false},"excerpt":{"rendered":"<p>L&rsquo;encapsulant silicone <strong>Dowsil 184 Sylgard<\/strong> polym\u00e9rise sans exothermie \u00e0 une vitesse constante quelle que soit l&rsquo;\u00e9paisseur de la section ou le degr\u00e9 de confinement.<\/p>\n","protected":false},"featured_media":3098,"comment_status":"open","ping_status":"closed","template":"","meta":{"_acf_changed":false},"product_brand":[],"product_cat":[452,526,340,413,511,376,411,384,375,360,412],"product_tag":[],"class_list":{"0":"post-4169","1":"product","2":"type-product","3":"status-publish","4":"has-post-thumbnail","6":"product_cat-adhesifs-et-mastics","7":"product_cat-adhesifs-silicone","8":"product_cat-automobile","9":"product_cat-batteries","10":"product_cat-dowsil","11":"product_cat-e-mobilite","12":"product_cat-electronique","13":"product_cat-energie","14":"product_cat-ferroviaire","15":"product_cat-industrie-generale","16":"product_cat-telepheriques","17":"pa_brands-dowsil-fr","19":"first","20":"instock","21":"shipping-taxable","22":"product-type-simple"},"acf":[],"_yoast_wpseo_focuskw":"Dowsil 184 Sylgard","_yoast_wpseo_metadesc":"L'encapsulant silicone Dowsil 184 Sylgard polym\u00e9rise sans exothermie \u00e0 une vitesse constante quelle que soit l'\u00e9paisseur de la section ou le degr\u00e9 de confinement.","yoast_head":"<!-- This site is optimized with the Yoast SEO Premium plugin v21.6 (Yoast SEO v27.4) - https:\/\/yoast.com\/product\/yoast-seo-premium-wordpress\/ -->\n<title>DOWSIL 184 Sylgard - CREDIMEX<\/title>\n<meta name=\"description\" content=\"L&#039;encapsulant silicone Dowsil 184 Sylgard polym\u00e9rise sans exothermie \u00e0 une vitesse constante quelle que soit l&#039;\u00e9paisseur de la section ou le degr\u00e9 de confinement.\" \/>\n<meta name=\"robots\" content=\"index, follow, max-snippet:-1, max-image-preview:large, max-video-preview:-1\" \/>\n<link rel=\"canonical\" href=\"https:\/\/www.credimex.ch\/fr\/produit\/dowsil-184-sylgard-2\/\" \/>\n<meta property=\"og:locale\" content=\"fr_FR\" \/>\n<meta property=\"og:type\" content=\"article\" \/>\n<meta property=\"og:title\" content=\"DOWSIL 184 Sylgard\" \/>\n<meta property=\"og:description\" content=\"L&#039;encapsulant silicone Dowsil 184 Sylgard polym\u00e9rise sans exothermie \u00e0 une vitesse constante quelle que soit l&#039;\u00e9paisseur de la section ou le degr\u00e9 de confinement.\" \/>\n<meta property=\"og:url\" content=\"https:\/\/www.credimex.ch\/fr\/produit\/dowsil-184-sylgard-2\/\" \/>\n<meta property=\"og:site_name\" content=\"CREDIMEX\" \/>\n<meta property=\"article:publisher\" content=\"https:\/\/www.facebook.com\/credimex.alpnach\/\" \/>\n<meta property=\"og:image\" content=\"https:\/\/www.credimex.ch\/wp-content\/uploads\/2022\/06\/credimex-8.png\" \/>\n\t<meta property=\"og:image:width\" content=\"800\" \/>\n\t<meta property=\"og:image:height\" content=\"800\" \/>\n\t<meta property=\"og:image:type\" content=\"image\/png\" \/>\n<meta name=\"twitter:card\" content=\"summary_large_image\" \/>\n<meta name=\"twitter:label1\" content=\"Dur\u00e9e de lecture estim\u00e9e\" \/>\n\t<meta name=\"twitter:data1\" content=\"1 minute\" \/>\n<script type=\"application\/ld+json\" class=\"yoast-schema-graph\">{\"@context\":\"https:\\\/\\\/schema.org\",\"@graph\":[{\"@type\":\"WebPage\",\"@id\":\"https:\\\/\\\/www.credimex.ch\\\/fr\\\/produit\\\/dowsil-184-sylgard-2\\\/\",\"url\":\"https:\\\/\\\/www.credimex.ch\\\/fr\\\/produit\\\/dowsil-184-sylgard-2\\\/\",\"name\":\"DOWSIL 184 Sylgard - CREDIMEX\",\"isPartOf\":{\"@id\":\"https:\\\/\\\/www.credimex.ch\\\/fr\\\/#website\"},\"primaryImageOfPage\":{\"@id\":\"https:\\\/\\\/www.credimex.ch\\\/fr\\\/produit\\\/dowsil-184-sylgard-2\\\/#primaryimage\"},\"image\":{\"@id\":\"https:\\\/\\\/www.credimex.ch\\\/fr\\\/produit\\\/dowsil-184-sylgard-2\\\/#primaryimage\"},\"thumbnailUrl\":\"https:\\\/\\\/www.credimex.ch\\\/wp-content\\\/uploads\\\/2022\\\/06\\\/credimex-8.png\",\"datePublished\":\"2022-06-03T09:40:16+00:00\",\"description\":\"L'encapsulant silicone Dowsil 184 Sylgard polym\u00e9rise sans exothermie \u00e0 une vitesse constante quelle que soit l'\u00e9paisseur de la section ou le degr\u00e9 de confinement.\",\"breadcrumb\":{\"@id\":\"https:\\\/\\\/www.credimex.ch\\\/fr\\\/produit\\\/dowsil-184-sylgard-2\\\/#breadcrumb\"},\"inLanguage\":\"fr-FR\",\"potentialAction\":[{\"@type\":\"ReadAction\",\"target\":[\"https:\\\/\\\/www.credimex.ch\\\/fr\\\/produit\\\/dowsil-184-sylgard-2\\\/\"]}]},{\"@type\":\"ImageObject\",\"inLanguage\":\"fr-FR\",\"@id\":\"https:\\\/\\\/www.credimex.ch\\\/fr\\\/produit\\\/dowsil-184-sylgard-2\\\/#primaryimage\",\"url\":\"https:\\\/\\\/www.credimex.ch\\\/wp-content\\\/uploads\\\/2022\\\/06\\\/credimex-8.png\",\"contentUrl\":\"https:\\\/\\\/www.credimex.ch\\\/wp-content\\\/uploads\\\/2022\\\/06\\\/credimex-8.png\",\"width\":800,\"height\":800},{\"@type\":\"BreadcrumbList\",\"@id\":\"https:\\\/\\\/www.credimex.ch\\\/fr\\\/produit\\\/dowsil-184-sylgard-2\\\/#breadcrumb\",\"itemListElement\":[{\"@type\":\"ListItem\",\"position\":1,\"name\":\"Home\",\"item\":\"https:\\\/\\\/www.credimex.ch\\\/fr\\\/\"},{\"@type\":\"ListItem\",\"position\":2,\"name\":\"Produits\",\"item\":\"https:\\\/\\\/www.credimex.ch\\\/fr\\\/produits\\\/\"},{\"@type\":\"ListItem\",\"position\":3,\"name\":\"DOWSIL 184 Sylgard\"}]},{\"@type\":\"WebSite\",\"@id\":\"https:\\\/\\\/www.credimex.ch\\\/fr\\\/#website\",\"url\":\"https:\\\/\\\/www.credimex.ch\\\/fr\\\/\",\"name\":\"CREDIMEX\",\"description\":\"Partner of Swiss Industrial Market\",\"publisher\":{\"@id\":\"https:\\\/\\\/www.credimex.ch\\\/fr\\\/#organization\"},\"potentialAction\":[{\"@type\":\"SearchAction\",\"target\":{\"@type\":\"EntryPoint\",\"urlTemplate\":\"https:\\\/\\\/www.credimex.ch\\\/fr\\\/?s={search_term_string}\"},\"query-input\":{\"@type\":\"PropertyValueSpecification\",\"valueRequired\":true,\"valueName\":\"search_term_string\"}}],\"inLanguage\":\"fr-FR\"},{\"@type\":\"Organization\",\"@id\":\"https:\\\/\\\/www.credimex.ch\\\/fr\\\/#organization\",\"name\":\"credimex\",\"url\":\"https:\\\/\\\/www.credimex.ch\\\/fr\\\/\",\"logo\":{\"@type\":\"ImageObject\",\"inLanguage\":\"fr-FR\",\"@id\":\"https:\\\/\\\/www.credimex.ch\\\/fr\\\/#\\\/schema\\\/logo\\\/image\\\/\",\"url\":\"https:\\\/\\\/www.credimex.ch\\\/wp-content\\\/uploads\\\/2022\\\/03\\\/cropped-logo-credimex.png\",\"contentUrl\":\"https:\\\/\\\/www.credimex.ch\\\/wp-content\\\/uploads\\\/2022\\\/03\\\/cropped-logo-credimex.png\",\"width\":512,\"height\":512,\"caption\":\"credimex\"},\"image\":{\"@id\":\"https:\\\/\\\/www.credimex.ch\\\/fr\\\/#\\\/schema\\\/logo\\\/image\\\/\"},\"sameAs\":[\"https:\\\/\\\/www.facebook.com\\\/credimex.alpnach\\\/\",\"https:\\\/\\\/www.linkedin.com\\\/company\\\/credimex\\\/\",\"https:\\\/\\\/www.youtube.com\\\/@CREDIMEX?sub_confirmation=1\"]}]}<\/script>\n<!-- \/ Yoast SEO Premium plugin. -->","yoast_head_json":{"title":"DOWSIL 184 Sylgard - CREDIMEX","description":"L'encapsulant silicone Dowsil 184 Sylgard polym\u00e9rise sans exothermie \u00e0 une vitesse constante quelle que soit l'\u00e9paisseur de la section ou le degr\u00e9 de confinement.","robots":{"index":"index","follow":"follow","max-snippet":"max-snippet:-1","max-image-preview":"max-image-preview:large","max-video-preview":"max-video-preview:-1"},"canonical":"https:\/\/www.credimex.ch\/fr\/produit\/dowsil-184-sylgard-2\/","og_locale":"fr_FR","og_type":"article","og_title":"DOWSIL 184 Sylgard","og_description":"L'encapsulant silicone Dowsil 184 Sylgard polym\u00e9rise sans exothermie \u00e0 une vitesse constante quelle que soit l'\u00e9paisseur de la section ou le degr\u00e9 de confinement.","og_url":"https:\/\/www.credimex.ch\/fr\/produit\/dowsil-184-sylgard-2\/","og_site_name":"CREDIMEX","article_publisher":"https:\/\/www.facebook.com\/credimex.alpnach\/","og_image":[{"width":800,"height":800,"url":"https:\/\/www.credimex.ch\/wp-content\/uploads\/2022\/06\/credimex-8.png","type":"image\/png"}],"twitter_card":"summary_large_image","twitter_misc":{"Dur\u00e9e de lecture estim\u00e9e":"1 minute"},"schema":{"@context":"https:\/\/schema.org","@graph":[{"@type":"WebPage","@id":"https:\/\/www.credimex.ch\/fr\/produit\/dowsil-184-sylgard-2\/","url":"https:\/\/www.credimex.ch\/fr\/produit\/dowsil-184-sylgard-2\/","name":"DOWSIL 184 Sylgard - CREDIMEX","isPartOf":{"@id":"https:\/\/www.credimex.ch\/fr\/#website"},"primaryImageOfPage":{"@id":"https:\/\/www.credimex.ch\/fr\/produit\/dowsil-184-sylgard-2\/#primaryimage"},"image":{"@id":"https:\/\/www.credimex.ch\/fr\/produit\/dowsil-184-sylgard-2\/#primaryimage"},"thumbnailUrl":"https:\/\/www.credimex.ch\/wp-content\/uploads\/2022\/06\/credimex-8.png","datePublished":"2022-06-03T09:40:16+00:00","description":"L'encapsulant silicone Dowsil 184 Sylgard polym\u00e9rise sans exothermie \u00e0 une vitesse constante quelle que soit l'\u00e9paisseur de la section ou le degr\u00e9 de confinement.","breadcrumb":{"@id":"https:\/\/www.credimex.ch\/fr\/produit\/dowsil-184-sylgard-2\/#breadcrumb"},"inLanguage":"fr-FR","potentialAction":[{"@type":"ReadAction","target":["https:\/\/www.credimex.ch\/fr\/produit\/dowsil-184-sylgard-2\/"]}]},{"@type":"ImageObject","inLanguage":"fr-FR","@id":"https:\/\/www.credimex.ch\/fr\/produit\/dowsil-184-sylgard-2\/#primaryimage","url":"https:\/\/www.credimex.ch\/wp-content\/uploads\/2022\/06\/credimex-8.png","contentUrl":"https:\/\/www.credimex.ch\/wp-content\/uploads\/2022\/06\/credimex-8.png","width":800,"height":800},{"@type":"BreadcrumbList","@id":"https:\/\/www.credimex.ch\/fr\/produit\/dowsil-184-sylgard-2\/#breadcrumb","itemListElement":[{"@type":"ListItem","position":1,"name":"Home","item":"https:\/\/www.credimex.ch\/fr\/"},{"@type":"ListItem","position":2,"name":"Produits","item":"https:\/\/www.credimex.ch\/fr\/produits\/"},{"@type":"ListItem","position":3,"name":"DOWSIL 184 Sylgard"}]},{"@type":"WebSite","@id":"https:\/\/www.credimex.ch\/fr\/#website","url":"https:\/\/www.credimex.ch\/fr\/","name":"CREDIMEX","description":"Partner of Swiss Industrial Market","publisher":{"@id":"https:\/\/www.credimex.ch\/fr\/#organization"},"potentialAction":[{"@type":"SearchAction","target":{"@type":"EntryPoint","urlTemplate":"https:\/\/www.credimex.ch\/fr\/?s={search_term_string}"},"query-input":{"@type":"PropertyValueSpecification","valueRequired":true,"valueName":"search_term_string"}}],"inLanguage":"fr-FR"},{"@type":"Organization","@id":"https:\/\/www.credimex.ch\/fr\/#organization","name":"credimex","url":"https:\/\/www.credimex.ch\/fr\/","logo":{"@type":"ImageObject","inLanguage":"fr-FR","@id":"https:\/\/www.credimex.ch\/fr\/#\/schema\/logo\/image\/","url":"https:\/\/www.credimex.ch\/wp-content\/uploads\/2022\/03\/cropped-logo-credimex.png","contentUrl":"https:\/\/www.credimex.ch\/wp-content\/uploads\/2022\/03\/cropped-logo-credimex.png","width":512,"height":512,"caption":"credimex"},"image":{"@id":"https:\/\/www.credimex.ch\/fr\/#\/schema\/logo\/image\/"},"sameAs":["https:\/\/www.facebook.com\/credimex.alpnach\/","https:\/\/www.linkedin.com\/company\/credimex\/","https:\/\/www.youtube.com\/@CREDIMEX?sub_confirmation=1"]}]}},"_links":{"self":[{"href":"https:\/\/www.credimex.ch\/fr\/wp-json\/wp\/v2\/product\/4169","targetHints":{"allow":["GET"]}}],"collection":[{"href":"https:\/\/www.credimex.ch\/fr\/wp-json\/wp\/v2\/product"}],"about":[{"href":"https:\/\/www.credimex.ch\/fr\/wp-json\/wp\/v2\/types\/product"}],"replies":[{"embeddable":true,"href":"https:\/\/www.credimex.ch\/fr\/wp-json\/wp\/v2\/comments?post=4169"}],"wp:featuredmedia":[{"embeddable":true,"href":"https:\/\/www.credimex.ch\/fr\/wp-json\/wp\/v2\/media\/3098"}],"wp:attachment":[{"href":"https:\/\/www.credimex.ch\/fr\/wp-json\/wp\/v2\/media?parent=4169"}],"wp:term":[{"taxonomy":"product_brand","embeddable":true,"href":"https:\/\/www.credimex.ch\/fr\/wp-json\/wp\/v2\/product_brand?post=4169"},{"taxonomy":"product_cat","embeddable":true,"href":"https:\/\/www.credimex.ch\/fr\/wp-json\/wp\/v2\/product_cat?post=4169"},{"taxonomy":"product_tag","embeddable":true,"href":"https:\/\/www.credimex.ch\/fr\/wp-json\/wp\/v2\/product_tag?post=4169"}],"curies":[{"name":"wp","href":"https:\/\/api.w.org\/{rel}","templated":true}]}}