{"id":4171,"date":"2022-06-03T11:15:49","date_gmt":"2022-06-03T09:15:49","guid":{"rendered":"https:\/\/www.credimex.ch.mialias.net\/product\/dowsil-1-2577\/"},"modified":"2022-06-03T11:15:49","modified_gmt":"2022-06-03T09:15:49","slug":"dowsil-1-2577-2","status":"publish","type":"product","link":"https:\/\/www.credimex.ch\/fr\/produit\/dowsil-1-2577-2\/","title":{"rendered":"DOWSIL 1-2577"},"content":{"rendered":"<h2>Description<\/h2>\n<p>&nbsp;<\/p>\n<p>Le rev\u00eatement conforme Dowsil 1-2577 est disponible dans des conteneurs industriels standard. Le nom g\u00e9n\u00e9rique de ce produit est silicone dans un solvant. Il s&rsquo;agit d&rsquo;une r\u00e9sine de silicone \u00e9lastoplastique, transparente, \u00e0 un seul composant, en phase solvant, de viscosit\u00e9 faible \u00e0 moyenne et poss\u00e9dant d&rsquo;excellentes propri\u00e9t\u00e9s di\u00e9lectriques. Il contient \u00e9galement un indicateur UV et devient donc fluorescent sous la lumi\u00e8re UV ; sa couverture est donc tra\u00e7able. Le produit Dow Corning 1-2577 offre \u00e0 la fois une option de polym\u00e9risation \u00e0 base de RTV et une option de polym\u00e9risation par chaleur vive. L&rsquo;utilisation de ce produit permet d&rsquo;obtenir une surface dure et r\u00e9sistante \u00e0 l&rsquo;abrasion.<\/p>\n<h2>Avantages du produit<\/h2>\n<ul>\n<li>Forme une surface dure, r\u00e9siliente et r\u00e9sistante \u00e0 l&rsquo;abrasion.<\/li>\n<li>Rev\u00eatement en r\u00e9sine \u00e0 base de solvant<\/li>\n<li>R\u00e9ticulation \u00e0 temp\u00e9rature ambiante avec possibilit\u00e9 d&rsquo;acc\u00e9l\u00e9ration de la chaleur apr\u00e8s l&rsquo;\u00e9vaporation du solvant.<\/li>\n<li>Indicateur UV pour l&rsquo;inspection<\/li>\n<li>Indice d&rsquo;inflammabilit\u00e9 UL V-0<\/li>\n<li>Test\u00e9 par Mil Spec 46058C et IPCCC-830B<\/li>\n<\/ul>\n<h2>Application<\/h2>\n<p>Convient pour une utilisation sur des cartes de circuits imprim\u00e9s flexibles ou rigides et des applications de cartes de c\u00e2blage imprim\u00e9es (PWB).<\/p>\n","protected":false},"excerpt":{"rendered":"<p>Le rev\u00eatement RTV <strong>Dowsil 1-2577<\/strong> est un rev\u00eatement conforme \u00e0 1 composant, transparent, de viscosit\u00e9 moyenne, avec une surface ferme et r\u00e9sistante \u00e0 l&rsquo;abrasion apr\u00e8s durcissement.<\/p>\n","protected":false},"featured_media":3096,"comment_status":"open","ping_status":"closed","template":"","meta":{"_acf_changed":false},"product_brand":[],"product_cat":[452,526,340,413,511,376,411,384,375,360,412],"product_tag":[],"class_list":{"0":"post-4171","1":"product","2":"type-product","3":"status-publish","4":"has-post-thumbnail","6":"product_cat-adhesifs-et-mastics","7":"product_cat-adhesifs-silicone","8":"product_cat-automobile","9":"product_cat-batteries","10":"product_cat-dowsil","11":"product_cat-e-mobilite","12":"product_cat-electronique","13":"product_cat-energie","14":"product_cat-ferroviaire","15":"product_cat-industrie-generale","16":"product_cat-telepheriques","17":"pa_brands-dowsil-fr","19":"first","20":"instock","21":"shipping-taxable","22":"product-type-simple"},"acf":[],"_yoast_wpseo_focuskw":"Dowsil 1-2577","_yoast_wpseo_metadesc":"Le rev\u00eatement RTV Dowsil 1-2577 est un rev\u00eatement conforme \u00e0 1 composant, transparent, de viscosit\u00e9 moyenne, avec une surface ferme et r\u00e9sistante \u00e0 l'abrasion apr\u00e8s durcissement.","yoast_head":"<!-- This site is optimized with the Yoast SEO Premium plugin v21.6 (Yoast SEO v27.4) - https:\/\/yoast.com\/product\/yoast-seo-premium-wordpress\/ -->\n<title>DOWSIL 1-2577 - CREDIMEX<\/title>\n<meta name=\"description\" content=\"Le rev\u00eatement RTV Dowsil 1-2577 est un rev\u00eatement conforme \u00e0 1 composant, transparent, de viscosit\u00e9 moyenne, avec une surface ferme et r\u00e9sistante \u00e0 l&#039;abrasion apr\u00e8s durcissement.\" \/>\n<meta name=\"robots\" content=\"index, follow, max-snippet:-1, max-image-preview:large, max-video-preview:-1\" \/>\n<link rel=\"canonical\" href=\"https:\/\/www.credimex.ch\/fr\/produit\/dowsil-1-2577-2\/\" \/>\n<meta property=\"og:locale\" content=\"fr_FR\" \/>\n<meta property=\"og:type\" content=\"article\" \/>\n<meta property=\"og:title\" content=\"DOWSIL 1-2577\" \/>\n<meta property=\"og:description\" content=\"Le rev\u00eatement RTV Dowsil 1-2577 est un rev\u00eatement conforme \u00e0 1 composant, transparent, de viscosit\u00e9 moyenne, avec une surface ferme et r\u00e9sistante \u00e0 l&#039;abrasion apr\u00e8s durcissement.\" \/>\n<meta property=\"og:url\" content=\"https:\/\/www.credimex.ch\/fr\/produit\/dowsil-1-2577-2\/\" \/>\n<meta property=\"og:site_name\" content=\"CREDIMEX\" \/>\n<meta property=\"article:publisher\" content=\"https:\/\/www.facebook.com\/credimex.alpnach\/\" \/>\n<meta property=\"og:image\" content=\"https:\/\/www.credimex.ch\/wp-content\/uploads\/2022\/06\/Dow_Corning_Variant_Image_Can-1.png\" \/>\n\t<meta property=\"og:image:width\" content=\"400\" \/>\n\t<meta property=\"og:image:height\" content=\"400\" \/>\n\t<meta property=\"og:image:type\" content=\"image\/png\" \/>\n<meta name=\"twitter:card\" content=\"summary_large_image\" \/>\n<meta name=\"twitter:label1\" content=\"Dur\u00e9e de lecture estim\u00e9e\" \/>\n\t<meta name=\"twitter:data1\" content=\"1 minute\" \/>\n<script type=\"application\/ld+json\" class=\"yoast-schema-graph\">{\"@context\":\"https:\\\/\\\/schema.org\",\"@graph\":[{\"@type\":\"WebPage\",\"@id\":\"https:\\\/\\\/www.credimex.ch\\\/fr\\\/produit\\\/dowsil-1-2577-2\\\/\",\"url\":\"https:\\\/\\\/www.credimex.ch\\\/fr\\\/produit\\\/dowsil-1-2577-2\\\/\",\"name\":\"DOWSIL 1-2577 - CREDIMEX\",\"isPartOf\":{\"@id\":\"https:\\\/\\\/www.credimex.ch\\\/fr\\\/#website\"},\"primaryImageOfPage\":{\"@id\":\"https:\\\/\\\/www.credimex.ch\\\/fr\\\/produit\\\/dowsil-1-2577-2\\\/#primaryimage\"},\"image\":{\"@id\":\"https:\\\/\\\/www.credimex.ch\\\/fr\\\/produit\\\/dowsil-1-2577-2\\\/#primaryimage\"},\"thumbnailUrl\":\"https:\\\/\\\/www.credimex.ch\\\/wp-content\\\/uploads\\\/2022\\\/06\\\/Dow_Corning_Variant_Image_Can-1.png\",\"datePublished\":\"2022-06-03T09:15:49+00:00\",\"description\":\"Le rev\u00eatement RTV Dowsil 1-2577 est un rev\u00eatement conforme \u00e0 1 composant, transparent, de viscosit\u00e9 moyenne, avec une surface ferme et r\u00e9sistante \u00e0 l'abrasion apr\u00e8s durcissement.\",\"breadcrumb\":{\"@id\":\"https:\\\/\\\/www.credimex.ch\\\/fr\\\/produit\\\/dowsil-1-2577-2\\\/#breadcrumb\"},\"inLanguage\":\"fr-FR\",\"potentialAction\":[{\"@type\":\"ReadAction\",\"target\":[\"https:\\\/\\\/www.credimex.ch\\\/fr\\\/produit\\\/dowsil-1-2577-2\\\/\"]}]},{\"@type\":\"ImageObject\",\"inLanguage\":\"fr-FR\",\"@id\":\"https:\\\/\\\/www.credimex.ch\\\/fr\\\/produit\\\/dowsil-1-2577-2\\\/#primaryimage\",\"url\":\"https:\\\/\\\/www.credimex.ch\\\/wp-content\\\/uploads\\\/2022\\\/06\\\/Dow_Corning_Variant_Image_Can-1.png\",\"contentUrl\":\"https:\\\/\\\/www.credimex.ch\\\/wp-content\\\/uploads\\\/2022\\\/06\\\/Dow_Corning_Variant_Image_Can-1.png\",\"width\":400,\"height\":400},{\"@type\":\"BreadcrumbList\",\"@id\":\"https:\\\/\\\/www.credimex.ch\\\/fr\\\/produit\\\/dowsil-1-2577-2\\\/#breadcrumb\",\"itemListElement\":[{\"@type\":\"ListItem\",\"position\":1,\"name\":\"Home\",\"item\":\"https:\\\/\\\/www.credimex.ch\\\/fr\\\/\"},{\"@type\":\"ListItem\",\"position\":2,\"name\":\"Produits\",\"item\":\"https:\\\/\\\/www.credimex.ch\\\/fr\\\/produits\\\/\"},{\"@type\":\"ListItem\",\"position\":3,\"name\":\"DOWSIL 1-2577\"}]},{\"@type\":\"WebSite\",\"@id\":\"https:\\\/\\\/www.credimex.ch\\\/fr\\\/#website\",\"url\":\"https:\\\/\\\/www.credimex.ch\\\/fr\\\/\",\"name\":\"CREDIMEX\",\"description\":\"Partner of Swiss Industrial Market\",\"publisher\":{\"@id\":\"https:\\\/\\\/www.credimex.ch\\\/fr\\\/#organization\"},\"potentialAction\":[{\"@type\":\"SearchAction\",\"target\":{\"@type\":\"EntryPoint\",\"urlTemplate\":\"https:\\\/\\\/www.credimex.ch\\\/fr\\\/?s={search_term_string}\"},\"query-input\":{\"@type\":\"PropertyValueSpecification\",\"valueRequired\":true,\"valueName\":\"search_term_string\"}}],\"inLanguage\":\"fr-FR\"},{\"@type\":\"Organization\",\"@id\":\"https:\\\/\\\/www.credimex.ch\\\/fr\\\/#organization\",\"name\":\"credimex\",\"url\":\"https:\\\/\\\/www.credimex.ch\\\/fr\\\/\",\"logo\":{\"@type\":\"ImageObject\",\"inLanguage\":\"fr-FR\",\"@id\":\"https:\\\/\\\/www.credimex.ch\\\/fr\\\/#\\\/schema\\\/logo\\\/image\\\/\",\"url\":\"https:\\\/\\\/www.credimex.ch\\\/wp-content\\\/uploads\\\/2022\\\/03\\\/cropped-logo-credimex.png\",\"contentUrl\":\"https:\\\/\\\/www.credimex.ch\\\/wp-content\\\/uploads\\\/2022\\\/03\\\/cropped-logo-credimex.png\",\"width\":512,\"height\":512,\"caption\":\"credimex\"},\"image\":{\"@id\":\"https:\\\/\\\/www.credimex.ch\\\/fr\\\/#\\\/schema\\\/logo\\\/image\\\/\"},\"sameAs\":[\"https:\\\/\\\/www.facebook.com\\\/credimex.alpnach\\\/\",\"https:\\\/\\\/www.linkedin.com\\\/company\\\/credimex\\\/\",\"https:\\\/\\\/www.youtube.com\\\/@CREDIMEX?sub_confirmation=1\"]}]}<\/script>\n<!-- \/ Yoast SEO Premium plugin. -->","yoast_head_json":{"title":"DOWSIL 1-2577 - CREDIMEX","description":"Le rev\u00eatement RTV Dowsil 1-2577 est un rev\u00eatement conforme \u00e0 1 composant, transparent, de viscosit\u00e9 moyenne, avec une surface ferme et r\u00e9sistante \u00e0 l'abrasion apr\u00e8s durcissement.","robots":{"index":"index","follow":"follow","max-snippet":"max-snippet:-1","max-image-preview":"max-image-preview:large","max-video-preview":"max-video-preview:-1"},"canonical":"https:\/\/www.credimex.ch\/fr\/produit\/dowsil-1-2577-2\/","og_locale":"fr_FR","og_type":"article","og_title":"DOWSIL 1-2577","og_description":"Le rev\u00eatement RTV Dowsil 1-2577 est un rev\u00eatement conforme \u00e0 1 composant, transparent, de viscosit\u00e9 moyenne, avec une surface ferme et r\u00e9sistante \u00e0 l'abrasion apr\u00e8s durcissement.","og_url":"https:\/\/www.credimex.ch\/fr\/produit\/dowsil-1-2577-2\/","og_site_name":"CREDIMEX","article_publisher":"https:\/\/www.facebook.com\/credimex.alpnach\/","og_image":[{"width":400,"height":400,"url":"https:\/\/www.credimex.ch\/wp-content\/uploads\/2022\/06\/Dow_Corning_Variant_Image_Can-1.png","type":"image\/png"}],"twitter_card":"summary_large_image","twitter_misc":{"Dur\u00e9e de lecture estim\u00e9e":"1 minute"},"schema":{"@context":"https:\/\/schema.org","@graph":[{"@type":"WebPage","@id":"https:\/\/www.credimex.ch\/fr\/produit\/dowsil-1-2577-2\/","url":"https:\/\/www.credimex.ch\/fr\/produit\/dowsil-1-2577-2\/","name":"DOWSIL 1-2577 - CREDIMEX","isPartOf":{"@id":"https:\/\/www.credimex.ch\/fr\/#website"},"primaryImageOfPage":{"@id":"https:\/\/www.credimex.ch\/fr\/produit\/dowsil-1-2577-2\/#primaryimage"},"image":{"@id":"https:\/\/www.credimex.ch\/fr\/produit\/dowsil-1-2577-2\/#primaryimage"},"thumbnailUrl":"https:\/\/www.credimex.ch\/wp-content\/uploads\/2022\/06\/Dow_Corning_Variant_Image_Can-1.png","datePublished":"2022-06-03T09:15:49+00:00","description":"Le rev\u00eatement RTV Dowsil 1-2577 est un rev\u00eatement conforme \u00e0 1 composant, transparent, de viscosit\u00e9 moyenne, avec une surface ferme et r\u00e9sistante \u00e0 l'abrasion apr\u00e8s durcissement.","breadcrumb":{"@id":"https:\/\/www.credimex.ch\/fr\/produit\/dowsil-1-2577-2\/#breadcrumb"},"inLanguage":"fr-FR","potentialAction":[{"@type":"ReadAction","target":["https:\/\/www.credimex.ch\/fr\/produit\/dowsil-1-2577-2\/"]}]},{"@type":"ImageObject","inLanguage":"fr-FR","@id":"https:\/\/www.credimex.ch\/fr\/produit\/dowsil-1-2577-2\/#primaryimage","url":"https:\/\/www.credimex.ch\/wp-content\/uploads\/2022\/06\/Dow_Corning_Variant_Image_Can-1.png","contentUrl":"https:\/\/www.credimex.ch\/wp-content\/uploads\/2022\/06\/Dow_Corning_Variant_Image_Can-1.png","width":400,"height":400},{"@type":"BreadcrumbList","@id":"https:\/\/www.credimex.ch\/fr\/produit\/dowsil-1-2577-2\/#breadcrumb","itemListElement":[{"@type":"ListItem","position":1,"name":"Home","item":"https:\/\/www.credimex.ch\/fr\/"},{"@type":"ListItem","position":2,"name":"Produits","item":"https:\/\/www.credimex.ch\/fr\/produits\/"},{"@type":"ListItem","position":3,"name":"DOWSIL 1-2577"}]},{"@type":"WebSite","@id":"https:\/\/www.credimex.ch\/fr\/#website","url":"https:\/\/www.credimex.ch\/fr\/","name":"CREDIMEX","description":"Partner of Swiss Industrial Market","publisher":{"@id":"https:\/\/www.credimex.ch\/fr\/#organization"},"potentialAction":[{"@type":"SearchAction","target":{"@type":"EntryPoint","urlTemplate":"https:\/\/www.credimex.ch\/fr\/?s={search_term_string}"},"query-input":{"@type":"PropertyValueSpecification","valueRequired":true,"valueName":"search_term_string"}}],"inLanguage":"fr-FR"},{"@type":"Organization","@id":"https:\/\/www.credimex.ch\/fr\/#organization","name":"credimex","url":"https:\/\/www.credimex.ch\/fr\/","logo":{"@type":"ImageObject","inLanguage":"fr-FR","@id":"https:\/\/www.credimex.ch\/fr\/#\/schema\/logo\/image\/","url":"https:\/\/www.credimex.ch\/wp-content\/uploads\/2022\/03\/cropped-logo-credimex.png","contentUrl":"https:\/\/www.credimex.ch\/wp-content\/uploads\/2022\/03\/cropped-logo-credimex.png","width":512,"height":512,"caption":"credimex"},"image":{"@id":"https:\/\/www.credimex.ch\/fr\/#\/schema\/logo\/image\/"},"sameAs":["https:\/\/www.facebook.com\/credimex.alpnach\/","https:\/\/www.linkedin.com\/company\/credimex\/","https:\/\/www.youtube.com\/@CREDIMEX?sub_confirmation=1"]}]}},"_links":{"self":[{"href":"https:\/\/www.credimex.ch\/fr\/wp-json\/wp\/v2\/product\/4171","targetHints":{"allow":["GET"]}}],"collection":[{"href":"https:\/\/www.credimex.ch\/fr\/wp-json\/wp\/v2\/product"}],"about":[{"href":"https:\/\/www.credimex.ch\/fr\/wp-json\/wp\/v2\/types\/product"}],"replies":[{"embeddable":true,"href":"https:\/\/www.credimex.ch\/fr\/wp-json\/wp\/v2\/comments?post=4171"}],"wp:featuredmedia":[{"embeddable":true,"href":"https:\/\/www.credimex.ch\/fr\/wp-json\/wp\/v2\/media\/3096"}],"wp:attachment":[{"href":"https:\/\/www.credimex.ch\/fr\/wp-json\/wp\/v2\/media?parent=4171"}],"wp:term":[{"taxonomy":"product_brand","embeddable":true,"href":"https:\/\/www.credimex.ch\/fr\/wp-json\/wp\/v2\/product_brand?post=4171"},{"taxonomy":"product_cat","embeddable":true,"href":"https:\/\/www.credimex.ch\/fr\/wp-json\/wp\/v2\/product_cat?post=4171"},{"taxonomy":"product_tag","embeddable":true,"href":"https:\/\/www.credimex.ch\/fr\/wp-json\/wp\/v2\/product_tag?post=4171"}],"curies":[{"name":"wp","href":"https:\/\/api.w.org\/{rel}","templated":true}]}}