{"id":4173,"date":"2022-06-03T10:50:28","date_gmt":"2022-06-03T08:50:28","guid":{"rendered":"https:\/\/www.credimex.ch.mialias.net\/product\/dowsil-734\/"},"modified":"2022-06-03T10:50:28","modified_gmt":"2022-06-03T08:50:28","slug":"dowsil-734-2","status":"publish","type":"product","link":"https:\/\/www.credimex.ch\/fr\/produit\/dowsil-734-2\/","title":{"rendered":"DOWSIL 734"},"content":{"rendered":"<h2>Description<\/h2>\n<p>Dow DOWSIL\u2122 734 est un liquide silicone monocomposant qui est utilis\u00e9 pour le collage et l&rsquo;\u00e9tanch\u00e9it\u00e9 des applications industrielles qui n\u00e9cessitent un mat\u00e9riau fluide et un joint \u00e9tanche. Il offre une application facile, un syst\u00e8me de cure ac\u00e9toxy, une flexibilit\u00e9, un auto-nivellement et de bonnes propri\u00e9t\u00e9s di\u00e9lectriques.<\/p>\n<h2>Avantages du produit<\/h2>\n<ul>\n<li>Adh\u00e9sif\/scellant \u00e0 une seule partie<\/li>\n<li>Durcit \u00e0 temp\u00e9rature ambiante lorsqu&rsquo;il est expos\u00e9 \u00e0 l&rsquo;humidit\u00e9 de l&rsquo;air.<\/li>\n<li>Syst\u00e8me de traitement ac\u00e9toxy<\/li>\n<li>Coulable et auto-nivelant<\/li>\n<li>Facile \u00e0 appliquer<\/li>\n<li>Forme un caoutchouc r\u00e9sistant et flexible<\/li>\n<li>Temps de repos rapide<\/li>\n<li>Bonne adh\u00e9sion \u00e0 de nombreux substrats<\/li>\n<li>Stable et flexible de -65\u00b0C (-85\u00b0F) \u00e0 +180\u00b0C (+356\u00b0F)<\/li>\n<li>Excellentes propri\u00e9t\u00e9s di\u00e9lectriques<\/li>\n<li>Conforme \u00e0 la norme MIL-A-46106<\/li>\n<\/ul>\n<h2>Applications<\/h2>\n<ul>\n<li>Applications industrielles g\u00e9n\u00e9rales d&rsquo;\u00e9tanch\u00e9it\u00e9 et de collage n\u00e9cessitant un produit fluide.<\/li>\n<li>Particuli\u00e8rement adapt\u00e9 pour le scellement d&rsquo;assemblages avec des joints fins ainsi que pour les entr\u00e9es de c\u00e2bles et les entr\u00e9es d&rsquo;eau.<br \/>\nles connecteurs, pour s&rsquo;assurer qu&rsquo;ils restent \u00e9tanches.<\/li>\n<li>Gr\u00e2ce \u00e0 sa bonne adh\u00e9sion aux autres caoutchoucs de silicone, il convient parfaitement aux r\u00e9parations sur le terrain.<br \/>\nsur des \u00e9quipements existants o\u00f9 une partie d&rsquo;un encapsulant silicone existant a \u00e9t\u00e9<br \/>\nretir\u00e9.<\/li>\n<\/ul>\n","protected":false},"excerpt":{"rendered":"<p>Le <strong>DOWSIL 734<\/strong> est un liquide silicone monocomposant utilis\u00e9 pour le collage et l&rsquo;\u00e9tanch\u00e9it\u00e9 des applications industrielles qui n\u00e9cessitent un mat\u00e9riau fluide et un joint \u00e9tanche.<\/p>\n","protected":false},"featured_media":3094,"comment_status":"open","ping_status":"closed","template":"","meta":{"_acf_changed":false},"product_brand":[],"product_cat":[452,526,340,413,511,376,411,384,375,360,412],"product_tag":[],"class_list":{"0":"post-4173","1":"product","2":"type-product","3":"status-publish","4":"has-post-thumbnail","6":"product_cat-adhesifs-et-mastics","7":"product_cat-adhesifs-silicone","8":"product_cat-automobile","9":"product_cat-batteries","10":"product_cat-dowsil","11":"product_cat-e-mobilite","12":"product_cat-electronique","13":"product_cat-energie","14":"product_cat-ferroviaire","15":"product_cat-industrie-generale","16":"product_cat-telepheriques","17":"pa_brands-dowsil-fr","19":"first","20":"instock","21":"shipping-taxable","22":"product-type-simple"},"acf":[],"_yoast_wpseo_focuskw":"DOWSIL 734","_yoast_wpseo_metadesc":"Le DOWSIL 734 est un liquide silicone monocomposant utilis\u00e9 pour le collage et l'\u00e9tanch\u00e9it\u00e9 des applications industrielles qui n\u00e9cessitent un mat\u00e9riau fluide et un joint \u00e9tanche.","yoast_head":"<!-- This site is optimized with the Yoast SEO Premium plugin v21.6 (Yoast SEO v27.4) - https:\/\/yoast.com\/product\/yoast-seo-premium-wordpress\/ -->\n<title>DOWSIL 734 - CREDIMEX<\/title>\n<meta name=\"description\" content=\"Le DOWSIL 734 est un liquide silicone monocomposant utilis\u00e9 pour le collage et l&#039;\u00e9tanch\u00e9it\u00e9 des applications industrielles qui n\u00e9cessitent un mat\u00e9riau fluide et un joint \u00e9tanche.\" \/>\n<meta name=\"robots\" content=\"index, follow, max-snippet:-1, max-image-preview:large, max-video-preview:-1\" \/>\n<link rel=\"canonical\" href=\"https:\/\/www.credimex.ch\/fr\/produit\/dowsil-734-2\/\" \/>\n<meta property=\"og:locale\" content=\"fr_FR\" \/>\n<meta property=\"og:type\" content=\"article\" \/>\n<meta property=\"og:title\" content=\"DOWSIL 734\" \/>\n<meta property=\"og:description\" content=\"Le DOWSIL 734 est un liquide silicone monocomposant utilis\u00e9 pour le collage et l&#039;\u00e9tanch\u00e9it\u00e9 des applications industrielles qui n\u00e9cessitent un mat\u00e9riau fluide et un joint \u00e9tanche.\" \/>\n<meta property=\"og:url\" content=\"https:\/\/www.credimex.ch\/fr\/produit\/dowsil-734-2\/\" \/>\n<meta property=\"og:site_name\" content=\"CREDIMEX\" \/>\n<meta property=\"article:publisher\" content=\"https:\/\/www.facebook.com\/credimex.alpnach\/\" \/>\n<meta property=\"og:image\" content=\"https:\/\/www.credimex.ch\/wp-content\/uploads\/2022\/06\/Dowsil-734-neills.jpeg\" \/>\n\t<meta property=\"og:image:width\" content=\"800\" \/>\n\t<meta property=\"og:image:height\" content=\"800\" \/>\n\t<meta property=\"og:image:type\" content=\"image\/jpeg\" \/>\n<meta name=\"twitter:card\" content=\"summary_large_image\" \/>\n<meta name=\"twitter:label1\" content=\"Dur\u00e9e de lecture estim\u00e9e\" \/>\n\t<meta name=\"twitter:data1\" content=\"1 minute\" \/>\n<script type=\"application\/ld+json\" class=\"yoast-schema-graph\">{\"@context\":\"https:\\\/\\\/schema.org\",\"@graph\":[{\"@type\":\"WebPage\",\"@id\":\"https:\\\/\\\/www.credimex.ch\\\/fr\\\/produit\\\/dowsil-734-2\\\/\",\"url\":\"https:\\\/\\\/www.credimex.ch\\\/fr\\\/produit\\\/dowsil-734-2\\\/\",\"name\":\"DOWSIL 734 - CREDIMEX\",\"isPartOf\":{\"@id\":\"https:\\\/\\\/www.credimex.ch\\\/fr\\\/#website\"},\"primaryImageOfPage\":{\"@id\":\"https:\\\/\\\/www.credimex.ch\\\/fr\\\/produit\\\/dowsil-734-2\\\/#primaryimage\"},\"image\":{\"@id\":\"https:\\\/\\\/www.credimex.ch\\\/fr\\\/produit\\\/dowsil-734-2\\\/#primaryimage\"},\"thumbnailUrl\":\"https:\\\/\\\/www.credimex.ch\\\/wp-content\\\/uploads\\\/2022\\\/06\\\/Dowsil-734-neills.jpeg\",\"datePublished\":\"2022-06-03T08:50:28+00:00\",\"description\":\"Le DOWSIL 734 est un liquide silicone monocomposant utilis\u00e9 pour le collage et l'\u00e9tanch\u00e9it\u00e9 des applications industrielles qui n\u00e9cessitent un mat\u00e9riau fluide et un joint \u00e9tanche.\",\"breadcrumb\":{\"@id\":\"https:\\\/\\\/www.credimex.ch\\\/fr\\\/produit\\\/dowsil-734-2\\\/#breadcrumb\"},\"inLanguage\":\"fr-FR\",\"potentialAction\":[{\"@type\":\"ReadAction\",\"target\":[\"https:\\\/\\\/www.credimex.ch\\\/fr\\\/produit\\\/dowsil-734-2\\\/\"]}]},{\"@type\":\"ImageObject\",\"inLanguage\":\"fr-FR\",\"@id\":\"https:\\\/\\\/www.credimex.ch\\\/fr\\\/produit\\\/dowsil-734-2\\\/#primaryimage\",\"url\":\"https:\\\/\\\/www.credimex.ch\\\/wp-content\\\/uploads\\\/2022\\\/06\\\/Dowsil-734-neills.jpeg\",\"contentUrl\":\"https:\\\/\\\/www.credimex.ch\\\/wp-content\\\/uploads\\\/2022\\\/06\\\/Dowsil-734-neills.jpeg\",\"width\":800,\"height\":800},{\"@type\":\"BreadcrumbList\",\"@id\":\"https:\\\/\\\/www.credimex.ch\\\/fr\\\/produit\\\/dowsil-734-2\\\/#breadcrumb\",\"itemListElement\":[{\"@type\":\"ListItem\",\"position\":1,\"name\":\"Home\",\"item\":\"https:\\\/\\\/www.credimex.ch\\\/fr\\\/\"},{\"@type\":\"ListItem\",\"position\":2,\"name\":\"Produits\",\"item\":\"https:\\\/\\\/www.credimex.ch\\\/fr\\\/produits\\\/\"},{\"@type\":\"ListItem\",\"position\":3,\"name\":\"DOWSIL 734\"}]},{\"@type\":\"WebSite\",\"@id\":\"https:\\\/\\\/www.credimex.ch\\\/fr\\\/#website\",\"url\":\"https:\\\/\\\/www.credimex.ch\\\/fr\\\/\",\"name\":\"CREDIMEX\",\"description\":\"Partner of Swiss Industrial Market\",\"publisher\":{\"@id\":\"https:\\\/\\\/www.credimex.ch\\\/fr\\\/#organization\"},\"potentialAction\":[{\"@type\":\"SearchAction\",\"target\":{\"@type\":\"EntryPoint\",\"urlTemplate\":\"https:\\\/\\\/www.credimex.ch\\\/fr\\\/?s={search_term_string}\"},\"query-input\":{\"@type\":\"PropertyValueSpecification\",\"valueRequired\":true,\"valueName\":\"search_term_string\"}}],\"inLanguage\":\"fr-FR\"},{\"@type\":\"Organization\",\"@id\":\"https:\\\/\\\/www.credimex.ch\\\/fr\\\/#organization\",\"name\":\"credimex\",\"url\":\"https:\\\/\\\/www.credimex.ch\\\/fr\\\/\",\"logo\":{\"@type\":\"ImageObject\",\"inLanguage\":\"fr-FR\",\"@id\":\"https:\\\/\\\/www.credimex.ch\\\/fr\\\/#\\\/schema\\\/logo\\\/image\\\/\",\"url\":\"https:\\\/\\\/www.credimex.ch\\\/wp-content\\\/uploads\\\/2022\\\/03\\\/cropped-logo-credimex.png\",\"contentUrl\":\"https:\\\/\\\/www.credimex.ch\\\/wp-content\\\/uploads\\\/2022\\\/03\\\/cropped-logo-credimex.png\",\"width\":512,\"height\":512,\"caption\":\"credimex\"},\"image\":{\"@id\":\"https:\\\/\\\/www.credimex.ch\\\/fr\\\/#\\\/schema\\\/logo\\\/image\\\/\"},\"sameAs\":[\"https:\\\/\\\/www.facebook.com\\\/credimex.alpnach\\\/\",\"https:\\\/\\\/www.linkedin.com\\\/company\\\/credimex\\\/\",\"https:\\\/\\\/www.youtube.com\\\/@CREDIMEX?sub_confirmation=1\"]}]}<\/script>\n<!-- \/ Yoast SEO Premium plugin. -->","yoast_head_json":{"title":"DOWSIL 734 - CREDIMEX","description":"Le DOWSIL 734 est un liquide silicone monocomposant utilis\u00e9 pour le collage et l'\u00e9tanch\u00e9it\u00e9 des applications industrielles qui n\u00e9cessitent un mat\u00e9riau fluide et un joint \u00e9tanche.","robots":{"index":"index","follow":"follow","max-snippet":"max-snippet:-1","max-image-preview":"max-image-preview:large","max-video-preview":"max-video-preview:-1"},"canonical":"https:\/\/www.credimex.ch\/fr\/produit\/dowsil-734-2\/","og_locale":"fr_FR","og_type":"article","og_title":"DOWSIL 734","og_description":"Le DOWSIL 734 est un liquide silicone monocomposant utilis\u00e9 pour le collage et l'\u00e9tanch\u00e9it\u00e9 des applications industrielles qui n\u00e9cessitent un mat\u00e9riau fluide et un joint \u00e9tanche.","og_url":"https:\/\/www.credimex.ch\/fr\/produit\/dowsil-734-2\/","og_site_name":"CREDIMEX","article_publisher":"https:\/\/www.facebook.com\/credimex.alpnach\/","og_image":[{"width":800,"height":800,"url":"https:\/\/www.credimex.ch\/wp-content\/uploads\/2022\/06\/Dowsil-734-neills.jpeg","type":"image\/jpeg"}],"twitter_card":"summary_large_image","twitter_misc":{"Dur\u00e9e de lecture estim\u00e9e":"1 minute"},"schema":{"@context":"https:\/\/schema.org","@graph":[{"@type":"WebPage","@id":"https:\/\/www.credimex.ch\/fr\/produit\/dowsil-734-2\/","url":"https:\/\/www.credimex.ch\/fr\/produit\/dowsil-734-2\/","name":"DOWSIL 734 - CREDIMEX","isPartOf":{"@id":"https:\/\/www.credimex.ch\/fr\/#website"},"primaryImageOfPage":{"@id":"https:\/\/www.credimex.ch\/fr\/produit\/dowsil-734-2\/#primaryimage"},"image":{"@id":"https:\/\/www.credimex.ch\/fr\/produit\/dowsil-734-2\/#primaryimage"},"thumbnailUrl":"https:\/\/www.credimex.ch\/wp-content\/uploads\/2022\/06\/Dowsil-734-neills.jpeg","datePublished":"2022-06-03T08:50:28+00:00","description":"Le DOWSIL 734 est un liquide silicone monocomposant utilis\u00e9 pour le collage et l'\u00e9tanch\u00e9it\u00e9 des applications industrielles qui n\u00e9cessitent un mat\u00e9riau fluide et un joint \u00e9tanche.","breadcrumb":{"@id":"https:\/\/www.credimex.ch\/fr\/produit\/dowsil-734-2\/#breadcrumb"},"inLanguage":"fr-FR","potentialAction":[{"@type":"ReadAction","target":["https:\/\/www.credimex.ch\/fr\/produit\/dowsil-734-2\/"]}]},{"@type":"ImageObject","inLanguage":"fr-FR","@id":"https:\/\/www.credimex.ch\/fr\/produit\/dowsil-734-2\/#primaryimage","url":"https:\/\/www.credimex.ch\/wp-content\/uploads\/2022\/06\/Dowsil-734-neills.jpeg","contentUrl":"https:\/\/www.credimex.ch\/wp-content\/uploads\/2022\/06\/Dowsil-734-neills.jpeg","width":800,"height":800},{"@type":"BreadcrumbList","@id":"https:\/\/www.credimex.ch\/fr\/produit\/dowsil-734-2\/#breadcrumb","itemListElement":[{"@type":"ListItem","position":1,"name":"Home","item":"https:\/\/www.credimex.ch\/fr\/"},{"@type":"ListItem","position":2,"name":"Produits","item":"https:\/\/www.credimex.ch\/fr\/produits\/"},{"@type":"ListItem","position":3,"name":"DOWSIL 734"}]},{"@type":"WebSite","@id":"https:\/\/www.credimex.ch\/fr\/#website","url":"https:\/\/www.credimex.ch\/fr\/","name":"CREDIMEX","description":"Partner of Swiss Industrial Market","publisher":{"@id":"https:\/\/www.credimex.ch\/fr\/#organization"},"potentialAction":[{"@type":"SearchAction","target":{"@type":"EntryPoint","urlTemplate":"https:\/\/www.credimex.ch\/fr\/?s={search_term_string}"},"query-input":{"@type":"PropertyValueSpecification","valueRequired":true,"valueName":"search_term_string"}}],"inLanguage":"fr-FR"},{"@type":"Organization","@id":"https:\/\/www.credimex.ch\/fr\/#organization","name":"credimex","url":"https:\/\/www.credimex.ch\/fr\/","logo":{"@type":"ImageObject","inLanguage":"fr-FR","@id":"https:\/\/www.credimex.ch\/fr\/#\/schema\/logo\/image\/","url":"https:\/\/www.credimex.ch\/wp-content\/uploads\/2022\/03\/cropped-logo-credimex.png","contentUrl":"https:\/\/www.credimex.ch\/wp-content\/uploads\/2022\/03\/cropped-logo-credimex.png","width":512,"height":512,"caption":"credimex"},"image":{"@id":"https:\/\/www.credimex.ch\/fr\/#\/schema\/logo\/image\/"},"sameAs":["https:\/\/www.facebook.com\/credimex.alpnach\/","https:\/\/www.linkedin.com\/company\/credimex\/","https:\/\/www.youtube.com\/@CREDIMEX?sub_confirmation=1"]}]}},"_links":{"self":[{"href":"https:\/\/www.credimex.ch\/fr\/wp-json\/wp\/v2\/product\/4173","targetHints":{"allow":["GET"]}}],"collection":[{"href":"https:\/\/www.credimex.ch\/fr\/wp-json\/wp\/v2\/product"}],"about":[{"href":"https:\/\/www.credimex.ch\/fr\/wp-json\/wp\/v2\/types\/product"}],"replies":[{"embeddable":true,"href":"https:\/\/www.credimex.ch\/fr\/wp-json\/wp\/v2\/comments?post=4173"}],"wp:featuredmedia":[{"embeddable":true,"href":"https:\/\/www.credimex.ch\/fr\/wp-json\/wp\/v2\/media\/3094"}],"wp:attachment":[{"href":"https:\/\/www.credimex.ch\/fr\/wp-json\/wp\/v2\/media?parent=4173"}],"wp:term":[{"taxonomy":"product_brand","embeddable":true,"href":"https:\/\/www.credimex.ch\/fr\/wp-json\/wp\/v2\/product_brand?post=4173"},{"taxonomy":"product_cat","embeddable":true,"href":"https:\/\/www.credimex.ch\/fr\/wp-json\/wp\/v2\/product_cat?post=4173"},{"taxonomy":"product_tag","embeddable":true,"href":"https:\/\/www.credimex.ch\/fr\/wp-json\/wp\/v2\/product_tag?post=4173"}],"curies":[{"name":"wp","href":"https:\/\/api.w.org\/{rel}","templated":true}]}}