{"id":4175,"date":"2022-06-03T10:41:45","date_gmt":"2022-06-03T08:41:45","guid":{"rendered":"https:\/\/www.credimex.ch.mialias.net\/product\/dowsil-732\/"},"modified":"2022-06-03T10:41:45","modified_gmt":"2022-06-03T08:41:45","slug":"dowsil-732-2","status":"publish","type":"product","link":"https:\/\/www.credimex.ch\/fr\/produit\/dowsil-732-2\/","title":{"rendered":"Dowsil 732"},"content":{"rendered":"<h2>Description<\/h2>\n<p>Le Dowsil 732 RTV est un produit d&rsquo;\u00e9tanch\u00e9it\u00e9 et de collage \u00e0 usage g\u00e9n\u00e9ral qui peut \u00eatre utilis\u00e9 comme adh\u00e9sif en caoutchouc pour remplir des espaces ou comme joint form\u00e9 en place. Disponible en plusieurs couleurs.<\/p>\n<ul>\n<li>Adh\u00e9sif\/scellant \u00e0 une seule partie<\/li>\n<li>Syst\u00e8me de traitement ac\u00e9toxy<\/li>\n<li>Conforme \u00e0 la norme MIL-A-46106<\/li>\n<li>Conforme \u00e0 la norme FDA 177.2600<\/li>\n<\/ul>\n<h2>Avantages du produit<\/h2>\n<ul>\n<li>Durcit \u00e0 temp\u00e9rature ambiante lorsqu&rsquo;il est expos\u00e9 \u00e0 l&rsquo;humidit\u00e9 de l&rsquo;air.<\/li>\n<li>Consistance p\u00e2teuse, sans affaissement<\/li>\n<li>Facile \u00e0 appliquer<\/li>\n<li>Forme un caoutchouc r\u00e9sistant et flexible<\/li>\n<li>Bonne adh\u00e9sion \u00e0 de nombreux substrats<\/li>\n<li>Stable et flexible de -60\u00b0C \u00e0 +180\u00b0C (-76\u00b0F \u00e0 +356\u00b0F), avec de courtes pointes jusqu&rsquo;\u00e0<br \/>\n+205\u00b0C (401\u00b0F)<\/li>\n<li>Excellentes propri\u00e9t\u00e9s di\u00e9lectriques<\/li>\n<\/ul>\n<h2>Application<\/h2>\n<ul>\n<li>Applications industrielles g\u00e9n\u00e9rales d&rsquo;\u00e9tanch\u00e9it\u00e9 et de collage<\/li>\n<\/ul>\n","protected":false},"excerpt":{"rendered":"<p>Le <strong>Dowsil 732<\/strong> RTV est un produit d&rsquo;\u00e9tanch\u00e9it\u00e9 et de collage \u00e0 usage g\u00e9n\u00e9ral qui peut \u00eatre utilis\u00e9 comme adh\u00e9sif en caoutchouc pour remplir des espaces ou comme joint form\u00e9 en place.<\/p>\n","protected":false},"featured_media":3092,"comment_status":"open","ping_status":"closed","template":"","meta":{"_acf_changed":false},"product_brand":[],"product_cat":[452,526,340,413,511,376,411,384,375,360,412],"product_tag":[],"class_list":{"0":"post-4175","1":"product","2":"type-product","3":"status-publish","4":"has-post-thumbnail","6":"product_cat-adhesifs-et-mastics","7":"product_cat-adhesifs-silicone","8":"product_cat-automobile","9":"product_cat-batteries","10":"product_cat-dowsil","11":"product_cat-e-mobilite","12":"product_cat-electronique","13":"product_cat-energie","14":"product_cat-ferroviaire","15":"product_cat-industrie-generale","16":"product_cat-telepheriques","17":"pa_brands-dowsil-fr","19":"first","20":"instock","21":"shipping-taxable","22":"product-type-simple"},"acf":[],"_yoast_wpseo_focuskw":"Dowsil 732","_yoast_wpseo_metadesc":"Le Dowsil 732 RTV est un produit d'\u00e9tanch\u00e9it\u00e9 et de collage \u00e0 usage g\u00e9n\u00e9ral qui peut \u00eatre utilis\u00e9 comme adh\u00e9sif en caoutchouc pour remplir des espaces ou comme joint form\u00e9 en place.","yoast_head":"<!-- This site is optimized with the Yoast SEO Premium plugin v21.6 (Yoast SEO v27.4) - https:\/\/yoast.com\/product\/yoast-seo-premium-wordpress\/ -->\n<title>Dowsil 732 - CREDIMEX<\/title>\n<meta name=\"description\" content=\"Le Dowsil 732 RTV est un produit d&#039;\u00e9tanch\u00e9it\u00e9 et de collage \u00e0 usage g\u00e9n\u00e9ral qui peut \u00eatre utilis\u00e9 comme adh\u00e9sif en caoutchouc pour remplir des espaces ou comme joint form\u00e9 en place.\" \/>\n<meta name=\"robots\" content=\"index, follow, max-snippet:-1, max-image-preview:large, max-video-preview:-1\" \/>\n<link rel=\"canonical\" href=\"https:\/\/www.credimex.ch\/fr\/produit\/dowsil-732-2\/\" \/>\n<meta property=\"og:locale\" content=\"fr_FR\" \/>\n<meta property=\"og:type\" content=\"article\" \/>\n<meta property=\"og:title\" content=\"Dowsil 732\" \/>\n<meta property=\"og:description\" content=\"Le Dowsil 732 RTV est un produit d&#039;\u00e9tanch\u00e9it\u00e9 et de collage \u00e0 usage g\u00e9n\u00e9ral qui peut \u00eatre utilis\u00e9 comme adh\u00e9sif en caoutchouc pour remplir des espaces ou comme joint form\u00e9 en place.\" \/>\n<meta property=\"og:url\" content=\"https:\/\/www.credimex.ch\/fr\/produit\/dowsil-732-2\/\" \/>\n<meta property=\"og:site_name\" content=\"CREDIMEX\" \/>\n<meta property=\"article:publisher\" content=\"https:\/\/www.facebook.com\/credimex.alpnach\/\" \/>\n<meta property=\"og:image\" content=\"https:\/\/www.credimex.ch\/wp-content\/uploads\/2022\/06\/credimex-7.png\" \/>\n\t<meta property=\"og:image:width\" content=\"800\" \/>\n\t<meta property=\"og:image:height\" content=\"800\" \/>\n\t<meta property=\"og:image:type\" content=\"image\/png\" \/>\n<meta name=\"twitter:card\" content=\"summary_large_image\" \/>\n<meta name=\"twitter:label1\" content=\"Dur\u00e9e de lecture estim\u00e9e\" \/>\n\t<meta name=\"twitter:data1\" content=\"1 minute\" \/>\n<script type=\"application\/ld+json\" class=\"yoast-schema-graph\">{\"@context\":\"https:\\\/\\\/schema.org\",\"@graph\":[{\"@type\":\"WebPage\",\"@id\":\"https:\\\/\\\/www.credimex.ch\\\/fr\\\/produit\\\/dowsil-732-2\\\/\",\"url\":\"https:\\\/\\\/www.credimex.ch\\\/fr\\\/produit\\\/dowsil-732-2\\\/\",\"name\":\"Dowsil 732 - CREDIMEX\",\"isPartOf\":{\"@id\":\"https:\\\/\\\/www.credimex.ch\\\/fr\\\/#website\"},\"primaryImageOfPage\":{\"@id\":\"https:\\\/\\\/www.credimex.ch\\\/fr\\\/produit\\\/dowsil-732-2\\\/#primaryimage\"},\"image\":{\"@id\":\"https:\\\/\\\/www.credimex.ch\\\/fr\\\/produit\\\/dowsil-732-2\\\/#primaryimage\"},\"thumbnailUrl\":\"https:\\\/\\\/www.credimex.ch\\\/wp-content\\\/uploads\\\/2022\\\/06\\\/credimex-7.png\",\"datePublished\":\"2022-06-03T08:41:45+00:00\",\"description\":\"Le Dowsil 732 RTV est un produit d'\u00e9tanch\u00e9it\u00e9 et de collage \u00e0 usage g\u00e9n\u00e9ral qui peut \u00eatre utilis\u00e9 comme adh\u00e9sif en caoutchouc pour remplir des espaces ou comme joint form\u00e9 en place.\",\"breadcrumb\":{\"@id\":\"https:\\\/\\\/www.credimex.ch\\\/fr\\\/produit\\\/dowsil-732-2\\\/#breadcrumb\"},\"inLanguage\":\"fr-FR\",\"potentialAction\":[{\"@type\":\"ReadAction\",\"target\":[\"https:\\\/\\\/www.credimex.ch\\\/fr\\\/produit\\\/dowsil-732-2\\\/\"]}]},{\"@type\":\"ImageObject\",\"inLanguage\":\"fr-FR\",\"@id\":\"https:\\\/\\\/www.credimex.ch\\\/fr\\\/produit\\\/dowsil-732-2\\\/#primaryimage\",\"url\":\"https:\\\/\\\/www.credimex.ch\\\/wp-content\\\/uploads\\\/2022\\\/06\\\/credimex-7.png\",\"contentUrl\":\"https:\\\/\\\/www.credimex.ch\\\/wp-content\\\/uploads\\\/2022\\\/06\\\/credimex-7.png\",\"width\":800,\"height\":800},{\"@type\":\"BreadcrumbList\",\"@id\":\"https:\\\/\\\/www.credimex.ch\\\/fr\\\/produit\\\/dowsil-732-2\\\/#breadcrumb\",\"itemListElement\":[{\"@type\":\"ListItem\",\"position\":1,\"name\":\"Home\",\"item\":\"https:\\\/\\\/www.credimex.ch\\\/fr\\\/\"},{\"@type\":\"ListItem\",\"position\":2,\"name\":\"Produits\",\"item\":\"https:\\\/\\\/www.credimex.ch\\\/fr\\\/produits\\\/\"},{\"@type\":\"ListItem\",\"position\":3,\"name\":\"Dowsil 732\"}]},{\"@type\":\"WebSite\",\"@id\":\"https:\\\/\\\/www.credimex.ch\\\/fr\\\/#website\",\"url\":\"https:\\\/\\\/www.credimex.ch\\\/fr\\\/\",\"name\":\"CREDIMEX\",\"description\":\"Partner of Swiss Industrial Market\",\"publisher\":{\"@id\":\"https:\\\/\\\/www.credimex.ch\\\/fr\\\/#organization\"},\"potentialAction\":[{\"@type\":\"SearchAction\",\"target\":{\"@type\":\"EntryPoint\",\"urlTemplate\":\"https:\\\/\\\/www.credimex.ch\\\/fr\\\/?s={search_term_string}\"},\"query-input\":{\"@type\":\"PropertyValueSpecification\",\"valueRequired\":true,\"valueName\":\"search_term_string\"}}],\"inLanguage\":\"fr-FR\"},{\"@type\":\"Organization\",\"@id\":\"https:\\\/\\\/www.credimex.ch\\\/fr\\\/#organization\",\"name\":\"credimex\",\"url\":\"https:\\\/\\\/www.credimex.ch\\\/fr\\\/\",\"logo\":{\"@type\":\"ImageObject\",\"inLanguage\":\"fr-FR\",\"@id\":\"https:\\\/\\\/www.credimex.ch\\\/fr\\\/#\\\/schema\\\/logo\\\/image\\\/\",\"url\":\"https:\\\/\\\/www.credimex.ch\\\/wp-content\\\/uploads\\\/2022\\\/03\\\/cropped-logo-credimex.png\",\"contentUrl\":\"https:\\\/\\\/www.credimex.ch\\\/wp-content\\\/uploads\\\/2022\\\/03\\\/cropped-logo-credimex.png\",\"width\":512,\"height\":512,\"caption\":\"credimex\"},\"image\":{\"@id\":\"https:\\\/\\\/www.credimex.ch\\\/fr\\\/#\\\/schema\\\/logo\\\/image\\\/\"},\"sameAs\":[\"https:\\\/\\\/www.facebook.com\\\/credimex.alpnach\\\/\",\"https:\\\/\\\/www.linkedin.com\\\/company\\\/credimex\\\/\",\"https:\\\/\\\/www.youtube.com\\\/@CREDIMEX?sub_confirmation=1\"]}]}<\/script>\n<!-- \/ Yoast SEO Premium plugin. -->","yoast_head_json":{"title":"Dowsil 732 - CREDIMEX","description":"Le Dowsil 732 RTV est un produit d'\u00e9tanch\u00e9it\u00e9 et de collage \u00e0 usage g\u00e9n\u00e9ral qui peut \u00eatre utilis\u00e9 comme adh\u00e9sif en caoutchouc pour remplir des espaces ou comme joint form\u00e9 en place.","robots":{"index":"index","follow":"follow","max-snippet":"max-snippet:-1","max-image-preview":"max-image-preview:large","max-video-preview":"max-video-preview:-1"},"canonical":"https:\/\/www.credimex.ch\/fr\/produit\/dowsil-732-2\/","og_locale":"fr_FR","og_type":"article","og_title":"Dowsil 732","og_description":"Le Dowsil 732 RTV est un produit d'\u00e9tanch\u00e9it\u00e9 et de collage \u00e0 usage g\u00e9n\u00e9ral qui peut \u00eatre utilis\u00e9 comme adh\u00e9sif en caoutchouc pour remplir des espaces ou comme joint form\u00e9 en place.","og_url":"https:\/\/www.credimex.ch\/fr\/produit\/dowsil-732-2\/","og_site_name":"CREDIMEX","article_publisher":"https:\/\/www.facebook.com\/credimex.alpnach\/","og_image":[{"width":800,"height":800,"url":"https:\/\/www.credimex.ch\/wp-content\/uploads\/2022\/06\/credimex-7.png","type":"image\/png"}],"twitter_card":"summary_large_image","twitter_misc":{"Dur\u00e9e de lecture estim\u00e9e":"1 minute"},"schema":{"@context":"https:\/\/schema.org","@graph":[{"@type":"WebPage","@id":"https:\/\/www.credimex.ch\/fr\/produit\/dowsil-732-2\/","url":"https:\/\/www.credimex.ch\/fr\/produit\/dowsil-732-2\/","name":"Dowsil 732 - CREDIMEX","isPartOf":{"@id":"https:\/\/www.credimex.ch\/fr\/#website"},"primaryImageOfPage":{"@id":"https:\/\/www.credimex.ch\/fr\/produit\/dowsil-732-2\/#primaryimage"},"image":{"@id":"https:\/\/www.credimex.ch\/fr\/produit\/dowsil-732-2\/#primaryimage"},"thumbnailUrl":"https:\/\/www.credimex.ch\/wp-content\/uploads\/2022\/06\/credimex-7.png","datePublished":"2022-06-03T08:41:45+00:00","description":"Le Dowsil 732 RTV est un produit d'\u00e9tanch\u00e9it\u00e9 et de collage \u00e0 usage g\u00e9n\u00e9ral qui peut \u00eatre utilis\u00e9 comme adh\u00e9sif en caoutchouc pour remplir des espaces ou comme joint form\u00e9 en place.","breadcrumb":{"@id":"https:\/\/www.credimex.ch\/fr\/produit\/dowsil-732-2\/#breadcrumb"},"inLanguage":"fr-FR","potentialAction":[{"@type":"ReadAction","target":["https:\/\/www.credimex.ch\/fr\/produit\/dowsil-732-2\/"]}]},{"@type":"ImageObject","inLanguage":"fr-FR","@id":"https:\/\/www.credimex.ch\/fr\/produit\/dowsil-732-2\/#primaryimage","url":"https:\/\/www.credimex.ch\/wp-content\/uploads\/2022\/06\/credimex-7.png","contentUrl":"https:\/\/www.credimex.ch\/wp-content\/uploads\/2022\/06\/credimex-7.png","width":800,"height":800},{"@type":"BreadcrumbList","@id":"https:\/\/www.credimex.ch\/fr\/produit\/dowsil-732-2\/#breadcrumb","itemListElement":[{"@type":"ListItem","position":1,"name":"Home","item":"https:\/\/www.credimex.ch\/fr\/"},{"@type":"ListItem","position":2,"name":"Produits","item":"https:\/\/www.credimex.ch\/fr\/produits\/"},{"@type":"ListItem","position":3,"name":"Dowsil 732"}]},{"@type":"WebSite","@id":"https:\/\/www.credimex.ch\/fr\/#website","url":"https:\/\/www.credimex.ch\/fr\/","name":"CREDIMEX","description":"Partner of Swiss Industrial Market","publisher":{"@id":"https:\/\/www.credimex.ch\/fr\/#organization"},"potentialAction":[{"@type":"SearchAction","target":{"@type":"EntryPoint","urlTemplate":"https:\/\/www.credimex.ch\/fr\/?s={search_term_string}"},"query-input":{"@type":"PropertyValueSpecification","valueRequired":true,"valueName":"search_term_string"}}],"inLanguage":"fr-FR"},{"@type":"Organization","@id":"https:\/\/www.credimex.ch\/fr\/#organization","name":"credimex","url":"https:\/\/www.credimex.ch\/fr\/","logo":{"@type":"ImageObject","inLanguage":"fr-FR","@id":"https:\/\/www.credimex.ch\/fr\/#\/schema\/logo\/image\/","url":"https:\/\/www.credimex.ch\/wp-content\/uploads\/2022\/03\/cropped-logo-credimex.png","contentUrl":"https:\/\/www.credimex.ch\/wp-content\/uploads\/2022\/03\/cropped-logo-credimex.png","width":512,"height":512,"caption":"credimex"},"image":{"@id":"https:\/\/www.credimex.ch\/fr\/#\/schema\/logo\/image\/"},"sameAs":["https:\/\/www.facebook.com\/credimex.alpnach\/","https:\/\/www.linkedin.com\/company\/credimex\/","https:\/\/www.youtube.com\/@CREDIMEX?sub_confirmation=1"]}]}},"_links":{"self":[{"href":"https:\/\/www.credimex.ch\/fr\/wp-json\/wp\/v2\/product\/4175","targetHints":{"allow":["GET"]}}],"collection":[{"href":"https:\/\/www.credimex.ch\/fr\/wp-json\/wp\/v2\/product"}],"about":[{"href":"https:\/\/www.credimex.ch\/fr\/wp-json\/wp\/v2\/types\/product"}],"replies":[{"embeddable":true,"href":"https:\/\/www.credimex.ch\/fr\/wp-json\/wp\/v2\/comments?post=4175"}],"wp:featuredmedia":[{"embeddable":true,"href":"https:\/\/www.credimex.ch\/fr\/wp-json\/wp\/v2\/media\/3092"}],"wp:attachment":[{"href":"https:\/\/www.credimex.ch\/fr\/wp-json\/wp\/v2\/media?parent=4175"}],"wp:term":[{"taxonomy":"product_brand","embeddable":true,"href":"https:\/\/www.credimex.ch\/fr\/wp-json\/wp\/v2\/product_brand?post=4175"},{"taxonomy":"product_cat","embeddable":true,"href":"https:\/\/www.credimex.ch\/fr\/wp-json\/wp\/v2\/product_cat?post=4175"},{"taxonomy":"product_tag","embeddable":true,"href":"https:\/\/www.credimex.ch\/fr\/wp-json\/wp\/v2\/product_tag?post=4175"}],"curies":[{"name":"wp","href":"https:\/\/api.w.org\/{rel}","templated":true}]}}