{"id":4179,"date":"2022-06-03T09:52:58","date_gmt":"2022-06-03T07:52:58","guid":{"rendered":"https:\/\/www.credimex.ch.mialias.net\/product\/dowsil-3145\/"},"modified":"2022-06-03T09:52:58","modified_gmt":"2022-06-03T07:52:58","slug":"dowsil-3145-2","status":"publish","type":"product","link":"https:\/\/www.credimex.ch\/fr\/produit\/dowsil-3145-2\/","title":{"rendered":"Dowsil 3145"},"content":{"rendered":"<h2>Description<\/h2>\n<p>Le Dowsil 3145 est con\u00e7u pour assurer un collage \u00e0 long terme et pour prot\u00e9ger contre l&rsquo;humidit\u00e9, les attaques environnementales, les chocs m\u00e9caniques et thermiques ainsi que les vibrations, en particulier lorsqu&rsquo;un produit \u00e0 haute r\u00e9sistance est requis. Les applications typiques comprennent : le collage de composants et de sous-ensembles \u00e9lectroniques sensibles.<\/p>\n<ul>\n<li>En une seule partie<\/li>\n<li>Sans affaissement<\/li>\n<li>Durcissement \u00e0 temp\u00e9rature ambiante<\/li>\n<li>Syst\u00e8me de r\u00e9ticulation alkoxy neutre Bonne adh\u00e9sion au verre, aux c\u00e9ramiques, aux m\u00e9taux, au caoutchouc de silicone et \u00e0 de nombreux plastiques.<\/li>\n<li>Haute r\u00e9sistance \u00e0 la d\u00e9chirure Caoutchouc souple &#8211; prot\u00e8ge les composants contre les chocs m\u00e9caniques et les contraintes li\u00e9es aux cycles thermiques<\/li>\n<li>Stable et flexible de -50\u00b0C \u00e0 +200\u00b0C (plus \u00e9lev\u00e9 pour la version grise)<\/li>\n<li>Excellentes propri\u00e9t\u00e9s di\u00e9lectriques<\/li>\n<li>Disponible en CLAIR ou GRIS<\/li>\n<\/ul>\n<h2>Avantages du produit<\/h2>\n<ul>\n<li>Non-\u00e9coulement<\/li>\n<li>R\u00e9sistance \u00e0 la traction et allongement \u00e9lev\u00e9s<\/li>\n<li>Am\u00e9lioration de la stabilit\u00e9 thermique<\/li>\n<li>MIL-A-46146 Groupe II\/III, TY I<\/li>\n<li>Aucun m\u00e9lange requis<\/li>\n<li>Durcissement \u00e0 temp\u00e9rature ambiante, pas besoin de four<\/li>\n<li>Traitement en ligne plus rapide avec acc\u00e9l\u00e9ration thermique en option<\/li>\n<li>Peut \u00eatre envisag\u00e9 pour des utilisations avec des exigences Mil Spec.<\/li>\n<\/ul>\n<h2>Application<\/h2>\n<ul>\n<li>\u00c9tanch\u00e9it\u00e9 des ouvertures dans les modules et les bo\u00eetiers.<\/li>\n<li>Ajout d&rsquo;une stabilit\u00e9 m\u00e9canique aux composants individuels.<\/li>\n<li>Assemblage de composants sur des PWB.<\/li>\n<li>\u00c9tanch\u00e9it\u00e9 dans et autour des c\u00e2bles et des fils \u00e9lectriques.<\/li>\n<\/ul>\n","protected":false},"excerpt":{"rendered":"<p>L&rsquo;adh\u00e9sif\/joint d&rsquo;\u00e9tanch\u00e9it\u00e9 <strong>Dowsil 3145<\/strong> RTV MIL-A-46146 est un adh\u00e9sif\/joint d&rsquo;\u00e9tanch\u00e9it\u00e9 en silicone \u00e0 haute r\u00e9sistance.<\/p>\n","protected":false},"featured_media":3088,"comment_status":"open","ping_status":"closed","template":"","meta":{"_acf_changed":false},"product_brand":[],"product_cat":[452,526,340,413,511,376,411,384,375,360,412],"product_tag":[],"class_list":{"0":"post-4179","1":"product","2":"type-product","3":"status-publish","4":"has-post-thumbnail","6":"product_cat-adhesifs-et-mastics","7":"product_cat-adhesifs-silicone","8":"product_cat-automobile","9":"product_cat-batteries","10":"product_cat-dowsil","11":"product_cat-e-mobilite","12":"product_cat-electronique","13":"product_cat-energie","14":"product_cat-ferroviaire","15":"product_cat-industrie-generale","16":"product_cat-telepheriques","17":"pa_brands-dowsil-fr","19":"first","20":"instock","21":"shipping-taxable","22":"product-type-simple"},"acf":[],"_yoast_wpseo_focuskw":"Dowsil 3145","_yoast_wpseo_metadesc":"L'adh\u00e9sif\/joint d'\u00e9tanch\u00e9it\u00e9 Dowsil 3145 RTV MIL-A-46146 est un adh\u00e9sif\/joint d'\u00e9tanch\u00e9it\u00e9 en silicone \u00e0 haute r\u00e9sistance.","yoast_head":"<!-- This site is optimized with the Yoast SEO Premium plugin v21.6 (Yoast SEO v27.4) - https:\/\/yoast.com\/product\/yoast-seo-premium-wordpress\/ -->\n<title>Dowsil 3145 - CREDIMEX<\/title>\n<meta name=\"description\" content=\"L&#039;adh\u00e9sif\/joint d&#039;\u00e9tanch\u00e9it\u00e9 Dowsil 3145 RTV MIL-A-46146 est un adh\u00e9sif\/joint d&#039;\u00e9tanch\u00e9it\u00e9 en silicone \u00e0 haute r\u00e9sistance.\" \/>\n<meta name=\"robots\" content=\"index, follow, max-snippet:-1, max-image-preview:large, max-video-preview:-1\" \/>\n<link rel=\"canonical\" href=\"https:\/\/www.credimex.ch\/fr\/produit\/dowsil-3145-2\/\" \/>\n<meta property=\"og:locale\" content=\"fr_FR\" \/>\n<meta property=\"og:type\" content=\"article\" \/>\n<meta property=\"og:title\" content=\"Dowsil 3145\" \/>\n<meta property=\"og:description\" content=\"L&#039;adh\u00e9sif\/joint d&#039;\u00e9tanch\u00e9it\u00e9 Dowsil 3145 RTV MIL-A-46146 est un adh\u00e9sif\/joint d&#039;\u00e9tanch\u00e9it\u00e9 en silicone \u00e0 haute r\u00e9sistance.\" \/>\n<meta property=\"og:url\" content=\"https:\/\/www.credimex.ch\/fr\/produit\/dowsil-3145-2\/\" \/>\n<meta property=\"og:site_name\" content=\"CREDIMEX\" \/>\n<meta property=\"article:publisher\" content=\"https:\/\/www.facebook.com\/credimex.alpnach\/\" \/>\n<meta property=\"og:image\" content=\"https:\/\/www.credimex.ch\/wp-content\/uploads\/2022\/06\/dowsil-3145-rtv.jpeg\" \/>\n\t<meta property=\"og:image:width\" content=\"431\" \/>\n\t<meta property=\"og:image:height\" content=\"431\" \/>\n\t<meta property=\"og:image:type\" content=\"image\/jpeg\" \/>\n<meta name=\"twitter:card\" content=\"summary_large_image\" \/>\n<meta name=\"twitter:label1\" content=\"Dur\u00e9e de lecture estim\u00e9e\" \/>\n\t<meta name=\"twitter:data1\" content=\"1 minute\" \/>\n<script type=\"application\/ld+json\" class=\"yoast-schema-graph\">{\"@context\":\"https:\\\/\\\/schema.org\",\"@graph\":[{\"@type\":\"WebPage\",\"@id\":\"https:\\\/\\\/www.credimex.ch\\\/fr\\\/produit\\\/dowsil-3145-2\\\/\",\"url\":\"https:\\\/\\\/www.credimex.ch\\\/fr\\\/produit\\\/dowsil-3145-2\\\/\",\"name\":\"Dowsil 3145 - CREDIMEX\",\"isPartOf\":{\"@id\":\"https:\\\/\\\/www.credimex.ch\\\/fr\\\/#website\"},\"primaryImageOfPage\":{\"@id\":\"https:\\\/\\\/www.credimex.ch\\\/fr\\\/produit\\\/dowsil-3145-2\\\/#primaryimage\"},\"image\":{\"@id\":\"https:\\\/\\\/www.credimex.ch\\\/fr\\\/produit\\\/dowsil-3145-2\\\/#primaryimage\"},\"thumbnailUrl\":\"https:\\\/\\\/www.credimex.ch\\\/wp-content\\\/uploads\\\/2022\\\/06\\\/dowsil-3145-rtv.jpeg\",\"datePublished\":\"2022-06-03T07:52:58+00:00\",\"description\":\"L'adh\u00e9sif\\\/joint d'\u00e9tanch\u00e9it\u00e9 Dowsil 3145 RTV MIL-A-46146 est un adh\u00e9sif\\\/joint d'\u00e9tanch\u00e9it\u00e9 en silicone \u00e0 haute r\u00e9sistance.\",\"breadcrumb\":{\"@id\":\"https:\\\/\\\/www.credimex.ch\\\/fr\\\/produit\\\/dowsil-3145-2\\\/#breadcrumb\"},\"inLanguage\":\"fr-FR\",\"potentialAction\":[{\"@type\":\"ReadAction\",\"target\":[\"https:\\\/\\\/www.credimex.ch\\\/fr\\\/produit\\\/dowsil-3145-2\\\/\"]}]},{\"@type\":\"ImageObject\",\"inLanguage\":\"fr-FR\",\"@id\":\"https:\\\/\\\/www.credimex.ch\\\/fr\\\/produit\\\/dowsil-3145-2\\\/#primaryimage\",\"url\":\"https:\\\/\\\/www.credimex.ch\\\/wp-content\\\/uploads\\\/2022\\\/06\\\/dowsil-3145-rtv.jpeg\",\"contentUrl\":\"https:\\\/\\\/www.credimex.ch\\\/wp-content\\\/uploads\\\/2022\\\/06\\\/dowsil-3145-rtv.jpeg\",\"width\":431,\"height\":431},{\"@type\":\"BreadcrumbList\",\"@id\":\"https:\\\/\\\/www.credimex.ch\\\/fr\\\/produit\\\/dowsil-3145-2\\\/#breadcrumb\",\"itemListElement\":[{\"@type\":\"ListItem\",\"position\":1,\"name\":\"Home\",\"item\":\"https:\\\/\\\/www.credimex.ch\\\/fr\\\/\"},{\"@type\":\"ListItem\",\"position\":2,\"name\":\"Produits\",\"item\":\"https:\\\/\\\/www.credimex.ch\\\/fr\\\/produits\\\/\"},{\"@type\":\"ListItem\",\"position\":3,\"name\":\"Dowsil 3145\"}]},{\"@type\":\"WebSite\",\"@id\":\"https:\\\/\\\/www.credimex.ch\\\/fr\\\/#website\",\"url\":\"https:\\\/\\\/www.credimex.ch\\\/fr\\\/\",\"name\":\"CREDIMEX\",\"description\":\"Partner of Swiss Industrial Market\",\"publisher\":{\"@id\":\"https:\\\/\\\/www.credimex.ch\\\/fr\\\/#organization\"},\"potentialAction\":[{\"@type\":\"SearchAction\",\"target\":{\"@type\":\"EntryPoint\",\"urlTemplate\":\"https:\\\/\\\/www.credimex.ch\\\/fr\\\/?s={search_term_string}\"},\"query-input\":{\"@type\":\"PropertyValueSpecification\",\"valueRequired\":true,\"valueName\":\"search_term_string\"}}],\"inLanguage\":\"fr-FR\"},{\"@type\":\"Organization\",\"@id\":\"https:\\\/\\\/www.credimex.ch\\\/fr\\\/#organization\",\"name\":\"credimex\",\"url\":\"https:\\\/\\\/www.credimex.ch\\\/fr\\\/\",\"logo\":{\"@type\":\"ImageObject\",\"inLanguage\":\"fr-FR\",\"@id\":\"https:\\\/\\\/www.credimex.ch\\\/fr\\\/#\\\/schema\\\/logo\\\/image\\\/\",\"url\":\"https:\\\/\\\/www.credimex.ch\\\/wp-content\\\/uploads\\\/2022\\\/03\\\/cropped-logo-credimex.png\",\"contentUrl\":\"https:\\\/\\\/www.credimex.ch\\\/wp-content\\\/uploads\\\/2022\\\/03\\\/cropped-logo-credimex.png\",\"width\":512,\"height\":512,\"caption\":\"credimex\"},\"image\":{\"@id\":\"https:\\\/\\\/www.credimex.ch\\\/fr\\\/#\\\/schema\\\/logo\\\/image\\\/\"},\"sameAs\":[\"https:\\\/\\\/www.facebook.com\\\/credimex.alpnach\\\/\",\"https:\\\/\\\/www.linkedin.com\\\/company\\\/credimex\\\/\",\"https:\\\/\\\/www.youtube.com\\\/@CREDIMEX?sub_confirmation=1\"]}]}<\/script>\n<!-- \/ Yoast SEO Premium plugin. -->","yoast_head_json":{"title":"Dowsil 3145 - CREDIMEX","description":"L'adh\u00e9sif\/joint d'\u00e9tanch\u00e9it\u00e9 Dowsil 3145 RTV MIL-A-46146 est un adh\u00e9sif\/joint d'\u00e9tanch\u00e9it\u00e9 en silicone \u00e0 haute r\u00e9sistance.","robots":{"index":"index","follow":"follow","max-snippet":"max-snippet:-1","max-image-preview":"max-image-preview:large","max-video-preview":"max-video-preview:-1"},"canonical":"https:\/\/www.credimex.ch\/fr\/produit\/dowsil-3145-2\/","og_locale":"fr_FR","og_type":"article","og_title":"Dowsil 3145","og_description":"L'adh\u00e9sif\/joint d'\u00e9tanch\u00e9it\u00e9 Dowsil 3145 RTV MIL-A-46146 est un adh\u00e9sif\/joint d'\u00e9tanch\u00e9it\u00e9 en silicone \u00e0 haute r\u00e9sistance.","og_url":"https:\/\/www.credimex.ch\/fr\/produit\/dowsil-3145-2\/","og_site_name":"CREDIMEX","article_publisher":"https:\/\/www.facebook.com\/credimex.alpnach\/","og_image":[{"width":431,"height":431,"url":"https:\/\/www.credimex.ch\/wp-content\/uploads\/2022\/06\/dowsil-3145-rtv.jpeg","type":"image\/jpeg"}],"twitter_card":"summary_large_image","twitter_misc":{"Dur\u00e9e de lecture estim\u00e9e":"1 minute"},"schema":{"@context":"https:\/\/schema.org","@graph":[{"@type":"WebPage","@id":"https:\/\/www.credimex.ch\/fr\/produit\/dowsil-3145-2\/","url":"https:\/\/www.credimex.ch\/fr\/produit\/dowsil-3145-2\/","name":"Dowsil 3145 - CREDIMEX","isPartOf":{"@id":"https:\/\/www.credimex.ch\/fr\/#website"},"primaryImageOfPage":{"@id":"https:\/\/www.credimex.ch\/fr\/produit\/dowsil-3145-2\/#primaryimage"},"image":{"@id":"https:\/\/www.credimex.ch\/fr\/produit\/dowsil-3145-2\/#primaryimage"},"thumbnailUrl":"https:\/\/www.credimex.ch\/wp-content\/uploads\/2022\/06\/dowsil-3145-rtv.jpeg","datePublished":"2022-06-03T07:52:58+00:00","description":"L'adh\u00e9sif\/joint d'\u00e9tanch\u00e9it\u00e9 Dowsil 3145 RTV MIL-A-46146 est un adh\u00e9sif\/joint d'\u00e9tanch\u00e9it\u00e9 en silicone \u00e0 haute r\u00e9sistance.","breadcrumb":{"@id":"https:\/\/www.credimex.ch\/fr\/produit\/dowsil-3145-2\/#breadcrumb"},"inLanguage":"fr-FR","potentialAction":[{"@type":"ReadAction","target":["https:\/\/www.credimex.ch\/fr\/produit\/dowsil-3145-2\/"]}]},{"@type":"ImageObject","inLanguage":"fr-FR","@id":"https:\/\/www.credimex.ch\/fr\/produit\/dowsil-3145-2\/#primaryimage","url":"https:\/\/www.credimex.ch\/wp-content\/uploads\/2022\/06\/dowsil-3145-rtv.jpeg","contentUrl":"https:\/\/www.credimex.ch\/wp-content\/uploads\/2022\/06\/dowsil-3145-rtv.jpeg","width":431,"height":431},{"@type":"BreadcrumbList","@id":"https:\/\/www.credimex.ch\/fr\/produit\/dowsil-3145-2\/#breadcrumb","itemListElement":[{"@type":"ListItem","position":1,"name":"Home","item":"https:\/\/www.credimex.ch\/fr\/"},{"@type":"ListItem","position":2,"name":"Produits","item":"https:\/\/www.credimex.ch\/fr\/produits\/"},{"@type":"ListItem","position":3,"name":"Dowsil 3145"}]},{"@type":"WebSite","@id":"https:\/\/www.credimex.ch\/fr\/#website","url":"https:\/\/www.credimex.ch\/fr\/","name":"CREDIMEX","description":"Partner of Swiss Industrial Market","publisher":{"@id":"https:\/\/www.credimex.ch\/fr\/#organization"},"potentialAction":[{"@type":"SearchAction","target":{"@type":"EntryPoint","urlTemplate":"https:\/\/www.credimex.ch\/fr\/?s={search_term_string}"},"query-input":{"@type":"PropertyValueSpecification","valueRequired":true,"valueName":"search_term_string"}}],"inLanguage":"fr-FR"},{"@type":"Organization","@id":"https:\/\/www.credimex.ch\/fr\/#organization","name":"credimex","url":"https:\/\/www.credimex.ch\/fr\/","logo":{"@type":"ImageObject","inLanguage":"fr-FR","@id":"https:\/\/www.credimex.ch\/fr\/#\/schema\/logo\/image\/","url":"https:\/\/www.credimex.ch\/wp-content\/uploads\/2022\/03\/cropped-logo-credimex.png","contentUrl":"https:\/\/www.credimex.ch\/wp-content\/uploads\/2022\/03\/cropped-logo-credimex.png","width":512,"height":512,"caption":"credimex"},"image":{"@id":"https:\/\/www.credimex.ch\/fr\/#\/schema\/logo\/image\/"},"sameAs":["https:\/\/www.facebook.com\/credimex.alpnach\/","https:\/\/www.linkedin.com\/company\/credimex\/","https:\/\/www.youtube.com\/@CREDIMEX?sub_confirmation=1"]}]}},"_links":{"self":[{"href":"https:\/\/www.credimex.ch\/fr\/wp-json\/wp\/v2\/product\/4179","targetHints":{"allow":["GET"]}}],"collection":[{"href":"https:\/\/www.credimex.ch\/fr\/wp-json\/wp\/v2\/product"}],"about":[{"href":"https:\/\/www.credimex.ch\/fr\/wp-json\/wp\/v2\/types\/product"}],"replies":[{"embeddable":true,"href":"https:\/\/www.credimex.ch\/fr\/wp-json\/wp\/v2\/comments?post=4179"}],"wp:featuredmedia":[{"embeddable":true,"href":"https:\/\/www.credimex.ch\/fr\/wp-json\/wp\/v2\/media\/3088"}],"wp:attachment":[{"href":"https:\/\/www.credimex.ch\/fr\/wp-json\/wp\/v2\/media?parent=4179"}],"wp:term":[{"taxonomy":"product_brand","embeddable":true,"href":"https:\/\/www.credimex.ch\/fr\/wp-json\/wp\/v2\/product_brand?post=4179"},{"taxonomy":"product_cat","embeddable":true,"href":"https:\/\/www.credimex.ch\/fr\/wp-json\/wp\/v2\/product_cat?post=4179"},{"taxonomy":"product_tag","embeddable":true,"href":"https:\/\/www.credimex.ch\/fr\/wp-json\/wp\/v2\/product_tag?post=4179"}],"curies":[{"name":"wp","href":"https:\/\/api.w.org\/{rel}","templated":true}]}}