{"id":4181,"date":"2022-06-03T09:34:19","date_gmt":"2022-06-03T07:34:19","guid":{"rendered":"https:\/\/www.credimex.ch.mialias.net\/product\/delo-delomat-101\/"},"modified":"2022-06-03T09:34:19","modified_gmt":"2022-06-03T07:34:19","slug":"delo-delomat-101-2","status":"publish","type":"product","link":"https:\/\/www.credimex.ch\/fr\/produit\/delo-delomat-101-2\/","title":{"rendered":"Delo Delomat 101"},"content":{"rendered":"<h2>Description<\/h2>\n<p>Avec le DELOMAT 101, vous disposez d&rsquo;une solution facile \u00e0 utiliser et \u00e9conomique pour un dosage reproductible. Adapt\u00e9 \u00e0 un grand nombre de liquides et de milieux p\u00e2teux, ce dispositif de dosage pression-temps montre ses atouts en tant que dispositif de table semi-automatique pour les petites s\u00e9ries et pour le d\u00e9veloppement de prototypes de haute pr\u00e9cision. Comme il peut \u00eatre command\u00e9 par un automate programmable, il peut \u00e9galement \u00eatre int\u00e9gr\u00e9 dans des syst\u00e8mes et fonctionner ainsi de mani\u00e8re enti\u00e8rement automatique. Cela vous offre une s\u00e9curit\u00e9 d&rsquo;investissement pour le d\u00e9marrage de votre production.<\/p>\n<h2>Avantages du produit<\/h2>\n<ul>\n<li>Dosage par pression temporelle<\/li>\n<li>Haute pr\u00e9cision et r\u00e9p\u00e9tabilit\u00e9<\/li>\n<li>Vide de confinement sans formation de gouttelettes pour les liquides \u00e0 faible viscosit\u00e9<\/li>\n<li>Contr\u00f4lable par PLC pour un dosage enti\u00e8rement automatique, s\u00e9curit\u00e9 d&rsquo;investissement gr\u00e2ce \u00e0 l&rsquo;\u00e9volutivit\u00e9.<\/li>\n<li>Faible encombrement<\/li>\n<li>La conception compacte simplifie l&rsquo;int\u00e9gration dans les syst\u00e8mes<\/li>\n<li>Longue dur\u00e9e de vie<\/li>\n<li>Bo\u00eetier en acier inoxydable de haute qualit\u00e9, rev\u00eatu de poudre et robuste.<\/li>\n<li>Chauffage de la cartouche en option<\/li>\n<li>Dosage plus facile des fluides \u00e0 haute viscosit\u00e9<\/li>\n<li>Pratiquement sans entretien<\/li>\n<li>Pas de pi\u00e8ces d&rsquo;usure, faibles co\u00fbts d&rsquo;immobilisation<\/li>\n<li>Fonctionnement intuitif gr\u00e2ce \u00e0 une navigation claire dans les menus<\/li>\n<li>Modifier les param\u00e8tres tels que la pression, le temps et la temp\u00e9rature \u00e0 l&rsquo;aide de quelques boutons.<\/li>\n<\/ul>\n<h2>Application<\/h2>\n<ul>\n<li>Adh\u00e9sifs<\/li>\n<li>Encapsulants<\/li>\n<li>P\u00e2te \u00e0 souder<\/li>\n<li>Graisses<\/li>\n<li>Plus de<\/li>\n<\/ul>\n","protected":false},"excerpt":{"rendered":"<p>Le <strong>Delo Delomat 101<\/strong> est une solution facile \u00e0 utiliser et \u00e9conomique pour un dosage reproductible.<\/p>\n","protected":false},"featured_media":3086,"comment_status":"open","ping_status":"closed","template":"","meta":{"_acf_changed":false},"product_brand":[],"product_cat":[340,451,376,411,384,360],"product_tag":[],"class_list":{"0":"post-4181","1":"product","2":"type-product","3":"status-publish","4":"has-post-thumbnail","6":"product_cat-automobile","7":"product_cat-delo","8":"product_cat-e-mobilite","9":"product_cat-electronique","10":"product_cat-energie","11":"product_cat-industrie-generale","12":"pa_brands-delo-fr","14":"first","15":"instock","16":"shipping-taxable","17":"product-type-simple"},"acf":[],"_yoast_wpseo_focuskw":"Delo Delomat 101","_yoast_wpseo_metadesc":"Le Delo Delomat 101 est une solution facile \u00e0 utiliser et \u00e9conomique pour un dosage reproductible.","yoast_head":"<!-- This site is optimized with the Yoast SEO Premium plugin v21.6 (Yoast SEO v27.4) - https:\/\/yoast.com\/product\/yoast-seo-premium-wordpress\/ -->\n<title>Delo Delomat 101 - CREDIMEX<\/title>\n<meta name=\"description\" content=\"Le Delo Delomat 101 est une solution facile \u00e0 utiliser et \u00e9conomique pour un dosage reproductible.\" \/>\n<meta name=\"robots\" content=\"index, follow, max-snippet:-1, max-image-preview:large, max-video-preview:-1\" \/>\n<link rel=\"canonical\" href=\"https:\/\/www.credimex.ch\/fr\/produit\/delo-delomat-101-2\/\" \/>\n<meta property=\"og:locale\" content=\"fr_FR\" \/>\n<meta property=\"og:type\" content=\"article\" \/>\n<meta property=\"og:title\" content=\"Delo Delomat 101\" \/>\n<meta property=\"og:description\" content=\"Le Delo Delomat 101 est une solution facile \u00e0 utiliser et \u00e9conomique pour un dosage reproductible.\" \/>\n<meta property=\"og:url\" content=\"https:\/\/www.credimex.ch\/fr\/produit\/delo-delomat-101-2\/\" \/>\n<meta property=\"og:site_name\" content=\"CREDIMEX\" \/>\n<meta property=\"article:publisher\" content=\"https:\/\/www.facebook.com\/credimex.alpnach\/\" \/>\n<meta property=\"og:image\" content=\"https:\/\/www.credimex.ch\/wp-content\/uploads\/2022\/06\/delomat101_15.jpeg\" \/>\n\t<meta property=\"og:image:width\" content=\"750\" \/>\n\t<meta property=\"og:image:height\" content=\"878\" \/>\n\t<meta property=\"og:image:type\" content=\"image\/jpeg\" \/>\n<meta name=\"twitter:card\" content=\"summary_large_image\" \/>\n<meta name=\"twitter:label1\" content=\"Dur\u00e9e de lecture estim\u00e9e\" \/>\n\t<meta name=\"twitter:data1\" content=\"1 minute\" \/>\n<script type=\"application\/ld+json\" class=\"yoast-schema-graph\">{\"@context\":\"https:\\\/\\\/schema.org\",\"@graph\":[{\"@type\":\"WebPage\",\"@id\":\"https:\\\/\\\/www.credimex.ch\\\/fr\\\/produit\\\/delo-delomat-101-2\\\/\",\"url\":\"https:\\\/\\\/www.credimex.ch\\\/fr\\\/produit\\\/delo-delomat-101-2\\\/\",\"name\":\"Delo Delomat 101 - CREDIMEX\",\"isPartOf\":{\"@id\":\"https:\\\/\\\/www.credimex.ch\\\/fr\\\/#website\"},\"primaryImageOfPage\":{\"@id\":\"https:\\\/\\\/www.credimex.ch\\\/fr\\\/produit\\\/delo-delomat-101-2\\\/#primaryimage\"},\"image\":{\"@id\":\"https:\\\/\\\/www.credimex.ch\\\/fr\\\/produit\\\/delo-delomat-101-2\\\/#primaryimage\"},\"thumbnailUrl\":\"https:\\\/\\\/www.credimex.ch\\\/wp-content\\\/uploads\\\/2022\\\/06\\\/delomat101_15.jpeg\",\"datePublished\":\"2022-06-03T07:34:19+00:00\",\"description\":\"Le Delo Delomat 101 est une solution facile \u00e0 utiliser et \u00e9conomique pour un dosage reproductible.\",\"breadcrumb\":{\"@id\":\"https:\\\/\\\/www.credimex.ch\\\/fr\\\/produit\\\/delo-delomat-101-2\\\/#breadcrumb\"},\"inLanguage\":\"fr-FR\",\"potentialAction\":[{\"@type\":\"ReadAction\",\"target\":[\"https:\\\/\\\/www.credimex.ch\\\/fr\\\/produit\\\/delo-delomat-101-2\\\/\"]}]},{\"@type\":\"ImageObject\",\"inLanguage\":\"fr-FR\",\"@id\":\"https:\\\/\\\/www.credimex.ch\\\/fr\\\/produit\\\/delo-delomat-101-2\\\/#primaryimage\",\"url\":\"https:\\\/\\\/www.credimex.ch\\\/wp-content\\\/uploads\\\/2022\\\/06\\\/delomat101_15.jpeg\",\"contentUrl\":\"https:\\\/\\\/www.credimex.ch\\\/wp-content\\\/uploads\\\/2022\\\/06\\\/delomat101_15.jpeg\",\"width\":750,\"height\":878},{\"@type\":\"BreadcrumbList\",\"@id\":\"https:\\\/\\\/www.credimex.ch\\\/fr\\\/produit\\\/delo-delomat-101-2\\\/#breadcrumb\",\"itemListElement\":[{\"@type\":\"ListItem\",\"position\":1,\"name\":\"Home\",\"item\":\"https:\\\/\\\/www.credimex.ch\\\/fr\\\/\"},{\"@type\":\"ListItem\",\"position\":2,\"name\":\"Produits\",\"item\":\"https:\\\/\\\/www.credimex.ch\\\/fr\\\/produits\\\/\"},{\"@type\":\"ListItem\",\"position\":3,\"name\":\"Delo Delomat 101\"}]},{\"@type\":\"WebSite\",\"@id\":\"https:\\\/\\\/www.credimex.ch\\\/fr\\\/#website\",\"url\":\"https:\\\/\\\/www.credimex.ch\\\/fr\\\/\",\"name\":\"CREDIMEX\",\"description\":\"Partner of Swiss Industrial Market\",\"publisher\":{\"@id\":\"https:\\\/\\\/www.credimex.ch\\\/fr\\\/#organization\"},\"potentialAction\":[{\"@type\":\"SearchAction\",\"target\":{\"@type\":\"EntryPoint\",\"urlTemplate\":\"https:\\\/\\\/www.credimex.ch\\\/fr\\\/?s={search_term_string}\"},\"query-input\":{\"@type\":\"PropertyValueSpecification\",\"valueRequired\":true,\"valueName\":\"search_term_string\"}}],\"inLanguage\":\"fr-FR\"},{\"@type\":\"Organization\",\"@id\":\"https:\\\/\\\/www.credimex.ch\\\/fr\\\/#organization\",\"name\":\"credimex\",\"url\":\"https:\\\/\\\/www.credimex.ch\\\/fr\\\/\",\"logo\":{\"@type\":\"ImageObject\",\"inLanguage\":\"fr-FR\",\"@id\":\"https:\\\/\\\/www.credimex.ch\\\/fr\\\/#\\\/schema\\\/logo\\\/image\\\/\",\"url\":\"https:\\\/\\\/www.credimex.ch\\\/wp-content\\\/uploads\\\/2022\\\/03\\\/cropped-logo-credimex.png\",\"contentUrl\":\"https:\\\/\\\/www.credimex.ch\\\/wp-content\\\/uploads\\\/2022\\\/03\\\/cropped-logo-credimex.png\",\"width\":512,\"height\":512,\"caption\":\"credimex\"},\"image\":{\"@id\":\"https:\\\/\\\/www.credimex.ch\\\/fr\\\/#\\\/schema\\\/logo\\\/image\\\/\"},\"sameAs\":[\"https:\\\/\\\/www.facebook.com\\\/credimex.alpnach\\\/\",\"https:\\\/\\\/www.linkedin.com\\\/company\\\/credimex\\\/\",\"https:\\\/\\\/www.youtube.com\\\/@CREDIMEX?sub_confirmation=1\"]}]}<\/script>\n<!-- \/ Yoast SEO Premium plugin. -->","yoast_head_json":{"title":"Delo Delomat 101 - CREDIMEX","description":"Le Delo Delomat 101 est une solution facile \u00e0 utiliser et \u00e9conomique pour un dosage reproductible.","robots":{"index":"index","follow":"follow","max-snippet":"max-snippet:-1","max-image-preview":"max-image-preview:large","max-video-preview":"max-video-preview:-1"},"canonical":"https:\/\/www.credimex.ch\/fr\/produit\/delo-delomat-101-2\/","og_locale":"fr_FR","og_type":"article","og_title":"Delo Delomat 101","og_description":"Le Delo Delomat 101 est une solution facile \u00e0 utiliser et \u00e9conomique pour un dosage reproductible.","og_url":"https:\/\/www.credimex.ch\/fr\/produit\/delo-delomat-101-2\/","og_site_name":"CREDIMEX","article_publisher":"https:\/\/www.facebook.com\/credimex.alpnach\/","og_image":[{"width":750,"height":878,"url":"https:\/\/www.credimex.ch\/wp-content\/uploads\/2022\/06\/delomat101_15.jpeg","type":"image\/jpeg"}],"twitter_card":"summary_large_image","twitter_misc":{"Dur\u00e9e de lecture estim\u00e9e":"1 minute"},"schema":{"@context":"https:\/\/schema.org","@graph":[{"@type":"WebPage","@id":"https:\/\/www.credimex.ch\/fr\/produit\/delo-delomat-101-2\/","url":"https:\/\/www.credimex.ch\/fr\/produit\/delo-delomat-101-2\/","name":"Delo Delomat 101 - CREDIMEX","isPartOf":{"@id":"https:\/\/www.credimex.ch\/fr\/#website"},"primaryImageOfPage":{"@id":"https:\/\/www.credimex.ch\/fr\/produit\/delo-delomat-101-2\/#primaryimage"},"image":{"@id":"https:\/\/www.credimex.ch\/fr\/produit\/delo-delomat-101-2\/#primaryimage"},"thumbnailUrl":"https:\/\/www.credimex.ch\/wp-content\/uploads\/2022\/06\/delomat101_15.jpeg","datePublished":"2022-06-03T07:34:19+00:00","description":"Le Delo Delomat 101 est une solution facile \u00e0 utiliser et \u00e9conomique pour un dosage reproductible.","breadcrumb":{"@id":"https:\/\/www.credimex.ch\/fr\/produit\/delo-delomat-101-2\/#breadcrumb"},"inLanguage":"fr-FR","potentialAction":[{"@type":"ReadAction","target":["https:\/\/www.credimex.ch\/fr\/produit\/delo-delomat-101-2\/"]}]},{"@type":"ImageObject","inLanguage":"fr-FR","@id":"https:\/\/www.credimex.ch\/fr\/produit\/delo-delomat-101-2\/#primaryimage","url":"https:\/\/www.credimex.ch\/wp-content\/uploads\/2022\/06\/delomat101_15.jpeg","contentUrl":"https:\/\/www.credimex.ch\/wp-content\/uploads\/2022\/06\/delomat101_15.jpeg","width":750,"height":878},{"@type":"BreadcrumbList","@id":"https:\/\/www.credimex.ch\/fr\/produit\/delo-delomat-101-2\/#breadcrumb","itemListElement":[{"@type":"ListItem","position":1,"name":"Home","item":"https:\/\/www.credimex.ch\/fr\/"},{"@type":"ListItem","position":2,"name":"Produits","item":"https:\/\/www.credimex.ch\/fr\/produits\/"},{"@type":"ListItem","position":3,"name":"Delo Delomat 101"}]},{"@type":"WebSite","@id":"https:\/\/www.credimex.ch\/fr\/#website","url":"https:\/\/www.credimex.ch\/fr\/","name":"CREDIMEX","description":"Partner of Swiss Industrial Market","publisher":{"@id":"https:\/\/www.credimex.ch\/fr\/#organization"},"potentialAction":[{"@type":"SearchAction","target":{"@type":"EntryPoint","urlTemplate":"https:\/\/www.credimex.ch\/fr\/?s={search_term_string}"},"query-input":{"@type":"PropertyValueSpecification","valueRequired":true,"valueName":"search_term_string"}}],"inLanguage":"fr-FR"},{"@type":"Organization","@id":"https:\/\/www.credimex.ch\/fr\/#organization","name":"credimex","url":"https:\/\/www.credimex.ch\/fr\/","logo":{"@type":"ImageObject","inLanguage":"fr-FR","@id":"https:\/\/www.credimex.ch\/fr\/#\/schema\/logo\/image\/","url":"https:\/\/www.credimex.ch\/wp-content\/uploads\/2022\/03\/cropped-logo-credimex.png","contentUrl":"https:\/\/www.credimex.ch\/wp-content\/uploads\/2022\/03\/cropped-logo-credimex.png","width":512,"height":512,"caption":"credimex"},"image":{"@id":"https:\/\/www.credimex.ch\/fr\/#\/schema\/logo\/image\/"},"sameAs":["https:\/\/www.facebook.com\/credimex.alpnach\/","https:\/\/www.linkedin.com\/company\/credimex\/","https:\/\/www.youtube.com\/@CREDIMEX?sub_confirmation=1"]}]}},"_links":{"self":[{"href":"https:\/\/www.credimex.ch\/fr\/wp-json\/wp\/v2\/product\/4181","targetHints":{"allow":["GET"]}}],"collection":[{"href":"https:\/\/www.credimex.ch\/fr\/wp-json\/wp\/v2\/product"}],"about":[{"href":"https:\/\/www.credimex.ch\/fr\/wp-json\/wp\/v2\/types\/product"}],"replies":[{"embeddable":true,"href":"https:\/\/www.credimex.ch\/fr\/wp-json\/wp\/v2\/comments?post=4181"}],"wp:featuredmedia":[{"embeddable":true,"href":"https:\/\/www.credimex.ch\/fr\/wp-json\/wp\/v2\/media\/3086"}],"wp:attachment":[{"href":"https:\/\/www.credimex.ch\/fr\/wp-json\/wp\/v2\/media?parent=4181"}],"wp:term":[{"taxonomy":"product_brand","embeddable":true,"href":"https:\/\/www.credimex.ch\/fr\/wp-json\/wp\/v2\/product_brand?post=4181"},{"taxonomy":"product_cat","embeddable":true,"href":"https:\/\/www.credimex.ch\/fr\/wp-json\/wp\/v2\/product_cat?post=4181"},{"taxonomy":"product_tag","embeddable":true,"href":"https:\/\/www.credimex.ch\/fr\/wp-json\/wp\/v2\/product_tag?post=4181"}],"curies":[{"name":"wp","href":"https:\/\/api.w.org\/{rel}","templated":true}]}}