{"id":4183,"date":"2022-06-03T09:21:23","date_gmt":"2022-06-03T07:21:23","guid":{"rendered":"https:\/\/www.credimex.ch.mialias.net\/product\/delo-delolux-80\/"},"modified":"2022-06-03T09:21:23","modified_gmt":"2022-06-03T07:21:23","slug":"delo-delolux-80-2","status":"publish","type":"product","link":"https:\/\/www.credimex.ch\/fr\/produit\/delo-delolux-80-2\/","title":{"rendered":"Delo Delolux 80"},"content":{"rendered":"<h2>Description<\/h2>\n<p>Durcissement de la colle en quelques secondes avec le projecteur LED de DELO.<\/p>\n<p>Gr\u00e2ce \u00e0 la toute derni\u00e8re technologie LED, le projecteur DELOLUX 80 LED est parfaitement adapt\u00e9 aux exigences du collage industriel. Le syst\u00e8me de lampe unique permet un durcissement rapide des adh\u00e9sifs photopolym\u00e9risables et UV &#8211; avec un rendement lumineux complet et stable imm\u00e9diatement apr\u00e8s l&rsquo;allumage et une intensit\u00e9 homog\u00e8ne sur toute la zone de rayonnement.<br \/>\nDur\u00e9e de vie 20 fois plus longue que celle que l&rsquo;on peut obtenir avec des LED.<\/p>\n<h2>Avantages du produit<\/h2>\n<ul>\n<li>Distribution homog\u00e8ne de la lumi\u00e8re et de la temp\u00e9rature sur toute la surface radiante.<\/li>\n<li>Sortie de lumi\u00e8re compl\u00e8te et stable imm\u00e9diatement apr\u00e8s l&rsquo;allumage<\/li>\n<li>L&rsquo;adh\u00e9sif durcit en quelques secondes<\/li>\n<li>Faibles co\u00fbts de fonctionnement (faible consommation \u00e9lectrique, faibles co\u00fbts d&rsquo;entretien et de pi\u00e8ces d\u00e9tach\u00e9es)<\/li>\n<li>Int\u00e9gration simple gr\u00e2ce au design compact et \u00e0 la t\u00eate de lampe avec alimentation flexible<\/li>\n<li>Intensit\u00e9 lumineuse r\u00e9glable en continu (pas d&rsquo;obturateur m\u00e9canique n\u00e9cessaire)<\/li>\n<li>Temps de cycle courts &#8211; fiabilit\u00e9 maximale du processus<\/li>\n<li>Possibilit\u00e9 d&rsquo;exposition continue<\/li>\n<\/ul>\n<p>Afin de maintenir une intensit\u00e9 lumineuse constante et de prolonger la dur\u00e9e de vie des LED, la temp\u00e9rature des modules LED doit \u00eatre surveill\u00e9e en permanence. En outre, les DEL ne sont pas contamin\u00e9es par l&rsquo;air de refroidissement et le processus de collage n&rsquo;est pas affect\u00e9.<\/p>\n<p>Un autre avantage du refroidissement liquide unique : La t\u00eate de lampe extr\u00eamement compacte est donc \u00e0 peine plus grande que la surface lumineuse elle-m\u00eame. Pour cette raison, le projecteur \u00e0 LED peut \u00eatre facilement int\u00e9gr\u00e9 dans les syst\u00e8mes de production, m\u00eame dans des conditions extr\u00eamement exigu\u00ebs.<\/p>\n<h2>Application<\/h2>\n<p>Le Delo Delolux 80 est facile \u00e0 int\u00e9grer dans les syst\u00e8mes de production, m\u00eame dans des conditions d&rsquo;installation extr\u00eamement exigu\u00ebs.<\/p>\n","protected":false},"excerpt":{"rendered":"<p><strong>Delo Delolux 80<\/strong> est un projecteur \u00e0 LED de DELO qui permet le durcissement des adh\u00e9sifs en quelques secondes.<\/p>\n","protected":false},"featured_media":3084,"comment_status":"open","ping_status":"closed","template":"","meta":{"_acf_changed":false},"product_brand":[],"product_cat":[340,451,376,411,384,360,504],"product_tag":[],"class_list":{"0":"post-4183","1":"product","2":"type-product","3":"status-publish","4":"has-post-thumbnail","6":"product_cat-automobile","7":"product_cat-delo","8":"product_cat-e-mobilite","9":"product_cat-electronique","10":"product_cat-energie","11":"product_cat-industrie-generale","12":"product_cat-lampes-uv","13":"pa_brands-delo-fr","15":"first","16":"instock","17":"shipping-taxable","18":"product-type-simple"},"acf":[],"_yoast_wpseo_focuskw":"Delo Delolux 80","_yoast_wpseo_metadesc":"Delo Delolux 80 est un projecteur \u00e0 LED de DELO qui permet le durcissement de la colle en quelques secondes.","yoast_head":"<!-- This site is optimized with the Yoast SEO Premium plugin v21.6 (Yoast SEO v27.4) - https:\/\/yoast.com\/product\/yoast-seo-premium-wordpress\/ -->\n<title>Delo Delolux 80 - CREDIMEX<\/title>\n<meta name=\"description\" content=\"Delo Delolux 80 est un projecteur \u00e0 LED de DELO qui permet le durcissement de la colle en quelques secondes.\" \/>\n<meta name=\"robots\" content=\"index, follow, max-snippet:-1, max-image-preview:large, max-video-preview:-1\" \/>\n<link rel=\"canonical\" href=\"https:\/\/www.credimex.ch\/fr\/produit\/delo-delolux-80-2\/\" \/>\n<meta property=\"og:locale\" content=\"fr_FR\" \/>\n<meta property=\"og:type\" content=\"article\" \/>\n<meta property=\"og:title\" content=\"Delo Delolux 80\" \/>\n<meta property=\"og:description\" content=\"Delo Delolux 80 est un projecteur \u00e0 LED de DELO qui permet le durcissement de la colle en quelques secondes.\" \/>\n<meta property=\"og:url\" content=\"https:\/\/www.credimex.ch\/fr\/produit\/delo-delolux-80-2\/\" \/>\n<meta property=\"og:site_name\" content=\"CREDIMEX\" \/>\n<meta property=\"article:publisher\" content=\"https:\/\/www.facebook.com\/credimex.alpnach\/\" \/>\n<meta property=\"og:image\" content=\"https:\/\/www.credimex.ch\/wp-content\/uploads\/2022\/06\/credimex-6.png\" \/>\n\t<meta property=\"og:image:width\" content=\"800\" \/>\n\t<meta property=\"og:image:height\" content=\"800\" \/>\n\t<meta property=\"og:image:type\" content=\"image\/png\" \/>\n<meta name=\"twitter:card\" content=\"summary_large_image\" \/>\n<meta name=\"twitter:label1\" content=\"Dur\u00e9e de lecture estim\u00e9e\" \/>\n\t<meta name=\"twitter:data1\" content=\"2 minutes\" \/>\n<script type=\"application\/ld+json\" class=\"yoast-schema-graph\">{\"@context\":\"https:\\\/\\\/schema.org\",\"@graph\":[{\"@type\":\"WebPage\",\"@id\":\"https:\\\/\\\/www.credimex.ch\\\/fr\\\/produit\\\/delo-delolux-80-2\\\/\",\"url\":\"https:\\\/\\\/www.credimex.ch\\\/fr\\\/produit\\\/delo-delolux-80-2\\\/\",\"name\":\"Delo Delolux 80 - CREDIMEX\",\"isPartOf\":{\"@id\":\"https:\\\/\\\/www.credimex.ch\\\/fr\\\/#website\"},\"primaryImageOfPage\":{\"@id\":\"https:\\\/\\\/www.credimex.ch\\\/fr\\\/produit\\\/delo-delolux-80-2\\\/#primaryimage\"},\"image\":{\"@id\":\"https:\\\/\\\/www.credimex.ch\\\/fr\\\/produit\\\/delo-delolux-80-2\\\/#primaryimage\"},\"thumbnailUrl\":\"https:\\\/\\\/www.credimex.ch\\\/wp-content\\\/uploads\\\/2022\\\/06\\\/credimex-6.png\",\"datePublished\":\"2022-06-03T07:21:23+00:00\",\"description\":\"Delo Delolux 80 est un projecteur \u00e0 LED de DELO qui permet le durcissement de la colle en quelques secondes.\",\"breadcrumb\":{\"@id\":\"https:\\\/\\\/www.credimex.ch\\\/fr\\\/produit\\\/delo-delolux-80-2\\\/#breadcrumb\"},\"inLanguage\":\"fr-FR\",\"potentialAction\":[{\"@type\":\"ReadAction\",\"target\":[\"https:\\\/\\\/www.credimex.ch\\\/fr\\\/produit\\\/delo-delolux-80-2\\\/\"]}]},{\"@type\":\"ImageObject\",\"inLanguage\":\"fr-FR\",\"@id\":\"https:\\\/\\\/www.credimex.ch\\\/fr\\\/produit\\\/delo-delolux-80-2\\\/#primaryimage\",\"url\":\"https:\\\/\\\/www.credimex.ch\\\/wp-content\\\/uploads\\\/2022\\\/06\\\/credimex-6.png\",\"contentUrl\":\"https:\\\/\\\/www.credimex.ch\\\/wp-content\\\/uploads\\\/2022\\\/06\\\/credimex-6.png\",\"width\":800,\"height\":800},{\"@type\":\"BreadcrumbList\",\"@id\":\"https:\\\/\\\/www.credimex.ch\\\/fr\\\/produit\\\/delo-delolux-80-2\\\/#breadcrumb\",\"itemListElement\":[{\"@type\":\"ListItem\",\"position\":1,\"name\":\"Home\",\"item\":\"https:\\\/\\\/www.credimex.ch\\\/fr\\\/\"},{\"@type\":\"ListItem\",\"position\":2,\"name\":\"Produits\",\"item\":\"https:\\\/\\\/www.credimex.ch\\\/fr\\\/produits\\\/\"},{\"@type\":\"ListItem\",\"position\":3,\"name\":\"Delo Delolux 80\"}]},{\"@type\":\"WebSite\",\"@id\":\"https:\\\/\\\/www.credimex.ch\\\/fr\\\/#website\",\"url\":\"https:\\\/\\\/www.credimex.ch\\\/fr\\\/\",\"name\":\"CREDIMEX\",\"description\":\"Partner of Swiss Industrial Market\",\"publisher\":{\"@id\":\"https:\\\/\\\/www.credimex.ch\\\/fr\\\/#organization\"},\"potentialAction\":[{\"@type\":\"SearchAction\",\"target\":{\"@type\":\"EntryPoint\",\"urlTemplate\":\"https:\\\/\\\/www.credimex.ch\\\/fr\\\/?s={search_term_string}\"},\"query-input\":{\"@type\":\"PropertyValueSpecification\",\"valueRequired\":true,\"valueName\":\"search_term_string\"}}],\"inLanguage\":\"fr-FR\"},{\"@type\":\"Organization\",\"@id\":\"https:\\\/\\\/www.credimex.ch\\\/fr\\\/#organization\",\"name\":\"credimex\",\"url\":\"https:\\\/\\\/www.credimex.ch\\\/fr\\\/\",\"logo\":{\"@type\":\"ImageObject\",\"inLanguage\":\"fr-FR\",\"@id\":\"https:\\\/\\\/www.credimex.ch\\\/fr\\\/#\\\/schema\\\/logo\\\/image\\\/\",\"url\":\"https:\\\/\\\/www.credimex.ch\\\/wp-content\\\/uploads\\\/2022\\\/03\\\/cropped-logo-credimex.png\",\"contentUrl\":\"https:\\\/\\\/www.credimex.ch\\\/wp-content\\\/uploads\\\/2022\\\/03\\\/cropped-logo-credimex.png\",\"width\":512,\"height\":512,\"caption\":\"credimex\"},\"image\":{\"@id\":\"https:\\\/\\\/www.credimex.ch\\\/fr\\\/#\\\/schema\\\/logo\\\/image\\\/\"},\"sameAs\":[\"https:\\\/\\\/www.facebook.com\\\/credimex.alpnach\\\/\",\"https:\\\/\\\/www.linkedin.com\\\/company\\\/credimex\\\/\",\"https:\\\/\\\/www.youtube.com\\\/@CREDIMEX?sub_confirmation=1\"]}]}<\/script>\n<!-- \/ Yoast SEO Premium plugin. -->","yoast_head_json":{"title":"Delo Delolux 80 - CREDIMEX","description":"Delo Delolux 80 est un projecteur \u00e0 LED de DELO qui permet le durcissement de la colle en quelques secondes.","robots":{"index":"index","follow":"follow","max-snippet":"max-snippet:-1","max-image-preview":"max-image-preview:large","max-video-preview":"max-video-preview:-1"},"canonical":"https:\/\/www.credimex.ch\/fr\/produit\/delo-delolux-80-2\/","og_locale":"fr_FR","og_type":"article","og_title":"Delo Delolux 80","og_description":"Delo Delolux 80 est un projecteur \u00e0 LED de DELO qui permet le durcissement de la colle en quelques secondes.","og_url":"https:\/\/www.credimex.ch\/fr\/produit\/delo-delolux-80-2\/","og_site_name":"CREDIMEX","article_publisher":"https:\/\/www.facebook.com\/credimex.alpnach\/","og_image":[{"width":800,"height":800,"url":"https:\/\/www.credimex.ch\/wp-content\/uploads\/2022\/06\/credimex-6.png","type":"image\/png"}],"twitter_card":"summary_large_image","twitter_misc":{"Dur\u00e9e de lecture estim\u00e9e":"2 minutes"},"schema":{"@context":"https:\/\/schema.org","@graph":[{"@type":"WebPage","@id":"https:\/\/www.credimex.ch\/fr\/produit\/delo-delolux-80-2\/","url":"https:\/\/www.credimex.ch\/fr\/produit\/delo-delolux-80-2\/","name":"Delo Delolux 80 - CREDIMEX","isPartOf":{"@id":"https:\/\/www.credimex.ch\/fr\/#website"},"primaryImageOfPage":{"@id":"https:\/\/www.credimex.ch\/fr\/produit\/delo-delolux-80-2\/#primaryimage"},"image":{"@id":"https:\/\/www.credimex.ch\/fr\/produit\/delo-delolux-80-2\/#primaryimage"},"thumbnailUrl":"https:\/\/www.credimex.ch\/wp-content\/uploads\/2022\/06\/credimex-6.png","datePublished":"2022-06-03T07:21:23+00:00","description":"Delo Delolux 80 est un projecteur \u00e0 LED de DELO qui permet le durcissement de la colle en quelques secondes.","breadcrumb":{"@id":"https:\/\/www.credimex.ch\/fr\/produit\/delo-delolux-80-2\/#breadcrumb"},"inLanguage":"fr-FR","potentialAction":[{"@type":"ReadAction","target":["https:\/\/www.credimex.ch\/fr\/produit\/delo-delolux-80-2\/"]}]},{"@type":"ImageObject","inLanguage":"fr-FR","@id":"https:\/\/www.credimex.ch\/fr\/produit\/delo-delolux-80-2\/#primaryimage","url":"https:\/\/www.credimex.ch\/wp-content\/uploads\/2022\/06\/credimex-6.png","contentUrl":"https:\/\/www.credimex.ch\/wp-content\/uploads\/2022\/06\/credimex-6.png","width":800,"height":800},{"@type":"BreadcrumbList","@id":"https:\/\/www.credimex.ch\/fr\/produit\/delo-delolux-80-2\/#breadcrumb","itemListElement":[{"@type":"ListItem","position":1,"name":"Home","item":"https:\/\/www.credimex.ch\/fr\/"},{"@type":"ListItem","position":2,"name":"Produits","item":"https:\/\/www.credimex.ch\/fr\/produits\/"},{"@type":"ListItem","position":3,"name":"Delo Delolux 80"}]},{"@type":"WebSite","@id":"https:\/\/www.credimex.ch\/fr\/#website","url":"https:\/\/www.credimex.ch\/fr\/","name":"CREDIMEX","description":"Partner of Swiss Industrial Market","publisher":{"@id":"https:\/\/www.credimex.ch\/fr\/#organization"},"potentialAction":[{"@type":"SearchAction","target":{"@type":"EntryPoint","urlTemplate":"https:\/\/www.credimex.ch\/fr\/?s={search_term_string}"},"query-input":{"@type":"PropertyValueSpecification","valueRequired":true,"valueName":"search_term_string"}}],"inLanguage":"fr-FR"},{"@type":"Organization","@id":"https:\/\/www.credimex.ch\/fr\/#organization","name":"credimex","url":"https:\/\/www.credimex.ch\/fr\/","logo":{"@type":"ImageObject","inLanguage":"fr-FR","@id":"https:\/\/www.credimex.ch\/fr\/#\/schema\/logo\/image\/","url":"https:\/\/www.credimex.ch\/wp-content\/uploads\/2022\/03\/cropped-logo-credimex.png","contentUrl":"https:\/\/www.credimex.ch\/wp-content\/uploads\/2022\/03\/cropped-logo-credimex.png","width":512,"height":512,"caption":"credimex"},"image":{"@id":"https:\/\/www.credimex.ch\/fr\/#\/schema\/logo\/image\/"},"sameAs":["https:\/\/www.facebook.com\/credimex.alpnach\/","https:\/\/www.linkedin.com\/company\/credimex\/","https:\/\/www.youtube.com\/@CREDIMEX?sub_confirmation=1"]}]}},"_links":{"self":[{"href":"https:\/\/www.credimex.ch\/fr\/wp-json\/wp\/v2\/product\/4183","targetHints":{"allow":["GET"]}}],"collection":[{"href":"https:\/\/www.credimex.ch\/fr\/wp-json\/wp\/v2\/product"}],"about":[{"href":"https:\/\/www.credimex.ch\/fr\/wp-json\/wp\/v2\/types\/product"}],"replies":[{"embeddable":true,"href":"https:\/\/www.credimex.ch\/fr\/wp-json\/wp\/v2\/comments?post=4183"}],"wp:featuredmedia":[{"embeddable":true,"href":"https:\/\/www.credimex.ch\/fr\/wp-json\/wp\/v2\/media\/3084"}],"wp:attachment":[{"href":"https:\/\/www.credimex.ch\/fr\/wp-json\/wp\/v2\/media?parent=4183"}],"wp:term":[{"taxonomy":"product_brand","embeddable":true,"href":"https:\/\/www.credimex.ch\/fr\/wp-json\/wp\/v2\/product_brand?post=4183"},{"taxonomy":"product_cat","embeddable":true,"href":"https:\/\/www.credimex.ch\/fr\/wp-json\/wp\/v2\/product_cat?post=4183"},{"taxonomy":"product_tag","embeddable":true,"href":"https:\/\/www.credimex.ch\/fr\/wp-json\/wp\/v2\/product_tag?post=4183"}],"curies":[{"name":"wp","href":"https:\/\/api.w.org\/{rel}","templated":true}]}}