{"id":4189,"date":"2022-06-02T13:03:14","date_gmt":"2022-06-02T11:03:14","guid":{"rendered":"https:\/\/www.credimex.ch.mialias.net\/product\/delo-delolux-50\/"},"modified":"2022-06-02T13:03:14","modified_gmt":"2022-06-02T11:03:14","slug":"delo-delolux-50-2","status":"publish","type":"product","link":"https:\/\/www.credimex.ch\/fr\/produit\/delo-delolux-50-2\/","title":{"rendered":"Delo Delolux 50"},"content":{"rendered":"<h2>Description<\/h2>\n<p>Le mod\u00e8le DELOLUX 50, fabriqu\u00e9 par DELO Industrial Adhesives, est une lampe \u00e0 polym\u00e9riser sp\u00e9cialement con\u00e7ue pour une polym\u00e9risation rapide et pr\u00e9cise des adh\u00e9sifs. Cette lampe LED se caract\u00e9rise par une dimension d&rsquo;installation tr\u00e8s compacte tout en offrant une intensit\u00e9 constante ainsi qu&rsquo;une grande fiabilit\u00e9. Cette construction permet une application sur de petites surfaces allant de 1 mm \u00e0 10 mm.<\/p>\n<ul>\n<li>Fixation par fil de bobine<\/li>\n<li>S\u00e9curiser la position des composants ajust\u00e9s individuellement<\/li>\n<li>Encapsulation de l&rsquo;\u00e9lectronique avec des couches adh\u00e9sives relativement fines et des surfaces de plusieurs millim\u00e8tres carr\u00e9s<\/li>\n<li>Collage des lentilles<\/li>\n<li>La bonne t\u00eate de LED pour chaque application<\/li>\n<li>Dur\u00e9e de vie utile r\u00e9alisable &gt; 20 000 heures<\/li>\n<li>Exposition de plusieurs \u00e9pissures \u00e9galement possible ind\u00e9pendamment les unes des autres<\/li>\n<li>Int\u00e9gration simple dans le syst\u00e8me de production gr\u00e2ce aux petites t\u00eates LED<\/li>\n<\/ul>\n<h2>Avantages du produit<\/h2>\n<p>L&rsquo;\u00e9metteur ponctuel DELOLUX 50 UV est particuli\u00e8rement adapt\u00e9 au durcissement tr\u00e8s rapide et pr\u00e9cis des adh\u00e9sifs. Gr\u00e2ce aux intensit\u00e9s \u00e9lev\u00e9es, jusqu&rsquo;\u00e0 12 000 mW\/cm\u00b2, des temps d&rsquo;exposition inf\u00e9rieurs \u00e0 une seconde peuvent \u00eatre obtenus avec la source lumineuse ponctuelle haute performance. Peu encombrantes et fiables : Les lampes UV ponctuelles DELO s\u00e9duisent non seulement par leur encombrement r\u00e9duit, mais aussi par leur intensit\u00e9 constante et la fiabilit\u00e9 des processus qui en d\u00e9coule.<\/p>\n<h2>Application<\/h2>\n<p>\u00c9metteur ponctuel UV pour le durcissement de minuscules unit\u00e9s adh\u00e9sives.<\/p>\n","protected":false},"excerpt":{"rendered":"<p>Le <strong>Delo Delolux 50<\/strong> est une lampe \u00e0 polym\u00e9riser sp\u00e9cialement con\u00e7ue pour la polym\u00e9risation rapide et pr\u00e9cise des adh\u00e9sifs.<\/p>\n","protected":false},"featured_media":3062,"comment_status":"open","ping_status":"closed","template":"","meta":{"_acf_changed":false},"product_brand":[],"product_cat":[340,451,376,411,384,360,504],"product_tag":[],"class_list":{"0":"post-4189","1":"product","2":"type-product","3":"status-publish","4":"has-post-thumbnail","6":"product_cat-automobile","7":"product_cat-delo","8":"product_cat-e-mobilite","9":"product_cat-electronique","10":"product_cat-energie","11":"product_cat-industrie-generale","12":"product_cat-lampes-uv","13":"pa_brands-delo-fr","15":"first","16":"instock","17":"shipping-taxable","18":"product-type-simple"},"acf":[],"_yoast_wpseo_focuskw":"Delo Delolux 50","_yoast_wpseo_metadesc":"Le Delo Delolux 50 est une lampe \u00e0 polym\u00e9riser sp\u00e9cialement con\u00e7ue pour la polym\u00e9risation rapide et pr\u00e9cise des adh\u00e9sifs.","yoast_head":"<!-- This site is optimized with the Yoast SEO Premium plugin v21.6 (Yoast SEO v27.4) - https:\/\/yoast.com\/product\/yoast-seo-premium-wordpress\/ -->\n<title>Delo Delolux 50 - CREDIMEX<\/title>\n<meta name=\"description\" content=\"Le Delo Delolux 50 est une lampe \u00e0 polym\u00e9riser sp\u00e9cialement con\u00e7ue pour la polym\u00e9risation rapide et pr\u00e9cise des adh\u00e9sifs.\" \/>\n<meta name=\"robots\" content=\"index, follow, max-snippet:-1, max-image-preview:large, max-video-preview:-1\" \/>\n<link rel=\"canonical\" href=\"https:\/\/www.credimex.ch\/fr\/produit\/delo-delolux-50-2\/\" \/>\n<meta property=\"og:locale\" content=\"fr_FR\" \/>\n<meta property=\"og:type\" content=\"article\" \/>\n<meta property=\"og:title\" content=\"Delo Delolux 50\" \/>\n<meta property=\"og:description\" content=\"Le Delo Delolux 50 est une lampe \u00e0 polym\u00e9riser sp\u00e9cialement con\u00e7ue pour la polym\u00e9risation rapide et pr\u00e9cise des adh\u00e9sifs.\" \/>\n<meta property=\"og:url\" content=\"https:\/\/www.credimex.ch\/fr\/produit\/delo-delolux-50-2\/\" \/>\n<meta property=\"og:site_name\" content=\"CREDIMEX\" \/>\n<meta property=\"article:publisher\" content=\"https:\/\/www.facebook.com\/credimex.alpnach\/\" \/>\n<meta property=\"og:image\" content=\"https:\/\/www.credimex.ch\/wp-content\/uploads\/2022\/06\/credimex-5.png\" \/>\n\t<meta property=\"og:image:width\" content=\"800\" \/>\n\t<meta property=\"og:image:height\" content=\"800\" \/>\n\t<meta property=\"og:image:type\" content=\"image\/png\" \/>\n<meta name=\"twitter:card\" content=\"summary_large_image\" \/>\n<meta name=\"twitter:label1\" content=\"Dur\u00e9e de lecture estim\u00e9e\" \/>\n\t<meta name=\"twitter:data1\" content=\"1 minute\" \/>\n<script type=\"application\/ld+json\" class=\"yoast-schema-graph\">{\"@context\":\"https:\\\/\\\/schema.org\",\"@graph\":[{\"@type\":\"WebPage\",\"@id\":\"https:\\\/\\\/www.credimex.ch\\\/fr\\\/produit\\\/delo-delolux-50-2\\\/\",\"url\":\"https:\\\/\\\/www.credimex.ch\\\/fr\\\/produit\\\/delo-delolux-50-2\\\/\",\"name\":\"Delo Delolux 50 - CREDIMEX\",\"isPartOf\":{\"@id\":\"https:\\\/\\\/www.credimex.ch\\\/fr\\\/#website\"},\"primaryImageOfPage\":{\"@id\":\"https:\\\/\\\/www.credimex.ch\\\/fr\\\/produit\\\/delo-delolux-50-2\\\/#primaryimage\"},\"image\":{\"@id\":\"https:\\\/\\\/www.credimex.ch\\\/fr\\\/produit\\\/delo-delolux-50-2\\\/#primaryimage\"},\"thumbnailUrl\":\"https:\\\/\\\/www.credimex.ch\\\/wp-content\\\/uploads\\\/2022\\\/06\\\/credimex-5.png\",\"datePublished\":\"2022-06-02T11:03:14+00:00\",\"description\":\"Le Delo Delolux 50 est une lampe \u00e0 polym\u00e9riser sp\u00e9cialement con\u00e7ue pour la polym\u00e9risation rapide et pr\u00e9cise des adh\u00e9sifs.\",\"breadcrumb\":{\"@id\":\"https:\\\/\\\/www.credimex.ch\\\/fr\\\/produit\\\/delo-delolux-50-2\\\/#breadcrumb\"},\"inLanguage\":\"fr-FR\",\"potentialAction\":[{\"@type\":\"ReadAction\",\"target\":[\"https:\\\/\\\/www.credimex.ch\\\/fr\\\/produit\\\/delo-delolux-50-2\\\/\"]}]},{\"@type\":\"ImageObject\",\"inLanguage\":\"fr-FR\",\"@id\":\"https:\\\/\\\/www.credimex.ch\\\/fr\\\/produit\\\/delo-delolux-50-2\\\/#primaryimage\",\"url\":\"https:\\\/\\\/www.credimex.ch\\\/wp-content\\\/uploads\\\/2022\\\/06\\\/credimex-5.png\",\"contentUrl\":\"https:\\\/\\\/www.credimex.ch\\\/wp-content\\\/uploads\\\/2022\\\/06\\\/credimex-5.png\",\"width\":800,\"height\":800},{\"@type\":\"BreadcrumbList\",\"@id\":\"https:\\\/\\\/www.credimex.ch\\\/fr\\\/produit\\\/delo-delolux-50-2\\\/#breadcrumb\",\"itemListElement\":[{\"@type\":\"ListItem\",\"position\":1,\"name\":\"Home\",\"item\":\"https:\\\/\\\/www.credimex.ch\\\/fr\\\/\"},{\"@type\":\"ListItem\",\"position\":2,\"name\":\"Produits\",\"item\":\"https:\\\/\\\/www.credimex.ch\\\/fr\\\/produits\\\/\"},{\"@type\":\"ListItem\",\"position\":3,\"name\":\"Delo Delolux 50\"}]},{\"@type\":\"WebSite\",\"@id\":\"https:\\\/\\\/www.credimex.ch\\\/fr\\\/#website\",\"url\":\"https:\\\/\\\/www.credimex.ch\\\/fr\\\/\",\"name\":\"CREDIMEX\",\"description\":\"Partner of Swiss Industrial Market\",\"publisher\":{\"@id\":\"https:\\\/\\\/www.credimex.ch\\\/fr\\\/#organization\"},\"potentialAction\":[{\"@type\":\"SearchAction\",\"target\":{\"@type\":\"EntryPoint\",\"urlTemplate\":\"https:\\\/\\\/www.credimex.ch\\\/fr\\\/?s={search_term_string}\"},\"query-input\":{\"@type\":\"PropertyValueSpecification\",\"valueRequired\":true,\"valueName\":\"search_term_string\"}}],\"inLanguage\":\"fr-FR\"},{\"@type\":\"Organization\",\"@id\":\"https:\\\/\\\/www.credimex.ch\\\/fr\\\/#organization\",\"name\":\"credimex\",\"url\":\"https:\\\/\\\/www.credimex.ch\\\/fr\\\/\",\"logo\":{\"@type\":\"ImageObject\",\"inLanguage\":\"fr-FR\",\"@id\":\"https:\\\/\\\/www.credimex.ch\\\/fr\\\/#\\\/schema\\\/logo\\\/image\\\/\",\"url\":\"https:\\\/\\\/www.credimex.ch\\\/wp-content\\\/uploads\\\/2022\\\/03\\\/cropped-logo-credimex.png\",\"contentUrl\":\"https:\\\/\\\/www.credimex.ch\\\/wp-content\\\/uploads\\\/2022\\\/03\\\/cropped-logo-credimex.png\",\"width\":512,\"height\":512,\"caption\":\"credimex\"},\"image\":{\"@id\":\"https:\\\/\\\/www.credimex.ch\\\/fr\\\/#\\\/schema\\\/logo\\\/image\\\/\"},\"sameAs\":[\"https:\\\/\\\/www.facebook.com\\\/credimex.alpnach\\\/\",\"https:\\\/\\\/www.linkedin.com\\\/company\\\/credimex\\\/\",\"https:\\\/\\\/www.youtube.com\\\/@CREDIMEX?sub_confirmation=1\"]}]}<\/script>\n<!-- \/ Yoast SEO Premium plugin. -->","yoast_head_json":{"title":"Delo Delolux 50 - CREDIMEX","description":"Le Delo Delolux 50 est une lampe \u00e0 polym\u00e9riser sp\u00e9cialement con\u00e7ue pour la polym\u00e9risation rapide et pr\u00e9cise des adh\u00e9sifs.","robots":{"index":"index","follow":"follow","max-snippet":"max-snippet:-1","max-image-preview":"max-image-preview:large","max-video-preview":"max-video-preview:-1"},"canonical":"https:\/\/www.credimex.ch\/fr\/produit\/delo-delolux-50-2\/","og_locale":"fr_FR","og_type":"article","og_title":"Delo Delolux 50","og_description":"Le Delo Delolux 50 est une lampe \u00e0 polym\u00e9riser sp\u00e9cialement con\u00e7ue pour la polym\u00e9risation rapide et pr\u00e9cise des adh\u00e9sifs.","og_url":"https:\/\/www.credimex.ch\/fr\/produit\/delo-delolux-50-2\/","og_site_name":"CREDIMEX","article_publisher":"https:\/\/www.facebook.com\/credimex.alpnach\/","og_image":[{"width":800,"height":800,"url":"https:\/\/www.credimex.ch\/wp-content\/uploads\/2022\/06\/credimex-5.png","type":"image\/png"}],"twitter_card":"summary_large_image","twitter_misc":{"Dur\u00e9e de lecture estim\u00e9e":"1 minute"},"schema":{"@context":"https:\/\/schema.org","@graph":[{"@type":"WebPage","@id":"https:\/\/www.credimex.ch\/fr\/produit\/delo-delolux-50-2\/","url":"https:\/\/www.credimex.ch\/fr\/produit\/delo-delolux-50-2\/","name":"Delo Delolux 50 - CREDIMEX","isPartOf":{"@id":"https:\/\/www.credimex.ch\/fr\/#website"},"primaryImageOfPage":{"@id":"https:\/\/www.credimex.ch\/fr\/produit\/delo-delolux-50-2\/#primaryimage"},"image":{"@id":"https:\/\/www.credimex.ch\/fr\/produit\/delo-delolux-50-2\/#primaryimage"},"thumbnailUrl":"https:\/\/www.credimex.ch\/wp-content\/uploads\/2022\/06\/credimex-5.png","datePublished":"2022-06-02T11:03:14+00:00","description":"Le Delo Delolux 50 est une lampe \u00e0 polym\u00e9riser sp\u00e9cialement con\u00e7ue pour la polym\u00e9risation rapide et pr\u00e9cise des adh\u00e9sifs.","breadcrumb":{"@id":"https:\/\/www.credimex.ch\/fr\/produit\/delo-delolux-50-2\/#breadcrumb"},"inLanguage":"fr-FR","potentialAction":[{"@type":"ReadAction","target":["https:\/\/www.credimex.ch\/fr\/produit\/delo-delolux-50-2\/"]}]},{"@type":"ImageObject","inLanguage":"fr-FR","@id":"https:\/\/www.credimex.ch\/fr\/produit\/delo-delolux-50-2\/#primaryimage","url":"https:\/\/www.credimex.ch\/wp-content\/uploads\/2022\/06\/credimex-5.png","contentUrl":"https:\/\/www.credimex.ch\/wp-content\/uploads\/2022\/06\/credimex-5.png","width":800,"height":800},{"@type":"BreadcrumbList","@id":"https:\/\/www.credimex.ch\/fr\/produit\/delo-delolux-50-2\/#breadcrumb","itemListElement":[{"@type":"ListItem","position":1,"name":"Home","item":"https:\/\/www.credimex.ch\/fr\/"},{"@type":"ListItem","position":2,"name":"Produits","item":"https:\/\/www.credimex.ch\/fr\/produits\/"},{"@type":"ListItem","position":3,"name":"Delo Delolux 50"}]},{"@type":"WebSite","@id":"https:\/\/www.credimex.ch\/fr\/#website","url":"https:\/\/www.credimex.ch\/fr\/","name":"CREDIMEX","description":"Partner of Swiss Industrial Market","publisher":{"@id":"https:\/\/www.credimex.ch\/fr\/#organization"},"potentialAction":[{"@type":"SearchAction","target":{"@type":"EntryPoint","urlTemplate":"https:\/\/www.credimex.ch\/fr\/?s={search_term_string}"},"query-input":{"@type":"PropertyValueSpecification","valueRequired":true,"valueName":"search_term_string"}}],"inLanguage":"fr-FR"},{"@type":"Organization","@id":"https:\/\/www.credimex.ch\/fr\/#organization","name":"credimex","url":"https:\/\/www.credimex.ch\/fr\/","logo":{"@type":"ImageObject","inLanguage":"fr-FR","@id":"https:\/\/www.credimex.ch\/fr\/#\/schema\/logo\/image\/","url":"https:\/\/www.credimex.ch\/wp-content\/uploads\/2022\/03\/cropped-logo-credimex.png","contentUrl":"https:\/\/www.credimex.ch\/wp-content\/uploads\/2022\/03\/cropped-logo-credimex.png","width":512,"height":512,"caption":"credimex"},"image":{"@id":"https:\/\/www.credimex.ch\/fr\/#\/schema\/logo\/image\/"},"sameAs":["https:\/\/www.facebook.com\/credimex.alpnach\/","https:\/\/www.linkedin.com\/company\/credimex\/","https:\/\/www.youtube.com\/@CREDIMEX?sub_confirmation=1"]}]}},"_links":{"self":[{"href":"https:\/\/www.credimex.ch\/fr\/wp-json\/wp\/v2\/product\/4189","targetHints":{"allow":["GET"]}}],"collection":[{"href":"https:\/\/www.credimex.ch\/fr\/wp-json\/wp\/v2\/product"}],"about":[{"href":"https:\/\/www.credimex.ch\/fr\/wp-json\/wp\/v2\/types\/product"}],"replies":[{"embeddable":true,"href":"https:\/\/www.credimex.ch\/fr\/wp-json\/wp\/v2\/comments?post=4189"}],"wp:featuredmedia":[{"embeddable":true,"href":"https:\/\/www.credimex.ch\/fr\/wp-json\/wp\/v2\/media\/3062"}],"wp:attachment":[{"href":"https:\/\/www.credimex.ch\/fr\/wp-json\/wp\/v2\/media?parent=4189"}],"wp:term":[{"taxonomy":"product_brand","embeddable":true,"href":"https:\/\/www.credimex.ch\/fr\/wp-json\/wp\/v2\/product_brand?post=4189"},{"taxonomy":"product_cat","embeddable":true,"href":"https:\/\/www.credimex.ch\/fr\/wp-json\/wp\/v2\/product_cat?post=4189"},{"taxonomy":"product_tag","embeddable":true,"href":"https:\/\/www.credimex.ch\/fr\/wp-json\/wp\/v2\/product_tag?post=4189"}],"curies":[{"name":"wp","href":"https:\/\/api.w.org\/{rel}","templated":true}]}}