{"id":4191,"date":"2022-06-02T12:41:50","date_gmt":"2022-06-02T10:41:50","guid":{"rendered":"https:\/\/www.credimex.ch.mialias.net\/product\/delo-delolux-20-202\/"},"modified":"2022-06-02T12:41:50","modified_gmt":"2022-06-02T10:41:50","slug":"delo-delolux-20-202-2","status":"publish","type":"product","link":"https:\/\/www.credimex.ch\/fr\/produit\/delo-delolux-20-202-2\/","title":{"rendered":"Delo Delolux 20\/202"},"content":{"rendered":"<h2>Description<\/h2>\n<p>Les DELOLUX 20 et DELOLUX 202 sont des lampes UV \u00e0 flux continu. Distribuant la lumi\u00e8re de mani\u00e8re homog\u00e8ne, une lampe \u00e0 faisceau large permet de traiter de plus grandes surfaces en quelques secondes.<\/p>\n<ul>\n<li>Technologie d&rsquo;illumination : LED<\/li>\n<li>Spectre-UV<\/li>\n<li>Longueur d&rsquo;onde &#8211; Min. : 365 nm &#8211; Max. : 460 nm<\/li>\n<li>Puissance de sortie Min. : 600 W (0.81577 hp) &#8211; Max. : 2,000,000 W (2,719.24231 hp)<\/li>\n<\/ul>\n<h2>Avantages du produit<\/h2>\n<p>Nos projecteurs \u00e0 LED peuvent \u00eatre adapt\u00e9s aux param\u00e8tres de production individuels et int\u00e9gr\u00e9s de mani\u00e8re flexible dans des lignes d&rsquo;assemblage enti\u00e8rement automatis\u00e9es. Elles sont particuli\u00e8rement adapt\u00e9es aux grandes surfaces qui n\u00e9cessitent un \u00e9clairage constant pour la polym\u00e9risation : En pla\u00e7ant les lampes DELOLUX 20 ou DELOLUX 202 en ligne, il est possible d&rsquo;\u00e9clairer uniform\u00e9ment de grandes surfaces d&rsquo;adh\u00e9sion. La connexion en s\u00e9rie de ces lampes de polym\u00e9risation \u00e0 LED est possible sur les axes x et y.<\/p>\n<p>Un autre avantage de ces lampes \u00e0 flux : Gr\u00e2ce \u00e0 la source de lumi\u00e8re froide, le d\u00e9veloppement de chaleur sur le composant est tr\u00e8s faible. En outre, ce type de projecteur pr\u00e9sente une tr\u00e8s longue dur\u00e9e de vie et une intensit\u00e9 lumineuse parfaitement homog\u00e8ne &#8211; pour des r\u00e9sultats de polym\u00e9risation optimaux tout au long de leur cycle de vie.<\/p>\n<h2>Application<\/h2>\n<ul>\n<li>Applications techniques &#8211; pour le durcissement des adh\u00e9sifs<\/li>\n<\/ul>\n","protected":false},"excerpt":{"rendered":"<p>Les <strong>Delo Delolux 20\/202<\/strong> sont des lampes UV de type flood. Distribuant la lumi\u00e8re de mani\u00e8re homog\u00e8ne, une lampe \u00e0 faisceau large permet de traiter de plus grandes surfaces en quelques secondes.<\/p>\n","protected":false},"featured_media":3060,"comment_status":"open","ping_status":"closed","template":"","meta":{"_acf_changed":false},"product_brand":[],"product_cat":[340,451,376,411,384,360,504],"product_tag":[],"class_list":{"0":"post-4191","1":"product","2":"type-product","3":"status-publish","4":"has-post-thumbnail","6":"product_cat-automobile","7":"product_cat-delo","8":"product_cat-e-mobilite","9":"product_cat-electronique","10":"product_cat-energie","11":"product_cat-industrie-generale","12":"product_cat-lampes-uv","13":"pa_brands-delo-fr","15":"first","16":"instock","17":"shipping-taxable","18":"product-type-simple"},"acf":[],"_yoast_wpseo_focuskw":"Delo Delolux 20\/202","_yoast_wpseo_metadesc":"Les Delo Delolux 20\/202 sont des lampes UV de type flood. Distribuant la lumi\u00e8re de mani\u00e8re homog\u00e8ne, une lampe \u00e0 faisceau large permet de traiter de plus grandes surfaces en quelques secondes.","yoast_head":"<!-- This site is optimized with the Yoast SEO Premium plugin v21.6 (Yoast SEO v27.4) - https:\/\/yoast.com\/product\/yoast-seo-premium-wordpress\/ -->\n<title>Delo Delolux 20\/202 - CREDIMEX<\/title>\n<meta name=\"description\" content=\"Les Delo Delolux 20\/202 sont des lampes UV de type flood. Distribuant la lumi\u00e8re de mani\u00e8re homog\u00e8ne, une lampe \u00e0 faisceau large permet de traiter de plus grandes surfaces en quelques secondes.\" \/>\n<meta name=\"robots\" content=\"index, follow, max-snippet:-1, max-image-preview:large, max-video-preview:-1\" \/>\n<link rel=\"canonical\" href=\"https:\/\/www.credimex.ch\/fr\/produit\/delo-delolux-20-202-2\/\" \/>\n<meta property=\"og:locale\" content=\"fr_FR\" \/>\n<meta property=\"og:type\" content=\"article\" \/>\n<meta property=\"og:title\" content=\"Delo Delolux 20\/202\" \/>\n<meta property=\"og:description\" content=\"Les Delo Delolux 20\/202 sont des lampes UV de type flood. Distribuant la lumi\u00e8re de mani\u00e8re homog\u00e8ne, une lampe \u00e0 faisceau large permet de traiter de plus grandes surfaces en quelques secondes.\" \/>\n<meta property=\"og:url\" content=\"https:\/\/www.credimex.ch\/fr\/produit\/delo-delolux-20-202-2\/\" \/>\n<meta property=\"og:site_name\" content=\"CREDIMEX\" \/>\n<meta property=\"article:publisher\" content=\"https:\/\/www.facebook.com\/credimex.alpnach\/\" \/>\n<meta property=\"og:image\" content=\"https:\/\/www.credimex.ch\/wp-content\/uploads\/2022\/06\/credimex-4.png\" \/>\n\t<meta property=\"og:image:width\" content=\"800\" \/>\n\t<meta property=\"og:image:height\" content=\"800\" \/>\n\t<meta property=\"og:image:type\" content=\"image\/png\" \/>\n<meta name=\"twitter:card\" content=\"summary_large_image\" \/>\n<meta name=\"twitter:label1\" content=\"Dur\u00e9e de lecture estim\u00e9e\" \/>\n\t<meta name=\"twitter:data1\" content=\"1 minute\" \/>\n<script type=\"application\/ld+json\" class=\"yoast-schema-graph\">{\"@context\":\"https:\\\/\\\/schema.org\",\"@graph\":[{\"@type\":\"WebPage\",\"@id\":\"https:\\\/\\\/www.credimex.ch\\\/fr\\\/produit\\\/delo-delolux-20-202-2\\\/\",\"url\":\"https:\\\/\\\/www.credimex.ch\\\/fr\\\/produit\\\/delo-delolux-20-202-2\\\/\",\"name\":\"Delo Delolux 20\\\/202 - CREDIMEX\",\"isPartOf\":{\"@id\":\"https:\\\/\\\/www.credimex.ch\\\/fr\\\/#website\"},\"primaryImageOfPage\":{\"@id\":\"https:\\\/\\\/www.credimex.ch\\\/fr\\\/produit\\\/delo-delolux-20-202-2\\\/#primaryimage\"},\"image\":{\"@id\":\"https:\\\/\\\/www.credimex.ch\\\/fr\\\/produit\\\/delo-delolux-20-202-2\\\/#primaryimage\"},\"thumbnailUrl\":\"https:\\\/\\\/www.credimex.ch\\\/wp-content\\\/uploads\\\/2022\\\/06\\\/credimex-4.png\",\"datePublished\":\"2022-06-02T10:41:50+00:00\",\"description\":\"Les Delo Delolux 20\\\/202 sont des lampes UV de type flood. Distribuant la lumi\u00e8re de mani\u00e8re homog\u00e8ne, une lampe \u00e0 faisceau large permet de traiter de plus grandes surfaces en quelques secondes.\",\"breadcrumb\":{\"@id\":\"https:\\\/\\\/www.credimex.ch\\\/fr\\\/produit\\\/delo-delolux-20-202-2\\\/#breadcrumb\"},\"inLanguage\":\"fr-FR\",\"potentialAction\":[{\"@type\":\"ReadAction\",\"target\":[\"https:\\\/\\\/www.credimex.ch\\\/fr\\\/produit\\\/delo-delolux-20-202-2\\\/\"]}]},{\"@type\":\"ImageObject\",\"inLanguage\":\"fr-FR\",\"@id\":\"https:\\\/\\\/www.credimex.ch\\\/fr\\\/produit\\\/delo-delolux-20-202-2\\\/#primaryimage\",\"url\":\"https:\\\/\\\/www.credimex.ch\\\/wp-content\\\/uploads\\\/2022\\\/06\\\/credimex-4.png\",\"contentUrl\":\"https:\\\/\\\/www.credimex.ch\\\/wp-content\\\/uploads\\\/2022\\\/06\\\/credimex-4.png\",\"width\":800,\"height\":800},{\"@type\":\"BreadcrumbList\",\"@id\":\"https:\\\/\\\/www.credimex.ch\\\/fr\\\/produit\\\/delo-delolux-20-202-2\\\/#breadcrumb\",\"itemListElement\":[{\"@type\":\"ListItem\",\"position\":1,\"name\":\"Home\",\"item\":\"https:\\\/\\\/www.credimex.ch\\\/fr\\\/\"},{\"@type\":\"ListItem\",\"position\":2,\"name\":\"Produits\",\"item\":\"https:\\\/\\\/www.credimex.ch\\\/fr\\\/produits\\\/\"},{\"@type\":\"ListItem\",\"position\":3,\"name\":\"Delo Delolux 20\\\/202\"}]},{\"@type\":\"WebSite\",\"@id\":\"https:\\\/\\\/www.credimex.ch\\\/fr\\\/#website\",\"url\":\"https:\\\/\\\/www.credimex.ch\\\/fr\\\/\",\"name\":\"CREDIMEX\",\"description\":\"Partner of Swiss Industrial Market\",\"publisher\":{\"@id\":\"https:\\\/\\\/www.credimex.ch\\\/fr\\\/#organization\"},\"potentialAction\":[{\"@type\":\"SearchAction\",\"target\":{\"@type\":\"EntryPoint\",\"urlTemplate\":\"https:\\\/\\\/www.credimex.ch\\\/fr\\\/?s={search_term_string}\"},\"query-input\":{\"@type\":\"PropertyValueSpecification\",\"valueRequired\":true,\"valueName\":\"search_term_string\"}}],\"inLanguage\":\"fr-FR\"},{\"@type\":\"Organization\",\"@id\":\"https:\\\/\\\/www.credimex.ch\\\/fr\\\/#organization\",\"name\":\"credimex\",\"url\":\"https:\\\/\\\/www.credimex.ch\\\/fr\\\/\",\"logo\":{\"@type\":\"ImageObject\",\"inLanguage\":\"fr-FR\",\"@id\":\"https:\\\/\\\/www.credimex.ch\\\/fr\\\/#\\\/schema\\\/logo\\\/image\\\/\",\"url\":\"https:\\\/\\\/www.credimex.ch\\\/wp-content\\\/uploads\\\/2022\\\/03\\\/cropped-logo-credimex.png\",\"contentUrl\":\"https:\\\/\\\/www.credimex.ch\\\/wp-content\\\/uploads\\\/2022\\\/03\\\/cropped-logo-credimex.png\",\"width\":512,\"height\":512,\"caption\":\"credimex\"},\"image\":{\"@id\":\"https:\\\/\\\/www.credimex.ch\\\/fr\\\/#\\\/schema\\\/logo\\\/image\\\/\"},\"sameAs\":[\"https:\\\/\\\/www.facebook.com\\\/credimex.alpnach\\\/\",\"https:\\\/\\\/www.linkedin.com\\\/company\\\/credimex\\\/\",\"https:\\\/\\\/www.youtube.com\\\/@CREDIMEX?sub_confirmation=1\"]}]}<\/script>\n<!-- \/ Yoast SEO Premium plugin. -->","yoast_head_json":{"title":"Delo Delolux 20\/202 - CREDIMEX","description":"Les Delo Delolux 20\/202 sont des lampes UV de type flood. Distribuant la lumi\u00e8re de mani\u00e8re homog\u00e8ne, une lampe \u00e0 faisceau large permet de traiter de plus grandes surfaces en quelques secondes.","robots":{"index":"index","follow":"follow","max-snippet":"max-snippet:-1","max-image-preview":"max-image-preview:large","max-video-preview":"max-video-preview:-1"},"canonical":"https:\/\/www.credimex.ch\/fr\/produit\/delo-delolux-20-202-2\/","og_locale":"fr_FR","og_type":"article","og_title":"Delo Delolux 20\/202","og_description":"Les Delo Delolux 20\/202 sont des lampes UV de type flood. Distribuant la lumi\u00e8re de mani\u00e8re homog\u00e8ne, une lampe \u00e0 faisceau large permet de traiter de plus grandes surfaces en quelques secondes.","og_url":"https:\/\/www.credimex.ch\/fr\/produit\/delo-delolux-20-202-2\/","og_site_name":"CREDIMEX","article_publisher":"https:\/\/www.facebook.com\/credimex.alpnach\/","og_image":[{"width":800,"height":800,"url":"https:\/\/www.credimex.ch\/wp-content\/uploads\/2022\/06\/credimex-4.png","type":"image\/png"}],"twitter_card":"summary_large_image","twitter_misc":{"Dur\u00e9e de lecture estim\u00e9e":"1 minute"},"schema":{"@context":"https:\/\/schema.org","@graph":[{"@type":"WebPage","@id":"https:\/\/www.credimex.ch\/fr\/produit\/delo-delolux-20-202-2\/","url":"https:\/\/www.credimex.ch\/fr\/produit\/delo-delolux-20-202-2\/","name":"Delo Delolux 20\/202 - CREDIMEX","isPartOf":{"@id":"https:\/\/www.credimex.ch\/fr\/#website"},"primaryImageOfPage":{"@id":"https:\/\/www.credimex.ch\/fr\/produit\/delo-delolux-20-202-2\/#primaryimage"},"image":{"@id":"https:\/\/www.credimex.ch\/fr\/produit\/delo-delolux-20-202-2\/#primaryimage"},"thumbnailUrl":"https:\/\/www.credimex.ch\/wp-content\/uploads\/2022\/06\/credimex-4.png","datePublished":"2022-06-02T10:41:50+00:00","description":"Les Delo Delolux 20\/202 sont des lampes UV de type flood. Distribuant la lumi\u00e8re de mani\u00e8re homog\u00e8ne, une lampe \u00e0 faisceau large permet de traiter de plus grandes surfaces en quelques secondes.","breadcrumb":{"@id":"https:\/\/www.credimex.ch\/fr\/produit\/delo-delolux-20-202-2\/#breadcrumb"},"inLanguage":"fr-FR","potentialAction":[{"@type":"ReadAction","target":["https:\/\/www.credimex.ch\/fr\/produit\/delo-delolux-20-202-2\/"]}]},{"@type":"ImageObject","inLanguage":"fr-FR","@id":"https:\/\/www.credimex.ch\/fr\/produit\/delo-delolux-20-202-2\/#primaryimage","url":"https:\/\/www.credimex.ch\/wp-content\/uploads\/2022\/06\/credimex-4.png","contentUrl":"https:\/\/www.credimex.ch\/wp-content\/uploads\/2022\/06\/credimex-4.png","width":800,"height":800},{"@type":"BreadcrumbList","@id":"https:\/\/www.credimex.ch\/fr\/produit\/delo-delolux-20-202-2\/#breadcrumb","itemListElement":[{"@type":"ListItem","position":1,"name":"Home","item":"https:\/\/www.credimex.ch\/fr\/"},{"@type":"ListItem","position":2,"name":"Produits","item":"https:\/\/www.credimex.ch\/fr\/produits\/"},{"@type":"ListItem","position":3,"name":"Delo Delolux 20\/202"}]},{"@type":"WebSite","@id":"https:\/\/www.credimex.ch\/fr\/#website","url":"https:\/\/www.credimex.ch\/fr\/","name":"CREDIMEX","description":"Partner of Swiss Industrial Market","publisher":{"@id":"https:\/\/www.credimex.ch\/fr\/#organization"},"potentialAction":[{"@type":"SearchAction","target":{"@type":"EntryPoint","urlTemplate":"https:\/\/www.credimex.ch\/fr\/?s={search_term_string}"},"query-input":{"@type":"PropertyValueSpecification","valueRequired":true,"valueName":"search_term_string"}}],"inLanguage":"fr-FR"},{"@type":"Organization","@id":"https:\/\/www.credimex.ch\/fr\/#organization","name":"credimex","url":"https:\/\/www.credimex.ch\/fr\/","logo":{"@type":"ImageObject","inLanguage":"fr-FR","@id":"https:\/\/www.credimex.ch\/fr\/#\/schema\/logo\/image\/","url":"https:\/\/www.credimex.ch\/wp-content\/uploads\/2022\/03\/cropped-logo-credimex.png","contentUrl":"https:\/\/www.credimex.ch\/wp-content\/uploads\/2022\/03\/cropped-logo-credimex.png","width":512,"height":512,"caption":"credimex"},"image":{"@id":"https:\/\/www.credimex.ch\/fr\/#\/schema\/logo\/image\/"},"sameAs":["https:\/\/www.facebook.com\/credimex.alpnach\/","https:\/\/www.linkedin.com\/company\/credimex\/","https:\/\/www.youtube.com\/@CREDIMEX?sub_confirmation=1"]}]}},"_links":{"self":[{"href":"https:\/\/www.credimex.ch\/fr\/wp-json\/wp\/v2\/product\/4191","targetHints":{"allow":["GET"]}}],"collection":[{"href":"https:\/\/www.credimex.ch\/fr\/wp-json\/wp\/v2\/product"}],"about":[{"href":"https:\/\/www.credimex.ch\/fr\/wp-json\/wp\/v2\/types\/product"}],"replies":[{"embeddable":true,"href":"https:\/\/www.credimex.ch\/fr\/wp-json\/wp\/v2\/comments?post=4191"}],"wp:featuredmedia":[{"embeddable":true,"href":"https:\/\/www.credimex.ch\/fr\/wp-json\/wp\/v2\/media\/3060"}],"wp:attachment":[{"href":"https:\/\/www.credimex.ch\/fr\/wp-json\/wp\/v2\/media?parent=4191"}],"wp:term":[{"taxonomy":"product_brand","embeddable":true,"href":"https:\/\/www.credimex.ch\/fr\/wp-json\/wp\/v2\/product_brand?post=4191"},{"taxonomy":"product_cat","embeddable":true,"href":"https:\/\/www.credimex.ch\/fr\/wp-json\/wp\/v2\/product_cat?post=4191"},{"taxonomy":"product_tag","embeddable":true,"href":"https:\/\/www.credimex.ch\/fr\/wp-json\/wp\/v2\/product_tag?post=4191"}],"curies":[{"name":"wp","href":"https:\/\/api.w.org\/{rel}","templated":true}]}}