{"id":4193,"date":"2022-06-02T12:16:10","date_gmt":"2022-06-02T10:16:10","guid":{"rendered":"https:\/\/www.credimex.ch.mialias.net\/product\/delo-ca-2905\/"},"modified":"2023-03-23T16:58:35","modified_gmt":"2023-03-23T15:58:35","slug":"delo-ca-2905-2","status":"publish","type":"product","link":"https:\/\/www.credimex.ch\/fr\/produit\/delo-ca-2905-2\/","title":{"rendered":"Delo CA 2905"},"content":{"rendered":"<h2>Description<\/h2>\n<p>Le Delo CA 2905 est un liquide cyanoacrylate \u00e0 un composant durcissant sous l&rsquo;effet de l&rsquo;humidit\u00e9, utilis\u00e9 pour faire adh\u00e9rer les collages en caoutchouc, plastique et m\u00e9tal.<\/p>\n<ul>\n<li>Couleur : incolore<\/li>\n<li>Max. capacit\u00e9 de remplissage des fentes [mm]: 0.03<\/li>\n<li>Densit\u00e9 [g\/cm\u00b3] \u00e0 temp\u00e9rature ambiante (environ 23 \u00b0C) : 1.1<\/li>\n<li>Viscosit\u00e9 [mPas] \u00e0 23 \u00b0C, broche Brookfield\/rpm 3\/100 : 50<\/li>\n<li>R\u00e9sistance \u00e0 la traction et au cisaillement Al\/Al [MPa] DIN EN 1465, composant sabl\u00e9 \u00e9paisseur : 1,6 mm : 13<\/li>\n<li>R\u00e9sistance au cisaillement en traction PC\/PC [MPa] \u00e9paisseur du composant : 4 mm : 8<\/li>\n<li>R\u00e9sistivit\u00e9\u00a0volumique\u00a0 [\u03a9cm] VDE 0303, partie 30 : &gt;1xE13<\/li>\n<li>R\u00e9sistance di\u00e9lectrique [kV\/mm] DIN EN 60243, partie 1 : 11<\/li>\n<li>Coefficient di\u00e9lectrique VDE 0303, partie 4 : 5.2<\/li>\n<li>Dur\u00e9e de conservation \u00e0 temp\u00e9rature ambiante (0 \u00b0C \u00e0 +25 \u00b0C) dans le r\u00e9cipient d&rsquo;origine non ouvert : 6 mois.<\/li>\n<li>Pour un durcissement optimal, une humidit\u00e9 de l&rsquo;air relative de 40 &#8211; 80 % est n\u00e9cessaire.<\/li>\n<li>Temps de durcissement de\u00a010 &#8211; 20 secondes jusqu&rsquo;\u00e0 la duret\u00e9 initiale avec une r\u00e9sistance au cisaillement \u00e0 la traction de 1 &#8211; 2 MPa :<\/li>\n<li>Temps de durcissement de 24 heures jusqu&rsquo;\u00e0 la polym\u00e9risation compl\u00e8te \u00e0 temp\u00e9rature ambiante (environ 23 \u00b0C) et une humidit\u00e9 de l&rsquo;air relative de 50 %<\/li>\n<\/ul>\n<h2>Avantages du produit<\/h2>\n<ul>\n<li>Durcissement rapide &#8211; en quelques secondes<\/li>\n<li>Adh\u00e9sion super forte sur diff\u00e9rents mat\u00e9riaux<\/li>\n<li>Dosage simple des adh\u00e9sifs cyanoacrylates et sans effort<\/li>\n<li>Particuli\u00e8rement adapt\u00e9 aux petits composants et pi\u00e8ces<\/li>\n<li>Fixation optimale gr\u00e2ce \u00e0 des films adh\u00e9sifs tr\u00e8s fins<\/li>\n<\/ul>\n<h2>Domaine d&rsquo;application<\/h2>\n<ul>\n<li>Application polyvalente pour les collages de caoutchouc, plastique et m\u00e9tal<\/li>\n<li>Le produit durci est normalement utilis\u00e9 dans une plage de temp\u00e9rature de -40 \u00b0C \u00e0 +100 \u00b0C ; selon l&rsquo;application, d&rsquo;autres valeurs peuvent \u00eatre plus raisonnables.<\/li>\n<li>Conforme \u00e0 la directive RoHS 2015\/863\/EU<\/li>\n<\/ul>\n<p>&nbsp;<\/p>\n","protected":false},"excerpt":{"rendered":"<p>Le <strong>Delo CA 2905<\/strong> est un liquide cyanoacrylate mono-composant, durcissant \u00e0 l&rsquo;humidit\u00e9, utilis\u00e9 pour le collage de caoutchouc, plastique et m\u00e9tal.<\/p>\n","protected":false},"featured_media":3058,"comment_status":"open","ping_status":"closed","template":"","meta":{"_acf_changed":false},"product_brand":[],"product_cat":[453,452,340,451,376,411,384,360],"product_tag":[],"class_list":{"0":"post-4193","1":"product","2":"type-product","3":"status-publish","4":"has-post-thumbnail","6":"product_cat-adhesifs-cyanoacrylates","7":"product_cat-adhesifs-et-mastics","8":"product_cat-automobile","9":"product_cat-delo","10":"product_cat-e-mobilite","11":"product_cat-electronique","12":"product_cat-energie","13":"product_cat-industrie-generale","14":"pa_brands-delo-fr","16":"first","17":"instock","18":"shipping-taxable","19":"product-type-simple"},"acf":[],"_yoast_wpseo_focuskw":"Delo CA 2905","_yoast_wpseo_metadesc":"Le Delo CA 2905 est un liquide cyanoacrylate \u00e0 1 composant, durcissant \u00e0 l'humidit\u00e9, utilis\u00e9 pour l'adh\u00e9sion de caoutchouc, plastique et m\u00e9tal.","yoast_head":"<!-- This site is optimized with the Yoast SEO Premium plugin v21.6 (Yoast SEO v27.4) - https:\/\/yoast.com\/product\/yoast-seo-premium-wordpress\/ -->\n<title>Delo CA 2905 - CREDIMEX<\/title>\n<meta name=\"description\" content=\"Le Delo CA 2905 est un liquide cyanoacrylate \u00e0 1 composant, durcissant \u00e0 l&#039;humidit\u00e9, utilis\u00e9 pour l&#039;adh\u00e9sion de caoutchouc, plastique et m\u00e9tal.\" \/>\n<meta name=\"robots\" content=\"index, follow, max-snippet:-1, max-image-preview:large, max-video-preview:-1\" \/>\n<link rel=\"canonical\" href=\"https:\/\/www.credimex.ch\/fr\/produit\/delo-ca-2905-2\/\" \/>\n<meta property=\"og:locale\" content=\"fr_FR\" \/>\n<meta property=\"og:type\" content=\"article\" \/>\n<meta property=\"og:title\" content=\"Delo CA 2905\" \/>\n<meta property=\"og:description\" content=\"Le Delo CA 2905 est un liquide cyanoacrylate \u00e0 1 composant, durcissant \u00e0 l&#039;humidit\u00e9, utilis\u00e9 pour l&#039;adh\u00e9sion de caoutchouc, plastique et m\u00e9tal.\" \/>\n<meta property=\"og:url\" content=\"https:\/\/www.credimex.ch\/fr\/produit\/delo-ca-2905-2\/\" \/>\n<meta property=\"og:site_name\" content=\"CREDIMEX\" \/>\n<meta property=\"article:publisher\" content=\"https:\/\/www.facebook.com\/credimex.alpnach\/\" \/>\n<meta property=\"article:modified_time\" content=\"2023-03-23T15:58:35+00:00\" \/>\n<meta property=\"og:image\" content=\"https:\/\/www.credimex.ch\/wp-content\/uploads\/2022\/06\/credimex-3.png\" \/>\n\t<meta property=\"og:image:width\" content=\"800\" \/>\n\t<meta property=\"og:image:height\" content=\"800\" \/>\n\t<meta property=\"og:image:type\" content=\"image\/png\" \/>\n<meta name=\"twitter:card\" content=\"summary_large_image\" \/>\n<meta name=\"twitter:label1\" content=\"Dur\u00e9e de lecture estim\u00e9e\" \/>\n\t<meta name=\"twitter:data1\" content=\"2 minutes\" \/>\n<script type=\"application\/ld+json\" class=\"yoast-schema-graph\">{\"@context\":\"https:\\\/\\\/schema.org\",\"@graph\":[{\"@type\":\"WebPage\",\"@id\":\"https:\\\/\\\/www.credimex.ch\\\/fr\\\/produit\\\/delo-ca-2905-2\\\/\",\"url\":\"https:\\\/\\\/www.credimex.ch\\\/fr\\\/produit\\\/delo-ca-2905-2\\\/\",\"name\":\"Delo CA 2905 - CREDIMEX\",\"isPartOf\":{\"@id\":\"https:\\\/\\\/www.credimex.ch\\\/fr\\\/#website\"},\"primaryImageOfPage\":{\"@id\":\"https:\\\/\\\/www.credimex.ch\\\/fr\\\/produit\\\/delo-ca-2905-2\\\/#primaryimage\"},\"image\":{\"@id\":\"https:\\\/\\\/www.credimex.ch\\\/fr\\\/produit\\\/delo-ca-2905-2\\\/#primaryimage\"},\"thumbnailUrl\":\"https:\\\/\\\/www.credimex.ch\\\/wp-content\\\/uploads\\\/2022\\\/06\\\/credimex-3.png\",\"datePublished\":\"2022-06-02T10:16:10+00:00\",\"dateModified\":\"2023-03-23T15:58:35+00:00\",\"description\":\"Le Delo CA 2905 est un liquide cyanoacrylate \u00e0 1 composant, durcissant \u00e0 l'humidit\u00e9, utilis\u00e9 pour l'adh\u00e9sion de caoutchouc, plastique et m\u00e9tal.\",\"breadcrumb\":{\"@id\":\"https:\\\/\\\/www.credimex.ch\\\/fr\\\/produit\\\/delo-ca-2905-2\\\/#breadcrumb\"},\"inLanguage\":\"fr-FR\",\"potentialAction\":[{\"@type\":\"ReadAction\",\"target\":[\"https:\\\/\\\/www.credimex.ch\\\/fr\\\/produit\\\/delo-ca-2905-2\\\/\"]}]},{\"@type\":\"ImageObject\",\"inLanguage\":\"fr-FR\",\"@id\":\"https:\\\/\\\/www.credimex.ch\\\/fr\\\/produit\\\/delo-ca-2905-2\\\/#primaryimage\",\"url\":\"https:\\\/\\\/www.credimex.ch\\\/wp-content\\\/uploads\\\/2022\\\/06\\\/credimex-3.png\",\"contentUrl\":\"https:\\\/\\\/www.credimex.ch\\\/wp-content\\\/uploads\\\/2022\\\/06\\\/credimex-3.png\",\"width\":800,\"height\":800},{\"@type\":\"BreadcrumbList\",\"@id\":\"https:\\\/\\\/www.credimex.ch\\\/fr\\\/produit\\\/delo-ca-2905-2\\\/#breadcrumb\",\"itemListElement\":[{\"@type\":\"ListItem\",\"position\":1,\"name\":\"Home\",\"item\":\"https:\\\/\\\/www.credimex.ch\\\/fr\\\/\"},{\"@type\":\"ListItem\",\"position\":2,\"name\":\"Produits\",\"item\":\"https:\\\/\\\/www.credimex.ch\\\/fr\\\/produits\\\/\"},{\"@type\":\"ListItem\",\"position\":3,\"name\":\"Delo CA 2905\"}]},{\"@type\":\"WebSite\",\"@id\":\"https:\\\/\\\/www.credimex.ch\\\/fr\\\/#website\",\"url\":\"https:\\\/\\\/www.credimex.ch\\\/fr\\\/\",\"name\":\"CREDIMEX\",\"description\":\"Partner of Swiss Industrial Market\",\"publisher\":{\"@id\":\"https:\\\/\\\/www.credimex.ch\\\/fr\\\/#organization\"},\"potentialAction\":[{\"@type\":\"SearchAction\",\"target\":{\"@type\":\"EntryPoint\",\"urlTemplate\":\"https:\\\/\\\/www.credimex.ch\\\/fr\\\/?s={search_term_string}\"},\"query-input\":{\"@type\":\"PropertyValueSpecification\",\"valueRequired\":true,\"valueName\":\"search_term_string\"}}],\"inLanguage\":\"fr-FR\"},{\"@type\":\"Organization\",\"@id\":\"https:\\\/\\\/www.credimex.ch\\\/fr\\\/#organization\",\"name\":\"credimex\",\"url\":\"https:\\\/\\\/www.credimex.ch\\\/fr\\\/\",\"logo\":{\"@type\":\"ImageObject\",\"inLanguage\":\"fr-FR\",\"@id\":\"https:\\\/\\\/www.credimex.ch\\\/fr\\\/#\\\/schema\\\/logo\\\/image\\\/\",\"url\":\"https:\\\/\\\/www.credimex.ch\\\/wp-content\\\/uploads\\\/2022\\\/03\\\/cropped-logo-credimex.png\",\"contentUrl\":\"https:\\\/\\\/www.credimex.ch\\\/wp-content\\\/uploads\\\/2022\\\/03\\\/cropped-logo-credimex.png\",\"width\":512,\"height\":512,\"caption\":\"credimex\"},\"image\":{\"@id\":\"https:\\\/\\\/www.credimex.ch\\\/fr\\\/#\\\/schema\\\/logo\\\/image\\\/\"},\"sameAs\":[\"https:\\\/\\\/www.facebook.com\\\/credimex.alpnach\\\/\",\"https:\\\/\\\/www.linkedin.com\\\/company\\\/credimex\\\/\",\"https:\\\/\\\/www.youtube.com\\\/@CREDIMEX?sub_confirmation=1\"]}]}<\/script>\n<!-- \/ Yoast SEO Premium plugin. -->","yoast_head_json":{"title":"Delo CA 2905 - CREDIMEX","description":"Le Delo CA 2905 est un liquide cyanoacrylate \u00e0 1 composant, durcissant \u00e0 l'humidit\u00e9, utilis\u00e9 pour l'adh\u00e9sion de caoutchouc, plastique et m\u00e9tal.","robots":{"index":"index","follow":"follow","max-snippet":"max-snippet:-1","max-image-preview":"max-image-preview:large","max-video-preview":"max-video-preview:-1"},"canonical":"https:\/\/www.credimex.ch\/fr\/produit\/delo-ca-2905-2\/","og_locale":"fr_FR","og_type":"article","og_title":"Delo CA 2905","og_description":"Le Delo CA 2905 est un liquide cyanoacrylate \u00e0 1 composant, durcissant \u00e0 l'humidit\u00e9, utilis\u00e9 pour l'adh\u00e9sion de caoutchouc, plastique et m\u00e9tal.","og_url":"https:\/\/www.credimex.ch\/fr\/produit\/delo-ca-2905-2\/","og_site_name":"CREDIMEX","article_publisher":"https:\/\/www.facebook.com\/credimex.alpnach\/","article_modified_time":"2023-03-23T15:58:35+00:00","og_image":[{"width":800,"height":800,"url":"https:\/\/www.credimex.ch\/wp-content\/uploads\/2022\/06\/credimex-3.png","type":"image\/png"}],"twitter_card":"summary_large_image","twitter_misc":{"Dur\u00e9e de lecture estim\u00e9e":"2 minutes"},"schema":{"@context":"https:\/\/schema.org","@graph":[{"@type":"WebPage","@id":"https:\/\/www.credimex.ch\/fr\/produit\/delo-ca-2905-2\/","url":"https:\/\/www.credimex.ch\/fr\/produit\/delo-ca-2905-2\/","name":"Delo CA 2905 - CREDIMEX","isPartOf":{"@id":"https:\/\/www.credimex.ch\/fr\/#website"},"primaryImageOfPage":{"@id":"https:\/\/www.credimex.ch\/fr\/produit\/delo-ca-2905-2\/#primaryimage"},"image":{"@id":"https:\/\/www.credimex.ch\/fr\/produit\/delo-ca-2905-2\/#primaryimage"},"thumbnailUrl":"https:\/\/www.credimex.ch\/wp-content\/uploads\/2022\/06\/credimex-3.png","datePublished":"2022-06-02T10:16:10+00:00","dateModified":"2023-03-23T15:58:35+00:00","description":"Le Delo CA 2905 est un liquide cyanoacrylate \u00e0 1 composant, durcissant \u00e0 l'humidit\u00e9, utilis\u00e9 pour l'adh\u00e9sion de caoutchouc, plastique et m\u00e9tal.","breadcrumb":{"@id":"https:\/\/www.credimex.ch\/fr\/produit\/delo-ca-2905-2\/#breadcrumb"},"inLanguage":"fr-FR","potentialAction":[{"@type":"ReadAction","target":["https:\/\/www.credimex.ch\/fr\/produit\/delo-ca-2905-2\/"]}]},{"@type":"ImageObject","inLanguage":"fr-FR","@id":"https:\/\/www.credimex.ch\/fr\/produit\/delo-ca-2905-2\/#primaryimage","url":"https:\/\/www.credimex.ch\/wp-content\/uploads\/2022\/06\/credimex-3.png","contentUrl":"https:\/\/www.credimex.ch\/wp-content\/uploads\/2022\/06\/credimex-3.png","width":800,"height":800},{"@type":"BreadcrumbList","@id":"https:\/\/www.credimex.ch\/fr\/produit\/delo-ca-2905-2\/#breadcrumb","itemListElement":[{"@type":"ListItem","position":1,"name":"Home","item":"https:\/\/www.credimex.ch\/fr\/"},{"@type":"ListItem","position":2,"name":"Produits","item":"https:\/\/www.credimex.ch\/fr\/produits\/"},{"@type":"ListItem","position":3,"name":"Delo CA 2905"}]},{"@type":"WebSite","@id":"https:\/\/www.credimex.ch\/fr\/#website","url":"https:\/\/www.credimex.ch\/fr\/","name":"CREDIMEX","description":"Partner of Swiss Industrial Market","publisher":{"@id":"https:\/\/www.credimex.ch\/fr\/#organization"},"potentialAction":[{"@type":"SearchAction","target":{"@type":"EntryPoint","urlTemplate":"https:\/\/www.credimex.ch\/fr\/?s={search_term_string}"},"query-input":{"@type":"PropertyValueSpecification","valueRequired":true,"valueName":"search_term_string"}}],"inLanguage":"fr-FR"},{"@type":"Organization","@id":"https:\/\/www.credimex.ch\/fr\/#organization","name":"credimex","url":"https:\/\/www.credimex.ch\/fr\/","logo":{"@type":"ImageObject","inLanguage":"fr-FR","@id":"https:\/\/www.credimex.ch\/fr\/#\/schema\/logo\/image\/","url":"https:\/\/www.credimex.ch\/wp-content\/uploads\/2022\/03\/cropped-logo-credimex.png","contentUrl":"https:\/\/www.credimex.ch\/wp-content\/uploads\/2022\/03\/cropped-logo-credimex.png","width":512,"height":512,"caption":"credimex"},"image":{"@id":"https:\/\/www.credimex.ch\/fr\/#\/schema\/logo\/image\/"},"sameAs":["https:\/\/www.facebook.com\/credimex.alpnach\/","https:\/\/www.linkedin.com\/company\/credimex\/","https:\/\/www.youtube.com\/@CREDIMEX?sub_confirmation=1"]}]}},"_links":{"self":[{"href":"https:\/\/www.credimex.ch\/fr\/wp-json\/wp\/v2\/product\/4193","targetHints":{"allow":["GET"]}}],"collection":[{"href":"https:\/\/www.credimex.ch\/fr\/wp-json\/wp\/v2\/product"}],"about":[{"href":"https:\/\/www.credimex.ch\/fr\/wp-json\/wp\/v2\/types\/product"}],"replies":[{"embeddable":true,"href":"https:\/\/www.credimex.ch\/fr\/wp-json\/wp\/v2\/comments?post=4193"}],"wp:featuredmedia":[{"embeddable":true,"href":"https:\/\/www.credimex.ch\/fr\/wp-json\/wp\/v2\/media\/3058"}],"wp:attachment":[{"href":"https:\/\/www.credimex.ch\/fr\/wp-json\/wp\/v2\/media?parent=4193"}],"wp:term":[{"taxonomy":"product_brand","embeddable":true,"href":"https:\/\/www.credimex.ch\/fr\/wp-json\/wp\/v2\/product_brand?post=4193"},{"taxonomy":"product_cat","embeddable":true,"href":"https:\/\/www.credimex.ch\/fr\/wp-json\/wp\/v2\/product_cat?post=4193"},{"taxonomy":"product_tag","embeddable":true,"href":"https:\/\/www.credimex.ch\/fr\/wp-json\/wp\/v2\/product_tag?post=4193"}],"curies":[{"name":"wp","href":"https:\/\/api.w.org\/{rel}","templated":true}]}}