{"id":4195,"date":"2022-06-02T12:07:31","date_gmt":"2022-06-02T10:07:31","guid":{"rendered":"https:\/\/www.credimex.ch.mialias.net\/product\/gomme-delo-3699\/"},"modified":"2023-02-09T11:31:05","modified_gmt":"2023-02-09T10:31:05","slug":"delo-gum-3699-2","status":"publish","type":"product","link":"https:\/\/www.credimex.ch\/fr\/produit\/delo-gum-3699-2\/","title":{"rendered":"Delo Gum 3699"},"content":{"rendered":"<h2>Description<\/h2>\n<p>Caoutchouc de silicone r\u00e9ticulant \u00e0 l&rsquo;acide ac\u00e9tique 1C, tr\u00e8s haute r\u00e9sistance \u00e0 la temp\u00e9rature, ferme.<\/p>\n<ul>\n<li>Couleur : rouge<\/li>\n<li>Poids : 375 g (310 ml)<\/li>\n<li>Produit de d\u00e9composition acide ac\u00e9tique Densit\u00e9 [g\/cm\u00b3] \u00e0 temp\u00e9rature ambiante (environ 23 \u00b0C) : 1.2<\/li>\n<li>Viscosit\u00e9 \u00e0 23 \u00b0C : p\u00e2teuse<\/li>\n<li>Temp\u00e9rature de traitement [\u00b0C] : 5 \u00e0 35<\/li>\n<li>Temps de formation de la peau [min]: 5<\/li>\n<li>Durcissement profond [mm\/24 h]: 2<\/li>\n<li>R\u00e9sistance \u00e0 la traction [MPa]: 3<\/li>\n<li>Elongation \u00e0 la d\u00e9chirure [%] : 300<\/li>\n<li>Duret\u00e9 Shore A : 35<\/li>\n<li>R\u00e9tr\u00e9cissement [% vol.] : 3<\/li>\n<li>Absorption d&rsquo;eau [weight %]: 0.2<\/li>\n<li>Dur\u00e9e de conservation \u00e0 temp\u00e9rature ambiante (environ 23 \u00b0C) dans le r\u00e9cipient d&rsquo;origine non ouvert jusqu&rsquo;\u00e0 310 ml(375 g) : 12 mois<\/li>\n<li>Caoutchouc de silicone r\u00e9ticulant \u00e0 l&rsquo;acide ac\u00e9tique (caoutchouc de silicone RTV-1)<\/li>\n<li>monocomposant, sans solvant, r\u00e9sistant aux hautes temp\u00e9ratures.<\/li>\n<\/ul>\n<p>Durcit \u00e0 temp\u00e9rature ambiante sous l&rsquo;influence de l&rsquo;humidit\u00e9 pour donner un mat\u00e9riau \u00e9lastique permanent. Une petite quantit\u00e9 d&rsquo;acide ac\u00e9tique est d\u00e9compos\u00e9e pendant le durcissement (polycondensation). Le durcissement commence \u00e0 la surface du silicone (contact avec l&rsquo;humidit\u00e9 de l&rsquo;air) ; une peau s\u00e8che se forme d\u00e9j\u00e0 apr\u00e8s quelques minutes. Le durcissement profond du caoutchouc de silicone se d\u00e9roule \u00e0 environ 1,5 heure. 2 mm \/ 24 h.<\/p>\n<h2>Avantages du produit<\/h2>\n<p>Ses principales caract\u00e9ristiques sont les suivantes : r\u00e9sistance \u00e0 des temp\u00e9ratures \u00e9lev\u00e9es jusqu&rsquo;\u00e0 +300 \u00b0C, bonne force d&rsquo;adh\u00e9rence sur diff\u00e9rents mat\u00e9riaux, haute r\u00e9sistance, durcissement rapide, p\u00e2teux, ferme. En r\u00e8gle g\u00e9n\u00e9rale, le produit est utilis\u00e9 dans une plage de temp\u00e9ratures allant de -50 \u00b0C \u00e0 +300 \u00b0C ; en fonction de l&rsquo;application, d&rsquo;autres limites peuvent \u00eatre plus raisonnables. Conforme \u00e0 la directive RoHS 2015\/863\/EU.<\/p>\n<p>Fourni pr\u00eat \u00e0 l&#8217;emploi et peut \u00eatre trait\u00e9 directement \u00e0 partir de la bouteille ou de la cartouche.<\/p>\n<h2>Application<\/h2>\n<p>Particuli\u00e8rement adapt\u00e9 \u00e0 l&rsquo;\u00e9tanch\u00e9it\u00e9 \u00e9lastique, \u00e0 l&rsquo;\u00e9galisation et au collage de mat\u00e9riaux identiques et diff\u00e9rents, utilis\u00e9 de pr\u00e9f\u00e9rence dans l&rsquo;ing\u00e9nierie m\u00e9canique et la conception du verre.<\/p>\n","protected":false},"excerpt":{"rendered":"<p><strong>Delo Gum 3699<\/strong> est un caoutchouc de silicone avec une tr\u00e8s haute r\u00e9sistance \u00e0 la temp\u00e9rature, particuli\u00e8rement adapt\u00e9 pour l&rsquo;\u00e9tanch\u00e9it\u00e9 \u00e9lastique, l&rsquo;\u00e9galisation et le collage de mat\u00e9riaux identiques et diff\u00e9rents.<\/p>\n","protected":false},"featured_media":3056,"comment_status":"open","ping_status":"closed","template":"","meta":{"_acf_changed":false},"product_brand":[],"product_cat":[452,526,340,451,376,411,384,360],"product_tag":[],"class_list":{"0":"post-4195","1":"product","2":"type-product","3":"status-publish","4":"has-post-thumbnail","6":"product_cat-adhesifs-et-mastics","7":"product_cat-adhesifs-silicone","8":"product_cat-automobile","9":"product_cat-delo","10":"product_cat-e-mobilite","11":"product_cat-electronique","12":"product_cat-energie","13":"product_cat-industrie-generale","14":"pa_brands-delo-fr","16":"first","17":"instock","18":"shipping-taxable","19":"product-type-simple"},"acf":[],"_yoast_wpseo_focuskw":"Gomme Delo 3699","_yoast_wpseo_metadesc":"Delo Gum 3699 est un caoutchouc de silicone avec une tr\u00e8s haute r\u00e9sistance \u00e0 la temp\u00e9rature, particuli\u00e8rement adapt\u00e9 pour l'\u00e9tanch\u00e9it\u00e9 \u00e9lastique, l'\u00e9galisation et le collage de mat\u00e9riaux identiques et diff\u00e9rents.","yoast_head":"<!-- This site is optimized with the Yoast SEO Premium plugin v21.6 (Yoast SEO v27.4) - https:\/\/yoast.com\/product\/yoast-seo-premium-wordpress\/ -->\n<title>Delo Gum 3699 - CREDIMEX<\/title>\n<meta name=\"description\" content=\"Delo Gum 3699 est un caoutchouc de silicone avec une tr\u00e8s haute r\u00e9sistance \u00e0 la temp\u00e9rature, particuli\u00e8rement adapt\u00e9 pour l&#039;\u00e9tanch\u00e9it\u00e9 \u00e9lastique, l&#039;\u00e9galisation et le collage de mat\u00e9riaux identiques et diff\u00e9rents.\" \/>\n<meta name=\"robots\" content=\"index, follow, max-snippet:-1, max-image-preview:large, max-video-preview:-1\" \/>\n<link rel=\"canonical\" href=\"https:\/\/www.credimex.ch\/fr\/produit\/delo-gum-3699-2\/\" \/>\n<meta property=\"og:locale\" content=\"fr_FR\" \/>\n<meta property=\"og:type\" content=\"article\" \/>\n<meta property=\"og:title\" content=\"Delo Gum 3699\" \/>\n<meta property=\"og:description\" content=\"Delo Gum 3699 est un caoutchouc de silicone avec une tr\u00e8s haute r\u00e9sistance \u00e0 la temp\u00e9rature, particuli\u00e8rement adapt\u00e9 pour l&#039;\u00e9tanch\u00e9it\u00e9 \u00e9lastique, l&#039;\u00e9galisation et le collage de mat\u00e9riaux identiques et diff\u00e9rents.\" \/>\n<meta property=\"og:url\" content=\"https:\/\/www.credimex.ch\/fr\/produit\/delo-gum-3699-2\/\" \/>\n<meta property=\"og:site_name\" content=\"CREDIMEX\" \/>\n<meta property=\"article:publisher\" content=\"https:\/\/www.facebook.com\/credimex.alpnach\/\" \/>\n<meta property=\"article:modified_time\" content=\"2023-02-09T10:31:05+00:00\" \/>\n<meta property=\"og:image\" content=\"https:\/\/www.credimex.ch\/wp-content\/uploads\/2022\/06\/credimex-2.png\" \/>\n\t<meta property=\"og:image:width\" content=\"800\" \/>\n\t<meta property=\"og:image:height\" content=\"800\" \/>\n\t<meta property=\"og:image:type\" content=\"image\/png\" \/>\n<meta name=\"twitter:card\" content=\"summary_large_image\" \/>\n<meta name=\"twitter:label1\" content=\"Dur\u00e9e de lecture estim\u00e9e\" \/>\n\t<meta name=\"twitter:data1\" content=\"2 minutes\" \/>\n<script type=\"application\/ld+json\" class=\"yoast-schema-graph\">{\"@context\":\"https:\\\/\\\/schema.org\",\"@graph\":[{\"@type\":\"WebPage\",\"@id\":\"https:\\\/\\\/www.credimex.ch\\\/fr\\\/produit\\\/delo-gum-3699-2\\\/\",\"url\":\"https:\\\/\\\/www.credimex.ch\\\/fr\\\/produit\\\/delo-gum-3699-2\\\/\",\"name\":\"Delo Gum 3699 - CREDIMEX\",\"isPartOf\":{\"@id\":\"https:\\\/\\\/www.credimex.ch\\\/fr\\\/#website\"},\"primaryImageOfPage\":{\"@id\":\"https:\\\/\\\/www.credimex.ch\\\/fr\\\/produit\\\/delo-gum-3699-2\\\/#primaryimage\"},\"image\":{\"@id\":\"https:\\\/\\\/www.credimex.ch\\\/fr\\\/produit\\\/delo-gum-3699-2\\\/#primaryimage\"},\"thumbnailUrl\":\"https:\\\/\\\/www.credimex.ch\\\/wp-content\\\/uploads\\\/2022\\\/06\\\/credimex-2.png\",\"datePublished\":\"2022-06-02T10:07:31+00:00\",\"dateModified\":\"2023-02-09T10:31:05+00:00\",\"description\":\"Delo Gum 3699 est un caoutchouc de silicone avec une tr\u00e8s haute r\u00e9sistance \u00e0 la temp\u00e9rature, particuli\u00e8rement adapt\u00e9 pour l'\u00e9tanch\u00e9it\u00e9 \u00e9lastique, l'\u00e9galisation et le collage de mat\u00e9riaux identiques et diff\u00e9rents.\",\"breadcrumb\":{\"@id\":\"https:\\\/\\\/www.credimex.ch\\\/fr\\\/produit\\\/delo-gum-3699-2\\\/#breadcrumb\"},\"inLanguage\":\"fr-FR\",\"potentialAction\":[{\"@type\":\"ReadAction\",\"target\":[\"https:\\\/\\\/www.credimex.ch\\\/fr\\\/produit\\\/delo-gum-3699-2\\\/\"]}]},{\"@type\":\"ImageObject\",\"inLanguage\":\"fr-FR\",\"@id\":\"https:\\\/\\\/www.credimex.ch\\\/fr\\\/produit\\\/delo-gum-3699-2\\\/#primaryimage\",\"url\":\"https:\\\/\\\/www.credimex.ch\\\/wp-content\\\/uploads\\\/2022\\\/06\\\/credimex-2.png\",\"contentUrl\":\"https:\\\/\\\/www.credimex.ch\\\/wp-content\\\/uploads\\\/2022\\\/06\\\/credimex-2.png\",\"width\":800,\"height\":800},{\"@type\":\"BreadcrumbList\",\"@id\":\"https:\\\/\\\/www.credimex.ch\\\/fr\\\/produit\\\/delo-gum-3699-2\\\/#breadcrumb\",\"itemListElement\":[{\"@type\":\"ListItem\",\"position\":1,\"name\":\"Home\",\"item\":\"https:\\\/\\\/www.credimex.ch\\\/fr\\\/\"},{\"@type\":\"ListItem\",\"position\":2,\"name\":\"Produits\",\"item\":\"https:\\\/\\\/www.credimex.ch\\\/fr\\\/produits\\\/\"},{\"@type\":\"ListItem\",\"position\":3,\"name\":\"Delo Gum 3699\"}]},{\"@type\":\"WebSite\",\"@id\":\"https:\\\/\\\/www.credimex.ch\\\/fr\\\/#website\",\"url\":\"https:\\\/\\\/www.credimex.ch\\\/fr\\\/\",\"name\":\"CREDIMEX\",\"description\":\"Partner of Swiss Industrial Market\",\"publisher\":{\"@id\":\"https:\\\/\\\/www.credimex.ch\\\/fr\\\/#organization\"},\"potentialAction\":[{\"@type\":\"SearchAction\",\"target\":{\"@type\":\"EntryPoint\",\"urlTemplate\":\"https:\\\/\\\/www.credimex.ch\\\/fr\\\/?s={search_term_string}\"},\"query-input\":{\"@type\":\"PropertyValueSpecification\",\"valueRequired\":true,\"valueName\":\"search_term_string\"}}],\"inLanguage\":\"fr-FR\"},{\"@type\":\"Organization\",\"@id\":\"https:\\\/\\\/www.credimex.ch\\\/fr\\\/#organization\",\"name\":\"credimex\",\"url\":\"https:\\\/\\\/www.credimex.ch\\\/fr\\\/\",\"logo\":{\"@type\":\"ImageObject\",\"inLanguage\":\"fr-FR\",\"@id\":\"https:\\\/\\\/www.credimex.ch\\\/fr\\\/#\\\/schema\\\/logo\\\/image\\\/\",\"url\":\"https:\\\/\\\/www.credimex.ch\\\/wp-content\\\/uploads\\\/2022\\\/03\\\/cropped-logo-credimex.png\",\"contentUrl\":\"https:\\\/\\\/www.credimex.ch\\\/wp-content\\\/uploads\\\/2022\\\/03\\\/cropped-logo-credimex.png\",\"width\":512,\"height\":512,\"caption\":\"credimex\"},\"image\":{\"@id\":\"https:\\\/\\\/www.credimex.ch\\\/fr\\\/#\\\/schema\\\/logo\\\/image\\\/\"},\"sameAs\":[\"https:\\\/\\\/www.facebook.com\\\/credimex.alpnach\\\/\",\"https:\\\/\\\/www.linkedin.com\\\/company\\\/credimex\\\/\",\"https:\\\/\\\/www.youtube.com\\\/@CREDIMEX?sub_confirmation=1\"]}]}<\/script>\n<!-- \/ Yoast SEO Premium plugin. -->","yoast_head_json":{"title":"Delo Gum 3699 - CREDIMEX","description":"Delo Gum 3699 est un caoutchouc de silicone avec une tr\u00e8s haute r\u00e9sistance \u00e0 la temp\u00e9rature, particuli\u00e8rement adapt\u00e9 pour l'\u00e9tanch\u00e9it\u00e9 \u00e9lastique, l'\u00e9galisation et le collage de mat\u00e9riaux identiques et diff\u00e9rents.","robots":{"index":"index","follow":"follow","max-snippet":"max-snippet:-1","max-image-preview":"max-image-preview:large","max-video-preview":"max-video-preview:-1"},"canonical":"https:\/\/www.credimex.ch\/fr\/produit\/delo-gum-3699-2\/","og_locale":"fr_FR","og_type":"article","og_title":"Delo Gum 3699","og_description":"Delo Gum 3699 est un caoutchouc de silicone avec une tr\u00e8s haute r\u00e9sistance \u00e0 la temp\u00e9rature, particuli\u00e8rement adapt\u00e9 pour l'\u00e9tanch\u00e9it\u00e9 \u00e9lastique, l'\u00e9galisation et le collage de mat\u00e9riaux identiques et diff\u00e9rents.","og_url":"https:\/\/www.credimex.ch\/fr\/produit\/delo-gum-3699-2\/","og_site_name":"CREDIMEX","article_publisher":"https:\/\/www.facebook.com\/credimex.alpnach\/","article_modified_time":"2023-02-09T10:31:05+00:00","og_image":[{"width":800,"height":800,"url":"https:\/\/www.credimex.ch\/wp-content\/uploads\/2022\/06\/credimex-2.png","type":"image\/png"}],"twitter_card":"summary_large_image","twitter_misc":{"Dur\u00e9e de lecture estim\u00e9e":"2 minutes"},"schema":{"@context":"https:\/\/schema.org","@graph":[{"@type":"WebPage","@id":"https:\/\/www.credimex.ch\/fr\/produit\/delo-gum-3699-2\/","url":"https:\/\/www.credimex.ch\/fr\/produit\/delo-gum-3699-2\/","name":"Delo Gum 3699 - CREDIMEX","isPartOf":{"@id":"https:\/\/www.credimex.ch\/fr\/#website"},"primaryImageOfPage":{"@id":"https:\/\/www.credimex.ch\/fr\/produit\/delo-gum-3699-2\/#primaryimage"},"image":{"@id":"https:\/\/www.credimex.ch\/fr\/produit\/delo-gum-3699-2\/#primaryimage"},"thumbnailUrl":"https:\/\/www.credimex.ch\/wp-content\/uploads\/2022\/06\/credimex-2.png","datePublished":"2022-06-02T10:07:31+00:00","dateModified":"2023-02-09T10:31:05+00:00","description":"Delo Gum 3699 est un caoutchouc de silicone avec une tr\u00e8s haute r\u00e9sistance \u00e0 la temp\u00e9rature, particuli\u00e8rement adapt\u00e9 pour l'\u00e9tanch\u00e9it\u00e9 \u00e9lastique, l'\u00e9galisation et le collage de mat\u00e9riaux identiques et diff\u00e9rents.","breadcrumb":{"@id":"https:\/\/www.credimex.ch\/fr\/produit\/delo-gum-3699-2\/#breadcrumb"},"inLanguage":"fr-FR","potentialAction":[{"@type":"ReadAction","target":["https:\/\/www.credimex.ch\/fr\/produit\/delo-gum-3699-2\/"]}]},{"@type":"ImageObject","inLanguage":"fr-FR","@id":"https:\/\/www.credimex.ch\/fr\/produit\/delo-gum-3699-2\/#primaryimage","url":"https:\/\/www.credimex.ch\/wp-content\/uploads\/2022\/06\/credimex-2.png","contentUrl":"https:\/\/www.credimex.ch\/wp-content\/uploads\/2022\/06\/credimex-2.png","width":800,"height":800},{"@type":"BreadcrumbList","@id":"https:\/\/www.credimex.ch\/fr\/produit\/delo-gum-3699-2\/#breadcrumb","itemListElement":[{"@type":"ListItem","position":1,"name":"Home","item":"https:\/\/www.credimex.ch\/fr\/"},{"@type":"ListItem","position":2,"name":"Produits","item":"https:\/\/www.credimex.ch\/fr\/produits\/"},{"@type":"ListItem","position":3,"name":"Delo Gum 3699"}]},{"@type":"WebSite","@id":"https:\/\/www.credimex.ch\/fr\/#website","url":"https:\/\/www.credimex.ch\/fr\/","name":"CREDIMEX","description":"Partner of Swiss Industrial Market","publisher":{"@id":"https:\/\/www.credimex.ch\/fr\/#organization"},"potentialAction":[{"@type":"SearchAction","target":{"@type":"EntryPoint","urlTemplate":"https:\/\/www.credimex.ch\/fr\/?s={search_term_string}"},"query-input":{"@type":"PropertyValueSpecification","valueRequired":true,"valueName":"search_term_string"}}],"inLanguage":"fr-FR"},{"@type":"Organization","@id":"https:\/\/www.credimex.ch\/fr\/#organization","name":"credimex","url":"https:\/\/www.credimex.ch\/fr\/","logo":{"@type":"ImageObject","inLanguage":"fr-FR","@id":"https:\/\/www.credimex.ch\/fr\/#\/schema\/logo\/image\/","url":"https:\/\/www.credimex.ch\/wp-content\/uploads\/2022\/03\/cropped-logo-credimex.png","contentUrl":"https:\/\/www.credimex.ch\/wp-content\/uploads\/2022\/03\/cropped-logo-credimex.png","width":512,"height":512,"caption":"credimex"},"image":{"@id":"https:\/\/www.credimex.ch\/fr\/#\/schema\/logo\/image\/"},"sameAs":["https:\/\/www.facebook.com\/credimex.alpnach\/","https:\/\/www.linkedin.com\/company\/credimex\/","https:\/\/www.youtube.com\/@CREDIMEX?sub_confirmation=1"]}]}},"_links":{"self":[{"href":"https:\/\/www.credimex.ch\/fr\/wp-json\/wp\/v2\/product\/4195","targetHints":{"allow":["GET"]}}],"collection":[{"href":"https:\/\/www.credimex.ch\/fr\/wp-json\/wp\/v2\/product"}],"about":[{"href":"https:\/\/www.credimex.ch\/fr\/wp-json\/wp\/v2\/types\/product"}],"replies":[{"embeddable":true,"href":"https:\/\/www.credimex.ch\/fr\/wp-json\/wp\/v2\/comments?post=4195"}],"wp:featuredmedia":[{"embeddable":true,"href":"https:\/\/www.credimex.ch\/fr\/wp-json\/wp\/v2\/media\/3056"}],"wp:attachment":[{"href":"https:\/\/www.credimex.ch\/fr\/wp-json\/wp\/v2\/media?parent=4195"}],"wp:term":[{"taxonomy":"product_brand","embeddable":true,"href":"https:\/\/www.credimex.ch\/fr\/wp-json\/wp\/v2\/product_brand?post=4195"},{"taxonomy":"product_cat","embeddable":true,"href":"https:\/\/www.credimex.ch\/fr\/wp-json\/wp\/v2\/product_cat?post=4195"},{"taxonomy":"product_tag","embeddable":true,"href":"https:\/\/www.credimex.ch\/fr\/wp-json\/wp\/v2\/product_tag?post=4195"}],"curies":[{"name":"wp","href":"https:\/\/api.w.org\/{rel}","templated":true}]}}