{"id":4203,"date":"2022-06-02T11:27:36","date_gmt":"2022-06-02T09:27:36","guid":{"rendered":"https:\/\/www.credimex.ch.mialias.net\/product\/delo-photobond-ad494\/"},"modified":"2022-06-02T11:27:36","modified_gmt":"2022-06-02T09:27:36","slug":"delo-photobond-ad494-2","status":"publish","type":"product","link":"https:\/\/www.credimex.ch\/fr\/produit\/delo-photobond-ad494-2\/","title":{"rendered":"Delo Photobond AD494"},"content":{"rendered":"<h2>Description<\/h2>\n<ul>\n<li>Il s&rsquo;agit d&rsquo;un type de colle acrylique qui peut \u00eatre durci par les UV et la lumi\u00e8re, \u00e0 haute viscosit\u00e9, convenant au collage d&rsquo;une vari\u00e9t\u00e9 de mat\u00e9riaux tels que le verre, le plastique PC, le PMMA, le PA6, le PBT, etc ;<\/li>\n<li>Composants : acrylate modifi\u00e9, adh\u00e9sif \u00e0 1 composant, sans solvant et thixotrope ;<\/li>\n<li>Conforme \u00e0 la norme RoHS 2015\/863\/EU ;<\/li>\n<li>R\u00e9pond aux normes de test UL 94 HB par des instituts de m\u00e9trologie ind\u00e9pendants.<\/li>\n<li>Monocomposant<\/li>\n<li>Durcissement par exposition \u00e0 la lumi\u00e8re visible et\/ou aux UV<\/li>\n<li>Collage de nombreux mat\u00e9riaux tels que le verre, la c\u00e9ramique, le m\u00e9tal, le plastique et le bois.<\/li>\n<li>Convient pour les collages o\u00f9 l&rsquo;apparence est une exigence \u00e9lev\u00e9e.<\/li>\n<li>Large gamme d&rsquo;\u00e9lasticit\u00e9<\/li>\n<\/ul>\n<h2>Avantages du produit<\/h2>\n<ul>\n<li>La possibilit\u00e9 de polym\u00e9riser en m\u00eame temps les rayons UV et la lumi\u00e8re visible permet de polym\u00e9riser de nombreux composants que la lumi\u00e8re UV a du mal \u00e0 p\u00e9n\u00e9trer ;<\/li>\n<li>Bonne r\u00e9sistance \u00e0 l&rsquo;\u00e9quilibre \u00e9lastique gr\u00e2ce \u00e0 l&rsquo;allongement \u00e9lev\u00e9 aux caract\u00e8res de d\u00e9chirure ;<\/li>\n<li>La viscosit\u00e9 \u00e9lev\u00e9e permet \u00e0 l&rsquo;adh\u00e9sif d&rsquo;atteindre une \u00e9paisseur de 2 mm ;<\/li>\n<li>L&rsquo;adh\u00e9sif durci peut \u00eatre utilis\u00e9 dans une plage de temp\u00e9ratures allant de -40 0 C ~ 150 0 C, en fonction de l&rsquo;application.<\/li>\n<\/ul>\n<h2>Application<\/h2>\n<ul>\n<li>Monocomposant<\/li>\n<li>Durcissement par exposition \u00e0 la lumi\u00e8re visible et\/ou aux UV<\/li>\n<li>Collage de nombreux mat\u00e9riaux tels que le verre, la c\u00e9ramique, le m\u00e9tal, le plastique et le bois.<\/li>\n<li>Convient pour les collages o\u00f9 l&rsquo;apparence est une exigence \u00e9lev\u00e9e.<\/li>\n<li>Large gamme d&rsquo;\u00e9lasticit\u00e9<\/li>\n<\/ul>\n","protected":false},"excerpt":{"rendered":"<p><strong>Delo Photobond AD494<\/strong> est un type d&rsquo;acrylate qui peut \u00eatre durci par les UV et la lumi\u00e8re, haute viscosit\u00e9, appropri\u00e9 pour le collage d&rsquo;une vari\u00e9t\u00e9 de mat\u00e9riaux tels que le verre, le plastique PC, PMMA, PA6, PBT, etc.<\/p>\n","protected":false},"featured_media":3048,"comment_status":"open","ping_status":"closed","template":"","meta":{"_acf_changed":false},"product_brand":[],"product_cat":[452,479,340,451,376,411,384,475,360],"product_tag":[],"class_list":{"0":"post-4203","1":"product","2":"type-product","3":"status-publish","4":"has-post-thumbnail","6":"product_cat-adhesifs-et-mastics","7":"product_cat-adhesifs-uv","8":"product_cat-automobile","9":"product_cat-delo","10":"product_cat-e-mobilite","11":"product_cat-electronique","12":"product_cat-energie","13":"product_cat-fabrication-de-montres","14":"product_cat-industrie-generale","15":"pa_brands-delo-fr","17":"first","18":"instock","19":"shipping-taxable","20":"product-type-simple"},"acf":[],"_yoast_wpseo_focuskw":"Delo Photobond AD494","_yoast_wpseo_metadesc":"Delo Photobond AD494 est un type d'acrylate qui peut \u00eatre durci par les UV et la lumi\u00e8re, haute viscosit\u00e9, appropri\u00e9 pour le collage d'une vari\u00e9t\u00e9 de mat\u00e9riaux tels que le verre, le plastique PC, PMMA, PA6, PBT, etc.","yoast_head":"<!-- This site is optimized with the Yoast SEO Premium plugin v21.6 (Yoast SEO v27.4) - https:\/\/yoast.com\/product\/yoast-seo-premium-wordpress\/ -->\n<title>Delo Photobond AD494 - CREDIMEX<\/title>\n<meta name=\"description\" content=\"Delo Photobond AD494 est un type d&#039;acrylate qui peut \u00eatre durci par les UV et la lumi\u00e8re, haute viscosit\u00e9, appropri\u00e9 pour le collage d&#039;une vari\u00e9t\u00e9 de mat\u00e9riaux tels que le verre, le plastique PC, PMMA, PA6, PBT, etc.\" \/>\n<meta name=\"robots\" content=\"index, follow, max-snippet:-1, max-image-preview:large, max-video-preview:-1\" \/>\n<link rel=\"canonical\" href=\"https:\/\/www.credimex.ch\/fr\/produit\/delo-photobond-ad494-2\/\" \/>\n<meta property=\"og:locale\" content=\"fr_FR\" \/>\n<meta property=\"og:type\" content=\"article\" \/>\n<meta property=\"og:title\" content=\"Delo Photobond AD494\" \/>\n<meta property=\"og:description\" content=\"Delo Photobond AD494 est un type d&#039;acrylate qui peut \u00eatre durci par les UV et la lumi\u00e8re, haute viscosit\u00e9, appropri\u00e9 pour le collage d&#039;une vari\u00e9t\u00e9 de mat\u00e9riaux tels que le verre, le plastique PC, PMMA, PA6, PBT, etc.\" \/>\n<meta property=\"og:url\" content=\"https:\/\/www.credimex.ch\/fr\/produit\/delo-photobond-ad494-2\/\" \/>\n<meta property=\"og:site_name\" content=\"CREDIMEX\" \/>\n<meta property=\"article:publisher\" content=\"https:\/\/www.facebook.com\/credimex.alpnach\/\" \/>\n<meta property=\"og:image\" content=\"https:\/\/www.credimex.ch\/wp-content\/uploads\/2022\/06\/credimex.png\" \/>\n\t<meta property=\"og:image:width\" content=\"800\" \/>\n\t<meta property=\"og:image:height\" content=\"800\" \/>\n\t<meta property=\"og:image:type\" content=\"image\/png\" \/>\n<meta name=\"twitter:card\" content=\"summary_large_image\" \/>\n<meta name=\"twitter:label1\" content=\"Dur\u00e9e de lecture estim\u00e9e\" \/>\n\t<meta name=\"twitter:data1\" content=\"1 minute\" \/>\n<script type=\"application\/ld+json\" class=\"yoast-schema-graph\">{\"@context\":\"https:\\\/\\\/schema.org\",\"@graph\":[{\"@type\":\"WebPage\",\"@id\":\"https:\\\/\\\/www.credimex.ch\\\/fr\\\/produit\\\/delo-photobond-ad494-2\\\/\",\"url\":\"https:\\\/\\\/www.credimex.ch\\\/fr\\\/produit\\\/delo-photobond-ad494-2\\\/\",\"name\":\"Delo Photobond AD494 - CREDIMEX\",\"isPartOf\":{\"@id\":\"https:\\\/\\\/www.credimex.ch\\\/fr\\\/#website\"},\"primaryImageOfPage\":{\"@id\":\"https:\\\/\\\/www.credimex.ch\\\/fr\\\/produit\\\/delo-photobond-ad494-2\\\/#primaryimage\"},\"image\":{\"@id\":\"https:\\\/\\\/www.credimex.ch\\\/fr\\\/produit\\\/delo-photobond-ad494-2\\\/#primaryimage\"},\"thumbnailUrl\":\"https:\\\/\\\/www.credimex.ch\\\/wp-content\\\/uploads\\\/2022\\\/06\\\/credimex.png\",\"datePublished\":\"2022-06-02T09:27:36+00:00\",\"description\":\"Delo Photobond AD494 est un type d'acrylate qui peut \u00eatre durci par les UV et la lumi\u00e8re, haute viscosit\u00e9, appropri\u00e9 pour le collage d'une vari\u00e9t\u00e9 de mat\u00e9riaux tels que le verre, le plastique PC, PMMA, PA6, PBT, etc.\",\"breadcrumb\":{\"@id\":\"https:\\\/\\\/www.credimex.ch\\\/fr\\\/produit\\\/delo-photobond-ad494-2\\\/#breadcrumb\"},\"inLanguage\":\"fr-FR\",\"potentialAction\":[{\"@type\":\"ReadAction\",\"target\":[\"https:\\\/\\\/www.credimex.ch\\\/fr\\\/produit\\\/delo-photobond-ad494-2\\\/\"]}]},{\"@type\":\"ImageObject\",\"inLanguage\":\"fr-FR\",\"@id\":\"https:\\\/\\\/www.credimex.ch\\\/fr\\\/produit\\\/delo-photobond-ad494-2\\\/#primaryimage\",\"url\":\"https:\\\/\\\/www.credimex.ch\\\/wp-content\\\/uploads\\\/2022\\\/06\\\/credimex.png\",\"contentUrl\":\"https:\\\/\\\/www.credimex.ch\\\/wp-content\\\/uploads\\\/2022\\\/06\\\/credimex.png\",\"width\":800,\"height\":800},{\"@type\":\"BreadcrumbList\",\"@id\":\"https:\\\/\\\/www.credimex.ch\\\/fr\\\/produit\\\/delo-photobond-ad494-2\\\/#breadcrumb\",\"itemListElement\":[{\"@type\":\"ListItem\",\"position\":1,\"name\":\"Home\",\"item\":\"https:\\\/\\\/www.credimex.ch\\\/fr\\\/\"},{\"@type\":\"ListItem\",\"position\":2,\"name\":\"Produits\",\"item\":\"https:\\\/\\\/www.credimex.ch\\\/fr\\\/produits\\\/\"},{\"@type\":\"ListItem\",\"position\":3,\"name\":\"Delo Photobond AD494\"}]},{\"@type\":\"WebSite\",\"@id\":\"https:\\\/\\\/www.credimex.ch\\\/fr\\\/#website\",\"url\":\"https:\\\/\\\/www.credimex.ch\\\/fr\\\/\",\"name\":\"CREDIMEX\",\"description\":\"Partner of Swiss Industrial Market\",\"publisher\":{\"@id\":\"https:\\\/\\\/www.credimex.ch\\\/fr\\\/#organization\"},\"potentialAction\":[{\"@type\":\"SearchAction\",\"target\":{\"@type\":\"EntryPoint\",\"urlTemplate\":\"https:\\\/\\\/www.credimex.ch\\\/fr\\\/?s={search_term_string}\"},\"query-input\":{\"@type\":\"PropertyValueSpecification\",\"valueRequired\":true,\"valueName\":\"search_term_string\"}}],\"inLanguage\":\"fr-FR\"},{\"@type\":\"Organization\",\"@id\":\"https:\\\/\\\/www.credimex.ch\\\/fr\\\/#organization\",\"name\":\"credimex\",\"url\":\"https:\\\/\\\/www.credimex.ch\\\/fr\\\/\",\"logo\":{\"@type\":\"ImageObject\",\"inLanguage\":\"fr-FR\",\"@id\":\"https:\\\/\\\/www.credimex.ch\\\/fr\\\/#\\\/schema\\\/logo\\\/image\\\/\",\"url\":\"https:\\\/\\\/www.credimex.ch\\\/wp-content\\\/uploads\\\/2022\\\/03\\\/cropped-logo-credimex.png\",\"contentUrl\":\"https:\\\/\\\/www.credimex.ch\\\/wp-content\\\/uploads\\\/2022\\\/03\\\/cropped-logo-credimex.png\",\"width\":512,\"height\":512,\"caption\":\"credimex\"},\"image\":{\"@id\":\"https:\\\/\\\/www.credimex.ch\\\/fr\\\/#\\\/schema\\\/logo\\\/image\\\/\"},\"sameAs\":[\"https:\\\/\\\/www.facebook.com\\\/credimex.alpnach\\\/\",\"https:\\\/\\\/www.linkedin.com\\\/company\\\/credimex\\\/\",\"https:\\\/\\\/www.youtube.com\\\/@CREDIMEX?sub_confirmation=1\"]}]}<\/script>\n<!-- \/ Yoast SEO Premium plugin. -->","yoast_head_json":{"title":"Delo Photobond AD494 - CREDIMEX","description":"Delo Photobond AD494 est un type d'acrylate qui peut \u00eatre durci par les UV et la lumi\u00e8re, haute viscosit\u00e9, appropri\u00e9 pour le collage d'une vari\u00e9t\u00e9 de mat\u00e9riaux tels que le verre, le plastique PC, PMMA, PA6, PBT, etc.","robots":{"index":"index","follow":"follow","max-snippet":"max-snippet:-1","max-image-preview":"max-image-preview:large","max-video-preview":"max-video-preview:-1"},"canonical":"https:\/\/www.credimex.ch\/fr\/produit\/delo-photobond-ad494-2\/","og_locale":"fr_FR","og_type":"article","og_title":"Delo Photobond AD494","og_description":"Delo Photobond AD494 est un type d'acrylate qui peut \u00eatre durci par les UV et la lumi\u00e8re, haute viscosit\u00e9, appropri\u00e9 pour le collage d'une vari\u00e9t\u00e9 de mat\u00e9riaux tels que le verre, le plastique PC, PMMA, PA6, PBT, etc.","og_url":"https:\/\/www.credimex.ch\/fr\/produit\/delo-photobond-ad494-2\/","og_site_name":"CREDIMEX","article_publisher":"https:\/\/www.facebook.com\/credimex.alpnach\/","og_image":[{"width":800,"height":800,"url":"https:\/\/www.credimex.ch\/wp-content\/uploads\/2022\/06\/credimex.png","type":"image\/png"}],"twitter_card":"summary_large_image","twitter_misc":{"Dur\u00e9e de lecture estim\u00e9e":"1 minute"},"schema":{"@context":"https:\/\/schema.org","@graph":[{"@type":"WebPage","@id":"https:\/\/www.credimex.ch\/fr\/produit\/delo-photobond-ad494-2\/","url":"https:\/\/www.credimex.ch\/fr\/produit\/delo-photobond-ad494-2\/","name":"Delo Photobond AD494 - CREDIMEX","isPartOf":{"@id":"https:\/\/www.credimex.ch\/fr\/#website"},"primaryImageOfPage":{"@id":"https:\/\/www.credimex.ch\/fr\/produit\/delo-photobond-ad494-2\/#primaryimage"},"image":{"@id":"https:\/\/www.credimex.ch\/fr\/produit\/delo-photobond-ad494-2\/#primaryimage"},"thumbnailUrl":"https:\/\/www.credimex.ch\/wp-content\/uploads\/2022\/06\/credimex.png","datePublished":"2022-06-02T09:27:36+00:00","description":"Delo Photobond AD494 est un type d'acrylate qui peut \u00eatre durci par les UV et la lumi\u00e8re, haute viscosit\u00e9, appropri\u00e9 pour le collage d'une vari\u00e9t\u00e9 de mat\u00e9riaux tels que le verre, le plastique PC, PMMA, PA6, PBT, etc.","breadcrumb":{"@id":"https:\/\/www.credimex.ch\/fr\/produit\/delo-photobond-ad494-2\/#breadcrumb"},"inLanguage":"fr-FR","potentialAction":[{"@type":"ReadAction","target":["https:\/\/www.credimex.ch\/fr\/produit\/delo-photobond-ad494-2\/"]}]},{"@type":"ImageObject","inLanguage":"fr-FR","@id":"https:\/\/www.credimex.ch\/fr\/produit\/delo-photobond-ad494-2\/#primaryimage","url":"https:\/\/www.credimex.ch\/wp-content\/uploads\/2022\/06\/credimex.png","contentUrl":"https:\/\/www.credimex.ch\/wp-content\/uploads\/2022\/06\/credimex.png","width":800,"height":800},{"@type":"BreadcrumbList","@id":"https:\/\/www.credimex.ch\/fr\/produit\/delo-photobond-ad494-2\/#breadcrumb","itemListElement":[{"@type":"ListItem","position":1,"name":"Home","item":"https:\/\/www.credimex.ch\/fr\/"},{"@type":"ListItem","position":2,"name":"Produits","item":"https:\/\/www.credimex.ch\/fr\/produits\/"},{"@type":"ListItem","position":3,"name":"Delo Photobond AD494"}]},{"@type":"WebSite","@id":"https:\/\/www.credimex.ch\/fr\/#website","url":"https:\/\/www.credimex.ch\/fr\/","name":"CREDIMEX","description":"Partner of Swiss Industrial Market","publisher":{"@id":"https:\/\/www.credimex.ch\/fr\/#organization"},"potentialAction":[{"@type":"SearchAction","target":{"@type":"EntryPoint","urlTemplate":"https:\/\/www.credimex.ch\/fr\/?s={search_term_string}"},"query-input":{"@type":"PropertyValueSpecification","valueRequired":true,"valueName":"search_term_string"}}],"inLanguage":"fr-FR"},{"@type":"Organization","@id":"https:\/\/www.credimex.ch\/fr\/#organization","name":"credimex","url":"https:\/\/www.credimex.ch\/fr\/","logo":{"@type":"ImageObject","inLanguage":"fr-FR","@id":"https:\/\/www.credimex.ch\/fr\/#\/schema\/logo\/image\/","url":"https:\/\/www.credimex.ch\/wp-content\/uploads\/2022\/03\/cropped-logo-credimex.png","contentUrl":"https:\/\/www.credimex.ch\/wp-content\/uploads\/2022\/03\/cropped-logo-credimex.png","width":512,"height":512,"caption":"credimex"},"image":{"@id":"https:\/\/www.credimex.ch\/fr\/#\/schema\/logo\/image\/"},"sameAs":["https:\/\/www.facebook.com\/credimex.alpnach\/","https:\/\/www.linkedin.com\/company\/credimex\/","https:\/\/www.youtube.com\/@CREDIMEX?sub_confirmation=1"]}]}},"_links":{"self":[{"href":"https:\/\/www.credimex.ch\/fr\/wp-json\/wp\/v2\/product\/4203","targetHints":{"allow":["GET"]}}],"collection":[{"href":"https:\/\/www.credimex.ch\/fr\/wp-json\/wp\/v2\/product"}],"about":[{"href":"https:\/\/www.credimex.ch\/fr\/wp-json\/wp\/v2\/types\/product"}],"replies":[{"embeddable":true,"href":"https:\/\/www.credimex.ch\/fr\/wp-json\/wp\/v2\/comments?post=4203"}],"wp:featuredmedia":[{"embeddable":true,"href":"https:\/\/www.credimex.ch\/fr\/wp-json\/wp\/v2\/media\/3048"}],"wp:attachment":[{"href":"https:\/\/www.credimex.ch\/fr\/wp-json\/wp\/v2\/media?parent=4203"}],"wp:term":[{"taxonomy":"product_brand","embeddable":true,"href":"https:\/\/www.credimex.ch\/fr\/wp-json\/wp\/v2\/product_brand?post=4203"},{"taxonomy":"product_cat","embeddable":true,"href":"https:\/\/www.credimex.ch\/fr\/wp-json\/wp\/v2\/product_cat?post=4203"},{"taxonomy":"product_tag","embeddable":true,"href":"https:\/\/www.credimex.ch\/fr\/wp-json\/wp\/v2\/product_tag?post=4203"}],"curies":[{"name":"wp","href":"https:\/\/api.w.org\/{rel}","templated":true}]}}