{"id":4205,"date":"2022-06-22T12:44:18","date_gmt":"2022-06-22T10:44:18","guid":{"rendered":"https:\/\/www.credimex.ch.mialias.net\/product\/dr-tillwich-fluorstatic-70\/"},"modified":"2022-06-22T12:44:18","modified_gmt":"2022-06-22T10:44:18","slug":"dr-tillwich-fluorstatic-70-2","status":"publish","type":"product","link":"https:\/\/www.credimex.ch\/fr\/produit\/dr-tillwich-fluorstatic-70-2\/","title":{"rendered":"Dr Tillwich Fluorstatic 70"},"content":{"rendered":"<h2>Description<\/h2>\n<p><strong>Dr Tillwich Fluorstatic 70<\/strong> est une huile sp\u00e9ciale enti\u00e8rement synth\u00e9tique et fluor\u00e9e qui pr\u00e9sente une excellente durabilit\u00e9 et une tr\u00e8s bonne compatibilit\u00e9 avec les plastiques.<\/p>\n<h2>Avantages du produit<\/h2>\n<ul>\n<li>Huile de sp\u00e9cialit\u00e9 sans silicium avec un excellent comportement au vieillissement.<\/li>\n<li>Bonne compatibilit\u00e9 avec les plastiques et les \u00e9lastom\u00e8res.<\/li>\n<li>L&rsquo;huile repousse l&rsquo;eau et convient sous rayonnement.<\/li>\n<li>Il n&rsquo;est pas inflammable et poss\u00e8de de bonnes propri\u00e9t\u00e9s di\u00e9lectriques.<\/li>\n<\/ul>\n<h2>Application<\/h2>\n<div class=\"page\" title=\"Page 1\">\n<div class=\"layoutArea\">\n<div class=\"column\">\n<ul>\n<li>Engrenages de pr\u00e9cision en m\u00e9tal et en plastique<\/li>\n<li>Roulements \u00e0 billes<\/li>\n<li>Instruments m\u00e9t\u00e9orologiques et optiques<\/li>\n<li>Instruments d&rsquo;aviation<\/li>\n<li>MIL-technic<\/li>\n<\/ul>\n<\/div>\n<\/div>\n<\/div>\n","protected":false},"excerpt":{"rendered":"<div class=\"page\" title=\"Page 1\">\n<div class=\"section\">\n<div class=\"layoutArea\">\n<div class=\"column\">\n<p><strong>Dr Tillwich Fluorstatic 70<\/strong> est une huile sp\u00e9ciale enti\u00e8rement synth\u00e9tique et fluor\u00e9e.<\/p>\n<\/div>\n<\/div>\n<\/div>\n<\/div>\n","protected":false},"featured_media":3306,"comment_status":"open","ping_status":"closed","template":"","meta":{"_acf_changed":false},"product_brand":[],"product_cat":[652,475,362,342],"product_tag":[],"class_list":{"0":"post-4205","1":"product","2":"type-product","3":"status-publish","4":"has-post-thumbnail","6":"product_cat-dr-tillwich-fr","7":"product_cat-fabrication-de-montres","8":"product_cat-graisses","9":"product_cat-lubrifiants-industriels","10":"pa_brands-dr-tillwich-fr","12":"first","13":"instock","14":"shipping-taxable","15":"product-type-simple"},"acf":[],"_yoast_wpseo_focuskw":"Dr Tillwich Fluorstatic 70","_yoast_wpseo_metadesc":"Dr Tillwich Fluorstatic 70 est une huile sp\u00e9ciale enti\u00e8rement synth\u00e9tique et fluor\u00e9e qui pr\u00e9sente une excellente durabilit\u00e9 et une tr\u00e8s bonne compatibilit\u00e9 avec les plastiques.","yoast_head":"<!-- This site is optimized with the Yoast SEO Premium plugin v21.6 (Yoast SEO v27.4) - https:\/\/yoast.com\/product\/yoast-seo-premium-wordpress\/ -->\n<title>Dr Tillwich Fluorstatic 70 - CREDIMEX<\/title>\n<meta name=\"description\" content=\"Dr Tillwich Fluorstatic 70 est une huile sp\u00e9ciale enti\u00e8rement synth\u00e9tique et fluor\u00e9e qui pr\u00e9sente une excellente durabilit\u00e9 et une tr\u00e8s bonne compatibilit\u00e9 avec les plastiques.\" \/>\n<meta name=\"robots\" content=\"index, follow, max-snippet:-1, max-image-preview:large, max-video-preview:-1\" \/>\n<link rel=\"canonical\" href=\"https:\/\/www.credimex.ch\/fr\/produit\/dr-tillwich-fluorstatic-70-2\/\" \/>\n<meta property=\"og:locale\" content=\"fr_FR\" \/>\n<meta property=\"og:type\" content=\"article\" \/>\n<meta property=\"og:title\" content=\"Dr Tillwich Fluorstatic 70\" \/>\n<meta property=\"og:description\" content=\"Dr Tillwich Fluorstatic 70 est une huile sp\u00e9ciale enti\u00e8rement synth\u00e9tique et fluor\u00e9e qui pr\u00e9sente une excellente durabilit\u00e9 et une tr\u00e8s bonne compatibilit\u00e9 avec les plastiques.\" \/>\n<meta property=\"og:url\" content=\"https:\/\/www.credimex.ch\/fr\/produit\/dr-tillwich-fluorstatic-70-2\/\" \/>\n<meta property=\"og:site_name\" content=\"CREDIMEX\" \/>\n<meta property=\"article:publisher\" content=\"https:\/\/www.facebook.com\/credimex.alpnach\/\" \/>\n<meta property=\"og:image\" content=\"https:\/\/www.credimex.ch\/wp-content\/uploads\/2022\/06\/Fluorstatic-70.jpg\" \/>\n\t<meta property=\"og:image:width\" content=\"600\" \/>\n\t<meta property=\"og:image:height\" content=\"450\" \/>\n\t<meta property=\"og:image:type\" content=\"image\/jpeg\" \/>\n<meta name=\"twitter:card\" content=\"summary_large_image\" \/>\n<script type=\"application\/ld+json\" class=\"yoast-schema-graph\">{\"@context\":\"https:\\\/\\\/schema.org\",\"@graph\":[{\"@type\":\"WebPage\",\"@id\":\"https:\\\/\\\/www.credimex.ch\\\/fr\\\/produit\\\/dr-tillwich-fluorstatic-70-2\\\/\",\"url\":\"https:\\\/\\\/www.credimex.ch\\\/fr\\\/produit\\\/dr-tillwich-fluorstatic-70-2\\\/\",\"name\":\"Dr Tillwich Fluorstatic 70 - CREDIMEX\",\"isPartOf\":{\"@id\":\"https:\\\/\\\/www.credimex.ch\\\/fr\\\/#website\"},\"primaryImageOfPage\":{\"@id\":\"https:\\\/\\\/www.credimex.ch\\\/fr\\\/produit\\\/dr-tillwich-fluorstatic-70-2\\\/#primaryimage\"},\"image\":{\"@id\":\"https:\\\/\\\/www.credimex.ch\\\/fr\\\/produit\\\/dr-tillwich-fluorstatic-70-2\\\/#primaryimage\"},\"thumbnailUrl\":\"https:\\\/\\\/www.credimex.ch\\\/wp-content\\\/uploads\\\/2022\\\/06\\\/Fluorstatic-70.jpg\",\"datePublished\":\"2022-06-22T10:44:18+00:00\",\"description\":\"Dr Tillwich Fluorstatic 70 est une huile sp\u00e9ciale enti\u00e8rement synth\u00e9tique et fluor\u00e9e qui pr\u00e9sente une excellente durabilit\u00e9 et une tr\u00e8s bonne compatibilit\u00e9 avec les plastiques.\",\"breadcrumb\":{\"@id\":\"https:\\\/\\\/www.credimex.ch\\\/fr\\\/produit\\\/dr-tillwich-fluorstatic-70-2\\\/#breadcrumb\"},\"inLanguage\":\"fr-FR\",\"potentialAction\":[{\"@type\":\"ReadAction\",\"target\":[\"https:\\\/\\\/www.credimex.ch\\\/fr\\\/produit\\\/dr-tillwich-fluorstatic-70-2\\\/\"]}]},{\"@type\":\"ImageObject\",\"inLanguage\":\"fr-FR\",\"@id\":\"https:\\\/\\\/www.credimex.ch\\\/fr\\\/produit\\\/dr-tillwich-fluorstatic-70-2\\\/#primaryimage\",\"url\":\"https:\\\/\\\/www.credimex.ch\\\/wp-content\\\/uploads\\\/2022\\\/06\\\/Fluorstatic-70.jpg\",\"contentUrl\":\"https:\\\/\\\/www.credimex.ch\\\/wp-content\\\/uploads\\\/2022\\\/06\\\/Fluorstatic-70.jpg\",\"width\":600,\"height\":450},{\"@type\":\"BreadcrumbList\",\"@id\":\"https:\\\/\\\/www.credimex.ch\\\/fr\\\/produit\\\/dr-tillwich-fluorstatic-70-2\\\/#breadcrumb\",\"itemListElement\":[{\"@type\":\"ListItem\",\"position\":1,\"name\":\"Home\",\"item\":\"https:\\\/\\\/www.credimex.ch\\\/fr\\\/\"},{\"@type\":\"ListItem\",\"position\":2,\"name\":\"Produits\",\"item\":\"https:\\\/\\\/www.credimex.ch\\\/fr\\\/produits\\\/\"},{\"@type\":\"ListItem\",\"position\":3,\"name\":\"Dr Tillwich Fluorstatic 70\"}]},{\"@type\":\"WebSite\",\"@id\":\"https:\\\/\\\/www.credimex.ch\\\/fr\\\/#website\",\"url\":\"https:\\\/\\\/www.credimex.ch\\\/fr\\\/\",\"name\":\"CREDIMEX\",\"description\":\"Partner of Swiss Industrial Market\",\"publisher\":{\"@id\":\"https:\\\/\\\/www.credimex.ch\\\/fr\\\/#organization\"},\"potentialAction\":[{\"@type\":\"SearchAction\",\"target\":{\"@type\":\"EntryPoint\",\"urlTemplate\":\"https:\\\/\\\/www.credimex.ch\\\/fr\\\/?s={search_term_string}\"},\"query-input\":{\"@type\":\"PropertyValueSpecification\",\"valueRequired\":true,\"valueName\":\"search_term_string\"}}],\"inLanguage\":\"fr-FR\"},{\"@type\":\"Organization\",\"@id\":\"https:\\\/\\\/www.credimex.ch\\\/fr\\\/#organization\",\"name\":\"credimex\",\"url\":\"https:\\\/\\\/www.credimex.ch\\\/fr\\\/\",\"logo\":{\"@type\":\"ImageObject\",\"inLanguage\":\"fr-FR\",\"@id\":\"https:\\\/\\\/www.credimex.ch\\\/fr\\\/#\\\/schema\\\/logo\\\/image\\\/\",\"url\":\"https:\\\/\\\/www.credimex.ch\\\/wp-content\\\/uploads\\\/2022\\\/03\\\/cropped-logo-credimex.png\",\"contentUrl\":\"https:\\\/\\\/www.credimex.ch\\\/wp-content\\\/uploads\\\/2022\\\/03\\\/cropped-logo-credimex.png\",\"width\":512,\"height\":512,\"caption\":\"credimex\"},\"image\":{\"@id\":\"https:\\\/\\\/www.credimex.ch\\\/fr\\\/#\\\/schema\\\/logo\\\/image\\\/\"},\"sameAs\":[\"https:\\\/\\\/www.facebook.com\\\/credimex.alpnach\\\/\",\"https:\\\/\\\/www.linkedin.com\\\/company\\\/credimex\\\/\",\"https:\\\/\\\/www.youtube.com\\\/@CREDIMEX?sub_confirmation=1\"]}]}<\/script>\n<!-- \/ Yoast SEO Premium plugin. -->","yoast_head_json":{"title":"Dr Tillwich Fluorstatic 70 - CREDIMEX","description":"Dr Tillwich Fluorstatic 70 est une huile sp\u00e9ciale enti\u00e8rement synth\u00e9tique et fluor\u00e9e qui pr\u00e9sente une excellente durabilit\u00e9 et une tr\u00e8s bonne compatibilit\u00e9 avec les plastiques.","robots":{"index":"index","follow":"follow","max-snippet":"max-snippet:-1","max-image-preview":"max-image-preview:large","max-video-preview":"max-video-preview:-1"},"canonical":"https:\/\/www.credimex.ch\/fr\/produit\/dr-tillwich-fluorstatic-70-2\/","og_locale":"fr_FR","og_type":"article","og_title":"Dr Tillwich Fluorstatic 70","og_description":"Dr Tillwich Fluorstatic 70 est une huile sp\u00e9ciale enti\u00e8rement synth\u00e9tique et fluor\u00e9e qui pr\u00e9sente une excellente durabilit\u00e9 et une tr\u00e8s bonne compatibilit\u00e9 avec les plastiques.","og_url":"https:\/\/www.credimex.ch\/fr\/produit\/dr-tillwich-fluorstatic-70-2\/","og_site_name":"CREDIMEX","article_publisher":"https:\/\/www.facebook.com\/credimex.alpnach\/","og_image":[{"width":600,"height":450,"url":"https:\/\/www.credimex.ch\/wp-content\/uploads\/2022\/06\/Fluorstatic-70.jpg","type":"image\/jpeg"}],"twitter_card":"summary_large_image","schema":{"@context":"https:\/\/schema.org","@graph":[{"@type":"WebPage","@id":"https:\/\/www.credimex.ch\/fr\/produit\/dr-tillwich-fluorstatic-70-2\/","url":"https:\/\/www.credimex.ch\/fr\/produit\/dr-tillwich-fluorstatic-70-2\/","name":"Dr Tillwich Fluorstatic 70 - CREDIMEX","isPartOf":{"@id":"https:\/\/www.credimex.ch\/fr\/#website"},"primaryImageOfPage":{"@id":"https:\/\/www.credimex.ch\/fr\/produit\/dr-tillwich-fluorstatic-70-2\/#primaryimage"},"image":{"@id":"https:\/\/www.credimex.ch\/fr\/produit\/dr-tillwich-fluorstatic-70-2\/#primaryimage"},"thumbnailUrl":"https:\/\/www.credimex.ch\/wp-content\/uploads\/2022\/06\/Fluorstatic-70.jpg","datePublished":"2022-06-22T10:44:18+00:00","description":"Dr Tillwich Fluorstatic 70 est une huile sp\u00e9ciale enti\u00e8rement synth\u00e9tique et fluor\u00e9e qui pr\u00e9sente une excellente durabilit\u00e9 et une tr\u00e8s bonne compatibilit\u00e9 avec les plastiques.","breadcrumb":{"@id":"https:\/\/www.credimex.ch\/fr\/produit\/dr-tillwich-fluorstatic-70-2\/#breadcrumb"},"inLanguage":"fr-FR","potentialAction":[{"@type":"ReadAction","target":["https:\/\/www.credimex.ch\/fr\/produit\/dr-tillwich-fluorstatic-70-2\/"]}]},{"@type":"ImageObject","inLanguage":"fr-FR","@id":"https:\/\/www.credimex.ch\/fr\/produit\/dr-tillwich-fluorstatic-70-2\/#primaryimage","url":"https:\/\/www.credimex.ch\/wp-content\/uploads\/2022\/06\/Fluorstatic-70.jpg","contentUrl":"https:\/\/www.credimex.ch\/wp-content\/uploads\/2022\/06\/Fluorstatic-70.jpg","width":600,"height":450},{"@type":"BreadcrumbList","@id":"https:\/\/www.credimex.ch\/fr\/produit\/dr-tillwich-fluorstatic-70-2\/#breadcrumb","itemListElement":[{"@type":"ListItem","position":1,"name":"Home","item":"https:\/\/www.credimex.ch\/fr\/"},{"@type":"ListItem","position":2,"name":"Produits","item":"https:\/\/www.credimex.ch\/fr\/produits\/"},{"@type":"ListItem","position":3,"name":"Dr Tillwich Fluorstatic 70"}]},{"@type":"WebSite","@id":"https:\/\/www.credimex.ch\/fr\/#website","url":"https:\/\/www.credimex.ch\/fr\/","name":"CREDIMEX","description":"Partner of Swiss Industrial Market","publisher":{"@id":"https:\/\/www.credimex.ch\/fr\/#organization"},"potentialAction":[{"@type":"SearchAction","target":{"@type":"EntryPoint","urlTemplate":"https:\/\/www.credimex.ch\/fr\/?s={search_term_string}"},"query-input":{"@type":"PropertyValueSpecification","valueRequired":true,"valueName":"search_term_string"}}],"inLanguage":"fr-FR"},{"@type":"Organization","@id":"https:\/\/www.credimex.ch\/fr\/#organization","name":"credimex","url":"https:\/\/www.credimex.ch\/fr\/","logo":{"@type":"ImageObject","inLanguage":"fr-FR","@id":"https:\/\/www.credimex.ch\/fr\/#\/schema\/logo\/image\/","url":"https:\/\/www.credimex.ch\/wp-content\/uploads\/2022\/03\/cropped-logo-credimex.png","contentUrl":"https:\/\/www.credimex.ch\/wp-content\/uploads\/2022\/03\/cropped-logo-credimex.png","width":512,"height":512,"caption":"credimex"},"image":{"@id":"https:\/\/www.credimex.ch\/fr\/#\/schema\/logo\/image\/"},"sameAs":["https:\/\/www.facebook.com\/credimex.alpnach\/","https:\/\/www.linkedin.com\/company\/credimex\/","https:\/\/www.youtube.com\/@CREDIMEX?sub_confirmation=1"]}]}},"_links":{"self":[{"href":"https:\/\/www.credimex.ch\/fr\/wp-json\/wp\/v2\/product\/4205","targetHints":{"allow":["GET"]}}],"collection":[{"href":"https:\/\/www.credimex.ch\/fr\/wp-json\/wp\/v2\/product"}],"about":[{"href":"https:\/\/www.credimex.ch\/fr\/wp-json\/wp\/v2\/types\/product"}],"replies":[{"embeddable":true,"href":"https:\/\/www.credimex.ch\/fr\/wp-json\/wp\/v2\/comments?post=4205"}],"wp:featuredmedia":[{"embeddable":true,"href":"https:\/\/www.credimex.ch\/fr\/wp-json\/wp\/v2\/media\/3306"}],"wp:attachment":[{"href":"https:\/\/www.credimex.ch\/fr\/wp-json\/wp\/v2\/media?parent=4205"}],"wp:term":[{"taxonomy":"product_brand","embeddable":true,"href":"https:\/\/www.credimex.ch\/fr\/wp-json\/wp\/v2\/product_brand?post=4205"},{"taxonomy":"product_cat","embeddable":true,"href":"https:\/\/www.credimex.ch\/fr\/wp-json\/wp\/v2\/product_cat?post=4205"},{"taxonomy":"product_tag","embeddable":true,"href":"https:\/\/www.credimex.ch\/fr\/wp-json\/wp\/v2\/product_tag?post=4205"}],"curies":[{"name":"wp","href":"https:\/\/api.w.org\/{rel}","templated":true}]}}