{"id":4209,"date":"2022-06-22T12:32:15","date_gmt":"2022-06-22T10:32:15","guid":{"rendered":"https:\/\/www.credimex.ch.mialias.net\/product\/cresacoat-c-314\/"},"modified":"2024-08-08T11:56:39","modified_gmt":"2024-08-08T09:56:39","slug":"cresacoat-c-314-2","status":"publish","type":"product","link":"https:\/\/www.credimex.ch\/fr\/produit\/cresacoat-c-314-2\/","title":{"rendered":"CresaCoat C 314"},"content":{"rendered":"<h2>Description<\/h2>\n<p>Le CresaCoat C 314 est un rev\u00eatement en couche mince avec PTFE int\u00e9gr\u00e9. Les rev\u00eatements tribotechniques constituent un compl\u00e9ment id\u00e9al aux lubrifiants humides et sont adapt\u00e9s aux charges les plus \u00e9lev\u00e9es, aux conditions environnementales extr\u00eames telles que les temp\u00e9ratures, le vide, les radiations, l&rsquo;humidit\u00e9, etc.<\/p>\n<h2>Avantages du produit<\/h2>\n<ul>\n<li>Bon effet de lib\u00e9ration<\/li>\n<li>Bonne adh\u00e9sion<\/li>\n<li>Utilisation m\u00eame \u00e0 des temp\u00e9ratures \u00e9lev\u00e9es<\/li>\n<li>Bonne r\u00e9sistance \u00e0 la compression<\/li>\n<li>R\u00e9pond aux exigences de la FDA en mati\u00e8re de s\u00e9curit\u00e9 en cas de contact avec les aliments.<\/li>\n<li>Plage de temp\u00e9rature -195\/+220\u00b0C<\/li>\n<\/ul>\n<h2>Application<\/h2>\n<ul>\n<li>Produits entrant en contact avec les aliments<\/li>\n<\/ul>\n","protected":false},"excerpt":{"rendered":"<p>Le CresaCoat C 314 est un rev\u00eatement en couche mince avec PTFE int\u00e9gr\u00e9 qui r\u00e9pond aux exigences de la FDA en mati\u00e8re de s\u00e9curit\u00e9 en cas de contact avec les aliments et peut \u00eatre utilis\u00e9 m\u00eame \u00e0 des temp\u00e9ratures \u00e9lev\u00e9es.<\/p>\n","protected":false},"featured_media":3284,"comment_status":"open","ping_status":"closed","template":"","meta":{"_acf_changed":false},"product_brand":[],"product_cat":[656,361,657,658],"product_tag":[],"class_list":{"0":"post-4209","1":"product","2":"type-product","3":"status-publish","4":"has-post-thumbnail","6":"product_cat-cresacoat","7":"product_cat-industrie-alimentaire","8":"product_cat-revetements-et-traitements-de-surface","9":"product_cat-revetements-pour-applications-alimentaires","11":"first","12":"instock","13":"shipping-taxable","14":"product-type-simple"},"acf":[],"_yoast_wpseo_focuskw":"CresaCoat C 314","_yoast_wpseo_metadesc":"Le CresaCoat C 314 est un rev\u00eatement en couche mince avec PTFE int\u00e9gr\u00e9 qui r\u00e9pond aux exigences de la FDA en mati\u00e8re de s\u00e9curit\u00e9 en cas de contact avec les aliments.","yoast_head":"<!-- This site is optimized with the Yoast SEO Premium plugin v21.6 (Yoast SEO v27.4) - https:\/\/yoast.com\/product\/yoast-seo-premium-wordpress\/ -->\n<title>CresaCoat C 314 - CREDIMEX<\/title>\n<meta name=\"description\" content=\"Le CresaCoat C 314 est un rev\u00eatement en couche mince avec PTFE int\u00e9gr\u00e9 qui r\u00e9pond aux exigences de la FDA en mati\u00e8re de s\u00e9curit\u00e9 en cas de contact avec les aliments.\" \/>\n<meta name=\"robots\" content=\"index, follow, max-snippet:-1, max-image-preview:large, max-video-preview:-1\" \/>\n<link rel=\"canonical\" href=\"https:\/\/www.credimex.ch\/fr\/produit\/cresacoat-c-314-2\/\" \/>\n<meta property=\"og:locale\" content=\"fr_FR\" \/>\n<meta property=\"og:type\" content=\"article\" \/>\n<meta property=\"og:title\" content=\"CresaCoat C 314\" \/>\n<meta property=\"og:description\" content=\"Le CresaCoat C 314 est un rev\u00eatement en couche mince avec PTFE int\u00e9gr\u00e9 qui r\u00e9pond aux exigences de la FDA en mati\u00e8re de s\u00e9curit\u00e9 en cas de contact avec les aliments.\" \/>\n<meta property=\"og:url\" content=\"https:\/\/www.credimex.ch\/fr\/produit\/cresacoat-c-314-2\/\" \/>\n<meta property=\"og:site_name\" content=\"CREDIMEX\" \/>\n<meta property=\"article:publisher\" content=\"https:\/\/www.facebook.com\/credimex.alpnach\/\" \/>\n<meta property=\"article:modified_time\" content=\"2024-08-08T09:56:39+00:00\" \/>\n<meta property=\"og:image\" content=\"https:\/\/www.credimex.ch\/wp-content\/uploads\/2022\/06\/CresaCoat-C-113-scaled.jpg\" \/>\n\t<meta property=\"og:image:width\" content=\"2560\" \/>\n\t<meta property=\"og:image:height\" content=\"1976\" \/>\n\t<meta property=\"og:image:type\" content=\"image\/jpeg\" \/>\n<meta name=\"twitter:card\" content=\"summary_large_image\" \/>\n<meta name=\"twitter:label1\" content=\"Dur\u00e9e de lecture estim\u00e9e\" \/>\n\t<meta name=\"twitter:data1\" content=\"1 minute\" \/>\n<script type=\"application\/ld+json\" class=\"yoast-schema-graph\">{\"@context\":\"https:\\\/\\\/schema.org\",\"@graph\":[{\"@type\":\"WebPage\",\"@id\":\"https:\\\/\\\/www.credimex.ch\\\/fr\\\/produit\\\/cresacoat-c-314-2\\\/\",\"url\":\"https:\\\/\\\/www.credimex.ch\\\/fr\\\/produit\\\/cresacoat-c-314-2\\\/\",\"name\":\"CresaCoat C 314 - CREDIMEX\",\"isPartOf\":{\"@id\":\"https:\\\/\\\/www.credimex.ch\\\/fr\\\/#website\"},\"primaryImageOfPage\":{\"@id\":\"https:\\\/\\\/www.credimex.ch\\\/fr\\\/produit\\\/cresacoat-c-314-2\\\/#primaryimage\"},\"image\":{\"@id\":\"https:\\\/\\\/www.credimex.ch\\\/fr\\\/produit\\\/cresacoat-c-314-2\\\/#primaryimage\"},\"thumbnailUrl\":\"https:\\\/\\\/www.credimex.ch\\\/wp-content\\\/uploads\\\/2022\\\/06\\\/CresaCoat-C-113-scaled.jpg\",\"datePublished\":\"2022-06-22T10:32:15+00:00\",\"dateModified\":\"2024-08-08T09:56:39+00:00\",\"description\":\"Le CresaCoat C 314 est un rev\u00eatement en couche mince avec PTFE int\u00e9gr\u00e9 qui r\u00e9pond aux exigences de la FDA en mati\u00e8re de s\u00e9curit\u00e9 en cas de contact avec les aliments.\",\"breadcrumb\":{\"@id\":\"https:\\\/\\\/www.credimex.ch\\\/fr\\\/produit\\\/cresacoat-c-314-2\\\/#breadcrumb\"},\"inLanguage\":\"fr-FR\",\"potentialAction\":[{\"@type\":\"ReadAction\",\"target\":[\"https:\\\/\\\/www.credimex.ch\\\/fr\\\/produit\\\/cresacoat-c-314-2\\\/\"]}]},{\"@type\":\"ImageObject\",\"inLanguage\":\"fr-FR\",\"@id\":\"https:\\\/\\\/www.credimex.ch\\\/fr\\\/produit\\\/cresacoat-c-314-2\\\/#primaryimage\",\"url\":\"https:\\\/\\\/www.credimex.ch\\\/wp-content\\\/uploads\\\/2022\\\/06\\\/CresaCoat-C-113-scaled.jpg\",\"contentUrl\":\"https:\\\/\\\/www.credimex.ch\\\/wp-content\\\/uploads\\\/2022\\\/06\\\/CresaCoat-C-113-scaled.jpg\",\"width\":2560,\"height\":1976},{\"@type\":\"BreadcrumbList\",\"@id\":\"https:\\\/\\\/www.credimex.ch\\\/fr\\\/produit\\\/cresacoat-c-314-2\\\/#breadcrumb\",\"itemListElement\":[{\"@type\":\"ListItem\",\"position\":1,\"name\":\"Home\",\"item\":\"https:\\\/\\\/www.credimex.ch\\\/fr\\\/\"},{\"@type\":\"ListItem\",\"position\":2,\"name\":\"Produits\",\"item\":\"https:\\\/\\\/www.credimex.ch\\\/fr\\\/produits\\\/\"},{\"@type\":\"ListItem\",\"position\":3,\"name\":\"CresaCoat C 314\"}]},{\"@type\":\"WebSite\",\"@id\":\"https:\\\/\\\/www.credimex.ch\\\/fr\\\/#website\",\"url\":\"https:\\\/\\\/www.credimex.ch\\\/fr\\\/\",\"name\":\"CREDIMEX\",\"description\":\"Partner of Swiss Industrial Market\",\"publisher\":{\"@id\":\"https:\\\/\\\/www.credimex.ch\\\/fr\\\/#organization\"},\"potentialAction\":[{\"@type\":\"SearchAction\",\"target\":{\"@type\":\"EntryPoint\",\"urlTemplate\":\"https:\\\/\\\/www.credimex.ch\\\/fr\\\/?s={search_term_string}\"},\"query-input\":{\"@type\":\"PropertyValueSpecification\",\"valueRequired\":true,\"valueName\":\"search_term_string\"}}],\"inLanguage\":\"fr-FR\"},{\"@type\":\"Organization\",\"@id\":\"https:\\\/\\\/www.credimex.ch\\\/fr\\\/#organization\",\"name\":\"credimex\",\"url\":\"https:\\\/\\\/www.credimex.ch\\\/fr\\\/\",\"logo\":{\"@type\":\"ImageObject\",\"inLanguage\":\"fr-FR\",\"@id\":\"https:\\\/\\\/www.credimex.ch\\\/fr\\\/#\\\/schema\\\/logo\\\/image\\\/\",\"url\":\"https:\\\/\\\/www.credimex.ch\\\/wp-content\\\/uploads\\\/2022\\\/03\\\/cropped-logo-credimex.png\",\"contentUrl\":\"https:\\\/\\\/www.credimex.ch\\\/wp-content\\\/uploads\\\/2022\\\/03\\\/cropped-logo-credimex.png\",\"width\":512,\"height\":512,\"caption\":\"credimex\"},\"image\":{\"@id\":\"https:\\\/\\\/www.credimex.ch\\\/fr\\\/#\\\/schema\\\/logo\\\/image\\\/\"},\"sameAs\":[\"https:\\\/\\\/www.facebook.com\\\/credimex.alpnach\\\/\",\"https:\\\/\\\/www.linkedin.com\\\/company\\\/credimex\\\/\",\"https:\\\/\\\/www.youtube.com\\\/@CREDIMEX?sub_confirmation=1\"]}]}<\/script>\n<!-- \/ Yoast SEO Premium plugin. -->","yoast_head_json":{"title":"CresaCoat C 314 - CREDIMEX","description":"Le CresaCoat C 314 est un rev\u00eatement en couche mince avec PTFE int\u00e9gr\u00e9 qui r\u00e9pond aux exigences de la FDA en mati\u00e8re de s\u00e9curit\u00e9 en cas de contact avec les aliments.","robots":{"index":"index","follow":"follow","max-snippet":"max-snippet:-1","max-image-preview":"max-image-preview:large","max-video-preview":"max-video-preview:-1"},"canonical":"https:\/\/www.credimex.ch\/fr\/produit\/cresacoat-c-314-2\/","og_locale":"fr_FR","og_type":"article","og_title":"CresaCoat C 314","og_description":"Le CresaCoat C 314 est un rev\u00eatement en couche mince avec PTFE int\u00e9gr\u00e9 qui r\u00e9pond aux exigences de la FDA en mati\u00e8re de s\u00e9curit\u00e9 en cas de contact avec les aliments.","og_url":"https:\/\/www.credimex.ch\/fr\/produit\/cresacoat-c-314-2\/","og_site_name":"CREDIMEX","article_publisher":"https:\/\/www.facebook.com\/credimex.alpnach\/","article_modified_time":"2024-08-08T09:56:39+00:00","og_image":[{"width":2560,"height":1976,"url":"https:\/\/www.credimex.ch\/wp-content\/uploads\/2022\/06\/CresaCoat-C-113-scaled.jpg","type":"image\/jpeg"}],"twitter_card":"summary_large_image","twitter_misc":{"Dur\u00e9e de lecture estim\u00e9e":"1 minute"},"schema":{"@context":"https:\/\/schema.org","@graph":[{"@type":"WebPage","@id":"https:\/\/www.credimex.ch\/fr\/produit\/cresacoat-c-314-2\/","url":"https:\/\/www.credimex.ch\/fr\/produit\/cresacoat-c-314-2\/","name":"CresaCoat C 314 - CREDIMEX","isPartOf":{"@id":"https:\/\/www.credimex.ch\/fr\/#website"},"primaryImageOfPage":{"@id":"https:\/\/www.credimex.ch\/fr\/produit\/cresacoat-c-314-2\/#primaryimage"},"image":{"@id":"https:\/\/www.credimex.ch\/fr\/produit\/cresacoat-c-314-2\/#primaryimage"},"thumbnailUrl":"https:\/\/www.credimex.ch\/wp-content\/uploads\/2022\/06\/CresaCoat-C-113-scaled.jpg","datePublished":"2022-06-22T10:32:15+00:00","dateModified":"2024-08-08T09:56:39+00:00","description":"Le CresaCoat C 314 est un rev\u00eatement en couche mince avec PTFE int\u00e9gr\u00e9 qui r\u00e9pond aux exigences de la FDA en mati\u00e8re de s\u00e9curit\u00e9 en cas de contact avec les aliments.","breadcrumb":{"@id":"https:\/\/www.credimex.ch\/fr\/produit\/cresacoat-c-314-2\/#breadcrumb"},"inLanguage":"fr-FR","potentialAction":[{"@type":"ReadAction","target":["https:\/\/www.credimex.ch\/fr\/produit\/cresacoat-c-314-2\/"]}]},{"@type":"ImageObject","inLanguage":"fr-FR","@id":"https:\/\/www.credimex.ch\/fr\/produit\/cresacoat-c-314-2\/#primaryimage","url":"https:\/\/www.credimex.ch\/wp-content\/uploads\/2022\/06\/CresaCoat-C-113-scaled.jpg","contentUrl":"https:\/\/www.credimex.ch\/wp-content\/uploads\/2022\/06\/CresaCoat-C-113-scaled.jpg","width":2560,"height":1976},{"@type":"BreadcrumbList","@id":"https:\/\/www.credimex.ch\/fr\/produit\/cresacoat-c-314-2\/#breadcrumb","itemListElement":[{"@type":"ListItem","position":1,"name":"Home","item":"https:\/\/www.credimex.ch\/fr\/"},{"@type":"ListItem","position":2,"name":"Produits","item":"https:\/\/www.credimex.ch\/fr\/produits\/"},{"@type":"ListItem","position":3,"name":"CresaCoat C 314"}]},{"@type":"WebSite","@id":"https:\/\/www.credimex.ch\/fr\/#website","url":"https:\/\/www.credimex.ch\/fr\/","name":"CREDIMEX","description":"Partner of Swiss Industrial Market","publisher":{"@id":"https:\/\/www.credimex.ch\/fr\/#organization"},"potentialAction":[{"@type":"SearchAction","target":{"@type":"EntryPoint","urlTemplate":"https:\/\/www.credimex.ch\/fr\/?s={search_term_string}"},"query-input":{"@type":"PropertyValueSpecification","valueRequired":true,"valueName":"search_term_string"}}],"inLanguage":"fr-FR"},{"@type":"Organization","@id":"https:\/\/www.credimex.ch\/fr\/#organization","name":"credimex","url":"https:\/\/www.credimex.ch\/fr\/","logo":{"@type":"ImageObject","inLanguage":"fr-FR","@id":"https:\/\/www.credimex.ch\/fr\/#\/schema\/logo\/image\/","url":"https:\/\/www.credimex.ch\/wp-content\/uploads\/2022\/03\/cropped-logo-credimex.png","contentUrl":"https:\/\/www.credimex.ch\/wp-content\/uploads\/2022\/03\/cropped-logo-credimex.png","width":512,"height":512,"caption":"credimex"},"image":{"@id":"https:\/\/www.credimex.ch\/fr\/#\/schema\/logo\/image\/"},"sameAs":["https:\/\/www.facebook.com\/credimex.alpnach\/","https:\/\/www.linkedin.com\/company\/credimex\/","https:\/\/www.youtube.com\/@CREDIMEX?sub_confirmation=1"]}]}},"_links":{"self":[{"href":"https:\/\/www.credimex.ch\/fr\/wp-json\/wp\/v2\/product\/4209","targetHints":{"allow":["GET"]}}],"collection":[{"href":"https:\/\/www.credimex.ch\/fr\/wp-json\/wp\/v2\/product"}],"about":[{"href":"https:\/\/www.credimex.ch\/fr\/wp-json\/wp\/v2\/types\/product"}],"replies":[{"embeddable":true,"href":"https:\/\/www.credimex.ch\/fr\/wp-json\/wp\/v2\/comments?post=4209"}],"wp:featuredmedia":[{"embeddable":true,"href":"https:\/\/www.credimex.ch\/fr\/wp-json\/wp\/v2\/media\/3284"}],"wp:attachment":[{"href":"https:\/\/www.credimex.ch\/fr\/wp-json\/wp\/v2\/media?parent=4209"}],"wp:term":[{"taxonomy":"product_brand","embeddable":true,"href":"https:\/\/www.credimex.ch\/fr\/wp-json\/wp\/v2\/product_brand?post=4209"},{"taxonomy":"product_cat","embeddable":true,"href":"https:\/\/www.credimex.ch\/fr\/wp-json\/wp\/v2\/product_cat?post=4209"},{"taxonomy":"product_tag","embeddable":true,"href":"https:\/\/www.credimex.ch\/fr\/wp-json\/wp\/v2\/product_tag?post=4209"}],"curies":[{"name":"wp","href":"https:\/\/api.w.org\/{rel}","templated":true}]}}