{"id":4211,"date":"2022-06-22T12:24:17","date_gmt":"2022-06-22T10:24:17","guid":{"rendered":"https:\/\/www.credimex.ch.mialias.net\/product\/cresacoat-805\/"},"modified":"2023-03-16T12:56:53","modified_gmt":"2023-03-16T11:56:53","slug":"cresacoat-c-805","status":"publish","type":"product","link":"https:\/\/www.credimex.ch\/fr\/produit\/cresacoat-c-805\/","title":{"rendered":"CresaCoat C 805"},"content":{"rendered":"<h2>Description<\/h2>\n<p>CresaCoat C 805 est un rev\u00eatement en zinc lamellaire noir avec aluminium-zinc int\u00e9gr\u00e9 qui offre une protection cathodique pour les m\u00e9taux ferreux, car il r\u00e9siste \u00e0 l&rsquo;huile, au carburant et \u00e0 de nombreux solvants. Le rev\u00eatement atteint jusqu&rsquo;\u00e0 720 heures lors du test au brouillard salin.<\/p>\n<h2>Avantages du produit<\/h2>\n<ul>\n<li>Protection cathodique des m\u00e9taux ferreux<\/li>\n<li>Pas de fragilisation par l&rsquo;hydrog\u00e8ne<\/li>\n<li>Coefficient de friction id\u00e9al pour la fixation du mat\u00e9riel<\/li>\n<li>R\u00e9sistant \u00e0 l&rsquo;huile, au carburant et \u00e0 de nombreux solvants.<\/li>\n<li>Plage de temp\u00e9rature -50\/+200\u00b0C<\/li>\n<li>Protection contre la corrosion \u2265 720 H<\/li>\n<\/ul>\n<h2>Application<\/h2>\n<ul>\n<li>Attaches<\/li>\n<li>Ressorts<\/li>\n<li>Pi\u00e8ces embouties et pli\u00e9es<\/li>\n<li>Pinces<\/li>\n<li>Composants des freins<\/li>\n<li>Pi\u00e8ces moul\u00e9es et forg\u00e9es<\/li>\n<\/ul>\n","protected":false},"excerpt":{"rendered":"<p>Le <strong>CresaCoat C 805<\/strong> est un rev\u00eatement en couche mince avec aluminium-zinc int\u00e9gr\u00e9 qui offre une protection cathodique aux m\u00e9taux ferreux en \u00e9tant r\u00e9sistant aux huiles, aux carburants et \u00e0 de nombreux solvants. Le rev\u00eatement atteint jusqu&rsquo;\u00e0 720 heures lors du test au brouillard salin.<\/p>\n","protected":false},"featured_media":3568,"comment_status":"open","ping_status":"closed","template":"","meta":{"_acf_changed":false},"product_brand":[],"product_cat":[656,384,375,360,663,657,412],"product_tag":[],"class_list":{"0":"post-4211","1":"product","2":"type-product","3":"status-publish","4":"has-post-thumbnail","6":"product_cat-cresacoat","7":"product_cat-energie","8":"product_cat-ferroviaire","9":"product_cat-industrie-generale","10":"product_cat-protection-contre-la-corrosion","11":"product_cat-revetements-et-traitements-de-surface","12":"product_cat-telepheriques","14":"first","15":"instock","16":"shipping-taxable","17":"product-type-simple"},"acf":[],"_yoast_wpseo_focuskw":"CresaCoat C 805","_yoast_wpseo_metadesc":"Le CresaCoat C 805 est un rev\u00eatement en couche mince avec aluminium-zinc int\u00e9gr\u00e9 qui offre une protection cathodique aux m\u00e9taux ferreux en \u00e9tant r\u00e9sistant aux huiles, aux carburants et \u00e0 de nombreux solvants.","yoast_head":"<!-- This site is optimized with the Yoast SEO Premium plugin v21.6 (Yoast SEO v27.4) - https:\/\/yoast.com\/product\/yoast-seo-premium-wordpress\/ -->\n<title>CresaCoat C 805 - CREDIMEX<\/title>\n<meta name=\"description\" content=\"Le CresaCoat C 805 est un rev\u00eatement en couche mince avec aluminium-zinc int\u00e9gr\u00e9 qui offre une protection cathodique aux m\u00e9taux ferreux en \u00e9tant r\u00e9sistant aux huiles, aux carburants et \u00e0 de nombreux solvants.\" \/>\n<meta name=\"robots\" content=\"index, follow, max-snippet:-1, max-image-preview:large, max-video-preview:-1\" \/>\n<link rel=\"canonical\" href=\"https:\/\/www.credimex.ch\/fr\/produit\/cresacoat-c-805\/\" \/>\n<meta property=\"og:locale\" content=\"fr_FR\" \/>\n<meta property=\"og:type\" content=\"article\" \/>\n<meta property=\"og:title\" content=\"CresaCoat C 805\" \/>\n<meta property=\"og:description\" content=\"Le CresaCoat C 805 est un rev\u00eatement en couche mince avec aluminium-zinc int\u00e9gr\u00e9 qui offre une protection cathodique aux m\u00e9taux ferreux en \u00e9tant r\u00e9sistant aux huiles, aux carburants et \u00e0 de nombreux solvants.\" \/>\n<meta property=\"og:url\" content=\"https:\/\/www.credimex.ch\/fr\/produit\/cresacoat-c-805\/\" \/>\n<meta property=\"og:site_name\" content=\"CREDIMEX\" \/>\n<meta property=\"article:publisher\" content=\"https:\/\/www.facebook.com\/credimex.alpnach\/\" \/>\n<meta property=\"article:modified_time\" content=\"2023-03-16T11:56:53+00:00\" \/>\n<meta property=\"og:image\" content=\"https:\/\/www.credimex.ch\/wp-content\/uploads\/2022\/06\/image.png\" \/>\n\t<meta property=\"og:image:width\" content=\"576\" \/>\n\t<meta property=\"og:image:height\" content=\"576\" \/>\n\t<meta property=\"og:image:type\" content=\"image\/png\" \/>\n<meta name=\"twitter:card\" content=\"summary_large_image\" \/>\n<meta name=\"twitter:label1\" content=\"Dur\u00e9e de lecture estim\u00e9e\" \/>\n\t<meta name=\"twitter:data1\" content=\"1 minute\" \/>\n<script type=\"application\/ld+json\" class=\"yoast-schema-graph\">{\"@context\":\"https:\\\/\\\/schema.org\",\"@graph\":[{\"@type\":\"WebPage\",\"@id\":\"https:\\\/\\\/www.credimex.ch\\\/fr\\\/produit\\\/cresacoat-c-805\\\/\",\"url\":\"https:\\\/\\\/www.credimex.ch\\\/fr\\\/produit\\\/cresacoat-c-805\\\/\",\"name\":\"CresaCoat C 805 - CREDIMEX\",\"isPartOf\":{\"@id\":\"https:\\\/\\\/www.credimex.ch\\\/fr\\\/#website\"},\"primaryImageOfPage\":{\"@id\":\"https:\\\/\\\/www.credimex.ch\\\/fr\\\/produit\\\/cresacoat-c-805\\\/#primaryimage\"},\"image\":{\"@id\":\"https:\\\/\\\/www.credimex.ch\\\/fr\\\/produit\\\/cresacoat-c-805\\\/#primaryimage\"},\"thumbnailUrl\":\"https:\\\/\\\/www.credimex.ch\\\/wp-content\\\/uploads\\\/2022\\\/06\\\/image.png\",\"datePublished\":\"2022-06-22T10:24:17+00:00\",\"dateModified\":\"2023-03-16T11:56:53+00:00\",\"description\":\"Le CresaCoat C 805 est un rev\u00eatement en couche mince avec aluminium-zinc int\u00e9gr\u00e9 qui offre une protection cathodique aux m\u00e9taux ferreux en \u00e9tant r\u00e9sistant aux huiles, aux carburants et \u00e0 de nombreux solvants.\",\"breadcrumb\":{\"@id\":\"https:\\\/\\\/www.credimex.ch\\\/fr\\\/produit\\\/cresacoat-c-805\\\/#breadcrumb\"},\"inLanguage\":\"fr-FR\",\"potentialAction\":[{\"@type\":\"ReadAction\",\"target\":[\"https:\\\/\\\/www.credimex.ch\\\/fr\\\/produit\\\/cresacoat-c-805\\\/\"]}]},{\"@type\":\"ImageObject\",\"inLanguage\":\"fr-FR\",\"@id\":\"https:\\\/\\\/www.credimex.ch\\\/fr\\\/produit\\\/cresacoat-c-805\\\/#primaryimage\",\"url\":\"https:\\\/\\\/www.credimex.ch\\\/wp-content\\\/uploads\\\/2022\\\/06\\\/image.png\",\"contentUrl\":\"https:\\\/\\\/www.credimex.ch\\\/wp-content\\\/uploads\\\/2022\\\/06\\\/image.png\",\"width\":576,\"height\":576},{\"@type\":\"BreadcrumbList\",\"@id\":\"https:\\\/\\\/www.credimex.ch\\\/fr\\\/produit\\\/cresacoat-c-805\\\/#breadcrumb\",\"itemListElement\":[{\"@type\":\"ListItem\",\"position\":1,\"name\":\"Home\",\"item\":\"https:\\\/\\\/www.credimex.ch\\\/fr\\\/\"},{\"@type\":\"ListItem\",\"position\":2,\"name\":\"Produits\",\"item\":\"https:\\\/\\\/www.credimex.ch\\\/fr\\\/produits\\\/\"},{\"@type\":\"ListItem\",\"position\":3,\"name\":\"CresaCoat C 805\"}]},{\"@type\":\"WebSite\",\"@id\":\"https:\\\/\\\/www.credimex.ch\\\/fr\\\/#website\",\"url\":\"https:\\\/\\\/www.credimex.ch\\\/fr\\\/\",\"name\":\"CREDIMEX\",\"description\":\"Partner of Swiss Industrial Market\",\"publisher\":{\"@id\":\"https:\\\/\\\/www.credimex.ch\\\/fr\\\/#organization\"},\"potentialAction\":[{\"@type\":\"SearchAction\",\"target\":{\"@type\":\"EntryPoint\",\"urlTemplate\":\"https:\\\/\\\/www.credimex.ch\\\/fr\\\/?s={search_term_string}\"},\"query-input\":{\"@type\":\"PropertyValueSpecification\",\"valueRequired\":true,\"valueName\":\"search_term_string\"}}],\"inLanguage\":\"fr-FR\"},{\"@type\":\"Organization\",\"@id\":\"https:\\\/\\\/www.credimex.ch\\\/fr\\\/#organization\",\"name\":\"credimex\",\"url\":\"https:\\\/\\\/www.credimex.ch\\\/fr\\\/\",\"logo\":{\"@type\":\"ImageObject\",\"inLanguage\":\"fr-FR\",\"@id\":\"https:\\\/\\\/www.credimex.ch\\\/fr\\\/#\\\/schema\\\/logo\\\/image\\\/\",\"url\":\"https:\\\/\\\/www.credimex.ch\\\/wp-content\\\/uploads\\\/2022\\\/03\\\/cropped-logo-credimex.png\",\"contentUrl\":\"https:\\\/\\\/www.credimex.ch\\\/wp-content\\\/uploads\\\/2022\\\/03\\\/cropped-logo-credimex.png\",\"width\":512,\"height\":512,\"caption\":\"credimex\"},\"image\":{\"@id\":\"https:\\\/\\\/www.credimex.ch\\\/fr\\\/#\\\/schema\\\/logo\\\/image\\\/\"},\"sameAs\":[\"https:\\\/\\\/www.facebook.com\\\/credimex.alpnach\\\/\",\"https:\\\/\\\/www.linkedin.com\\\/company\\\/credimex\\\/\",\"https:\\\/\\\/www.youtube.com\\\/@CREDIMEX?sub_confirmation=1\"]}]}<\/script>\n<!-- \/ Yoast SEO Premium plugin. -->","yoast_head_json":{"title":"CresaCoat C 805 - CREDIMEX","description":"Le CresaCoat C 805 est un rev\u00eatement en couche mince avec aluminium-zinc int\u00e9gr\u00e9 qui offre une protection cathodique aux m\u00e9taux ferreux en \u00e9tant r\u00e9sistant aux huiles, aux carburants et \u00e0 de nombreux solvants.","robots":{"index":"index","follow":"follow","max-snippet":"max-snippet:-1","max-image-preview":"max-image-preview:large","max-video-preview":"max-video-preview:-1"},"canonical":"https:\/\/www.credimex.ch\/fr\/produit\/cresacoat-c-805\/","og_locale":"fr_FR","og_type":"article","og_title":"CresaCoat C 805","og_description":"Le CresaCoat C 805 est un rev\u00eatement en couche mince avec aluminium-zinc int\u00e9gr\u00e9 qui offre une protection cathodique aux m\u00e9taux ferreux en \u00e9tant r\u00e9sistant aux huiles, aux carburants et \u00e0 de nombreux solvants.","og_url":"https:\/\/www.credimex.ch\/fr\/produit\/cresacoat-c-805\/","og_site_name":"CREDIMEX","article_publisher":"https:\/\/www.facebook.com\/credimex.alpnach\/","article_modified_time":"2023-03-16T11:56:53+00:00","og_image":[{"width":576,"height":576,"url":"https:\/\/www.credimex.ch\/wp-content\/uploads\/2022\/06\/image.png","type":"image\/png"}],"twitter_card":"summary_large_image","twitter_misc":{"Dur\u00e9e de lecture estim\u00e9e":"1 minute"},"schema":{"@context":"https:\/\/schema.org","@graph":[{"@type":"WebPage","@id":"https:\/\/www.credimex.ch\/fr\/produit\/cresacoat-c-805\/","url":"https:\/\/www.credimex.ch\/fr\/produit\/cresacoat-c-805\/","name":"CresaCoat C 805 - CREDIMEX","isPartOf":{"@id":"https:\/\/www.credimex.ch\/fr\/#website"},"primaryImageOfPage":{"@id":"https:\/\/www.credimex.ch\/fr\/produit\/cresacoat-c-805\/#primaryimage"},"image":{"@id":"https:\/\/www.credimex.ch\/fr\/produit\/cresacoat-c-805\/#primaryimage"},"thumbnailUrl":"https:\/\/www.credimex.ch\/wp-content\/uploads\/2022\/06\/image.png","datePublished":"2022-06-22T10:24:17+00:00","dateModified":"2023-03-16T11:56:53+00:00","description":"Le CresaCoat C 805 est un rev\u00eatement en couche mince avec aluminium-zinc int\u00e9gr\u00e9 qui offre une protection cathodique aux m\u00e9taux ferreux en \u00e9tant r\u00e9sistant aux huiles, aux carburants et \u00e0 de nombreux solvants.","breadcrumb":{"@id":"https:\/\/www.credimex.ch\/fr\/produit\/cresacoat-c-805\/#breadcrumb"},"inLanguage":"fr-FR","potentialAction":[{"@type":"ReadAction","target":["https:\/\/www.credimex.ch\/fr\/produit\/cresacoat-c-805\/"]}]},{"@type":"ImageObject","inLanguage":"fr-FR","@id":"https:\/\/www.credimex.ch\/fr\/produit\/cresacoat-c-805\/#primaryimage","url":"https:\/\/www.credimex.ch\/wp-content\/uploads\/2022\/06\/image.png","contentUrl":"https:\/\/www.credimex.ch\/wp-content\/uploads\/2022\/06\/image.png","width":576,"height":576},{"@type":"BreadcrumbList","@id":"https:\/\/www.credimex.ch\/fr\/produit\/cresacoat-c-805\/#breadcrumb","itemListElement":[{"@type":"ListItem","position":1,"name":"Home","item":"https:\/\/www.credimex.ch\/fr\/"},{"@type":"ListItem","position":2,"name":"Produits","item":"https:\/\/www.credimex.ch\/fr\/produits\/"},{"@type":"ListItem","position":3,"name":"CresaCoat C 805"}]},{"@type":"WebSite","@id":"https:\/\/www.credimex.ch\/fr\/#website","url":"https:\/\/www.credimex.ch\/fr\/","name":"CREDIMEX","description":"Partner of Swiss Industrial Market","publisher":{"@id":"https:\/\/www.credimex.ch\/fr\/#organization"},"potentialAction":[{"@type":"SearchAction","target":{"@type":"EntryPoint","urlTemplate":"https:\/\/www.credimex.ch\/fr\/?s={search_term_string}"},"query-input":{"@type":"PropertyValueSpecification","valueRequired":true,"valueName":"search_term_string"}}],"inLanguage":"fr-FR"},{"@type":"Organization","@id":"https:\/\/www.credimex.ch\/fr\/#organization","name":"credimex","url":"https:\/\/www.credimex.ch\/fr\/","logo":{"@type":"ImageObject","inLanguage":"fr-FR","@id":"https:\/\/www.credimex.ch\/fr\/#\/schema\/logo\/image\/","url":"https:\/\/www.credimex.ch\/wp-content\/uploads\/2022\/03\/cropped-logo-credimex.png","contentUrl":"https:\/\/www.credimex.ch\/wp-content\/uploads\/2022\/03\/cropped-logo-credimex.png","width":512,"height":512,"caption":"credimex"},"image":{"@id":"https:\/\/www.credimex.ch\/fr\/#\/schema\/logo\/image\/"},"sameAs":["https:\/\/www.facebook.com\/credimex.alpnach\/","https:\/\/www.linkedin.com\/company\/credimex\/","https:\/\/www.youtube.com\/@CREDIMEX?sub_confirmation=1"]}]}},"_links":{"self":[{"href":"https:\/\/www.credimex.ch\/fr\/wp-json\/wp\/v2\/product\/4211","targetHints":{"allow":["GET"]}}],"collection":[{"href":"https:\/\/www.credimex.ch\/fr\/wp-json\/wp\/v2\/product"}],"about":[{"href":"https:\/\/www.credimex.ch\/fr\/wp-json\/wp\/v2\/types\/product"}],"replies":[{"embeddable":true,"href":"https:\/\/www.credimex.ch\/fr\/wp-json\/wp\/v2\/comments?post=4211"}],"wp:featuredmedia":[{"embeddable":true,"href":"https:\/\/www.credimex.ch\/fr\/wp-json\/wp\/v2\/media\/3568"}],"wp:attachment":[{"href":"https:\/\/www.credimex.ch\/fr\/wp-json\/wp\/v2\/media?parent=4211"}],"wp:term":[{"taxonomy":"product_brand","embeddable":true,"href":"https:\/\/www.credimex.ch\/fr\/wp-json\/wp\/v2\/product_brand?post=4211"},{"taxonomy":"product_cat","embeddable":true,"href":"https:\/\/www.credimex.ch\/fr\/wp-json\/wp\/v2\/product_cat?post=4211"},{"taxonomy":"product_tag","embeddable":true,"href":"https:\/\/www.credimex.ch\/fr\/wp-json\/wp\/v2\/product_tag?post=4211"}],"curies":[{"name":"wp","href":"https:\/\/api.w.org\/{rel}","templated":true}]}}