{"id":4219,"date":"2022-06-22T11:54:24","date_gmt":"2022-06-22T09:54:24","guid":{"rendered":"https:\/\/www.credimex.ch.mialias.net\/product\/cresacoat-114\/"},"modified":"2023-01-31T11:28:42","modified_gmt":"2023-01-31T10:28:42","slug":"cresacoat-c-114","status":"publish","type":"product","link":"https:\/\/www.credimex.ch\/fr\/produit\/cresacoat-c-114\/","title":{"rendered":"CresaCoat C 114"},"content":{"rendered":"<h2>Description<\/h2>\n<p>Le CresaCoat 114 est un rev\u00eatement en couche mince avec <sub>MoS2<\/sub> int\u00e9gr\u00e9. Les rev\u00eatements tribotechniques constituent un compl\u00e9ment id\u00e9al aux lubrifiants humides et sont adapt\u00e9s aux charges les plus \u00e9lev\u00e9es, aux conditions environnementales extr\u00eames telles que les temp\u00e9ratures, le vide, les radiations, l&rsquo;humidit\u00e9, etc.<\/p>\n<p>Les rev\u00eatements CresaCoat C 114 garantissent des valeurs de frottement constantes et offrent \u00e9galement une protection durable contre la corrosion.<\/p>\n<h2>Avantages du produit<\/h2>\n<ul>\n<li>Bonne protection contre la corrosion<\/li>\n<li>R\u00e9sistant aux huiles, aux graisses et aux solvants.<\/li>\n<li>Pr\u00e9vention de la corrosion de contact<\/li>\n<li>R\u00e9sistant aux radiations Rad 10<\/li>\n<\/ul>\n<h2>Application<\/h2>\n<ul>\n<li>Attaches<\/li>\n<li>Ressorts<\/li>\n<li>Pi\u00e8ces embouties et pli\u00e9es<\/li>\n<li>Pinces<\/li>\n<li>Composants des freins<\/li>\n<li>Pi\u00e8ces moul\u00e9es et forg\u00e9es<\/li>\n<\/ul>\n<h2><\/h2>\n","protected":false},"excerpt":{"rendered":"<p>Le <strong>CresaCoat 114<\/strong> est un rev\u00eatement en couche mince avec MoS2 int\u00e9gr\u00e9, offrant une bonne protection contre la corrosion et une r\u00e9sistance aux huiles, graisses et solvants.<\/p>\n","protected":false},"featured_media":6116,"comment_status":"open","ping_status":"closed","template":"","meta":{"_acf_changed":false},"product_brand":[],"product_cat":[656,384,375,360,667,657,412],"product_tag":[],"class_list":{"0":"post-4219","1":"product","2":"type-product","3":"status-publish","4":"has-post-thumbnail","6":"product_cat-cresacoat","7":"product_cat-energie","8":"product_cat-ferroviaire","9":"product_cat-industrie-generale","10":"product_cat-lubrification-a-vie","11":"product_cat-revetements-et-traitements-de-surface","12":"product_cat-telepheriques","13":"pa_brands-cresacoat-fr","15":"first","16":"instock","17":"shipping-taxable","18":"product-type-simple"},"acf":[],"_yoast_wpseo_focuskw":"CresaCoat C 114","_yoast_wpseo_metadesc":"Le CresaCoat 114 est un rev\u00eatement en couche mince avec MoS2 int\u00e9gr\u00e9, offrant une bonne protection contre la corrosion et une r\u00e9sistance aux huiles, graisses et solvants.","yoast_head":"<!-- This site is optimized with the Yoast SEO Premium plugin v21.6 (Yoast SEO v27.4) - https:\/\/yoast.com\/product\/yoast-seo-premium-wordpress\/ -->\n<title>CresaCoat C 114 - CREDIMEX<\/title>\n<meta name=\"description\" content=\"Le CresaCoat 114 est un rev\u00eatement en couche mince avec MoS2 int\u00e9gr\u00e9, offrant une bonne protection contre la corrosion et une r\u00e9sistance aux huiles, graisses et solvants.\" \/>\n<meta name=\"robots\" content=\"index, follow, max-snippet:-1, max-image-preview:large, max-video-preview:-1\" \/>\n<link rel=\"canonical\" href=\"https:\/\/www.credimex.ch\/fr\/produit\/cresacoat-c-114\/\" \/>\n<meta property=\"og:locale\" content=\"fr_FR\" \/>\n<meta property=\"og:type\" content=\"article\" \/>\n<meta property=\"og:title\" content=\"CresaCoat C 114\" \/>\n<meta property=\"og:description\" content=\"Le CresaCoat 114 est un rev\u00eatement en couche mince avec MoS2 int\u00e9gr\u00e9, offrant une bonne protection contre la corrosion et une r\u00e9sistance aux huiles, graisses et solvants.\" \/>\n<meta property=\"og:url\" content=\"https:\/\/www.credimex.ch\/fr\/produit\/cresacoat-c-114\/\" \/>\n<meta property=\"og:site_name\" content=\"CREDIMEX\" \/>\n<meta property=\"article:publisher\" content=\"https:\/\/www.facebook.com\/credimex.alpnach\/\" \/>\n<meta property=\"article:modified_time\" content=\"2023-01-31T10:28:42+00:00\" \/>\n<meta property=\"og:image\" content=\"https:\/\/www.credimex.ch\/wp-content\/uploads\/2022\/06\/CresaCoat-114-1024x793.png\" \/>\n\t<meta property=\"og:image:width\" content=\"1024\" \/>\n\t<meta property=\"og:image:height\" content=\"793\" \/>\n\t<meta property=\"og:image:type\" content=\"image\/png\" \/>\n<meta name=\"twitter:card\" content=\"summary_large_image\" \/>\n<meta name=\"twitter:label1\" content=\"Dur\u00e9e de lecture estim\u00e9e\" \/>\n\t<meta name=\"twitter:data1\" content=\"1 minute\" \/>\n<script type=\"application\/ld+json\" class=\"yoast-schema-graph\">{\"@context\":\"https:\\\/\\\/schema.org\",\"@graph\":[{\"@type\":\"WebPage\",\"@id\":\"https:\\\/\\\/www.credimex.ch\\\/fr\\\/produit\\\/cresacoat-c-114\\\/\",\"url\":\"https:\\\/\\\/www.credimex.ch\\\/fr\\\/produit\\\/cresacoat-c-114\\\/\",\"name\":\"CresaCoat C 114 - CREDIMEX\",\"isPartOf\":{\"@id\":\"https:\\\/\\\/www.credimex.ch\\\/fr\\\/#website\"},\"primaryImageOfPage\":{\"@id\":\"https:\\\/\\\/www.credimex.ch\\\/fr\\\/produit\\\/cresacoat-c-114\\\/#primaryimage\"},\"image\":{\"@id\":\"https:\\\/\\\/www.credimex.ch\\\/fr\\\/produit\\\/cresacoat-c-114\\\/#primaryimage\"},\"thumbnailUrl\":\"https:\\\/\\\/www.credimex.ch\\\/wp-content\\\/uploads\\\/2022\\\/06\\\/BVB-Zahnraeder.jpg\",\"datePublished\":\"2022-06-22T09:54:24+00:00\",\"dateModified\":\"2023-01-31T10:28:42+00:00\",\"description\":\"Le CresaCoat 114 est un rev\u00eatement en couche mince avec MoS2 int\u00e9gr\u00e9, offrant une bonne protection contre la corrosion et une r\u00e9sistance aux huiles, graisses et solvants.\",\"breadcrumb\":{\"@id\":\"https:\\\/\\\/www.credimex.ch\\\/fr\\\/produit\\\/cresacoat-c-114\\\/#breadcrumb\"},\"inLanguage\":\"fr-FR\",\"potentialAction\":[{\"@type\":\"ReadAction\",\"target\":[\"https:\\\/\\\/www.credimex.ch\\\/fr\\\/produit\\\/cresacoat-c-114\\\/\"]}]},{\"@type\":\"ImageObject\",\"inLanguage\":\"fr-FR\",\"@id\":\"https:\\\/\\\/www.credimex.ch\\\/fr\\\/produit\\\/cresacoat-c-114\\\/#primaryimage\",\"url\":\"https:\\\/\\\/www.credimex.ch\\\/wp-content\\\/uploads\\\/2022\\\/06\\\/BVB-Zahnraeder.jpg\",\"contentUrl\":\"https:\\\/\\\/www.credimex.ch\\\/wp-content\\\/uploads\\\/2022\\\/06\\\/BVB-Zahnraeder.jpg\",\"width\":2048,\"height\":1536},{\"@type\":\"BreadcrumbList\",\"@id\":\"https:\\\/\\\/www.credimex.ch\\\/fr\\\/produit\\\/cresacoat-c-114\\\/#breadcrumb\",\"itemListElement\":[{\"@type\":\"ListItem\",\"position\":1,\"name\":\"Home\",\"item\":\"https:\\\/\\\/www.credimex.ch\\\/fr\\\/\"},{\"@type\":\"ListItem\",\"position\":2,\"name\":\"Produits\",\"item\":\"https:\\\/\\\/www.credimex.ch\\\/fr\\\/produits\\\/\"},{\"@type\":\"ListItem\",\"position\":3,\"name\":\"CresaCoat C 114\"}]},{\"@type\":\"WebSite\",\"@id\":\"https:\\\/\\\/www.credimex.ch\\\/fr\\\/#website\",\"url\":\"https:\\\/\\\/www.credimex.ch\\\/fr\\\/\",\"name\":\"CREDIMEX\",\"description\":\"Partner of Swiss Industrial Market\",\"publisher\":{\"@id\":\"https:\\\/\\\/www.credimex.ch\\\/fr\\\/#organization\"},\"potentialAction\":[{\"@type\":\"SearchAction\",\"target\":{\"@type\":\"EntryPoint\",\"urlTemplate\":\"https:\\\/\\\/www.credimex.ch\\\/fr\\\/?s={search_term_string}\"},\"query-input\":{\"@type\":\"PropertyValueSpecification\",\"valueRequired\":true,\"valueName\":\"search_term_string\"}}],\"inLanguage\":\"fr-FR\"},{\"@type\":\"Organization\",\"@id\":\"https:\\\/\\\/www.credimex.ch\\\/fr\\\/#organization\",\"name\":\"credimex\",\"url\":\"https:\\\/\\\/www.credimex.ch\\\/fr\\\/\",\"logo\":{\"@type\":\"ImageObject\",\"inLanguage\":\"fr-FR\",\"@id\":\"https:\\\/\\\/www.credimex.ch\\\/fr\\\/#\\\/schema\\\/logo\\\/image\\\/\",\"url\":\"https:\\\/\\\/www.credimex.ch\\\/wp-content\\\/uploads\\\/2022\\\/03\\\/cropped-logo-credimex.png\",\"contentUrl\":\"https:\\\/\\\/www.credimex.ch\\\/wp-content\\\/uploads\\\/2022\\\/03\\\/cropped-logo-credimex.png\",\"width\":512,\"height\":512,\"caption\":\"credimex\"},\"image\":{\"@id\":\"https:\\\/\\\/www.credimex.ch\\\/fr\\\/#\\\/schema\\\/logo\\\/image\\\/\"},\"sameAs\":[\"https:\\\/\\\/www.facebook.com\\\/credimex.alpnach\\\/\",\"https:\\\/\\\/www.linkedin.com\\\/company\\\/credimex\\\/\",\"https:\\\/\\\/www.youtube.com\\\/@CREDIMEX?sub_confirmation=1\"]}]}<\/script>\n<!-- \/ Yoast SEO Premium plugin. -->","yoast_head_json":{"title":"CresaCoat C 114 - CREDIMEX","description":"Le CresaCoat 114 est un rev\u00eatement en couche mince avec MoS2 int\u00e9gr\u00e9, offrant une bonne protection contre la corrosion et une r\u00e9sistance aux huiles, graisses et solvants.","robots":{"index":"index","follow":"follow","max-snippet":"max-snippet:-1","max-image-preview":"max-image-preview:large","max-video-preview":"max-video-preview:-1"},"canonical":"https:\/\/www.credimex.ch\/fr\/produit\/cresacoat-c-114\/","og_locale":"fr_FR","og_type":"article","og_title":"CresaCoat C 114","og_description":"Le CresaCoat 114 est un rev\u00eatement en couche mince avec MoS2 int\u00e9gr\u00e9, offrant une bonne protection contre la corrosion et une r\u00e9sistance aux huiles, graisses et solvants.","og_url":"https:\/\/www.credimex.ch\/fr\/produit\/cresacoat-c-114\/","og_site_name":"CREDIMEX","article_publisher":"https:\/\/www.facebook.com\/credimex.alpnach\/","article_modified_time":"2023-01-31T10:28:42+00:00","og_image":[{"width":1024,"height":793,"url":"https:\/\/www.credimex.ch\/wp-content\/uploads\/2022\/06\/CresaCoat-114-1024x793.png","type":"image\/png"}],"twitter_card":"summary_large_image","twitter_misc":{"Dur\u00e9e de lecture estim\u00e9e":"1 minute"},"schema":{"@context":"https:\/\/schema.org","@graph":[{"@type":"WebPage","@id":"https:\/\/www.credimex.ch\/fr\/produit\/cresacoat-c-114\/","url":"https:\/\/www.credimex.ch\/fr\/produit\/cresacoat-c-114\/","name":"CresaCoat C 114 - CREDIMEX","isPartOf":{"@id":"https:\/\/www.credimex.ch\/fr\/#website"},"primaryImageOfPage":{"@id":"https:\/\/www.credimex.ch\/fr\/produit\/cresacoat-c-114\/#primaryimage"},"image":{"@id":"https:\/\/www.credimex.ch\/fr\/produit\/cresacoat-c-114\/#primaryimage"},"thumbnailUrl":"https:\/\/www.credimex.ch\/wp-content\/uploads\/2022\/06\/BVB-Zahnraeder.jpg","datePublished":"2022-06-22T09:54:24+00:00","dateModified":"2023-01-31T10:28:42+00:00","description":"Le CresaCoat 114 est un rev\u00eatement en couche mince avec MoS2 int\u00e9gr\u00e9, offrant une bonne protection contre la corrosion et une r\u00e9sistance aux huiles, graisses et solvants.","breadcrumb":{"@id":"https:\/\/www.credimex.ch\/fr\/produit\/cresacoat-c-114\/#breadcrumb"},"inLanguage":"fr-FR","potentialAction":[{"@type":"ReadAction","target":["https:\/\/www.credimex.ch\/fr\/produit\/cresacoat-c-114\/"]}]},{"@type":"ImageObject","inLanguage":"fr-FR","@id":"https:\/\/www.credimex.ch\/fr\/produit\/cresacoat-c-114\/#primaryimage","url":"https:\/\/www.credimex.ch\/wp-content\/uploads\/2022\/06\/BVB-Zahnraeder.jpg","contentUrl":"https:\/\/www.credimex.ch\/wp-content\/uploads\/2022\/06\/BVB-Zahnraeder.jpg","width":2048,"height":1536},{"@type":"BreadcrumbList","@id":"https:\/\/www.credimex.ch\/fr\/produit\/cresacoat-c-114\/#breadcrumb","itemListElement":[{"@type":"ListItem","position":1,"name":"Home","item":"https:\/\/www.credimex.ch\/fr\/"},{"@type":"ListItem","position":2,"name":"Produits","item":"https:\/\/www.credimex.ch\/fr\/produits\/"},{"@type":"ListItem","position":3,"name":"CresaCoat C 114"}]},{"@type":"WebSite","@id":"https:\/\/www.credimex.ch\/fr\/#website","url":"https:\/\/www.credimex.ch\/fr\/","name":"CREDIMEX","description":"Partner of Swiss Industrial Market","publisher":{"@id":"https:\/\/www.credimex.ch\/fr\/#organization"},"potentialAction":[{"@type":"SearchAction","target":{"@type":"EntryPoint","urlTemplate":"https:\/\/www.credimex.ch\/fr\/?s={search_term_string}"},"query-input":{"@type":"PropertyValueSpecification","valueRequired":true,"valueName":"search_term_string"}}],"inLanguage":"fr-FR"},{"@type":"Organization","@id":"https:\/\/www.credimex.ch\/fr\/#organization","name":"credimex","url":"https:\/\/www.credimex.ch\/fr\/","logo":{"@type":"ImageObject","inLanguage":"fr-FR","@id":"https:\/\/www.credimex.ch\/fr\/#\/schema\/logo\/image\/","url":"https:\/\/www.credimex.ch\/wp-content\/uploads\/2022\/03\/cropped-logo-credimex.png","contentUrl":"https:\/\/www.credimex.ch\/wp-content\/uploads\/2022\/03\/cropped-logo-credimex.png","width":512,"height":512,"caption":"credimex"},"image":{"@id":"https:\/\/www.credimex.ch\/fr\/#\/schema\/logo\/image\/"},"sameAs":["https:\/\/www.facebook.com\/credimex.alpnach\/","https:\/\/www.linkedin.com\/company\/credimex\/","https:\/\/www.youtube.com\/@CREDIMEX?sub_confirmation=1"]}]}},"_links":{"self":[{"href":"https:\/\/www.credimex.ch\/fr\/wp-json\/wp\/v2\/product\/4219","targetHints":{"allow":["GET"]}}],"collection":[{"href":"https:\/\/www.credimex.ch\/fr\/wp-json\/wp\/v2\/product"}],"about":[{"href":"https:\/\/www.credimex.ch\/fr\/wp-json\/wp\/v2\/types\/product"}],"replies":[{"embeddable":true,"href":"https:\/\/www.credimex.ch\/fr\/wp-json\/wp\/v2\/comments?post=4219"}],"wp:featuredmedia":[{"embeddable":true,"href":"https:\/\/www.credimex.ch\/fr\/wp-json\/wp\/v2\/media\/6116"}],"wp:attachment":[{"href":"https:\/\/www.credimex.ch\/fr\/wp-json\/wp\/v2\/media?parent=4219"}],"wp:term":[{"taxonomy":"product_brand","embeddable":true,"href":"https:\/\/www.credimex.ch\/fr\/wp-json\/wp\/v2\/product_brand?post=4219"},{"taxonomy":"product_cat","embeddable":true,"href":"https:\/\/www.credimex.ch\/fr\/wp-json\/wp\/v2\/product_cat?post=4219"},{"taxonomy":"product_tag","embeddable":true,"href":"https:\/\/www.credimex.ch\/fr\/wp-json\/wp\/v2\/product_tag?post=4219"}],"curies":[{"name":"wp","href":"https:\/\/api.w.org\/{rel}","templated":true}]}}