{"id":4221,"date":"2022-06-22T11:28:25","date_gmt":"2022-06-22T09:28:25","guid":{"rendered":"https:\/\/www.credimex.ch.mialias.net\/product\/cresacoat-905\/"},"modified":"2023-03-16T13:44:07","modified_gmt":"2023-03-16T12:44:07","slug":"cresacoat-c-905","status":"publish","type":"product","link":"https:\/\/www.credimex.ch\/fr\/produit\/cresacoat-c-905\/","title":{"rendered":"CresaCoat C 905"},"content":{"rendered":"<h2>Description<\/h2>\n<p>Le CresaCoat C 905 est un rev\u00eatement en couche mince avec des lubrifiants solides synth\u00e9tiques int\u00e9gr\u00e9s. Les rev\u00eatements tribotechniques constituent un compl\u00e9ment id\u00e9al aux lubrifiants humides et sont adapt\u00e9s aux charges les plus \u00e9lev\u00e9es, aux conditions environnementales extr\u00eames telles que les temp\u00e9ratures, le vide, les radiations, l&rsquo;humidit\u00e9, etc.<\/p>\n<p>&nbsp;<\/p>\n<h2>Avantages du produit<\/h2>\n<ul>\n<li>Lubrifiant sec non salissant<\/li>\n<li>Bonne adh\u00e9rence sur les m\u00e9taux, les plastiques, le bois, etc.<\/li>\n<li>Plage de temp\u00e9ratures de service -30 \/ +120\u00b0C<\/li>\n<\/ul>\n<h2>Application<\/h2>\n<ul>\n<li>Formage des m\u00e9taux<\/li>\n<li>Vis autotaraudeuses<\/li>\n<li>Contre-\u00e9crous<\/li>\n<li>Portes coulissantes<\/li>\n<li>Industrie du papier et du textile<\/li>\n<li>Charni\u00e8res<\/li>\n<li>Lubrification des fermetures \u00e0 glissi\u00e8re<\/li>\n<\/ul>\n<h2><\/h2>\n","protected":false},"excerpt":{"rendered":"<p>Le CresaCoat C 905 est un rev\u00eatement \u00e0 couche mince avec des lubrifiants solides synth\u00e9tiques int\u00e9gr\u00e9s, adapt\u00e9 aux charges les plus \u00e9lev\u00e9es, aux conditions environnementales extr\u00eames telles que les temp\u00e9ratures, le vide, les radiations, l&rsquo;humidit\u00e9, etc.<\/p>\n","protected":false},"featured_media":3296,"comment_status":"open","ping_status":"closed","template":"","meta":{"_acf_changed":false},"product_brand":[],"product_cat":[669,656,384,375,360,414,657,412],"product_tag":[],"class_list":{"0":"post-4221","1":"product","2":"type-product","3":"status-publish","4":"has-post-thumbnail","6":"product_cat-anti-grippage","7":"product_cat-cresacoat","8":"product_cat-energie","9":"product_cat-ferroviaire","10":"product_cat-industrie-generale","11":"product_cat-medical","12":"product_cat-revetements-et-traitements-de-surface","13":"product_cat-telepheriques","14":"pa_brands-cresacoat-fr","16":"first","17":"instock","18":"shipping-taxable","19":"product-type-simple"},"acf":[],"_yoast_wpseo_focuskw":"cresacoat c 905","_yoast_wpseo_metadesc":"CresaCoat C 905 est un rev\u00eatement en couche mince avec lubrifiants solides synth\u00e9tiques int\u00e9gr\u00e9s, adapt\u00e9 aux charges les plus \u00e9lev\u00e9es, aux conditions environnementales extr\u00eames telles que les temp\u00e9ratures, le vide, les radiations, l\u2019humidit\u00e9, etc.","yoast_head":"<!-- This site is optimized with the Yoast SEO Premium plugin v21.6 (Yoast SEO v27.4) - https:\/\/yoast.com\/product\/yoast-seo-premium-wordpress\/ -->\n<title>CresaCoat C 905 - CREDIMEX<\/title>\n<meta name=\"description\" content=\"CresaCoat C 905 est un rev\u00eatement en couche mince avec lubrifiants solides synth\u00e9tiques int\u00e9gr\u00e9s, adapt\u00e9 aux charges les plus \u00e9lev\u00e9es, aux conditions environnementales extr\u00eames telles que les temp\u00e9ratures, le vide, les radiations, l\u2019humidit\u00e9, etc.\" \/>\n<meta name=\"robots\" content=\"index, follow, max-snippet:-1, max-image-preview:large, max-video-preview:-1\" \/>\n<link rel=\"canonical\" href=\"https:\/\/www.credimex.ch\/fr\/produit\/cresacoat-c-905\/\" \/>\n<meta property=\"og:locale\" content=\"fr_FR\" \/>\n<meta property=\"og:type\" content=\"article\" \/>\n<meta property=\"og:title\" content=\"CresaCoat C 905\" \/>\n<meta property=\"og:description\" content=\"CresaCoat C 905 est un rev\u00eatement en couche mince avec lubrifiants solides synth\u00e9tiques int\u00e9gr\u00e9s, adapt\u00e9 aux charges les plus \u00e9lev\u00e9es, aux conditions environnementales extr\u00eames telles que les temp\u00e9ratures, le vide, les radiations, l\u2019humidit\u00e9, etc.\" \/>\n<meta property=\"og:url\" content=\"https:\/\/www.credimex.ch\/fr\/produit\/cresacoat-c-905\/\" \/>\n<meta property=\"og:site_name\" content=\"CREDIMEX\" \/>\n<meta property=\"article:publisher\" content=\"https:\/\/www.facebook.com\/credimex.alpnach\/\" \/>\n<meta property=\"article:modified_time\" content=\"2023-03-16T12:44:07+00:00\" \/>\n<meta property=\"og:image\" content=\"https:\/\/www.credimex.ch\/wp-content\/uploads\/2022\/06\/CresaCoat-905-scaled.jpg\" \/>\n\t<meta property=\"og:image:width\" content=\"1920\" \/>\n\t<meta property=\"og:image:height\" content=\"2560\" \/>\n\t<meta property=\"og:image:type\" content=\"image\/jpeg\" \/>\n<meta name=\"twitter:card\" content=\"summary_large_image\" \/>\n<meta name=\"twitter:label1\" content=\"Dur\u00e9e de lecture estim\u00e9e\" \/>\n\t<meta name=\"twitter:data1\" content=\"1 minute\" \/>\n<script type=\"application\/ld+json\" class=\"yoast-schema-graph\">{\"@context\":\"https:\\\/\\\/schema.org\",\"@graph\":[{\"@type\":\"WebPage\",\"@id\":\"https:\\\/\\\/www.credimex.ch\\\/fr\\\/produit\\\/cresacoat-c-905\\\/\",\"url\":\"https:\\\/\\\/www.credimex.ch\\\/fr\\\/produit\\\/cresacoat-c-905\\\/\",\"name\":\"CresaCoat C 905 - CREDIMEX\",\"isPartOf\":{\"@id\":\"https:\\\/\\\/www.credimex.ch\\\/fr\\\/#website\"},\"primaryImageOfPage\":{\"@id\":\"https:\\\/\\\/www.credimex.ch\\\/fr\\\/produit\\\/cresacoat-c-905\\\/#primaryimage\"},\"image\":{\"@id\":\"https:\\\/\\\/www.credimex.ch\\\/fr\\\/produit\\\/cresacoat-c-905\\\/#primaryimage\"},\"thumbnailUrl\":\"https:\\\/\\\/www.credimex.ch\\\/wp-content\\\/uploads\\\/2022\\\/06\\\/CresaCoat-905-scaled.jpg\",\"datePublished\":\"2022-06-22T09:28:25+00:00\",\"dateModified\":\"2023-03-16T12:44:07+00:00\",\"description\":\"CresaCoat C 905 est un rev\u00eatement en couche mince avec lubrifiants solides synth\u00e9tiques int\u00e9gr\u00e9s, adapt\u00e9 aux charges les plus \u00e9lev\u00e9es, aux conditions environnementales extr\u00eames telles que les temp\u00e9ratures, le vide, les radiations, l\u2019humidit\u00e9, etc.\",\"breadcrumb\":{\"@id\":\"https:\\\/\\\/www.credimex.ch\\\/fr\\\/produit\\\/cresacoat-c-905\\\/#breadcrumb\"},\"inLanguage\":\"fr-FR\",\"potentialAction\":[{\"@type\":\"ReadAction\",\"target\":[\"https:\\\/\\\/www.credimex.ch\\\/fr\\\/produit\\\/cresacoat-c-905\\\/\"]}]},{\"@type\":\"ImageObject\",\"inLanguage\":\"fr-FR\",\"@id\":\"https:\\\/\\\/www.credimex.ch\\\/fr\\\/produit\\\/cresacoat-c-905\\\/#primaryimage\",\"url\":\"https:\\\/\\\/www.credimex.ch\\\/wp-content\\\/uploads\\\/2022\\\/06\\\/CresaCoat-905-scaled.jpg\",\"contentUrl\":\"https:\\\/\\\/www.credimex.ch\\\/wp-content\\\/uploads\\\/2022\\\/06\\\/CresaCoat-905-scaled.jpg\",\"width\":1920,\"height\":2560},{\"@type\":\"BreadcrumbList\",\"@id\":\"https:\\\/\\\/www.credimex.ch\\\/fr\\\/produit\\\/cresacoat-c-905\\\/#breadcrumb\",\"itemListElement\":[{\"@type\":\"ListItem\",\"position\":1,\"name\":\"Home\",\"item\":\"https:\\\/\\\/www.credimex.ch\\\/fr\\\/\"},{\"@type\":\"ListItem\",\"position\":2,\"name\":\"Produits\",\"item\":\"https:\\\/\\\/www.credimex.ch\\\/fr\\\/produits\\\/\"},{\"@type\":\"ListItem\",\"position\":3,\"name\":\"CresaCoat C 905\"}]},{\"@type\":\"WebSite\",\"@id\":\"https:\\\/\\\/www.credimex.ch\\\/fr\\\/#website\",\"url\":\"https:\\\/\\\/www.credimex.ch\\\/fr\\\/\",\"name\":\"CREDIMEX\",\"description\":\"Partner of Swiss Industrial Market\",\"publisher\":{\"@id\":\"https:\\\/\\\/www.credimex.ch\\\/fr\\\/#organization\"},\"potentialAction\":[{\"@type\":\"SearchAction\",\"target\":{\"@type\":\"EntryPoint\",\"urlTemplate\":\"https:\\\/\\\/www.credimex.ch\\\/fr\\\/?s={search_term_string}\"},\"query-input\":{\"@type\":\"PropertyValueSpecification\",\"valueRequired\":true,\"valueName\":\"search_term_string\"}}],\"inLanguage\":\"fr-FR\"},{\"@type\":\"Organization\",\"@id\":\"https:\\\/\\\/www.credimex.ch\\\/fr\\\/#organization\",\"name\":\"credimex\",\"url\":\"https:\\\/\\\/www.credimex.ch\\\/fr\\\/\",\"logo\":{\"@type\":\"ImageObject\",\"inLanguage\":\"fr-FR\",\"@id\":\"https:\\\/\\\/www.credimex.ch\\\/fr\\\/#\\\/schema\\\/logo\\\/image\\\/\",\"url\":\"https:\\\/\\\/www.credimex.ch\\\/wp-content\\\/uploads\\\/2022\\\/03\\\/cropped-logo-credimex.png\",\"contentUrl\":\"https:\\\/\\\/www.credimex.ch\\\/wp-content\\\/uploads\\\/2022\\\/03\\\/cropped-logo-credimex.png\",\"width\":512,\"height\":512,\"caption\":\"credimex\"},\"image\":{\"@id\":\"https:\\\/\\\/www.credimex.ch\\\/fr\\\/#\\\/schema\\\/logo\\\/image\\\/\"},\"sameAs\":[\"https:\\\/\\\/www.facebook.com\\\/credimex.alpnach\\\/\",\"https:\\\/\\\/www.linkedin.com\\\/company\\\/credimex\\\/\",\"https:\\\/\\\/www.youtube.com\\\/@CREDIMEX?sub_confirmation=1\"]}]}<\/script>\n<!-- \/ Yoast SEO Premium plugin. -->","yoast_head_json":{"title":"CresaCoat C 905 - CREDIMEX","description":"CresaCoat C 905 est un rev\u00eatement en couche mince avec lubrifiants solides synth\u00e9tiques int\u00e9gr\u00e9s, adapt\u00e9 aux charges les plus \u00e9lev\u00e9es, aux conditions environnementales extr\u00eames telles que les temp\u00e9ratures, le vide, les radiations, l\u2019humidit\u00e9, etc.","robots":{"index":"index","follow":"follow","max-snippet":"max-snippet:-1","max-image-preview":"max-image-preview:large","max-video-preview":"max-video-preview:-1"},"canonical":"https:\/\/www.credimex.ch\/fr\/produit\/cresacoat-c-905\/","og_locale":"fr_FR","og_type":"article","og_title":"CresaCoat C 905","og_description":"CresaCoat C 905 est un rev\u00eatement en couche mince avec lubrifiants solides synth\u00e9tiques int\u00e9gr\u00e9s, adapt\u00e9 aux charges les plus \u00e9lev\u00e9es, aux conditions environnementales extr\u00eames telles que les temp\u00e9ratures, le vide, les radiations, l\u2019humidit\u00e9, etc.","og_url":"https:\/\/www.credimex.ch\/fr\/produit\/cresacoat-c-905\/","og_site_name":"CREDIMEX","article_publisher":"https:\/\/www.facebook.com\/credimex.alpnach\/","article_modified_time":"2023-03-16T12:44:07+00:00","og_image":[{"width":1920,"height":2560,"url":"https:\/\/www.credimex.ch\/wp-content\/uploads\/2022\/06\/CresaCoat-905-scaled.jpg","type":"image\/jpeg"}],"twitter_card":"summary_large_image","twitter_misc":{"Dur\u00e9e de lecture estim\u00e9e":"1 minute"},"schema":{"@context":"https:\/\/schema.org","@graph":[{"@type":"WebPage","@id":"https:\/\/www.credimex.ch\/fr\/produit\/cresacoat-c-905\/","url":"https:\/\/www.credimex.ch\/fr\/produit\/cresacoat-c-905\/","name":"CresaCoat C 905 - CREDIMEX","isPartOf":{"@id":"https:\/\/www.credimex.ch\/fr\/#website"},"primaryImageOfPage":{"@id":"https:\/\/www.credimex.ch\/fr\/produit\/cresacoat-c-905\/#primaryimage"},"image":{"@id":"https:\/\/www.credimex.ch\/fr\/produit\/cresacoat-c-905\/#primaryimage"},"thumbnailUrl":"https:\/\/www.credimex.ch\/wp-content\/uploads\/2022\/06\/CresaCoat-905-scaled.jpg","datePublished":"2022-06-22T09:28:25+00:00","dateModified":"2023-03-16T12:44:07+00:00","description":"CresaCoat C 905 est un rev\u00eatement en couche mince avec lubrifiants solides synth\u00e9tiques int\u00e9gr\u00e9s, adapt\u00e9 aux charges les plus \u00e9lev\u00e9es, aux conditions environnementales extr\u00eames telles que les temp\u00e9ratures, le vide, les radiations, l\u2019humidit\u00e9, etc.","breadcrumb":{"@id":"https:\/\/www.credimex.ch\/fr\/produit\/cresacoat-c-905\/#breadcrumb"},"inLanguage":"fr-FR","potentialAction":[{"@type":"ReadAction","target":["https:\/\/www.credimex.ch\/fr\/produit\/cresacoat-c-905\/"]}]},{"@type":"ImageObject","inLanguage":"fr-FR","@id":"https:\/\/www.credimex.ch\/fr\/produit\/cresacoat-c-905\/#primaryimage","url":"https:\/\/www.credimex.ch\/wp-content\/uploads\/2022\/06\/CresaCoat-905-scaled.jpg","contentUrl":"https:\/\/www.credimex.ch\/wp-content\/uploads\/2022\/06\/CresaCoat-905-scaled.jpg","width":1920,"height":2560},{"@type":"BreadcrumbList","@id":"https:\/\/www.credimex.ch\/fr\/produit\/cresacoat-c-905\/#breadcrumb","itemListElement":[{"@type":"ListItem","position":1,"name":"Home","item":"https:\/\/www.credimex.ch\/fr\/"},{"@type":"ListItem","position":2,"name":"Produits","item":"https:\/\/www.credimex.ch\/fr\/produits\/"},{"@type":"ListItem","position":3,"name":"CresaCoat C 905"}]},{"@type":"WebSite","@id":"https:\/\/www.credimex.ch\/fr\/#website","url":"https:\/\/www.credimex.ch\/fr\/","name":"CREDIMEX","description":"Partner of Swiss Industrial Market","publisher":{"@id":"https:\/\/www.credimex.ch\/fr\/#organization"},"potentialAction":[{"@type":"SearchAction","target":{"@type":"EntryPoint","urlTemplate":"https:\/\/www.credimex.ch\/fr\/?s={search_term_string}"},"query-input":{"@type":"PropertyValueSpecification","valueRequired":true,"valueName":"search_term_string"}}],"inLanguage":"fr-FR"},{"@type":"Organization","@id":"https:\/\/www.credimex.ch\/fr\/#organization","name":"credimex","url":"https:\/\/www.credimex.ch\/fr\/","logo":{"@type":"ImageObject","inLanguage":"fr-FR","@id":"https:\/\/www.credimex.ch\/fr\/#\/schema\/logo\/image\/","url":"https:\/\/www.credimex.ch\/wp-content\/uploads\/2022\/03\/cropped-logo-credimex.png","contentUrl":"https:\/\/www.credimex.ch\/wp-content\/uploads\/2022\/03\/cropped-logo-credimex.png","width":512,"height":512,"caption":"credimex"},"image":{"@id":"https:\/\/www.credimex.ch\/fr\/#\/schema\/logo\/image\/"},"sameAs":["https:\/\/www.facebook.com\/credimex.alpnach\/","https:\/\/www.linkedin.com\/company\/credimex\/","https:\/\/www.youtube.com\/@CREDIMEX?sub_confirmation=1"]}]}},"_links":{"self":[{"href":"https:\/\/www.credimex.ch\/fr\/wp-json\/wp\/v2\/product\/4221","targetHints":{"allow":["GET"]}}],"collection":[{"href":"https:\/\/www.credimex.ch\/fr\/wp-json\/wp\/v2\/product"}],"about":[{"href":"https:\/\/www.credimex.ch\/fr\/wp-json\/wp\/v2\/types\/product"}],"replies":[{"embeddable":true,"href":"https:\/\/www.credimex.ch\/fr\/wp-json\/wp\/v2\/comments?post=4221"}],"wp:featuredmedia":[{"embeddable":true,"href":"https:\/\/www.credimex.ch\/fr\/wp-json\/wp\/v2\/media\/3296"}],"wp:attachment":[{"href":"https:\/\/www.credimex.ch\/fr\/wp-json\/wp\/v2\/media?parent=4221"}],"wp:term":[{"taxonomy":"product_brand","embeddable":true,"href":"https:\/\/www.credimex.ch\/fr\/wp-json\/wp\/v2\/product_brand?post=4221"},{"taxonomy":"product_cat","embeddable":true,"href":"https:\/\/www.credimex.ch\/fr\/wp-json\/wp\/v2\/product_cat?post=4221"},{"taxonomy":"product_tag","embeddable":true,"href":"https:\/\/www.credimex.ch\/fr\/wp-json\/wp\/v2\/product_tag?post=4221"}],"curies":[{"name":"wp","href":"https:\/\/api.w.org\/{rel}","templated":true}]}}