{"id":4223,"date":"2022-06-22T11:16:36","date_gmt":"2022-06-22T09:16:36","guid":{"rendered":"https:\/\/www.credimex.ch.mialias.net\/product\/cresacoat-c112\/"},"modified":"2023-03-16T13:01:58","modified_gmt":"2023-03-16T12:01:58","slug":"cresacoat-c112-2","status":"publish","type":"product","link":"https:\/\/www.credimex.ch\/fr\/produit\/cresacoat-c112-2\/","title":{"rendered":"CresaCoat C112"},"content":{"rendered":"<h2>Description<\/h2>\n<p>Le rev\u00eatement Cresacoat C112 est une fine couche de rev\u00eatement avec un micro-solide lubrifiant int\u00e9gr\u00e9 MoS2 (disulfure de molybd\u00e8ne).<\/p>\n<p>Les rev\u00eatements tribotechniques constituent un compl\u00e9ment id\u00e9al aux lubrifiants humides et sont adapt\u00e9s aux charges les plus \u00e9lev\u00e9es, aux conditions environnementales extr\u00eames telles que les temp\u00e9ratures, le vide, les radiations, l&rsquo;humidit\u00e9, etc.<\/p>\n<p>&nbsp;<\/p>\n<h2>Avantages du produit<\/h2>\n<ul>\n<li>Protection contre la corrosion ; excellente adh\u00e9rence sur la plupart des surfaces<\/li>\n<li>Faible coefficient de friction<\/li>\n<li>Excellente r\u00e9sistance aux milieux (huile, carburant, eau sal\u00e9e, etc.)<\/li>\n<li>Haute r\u00e9sistance \u00e0 l&rsquo;usure<\/li>\n<li>R\u00e9sistance \u00e9lev\u00e9e \u00e0 la charge<\/li>\n<li>Coefficient de frottement 0,03 \u03bc<\/li>\n<li>Plage de temp\u00e9rature -200\/+260 (dynamique), +430 (statique)<\/li>\n<\/ul>\n<h2>Application<\/h2>\n<ul>\n<li>Attaches<\/li>\n<li>Ressorts<\/li>\n<li>Pi\u00e8ces embouties et pli\u00e9es<\/li>\n<li>Pinces<\/li>\n<li>Composants des freins<\/li>\n<li>Pi\u00e8ces moul\u00e9es et forg\u00e9es<\/li>\n<\/ul>\n","protected":false},"excerpt":{"rendered":"<p>Le rev\u00eatement Cresacoat C112 est une fine couche de rev\u00eatement avec un micro-solide lubrifiant int\u00e9gr\u00e9 MoS2 (disulfure de molybd\u00e8ne).<\/p>\n","protected":false},"featured_media":3282,"comment_status":"open","ping_status":"closed","template":"","meta":{"_acf_changed":false},"product_brand":[],"product_cat":[671,656,384,375,360,672,414,657,412],"product_tag":[],"class_list":{"0":"post-4223","1":"product","2":"type-product","3":"status-publish","4":"has-post-thumbnail","6":"product_cat-anti-adhesif","7":"product_cat-cresacoat","8":"product_cat-energie","9":"product_cat-ferroviaire","10":"product_cat-industrie-generale","11":"product_cat-lubrification-dassemblage","12":"product_cat-medical","13":"product_cat-revetements-et-traitements-de-surface","14":"product_cat-telepheriques","15":"pa_brands-cresacoat-fr","17":"first","18":"instock","19":"shipping-taxable","20":"product-type-simple"},"acf":[],"_yoast_wpseo_focuskw":"Cresacoat C112","_yoast_wpseo_metadesc":"Le rev\u00eatement Cresacoat C112 est une fine couche de rev\u00eatement avec un micro-solide lubrifiant int\u00e9gr\u00e9 MoS2 (disulfure de molybd\u00e8ne).","yoast_head":"<!-- This site is optimized with the Yoast SEO Premium plugin v21.6 (Yoast SEO v27.4) - https:\/\/yoast.com\/product\/yoast-seo-premium-wordpress\/ -->\n<title>CresaCoat C112 - CREDIMEX<\/title>\n<meta name=\"description\" content=\"Le rev\u00eatement Cresacoat C112 est une fine couche de rev\u00eatement avec un micro-solide lubrifiant int\u00e9gr\u00e9 MoS2 (disulfure de molybd\u00e8ne).\" \/>\n<meta name=\"robots\" content=\"index, follow, max-snippet:-1, max-image-preview:large, max-video-preview:-1\" \/>\n<link rel=\"canonical\" href=\"https:\/\/www.credimex.ch\/fr\/produit\/cresacoat-c112-2\/\" \/>\n<meta property=\"og:locale\" content=\"fr_FR\" \/>\n<meta property=\"og:type\" content=\"article\" \/>\n<meta property=\"og:title\" content=\"CresaCoat C112\" \/>\n<meta property=\"og:description\" content=\"Le rev\u00eatement Cresacoat C112 est une fine couche de rev\u00eatement avec un micro-solide lubrifiant int\u00e9gr\u00e9 MoS2 (disulfure de molybd\u00e8ne).\" \/>\n<meta property=\"og:url\" content=\"https:\/\/www.credimex.ch\/fr\/produit\/cresacoat-c112-2\/\" \/>\n<meta property=\"og:site_name\" content=\"CREDIMEX\" \/>\n<meta property=\"article:publisher\" content=\"https:\/\/www.facebook.com\/credimex.alpnach\/\" \/>\n<meta property=\"article:modified_time\" content=\"2023-03-16T12:01:58+00:00\" \/>\n<meta property=\"og:image\" content=\"https:\/\/www.credimex.ch\/wp-content\/uploads\/2022\/06\/CresaCoat-C-112.jpg\" \/>\n\t<meta property=\"og:image:width\" content=\"616\" \/>\n\t<meta property=\"og:image:height\" content=\"363\" \/>\n\t<meta property=\"og:image:type\" content=\"image\/jpeg\" \/>\n<meta name=\"twitter:card\" content=\"summary_large_image\" \/>\n<meta name=\"twitter:label1\" content=\"Dur\u00e9e de lecture estim\u00e9e\" \/>\n\t<meta name=\"twitter:data1\" content=\"1 minute\" \/>\n<script type=\"application\/ld+json\" class=\"yoast-schema-graph\">{\"@context\":\"https:\\\/\\\/schema.org\",\"@graph\":[{\"@type\":\"WebPage\",\"@id\":\"https:\\\/\\\/www.credimex.ch\\\/fr\\\/produit\\\/cresacoat-c112-2\\\/\",\"url\":\"https:\\\/\\\/www.credimex.ch\\\/fr\\\/produit\\\/cresacoat-c112-2\\\/\",\"name\":\"CresaCoat C112 - CREDIMEX\",\"isPartOf\":{\"@id\":\"https:\\\/\\\/www.credimex.ch\\\/fr\\\/#website\"},\"primaryImageOfPage\":{\"@id\":\"https:\\\/\\\/www.credimex.ch\\\/fr\\\/produit\\\/cresacoat-c112-2\\\/#primaryimage\"},\"image\":{\"@id\":\"https:\\\/\\\/www.credimex.ch\\\/fr\\\/produit\\\/cresacoat-c112-2\\\/#primaryimage\"},\"thumbnailUrl\":\"https:\\\/\\\/www.credimex.ch\\\/wp-content\\\/uploads\\\/2022\\\/06\\\/CresaCoat-C-112.jpg\",\"datePublished\":\"2022-06-22T09:16:36+00:00\",\"dateModified\":\"2023-03-16T12:01:58+00:00\",\"description\":\"Le rev\u00eatement Cresacoat C112 est une fine couche de rev\u00eatement avec un micro-solide lubrifiant int\u00e9gr\u00e9 MoS2 (disulfure de molybd\u00e8ne).\",\"breadcrumb\":{\"@id\":\"https:\\\/\\\/www.credimex.ch\\\/fr\\\/produit\\\/cresacoat-c112-2\\\/#breadcrumb\"},\"inLanguage\":\"fr-FR\",\"potentialAction\":[{\"@type\":\"ReadAction\",\"target\":[\"https:\\\/\\\/www.credimex.ch\\\/fr\\\/produit\\\/cresacoat-c112-2\\\/\"]}]},{\"@type\":\"ImageObject\",\"inLanguage\":\"fr-FR\",\"@id\":\"https:\\\/\\\/www.credimex.ch\\\/fr\\\/produit\\\/cresacoat-c112-2\\\/#primaryimage\",\"url\":\"https:\\\/\\\/www.credimex.ch\\\/wp-content\\\/uploads\\\/2022\\\/06\\\/CresaCoat-C-112.jpg\",\"contentUrl\":\"https:\\\/\\\/www.credimex.ch\\\/wp-content\\\/uploads\\\/2022\\\/06\\\/CresaCoat-C-112.jpg\",\"width\":616,\"height\":363},{\"@type\":\"BreadcrumbList\",\"@id\":\"https:\\\/\\\/www.credimex.ch\\\/fr\\\/produit\\\/cresacoat-c112-2\\\/#breadcrumb\",\"itemListElement\":[{\"@type\":\"ListItem\",\"position\":1,\"name\":\"Home\",\"item\":\"https:\\\/\\\/www.credimex.ch\\\/fr\\\/\"},{\"@type\":\"ListItem\",\"position\":2,\"name\":\"Produits\",\"item\":\"https:\\\/\\\/www.credimex.ch\\\/fr\\\/produits\\\/\"},{\"@type\":\"ListItem\",\"position\":3,\"name\":\"CresaCoat C112\"}]},{\"@type\":\"WebSite\",\"@id\":\"https:\\\/\\\/www.credimex.ch\\\/fr\\\/#website\",\"url\":\"https:\\\/\\\/www.credimex.ch\\\/fr\\\/\",\"name\":\"CREDIMEX\",\"description\":\"Partner of Swiss Industrial Market\",\"publisher\":{\"@id\":\"https:\\\/\\\/www.credimex.ch\\\/fr\\\/#organization\"},\"potentialAction\":[{\"@type\":\"SearchAction\",\"target\":{\"@type\":\"EntryPoint\",\"urlTemplate\":\"https:\\\/\\\/www.credimex.ch\\\/fr\\\/?s={search_term_string}\"},\"query-input\":{\"@type\":\"PropertyValueSpecification\",\"valueRequired\":true,\"valueName\":\"search_term_string\"}}],\"inLanguage\":\"fr-FR\"},{\"@type\":\"Organization\",\"@id\":\"https:\\\/\\\/www.credimex.ch\\\/fr\\\/#organization\",\"name\":\"credimex\",\"url\":\"https:\\\/\\\/www.credimex.ch\\\/fr\\\/\",\"logo\":{\"@type\":\"ImageObject\",\"inLanguage\":\"fr-FR\",\"@id\":\"https:\\\/\\\/www.credimex.ch\\\/fr\\\/#\\\/schema\\\/logo\\\/image\\\/\",\"url\":\"https:\\\/\\\/www.credimex.ch\\\/wp-content\\\/uploads\\\/2022\\\/03\\\/cropped-logo-credimex.png\",\"contentUrl\":\"https:\\\/\\\/www.credimex.ch\\\/wp-content\\\/uploads\\\/2022\\\/03\\\/cropped-logo-credimex.png\",\"width\":512,\"height\":512,\"caption\":\"credimex\"},\"image\":{\"@id\":\"https:\\\/\\\/www.credimex.ch\\\/fr\\\/#\\\/schema\\\/logo\\\/image\\\/\"},\"sameAs\":[\"https:\\\/\\\/www.facebook.com\\\/credimex.alpnach\\\/\",\"https:\\\/\\\/www.linkedin.com\\\/company\\\/credimex\\\/\",\"https:\\\/\\\/www.youtube.com\\\/@CREDIMEX?sub_confirmation=1\"]}]}<\/script>\n<!-- \/ Yoast SEO Premium plugin. -->","yoast_head_json":{"title":"CresaCoat C112 - CREDIMEX","description":"Le rev\u00eatement Cresacoat C112 est une fine couche de rev\u00eatement avec un micro-solide lubrifiant int\u00e9gr\u00e9 MoS2 (disulfure de molybd\u00e8ne).","robots":{"index":"index","follow":"follow","max-snippet":"max-snippet:-1","max-image-preview":"max-image-preview:large","max-video-preview":"max-video-preview:-1"},"canonical":"https:\/\/www.credimex.ch\/fr\/produit\/cresacoat-c112-2\/","og_locale":"fr_FR","og_type":"article","og_title":"CresaCoat C112","og_description":"Le rev\u00eatement Cresacoat C112 est une fine couche de rev\u00eatement avec un micro-solide lubrifiant int\u00e9gr\u00e9 MoS2 (disulfure de molybd\u00e8ne).","og_url":"https:\/\/www.credimex.ch\/fr\/produit\/cresacoat-c112-2\/","og_site_name":"CREDIMEX","article_publisher":"https:\/\/www.facebook.com\/credimex.alpnach\/","article_modified_time":"2023-03-16T12:01:58+00:00","og_image":[{"width":616,"height":363,"url":"https:\/\/www.credimex.ch\/wp-content\/uploads\/2022\/06\/CresaCoat-C-112.jpg","type":"image\/jpeg"}],"twitter_card":"summary_large_image","twitter_misc":{"Dur\u00e9e de lecture estim\u00e9e":"1 minute"},"schema":{"@context":"https:\/\/schema.org","@graph":[{"@type":"WebPage","@id":"https:\/\/www.credimex.ch\/fr\/produit\/cresacoat-c112-2\/","url":"https:\/\/www.credimex.ch\/fr\/produit\/cresacoat-c112-2\/","name":"CresaCoat C112 - CREDIMEX","isPartOf":{"@id":"https:\/\/www.credimex.ch\/fr\/#website"},"primaryImageOfPage":{"@id":"https:\/\/www.credimex.ch\/fr\/produit\/cresacoat-c112-2\/#primaryimage"},"image":{"@id":"https:\/\/www.credimex.ch\/fr\/produit\/cresacoat-c112-2\/#primaryimage"},"thumbnailUrl":"https:\/\/www.credimex.ch\/wp-content\/uploads\/2022\/06\/CresaCoat-C-112.jpg","datePublished":"2022-06-22T09:16:36+00:00","dateModified":"2023-03-16T12:01:58+00:00","description":"Le rev\u00eatement Cresacoat C112 est une fine couche de rev\u00eatement avec un micro-solide lubrifiant int\u00e9gr\u00e9 MoS2 (disulfure de molybd\u00e8ne).","breadcrumb":{"@id":"https:\/\/www.credimex.ch\/fr\/produit\/cresacoat-c112-2\/#breadcrumb"},"inLanguage":"fr-FR","potentialAction":[{"@type":"ReadAction","target":["https:\/\/www.credimex.ch\/fr\/produit\/cresacoat-c112-2\/"]}]},{"@type":"ImageObject","inLanguage":"fr-FR","@id":"https:\/\/www.credimex.ch\/fr\/produit\/cresacoat-c112-2\/#primaryimage","url":"https:\/\/www.credimex.ch\/wp-content\/uploads\/2022\/06\/CresaCoat-C-112.jpg","contentUrl":"https:\/\/www.credimex.ch\/wp-content\/uploads\/2022\/06\/CresaCoat-C-112.jpg","width":616,"height":363},{"@type":"BreadcrumbList","@id":"https:\/\/www.credimex.ch\/fr\/produit\/cresacoat-c112-2\/#breadcrumb","itemListElement":[{"@type":"ListItem","position":1,"name":"Home","item":"https:\/\/www.credimex.ch\/fr\/"},{"@type":"ListItem","position":2,"name":"Produits","item":"https:\/\/www.credimex.ch\/fr\/produits\/"},{"@type":"ListItem","position":3,"name":"CresaCoat C112"}]},{"@type":"WebSite","@id":"https:\/\/www.credimex.ch\/fr\/#website","url":"https:\/\/www.credimex.ch\/fr\/","name":"CREDIMEX","description":"Partner of Swiss Industrial Market","publisher":{"@id":"https:\/\/www.credimex.ch\/fr\/#organization"},"potentialAction":[{"@type":"SearchAction","target":{"@type":"EntryPoint","urlTemplate":"https:\/\/www.credimex.ch\/fr\/?s={search_term_string}"},"query-input":{"@type":"PropertyValueSpecification","valueRequired":true,"valueName":"search_term_string"}}],"inLanguage":"fr-FR"},{"@type":"Organization","@id":"https:\/\/www.credimex.ch\/fr\/#organization","name":"credimex","url":"https:\/\/www.credimex.ch\/fr\/","logo":{"@type":"ImageObject","inLanguage":"fr-FR","@id":"https:\/\/www.credimex.ch\/fr\/#\/schema\/logo\/image\/","url":"https:\/\/www.credimex.ch\/wp-content\/uploads\/2022\/03\/cropped-logo-credimex.png","contentUrl":"https:\/\/www.credimex.ch\/wp-content\/uploads\/2022\/03\/cropped-logo-credimex.png","width":512,"height":512,"caption":"credimex"},"image":{"@id":"https:\/\/www.credimex.ch\/fr\/#\/schema\/logo\/image\/"},"sameAs":["https:\/\/www.facebook.com\/credimex.alpnach\/","https:\/\/www.linkedin.com\/company\/credimex\/","https:\/\/www.youtube.com\/@CREDIMEX?sub_confirmation=1"]}]}},"_links":{"self":[{"href":"https:\/\/www.credimex.ch\/fr\/wp-json\/wp\/v2\/product\/4223","targetHints":{"allow":["GET"]}}],"collection":[{"href":"https:\/\/www.credimex.ch\/fr\/wp-json\/wp\/v2\/product"}],"about":[{"href":"https:\/\/www.credimex.ch\/fr\/wp-json\/wp\/v2\/types\/product"}],"replies":[{"embeddable":true,"href":"https:\/\/www.credimex.ch\/fr\/wp-json\/wp\/v2\/comments?post=4223"}],"wp:featuredmedia":[{"embeddable":true,"href":"https:\/\/www.credimex.ch\/fr\/wp-json\/wp\/v2\/media\/3282"}],"wp:attachment":[{"href":"https:\/\/www.credimex.ch\/fr\/wp-json\/wp\/v2\/media?parent=4223"}],"wp:term":[{"taxonomy":"product_brand","embeddable":true,"href":"https:\/\/www.credimex.ch\/fr\/wp-json\/wp\/v2\/product_brand?post=4223"},{"taxonomy":"product_cat","embeddable":true,"href":"https:\/\/www.credimex.ch\/fr\/wp-json\/wp\/v2\/product_cat?post=4223"},{"taxonomy":"product_tag","embeddable":true,"href":"https:\/\/www.credimex.ch\/fr\/wp-json\/wp\/v2\/product_tag?post=4223"}],"curies":[{"name":"wp","href":"https:\/\/api.w.org\/{rel}","templated":true}]}}