{"id":4225,"date":"2022-06-07T13:41:56","date_gmt":"2022-06-07T11:41:56","guid":{"rendered":"https:\/\/www.credimex.ch.mialias.net\/product\/cht-silcoset-151\/"},"modified":"2022-06-07T13:41:56","modified_gmt":"2022-06-07T11:41:56","slug":"cht-silcoset-151-2","status":"publish","type":"product","link":"https:\/\/www.credimex.ch\/fr\/produit\/cht-silcoset-151-2\/","title":{"rendered":"CHT Silcoset 151"},"content":{"rendered":"<h2 class=\"p2\">Description<\/h2>\n<p class=\"p2\">CHT Silcoset 151 est un mastic adh\u00e9sif de silicone de qualit\u00e9 alimentaire RTV autonivelant en 1 partie, pr\u00eat \u00e0 l&#8217;emploi, qui r\u00e9agit avec l&rsquo;humidit\u00e9 atmosph\u00e9rique pour former un caoutchouc r\u00e9silient, qui reste flexible sur une tr\u00e8s large plage de temp\u00e9ratures. Le Silcoset\u00ae 151 lib\u00e8re une tr\u00e8s petite quantit\u00e9 d&rsquo;acide ac\u00e9tique pendant la cuisson, ce qui donne lieu \u00e0 l&rsquo;odeur famili\u00e8re de vinaigre, qui se dissipe rapidement apr\u00e8s la cuisson. Ces mastics de haute sp\u00e9cification sont id\u00e9aux pour une myriade d&rsquo;applications d&rsquo;ing\u00e9nierie, du travail de production \u00e0 la maintenance rapide et efficace et aux r\u00e9parations sur place. Ils sont appliqu\u00e9s directement \u00e0 partir de la cartouche et durcissent \u00e0 temp\u00e9rature ambiante. Dans des conditions ambiantes typiques, ils forment une surface non collante en 15 minutes environ et durcissent en 24 heures.<\/p>\n<h2 class=\"p2\">Avantages du produit<\/h2>\n<p class=\"p2\">CHT Silcoset 151 pr\u00e9sente de multiples avantages, tels que :<\/p>\n<ul class=\"ul1\">\n<li class=\"li2\">Type de traitement ac\u00e9toxy<\/li>\n<li class=\"li2\">R\u00e9sistant aux solvants et aux produits chimiques<\/li>\n<li class=\"li2\">Bonnes propri\u00e9t\u00e9s d&rsquo;isolation \u00e9lectrique<\/li>\n<li class=\"li2\">Excellente adh\u00e9rence \u00e0 une large gamme de substrats<\/li>\n<li class=\"li2\">Excellente adh\u00e9sion \u00e0 la plupart des substrats<\/li>\n<li class=\"li2\">De -60 \u00e0 +300\u00b0C Forme de flexibilit\u00e9<\/li>\n<\/ul>\n<h2 class=\"p2\">Application<\/h2>\n<p class=\"p2\">CHT Silcoset 151 peut \u00eatre utilis\u00e9 pour les industries de la d\u00e9fense, de l&rsquo;arm\u00e9e et de l&rsquo;a\u00e9rospatiale.<\/p>\n","protected":false},"excerpt":{"rendered":"<p>CHT Silcoset 151 est un mastic adh\u00e9sif en silicone utilis\u00e9 dans les industries de la d\u00e9fense, de l&rsquo;arm\u00e9e et de l&rsquo;a\u00e9rospatiale. D\u00e9couvrez tout ce que vous devez savoir \u00e0 ce sujet.<\/p>\n","protected":false},"featured_media":3126,"comment_status":"open","ping_status":"closed","template":"","meta":{"_acf_changed":false},"product_brand":[],"product_cat":[452,526,340,413,525,376,411,384,375,360],"product_tag":[],"class_list":{"0":"post-4225","1":"product","2":"type-product","3":"status-publish","4":"has-post-thumbnail","6":"product_cat-adhesifs-et-mastics","7":"product_cat-adhesifs-silicone","8":"product_cat-automobile","9":"product_cat-batteries","10":"product_cat-cht","11":"product_cat-e-mobilite","12":"product_cat-electronique","13":"product_cat-energie","14":"product_cat-ferroviaire","15":"product_cat-industrie-generale","17":"first","18":"instock","19":"shipping-taxable","20":"product-type-simple"},"acf":[],"_yoast_wpseo_focuskw":"CHT Silcoset 151","_yoast_wpseo_metadesc":"CHT Silcoset 151 est un mastic adh\u00e9sif en silicone utilis\u00e9 dans les industries de la d\u00e9fense, de l'arm\u00e9e et de l'a\u00e9rospatiale. D\u00e9couvrez tout ce que vous devez savoir \u00e0 ce sujet.","yoast_head":"<!-- This site is optimized with the Yoast SEO Premium plugin v21.6 (Yoast SEO v27.4) - https:\/\/yoast.com\/product\/yoast-seo-premium-wordpress\/ -->\n<title>CHT Silcoset 151 - CREDIMEX<\/title>\n<meta name=\"description\" content=\"CHT Silcoset 151 est un mastic adh\u00e9sif en silicone utilis\u00e9 dans les industries de la d\u00e9fense, de l&#039;arm\u00e9e et de l&#039;a\u00e9rospatiale. D\u00e9couvrez tout ce que vous devez savoir \u00e0 ce sujet.\" \/>\n<meta name=\"robots\" content=\"index, follow, max-snippet:-1, max-image-preview:large, max-video-preview:-1\" \/>\n<link rel=\"canonical\" href=\"https:\/\/www.credimex.ch\/fr\/produit\/cht-silcoset-151-2\/\" \/>\n<meta property=\"og:locale\" content=\"fr_FR\" \/>\n<meta property=\"og:type\" content=\"article\" \/>\n<meta property=\"og:title\" content=\"CHT Silcoset 151\" \/>\n<meta property=\"og:description\" content=\"CHT Silcoset 151 est un mastic adh\u00e9sif en silicone utilis\u00e9 dans les industries de la d\u00e9fense, de l&#039;arm\u00e9e et de l&#039;a\u00e9rospatiale. D\u00e9couvrez tout ce que vous devez savoir \u00e0 ce sujet.\" \/>\n<meta property=\"og:url\" content=\"https:\/\/www.credimex.ch\/fr\/produit\/cht-silcoset-151-2\/\" \/>\n<meta property=\"og:site_name\" content=\"CREDIMEX\" \/>\n<meta property=\"article:publisher\" content=\"https:\/\/www.facebook.com\/credimex.alpnach\/\" \/>\n<meta property=\"og:image\" content=\"https:\/\/www.credimex.ch\/wp-content\/uploads\/2022\/06\/60029865.jpeg\" \/>\n\t<meta property=\"og:image:width\" content=\"534\" \/>\n\t<meta property=\"og:image:height\" content=\"336\" \/>\n\t<meta property=\"og:image:type\" content=\"image\/jpeg\" \/>\n<meta name=\"twitter:card\" content=\"summary_large_image\" \/>\n<meta name=\"twitter:label1\" content=\"Dur\u00e9e de lecture estim\u00e9e\" \/>\n\t<meta name=\"twitter:data1\" content=\"1 minute\" \/>\n<script type=\"application\/ld+json\" class=\"yoast-schema-graph\">{\"@context\":\"https:\\\/\\\/schema.org\",\"@graph\":[{\"@type\":\"WebPage\",\"@id\":\"https:\\\/\\\/www.credimex.ch\\\/fr\\\/produit\\\/cht-silcoset-151-2\\\/\",\"url\":\"https:\\\/\\\/www.credimex.ch\\\/fr\\\/produit\\\/cht-silcoset-151-2\\\/\",\"name\":\"CHT Silcoset 151 - CREDIMEX\",\"isPartOf\":{\"@id\":\"https:\\\/\\\/www.credimex.ch\\\/fr\\\/#website\"},\"primaryImageOfPage\":{\"@id\":\"https:\\\/\\\/www.credimex.ch\\\/fr\\\/produit\\\/cht-silcoset-151-2\\\/#primaryimage\"},\"image\":{\"@id\":\"https:\\\/\\\/www.credimex.ch\\\/fr\\\/produit\\\/cht-silcoset-151-2\\\/#primaryimage\"},\"thumbnailUrl\":\"https:\\\/\\\/www.credimex.ch\\\/wp-content\\\/uploads\\\/2022\\\/06\\\/60029865.jpeg\",\"datePublished\":\"2022-06-07T11:41:56+00:00\",\"description\":\"CHT Silcoset 151 est un mastic adh\u00e9sif en silicone utilis\u00e9 dans les industries de la d\u00e9fense, de l'arm\u00e9e et de l'a\u00e9rospatiale. D\u00e9couvrez tout ce que vous devez savoir \u00e0 ce sujet.\",\"breadcrumb\":{\"@id\":\"https:\\\/\\\/www.credimex.ch\\\/fr\\\/produit\\\/cht-silcoset-151-2\\\/#breadcrumb\"},\"inLanguage\":\"fr-FR\",\"potentialAction\":[{\"@type\":\"ReadAction\",\"target\":[\"https:\\\/\\\/www.credimex.ch\\\/fr\\\/produit\\\/cht-silcoset-151-2\\\/\"]}]},{\"@type\":\"ImageObject\",\"inLanguage\":\"fr-FR\",\"@id\":\"https:\\\/\\\/www.credimex.ch\\\/fr\\\/produit\\\/cht-silcoset-151-2\\\/#primaryimage\",\"url\":\"https:\\\/\\\/www.credimex.ch\\\/wp-content\\\/uploads\\\/2022\\\/06\\\/60029865.jpeg\",\"contentUrl\":\"https:\\\/\\\/www.credimex.ch\\\/wp-content\\\/uploads\\\/2022\\\/06\\\/60029865.jpeg\",\"width\":534,\"height\":336},{\"@type\":\"BreadcrumbList\",\"@id\":\"https:\\\/\\\/www.credimex.ch\\\/fr\\\/produit\\\/cht-silcoset-151-2\\\/#breadcrumb\",\"itemListElement\":[{\"@type\":\"ListItem\",\"position\":1,\"name\":\"Home\",\"item\":\"https:\\\/\\\/www.credimex.ch\\\/fr\\\/\"},{\"@type\":\"ListItem\",\"position\":2,\"name\":\"Produits\",\"item\":\"https:\\\/\\\/www.credimex.ch\\\/fr\\\/produits\\\/\"},{\"@type\":\"ListItem\",\"position\":3,\"name\":\"CHT Silcoset 151\"}]},{\"@type\":\"WebSite\",\"@id\":\"https:\\\/\\\/www.credimex.ch\\\/fr\\\/#website\",\"url\":\"https:\\\/\\\/www.credimex.ch\\\/fr\\\/\",\"name\":\"CREDIMEX\",\"description\":\"Partner of Swiss Industrial Market\",\"publisher\":{\"@id\":\"https:\\\/\\\/www.credimex.ch\\\/fr\\\/#organization\"},\"potentialAction\":[{\"@type\":\"SearchAction\",\"target\":{\"@type\":\"EntryPoint\",\"urlTemplate\":\"https:\\\/\\\/www.credimex.ch\\\/fr\\\/?s={search_term_string}\"},\"query-input\":{\"@type\":\"PropertyValueSpecification\",\"valueRequired\":true,\"valueName\":\"search_term_string\"}}],\"inLanguage\":\"fr-FR\"},{\"@type\":\"Organization\",\"@id\":\"https:\\\/\\\/www.credimex.ch\\\/fr\\\/#organization\",\"name\":\"credimex\",\"url\":\"https:\\\/\\\/www.credimex.ch\\\/fr\\\/\",\"logo\":{\"@type\":\"ImageObject\",\"inLanguage\":\"fr-FR\",\"@id\":\"https:\\\/\\\/www.credimex.ch\\\/fr\\\/#\\\/schema\\\/logo\\\/image\\\/\",\"url\":\"https:\\\/\\\/www.credimex.ch\\\/wp-content\\\/uploads\\\/2022\\\/03\\\/cropped-logo-credimex.png\",\"contentUrl\":\"https:\\\/\\\/www.credimex.ch\\\/wp-content\\\/uploads\\\/2022\\\/03\\\/cropped-logo-credimex.png\",\"width\":512,\"height\":512,\"caption\":\"credimex\"},\"image\":{\"@id\":\"https:\\\/\\\/www.credimex.ch\\\/fr\\\/#\\\/schema\\\/logo\\\/image\\\/\"},\"sameAs\":[\"https:\\\/\\\/www.facebook.com\\\/credimex.alpnach\\\/\",\"https:\\\/\\\/www.linkedin.com\\\/company\\\/credimex\\\/\",\"https:\\\/\\\/www.youtube.com\\\/@CREDIMEX?sub_confirmation=1\"]}]}<\/script>\n<!-- \/ Yoast SEO Premium plugin. -->","yoast_head_json":{"title":"CHT Silcoset 151 - CREDIMEX","description":"CHT Silcoset 151 est un mastic adh\u00e9sif en silicone utilis\u00e9 dans les industries de la d\u00e9fense, de l'arm\u00e9e et de l'a\u00e9rospatiale. D\u00e9couvrez tout ce que vous devez savoir \u00e0 ce sujet.","robots":{"index":"index","follow":"follow","max-snippet":"max-snippet:-1","max-image-preview":"max-image-preview:large","max-video-preview":"max-video-preview:-1"},"canonical":"https:\/\/www.credimex.ch\/fr\/produit\/cht-silcoset-151-2\/","og_locale":"fr_FR","og_type":"article","og_title":"CHT Silcoset 151","og_description":"CHT Silcoset 151 est un mastic adh\u00e9sif en silicone utilis\u00e9 dans les industries de la d\u00e9fense, de l'arm\u00e9e et de l'a\u00e9rospatiale. D\u00e9couvrez tout ce que vous devez savoir \u00e0 ce sujet.","og_url":"https:\/\/www.credimex.ch\/fr\/produit\/cht-silcoset-151-2\/","og_site_name":"CREDIMEX","article_publisher":"https:\/\/www.facebook.com\/credimex.alpnach\/","og_image":[{"width":534,"height":336,"url":"https:\/\/www.credimex.ch\/wp-content\/uploads\/2022\/06\/60029865.jpeg","type":"image\/jpeg"}],"twitter_card":"summary_large_image","twitter_misc":{"Dur\u00e9e de lecture estim\u00e9e":"1 minute"},"schema":{"@context":"https:\/\/schema.org","@graph":[{"@type":"WebPage","@id":"https:\/\/www.credimex.ch\/fr\/produit\/cht-silcoset-151-2\/","url":"https:\/\/www.credimex.ch\/fr\/produit\/cht-silcoset-151-2\/","name":"CHT Silcoset 151 - CREDIMEX","isPartOf":{"@id":"https:\/\/www.credimex.ch\/fr\/#website"},"primaryImageOfPage":{"@id":"https:\/\/www.credimex.ch\/fr\/produit\/cht-silcoset-151-2\/#primaryimage"},"image":{"@id":"https:\/\/www.credimex.ch\/fr\/produit\/cht-silcoset-151-2\/#primaryimage"},"thumbnailUrl":"https:\/\/www.credimex.ch\/wp-content\/uploads\/2022\/06\/60029865.jpeg","datePublished":"2022-06-07T11:41:56+00:00","description":"CHT Silcoset 151 est un mastic adh\u00e9sif en silicone utilis\u00e9 dans les industries de la d\u00e9fense, de l'arm\u00e9e et de l'a\u00e9rospatiale. D\u00e9couvrez tout ce que vous devez savoir \u00e0 ce sujet.","breadcrumb":{"@id":"https:\/\/www.credimex.ch\/fr\/produit\/cht-silcoset-151-2\/#breadcrumb"},"inLanguage":"fr-FR","potentialAction":[{"@type":"ReadAction","target":["https:\/\/www.credimex.ch\/fr\/produit\/cht-silcoset-151-2\/"]}]},{"@type":"ImageObject","inLanguage":"fr-FR","@id":"https:\/\/www.credimex.ch\/fr\/produit\/cht-silcoset-151-2\/#primaryimage","url":"https:\/\/www.credimex.ch\/wp-content\/uploads\/2022\/06\/60029865.jpeg","contentUrl":"https:\/\/www.credimex.ch\/wp-content\/uploads\/2022\/06\/60029865.jpeg","width":534,"height":336},{"@type":"BreadcrumbList","@id":"https:\/\/www.credimex.ch\/fr\/produit\/cht-silcoset-151-2\/#breadcrumb","itemListElement":[{"@type":"ListItem","position":1,"name":"Home","item":"https:\/\/www.credimex.ch\/fr\/"},{"@type":"ListItem","position":2,"name":"Produits","item":"https:\/\/www.credimex.ch\/fr\/produits\/"},{"@type":"ListItem","position":3,"name":"CHT Silcoset 151"}]},{"@type":"WebSite","@id":"https:\/\/www.credimex.ch\/fr\/#website","url":"https:\/\/www.credimex.ch\/fr\/","name":"CREDIMEX","description":"Partner of Swiss Industrial Market","publisher":{"@id":"https:\/\/www.credimex.ch\/fr\/#organization"},"potentialAction":[{"@type":"SearchAction","target":{"@type":"EntryPoint","urlTemplate":"https:\/\/www.credimex.ch\/fr\/?s={search_term_string}"},"query-input":{"@type":"PropertyValueSpecification","valueRequired":true,"valueName":"search_term_string"}}],"inLanguage":"fr-FR"},{"@type":"Organization","@id":"https:\/\/www.credimex.ch\/fr\/#organization","name":"credimex","url":"https:\/\/www.credimex.ch\/fr\/","logo":{"@type":"ImageObject","inLanguage":"fr-FR","@id":"https:\/\/www.credimex.ch\/fr\/#\/schema\/logo\/image\/","url":"https:\/\/www.credimex.ch\/wp-content\/uploads\/2022\/03\/cropped-logo-credimex.png","contentUrl":"https:\/\/www.credimex.ch\/wp-content\/uploads\/2022\/03\/cropped-logo-credimex.png","width":512,"height":512,"caption":"credimex"},"image":{"@id":"https:\/\/www.credimex.ch\/fr\/#\/schema\/logo\/image\/"},"sameAs":["https:\/\/www.facebook.com\/credimex.alpnach\/","https:\/\/www.linkedin.com\/company\/credimex\/","https:\/\/www.youtube.com\/@CREDIMEX?sub_confirmation=1"]}]}},"_links":{"self":[{"href":"https:\/\/www.credimex.ch\/fr\/wp-json\/wp\/v2\/product\/4225","targetHints":{"allow":["GET"]}}],"collection":[{"href":"https:\/\/www.credimex.ch\/fr\/wp-json\/wp\/v2\/product"}],"about":[{"href":"https:\/\/www.credimex.ch\/fr\/wp-json\/wp\/v2\/types\/product"}],"replies":[{"embeddable":true,"href":"https:\/\/www.credimex.ch\/fr\/wp-json\/wp\/v2\/comments?post=4225"}],"wp:featuredmedia":[{"embeddable":true,"href":"https:\/\/www.credimex.ch\/fr\/wp-json\/wp\/v2\/media\/3126"}],"wp:attachment":[{"href":"https:\/\/www.credimex.ch\/fr\/wp-json\/wp\/v2\/media?parent=4225"}],"wp:term":[{"taxonomy":"product_brand","embeddable":true,"href":"https:\/\/www.credimex.ch\/fr\/wp-json\/wp\/v2\/product_brand?post=4225"},{"taxonomy":"product_cat","embeddable":true,"href":"https:\/\/www.credimex.ch\/fr\/wp-json\/wp\/v2\/product_cat?post=4225"},{"taxonomy":"product_tag","embeddable":true,"href":"https:\/\/www.credimex.ch\/fr\/wp-json\/wp\/v2\/product_tag?post=4225"}],"curies":[{"name":"wp","href":"https:\/\/api.w.org\/{rel}","templated":true}]}}