{"id":4227,"date":"2022-06-07T13:36:40","date_gmt":"2022-06-07T11:36:40","guid":{"rendered":"https:\/\/www.credimex.ch.mialias.net\/product\/cht-qle-1102\/"},"modified":"2022-06-07T13:36:40","modified_gmt":"2022-06-07T11:36:40","slug":"cht-qle-1102-2","status":"publish","type":"product","link":"https:\/\/www.credimex.ch\/fr\/produit\/cht-qle-1102-2\/","title":{"rendered":"CHT QLE 1102"},"content":{"rendered":"<h2 class=\"p1\">Description<\/h2>\n<p class=\"p1\">CHT QLE1102 est un syst\u00e8me d&rsquo;\u00e9lastom\u00e8re de silicone \u00e0 deux composants, sp\u00e9cialement con\u00e7u pour les applications de potting \u00e9lectronique. Il offre une bonne protection contre les chocs et peut \u00eatre utilis\u00e9 dans les domaines o\u00f9 la clart\u00e9 optique et la r\u00e9sistance \u00e0 la temp\u00e9rature sont des conditions pr\u00e9alables.<\/p>\n<p class=\"p1\">Le produit durci est un \u00e9lastom\u00e8re dur, de module moyen \u00e0 \u00e9lev\u00e9, qui peut \u00eatre r\u00e9par\u00e9. Les composants ont des viscosit\u00e9s relativement faibles et sont facilement m\u00e9lang\u00e9s dans un simple rapport 1:1.<\/p>\n<h2 class=\"p1\">Avantages du produit<\/h2>\n<p class=\"p1\">CHT QLE1102 pr\u00e9sente de multiples avantages, tels que :<\/p>\n<ul class=\"ul1\">\n<li class=\"li1\">Optiquement clair<\/li>\n<li class=\"li1\">Faible viscosit\u00e9<\/li>\n<li class=\"li1\">Longue dur\u00e9e de vie en pot<\/li>\n<li class=\"li1\">R\u00e9sistance am\u00e9lior\u00e9e \u00e0 l&rsquo;inhibition<\/li>\n<\/ul>\n<h2 class=\"p1\">Application<\/h2>\n<p class=\"p1\">Le CHT QLE1102 peut \u00eatre utilis\u00e9 dans de nombreux secteurs : industrie g\u00e9n\u00e9rale, \u00e9lectronique, automobile, ferroviaire, \u00e9nergie, batteries et e-mobilit\u00e9.<\/p>\n","protected":false},"excerpt":{"rendered":"<p>CHT QLE1102 est un syst\u00e8me d&rsquo;\u00e9lastom\u00e8re de silicone \u00e0 deux composants, sp\u00e9cialement con\u00e7u pour les applications de potting \u00e9lectronique. D\u00e9couvrez tout ce que vous devez savoir \u00e0 ce sujet.<\/p>\n","protected":false},"featured_media":3124,"comment_status":"open","ping_status":"closed","template":"","meta":{"_acf_changed":false},"product_brand":[],"product_cat":[526,340,413,376,411,384,375,360],"product_tag":[],"class_list":{"0":"post-4227","1":"product","2":"type-product","3":"status-publish","4":"has-post-thumbnail","6":"product_cat-adhesifs-silicone","7":"product_cat-automobile","8":"product_cat-batteries","9":"product_cat-e-mobilite","10":"product_cat-electronique","11":"product_cat-energie","12":"product_cat-ferroviaire","13":"product_cat-industrie-generale","15":"first","16":"instock","17":"shipping-taxable","18":"product-type-simple"},"acf":[],"_yoast_wpseo_focuskw":"CHT QLE 1102","_yoast_wpseo_metadesc":"CHT QLE1102 est un syst\u00e8me d'\u00e9lastom\u00e8re de silicone \u00e0 deux composants, sp\u00e9cialement con\u00e7u pour les applications de potting \u00e9lectronique. D\u00e9couvrez tout ce que vous devez savoir \u00e0 ce sujet.","yoast_head":"<!-- This site is optimized with the Yoast SEO Premium plugin v21.6 (Yoast SEO v27.4) - https:\/\/yoast.com\/product\/yoast-seo-premium-wordpress\/ -->\n<title>CHT QLE 1102 - CREDIMEX<\/title>\n<meta name=\"description\" content=\"CHT QLE1102 est un syst\u00e8me d&#039;\u00e9lastom\u00e8re de silicone \u00e0 deux composants, sp\u00e9cialement con\u00e7u pour les applications de potting \u00e9lectronique. D\u00e9couvrez tout ce que vous devez savoir \u00e0 ce sujet.\" \/>\n<meta name=\"robots\" content=\"index, follow, max-snippet:-1, max-image-preview:large, max-video-preview:-1\" \/>\n<link rel=\"canonical\" href=\"https:\/\/www.credimex.ch\/fr\/produit\/cht-qle-1102-2\/\" \/>\n<meta property=\"og:locale\" content=\"fr_FR\" \/>\n<meta property=\"og:type\" content=\"article\" \/>\n<meta property=\"og:title\" content=\"CHT QLE 1102\" \/>\n<meta property=\"og:description\" content=\"CHT QLE1102 est un syst\u00e8me d&#039;\u00e9lastom\u00e8re de silicone \u00e0 deux composants, sp\u00e9cialement con\u00e7u pour les applications de potting \u00e9lectronique. D\u00e9couvrez tout ce que vous devez savoir \u00e0 ce sujet.\" \/>\n<meta property=\"og:url\" content=\"https:\/\/www.credimex.ch\/fr\/produit\/cht-qle-1102-2\/\" \/>\n<meta property=\"og:site_name\" content=\"CREDIMEX\" \/>\n<meta property=\"article:publisher\" content=\"https:\/\/www.facebook.com\/credimex.alpnach\/\" \/>\n<meta property=\"og:image\" content=\"https:\/\/www.credimex.ch\/wp-content\/uploads\/2022\/06\/CHT_Generic_2kg_Kit.png\" \/>\n\t<meta property=\"og:image:width\" content=\"400\" \/>\n\t<meta property=\"og:image:height\" content=\"400\" \/>\n\t<meta property=\"og:image:type\" content=\"image\/png\" \/>\n<meta name=\"twitter:card\" content=\"summary_large_image\" \/>\n<meta name=\"twitter:label1\" content=\"Dur\u00e9e de lecture estim\u00e9e\" \/>\n\t<meta name=\"twitter:data1\" content=\"1 minute\" \/>\n<script type=\"application\/ld+json\" class=\"yoast-schema-graph\">{\"@context\":\"https:\\\/\\\/schema.org\",\"@graph\":[{\"@type\":\"WebPage\",\"@id\":\"https:\\\/\\\/www.credimex.ch\\\/fr\\\/produit\\\/cht-qle-1102-2\\\/\",\"url\":\"https:\\\/\\\/www.credimex.ch\\\/fr\\\/produit\\\/cht-qle-1102-2\\\/\",\"name\":\"CHT QLE 1102 - CREDIMEX\",\"isPartOf\":{\"@id\":\"https:\\\/\\\/www.credimex.ch\\\/fr\\\/#website\"},\"primaryImageOfPage\":{\"@id\":\"https:\\\/\\\/www.credimex.ch\\\/fr\\\/produit\\\/cht-qle-1102-2\\\/#primaryimage\"},\"image\":{\"@id\":\"https:\\\/\\\/www.credimex.ch\\\/fr\\\/produit\\\/cht-qle-1102-2\\\/#primaryimage\"},\"thumbnailUrl\":\"https:\\\/\\\/www.credimex.ch\\\/wp-content\\\/uploads\\\/2022\\\/06\\\/CHT_Generic_2kg_Kit.png\",\"datePublished\":\"2022-06-07T11:36:40+00:00\",\"description\":\"CHT QLE1102 est un syst\u00e8me d'\u00e9lastom\u00e8re de silicone \u00e0 deux composants, sp\u00e9cialement con\u00e7u pour les applications de potting \u00e9lectronique. D\u00e9couvrez tout ce que vous devez savoir \u00e0 ce sujet.\",\"breadcrumb\":{\"@id\":\"https:\\\/\\\/www.credimex.ch\\\/fr\\\/produit\\\/cht-qle-1102-2\\\/#breadcrumb\"},\"inLanguage\":\"fr-FR\",\"potentialAction\":[{\"@type\":\"ReadAction\",\"target\":[\"https:\\\/\\\/www.credimex.ch\\\/fr\\\/produit\\\/cht-qle-1102-2\\\/\"]}]},{\"@type\":\"ImageObject\",\"inLanguage\":\"fr-FR\",\"@id\":\"https:\\\/\\\/www.credimex.ch\\\/fr\\\/produit\\\/cht-qle-1102-2\\\/#primaryimage\",\"url\":\"https:\\\/\\\/www.credimex.ch\\\/wp-content\\\/uploads\\\/2022\\\/06\\\/CHT_Generic_2kg_Kit.png\",\"contentUrl\":\"https:\\\/\\\/www.credimex.ch\\\/wp-content\\\/uploads\\\/2022\\\/06\\\/CHT_Generic_2kg_Kit.png\",\"width\":400,\"height\":400},{\"@type\":\"BreadcrumbList\",\"@id\":\"https:\\\/\\\/www.credimex.ch\\\/fr\\\/produit\\\/cht-qle-1102-2\\\/#breadcrumb\",\"itemListElement\":[{\"@type\":\"ListItem\",\"position\":1,\"name\":\"Home\",\"item\":\"https:\\\/\\\/www.credimex.ch\\\/fr\\\/\"},{\"@type\":\"ListItem\",\"position\":2,\"name\":\"Produits\",\"item\":\"https:\\\/\\\/www.credimex.ch\\\/fr\\\/produits\\\/\"},{\"@type\":\"ListItem\",\"position\":3,\"name\":\"CHT QLE 1102\"}]},{\"@type\":\"WebSite\",\"@id\":\"https:\\\/\\\/www.credimex.ch\\\/fr\\\/#website\",\"url\":\"https:\\\/\\\/www.credimex.ch\\\/fr\\\/\",\"name\":\"CREDIMEX\",\"description\":\"Partner of Swiss Industrial Market\",\"publisher\":{\"@id\":\"https:\\\/\\\/www.credimex.ch\\\/fr\\\/#organization\"},\"potentialAction\":[{\"@type\":\"SearchAction\",\"target\":{\"@type\":\"EntryPoint\",\"urlTemplate\":\"https:\\\/\\\/www.credimex.ch\\\/fr\\\/?s={search_term_string}\"},\"query-input\":{\"@type\":\"PropertyValueSpecification\",\"valueRequired\":true,\"valueName\":\"search_term_string\"}}],\"inLanguage\":\"fr-FR\"},{\"@type\":\"Organization\",\"@id\":\"https:\\\/\\\/www.credimex.ch\\\/fr\\\/#organization\",\"name\":\"credimex\",\"url\":\"https:\\\/\\\/www.credimex.ch\\\/fr\\\/\",\"logo\":{\"@type\":\"ImageObject\",\"inLanguage\":\"fr-FR\",\"@id\":\"https:\\\/\\\/www.credimex.ch\\\/fr\\\/#\\\/schema\\\/logo\\\/image\\\/\",\"url\":\"https:\\\/\\\/www.credimex.ch\\\/wp-content\\\/uploads\\\/2022\\\/03\\\/cropped-logo-credimex.png\",\"contentUrl\":\"https:\\\/\\\/www.credimex.ch\\\/wp-content\\\/uploads\\\/2022\\\/03\\\/cropped-logo-credimex.png\",\"width\":512,\"height\":512,\"caption\":\"credimex\"},\"image\":{\"@id\":\"https:\\\/\\\/www.credimex.ch\\\/fr\\\/#\\\/schema\\\/logo\\\/image\\\/\"},\"sameAs\":[\"https:\\\/\\\/www.facebook.com\\\/credimex.alpnach\\\/\",\"https:\\\/\\\/www.linkedin.com\\\/company\\\/credimex\\\/\",\"https:\\\/\\\/www.youtube.com\\\/@CREDIMEX?sub_confirmation=1\"]}]}<\/script>\n<!-- \/ Yoast SEO Premium plugin. -->","yoast_head_json":{"title":"CHT QLE 1102 - CREDIMEX","description":"CHT QLE1102 est un syst\u00e8me d'\u00e9lastom\u00e8re de silicone \u00e0 deux composants, sp\u00e9cialement con\u00e7u pour les applications de potting \u00e9lectronique. D\u00e9couvrez tout ce que vous devez savoir \u00e0 ce sujet.","robots":{"index":"index","follow":"follow","max-snippet":"max-snippet:-1","max-image-preview":"max-image-preview:large","max-video-preview":"max-video-preview:-1"},"canonical":"https:\/\/www.credimex.ch\/fr\/produit\/cht-qle-1102-2\/","og_locale":"fr_FR","og_type":"article","og_title":"CHT QLE 1102","og_description":"CHT QLE1102 est un syst\u00e8me d'\u00e9lastom\u00e8re de silicone \u00e0 deux composants, sp\u00e9cialement con\u00e7u pour les applications de potting \u00e9lectronique. D\u00e9couvrez tout ce que vous devez savoir \u00e0 ce sujet.","og_url":"https:\/\/www.credimex.ch\/fr\/produit\/cht-qle-1102-2\/","og_site_name":"CREDIMEX","article_publisher":"https:\/\/www.facebook.com\/credimex.alpnach\/","og_image":[{"width":400,"height":400,"url":"https:\/\/www.credimex.ch\/wp-content\/uploads\/2022\/06\/CHT_Generic_2kg_Kit.png","type":"image\/png"}],"twitter_card":"summary_large_image","twitter_misc":{"Dur\u00e9e de lecture estim\u00e9e":"1 minute"},"schema":{"@context":"https:\/\/schema.org","@graph":[{"@type":"WebPage","@id":"https:\/\/www.credimex.ch\/fr\/produit\/cht-qle-1102-2\/","url":"https:\/\/www.credimex.ch\/fr\/produit\/cht-qle-1102-2\/","name":"CHT QLE 1102 - CREDIMEX","isPartOf":{"@id":"https:\/\/www.credimex.ch\/fr\/#website"},"primaryImageOfPage":{"@id":"https:\/\/www.credimex.ch\/fr\/produit\/cht-qle-1102-2\/#primaryimage"},"image":{"@id":"https:\/\/www.credimex.ch\/fr\/produit\/cht-qle-1102-2\/#primaryimage"},"thumbnailUrl":"https:\/\/www.credimex.ch\/wp-content\/uploads\/2022\/06\/CHT_Generic_2kg_Kit.png","datePublished":"2022-06-07T11:36:40+00:00","description":"CHT QLE1102 est un syst\u00e8me d'\u00e9lastom\u00e8re de silicone \u00e0 deux composants, sp\u00e9cialement con\u00e7u pour les applications de potting \u00e9lectronique. D\u00e9couvrez tout ce que vous devez savoir \u00e0 ce sujet.","breadcrumb":{"@id":"https:\/\/www.credimex.ch\/fr\/produit\/cht-qle-1102-2\/#breadcrumb"},"inLanguage":"fr-FR","potentialAction":[{"@type":"ReadAction","target":["https:\/\/www.credimex.ch\/fr\/produit\/cht-qle-1102-2\/"]}]},{"@type":"ImageObject","inLanguage":"fr-FR","@id":"https:\/\/www.credimex.ch\/fr\/produit\/cht-qle-1102-2\/#primaryimage","url":"https:\/\/www.credimex.ch\/wp-content\/uploads\/2022\/06\/CHT_Generic_2kg_Kit.png","contentUrl":"https:\/\/www.credimex.ch\/wp-content\/uploads\/2022\/06\/CHT_Generic_2kg_Kit.png","width":400,"height":400},{"@type":"BreadcrumbList","@id":"https:\/\/www.credimex.ch\/fr\/produit\/cht-qle-1102-2\/#breadcrumb","itemListElement":[{"@type":"ListItem","position":1,"name":"Home","item":"https:\/\/www.credimex.ch\/fr\/"},{"@type":"ListItem","position":2,"name":"Produits","item":"https:\/\/www.credimex.ch\/fr\/produits\/"},{"@type":"ListItem","position":3,"name":"CHT QLE 1102"}]},{"@type":"WebSite","@id":"https:\/\/www.credimex.ch\/fr\/#website","url":"https:\/\/www.credimex.ch\/fr\/","name":"CREDIMEX","description":"Partner of Swiss Industrial Market","publisher":{"@id":"https:\/\/www.credimex.ch\/fr\/#organization"},"potentialAction":[{"@type":"SearchAction","target":{"@type":"EntryPoint","urlTemplate":"https:\/\/www.credimex.ch\/fr\/?s={search_term_string}"},"query-input":{"@type":"PropertyValueSpecification","valueRequired":true,"valueName":"search_term_string"}}],"inLanguage":"fr-FR"},{"@type":"Organization","@id":"https:\/\/www.credimex.ch\/fr\/#organization","name":"credimex","url":"https:\/\/www.credimex.ch\/fr\/","logo":{"@type":"ImageObject","inLanguage":"fr-FR","@id":"https:\/\/www.credimex.ch\/fr\/#\/schema\/logo\/image\/","url":"https:\/\/www.credimex.ch\/wp-content\/uploads\/2022\/03\/cropped-logo-credimex.png","contentUrl":"https:\/\/www.credimex.ch\/wp-content\/uploads\/2022\/03\/cropped-logo-credimex.png","width":512,"height":512,"caption":"credimex"},"image":{"@id":"https:\/\/www.credimex.ch\/fr\/#\/schema\/logo\/image\/"},"sameAs":["https:\/\/www.facebook.com\/credimex.alpnach\/","https:\/\/www.linkedin.com\/company\/credimex\/","https:\/\/www.youtube.com\/@CREDIMEX?sub_confirmation=1"]}]}},"_links":{"self":[{"href":"https:\/\/www.credimex.ch\/fr\/wp-json\/wp\/v2\/product\/4227","targetHints":{"allow":["GET"]}}],"collection":[{"href":"https:\/\/www.credimex.ch\/fr\/wp-json\/wp\/v2\/product"}],"about":[{"href":"https:\/\/www.credimex.ch\/fr\/wp-json\/wp\/v2\/types\/product"}],"replies":[{"embeddable":true,"href":"https:\/\/www.credimex.ch\/fr\/wp-json\/wp\/v2\/comments?post=4227"}],"wp:featuredmedia":[{"embeddable":true,"href":"https:\/\/www.credimex.ch\/fr\/wp-json\/wp\/v2\/media\/3124"}],"wp:attachment":[{"href":"https:\/\/www.credimex.ch\/fr\/wp-json\/wp\/v2\/media?parent=4227"}],"wp:term":[{"taxonomy":"product_brand","embeddable":true,"href":"https:\/\/www.credimex.ch\/fr\/wp-json\/wp\/v2\/product_brand?post=4227"},{"taxonomy":"product_cat","embeddable":true,"href":"https:\/\/www.credimex.ch\/fr\/wp-json\/wp\/v2\/product_cat?post=4227"},{"taxonomy":"product_tag","embeddable":true,"href":"https:\/\/www.credimex.ch\/fr\/wp-json\/wp\/v2\/product_tag?post=4227"}],"curies":[{"name":"wp","href":"https:\/\/api.w.org\/{rel}","templated":true}]}}