{"id":4231,"date":"2022-06-07T13:17:39","date_gmt":"2022-06-07T11:17:39","guid":{"rendered":"https:\/\/www.credimex.ch.mialias.net\/product\/qsil-553\/"},"modified":"2022-06-07T13:17:39","modified_gmt":"2022-06-07T11:17:39","slug":"qsil-553-3","status":"publish","type":"product","link":"https:\/\/www.credimex.ch\/fr\/produit\/qsil-553-3\/","title":{"rendered":"QSil 553"},"content":{"rendered":"<h2 class=\"p1\">Description<\/h2>\n<p class=\"p1\">Le Qsil-553 est un \u00e9lastom\u00e8re noir solide, 100% silicone, con\u00e7u pour les applications de potting \u00e9lectronique. Le syst\u00e8me \u00e0 deux composants offre un mat\u00e9riau dur, thermoconducteur, \u00e0 faible module et facilement r\u00e9parable.<\/p>\n<h2 class=\"p1\">Avantages du produit<\/h2>\n<p class=\"p1\">Qsil-553 pr\u00e9sente de multiples avantages, tels que :<\/p>\n<ul class=\"ul1\">\n<li class=\"li1\">Conductivit\u00e9 thermique 0,68W\/m.K<\/li>\n<li class=\"li1\">100% de solides &#8211; pas de solvants<\/li>\n<li class=\"li1\">Longue dur\u00e9e de vie en pot<\/li>\n<li class=\"li1\">Rapport de m\u00e9lange 1:1<\/li>\n<li class=\"li1\">R\u00e9sistant \u00e0 la r\u00e9version<\/li>\n<li class=\"li1\">Mat\u00e9riau durci 32\u00b0IRDH<\/li>\n<\/ul>\n<h2 class=\"p1\">Application<\/h2>\n<p class=\"p1\">Le Qsil-553 peut \u00eatre utilis\u00e9 dans une vari\u00e9t\u00e9 d&rsquo;industries telles que : l&rsquo;industrie g\u00e9n\u00e9rale, l&rsquo;\u00e9lectronique, l&rsquo;automobile, le ferroviaire, l&rsquo;\u00e9nergie, les batteries et l&rsquo;e-mobilit\u00e9.<\/p>\n","protected":false},"excerpt":{"rendered":"<p>Le Qsil-553 est un \u00e9lastom\u00e8re noir solide, 100% silicone, con\u00e7u pour les applications de potting \u00e9lectronique. D\u00e9couvrez tout ce que vous devez savoir \u00e0 ce sujet.<\/p>\n","protected":false},"featured_media":3120,"comment_status":"open","ping_status":"closed","template":"","meta":{"_acf_changed":false},"product_brand":[],"product_cat":[452,526,340,413,525,376,411,384,375,360],"product_tag":[],"class_list":{"0":"post-4231","1":"product","2":"type-product","3":"status-publish","4":"has-post-thumbnail","6":"product_cat-adhesifs-et-mastics","7":"product_cat-adhesifs-silicone","8":"product_cat-automobile","9":"product_cat-batteries","10":"product_cat-cht","11":"product_cat-e-mobilite","12":"product_cat-electronique","13":"product_cat-energie","14":"product_cat-ferroviaire","15":"product_cat-industrie-generale","17":"first","18":"instock","19":"shipping-taxable","20":"product-type-simple"},"acf":[],"_yoast_wpseo_focuskw":null,"_yoast_wpseo_metadesc":"Le Qsil-553 est un \u00e9lastom\u00e8re noir solide, 100% silicone, con\u00e7u pour les applications de potting \u00e9lectronique. D\u00e9couvrez tout ce que vous devez savoir \u00e0 ce sujet.","yoast_head":"<!-- This site is optimized with the Yoast SEO Premium plugin v21.6 (Yoast SEO v27.4) - https:\/\/yoast.com\/product\/yoast-seo-premium-wordpress\/ -->\n<title>QSil 553 - CREDIMEX<\/title>\n<meta name=\"description\" content=\"Le Qsil-553 est un \u00e9lastom\u00e8re noir solide, 100% silicone, con\u00e7u pour les applications de potting \u00e9lectronique. D\u00e9couvrez tout ce que vous devez savoir \u00e0 ce sujet.\" \/>\n<meta name=\"robots\" content=\"index, follow, max-snippet:-1, max-image-preview:large, max-video-preview:-1\" \/>\n<link rel=\"canonical\" href=\"https:\/\/www.credimex.ch\/fr\/produit\/qsil-553-3\/\" \/>\n<meta property=\"og:locale\" content=\"fr_FR\" \/>\n<meta property=\"og:type\" content=\"article\" \/>\n<meta property=\"og:title\" content=\"QSil 553\" \/>\n<meta property=\"og:description\" content=\"Le Qsil-553 est un \u00e9lastom\u00e8re noir solide, 100% silicone, con\u00e7u pour les applications de potting \u00e9lectronique. D\u00e9couvrez tout ce que vous devez savoir \u00e0 ce sujet.\" \/>\n<meta property=\"og:url\" content=\"https:\/\/www.credimex.ch\/fr\/produit\/qsil-553-3\/\" \/>\n<meta property=\"og:site_name\" content=\"CREDIMEX\" \/>\n<meta property=\"article:publisher\" content=\"https:\/\/www.facebook.com\/credimex.alpnach\/\" \/>\n<meta property=\"og:image\" content=\"https:\/\/www.credimex.ch\/wp-content\/uploads\/2022\/06\/42420098.webp\" \/>\n\t<meta property=\"og:image:width\" content=\"175\" \/>\n\t<meta property=\"og:image:height\" content=\"200\" \/>\n\t<meta property=\"og:image:type\" content=\"image\/webp\" \/>\n<meta name=\"twitter:card\" content=\"summary_large_image\" \/>\n<meta name=\"twitter:label1\" content=\"Dur\u00e9e de lecture estim\u00e9e\" \/>\n\t<meta name=\"twitter:data1\" content=\"1 minute\" \/>\n<script type=\"application\/ld+json\" class=\"yoast-schema-graph\">{\"@context\":\"https:\\\/\\\/schema.org\",\"@graph\":[{\"@type\":\"WebPage\",\"@id\":\"https:\\\/\\\/www.credimex.ch\\\/fr\\\/produit\\\/qsil-553-3\\\/\",\"url\":\"https:\\\/\\\/www.credimex.ch\\\/fr\\\/produit\\\/qsil-553-3\\\/\",\"name\":\"QSil 553 - CREDIMEX\",\"isPartOf\":{\"@id\":\"https:\\\/\\\/www.credimex.ch\\\/fr\\\/#website\"},\"primaryImageOfPage\":{\"@id\":\"https:\\\/\\\/www.credimex.ch\\\/fr\\\/produit\\\/qsil-553-3\\\/#primaryimage\"},\"image\":{\"@id\":\"https:\\\/\\\/www.credimex.ch\\\/fr\\\/produit\\\/qsil-553-3\\\/#primaryimage\"},\"thumbnailUrl\":\"https:\\\/\\\/www.credimex.ch\\\/wp-content\\\/uploads\\\/2022\\\/06\\\/42420098.webp\",\"datePublished\":\"2022-06-07T11:17:39+00:00\",\"description\":\"Le Qsil-553 est un \u00e9lastom\u00e8re noir solide, 100% silicone, con\u00e7u pour les applications de potting \u00e9lectronique. D\u00e9couvrez tout ce que vous devez savoir \u00e0 ce sujet.\",\"breadcrumb\":{\"@id\":\"https:\\\/\\\/www.credimex.ch\\\/fr\\\/produit\\\/qsil-553-3\\\/#breadcrumb\"},\"inLanguage\":\"fr-FR\",\"potentialAction\":[{\"@type\":\"ReadAction\",\"target\":[\"https:\\\/\\\/www.credimex.ch\\\/fr\\\/produit\\\/qsil-553-3\\\/\"]}]},{\"@type\":\"ImageObject\",\"inLanguage\":\"fr-FR\",\"@id\":\"https:\\\/\\\/www.credimex.ch\\\/fr\\\/produit\\\/qsil-553-3\\\/#primaryimage\",\"url\":\"https:\\\/\\\/www.credimex.ch\\\/wp-content\\\/uploads\\\/2022\\\/06\\\/42420098.webp\",\"contentUrl\":\"https:\\\/\\\/www.credimex.ch\\\/wp-content\\\/uploads\\\/2022\\\/06\\\/42420098.webp\",\"width\":175,\"height\":200},{\"@type\":\"BreadcrumbList\",\"@id\":\"https:\\\/\\\/www.credimex.ch\\\/fr\\\/produit\\\/qsil-553-3\\\/#breadcrumb\",\"itemListElement\":[{\"@type\":\"ListItem\",\"position\":1,\"name\":\"Home\",\"item\":\"https:\\\/\\\/www.credimex.ch\\\/fr\\\/\"},{\"@type\":\"ListItem\",\"position\":2,\"name\":\"Produits\",\"item\":\"https:\\\/\\\/www.credimex.ch\\\/fr\\\/produits\\\/\"},{\"@type\":\"ListItem\",\"position\":3,\"name\":\"QSil 553\"}]},{\"@type\":\"WebSite\",\"@id\":\"https:\\\/\\\/www.credimex.ch\\\/fr\\\/#website\",\"url\":\"https:\\\/\\\/www.credimex.ch\\\/fr\\\/\",\"name\":\"CREDIMEX\",\"description\":\"Partner of Swiss Industrial Market\",\"publisher\":{\"@id\":\"https:\\\/\\\/www.credimex.ch\\\/fr\\\/#organization\"},\"potentialAction\":[{\"@type\":\"SearchAction\",\"target\":{\"@type\":\"EntryPoint\",\"urlTemplate\":\"https:\\\/\\\/www.credimex.ch\\\/fr\\\/?s={search_term_string}\"},\"query-input\":{\"@type\":\"PropertyValueSpecification\",\"valueRequired\":true,\"valueName\":\"search_term_string\"}}],\"inLanguage\":\"fr-FR\"},{\"@type\":\"Organization\",\"@id\":\"https:\\\/\\\/www.credimex.ch\\\/fr\\\/#organization\",\"name\":\"credimex\",\"url\":\"https:\\\/\\\/www.credimex.ch\\\/fr\\\/\",\"logo\":{\"@type\":\"ImageObject\",\"inLanguage\":\"fr-FR\",\"@id\":\"https:\\\/\\\/www.credimex.ch\\\/fr\\\/#\\\/schema\\\/logo\\\/image\\\/\",\"url\":\"https:\\\/\\\/www.credimex.ch\\\/wp-content\\\/uploads\\\/2022\\\/03\\\/cropped-logo-credimex.png\",\"contentUrl\":\"https:\\\/\\\/www.credimex.ch\\\/wp-content\\\/uploads\\\/2022\\\/03\\\/cropped-logo-credimex.png\",\"width\":512,\"height\":512,\"caption\":\"credimex\"},\"image\":{\"@id\":\"https:\\\/\\\/www.credimex.ch\\\/fr\\\/#\\\/schema\\\/logo\\\/image\\\/\"},\"sameAs\":[\"https:\\\/\\\/www.facebook.com\\\/credimex.alpnach\\\/\",\"https:\\\/\\\/www.linkedin.com\\\/company\\\/credimex\\\/\",\"https:\\\/\\\/www.youtube.com\\\/@CREDIMEX?sub_confirmation=1\"]}]}<\/script>\n<!-- \/ Yoast SEO Premium plugin. -->","yoast_head_json":{"title":"QSil 553 - CREDIMEX","description":"Le Qsil-553 est un \u00e9lastom\u00e8re noir solide, 100% silicone, con\u00e7u pour les applications de potting \u00e9lectronique. D\u00e9couvrez tout ce que vous devez savoir \u00e0 ce sujet.","robots":{"index":"index","follow":"follow","max-snippet":"max-snippet:-1","max-image-preview":"max-image-preview:large","max-video-preview":"max-video-preview:-1"},"canonical":"https:\/\/www.credimex.ch\/fr\/produit\/qsil-553-3\/","og_locale":"fr_FR","og_type":"article","og_title":"QSil 553","og_description":"Le Qsil-553 est un \u00e9lastom\u00e8re noir solide, 100% silicone, con\u00e7u pour les applications de potting \u00e9lectronique. D\u00e9couvrez tout ce que vous devez savoir \u00e0 ce sujet.","og_url":"https:\/\/www.credimex.ch\/fr\/produit\/qsil-553-3\/","og_site_name":"CREDIMEX","article_publisher":"https:\/\/www.facebook.com\/credimex.alpnach\/","og_image":[{"width":175,"height":200,"url":"https:\/\/www.credimex.ch\/wp-content\/uploads\/2022\/06\/42420098.webp","type":"image\/webp"}],"twitter_card":"summary_large_image","twitter_misc":{"Dur\u00e9e de lecture estim\u00e9e":"1 minute"},"schema":{"@context":"https:\/\/schema.org","@graph":[{"@type":"WebPage","@id":"https:\/\/www.credimex.ch\/fr\/produit\/qsil-553-3\/","url":"https:\/\/www.credimex.ch\/fr\/produit\/qsil-553-3\/","name":"QSil 553 - CREDIMEX","isPartOf":{"@id":"https:\/\/www.credimex.ch\/fr\/#website"},"primaryImageOfPage":{"@id":"https:\/\/www.credimex.ch\/fr\/produit\/qsil-553-3\/#primaryimage"},"image":{"@id":"https:\/\/www.credimex.ch\/fr\/produit\/qsil-553-3\/#primaryimage"},"thumbnailUrl":"https:\/\/www.credimex.ch\/wp-content\/uploads\/2022\/06\/42420098.webp","datePublished":"2022-06-07T11:17:39+00:00","description":"Le Qsil-553 est un \u00e9lastom\u00e8re noir solide, 100% silicone, con\u00e7u pour les applications de potting \u00e9lectronique. D\u00e9couvrez tout ce que vous devez savoir \u00e0 ce sujet.","breadcrumb":{"@id":"https:\/\/www.credimex.ch\/fr\/produit\/qsil-553-3\/#breadcrumb"},"inLanguage":"fr-FR","potentialAction":[{"@type":"ReadAction","target":["https:\/\/www.credimex.ch\/fr\/produit\/qsil-553-3\/"]}]},{"@type":"ImageObject","inLanguage":"fr-FR","@id":"https:\/\/www.credimex.ch\/fr\/produit\/qsil-553-3\/#primaryimage","url":"https:\/\/www.credimex.ch\/wp-content\/uploads\/2022\/06\/42420098.webp","contentUrl":"https:\/\/www.credimex.ch\/wp-content\/uploads\/2022\/06\/42420098.webp","width":175,"height":200},{"@type":"BreadcrumbList","@id":"https:\/\/www.credimex.ch\/fr\/produit\/qsil-553-3\/#breadcrumb","itemListElement":[{"@type":"ListItem","position":1,"name":"Home","item":"https:\/\/www.credimex.ch\/fr\/"},{"@type":"ListItem","position":2,"name":"Produits","item":"https:\/\/www.credimex.ch\/fr\/produits\/"},{"@type":"ListItem","position":3,"name":"QSil 553"}]},{"@type":"WebSite","@id":"https:\/\/www.credimex.ch\/fr\/#website","url":"https:\/\/www.credimex.ch\/fr\/","name":"CREDIMEX","description":"Partner of Swiss Industrial Market","publisher":{"@id":"https:\/\/www.credimex.ch\/fr\/#organization"},"potentialAction":[{"@type":"SearchAction","target":{"@type":"EntryPoint","urlTemplate":"https:\/\/www.credimex.ch\/fr\/?s={search_term_string}"},"query-input":{"@type":"PropertyValueSpecification","valueRequired":true,"valueName":"search_term_string"}}],"inLanguage":"fr-FR"},{"@type":"Organization","@id":"https:\/\/www.credimex.ch\/fr\/#organization","name":"credimex","url":"https:\/\/www.credimex.ch\/fr\/","logo":{"@type":"ImageObject","inLanguage":"fr-FR","@id":"https:\/\/www.credimex.ch\/fr\/#\/schema\/logo\/image\/","url":"https:\/\/www.credimex.ch\/wp-content\/uploads\/2022\/03\/cropped-logo-credimex.png","contentUrl":"https:\/\/www.credimex.ch\/wp-content\/uploads\/2022\/03\/cropped-logo-credimex.png","width":512,"height":512,"caption":"credimex"},"image":{"@id":"https:\/\/www.credimex.ch\/fr\/#\/schema\/logo\/image\/"},"sameAs":["https:\/\/www.facebook.com\/credimex.alpnach\/","https:\/\/www.linkedin.com\/company\/credimex\/","https:\/\/www.youtube.com\/@CREDIMEX?sub_confirmation=1"]}]}},"_links":{"self":[{"href":"https:\/\/www.credimex.ch\/fr\/wp-json\/wp\/v2\/product\/4231","targetHints":{"allow":["GET"]}}],"collection":[{"href":"https:\/\/www.credimex.ch\/fr\/wp-json\/wp\/v2\/product"}],"about":[{"href":"https:\/\/www.credimex.ch\/fr\/wp-json\/wp\/v2\/types\/product"}],"replies":[{"embeddable":true,"href":"https:\/\/www.credimex.ch\/fr\/wp-json\/wp\/v2\/comments?post=4231"}],"wp:featuredmedia":[{"embeddable":true,"href":"https:\/\/www.credimex.ch\/fr\/wp-json\/wp\/v2\/media\/3120"}],"wp:attachment":[{"href":"https:\/\/www.credimex.ch\/fr\/wp-json\/wp\/v2\/media?parent=4231"}],"wp:term":[{"taxonomy":"product_brand","embeddable":true,"href":"https:\/\/www.credimex.ch\/fr\/wp-json\/wp\/v2\/product_brand?post=4231"},{"taxonomy":"product_cat","embeddable":true,"href":"https:\/\/www.credimex.ch\/fr\/wp-json\/wp\/v2\/product_cat?post=4231"},{"taxonomy":"product_tag","embeddable":true,"href":"https:\/\/www.credimex.ch\/fr\/wp-json\/wp\/v2\/product_tag?post=4231"}],"curies":[{"name":"wp","href":"https:\/\/api.w.org\/{rel}","templated":true}]}}