{"id":4233,"date":"2022-06-07T13:11:46","date_gmt":"2022-06-07T11:11:46","guid":{"rendered":"https:\/\/www.credimex.ch.mialias.net\/product\/cht-as1700\/"},"modified":"2022-06-07T13:11:46","modified_gmt":"2022-06-07T11:11:46","slug":"cht-as1700-2","status":"publish","type":"product","link":"https:\/\/www.credimex.ch\/fr\/produit\/cht-as1700-2\/","title":{"rendered":"CHT AS1700"},"content":{"rendered":"<h2 class=\"p1\">Description<\/h2>\n<p class=\"p1\">CHT AS1700 est un mastic adh\u00e9sif thixotrope ignifug\u00e9 neutre, un mastic silicone \u00e0 polym\u00e9risation neutre sp\u00e9cialement formul\u00e9 pour \u00eatre utilis\u00e9 avec des assemblages \u00e9lectroniques sensibles. Il est d\u00e9crit comme un mastic silicone \u00e0 vulcanisation \u00e0 temp\u00e9rature ambiante (RTV) \u00e0 un composant alcoxy. Le syst\u00e8me de r\u00e9ticulation alkoxy produit un mastic silicone avec une excellente adh\u00e9rence sur la plupart des substrats courants. Aspect de p\u00e2te translucide avec un temps d&rsquo;adh\u00e9rence de 10 minutes.<\/p>\n<h2 class=\"p1\">Avantages du produit<\/h2>\n<p class=\"p1\">L&rsquo;utilisation de CHT AS1700 pr\u00e9sente de nombreux avantages, tels que :<\/p>\n<ul class=\"ul1\">\n<li class=\"li1\">Il est non corrosif<\/li>\n<li class=\"li1\">Il pr\u00e9sente une excellente adh\u00e9rence sans appr\u00eat \u00e0 de nombreux substrats.<\/li>\n<li class=\"li1\">Il poss\u00e8de d&rsquo;excellentes propri\u00e9t\u00e9s di\u00e9lectriques<\/li>\n<li class=\"li1\">Il a une faible odeur<\/li>\n<\/ul>\n<h2 class=\"p1\">Application<\/h2>\n<p class=\"p1\">CHT AS1700 est principalement utilis\u00e9 pour l&rsquo;\u00e9lectronique grand public.<\/p>\n","protected":false},"excerpt":{"rendered":"<p class=\"p1\">CHT AS1700 est un scellant adh\u00e9sif thixotropique ignifuge neutre, sp\u00e9cialement formul\u00e9 pour les assemblages \u00e9lectroniques sensibles. D\u00e9couvrez tout ce que vous devez savoir \u00e0 ce sujet.<\/p>\n","protected":false},"featured_media":3118,"comment_status":"open","ping_status":"closed","template":"","meta":{"_acf_changed":false},"product_brand":[],"product_cat":[452,526,340,413,525,376,411,384,375,360],"product_tag":[],"class_list":{"0":"post-4233","1":"product","2":"type-product","3":"status-publish","4":"has-post-thumbnail","6":"product_cat-adhesifs-et-mastics","7":"product_cat-adhesifs-silicone","8":"product_cat-automobile","9":"product_cat-batteries","10":"product_cat-cht","11":"product_cat-e-mobilite","12":"product_cat-electronique","13":"product_cat-energie","14":"product_cat-ferroviaire","15":"product_cat-industrie-generale","17":"first","18":"instock","19":"shipping-taxable","20":"product-type-simple"},"acf":[],"_yoast_wpseo_focuskw":"CHT AS1700","_yoast_wpseo_metadesc":"CHT AS1700 est un scellant adh\u00e9sif thixotropique ignifuge neutre, sp\u00e9cialement formul\u00e9 pour les assemblages \u00e9lectroniques sensibles. D\u00e9couvrez tout ce que vous devez savoir \u00e0 ce sujet.","yoast_head":"<!-- This site is optimized with the Yoast SEO Premium plugin v21.6 (Yoast SEO v27.4) - https:\/\/yoast.com\/product\/yoast-seo-premium-wordpress\/ -->\n<title>CHT AS1700 - CREDIMEX<\/title>\n<meta name=\"description\" content=\"CHT AS1700 est un scellant adh\u00e9sif thixotropique ignifuge neutre, sp\u00e9cialement formul\u00e9 pour les assemblages \u00e9lectroniques sensibles. D\u00e9couvrez tout ce que vous devez savoir \u00e0 ce sujet.\" \/>\n<meta name=\"robots\" content=\"index, follow, max-snippet:-1, max-image-preview:large, max-video-preview:-1\" \/>\n<link rel=\"canonical\" href=\"https:\/\/www.credimex.ch\/fr\/produit\/cht-as1700-2\/\" \/>\n<meta property=\"og:locale\" content=\"fr_FR\" \/>\n<meta property=\"og:type\" content=\"article\" \/>\n<meta property=\"og:title\" content=\"CHT AS1700\" \/>\n<meta property=\"og:description\" content=\"CHT AS1700 est un scellant adh\u00e9sif thixotropique ignifuge neutre, sp\u00e9cialement formul\u00e9 pour les assemblages \u00e9lectroniques sensibles. D\u00e9couvrez tout ce que vous devez savoir \u00e0 ce sujet.\" \/>\n<meta property=\"og:url\" content=\"https:\/\/www.credimex.ch\/fr\/produit\/cht-as1700-2\/\" \/>\n<meta property=\"og:site_name\" content=\"CREDIMEX\" \/>\n<meta property=\"article:publisher\" content=\"https:\/\/www.facebook.com\/credimex.alpnach\/\" \/>\n<meta property=\"og:image\" content=\"https:\/\/www.credimex.ch\/wp-content\/uploads\/2022\/06\/752229_1.webp\" \/>\n\t<meta property=\"og:image:width\" content=\"640\" \/>\n\t<meta property=\"og:image:height\" content=\"480\" \/>\n\t<meta property=\"og:image:type\" content=\"image\/webp\" \/>\n<meta name=\"twitter:card\" content=\"summary_large_image\" \/>\n<meta name=\"twitter:label1\" content=\"Dur\u00e9e de lecture estim\u00e9e\" \/>\n\t<meta name=\"twitter:data1\" content=\"1 minute\" \/>\n<script type=\"application\/ld+json\" class=\"yoast-schema-graph\">{\"@context\":\"https:\\\/\\\/schema.org\",\"@graph\":[{\"@type\":\"WebPage\",\"@id\":\"https:\\\/\\\/www.credimex.ch\\\/fr\\\/produit\\\/cht-as1700-2\\\/\",\"url\":\"https:\\\/\\\/www.credimex.ch\\\/fr\\\/produit\\\/cht-as1700-2\\\/\",\"name\":\"CHT AS1700 - CREDIMEX\",\"isPartOf\":{\"@id\":\"https:\\\/\\\/www.credimex.ch\\\/fr\\\/#website\"},\"primaryImageOfPage\":{\"@id\":\"https:\\\/\\\/www.credimex.ch\\\/fr\\\/produit\\\/cht-as1700-2\\\/#primaryimage\"},\"image\":{\"@id\":\"https:\\\/\\\/www.credimex.ch\\\/fr\\\/produit\\\/cht-as1700-2\\\/#primaryimage\"},\"thumbnailUrl\":\"https:\\\/\\\/www.credimex.ch\\\/wp-content\\\/uploads\\\/2022\\\/06\\\/752229_1.webp\",\"datePublished\":\"2022-06-07T11:11:46+00:00\",\"description\":\"CHT AS1700 est un scellant adh\u00e9sif thixotropique ignifuge neutre, sp\u00e9cialement formul\u00e9 pour les assemblages \u00e9lectroniques sensibles. D\u00e9couvrez tout ce que vous devez savoir \u00e0 ce sujet.\",\"breadcrumb\":{\"@id\":\"https:\\\/\\\/www.credimex.ch\\\/fr\\\/produit\\\/cht-as1700-2\\\/#breadcrumb\"},\"inLanguage\":\"fr-FR\",\"potentialAction\":[{\"@type\":\"ReadAction\",\"target\":[\"https:\\\/\\\/www.credimex.ch\\\/fr\\\/produit\\\/cht-as1700-2\\\/\"]}]},{\"@type\":\"ImageObject\",\"inLanguage\":\"fr-FR\",\"@id\":\"https:\\\/\\\/www.credimex.ch\\\/fr\\\/produit\\\/cht-as1700-2\\\/#primaryimage\",\"url\":\"https:\\\/\\\/www.credimex.ch\\\/wp-content\\\/uploads\\\/2022\\\/06\\\/752229_1.webp\",\"contentUrl\":\"https:\\\/\\\/www.credimex.ch\\\/wp-content\\\/uploads\\\/2022\\\/06\\\/752229_1.webp\",\"width\":640,\"height\":480},{\"@type\":\"BreadcrumbList\",\"@id\":\"https:\\\/\\\/www.credimex.ch\\\/fr\\\/produit\\\/cht-as1700-2\\\/#breadcrumb\",\"itemListElement\":[{\"@type\":\"ListItem\",\"position\":1,\"name\":\"Home\",\"item\":\"https:\\\/\\\/www.credimex.ch\\\/fr\\\/\"},{\"@type\":\"ListItem\",\"position\":2,\"name\":\"Produits\",\"item\":\"https:\\\/\\\/www.credimex.ch\\\/fr\\\/produits\\\/\"},{\"@type\":\"ListItem\",\"position\":3,\"name\":\"CHT AS1700\"}]},{\"@type\":\"WebSite\",\"@id\":\"https:\\\/\\\/www.credimex.ch\\\/fr\\\/#website\",\"url\":\"https:\\\/\\\/www.credimex.ch\\\/fr\\\/\",\"name\":\"CREDIMEX\",\"description\":\"Partner of Swiss Industrial Market\",\"publisher\":{\"@id\":\"https:\\\/\\\/www.credimex.ch\\\/fr\\\/#organization\"},\"potentialAction\":[{\"@type\":\"SearchAction\",\"target\":{\"@type\":\"EntryPoint\",\"urlTemplate\":\"https:\\\/\\\/www.credimex.ch\\\/fr\\\/?s={search_term_string}\"},\"query-input\":{\"@type\":\"PropertyValueSpecification\",\"valueRequired\":true,\"valueName\":\"search_term_string\"}}],\"inLanguage\":\"fr-FR\"},{\"@type\":\"Organization\",\"@id\":\"https:\\\/\\\/www.credimex.ch\\\/fr\\\/#organization\",\"name\":\"credimex\",\"url\":\"https:\\\/\\\/www.credimex.ch\\\/fr\\\/\",\"logo\":{\"@type\":\"ImageObject\",\"inLanguage\":\"fr-FR\",\"@id\":\"https:\\\/\\\/www.credimex.ch\\\/fr\\\/#\\\/schema\\\/logo\\\/image\\\/\",\"url\":\"https:\\\/\\\/www.credimex.ch\\\/wp-content\\\/uploads\\\/2022\\\/03\\\/cropped-logo-credimex.png\",\"contentUrl\":\"https:\\\/\\\/www.credimex.ch\\\/wp-content\\\/uploads\\\/2022\\\/03\\\/cropped-logo-credimex.png\",\"width\":512,\"height\":512,\"caption\":\"credimex\"},\"image\":{\"@id\":\"https:\\\/\\\/www.credimex.ch\\\/fr\\\/#\\\/schema\\\/logo\\\/image\\\/\"},\"sameAs\":[\"https:\\\/\\\/www.facebook.com\\\/credimex.alpnach\\\/\",\"https:\\\/\\\/www.linkedin.com\\\/company\\\/credimex\\\/\",\"https:\\\/\\\/www.youtube.com\\\/@CREDIMEX?sub_confirmation=1\"]}]}<\/script>\n<!-- \/ Yoast SEO Premium plugin. -->","yoast_head_json":{"title":"CHT AS1700 - CREDIMEX","description":"CHT AS1700 est un scellant adh\u00e9sif thixotropique ignifuge neutre, sp\u00e9cialement formul\u00e9 pour les assemblages \u00e9lectroniques sensibles. D\u00e9couvrez tout ce que vous devez savoir \u00e0 ce sujet.","robots":{"index":"index","follow":"follow","max-snippet":"max-snippet:-1","max-image-preview":"max-image-preview:large","max-video-preview":"max-video-preview:-1"},"canonical":"https:\/\/www.credimex.ch\/fr\/produit\/cht-as1700-2\/","og_locale":"fr_FR","og_type":"article","og_title":"CHT AS1700","og_description":"CHT AS1700 est un scellant adh\u00e9sif thixotropique ignifuge neutre, sp\u00e9cialement formul\u00e9 pour les assemblages \u00e9lectroniques sensibles. D\u00e9couvrez tout ce que vous devez savoir \u00e0 ce sujet.","og_url":"https:\/\/www.credimex.ch\/fr\/produit\/cht-as1700-2\/","og_site_name":"CREDIMEX","article_publisher":"https:\/\/www.facebook.com\/credimex.alpnach\/","og_image":[{"width":640,"height":480,"url":"https:\/\/www.credimex.ch\/wp-content\/uploads\/2022\/06\/752229_1.webp","type":"image\/webp"}],"twitter_card":"summary_large_image","twitter_misc":{"Dur\u00e9e de lecture estim\u00e9e":"1 minute"},"schema":{"@context":"https:\/\/schema.org","@graph":[{"@type":"WebPage","@id":"https:\/\/www.credimex.ch\/fr\/produit\/cht-as1700-2\/","url":"https:\/\/www.credimex.ch\/fr\/produit\/cht-as1700-2\/","name":"CHT AS1700 - CREDIMEX","isPartOf":{"@id":"https:\/\/www.credimex.ch\/fr\/#website"},"primaryImageOfPage":{"@id":"https:\/\/www.credimex.ch\/fr\/produit\/cht-as1700-2\/#primaryimage"},"image":{"@id":"https:\/\/www.credimex.ch\/fr\/produit\/cht-as1700-2\/#primaryimage"},"thumbnailUrl":"https:\/\/www.credimex.ch\/wp-content\/uploads\/2022\/06\/752229_1.webp","datePublished":"2022-06-07T11:11:46+00:00","description":"CHT AS1700 est un scellant adh\u00e9sif thixotropique ignifuge neutre, sp\u00e9cialement formul\u00e9 pour les assemblages \u00e9lectroniques sensibles. D\u00e9couvrez tout ce que vous devez savoir \u00e0 ce sujet.","breadcrumb":{"@id":"https:\/\/www.credimex.ch\/fr\/produit\/cht-as1700-2\/#breadcrumb"},"inLanguage":"fr-FR","potentialAction":[{"@type":"ReadAction","target":["https:\/\/www.credimex.ch\/fr\/produit\/cht-as1700-2\/"]}]},{"@type":"ImageObject","inLanguage":"fr-FR","@id":"https:\/\/www.credimex.ch\/fr\/produit\/cht-as1700-2\/#primaryimage","url":"https:\/\/www.credimex.ch\/wp-content\/uploads\/2022\/06\/752229_1.webp","contentUrl":"https:\/\/www.credimex.ch\/wp-content\/uploads\/2022\/06\/752229_1.webp","width":640,"height":480},{"@type":"BreadcrumbList","@id":"https:\/\/www.credimex.ch\/fr\/produit\/cht-as1700-2\/#breadcrumb","itemListElement":[{"@type":"ListItem","position":1,"name":"Home","item":"https:\/\/www.credimex.ch\/fr\/"},{"@type":"ListItem","position":2,"name":"Produits","item":"https:\/\/www.credimex.ch\/fr\/produits\/"},{"@type":"ListItem","position":3,"name":"CHT AS1700"}]},{"@type":"WebSite","@id":"https:\/\/www.credimex.ch\/fr\/#website","url":"https:\/\/www.credimex.ch\/fr\/","name":"CREDIMEX","description":"Partner of Swiss Industrial Market","publisher":{"@id":"https:\/\/www.credimex.ch\/fr\/#organization"},"potentialAction":[{"@type":"SearchAction","target":{"@type":"EntryPoint","urlTemplate":"https:\/\/www.credimex.ch\/fr\/?s={search_term_string}"},"query-input":{"@type":"PropertyValueSpecification","valueRequired":true,"valueName":"search_term_string"}}],"inLanguage":"fr-FR"},{"@type":"Organization","@id":"https:\/\/www.credimex.ch\/fr\/#organization","name":"credimex","url":"https:\/\/www.credimex.ch\/fr\/","logo":{"@type":"ImageObject","inLanguage":"fr-FR","@id":"https:\/\/www.credimex.ch\/fr\/#\/schema\/logo\/image\/","url":"https:\/\/www.credimex.ch\/wp-content\/uploads\/2022\/03\/cropped-logo-credimex.png","contentUrl":"https:\/\/www.credimex.ch\/wp-content\/uploads\/2022\/03\/cropped-logo-credimex.png","width":512,"height":512,"caption":"credimex"},"image":{"@id":"https:\/\/www.credimex.ch\/fr\/#\/schema\/logo\/image\/"},"sameAs":["https:\/\/www.facebook.com\/credimex.alpnach\/","https:\/\/www.linkedin.com\/company\/credimex\/","https:\/\/www.youtube.com\/@CREDIMEX?sub_confirmation=1"]}]}},"_links":{"self":[{"href":"https:\/\/www.credimex.ch\/fr\/wp-json\/wp\/v2\/product\/4233","targetHints":{"allow":["GET"]}}],"collection":[{"href":"https:\/\/www.credimex.ch\/fr\/wp-json\/wp\/v2\/product"}],"about":[{"href":"https:\/\/www.credimex.ch\/fr\/wp-json\/wp\/v2\/types\/product"}],"replies":[{"embeddable":true,"href":"https:\/\/www.credimex.ch\/fr\/wp-json\/wp\/v2\/comments?post=4233"}],"wp:featuredmedia":[{"embeddable":true,"href":"https:\/\/www.credimex.ch\/fr\/wp-json\/wp\/v2\/media\/3118"}],"wp:attachment":[{"href":"https:\/\/www.credimex.ch\/fr\/wp-json\/wp\/v2\/media?parent=4233"}],"wp:term":[{"taxonomy":"product_brand","embeddable":true,"href":"https:\/\/www.credimex.ch\/fr\/wp-json\/wp\/v2\/product_brand?post=4233"},{"taxonomy":"product_cat","embeddable":true,"href":"https:\/\/www.credimex.ch\/fr\/wp-json\/wp\/v2\/product_cat?post=4233"},{"taxonomy":"product_tag","embeddable":true,"href":"https:\/\/www.credimex.ch\/fr\/wp-json\/wp\/v2\/product_tag?post=4233"}],"curies":[{"name":"wp","href":"https:\/\/api.w.org\/{rel}","templated":true}]}}