{"id":4239,"date":"2022-06-07T10:12:50","date_gmt":"2022-06-07T08:12:50","guid":{"rendered":"https:\/\/www.credimex.ch.mialias.net\/product\/merbenit-fs30\/"},"modified":"2025-09-04T13:16:18","modified_gmt":"2025-09-04T11:16:18","slug":"gomastit-fire-seal-ms90","status":"publish","type":"product","link":"https:\/\/www.credimex.ch\/fr\/produit\/gomastit-fire-seal-ms90\/","title":{"rendered":"GOMASTIT Fire Seal MS90"},"content":{"rendered":"<h2>Description<\/h2>\n<p><span style=\"font-weight: 400;\">Gomastit FireSeal MS 90 est un mastic \u00e9lastique ignifuge compatible avec les peintures. Il adh\u00e8re \u00e0 de nombreux mat\u00e9riaux et surfaces diff\u00e9rents.<\/span><\/p>\n<h2>Avantages du produit<\/h2>\n<ul>\n<li>Mono-composant<\/li>\n<li>R\u00e9sistance au feu jusqu&rsquo;\u00e0 120 min<\/li>\n<li>Indice d&rsquo;incendie 5,3<\/li>\n<li>Faible inflammabilit\u00e9<\/li>\n<li>Faible formation de fum\u00e9e<\/li>\n<li>Compatible avec la peinture<\/li>\n<li>R\u00e9tr\u00e9cissement \u00e0 faible volume<\/li>\n<li>Tr\u00e8s bonnes propri\u00e9t\u00e9s d&rsquo;\u00e9tanch\u00e9it\u00e9<\/li>\n<li>Sans solvant, isocyanate ou silicone<\/li>\n<li>Traitement facile<\/li>\n<li>Faible odeur<\/li>\n<li>Tr\u00e8s bien adapt\u00e9 \u00e0 Minergie-ECO<\/li>\n<li>Tr\u00e8s large gamme d&rsquo;adh\u00e9sion<\/li>\n<li>Tr\u00e9s bonnes propri\u00e9t\u00e9s d&rsquo;\u00e9tanch\u00e9it\u00e9<\/li>\n<\/ul>\n<h2>Application<\/h2>\n<p>Examples d&rsquo;application Convient pour les joints dans les \u00e9l\u00e9ments de construction non porteurs avec des exigences de r\u00e9sistance au feu. Le produit d&rsquo;\u00e9tanch\u00e9it\u00e9 convient pour les joints lin\u00e9aires<\/p>\n","protected":false},"excerpt":{"rendered":"<p><span style=\"font-weight: 400;\"><strong>Gomastit FireSeal MS 90<\/strong> est un mastic \u00e9lastique ignifuge pour toutes les orientations de joints conform\u00e9ment \u00e0 la norme EN 1366-4.<\/span><\/p>\n","protected":false},"featured_media":9332,"comment_status":"open","ping_status":"closed","template":"","meta":{"_acf_changed":false},"product_brand":[],"product_cat":[518,452,340,411,384,375,360,517,412],"product_tag":[],"class_list":{"0":"post-4239","1":"product","2":"type-product","3":"status-publish","4":"has-post-thumbnail","6":"product_cat-adhesif-smp","7":"product_cat-adhesifs-et-mastics","8":"product_cat-automobile","9":"product_cat-electronique","10":"product_cat-energie","11":"product_cat-ferroviaire","12":"product_cat-industrie-generale","13":"product_cat-merbenit-fr","14":"product_cat-telepheriques","15":"pa_brands-merbenit-fr","17":"first","18":"instock","19":"shipping-taxable","20":"product-type-simple"},"acf":[],"_yoast_wpseo_focuskw":"GOMASTIT Fire Seal MS 90","_yoast_wpseo_metadesc":"Gomastit FireSeal MS 90 est un mastic \u00e9lastique ignifuge pour toutes les orientations de joints conform\u00e9ment \u00e0 la norme EN 1366-4.","yoast_head":"<!-- This site is optimized with the Yoast SEO Premium plugin v21.6 (Yoast SEO v27.4) - https:\/\/yoast.com\/product\/yoast-seo-premium-wordpress\/ -->\n<title>GOMASTIT Fire Seal MS90 - CREDIMEX<\/title>\n<meta name=\"description\" content=\"Gomastit FireSeal MS 90 est un mastic \u00e9lastique ignifuge pour toutes les orientations de joints conform\u00e9ment \u00e0 la norme EN 1366-4.\" \/>\n<meta name=\"robots\" content=\"index, follow, max-snippet:-1, max-image-preview:large, max-video-preview:-1\" \/>\n<link rel=\"canonical\" href=\"https:\/\/www.credimex.ch\/fr\/produit\/gomastit-fire-seal-ms90\/\" \/>\n<meta property=\"og:locale\" content=\"fr_FR\" \/>\n<meta property=\"og:type\" content=\"article\" \/>\n<meta property=\"og:title\" content=\"GOMASTIT Fire Seal MS90\" \/>\n<meta property=\"og:description\" content=\"Gomastit FireSeal MS 90 est un mastic \u00e9lastique ignifuge pour toutes les orientations de joints conform\u00e9ment \u00e0 la norme EN 1366-4.\" \/>\n<meta property=\"og:url\" content=\"https:\/\/www.credimex.ch\/fr\/produit\/gomastit-fire-seal-ms90\/\" \/>\n<meta property=\"og:site_name\" content=\"CREDIMEX\" \/>\n<meta property=\"article:publisher\" content=\"https:\/\/www.facebook.com\/credimex.alpnach\/\" \/>\n<meta property=\"article:modified_time\" content=\"2025-09-04T11:16:18+00:00\" \/>\n<meta property=\"og:image\" content=\"https:\/\/www.credimex.ch\/wp-content\/uploads\/2022\/06\/Gomastit_FireSeal_MS_90.webp\" \/>\n\t<meta property=\"og:image:width\" content=\"700\" \/>\n\t<meta property=\"og:image:height\" content=\"700\" \/>\n\t<meta property=\"og:image:type\" content=\"image\/webp\" \/>\n<meta name=\"twitter:card\" content=\"summary_large_image\" \/>\n<meta name=\"twitter:label1\" content=\"Dur\u00e9e de lecture estim\u00e9e\" \/>\n\t<meta name=\"twitter:data1\" content=\"1 minute\" \/>\n<script type=\"application\/ld+json\" class=\"yoast-schema-graph\">{\"@context\":\"https:\\\/\\\/schema.org\",\"@graph\":[{\"@type\":\"WebPage\",\"@id\":\"https:\\\/\\\/www.credimex.ch\\\/fr\\\/produit\\\/gomastit-fire-seal-ms90\\\/\",\"url\":\"https:\\\/\\\/www.credimex.ch\\\/fr\\\/produit\\\/gomastit-fire-seal-ms90\\\/\",\"name\":\"GOMASTIT Fire Seal MS90 - CREDIMEX\",\"isPartOf\":{\"@id\":\"https:\\\/\\\/www.credimex.ch\\\/fr\\\/#website\"},\"primaryImageOfPage\":{\"@id\":\"https:\\\/\\\/www.credimex.ch\\\/fr\\\/produit\\\/gomastit-fire-seal-ms90\\\/#primaryimage\"},\"image\":{\"@id\":\"https:\\\/\\\/www.credimex.ch\\\/fr\\\/produit\\\/gomastit-fire-seal-ms90\\\/#primaryimage\"},\"thumbnailUrl\":\"https:\\\/\\\/www.credimex.ch\\\/wp-content\\\/uploads\\\/2022\\\/06\\\/Gomastit_FireSeal_MS_90.webp\",\"datePublished\":\"2022-06-07T08:12:50+00:00\",\"dateModified\":\"2025-09-04T11:16:18+00:00\",\"description\":\"Gomastit FireSeal MS 90 est un mastic \u00e9lastique ignifuge pour toutes les orientations de joints conform\u00e9ment \u00e0 la norme EN 1366-4.\",\"breadcrumb\":{\"@id\":\"https:\\\/\\\/www.credimex.ch\\\/fr\\\/produit\\\/gomastit-fire-seal-ms90\\\/#breadcrumb\"},\"inLanguage\":\"fr-FR\",\"potentialAction\":[{\"@type\":\"ReadAction\",\"target\":[\"https:\\\/\\\/www.credimex.ch\\\/fr\\\/produit\\\/gomastit-fire-seal-ms90\\\/\"]}]},{\"@type\":\"ImageObject\",\"inLanguage\":\"fr-FR\",\"@id\":\"https:\\\/\\\/www.credimex.ch\\\/fr\\\/produit\\\/gomastit-fire-seal-ms90\\\/#primaryimage\",\"url\":\"https:\\\/\\\/www.credimex.ch\\\/wp-content\\\/uploads\\\/2022\\\/06\\\/Gomastit_FireSeal_MS_90.webp\",\"contentUrl\":\"https:\\\/\\\/www.credimex.ch\\\/wp-content\\\/uploads\\\/2022\\\/06\\\/Gomastit_FireSeal_MS_90.webp\",\"width\":700,\"height\":700},{\"@type\":\"BreadcrumbList\",\"@id\":\"https:\\\/\\\/www.credimex.ch\\\/fr\\\/produit\\\/gomastit-fire-seal-ms90\\\/#breadcrumb\",\"itemListElement\":[{\"@type\":\"ListItem\",\"position\":1,\"name\":\"Home\",\"item\":\"https:\\\/\\\/www.credimex.ch\\\/fr\\\/\"},{\"@type\":\"ListItem\",\"position\":2,\"name\":\"Produits\",\"item\":\"https:\\\/\\\/www.credimex.ch\\\/fr\\\/produits\\\/\"},{\"@type\":\"ListItem\",\"position\":3,\"name\":\"GOMASTIT Fire Seal MS90\"}]},{\"@type\":\"WebSite\",\"@id\":\"https:\\\/\\\/www.credimex.ch\\\/fr\\\/#website\",\"url\":\"https:\\\/\\\/www.credimex.ch\\\/fr\\\/\",\"name\":\"CREDIMEX\",\"description\":\"Partner of Swiss Industrial Market\",\"publisher\":{\"@id\":\"https:\\\/\\\/www.credimex.ch\\\/fr\\\/#organization\"},\"potentialAction\":[{\"@type\":\"SearchAction\",\"target\":{\"@type\":\"EntryPoint\",\"urlTemplate\":\"https:\\\/\\\/www.credimex.ch\\\/fr\\\/?s={search_term_string}\"},\"query-input\":{\"@type\":\"PropertyValueSpecification\",\"valueRequired\":true,\"valueName\":\"search_term_string\"}}],\"inLanguage\":\"fr-FR\"},{\"@type\":\"Organization\",\"@id\":\"https:\\\/\\\/www.credimex.ch\\\/fr\\\/#organization\",\"name\":\"credimex\",\"url\":\"https:\\\/\\\/www.credimex.ch\\\/fr\\\/\",\"logo\":{\"@type\":\"ImageObject\",\"inLanguage\":\"fr-FR\",\"@id\":\"https:\\\/\\\/www.credimex.ch\\\/fr\\\/#\\\/schema\\\/logo\\\/image\\\/\",\"url\":\"https:\\\/\\\/www.credimex.ch\\\/wp-content\\\/uploads\\\/2022\\\/03\\\/cropped-logo-credimex.png\",\"contentUrl\":\"https:\\\/\\\/www.credimex.ch\\\/wp-content\\\/uploads\\\/2022\\\/03\\\/cropped-logo-credimex.png\",\"width\":512,\"height\":512,\"caption\":\"credimex\"},\"image\":{\"@id\":\"https:\\\/\\\/www.credimex.ch\\\/fr\\\/#\\\/schema\\\/logo\\\/image\\\/\"},\"sameAs\":[\"https:\\\/\\\/www.facebook.com\\\/credimex.alpnach\\\/\",\"https:\\\/\\\/www.linkedin.com\\\/company\\\/credimex\\\/\",\"https:\\\/\\\/www.youtube.com\\\/@CREDIMEX?sub_confirmation=1\"]}]}<\/script>\n<!-- \/ Yoast SEO Premium plugin. -->","yoast_head_json":{"title":"GOMASTIT Fire Seal MS90 - CREDIMEX","description":"Gomastit FireSeal MS 90 est un mastic \u00e9lastique ignifuge pour toutes les orientations de joints conform\u00e9ment \u00e0 la norme EN 1366-4.","robots":{"index":"index","follow":"follow","max-snippet":"max-snippet:-1","max-image-preview":"max-image-preview:large","max-video-preview":"max-video-preview:-1"},"canonical":"https:\/\/www.credimex.ch\/fr\/produit\/gomastit-fire-seal-ms90\/","og_locale":"fr_FR","og_type":"article","og_title":"GOMASTIT Fire Seal MS90","og_description":"Gomastit FireSeal MS 90 est un mastic \u00e9lastique ignifuge pour toutes les orientations de joints conform\u00e9ment \u00e0 la norme EN 1366-4.","og_url":"https:\/\/www.credimex.ch\/fr\/produit\/gomastit-fire-seal-ms90\/","og_site_name":"CREDIMEX","article_publisher":"https:\/\/www.facebook.com\/credimex.alpnach\/","article_modified_time":"2025-09-04T11:16:18+00:00","og_image":[{"width":700,"height":700,"url":"https:\/\/www.credimex.ch\/wp-content\/uploads\/2022\/06\/Gomastit_FireSeal_MS_90.webp","type":"image\/webp"}],"twitter_card":"summary_large_image","twitter_misc":{"Dur\u00e9e de lecture estim\u00e9e":"1 minute"},"schema":{"@context":"https:\/\/schema.org","@graph":[{"@type":"WebPage","@id":"https:\/\/www.credimex.ch\/fr\/produit\/gomastit-fire-seal-ms90\/","url":"https:\/\/www.credimex.ch\/fr\/produit\/gomastit-fire-seal-ms90\/","name":"GOMASTIT Fire Seal MS90 - CREDIMEX","isPartOf":{"@id":"https:\/\/www.credimex.ch\/fr\/#website"},"primaryImageOfPage":{"@id":"https:\/\/www.credimex.ch\/fr\/produit\/gomastit-fire-seal-ms90\/#primaryimage"},"image":{"@id":"https:\/\/www.credimex.ch\/fr\/produit\/gomastit-fire-seal-ms90\/#primaryimage"},"thumbnailUrl":"https:\/\/www.credimex.ch\/wp-content\/uploads\/2022\/06\/Gomastit_FireSeal_MS_90.webp","datePublished":"2022-06-07T08:12:50+00:00","dateModified":"2025-09-04T11:16:18+00:00","description":"Gomastit FireSeal MS 90 est un mastic \u00e9lastique ignifuge pour toutes les orientations de joints conform\u00e9ment \u00e0 la norme EN 1366-4.","breadcrumb":{"@id":"https:\/\/www.credimex.ch\/fr\/produit\/gomastit-fire-seal-ms90\/#breadcrumb"},"inLanguage":"fr-FR","potentialAction":[{"@type":"ReadAction","target":["https:\/\/www.credimex.ch\/fr\/produit\/gomastit-fire-seal-ms90\/"]}]},{"@type":"ImageObject","inLanguage":"fr-FR","@id":"https:\/\/www.credimex.ch\/fr\/produit\/gomastit-fire-seal-ms90\/#primaryimage","url":"https:\/\/www.credimex.ch\/wp-content\/uploads\/2022\/06\/Gomastit_FireSeal_MS_90.webp","contentUrl":"https:\/\/www.credimex.ch\/wp-content\/uploads\/2022\/06\/Gomastit_FireSeal_MS_90.webp","width":700,"height":700},{"@type":"BreadcrumbList","@id":"https:\/\/www.credimex.ch\/fr\/produit\/gomastit-fire-seal-ms90\/#breadcrumb","itemListElement":[{"@type":"ListItem","position":1,"name":"Home","item":"https:\/\/www.credimex.ch\/fr\/"},{"@type":"ListItem","position":2,"name":"Produits","item":"https:\/\/www.credimex.ch\/fr\/produits\/"},{"@type":"ListItem","position":3,"name":"GOMASTIT Fire Seal MS90"}]},{"@type":"WebSite","@id":"https:\/\/www.credimex.ch\/fr\/#website","url":"https:\/\/www.credimex.ch\/fr\/","name":"CREDIMEX","description":"Partner of Swiss Industrial Market","publisher":{"@id":"https:\/\/www.credimex.ch\/fr\/#organization"},"potentialAction":[{"@type":"SearchAction","target":{"@type":"EntryPoint","urlTemplate":"https:\/\/www.credimex.ch\/fr\/?s={search_term_string}"},"query-input":{"@type":"PropertyValueSpecification","valueRequired":true,"valueName":"search_term_string"}}],"inLanguage":"fr-FR"},{"@type":"Organization","@id":"https:\/\/www.credimex.ch\/fr\/#organization","name":"credimex","url":"https:\/\/www.credimex.ch\/fr\/","logo":{"@type":"ImageObject","inLanguage":"fr-FR","@id":"https:\/\/www.credimex.ch\/fr\/#\/schema\/logo\/image\/","url":"https:\/\/www.credimex.ch\/wp-content\/uploads\/2022\/03\/cropped-logo-credimex.png","contentUrl":"https:\/\/www.credimex.ch\/wp-content\/uploads\/2022\/03\/cropped-logo-credimex.png","width":512,"height":512,"caption":"credimex"},"image":{"@id":"https:\/\/www.credimex.ch\/fr\/#\/schema\/logo\/image\/"},"sameAs":["https:\/\/www.facebook.com\/credimex.alpnach\/","https:\/\/www.linkedin.com\/company\/credimex\/","https:\/\/www.youtube.com\/@CREDIMEX?sub_confirmation=1"]}]}},"_links":{"self":[{"href":"https:\/\/www.credimex.ch\/fr\/wp-json\/wp\/v2\/product\/4239","targetHints":{"allow":["GET"]}}],"collection":[{"href":"https:\/\/www.credimex.ch\/fr\/wp-json\/wp\/v2\/product"}],"about":[{"href":"https:\/\/www.credimex.ch\/fr\/wp-json\/wp\/v2\/types\/product"}],"replies":[{"embeddable":true,"href":"https:\/\/www.credimex.ch\/fr\/wp-json\/wp\/v2\/comments?post=4239"}],"wp:featuredmedia":[{"embeddable":true,"href":"https:\/\/www.credimex.ch\/fr\/wp-json\/wp\/v2\/media\/9332"}],"wp:attachment":[{"href":"https:\/\/www.credimex.ch\/fr\/wp-json\/wp\/v2\/media?parent=4239"}],"wp:term":[{"taxonomy":"product_brand","embeddable":true,"href":"https:\/\/www.credimex.ch\/fr\/wp-json\/wp\/v2\/product_brand?post=4239"},{"taxonomy":"product_cat","embeddable":true,"href":"https:\/\/www.credimex.ch\/fr\/wp-json\/wp\/v2\/product_cat?post=4239"},{"taxonomy":"product_tag","embeddable":true,"href":"https:\/\/www.credimex.ch\/fr\/wp-json\/wp\/v2\/product_tag?post=4239"}],"curies":[{"name":"wp","href":"https:\/\/api.w.org\/{rel}","templated":true}]}}