{"id":4243,"date":"2022-06-07T09:49:05","date_gmt":"2022-06-07T07:49:05","guid":{"rendered":"https:\/\/www.credimex.ch.mialias.net\/product\/merbenit-sf50\/"},"modified":"2022-06-07T09:49:05","modified_gmt":"2022-06-07T07:49:05","slug":"merbenit-sf50-2","status":"publish","type":"product","link":"https:\/\/www.credimex.ch\/fr\/produit\/merbenit-sf50-2\/","title":{"rendered":"Merbenit SF50"},"content":{"rendered":"<h2>Description<\/h2>\n<p>Merbenit SF50 est un adh\u00e9sif flexible permanent avec une r\u00e9sistance \u00e9lev\u00e9e et particuli\u00e8rement rapide. Il adh\u00e8re gr\u00e2ce \u00e0 la base SMP \u00e0 divers mat\u00e9riaux et surfaces.<\/p>\n<h2>Avantages du produit<\/h2>\n<ul>\n<li>R\u00e9ticulation rapide, m\u00eame \u00e0 basse temp\u00e9rature<\/li>\n<li>R\u00e9sistance finale \u00e9lev\u00e9e<\/li>\n<li>Traitement simple<\/li>\n<li>Exempt de solvants, d&rsquo;isocyanates et de silicones.<\/li>\n<li>Tr\u00e8s large gamme d&rsquo;adh\u00e9rence<\/li>\n<li>Inodore<\/li>\n<li>Polym\u00e9risation chimique neutre<\/li>\n<li>Compatible avec les peintures<\/li>\n<li>R\u00e9sistance \u00e0 court terme jusqu&rsquo;\u00e0 +200\u00b0C pour le rev\u00eatement en poudre et thermique<\/li>\n<li>R\u00e9glable<\/li>\n<li>Elasticit\u00e9 permanente de &#8211; 40\u00b0C \u00e0 + 90\u00b0C<\/li>\n<li>Tr\u00e8s bonnes propri\u00e9t\u00e9s d&rsquo;\u00e9tanch\u00e9it\u00e9<\/li>\n<li>Non-corrosif sur les surfaces<\/li>\n<li>R\u00e9sistance aux impacts et aux vibrations (absorption des chocs)<\/li>\n<li>Tr\u00e8s bien adapt\u00e9 \u00e0 Minergie-ECO<\/li>\n<\/ul>\n<h2>Application<\/h2>\n<p>Collage flexible dans les domaines de la construction m\u00e9tallique, d&rsquo;appareils et de machines, de la technologie des mati\u00e8res plastiques, des syst\u00e8mes de climatisation et de ventilation, de la carrosserie automobile, de la construction de wagons, de v\u00e9hicules et de conteneurs. Gr\u00e2ce \u00e0 une r\u00e9ticulation rapide, il est possible de coller des pi\u00e8ces dans un processus de travail continu. La polym\u00e9risation neutre permet une connexion sans pr\u00e9traitement thermique ou chimique des pi\u00e8ces d&rsquo;assemblage. Tol\u00e9rances de contrepoids.<\/p>\n","protected":false},"excerpt":{"rendered":"<p>L&rsquo;adh\u00e9sif et le produit d&rsquo;\u00e9tanch\u00e9it\u00e9 <strong>Merbenit SF50<\/strong> hybride \u00e0 base de MS-Polym\u00e8re \u00e0 \u00e9lasticit\u00e9 permanente pr\u00e9sente une r\u00e9sistance \u00e0 l&rsquo;accumulation extr\u00eamement rapide combin\u00e9e \u00e0 une r\u00e9sistance \u00e0 la d\u00e9chirure \u00e9lev\u00e9e.<\/p>\n","protected":false},"featured_media":9329,"comment_status":"open","ping_status":"closed","template":"","meta":{"_acf_changed":false},"product_brand":[],"product_cat":[518,452,340,411,384,375,360,517,412],"product_tag":[],"class_list":{"0":"post-4243","1":"product","2":"type-product","3":"status-publish","4":"has-post-thumbnail","6":"product_cat-adhesif-smp","7":"product_cat-adhesifs-et-mastics","8":"product_cat-automobile","9":"product_cat-electronique","10":"product_cat-energie","11":"product_cat-ferroviaire","12":"product_cat-industrie-generale","13":"product_cat-merbenit-fr","14":"product_cat-telepheriques","15":"pa_brands-merbenit-fr","17":"first","18":"instock","19":"shipping-taxable","20":"product-type-simple"},"acf":[],"_yoast_wpseo_focuskw":"Merbenit SF50","_yoast_wpseo_metadesc":"L'adh\u00e9sif et le produit d'\u00e9tanch\u00e9it\u00e9 Merbenit SF50 hybride \u00e0 base de MS-Polym\u00e8re \u00e0 \u00e9lasticit\u00e9 permanente pr\u00e9sente une r\u00e9sistance \u00e0 l'accumulation extr\u00eamement rapide combin\u00e9e \u00e0 une r\u00e9sistance \u00e0 la d\u00e9chirure \u00e9lev\u00e9e.","yoast_head":"<!-- This site is optimized with the Yoast SEO Premium plugin v21.6 (Yoast SEO v27.4) - https:\/\/yoast.com\/product\/yoast-seo-premium-wordpress\/ -->\n<title>Merbenit SF50 - CREDIMEX<\/title>\n<meta name=\"description\" content=\"L&#039;adh\u00e9sif et le produit d&#039;\u00e9tanch\u00e9it\u00e9 Merbenit SF50 hybride \u00e0 base de MS-Polym\u00e8re \u00e0 \u00e9lasticit\u00e9 permanente pr\u00e9sente une r\u00e9sistance \u00e0 l&#039;accumulation extr\u00eamement rapide combin\u00e9e \u00e0 une r\u00e9sistance \u00e0 la d\u00e9chirure \u00e9lev\u00e9e.\" \/>\n<meta name=\"robots\" content=\"index, follow, max-snippet:-1, max-image-preview:large, max-video-preview:-1\" \/>\n<link rel=\"canonical\" href=\"https:\/\/www.credimex.ch\/fr\/produit\/merbenit-sf50-2\/\" \/>\n<meta property=\"og:locale\" content=\"fr_FR\" \/>\n<meta property=\"og:type\" content=\"article\" \/>\n<meta property=\"og:title\" content=\"Merbenit SF50\" \/>\n<meta property=\"og:description\" content=\"L&#039;adh\u00e9sif et le produit d&#039;\u00e9tanch\u00e9it\u00e9 Merbenit SF50 hybride \u00e0 base de MS-Polym\u00e8re \u00e0 \u00e9lasticit\u00e9 permanente pr\u00e9sente une r\u00e9sistance \u00e0 l&#039;accumulation extr\u00eamement rapide combin\u00e9e \u00e0 une r\u00e9sistance \u00e0 la d\u00e9chirure \u00e9lev\u00e9e.\" \/>\n<meta property=\"og:url\" content=\"https:\/\/www.credimex.ch\/fr\/produit\/merbenit-sf50-2\/\" \/>\n<meta property=\"og:site_name\" content=\"CREDIMEX\" \/>\n<meta property=\"article:publisher\" content=\"https:\/\/www.facebook.com\/credimex.alpnach\/\" \/>\n<meta property=\"og:image\" content=\"https:\/\/www.credimex.ch\/wp-content\/uploads\/2022\/06\/MERBENIT_SF_50_th8-e1654588126129.jpeg\" \/>\n\t<meta property=\"og:image:width\" content=\"500\" \/>\n\t<meta property=\"og:image:height\" content=\"500\" \/>\n\t<meta property=\"og:image:type\" content=\"image\/jpeg\" \/>\n<meta name=\"twitter:card\" content=\"summary_large_image\" \/>\n<meta name=\"twitter:label1\" content=\"Dur\u00e9e de lecture estim\u00e9e\" \/>\n\t<meta name=\"twitter:data1\" content=\"1 minute\" \/>\n<script type=\"application\/ld+json\" class=\"yoast-schema-graph\">{\"@context\":\"https:\\\/\\\/schema.org\",\"@graph\":[{\"@type\":\"WebPage\",\"@id\":\"https:\\\/\\\/www.credimex.ch\\\/fr\\\/produit\\\/merbenit-sf50-2\\\/\",\"url\":\"https:\\\/\\\/www.credimex.ch\\\/fr\\\/produit\\\/merbenit-sf50-2\\\/\",\"name\":\"Merbenit SF50 - CREDIMEX\",\"isPartOf\":{\"@id\":\"https:\\\/\\\/www.credimex.ch\\\/fr\\\/#website\"},\"primaryImageOfPage\":{\"@id\":\"https:\\\/\\\/www.credimex.ch\\\/fr\\\/produit\\\/merbenit-sf50-2\\\/#primaryimage\"},\"image\":{\"@id\":\"https:\\\/\\\/www.credimex.ch\\\/fr\\\/produit\\\/merbenit-sf50-2\\\/#primaryimage\"},\"thumbnailUrl\":\"https:\\\/\\\/www.credimex.ch\\\/wp-content\\\/uploads\\\/2022\\\/06\\\/Merbenit_SF50.webp\",\"datePublished\":\"2022-06-07T07:49:05+00:00\",\"description\":\"L'adh\u00e9sif et le produit d'\u00e9tanch\u00e9it\u00e9 Merbenit SF50 hybride \u00e0 base de MS-Polym\u00e8re \u00e0 \u00e9lasticit\u00e9 permanente pr\u00e9sente une r\u00e9sistance \u00e0 l'accumulation extr\u00eamement rapide combin\u00e9e \u00e0 une r\u00e9sistance \u00e0 la d\u00e9chirure \u00e9lev\u00e9e.\",\"breadcrumb\":{\"@id\":\"https:\\\/\\\/www.credimex.ch\\\/fr\\\/produit\\\/merbenit-sf50-2\\\/#breadcrumb\"},\"inLanguage\":\"fr-FR\",\"potentialAction\":[{\"@type\":\"ReadAction\",\"target\":[\"https:\\\/\\\/www.credimex.ch\\\/fr\\\/produit\\\/merbenit-sf50-2\\\/\"]}]},{\"@type\":\"ImageObject\",\"inLanguage\":\"fr-FR\",\"@id\":\"https:\\\/\\\/www.credimex.ch\\\/fr\\\/produit\\\/merbenit-sf50-2\\\/#primaryimage\",\"url\":\"https:\\\/\\\/www.credimex.ch\\\/wp-content\\\/uploads\\\/2022\\\/06\\\/Merbenit_SF50.webp\",\"contentUrl\":\"https:\\\/\\\/www.credimex.ch\\\/wp-content\\\/uploads\\\/2022\\\/06\\\/Merbenit_SF50.webp\",\"width\":700,\"height\":700},{\"@type\":\"BreadcrumbList\",\"@id\":\"https:\\\/\\\/www.credimex.ch\\\/fr\\\/produit\\\/merbenit-sf50-2\\\/#breadcrumb\",\"itemListElement\":[{\"@type\":\"ListItem\",\"position\":1,\"name\":\"Home\",\"item\":\"https:\\\/\\\/www.credimex.ch\\\/fr\\\/\"},{\"@type\":\"ListItem\",\"position\":2,\"name\":\"Produits\",\"item\":\"https:\\\/\\\/www.credimex.ch\\\/fr\\\/produits\\\/\"},{\"@type\":\"ListItem\",\"position\":3,\"name\":\"Merbenit SF50\"}]},{\"@type\":\"WebSite\",\"@id\":\"https:\\\/\\\/www.credimex.ch\\\/fr\\\/#website\",\"url\":\"https:\\\/\\\/www.credimex.ch\\\/fr\\\/\",\"name\":\"CREDIMEX\",\"description\":\"Partner of Swiss Industrial Market\",\"publisher\":{\"@id\":\"https:\\\/\\\/www.credimex.ch\\\/fr\\\/#organization\"},\"potentialAction\":[{\"@type\":\"SearchAction\",\"target\":{\"@type\":\"EntryPoint\",\"urlTemplate\":\"https:\\\/\\\/www.credimex.ch\\\/fr\\\/?s={search_term_string}\"},\"query-input\":{\"@type\":\"PropertyValueSpecification\",\"valueRequired\":true,\"valueName\":\"search_term_string\"}}],\"inLanguage\":\"fr-FR\"},{\"@type\":\"Organization\",\"@id\":\"https:\\\/\\\/www.credimex.ch\\\/fr\\\/#organization\",\"name\":\"credimex\",\"url\":\"https:\\\/\\\/www.credimex.ch\\\/fr\\\/\",\"logo\":{\"@type\":\"ImageObject\",\"inLanguage\":\"fr-FR\",\"@id\":\"https:\\\/\\\/www.credimex.ch\\\/fr\\\/#\\\/schema\\\/logo\\\/image\\\/\",\"url\":\"https:\\\/\\\/www.credimex.ch\\\/wp-content\\\/uploads\\\/2022\\\/03\\\/cropped-logo-credimex.png\",\"contentUrl\":\"https:\\\/\\\/www.credimex.ch\\\/wp-content\\\/uploads\\\/2022\\\/03\\\/cropped-logo-credimex.png\",\"width\":512,\"height\":512,\"caption\":\"credimex\"},\"image\":{\"@id\":\"https:\\\/\\\/www.credimex.ch\\\/fr\\\/#\\\/schema\\\/logo\\\/image\\\/\"},\"sameAs\":[\"https:\\\/\\\/www.facebook.com\\\/credimex.alpnach\\\/\",\"https:\\\/\\\/www.linkedin.com\\\/company\\\/credimex\\\/\",\"https:\\\/\\\/www.youtube.com\\\/@CREDIMEX?sub_confirmation=1\"]}]}<\/script>\n<!-- \/ Yoast SEO Premium plugin. -->","yoast_head_json":{"title":"Merbenit SF50 - CREDIMEX","description":"L'adh\u00e9sif et le produit d'\u00e9tanch\u00e9it\u00e9 Merbenit SF50 hybride \u00e0 base de MS-Polym\u00e8re \u00e0 \u00e9lasticit\u00e9 permanente pr\u00e9sente une r\u00e9sistance \u00e0 l'accumulation extr\u00eamement rapide combin\u00e9e \u00e0 une r\u00e9sistance \u00e0 la d\u00e9chirure \u00e9lev\u00e9e.","robots":{"index":"index","follow":"follow","max-snippet":"max-snippet:-1","max-image-preview":"max-image-preview:large","max-video-preview":"max-video-preview:-1"},"canonical":"https:\/\/www.credimex.ch\/fr\/produit\/merbenit-sf50-2\/","og_locale":"fr_FR","og_type":"article","og_title":"Merbenit SF50","og_description":"L'adh\u00e9sif et le produit d'\u00e9tanch\u00e9it\u00e9 Merbenit SF50 hybride \u00e0 base de MS-Polym\u00e8re \u00e0 \u00e9lasticit\u00e9 permanente pr\u00e9sente une r\u00e9sistance \u00e0 l'accumulation extr\u00eamement rapide combin\u00e9e \u00e0 une r\u00e9sistance \u00e0 la d\u00e9chirure \u00e9lev\u00e9e.","og_url":"https:\/\/www.credimex.ch\/fr\/produit\/merbenit-sf50-2\/","og_site_name":"CREDIMEX","article_publisher":"https:\/\/www.facebook.com\/credimex.alpnach\/","og_image":[{"width":500,"height":500,"url":"https:\/\/www.credimex.ch\/wp-content\/uploads\/2022\/06\/MERBENIT_SF_50_th8-e1654588126129.jpeg","type":"image\/jpeg"}],"twitter_card":"summary_large_image","twitter_misc":{"Dur\u00e9e de lecture estim\u00e9e":"1 minute"},"schema":{"@context":"https:\/\/schema.org","@graph":[{"@type":"WebPage","@id":"https:\/\/www.credimex.ch\/fr\/produit\/merbenit-sf50-2\/","url":"https:\/\/www.credimex.ch\/fr\/produit\/merbenit-sf50-2\/","name":"Merbenit SF50 - CREDIMEX","isPartOf":{"@id":"https:\/\/www.credimex.ch\/fr\/#website"},"primaryImageOfPage":{"@id":"https:\/\/www.credimex.ch\/fr\/produit\/merbenit-sf50-2\/#primaryimage"},"image":{"@id":"https:\/\/www.credimex.ch\/fr\/produit\/merbenit-sf50-2\/#primaryimage"},"thumbnailUrl":"https:\/\/www.credimex.ch\/wp-content\/uploads\/2022\/06\/Merbenit_SF50.webp","datePublished":"2022-06-07T07:49:05+00:00","description":"L'adh\u00e9sif et le produit d'\u00e9tanch\u00e9it\u00e9 Merbenit SF50 hybride \u00e0 base de MS-Polym\u00e8re \u00e0 \u00e9lasticit\u00e9 permanente pr\u00e9sente une r\u00e9sistance \u00e0 l'accumulation extr\u00eamement rapide combin\u00e9e \u00e0 une r\u00e9sistance \u00e0 la d\u00e9chirure \u00e9lev\u00e9e.","breadcrumb":{"@id":"https:\/\/www.credimex.ch\/fr\/produit\/merbenit-sf50-2\/#breadcrumb"},"inLanguage":"fr-FR","potentialAction":[{"@type":"ReadAction","target":["https:\/\/www.credimex.ch\/fr\/produit\/merbenit-sf50-2\/"]}]},{"@type":"ImageObject","inLanguage":"fr-FR","@id":"https:\/\/www.credimex.ch\/fr\/produit\/merbenit-sf50-2\/#primaryimage","url":"https:\/\/www.credimex.ch\/wp-content\/uploads\/2022\/06\/Merbenit_SF50.webp","contentUrl":"https:\/\/www.credimex.ch\/wp-content\/uploads\/2022\/06\/Merbenit_SF50.webp","width":700,"height":700},{"@type":"BreadcrumbList","@id":"https:\/\/www.credimex.ch\/fr\/produit\/merbenit-sf50-2\/#breadcrumb","itemListElement":[{"@type":"ListItem","position":1,"name":"Home","item":"https:\/\/www.credimex.ch\/fr\/"},{"@type":"ListItem","position":2,"name":"Produits","item":"https:\/\/www.credimex.ch\/fr\/produits\/"},{"@type":"ListItem","position":3,"name":"Merbenit SF50"}]},{"@type":"WebSite","@id":"https:\/\/www.credimex.ch\/fr\/#website","url":"https:\/\/www.credimex.ch\/fr\/","name":"CREDIMEX","description":"Partner of Swiss Industrial Market","publisher":{"@id":"https:\/\/www.credimex.ch\/fr\/#organization"},"potentialAction":[{"@type":"SearchAction","target":{"@type":"EntryPoint","urlTemplate":"https:\/\/www.credimex.ch\/fr\/?s={search_term_string}"},"query-input":{"@type":"PropertyValueSpecification","valueRequired":true,"valueName":"search_term_string"}}],"inLanguage":"fr-FR"},{"@type":"Organization","@id":"https:\/\/www.credimex.ch\/fr\/#organization","name":"credimex","url":"https:\/\/www.credimex.ch\/fr\/","logo":{"@type":"ImageObject","inLanguage":"fr-FR","@id":"https:\/\/www.credimex.ch\/fr\/#\/schema\/logo\/image\/","url":"https:\/\/www.credimex.ch\/wp-content\/uploads\/2022\/03\/cropped-logo-credimex.png","contentUrl":"https:\/\/www.credimex.ch\/wp-content\/uploads\/2022\/03\/cropped-logo-credimex.png","width":512,"height":512,"caption":"credimex"},"image":{"@id":"https:\/\/www.credimex.ch\/fr\/#\/schema\/logo\/image\/"},"sameAs":["https:\/\/www.facebook.com\/credimex.alpnach\/","https:\/\/www.linkedin.com\/company\/credimex\/","https:\/\/www.youtube.com\/@CREDIMEX?sub_confirmation=1"]}]}},"_links":{"self":[{"href":"https:\/\/www.credimex.ch\/fr\/wp-json\/wp\/v2\/product\/4243","targetHints":{"allow":["GET"]}}],"collection":[{"href":"https:\/\/www.credimex.ch\/fr\/wp-json\/wp\/v2\/product"}],"about":[{"href":"https:\/\/www.credimex.ch\/fr\/wp-json\/wp\/v2\/types\/product"}],"replies":[{"embeddable":true,"href":"https:\/\/www.credimex.ch\/fr\/wp-json\/wp\/v2\/comments?post=4243"}],"wp:featuredmedia":[{"embeddable":true,"href":"https:\/\/www.credimex.ch\/fr\/wp-json\/wp\/v2\/media\/9329"}],"wp:attachment":[{"href":"https:\/\/www.credimex.ch\/fr\/wp-json\/wp\/v2\/media?parent=4243"}],"wp:term":[{"taxonomy":"product_brand","embeddable":true,"href":"https:\/\/www.credimex.ch\/fr\/wp-json\/wp\/v2\/product_brand?post=4243"},{"taxonomy":"product_cat","embeddable":true,"href":"https:\/\/www.credimex.ch\/fr\/wp-json\/wp\/v2\/product_cat?post=4243"},{"taxonomy":"product_tag","embeddable":true,"href":"https:\/\/www.credimex.ch\/fr\/wp-json\/wp\/v2\/product_tag?post=4243"}],"curies":[{"name":"wp","href":"https:\/\/api.w.org\/{rel}","templated":true}]}}