{"id":4245,"date":"2022-07-06T15:36:28","date_gmt":"2022-07-06T13:36:28","guid":{"rendered":"https:\/\/www.credimex.ch.mialias.net\/product\/isolateurs-a-cable-metallique-enidine\/"},"modified":"2023-07-10T15:57:54","modified_gmt":"2023-07-10T13:57:54","slug":"isolateurs-a-cable-metallique-enidine","status":"publish","type":"product","link":"https:\/\/www.credimex.ch\/fr\/produit\/isolateurs-a-cable-metallique-enidine\/","title":{"rendered":"Isolateurs \u00e0 c\u00e2ble m\u00e9tallique ENIDINE"},"content":{"rendered":"<h2>Description<\/h2>\n<p>Les isolateurs \u00e0 c\u00e2ble m\u00e9tallique haute performance ENIDINE sont dot\u00e9s d&rsquo;un c\u00e2ble en acier inoxydable et de barres de retenue en aluminium conformes \u00e0 la directive RoHS, ce qui permet une excellente isolation des vibrations. Les isolateurs ne sont absolument pas affect\u00e9s par l&rsquo;huile, les produits chimiques, les abrasifs, l&rsquo;ozone et les temp\u00e9ratures extr\u00eames.<\/p>\n<p>Avec des options de montage polyvalentes, des mod\u00e8les de sertissage et des variations de taille, les isolateurs h\u00e9lico\u00efdaux peuvent aider vos syst\u00e8mes \u00e0 r\u00e9pondre \u00e0 toutes les exigences des utilisations industrielles, de d\u00e9fense et commerciales. ENIDINE s&rsquo;engage sur la qualit\u00e9 et tous les produits sont capables de r\u00e9pondre aux normes industrielles DEF-STND 0755, MIL-STD-810, BV43-44, MIL-STD-167, STANAG-042, MIL-S-901 et MIL-E-5400.<\/p>\n<p><img fetchpriority=\"high\" decoding=\"async\" class=\"alignnone size-full wp-image-1393\" src=\"https:\/\/www.credimex.ch\/wp-content\/uploads\/2022\/07\/WR15.webp\" alt=\"\" width=\"400\" height=\"323\" srcset=\"https:\/\/www.credimex.ch\/wp-content\/uploads\/2022\/07\/WR15.webp 400w, https:\/\/www.credimex.ch\/wp-content\/uploads\/2022\/07\/WR15-300x242.webp 300w\" sizes=\"(max-width: 400px) 100vw, 400px\" \/><\/p>\n<h2>Avantages du produit<\/h2>\n<ul>\n<li>Isolation contre les chocs et les vibrations jusqu&rsquo;\u00e0 100 000 livres<\/li>\n<li>Compression\/roulement \u00e0 45 degr\u00e9s<\/li>\n<li>Rouleau fixe<\/li>\n<li>C\u00e2ble en acier inoxydable et barres en aluminium conformes \u00e0 la directive RoHS<\/li>\n<li>Cisaillement fixe<\/li>\n<\/ul>\n<h2>Application<\/h2>\n<p>Les isolateurs sont r\u00e9sistants \u00e0 la corrosion, ce qui les rend stables du point de vue environnemental et performants dans une vari\u00e9t\u00e9 d&rsquo;applications. Les isolateurs \u00e0 c\u00e2ble peuvent \u00eatre utilis\u00e9s sur les \u00e9l\u00e9ments de la cuisine o\u00f9 les moteurs et les ventilateurs produisent des vibrations sur les structures environnantes. Ils peuvent \u00e9galement \u00eatre utilis\u00e9s pour contr\u00f4ler les vibrations et la dilatation thermique.<\/p>\n","protected":false},"excerpt":{"rendered":"<p>Les <strong>isolateurs \u00e0 c\u00e2ble m\u00e9tallique haute performance ENIDINE <\/strong>sont dot\u00e9s d&rsquo;un c\u00e2ble en acier inoxydable et de barres de retenue en aluminium conformes \u00e0 la directive RoHS, ce qui permet une excellente isolation des vibrations.<\/p>\n","protected":false},"featured_media":3352,"comment_status":"open","ping_status":"closed","template":"","meta":{"_acf_changed":false},"product_brand":[],"product_cat":[341,340,413,376,411,384,556,475,375,361,360,675,624,414,412],"product_tag":[],"class_list":{"0":"post-4245","1":"product","2":"type-product","3":"status-publish","4":"has-post-thumbnail","6":"product_cat-aerospatiale","7":"product_cat-automobile","8":"product_cat-batteries","9":"product_cat-e-mobilite","10":"product_cat-electronique","11":"product_cat-energie","12":"product_cat-enidine","13":"product_cat-fabrication-de-montres","14":"product_cat-ferroviaire","15":"product_cat-industrie-alimentaire","16":"product_cat-industrie-generale","17":"product_cat-isolateurs-a-cable-metallique","18":"product_cat-isolation-contre-les-vibrations","19":"product_cat-medical","20":"product_cat-telepheriques","21":"pa_brands-enidine-fr","23":"first","24":"instock","25":"shipping-taxable","26":"product-type-simple"},"acf":[],"_yoast_wpseo_focuskw":"Isolateurs \u00e0 c\u00e2ble m\u00e9tallique Enidine","_yoast_wpseo_metadesc":"Les isolateurs \u00e0 c\u00e2ble m\u00e9tallique ENIDINE sont dot\u00e9s d'un c\u00e2ble en acier inoxydable et de barres de retenue en aluminium, qui assurent une excellente isolation des vibrations.","yoast_head":"<!-- This site is optimized with the Yoast SEO Premium plugin v21.6 (Yoast SEO v27.4) - https:\/\/yoast.com\/product\/yoast-seo-premium-wordpress\/ -->\n<title>Isolateurs \u00e0 c\u00e2ble m\u00e9tallique ENIDINE - CREDIMEX<\/title>\n<meta name=\"description\" content=\"Les isolateurs \u00e0 c\u00e2ble m\u00e9tallique ENIDINE sont dot\u00e9s d&#039;un c\u00e2ble en acier inoxydable et de barres de retenue en aluminium, qui assurent une excellente isolation des vibrations.\" \/>\n<meta name=\"robots\" content=\"index, follow, max-snippet:-1, max-image-preview:large, max-video-preview:-1\" \/>\n<link rel=\"canonical\" href=\"https:\/\/www.credimex.ch\/fr\/produit\/isolateurs-a-cable-metallique-enidine\/\" \/>\n<meta property=\"og:locale\" content=\"fr_FR\" \/>\n<meta property=\"og:type\" content=\"article\" \/>\n<meta property=\"og:title\" content=\"Isolateurs \u00e0 c\u00e2ble m\u00e9tallique ENIDINE\" \/>\n<meta property=\"og:description\" content=\"Les isolateurs \u00e0 c\u00e2ble m\u00e9tallique ENIDINE sont dot\u00e9s d&#039;un c\u00e2ble en acier inoxydable et de barres de retenue en aluminium, qui assurent une excellente isolation des vibrations.\" \/>\n<meta property=\"og:url\" content=\"https:\/\/www.credimex.ch\/fr\/produit\/isolateurs-a-cable-metallique-enidine\/\" \/>\n<meta property=\"og:site_name\" content=\"CREDIMEX\" \/>\n<meta property=\"article:publisher\" content=\"https:\/\/www.facebook.com\/credimex.alpnach\/\" \/>\n<meta property=\"article:modified_time\" content=\"2023-07-10T13:57:54+00:00\" \/>\n<meta property=\"og:image\" content=\"https:\/\/www.credimex.ch\/wp-content\/uploads\/2022\/07\/combowire.gif\" \/>\n\t<meta property=\"og:image:width\" content=\"261\" \/>\n\t<meta property=\"og:image:height\" content=\"240\" \/>\n\t<meta property=\"og:image:type\" content=\"image\/gif\" \/>\n<meta name=\"twitter:card\" content=\"summary_large_image\" \/>\n<meta name=\"twitter:label1\" content=\"Dur\u00e9e de lecture estim\u00e9e\" \/>\n\t<meta name=\"twitter:data1\" content=\"2 minutes\" \/>\n<script type=\"application\/ld+json\" class=\"yoast-schema-graph\">{\"@context\":\"https:\\\/\\\/schema.org\",\"@graph\":[{\"@type\":\"WebPage\",\"@id\":\"https:\\\/\\\/www.credimex.ch\\\/fr\\\/produit\\\/isolateurs-a-cable-metallique-enidine\\\/\",\"url\":\"https:\\\/\\\/www.credimex.ch\\\/fr\\\/produit\\\/isolateurs-a-cable-metallique-enidine\\\/\",\"name\":\"Isolateurs \u00e0 c\u00e2ble m\u00e9tallique ENIDINE - CREDIMEX\",\"isPartOf\":{\"@id\":\"https:\\\/\\\/www.credimex.ch\\\/fr\\\/#website\"},\"primaryImageOfPage\":{\"@id\":\"https:\\\/\\\/www.credimex.ch\\\/fr\\\/produit\\\/isolateurs-a-cable-metallique-enidine\\\/#primaryimage\"},\"image\":{\"@id\":\"https:\\\/\\\/www.credimex.ch\\\/fr\\\/produit\\\/isolateurs-a-cable-metallique-enidine\\\/#primaryimage\"},\"thumbnailUrl\":\"https:\\\/\\\/www.credimex.ch\\\/wp-content\\\/uploads\\\/2022\\\/07\\\/combowire.gif\",\"datePublished\":\"2022-07-06T13:36:28+00:00\",\"dateModified\":\"2023-07-10T13:57:54+00:00\",\"description\":\"Les isolateurs \u00e0 c\u00e2ble m\u00e9tallique ENIDINE sont dot\u00e9s d'un c\u00e2ble en acier inoxydable et de barres de retenue en aluminium, qui assurent une excellente isolation des vibrations.\",\"breadcrumb\":{\"@id\":\"https:\\\/\\\/www.credimex.ch\\\/fr\\\/produit\\\/isolateurs-a-cable-metallique-enidine\\\/#breadcrumb\"},\"inLanguage\":\"fr-FR\",\"potentialAction\":[{\"@type\":\"ReadAction\",\"target\":[\"https:\\\/\\\/www.credimex.ch\\\/fr\\\/produit\\\/isolateurs-a-cable-metallique-enidine\\\/\"]}]},{\"@type\":\"ImageObject\",\"inLanguage\":\"fr-FR\",\"@id\":\"https:\\\/\\\/www.credimex.ch\\\/fr\\\/produit\\\/isolateurs-a-cable-metallique-enidine\\\/#primaryimage\",\"url\":\"https:\\\/\\\/www.credimex.ch\\\/wp-content\\\/uploads\\\/2022\\\/07\\\/combowire.gif\",\"contentUrl\":\"https:\\\/\\\/www.credimex.ch\\\/wp-content\\\/uploads\\\/2022\\\/07\\\/combowire.gif\",\"width\":261,\"height\":240},{\"@type\":\"BreadcrumbList\",\"@id\":\"https:\\\/\\\/www.credimex.ch\\\/fr\\\/produit\\\/isolateurs-a-cable-metallique-enidine\\\/#breadcrumb\",\"itemListElement\":[{\"@type\":\"ListItem\",\"position\":1,\"name\":\"Home\",\"item\":\"https:\\\/\\\/www.credimex.ch\\\/fr\\\/\"},{\"@type\":\"ListItem\",\"position\":2,\"name\":\"Produits\",\"item\":\"https:\\\/\\\/www.credimex.ch\\\/fr\\\/produits\\\/\"},{\"@type\":\"ListItem\",\"position\":3,\"name\":\"Isolateurs \u00e0 c\u00e2ble m\u00e9tallique ENIDINE\"}]},{\"@type\":\"WebSite\",\"@id\":\"https:\\\/\\\/www.credimex.ch\\\/fr\\\/#website\",\"url\":\"https:\\\/\\\/www.credimex.ch\\\/fr\\\/\",\"name\":\"CREDIMEX\",\"description\":\"Partner of Swiss Industrial Market\",\"publisher\":{\"@id\":\"https:\\\/\\\/www.credimex.ch\\\/fr\\\/#organization\"},\"potentialAction\":[{\"@type\":\"SearchAction\",\"target\":{\"@type\":\"EntryPoint\",\"urlTemplate\":\"https:\\\/\\\/www.credimex.ch\\\/fr\\\/?s={search_term_string}\"},\"query-input\":{\"@type\":\"PropertyValueSpecification\",\"valueRequired\":true,\"valueName\":\"search_term_string\"}}],\"inLanguage\":\"fr-FR\"},{\"@type\":\"Organization\",\"@id\":\"https:\\\/\\\/www.credimex.ch\\\/fr\\\/#organization\",\"name\":\"credimex\",\"url\":\"https:\\\/\\\/www.credimex.ch\\\/fr\\\/\",\"logo\":{\"@type\":\"ImageObject\",\"inLanguage\":\"fr-FR\",\"@id\":\"https:\\\/\\\/www.credimex.ch\\\/fr\\\/#\\\/schema\\\/logo\\\/image\\\/\",\"url\":\"https:\\\/\\\/www.credimex.ch\\\/wp-content\\\/uploads\\\/2022\\\/03\\\/cropped-logo-credimex.png\",\"contentUrl\":\"https:\\\/\\\/www.credimex.ch\\\/wp-content\\\/uploads\\\/2022\\\/03\\\/cropped-logo-credimex.png\",\"width\":512,\"height\":512,\"caption\":\"credimex\"},\"image\":{\"@id\":\"https:\\\/\\\/www.credimex.ch\\\/fr\\\/#\\\/schema\\\/logo\\\/image\\\/\"},\"sameAs\":[\"https:\\\/\\\/www.facebook.com\\\/credimex.alpnach\\\/\",\"https:\\\/\\\/www.linkedin.com\\\/company\\\/credimex\\\/\",\"https:\\\/\\\/www.youtube.com\\\/@CREDIMEX?sub_confirmation=1\"]}]}<\/script>\n<!-- \/ Yoast SEO Premium plugin. -->","yoast_head_json":{"title":"Isolateurs \u00e0 c\u00e2ble m\u00e9tallique ENIDINE - CREDIMEX","description":"Les isolateurs \u00e0 c\u00e2ble m\u00e9tallique ENIDINE sont dot\u00e9s d'un c\u00e2ble en acier inoxydable et de barres de retenue en aluminium, qui assurent une excellente isolation des vibrations.","robots":{"index":"index","follow":"follow","max-snippet":"max-snippet:-1","max-image-preview":"max-image-preview:large","max-video-preview":"max-video-preview:-1"},"canonical":"https:\/\/www.credimex.ch\/fr\/produit\/isolateurs-a-cable-metallique-enidine\/","og_locale":"fr_FR","og_type":"article","og_title":"Isolateurs \u00e0 c\u00e2ble m\u00e9tallique ENIDINE","og_description":"Les isolateurs \u00e0 c\u00e2ble m\u00e9tallique ENIDINE sont dot\u00e9s d'un c\u00e2ble en acier inoxydable et de barres de retenue en aluminium, qui assurent une excellente isolation des vibrations.","og_url":"https:\/\/www.credimex.ch\/fr\/produit\/isolateurs-a-cable-metallique-enidine\/","og_site_name":"CREDIMEX","article_publisher":"https:\/\/www.facebook.com\/credimex.alpnach\/","article_modified_time":"2023-07-10T13:57:54+00:00","og_image":[{"width":261,"height":240,"url":"https:\/\/www.credimex.ch\/wp-content\/uploads\/2022\/07\/combowire.gif","type":"image\/gif"}],"twitter_card":"summary_large_image","twitter_misc":{"Dur\u00e9e de lecture estim\u00e9e":"2 minutes"},"schema":{"@context":"https:\/\/schema.org","@graph":[{"@type":"WebPage","@id":"https:\/\/www.credimex.ch\/fr\/produit\/isolateurs-a-cable-metallique-enidine\/","url":"https:\/\/www.credimex.ch\/fr\/produit\/isolateurs-a-cable-metallique-enidine\/","name":"Isolateurs \u00e0 c\u00e2ble m\u00e9tallique ENIDINE - CREDIMEX","isPartOf":{"@id":"https:\/\/www.credimex.ch\/fr\/#website"},"primaryImageOfPage":{"@id":"https:\/\/www.credimex.ch\/fr\/produit\/isolateurs-a-cable-metallique-enidine\/#primaryimage"},"image":{"@id":"https:\/\/www.credimex.ch\/fr\/produit\/isolateurs-a-cable-metallique-enidine\/#primaryimage"},"thumbnailUrl":"https:\/\/www.credimex.ch\/wp-content\/uploads\/2022\/07\/combowire.gif","datePublished":"2022-07-06T13:36:28+00:00","dateModified":"2023-07-10T13:57:54+00:00","description":"Les isolateurs \u00e0 c\u00e2ble m\u00e9tallique ENIDINE sont dot\u00e9s d'un c\u00e2ble en acier inoxydable et de barres de retenue en aluminium, qui assurent une excellente isolation des vibrations.","breadcrumb":{"@id":"https:\/\/www.credimex.ch\/fr\/produit\/isolateurs-a-cable-metallique-enidine\/#breadcrumb"},"inLanguage":"fr-FR","potentialAction":[{"@type":"ReadAction","target":["https:\/\/www.credimex.ch\/fr\/produit\/isolateurs-a-cable-metallique-enidine\/"]}]},{"@type":"ImageObject","inLanguage":"fr-FR","@id":"https:\/\/www.credimex.ch\/fr\/produit\/isolateurs-a-cable-metallique-enidine\/#primaryimage","url":"https:\/\/www.credimex.ch\/wp-content\/uploads\/2022\/07\/combowire.gif","contentUrl":"https:\/\/www.credimex.ch\/wp-content\/uploads\/2022\/07\/combowire.gif","width":261,"height":240},{"@type":"BreadcrumbList","@id":"https:\/\/www.credimex.ch\/fr\/produit\/isolateurs-a-cable-metallique-enidine\/#breadcrumb","itemListElement":[{"@type":"ListItem","position":1,"name":"Home","item":"https:\/\/www.credimex.ch\/fr\/"},{"@type":"ListItem","position":2,"name":"Produits","item":"https:\/\/www.credimex.ch\/fr\/produits\/"},{"@type":"ListItem","position":3,"name":"Isolateurs \u00e0 c\u00e2ble m\u00e9tallique ENIDINE"}]},{"@type":"WebSite","@id":"https:\/\/www.credimex.ch\/fr\/#website","url":"https:\/\/www.credimex.ch\/fr\/","name":"CREDIMEX","description":"Partner of Swiss Industrial Market","publisher":{"@id":"https:\/\/www.credimex.ch\/fr\/#organization"},"potentialAction":[{"@type":"SearchAction","target":{"@type":"EntryPoint","urlTemplate":"https:\/\/www.credimex.ch\/fr\/?s={search_term_string}"},"query-input":{"@type":"PropertyValueSpecification","valueRequired":true,"valueName":"search_term_string"}}],"inLanguage":"fr-FR"},{"@type":"Organization","@id":"https:\/\/www.credimex.ch\/fr\/#organization","name":"credimex","url":"https:\/\/www.credimex.ch\/fr\/","logo":{"@type":"ImageObject","inLanguage":"fr-FR","@id":"https:\/\/www.credimex.ch\/fr\/#\/schema\/logo\/image\/","url":"https:\/\/www.credimex.ch\/wp-content\/uploads\/2022\/03\/cropped-logo-credimex.png","contentUrl":"https:\/\/www.credimex.ch\/wp-content\/uploads\/2022\/03\/cropped-logo-credimex.png","width":512,"height":512,"caption":"credimex"},"image":{"@id":"https:\/\/www.credimex.ch\/fr\/#\/schema\/logo\/image\/"},"sameAs":["https:\/\/www.facebook.com\/credimex.alpnach\/","https:\/\/www.linkedin.com\/company\/credimex\/","https:\/\/www.youtube.com\/@CREDIMEX?sub_confirmation=1"]}]}},"_links":{"self":[{"href":"https:\/\/www.credimex.ch\/fr\/wp-json\/wp\/v2\/product\/4245","targetHints":{"allow":["GET"]}}],"collection":[{"href":"https:\/\/www.credimex.ch\/fr\/wp-json\/wp\/v2\/product"}],"about":[{"href":"https:\/\/www.credimex.ch\/fr\/wp-json\/wp\/v2\/types\/product"}],"replies":[{"embeddable":true,"href":"https:\/\/www.credimex.ch\/fr\/wp-json\/wp\/v2\/comments?post=4245"}],"wp:featuredmedia":[{"embeddable":true,"href":"https:\/\/www.credimex.ch\/fr\/wp-json\/wp\/v2\/media\/3352"}],"wp:attachment":[{"href":"https:\/\/www.credimex.ch\/fr\/wp-json\/wp\/v2\/media?parent=4245"}],"wp:term":[{"taxonomy":"product_brand","embeddable":true,"href":"https:\/\/www.credimex.ch\/fr\/wp-json\/wp\/v2\/product_brand?post=4245"},{"taxonomy":"product_cat","embeddable":true,"href":"https:\/\/www.credimex.ch\/fr\/wp-json\/wp\/v2\/product_cat?post=4245"},{"taxonomy":"product_tag","embeddable":true,"href":"https:\/\/www.credimex.ch\/fr\/wp-json\/wp\/v2\/product_tag?post=4245"}],"curies":[{"name":"wp","href":"https:\/\/api.w.org\/{rel}","templated":true}]}}