{"id":4247,"date":"2022-07-06T15:29:14","date_gmt":"2022-07-06T13:29:14","guid":{"rendered":"https:\/\/www.credimex.ch.mialias.net\/product\/isolateurs-compacts-a-cable-metallique-enidine\/"},"modified":"2023-07-10T16:00:48","modified_gmt":"2023-07-10T14:00:48","slug":"isolateurs-a-cable-metallique-compacts-enidine","status":"publish","type":"product","link":"https:\/\/www.credimex.ch\/fr\/produit\/isolateurs-a-cable-metallique-compacts-enidine\/","title":{"rendered":"Isolateurs compacts \u00e0 c\u00e2ble m\u00e9tallique Enidine"},"content":{"rendered":"<h2>Description<\/h2>\n<p>Utilisez les isolateurs \u00e0 c\u00e2ble m\u00e9tallique compacts ENIDINE pour obtenir les meilleures performances en mati\u00e8re d&rsquo;isolation vibratoire et de petites configurations de supports vibratoires. La conception compacte est plus petite que la plupart des c\u00e2bles d&rsquo;acier et peut fournir une absorption des chocs et des vibrations, m\u00eame dans les situations o\u00f9 l&rsquo;espace et le balancement des paquets sont un probl\u00e8me.<\/p>\n<p>L&rsquo;isolateur compact \u00e0 c\u00e2ble m\u00e9tallique ENIDINE est enti\u00e8rement m\u00e9tallique, ce qui lui conf\u00e8re la meilleure isolation multiaxiale contre les chocs et les vibrations dans un petit bo\u00eetier. M\u00eame fiables dans des environnements hostiles, les isolateurs de vibrations miniatures ne n\u00e9cessitent pratiquement aucun entretien et sont tr\u00e8s r\u00e9sistants \u00e0 l&rsquo;huile, \u00e0 l&rsquo;ozone, aux abrasifs et aux produits chimiques. L&rsquo;utilisation des produits CWRI peut r\u00e9duire le nombre de d\u00e9faillances pr\u00e9matur\u00e9es des \u00e9quipements et les temps d&rsquo;arr\u00eat co\u00fbteux des machines.<\/p>\n<p>M\u00eame si votre application n&rsquo;est pas standard, vous pouvez toujours utiliser les isolateurs \u00e0 c\u00e2ble m\u00e9tallique ordinaires. Ces produits standard peuvent convenir \u00e0 presque toutes les applications. Dans des circonstances uniques, ENIDINE peut cr\u00e9er un isolateur sur mesure pour vos besoins.<\/p>\n<p><img fetchpriority=\"high\" decoding=\"async\" class=\"alignnone size-full wp-image-1389\" src=\"https:\/\/www.credimex.ch\/wp-content\/uploads\/2022\/07\/cwr15.webp\" alt=\"\" width=\"503\" height=\"300\" srcset=\"https:\/\/www.credimex.ch\/wp-content\/uploads\/2022\/07\/cwr15.webp 503w, https:\/\/www.credimex.ch\/wp-content\/uploads\/2022\/07\/cwr15-300x179.webp 300w\" sizes=\"(max-width: 503px) 100vw, 503px\" \/><\/p>\n<h2>Avantages du produit<\/h2>\n<ul>\n<li>Installation facile<\/li>\n<li>Capacit\u00e9 de charge statique<\/li>\n<li>Rentable et durable<\/li>\n<li>Conception m\u00e9tallique adapt\u00e9e aux environnements hostiles<\/li>\n<li>Parfait pour les \u00e9quipements sensibles<\/li>\n<li>Convient pour des temp\u00e9ratures allant de -100\u00ba \u00e0 260\u00baC<\/li>\n<li>Isolation individuelle des composants du syst\u00e8me gr\u00e2ce \u00e0 une conception compacte<\/li>\n<\/ul>\n<h2>Application<\/h2>\n<p>Nos produits de la s\u00e9rie Compact Wire Rope sont utilis\u00e9s dans les applications suivantes :<\/p>\n<p>Disques durs<br \/>\nMat\u00e9riel m\u00e9dical<br \/>\n\u00c9lectronique mobile sensible<br \/>\nArmoires \u00e9lectroniques<br \/>\nPetites pompes et moteurs<br \/>\nExp\u00e9dition d&rsquo;articles sensibles<\/p>\n","protected":false},"excerpt":{"rendered":"<p>Utilisez les <strong>isolateurs \u00e0 c\u00e2ble m\u00e9tallique compacts ENIDINE <\/strong>pour obtenir les meilleures performances en mati\u00e8re d&rsquo;isolation vibratoire et de petites configurations de supports vibratoires.<\/p>\n","protected":false},"featured_media":3348,"comment_status":"open","ping_status":"closed","template":"","meta":{"_acf_changed":false},"product_brand":[],"product_cat":[341,340,413,376,411,384,556,475,375,361,360,675,624,414,412],"product_tag":[],"class_list":{"0":"post-4247","1":"product","2":"type-product","3":"status-publish","4":"has-post-thumbnail","6":"product_cat-aerospatiale","7":"product_cat-automobile","8":"product_cat-batteries","9":"product_cat-e-mobilite","10":"product_cat-electronique","11":"product_cat-energie","12":"product_cat-enidine","13":"product_cat-fabrication-de-montres","14":"product_cat-ferroviaire","15":"product_cat-industrie-alimentaire","16":"product_cat-industrie-generale","17":"product_cat-isolateurs-a-cable-metallique","18":"product_cat-isolation-contre-les-vibrations","19":"product_cat-medical","20":"product_cat-telepheriques","21":"pa_brands-enidine-fr","23":"first","24":"instock","25":"shipping-taxable","26":"product-type-simple"},"acf":[],"_yoast_wpseo_focuskw":"Isolateurs compacts \u00e0 c\u00e2ble m\u00e9tallique Enidine","_yoast_wpseo_metadesc":"Utilisez les isolateurs \u00e0 c\u00e2ble m\u00e9tallique compacts ENIDINE pour obtenir les meilleures performances en mati\u00e8re d'isolation vibratoire et de petites configurations de supports vibratoires.","yoast_head":"<!-- This site is optimized with the Yoast SEO Premium plugin v21.6 (Yoast SEO v27.4) - https:\/\/yoast.com\/product\/yoast-seo-premium-wordpress\/ -->\n<title>Isolateurs compacts \u00e0 c\u00e2ble m\u00e9tallique Enidine - CREDIMEX<\/title>\n<meta name=\"description\" content=\"Utilisez les isolateurs \u00e0 c\u00e2ble m\u00e9tallique compacts ENIDINE pour obtenir les meilleures performances en mati\u00e8re d&#039;isolation vibratoire et de petites configurations de supports vibratoires.\" \/>\n<meta name=\"robots\" content=\"index, follow, max-snippet:-1, max-image-preview:large, max-video-preview:-1\" \/>\n<link rel=\"canonical\" href=\"https:\/\/www.credimex.ch\/fr\/produit\/isolateurs-a-cable-metallique-compacts-enidine\/\" \/>\n<meta property=\"og:locale\" content=\"fr_FR\" \/>\n<meta property=\"og:type\" content=\"article\" \/>\n<meta property=\"og:title\" content=\"Isolateurs compacts \u00e0 c\u00e2ble m\u00e9tallique Enidine\" \/>\n<meta property=\"og:description\" content=\"Utilisez les isolateurs \u00e0 c\u00e2ble m\u00e9tallique compacts ENIDINE pour obtenir les meilleures performances en mati\u00e8re d&#039;isolation vibratoire et de petites configurations de supports vibratoires.\" \/>\n<meta property=\"og:url\" content=\"https:\/\/www.credimex.ch\/fr\/produit\/isolateurs-a-cable-metallique-compacts-enidine\/\" \/>\n<meta property=\"og:site_name\" content=\"CREDIMEX\" \/>\n<meta property=\"article:publisher\" content=\"https:\/\/www.facebook.com\/credimex.alpnach\/\" \/>\n<meta property=\"article:modified_time\" content=\"2023-07-10T14:00:48+00:00\" \/>\n<meta property=\"og:image\" content=\"https:\/\/www.credimex.ch\/wp-content\/uploads\/2022\/07\/CPTwiregrp_1.gif\" \/>\n\t<meta property=\"og:image:width\" content=\"400\" \/>\n\t<meta property=\"og:image:height\" content=\"305\" \/>\n\t<meta property=\"og:image:type\" content=\"image\/gif\" \/>\n<meta name=\"twitter:card\" content=\"summary_large_image\" \/>\n<meta name=\"twitter:label1\" content=\"Dur\u00e9e de lecture estim\u00e9e\" \/>\n\t<meta name=\"twitter:data1\" content=\"2 minutes\" \/>\n<script type=\"application\/ld+json\" class=\"yoast-schema-graph\">{\"@context\":\"https:\\\/\\\/schema.org\",\"@graph\":[{\"@type\":\"WebPage\",\"@id\":\"https:\\\/\\\/www.credimex.ch\\\/fr\\\/produit\\\/isolateurs-a-cable-metallique-compacts-enidine\\\/\",\"url\":\"https:\\\/\\\/www.credimex.ch\\\/fr\\\/produit\\\/isolateurs-a-cable-metallique-compacts-enidine\\\/\",\"name\":\"Isolateurs compacts \u00e0 c\u00e2ble m\u00e9tallique Enidine - CREDIMEX\",\"isPartOf\":{\"@id\":\"https:\\\/\\\/www.credimex.ch\\\/fr\\\/#website\"},\"primaryImageOfPage\":{\"@id\":\"https:\\\/\\\/www.credimex.ch\\\/fr\\\/produit\\\/isolateurs-a-cable-metallique-compacts-enidine\\\/#primaryimage\"},\"image\":{\"@id\":\"https:\\\/\\\/www.credimex.ch\\\/fr\\\/produit\\\/isolateurs-a-cable-metallique-compacts-enidine\\\/#primaryimage\"},\"thumbnailUrl\":\"https:\\\/\\\/www.credimex.ch\\\/wp-content\\\/uploads\\\/2022\\\/07\\\/CPTwiregrp_1.gif\",\"datePublished\":\"2022-07-06T13:29:14+00:00\",\"dateModified\":\"2023-07-10T14:00:48+00:00\",\"description\":\"Utilisez les isolateurs \u00e0 c\u00e2ble m\u00e9tallique compacts ENIDINE pour obtenir les meilleures performances en mati\u00e8re d'isolation vibratoire et de petites configurations de supports vibratoires.\",\"breadcrumb\":{\"@id\":\"https:\\\/\\\/www.credimex.ch\\\/fr\\\/produit\\\/isolateurs-a-cable-metallique-compacts-enidine\\\/#breadcrumb\"},\"inLanguage\":\"fr-FR\",\"potentialAction\":[{\"@type\":\"ReadAction\",\"target\":[\"https:\\\/\\\/www.credimex.ch\\\/fr\\\/produit\\\/isolateurs-a-cable-metallique-compacts-enidine\\\/\"]}]},{\"@type\":\"ImageObject\",\"inLanguage\":\"fr-FR\",\"@id\":\"https:\\\/\\\/www.credimex.ch\\\/fr\\\/produit\\\/isolateurs-a-cable-metallique-compacts-enidine\\\/#primaryimage\",\"url\":\"https:\\\/\\\/www.credimex.ch\\\/wp-content\\\/uploads\\\/2022\\\/07\\\/CPTwiregrp_1.gif\",\"contentUrl\":\"https:\\\/\\\/www.credimex.ch\\\/wp-content\\\/uploads\\\/2022\\\/07\\\/CPTwiregrp_1.gif\",\"width\":400,\"height\":305},{\"@type\":\"BreadcrumbList\",\"@id\":\"https:\\\/\\\/www.credimex.ch\\\/fr\\\/produit\\\/isolateurs-a-cable-metallique-compacts-enidine\\\/#breadcrumb\",\"itemListElement\":[{\"@type\":\"ListItem\",\"position\":1,\"name\":\"Home\",\"item\":\"https:\\\/\\\/www.credimex.ch\\\/fr\\\/\"},{\"@type\":\"ListItem\",\"position\":2,\"name\":\"Produits\",\"item\":\"https:\\\/\\\/www.credimex.ch\\\/fr\\\/produits\\\/\"},{\"@type\":\"ListItem\",\"position\":3,\"name\":\"Isolateurs compacts \u00e0 c\u00e2ble m\u00e9tallique Enidine\"}]},{\"@type\":\"WebSite\",\"@id\":\"https:\\\/\\\/www.credimex.ch\\\/fr\\\/#website\",\"url\":\"https:\\\/\\\/www.credimex.ch\\\/fr\\\/\",\"name\":\"CREDIMEX\",\"description\":\"Partner of Swiss Industrial Market\",\"publisher\":{\"@id\":\"https:\\\/\\\/www.credimex.ch\\\/fr\\\/#organization\"},\"potentialAction\":[{\"@type\":\"SearchAction\",\"target\":{\"@type\":\"EntryPoint\",\"urlTemplate\":\"https:\\\/\\\/www.credimex.ch\\\/fr\\\/?s={search_term_string}\"},\"query-input\":{\"@type\":\"PropertyValueSpecification\",\"valueRequired\":true,\"valueName\":\"search_term_string\"}}],\"inLanguage\":\"fr-FR\"},{\"@type\":\"Organization\",\"@id\":\"https:\\\/\\\/www.credimex.ch\\\/fr\\\/#organization\",\"name\":\"credimex\",\"url\":\"https:\\\/\\\/www.credimex.ch\\\/fr\\\/\",\"logo\":{\"@type\":\"ImageObject\",\"inLanguage\":\"fr-FR\",\"@id\":\"https:\\\/\\\/www.credimex.ch\\\/fr\\\/#\\\/schema\\\/logo\\\/image\\\/\",\"url\":\"https:\\\/\\\/www.credimex.ch\\\/wp-content\\\/uploads\\\/2022\\\/03\\\/cropped-logo-credimex.png\",\"contentUrl\":\"https:\\\/\\\/www.credimex.ch\\\/wp-content\\\/uploads\\\/2022\\\/03\\\/cropped-logo-credimex.png\",\"width\":512,\"height\":512,\"caption\":\"credimex\"},\"image\":{\"@id\":\"https:\\\/\\\/www.credimex.ch\\\/fr\\\/#\\\/schema\\\/logo\\\/image\\\/\"},\"sameAs\":[\"https:\\\/\\\/www.facebook.com\\\/credimex.alpnach\\\/\",\"https:\\\/\\\/www.linkedin.com\\\/company\\\/credimex\\\/\",\"https:\\\/\\\/www.youtube.com\\\/@CREDIMEX?sub_confirmation=1\"]}]}<\/script>\n<!-- \/ Yoast SEO Premium plugin. -->","yoast_head_json":{"title":"Isolateurs compacts \u00e0 c\u00e2ble m\u00e9tallique Enidine - CREDIMEX","description":"Utilisez les isolateurs \u00e0 c\u00e2ble m\u00e9tallique compacts ENIDINE pour obtenir les meilleures performances en mati\u00e8re d'isolation vibratoire et de petites configurations de supports vibratoires.","robots":{"index":"index","follow":"follow","max-snippet":"max-snippet:-1","max-image-preview":"max-image-preview:large","max-video-preview":"max-video-preview:-1"},"canonical":"https:\/\/www.credimex.ch\/fr\/produit\/isolateurs-a-cable-metallique-compacts-enidine\/","og_locale":"fr_FR","og_type":"article","og_title":"Isolateurs compacts \u00e0 c\u00e2ble m\u00e9tallique Enidine","og_description":"Utilisez les isolateurs \u00e0 c\u00e2ble m\u00e9tallique compacts ENIDINE pour obtenir les meilleures performances en mati\u00e8re d'isolation vibratoire et de petites configurations de supports vibratoires.","og_url":"https:\/\/www.credimex.ch\/fr\/produit\/isolateurs-a-cable-metallique-compacts-enidine\/","og_site_name":"CREDIMEX","article_publisher":"https:\/\/www.facebook.com\/credimex.alpnach\/","article_modified_time":"2023-07-10T14:00:48+00:00","og_image":[{"width":400,"height":305,"url":"https:\/\/www.credimex.ch\/wp-content\/uploads\/2022\/07\/CPTwiregrp_1.gif","type":"image\/gif"}],"twitter_card":"summary_large_image","twitter_misc":{"Dur\u00e9e de lecture estim\u00e9e":"2 minutes"},"schema":{"@context":"https:\/\/schema.org","@graph":[{"@type":"WebPage","@id":"https:\/\/www.credimex.ch\/fr\/produit\/isolateurs-a-cable-metallique-compacts-enidine\/","url":"https:\/\/www.credimex.ch\/fr\/produit\/isolateurs-a-cable-metallique-compacts-enidine\/","name":"Isolateurs compacts \u00e0 c\u00e2ble m\u00e9tallique Enidine - CREDIMEX","isPartOf":{"@id":"https:\/\/www.credimex.ch\/fr\/#website"},"primaryImageOfPage":{"@id":"https:\/\/www.credimex.ch\/fr\/produit\/isolateurs-a-cable-metallique-compacts-enidine\/#primaryimage"},"image":{"@id":"https:\/\/www.credimex.ch\/fr\/produit\/isolateurs-a-cable-metallique-compacts-enidine\/#primaryimage"},"thumbnailUrl":"https:\/\/www.credimex.ch\/wp-content\/uploads\/2022\/07\/CPTwiregrp_1.gif","datePublished":"2022-07-06T13:29:14+00:00","dateModified":"2023-07-10T14:00:48+00:00","description":"Utilisez les isolateurs \u00e0 c\u00e2ble m\u00e9tallique compacts ENIDINE pour obtenir les meilleures performances en mati\u00e8re d'isolation vibratoire et de petites configurations de supports vibratoires.","breadcrumb":{"@id":"https:\/\/www.credimex.ch\/fr\/produit\/isolateurs-a-cable-metallique-compacts-enidine\/#breadcrumb"},"inLanguage":"fr-FR","potentialAction":[{"@type":"ReadAction","target":["https:\/\/www.credimex.ch\/fr\/produit\/isolateurs-a-cable-metallique-compacts-enidine\/"]}]},{"@type":"ImageObject","inLanguage":"fr-FR","@id":"https:\/\/www.credimex.ch\/fr\/produit\/isolateurs-a-cable-metallique-compacts-enidine\/#primaryimage","url":"https:\/\/www.credimex.ch\/wp-content\/uploads\/2022\/07\/CPTwiregrp_1.gif","contentUrl":"https:\/\/www.credimex.ch\/wp-content\/uploads\/2022\/07\/CPTwiregrp_1.gif","width":400,"height":305},{"@type":"BreadcrumbList","@id":"https:\/\/www.credimex.ch\/fr\/produit\/isolateurs-a-cable-metallique-compacts-enidine\/#breadcrumb","itemListElement":[{"@type":"ListItem","position":1,"name":"Home","item":"https:\/\/www.credimex.ch\/fr\/"},{"@type":"ListItem","position":2,"name":"Produits","item":"https:\/\/www.credimex.ch\/fr\/produits\/"},{"@type":"ListItem","position":3,"name":"Isolateurs compacts \u00e0 c\u00e2ble m\u00e9tallique Enidine"}]},{"@type":"WebSite","@id":"https:\/\/www.credimex.ch\/fr\/#website","url":"https:\/\/www.credimex.ch\/fr\/","name":"CREDIMEX","description":"Partner of Swiss Industrial Market","publisher":{"@id":"https:\/\/www.credimex.ch\/fr\/#organization"},"potentialAction":[{"@type":"SearchAction","target":{"@type":"EntryPoint","urlTemplate":"https:\/\/www.credimex.ch\/fr\/?s={search_term_string}"},"query-input":{"@type":"PropertyValueSpecification","valueRequired":true,"valueName":"search_term_string"}}],"inLanguage":"fr-FR"},{"@type":"Organization","@id":"https:\/\/www.credimex.ch\/fr\/#organization","name":"credimex","url":"https:\/\/www.credimex.ch\/fr\/","logo":{"@type":"ImageObject","inLanguage":"fr-FR","@id":"https:\/\/www.credimex.ch\/fr\/#\/schema\/logo\/image\/","url":"https:\/\/www.credimex.ch\/wp-content\/uploads\/2022\/03\/cropped-logo-credimex.png","contentUrl":"https:\/\/www.credimex.ch\/wp-content\/uploads\/2022\/03\/cropped-logo-credimex.png","width":512,"height":512,"caption":"credimex"},"image":{"@id":"https:\/\/www.credimex.ch\/fr\/#\/schema\/logo\/image\/"},"sameAs":["https:\/\/www.facebook.com\/credimex.alpnach\/","https:\/\/www.linkedin.com\/company\/credimex\/","https:\/\/www.youtube.com\/@CREDIMEX?sub_confirmation=1"]}]}},"_links":{"self":[{"href":"https:\/\/www.credimex.ch\/fr\/wp-json\/wp\/v2\/product\/4247","targetHints":{"allow":["GET"]}}],"collection":[{"href":"https:\/\/www.credimex.ch\/fr\/wp-json\/wp\/v2\/product"}],"about":[{"href":"https:\/\/www.credimex.ch\/fr\/wp-json\/wp\/v2\/types\/product"}],"replies":[{"embeddable":true,"href":"https:\/\/www.credimex.ch\/fr\/wp-json\/wp\/v2\/comments?post=4247"}],"wp:featuredmedia":[{"embeddable":true,"href":"https:\/\/www.credimex.ch\/fr\/wp-json\/wp\/v2\/media\/3348"}],"wp:attachment":[{"href":"https:\/\/www.credimex.ch\/fr\/wp-json\/wp\/v2\/media?parent=4247"}],"wp:term":[{"taxonomy":"product_brand","embeddable":true,"href":"https:\/\/www.credimex.ch\/fr\/wp-json\/wp\/v2\/product_brand?post=4247"},{"taxonomy":"product_cat","embeddable":true,"href":"https:\/\/www.credimex.ch\/fr\/wp-json\/wp\/v2\/product_cat?post=4247"},{"taxonomy":"product_tag","embeddable":true,"href":"https:\/\/www.credimex.ch\/fr\/wp-json\/wp\/v2\/product_tag?post=4247"}],"curies":[{"name":"wp","href":"https:\/\/api.w.org\/{rel}","templated":true}]}}