{"id":4249,"date":"2022-07-06T15:03:03","date_gmt":"2022-07-06T13:03:03","guid":{"rendered":"https:\/\/www.credimex.ch.mialias.net\/product\/grippeur-airpot-gram-force\/"},"modified":"2023-02-20T11:57:33","modified_gmt":"2023-02-20T10:57:33","slug":"airpot-gram-force-gripper-2","status":"publish","type":"product","link":"https:\/\/www.credimex.ch\/fr\/produit\/airpot-gram-force-gripper-2\/","title":{"rendered":"Grippeur Airpot Gram Force"},"content":{"rendered":"<h2>Description<\/h2>\n<p>Les pinces Airpot Gram Force assurent une pr\u00e9cision de force sans compromis avec de larges plages de temp\u00e9ratures de fonctionnement. Et une r\u00e9p\u00e9tabilit\u00e9 sur laquelle vous pouvez compter. Jour apr\u00e8s jour, des millions de fois. Lubrification ? Jamais ! Il est pr\u00e9-lubrifi\u00e9 \u00e0 vie et ne n\u00e9cessite donc aucun entretien. La petite taille et la masse totale de 205 grammes seulement permettent \u00e0 cette pince d&rsquo;\u00eatre l\u00e9g\u00e8re sur ses pieds. Ses blocs de montage en acier inoxydable s&rsquo;adaptent \u00e0 des longueurs de doigts allant jusqu&rsquo;\u00e0 75 mm. Et gr\u00e2ce \u00e0 sa conception synchrone et parall\u00e8le, il est contrebalanc\u00e9 pour fournir une force de pr\u00e9hension immuable, quelle que soit l&rsquo;orientation du montage : C&rsquo;est une pince polyvalente comme aucune autre.<\/p>\n<h2>Avantages du produit<\/h2>\n<p>\u00c0 l&rsquo;int\u00e9rieur de la pince Airpot\u00ae GramForce\u00ae (voir ci-dessous), vous constaterez qu&rsquo;elle est entra\u00een\u00e9e par deux minuscules actionneurs pneumatiques Airpot de 5,6 mm d&rsquo;al\u00e9sage et \u00e0 tr\u00e8s faible friction, am\u00e9lior\u00e9s par notre technologie Airpel\u00ae Plus. Si cela n&rsquo;attire pas votre attention, les blocs de chariot mont\u00e9s sur un rail en acier inoxydable de pr\u00e9cision IKO* le feront. De m\u00eame que sa capacit\u00e9 \u00e0 fonctionner \u00e0 des pressions allant de 0,02 MPa \u00e0 0,7 MPa, tout en fournissant des forces de maintien pr\u00e9cises allant de 0,25 N \u00e0 8,6 N.<\/p>\n<h2>Application<\/h2>\n<p>Que les pi\u00e8ces avec lesquelles vous devez travailler soient extr\u00eamement fragiles, douces, d\u00e9licates ou sensibles, vous verrez qu&rsquo;elles peuvent d\u00e9sormais \u00eatre saisies, maintenues ou positionn\u00e9es avec pr\u00e9cision et en toute s\u00e9curit\u00e9 gr\u00e2ce \u00e0 cette pince d&rsquo;une habilet\u00e9 impressionnante. Il est id\u00e9al pour les \u00e9quipements d&rsquo;assemblage de pr\u00e9cision, les dispositifs de test et de mesure, les effecteurs de bras robotiques, la manipulation de petites pi\u00e8ces et les op\u00e9rations d&rsquo;usinage les plus d\u00e9licates que vous puissiez imaginer.<\/p>\n","protected":false},"excerpt":{"rendered":"<p>Les pinces Airpot Gram Force assurent une pr\u00e9cision de force sans compromis, fonctionnant dans de larges plages de temp\u00e9ratures de fonctionnement sans n\u00e9cessiter de lubrification suppl\u00e9mentaire.<\/p>\n","protected":false},"featured_media":3344,"comment_status":"open","ping_status":"closed","template":"","meta":{"_acf_changed":false},"product_brand":[],"product_cat":[550,341,549,340,413,677,376,411,384,475,375,361,360,414,412],"product_tag":[],"class_list":{"0":"post-4249","1":"product","2":"type-product","3":"status-publish","4":"has-post-thumbnail","6":"product_cat-absorption-denergie","7":"product_cat-aerospatiale","8":"product_cat-airpot","9":"product_cat-automobile","10":"product_cat-batteries","11":"product_cat-cylindres-a-air-airpot","12":"product_cat-e-mobilite","13":"product_cat-electronique","14":"product_cat-energie","15":"product_cat-fabrication-de-montres","16":"product_cat-ferroviaire","17":"product_cat-industrie-alimentaire","18":"product_cat-industrie-generale","19":"product_cat-medical","20":"product_cat-telepheriques","21":"pa_brands-airpot-fr","23":"first","24":"instock","25":"shipping-taxable","26":"product-type-simple"},"acf":[],"_yoast_wpseo_focuskw":"Grippeur Airpot Gram Force","_yoast_wpseo_metadesc":"Les pinces Airpot Gram Force assurent une pr\u00e9cision de force sans compromis, fonctionnant dans de larges plages de temp\u00e9rature sans n\u00e9cessiter de lubrification suppl\u00e9mentaire.","yoast_head":"<!-- This site is optimized with the Yoast SEO Premium plugin v21.6 (Yoast SEO v27.4) - https:\/\/yoast.com\/product\/yoast-seo-premium-wordpress\/ -->\n<title>Grippeur Airpot Gram Force - CREDIMEX<\/title>\n<meta name=\"description\" content=\"Les pinces Airpot Gram Force assurent une pr\u00e9cision de force sans compromis, fonctionnant dans de larges plages de temp\u00e9rature sans n\u00e9cessiter de lubrification suppl\u00e9mentaire.\" \/>\n<meta name=\"robots\" content=\"index, follow, max-snippet:-1, max-image-preview:large, max-video-preview:-1\" \/>\n<link rel=\"canonical\" href=\"https:\/\/www.credimex.ch\/fr\/produit\/airpot-gram-force-gripper-2\/\" \/>\n<meta property=\"og:locale\" content=\"fr_FR\" \/>\n<meta property=\"og:type\" content=\"article\" \/>\n<meta property=\"og:title\" content=\"Grippeur Airpot Gram Force\" \/>\n<meta property=\"og:description\" content=\"Les pinces Airpot Gram Force assurent une pr\u00e9cision de force sans compromis, fonctionnant dans de larges plages de temp\u00e9rature sans n\u00e9cessiter de lubrification suppl\u00e9mentaire.\" \/>\n<meta property=\"og:url\" content=\"https:\/\/www.credimex.ch\/fr\/produit\/airpot-gram-force-gripper-2\/\" \/>\n<meta property=\"og:site_name\" content=\"CREDIMEX\" \/>\n<meta property=\"article:publisher\" content=\"https:\/\/www.facebook.com\/credimex.alpnach\/\" \/>\n<meta property=\"article:modified_time\" content=\"2023-02-20T10:57:33+00:00\" \/>\n<meta property=\"og:image\" content=\"https:\/\/www.credimex.ch\/wp-content\/uploads\/2022\/07\/Screenshot-2022-07-06-at-15.01.55-1024x944.png\" \/>\n\t<meta property=\"og:image:width\" content=\"1024\" \/>\n\t<meta property=\"og:image:height\" content=\"944\" \/>\n\t<meta property=\"og:image:type\" content=\"image\/png\" \/>\n<meta name=\"twitter:card\" content=\"summary_large_image\" \/>\n<meta name=\"twitter:label1\" content=\"Dur\u00e9e de lecture estim\u00e9e\" \/>\n\t<meta name=\"twitter:data1\" content=\"2 minutes\" \/>\n<script type=\"application\/ld+json\" class=\"yoast-schema-graph\">{\"@context\":\"https:\\\/\\\/schema.org\",\"@graph\":[{\"@type\":\"WebPage\",\"@id\":\"https:\\\/\\\/www.credimex.ch\\\/fr\\\/produit\\\/airpot-gram-force-gripper-2\\\/\",\"url\":\"https:\\\/\\\/www.credimex.ch\\\/fr\\\/produit\\\/airpot-gram-force-gripper-2\\\/\",\"name\":\"Grippeur Airpot Gram Force - CREDIMEX\",\"isPartOf\":{\"@id\":\"https:\\\/\\\/www.credimex.ch\\\/fr\\\/#website\"},\"primaryImageOfPage\":{\"@id\":\"https:\\\/\\\/www.credimex.ch\\\/fr\\\/produit\\\/airpot-gram-force-gripper-2\\\/#primaryimage\"},\"image\":{\"@id\":\"https:\\\/\\\/www.credimex.ch\\\/fr\\\/produit\\\/airpot-gram-force-gripper-2\\\/#primaryimage\"},\"thumbnailUrl\":\"https:\\\/\\\/www.credimex.ch\\\/wp-content\\\/uploads\\\/2022\\\/07\\\/Screenshot-2022-07-06-at-15.01.55.png\",\"datePublished\":\"2022-07-06T13:03:03+00:00\",\"dateModified\":\"2023-02-20T10:57:33+00:00\",\"description\":\"Les pinces Airpot Gram Force assurent une pr\u00e9cision de force sans compromis, fonctionnant dans de larges plages de temp\u00e9rature sans n\u00e9cessiter de lubrification suppl\u00e9mentaire.\",\"breadcrumb\":{\"@id\":\"https:\\\/\\\/www.credimex.ch\\\/fr\\\/produit\\\/airpot-gram-force-gripper-2\\\/#breadcrumb\"},\"inLanguage\":\"fr-FR\",\"potentialAction\":[{\"@type\":\"ReadAction\",\"target\":[\"https:\\\/\\\/www.credimex.ch\\\/fr\\\/produit\\\/airpot-gram-force-gripper-2\\\/\"]}]},{\"@type\":\"ImageObject\",\"inLanguage\":\"fr-FR\",\"@id\":\"https:\\\/\\\/www.credimex.ch\\\/fr\\\/produit\\\/airpot-gram-force-gripper-2\\\/#primaryimage\",\"url\":\"https:\\\/\\\/www.credimex.ch\\\/wp-content\\\/uploads\\\/2022\\\/07\\\/Screenshot-2022-07-06-at-15.01.55.png\",\"contentUrl\":\"https:\\\/\\\/www.credimex.ch\\\/wp-content\\\/uploads\\\/2022\\\/07\\\/Screenshot-2022-07-06-at-15.01.55.png\",\"width\":1534,\"height\":1414},{\"@type\":\"BreadcrumbList\",\"@id\":\"https:\\\/\\\/www.credimex.ch\\\/fr\\\/produit\\\/airpot-gram-force-gripper-2\\\/#breadcrumb\",\"itemListElement\":[{\"@type\":\"ListItem\",\"position\":1,\"name\":\"Home\",\"item\":\"https:\\\/\\\/www.credimex.ch\\\/fr\\\/\"},{\"@type\":\"ListItem\",\"position\":2,\"name\":\"Produits\",\"item\":\"https:\\\/\\\/www.credimex.ch\\\/fr\\\/produits\\\/\"},{\"@type\":\"ListItem\",\"position\":3,\"name\":\"Grippeur Airpot Gram Force\"}]},{\"@type\":\"WebSite\",\"@id\":\"https:\\\/\\\/www.credimex.ch\\\/fr\\\/#website\",\"url\":\"https:\\\/\\\/www.credimex.ch\\\/fr\\\/\",\"name\":\"CREDIMEX\",\"description\":\"Partner of Swiss Industrial Market\",\"publisher\":{\"@id\":\"https:\\\/\\\/www.credimex.ch\\\/fr\\\/#organization\"},\"potentialAction\":[{\"@type\":\"SearchAction\",\"target\":{\"@type\":\"EntryPoint\",\"urlTemplate\":\"https:\\\/\\\/www.credimex.ch\\\/fr\\\/?s={search_term_string}\"},\"query-input\":{\"@type\":\"PropertyValueSpecification\",\"valueRequired\":true,\"valueName\":\"search_term_string\"}}],\"inLanguage\":\"fr-FR\"},{\"@type\":\"Organization\",\"@id\":\"https:\\\/\\\/www.credimex.ch\\\/fr\\\/#organization\",\"name\":\"credimex\",\"url\":\"https:\\\/\\\/www.credimex.ch\\\/fr\\\/\",\"logo\":{\"@type\":\"ImageObject\",\"inLanguage\":\"fr-FR\",\"@id\":\"https:\\\/\\\/www.credimex.ch\\\/fr\\\/#\\\/schema\\\/logo\\\/image\\\/\",\"url\":\"https:\\\/\\\/www.credimex.ch\\\/wp-content\\\/uploads\\\/2022\\\/03\\\/cropped-logo-credimex.png\",\"contentUrl\":\"https:\\\/\\\/www.credimex.ch\\\/wp-content\\\/uploads\\\/2022\\\/03\\\/cropped-logo-credimex.png\",\"width\":512,\"height\":512,\"caption\":\"credimex\"},\"image\":{\"@id\":\"https:\\\/\\\/www.credimex.ch\\\/fr\\\/#\\\/schema\\\/logo\\\/image\\\/\"},\"sameAs\":[\"https:\\\/\\\/www.facebook.com\\\/credimex.alpnach\\\/\",\"https:\\\/\\\/www.linkedin.com\\\/company\\\/credimex\\\/\",\"https:\\\/\\\/www.youtube.com\\\/@CREDIMEX?sub_confirmation=1\"]}]}<\/script>\n<!-- \/ Yoast SEO Premium plugin. -->","yoast_head_json":{"title":"Grippeur Airpot Gram Force - CREDIMEX","description":"Les pinces Airpot Gram Force assurent une pr\u00e9cision de force sans compromis, fonctionnant dans de larges plages de temp\u00e9rature sans n\u00e9cessiter de lubrification suppl\u00e9mentaire.","robots":{"index":"index","follow":"follow","max-snippet":"max-snippet:-1","max-image-preview":"max-image-preview:large","max-video-preview":"max-video-preview:-1"},"canonical":"https:\/\/www.credimex.ch\/fr\/produit\/airpot-gram-force-gripper-2\/","og_locale":"fr_FR","og_type":"article","og_title":"Grippeur Airpot Gram Force","og_description":"Les pinces Airpot Gram Force assurent une pr\u00e9cision de force sans compromis, fonctionnant dans de larges plages de temp\u00e9rature sans n\u00e9cessiter de lubrification suppl\u00e9mentaire.","og_url":"https:\/\/www.credimex.ch\/fr\/produit\/airpot-gram-force-gripper-2\/","og_site_name":"CREDIMEX","article_publisher":"https:\/\/www.facebook.com\/credimex.alpnach\/","article_modified_time":"2023-02-20T10:57:33+00:00","og_image":[{"width":1024,"height":944,"url":"https:\/\/www.credimex.ch\/wp-content\/uploads\/2022\/07\/Screenshot-2022-07-06-at-15.01.55-1024x944.png","type":"image\/png"}],"twitter_card":"summary_large_image","twitter_misc":{"Dur\u00e9e de lecture estim\u00e9e":"2 minutes"},"schema":{"@context":"https:\/\/schema.org","@graph":[{"@type":"WebPage","@id":"https:\/\/www.credimex.ch\/fr\/produit\/airpot-gram-force-gripper-2\/","url":"https:\/\/www.credimex.ch\/fr\/produit\/airpot-gram-force-gripper-2\/","name":"Grippeur Airpot Gram Force - CREDIMEX","isPartOf":{"@id":"https:\/\/www.credimex.ch\/fr\/#website"},"primaryImageOfPage":{"@id":"https:\/\/www.credimex.ch\/fr\/produit\/airpot-gram-force-gripper-2\/#primaryimage"},"image":{"@id":"https:\/\/www.credimex.ch\/fr\/produit\/airpot-gram-force-gripper-2\/#primaryimage"},"thumbnailUrl":"https:\/\/www.credimex.ch\/wp-content\/uploads\/2022\/07\/Screenshot-2022-07-06-at-15.01.55.png","datePublished":"2022-07-06T13:03:03+00:00","dateModified":"2023-02-20T10:57:33+00:00","description":"Les pinces Airpot Gram Force assurent une pr\u00e9cision de force sans compromis, fonctionnant dans de larges plages de temp\u00e9rature sans n\u00e9cessiter de lubrification suppl\u00e9mentaire.","breadcrumb":{"@id":"https:\/\/www.credimex.ch\/fr\/produit\/airpot-gram-force-gripper-2\/#breadcrumb"},"inLanguage":"fr-FR","potentialAction":[{"@type":"ReadAction","target":["https:\/\/www.credimex.ch\/fr\/produit\/airpot-gram-force-gripper-2\/"]}]},{"@type":"ImageObject","inLanguage":"fr-FR","@id":"https:\/\/www.credimex.ch\/fr\/produit\/airpot-gram-force-gripper-2\/#primaryimage","url":"https:\/\/www.credimex.ch\/wp-content\/uploads\/2022\/07\/Screenshot-2022-07-06-at-15.01.55.png","contentUrl":"https:\/\/www.credimex.ch\/wp-content\/uploads\/2022\/07\/Screenshot-2022-07-06-at-15.01.55.png","width":1534,"height":1414},{"@type":"BreadcrumbList","@id":"https:\/\/www.credimex.ch\/fr\/produit\/airpot-gram-force-gripper-2\/#breadcrumb","itemListElement":[{"@type":"ListItem","position":1,"name":"Home","item":"https:\/\/www.credimex.ch\/fr\/"},{"@type":"ListItem","position":2,"name":"Produits","item":"https:\/\/www.credimex.ch\/fr\/produits\/"},{"@type":"ListItem","position":3,"name":"Grippeur Airpot Gram Force"}]},{"@type":"WebSite","@id":"https:\/\/www.credimex.ch\/fr\/#website","url":"https:\/\/www.credimex.ch\/fr\/","name":"CREDIMEX","description":"Partner of Swiss Industrial Market","publisher":{"@id":"https:\/\/www.credimex.ch\/fr\/#organization"},"potentialAction":[{"@type":"SearchAction","target":{"@type":"EntryPoint","urlTemplate":"https:\/\/www.credimex.ch\/fr\/?s={search_term_string}"},"query-input":{"@type":"PropertyValueSpecification","valueRequired":true,"valueName":"search_term_string"}}],"inLanguage":"fr-FR"},{"@type":"Organization","@id":"https:\/\/www.credimex.ch\/fr\/#organization","name":"credimex","url":"https:\/\/www.credimex.ch\/fr\/","logo":{"@type":"ImageObject","inLanguage":"fr-FR","@id":"https:\/\/www.credimex.ch\/fr\/#\/schema\/logo\/image\/","url":"https:\/\/www.credimex.ch\/wp-content\/uploads\/2022\/03\/cropped-logo-credimex.png","contentUrl":"https:\/\/www.credimex.ch\/wp-content\/uploads\/2022\/03\/cropped-logo-credimex.png","width":512,"height":512,"caption":"credimex"},"image":{"@id":"https:\/\/www.credimex.ch\/fr\/#\/schema\/logo\/image\/"},"sameAs":["https:\/\/www.facebook.com\/credimex.alpnach\/","https:\/\/www.linkedin.com\/company\/credimex\/","https:\/\/www.youtube.com\/@CREDIMEX?sub_confirmation=1"]}]}},"_links":{"self":[{"href":"https:\/\/www.credimex.ch\/fr\/wp-json\/wp\/v2\/product\/4249","targetHints":{"allow":["GET"]}}],"collection":[{"href":"https:\/\/www.credimex.ch\/fr\/wp-json\/wp\/v2\/product"}],"about":[{"href":"https:\/\/www.credimex.ch\/fr\/wp-json\/wp\/v2\/types\/product"}],"replies":[{"embeddable":true,"href":"https:\/\/www.credimex.ch\/fr\/wp-json\/wp\/v2\/comments?post=4249"}],"wp:featuredmedia":[{"embeddable":true,"href":"https:\/\/www.credimex.ch\/fr\/wp-json\/wp\/v2\/media\/3344"}],"wp:attachment":[{"href":"https:\/\/www.credimex.ch\/fr\/wp-json\/wp\/v2\/media?parent=4249"}],"wp:term":[{"taxonomy":"product_brand","embeddable":true,"href":"https:\/\/www.credimex.ch\/fr\/wp-json\/wp\/v2\/product_brand?post=4249"},{"taxonomy":"product_cat","embeddable":true,"href":"https:\/\/www.credimex.ch\/fr\/wp-json\/wp\/v2\/product_cat?post=4249"},{"taxonomy":"product_tag","embeddable":true,"href":"https:\/\/www.credimex.ch\/fr\/wp-json\/wp\/v2\/product_tag?post=4249"}],"curies":[{"name":"wp","href":"https:\/\/api.w.org\/{rel}","templated":true}]}}