{"id":4251,"date":"2022-07-06T14:51:16","date_gmt":"2022-07-06T12:51:16","guid":{"rendered":"https:\/\/www.credimex.ch.mialias.net\/product\/jeux-de-cylindres-a-pistons-airpot\/"},"modified":"2022-07-06T14:51:16","modified_gmt":"2022-07-06T12:51:16","slug":"jeux-de-pistons-cylindres-pour-pots-dair","status":"publish","type":"product","link":"https:\/\/www.credimex.ch\/fr\/produit\/jeux-de-pistons-cylindres-pour-pots-dair\/","title":{"rendered":"Jeux de cylindres \u00e0 pistons Airpot"},"content":{"rendered":"<h2>Description<\/h2>\n<p>Les ensembles de v\u00e9rins \u00e0 piston Airpot constituent d&rsquo;excellents blocs de construction pour les ing\u00e9nieurs qui ont besoin de dispositifs m\u00e9caniques ou pneumatiques personnalis\u00e9s. Les kits sont dot\u00e9s de la technologie Airpot de cylindre en verre borosilicate et de piston en graphite, qui permet d&rsquo;utiliser des tol\u00e9rances extr\u00eamement serr\u00e9es pour obtenir un ajustement de haute pr\u00e9cision et un contr\u00f4le des fuites, tout en offrant un dispositif pneumatique sans joint et autolubrifiant ou un dispositif de roulement \u00e0 faible charge. Chaque ensemble piston-cylindre est adapt\u00e9 individuellement pour une performance optimale. Les pistons \u00e0 tr\u00e8s faible friction r\u00e9pondent \u00e0 des forces d&rsquo;un seul gramme et \u00e0 de faibles pressions de moins de 0,2 psi. Le frottement est pratiquement \u00e9limin\u00e9, ce qui signifie que les frottements au d\u00e9marrage et en fonctionnement sont presque identiques et que le mouvement est uniform\u00e9ment r\u00e9gulier et constant d\u00e8s le d\u00e9part et tout au long du cycle de course complet du dispositif.<\/p>\n<h2>Avantages du produit<\/h2>\n<p>Les kits piston et cylindre Airpot ne sont pas affect\u00e9s par les variations extr\u00eames de temp\u00e9rature, fonctionnent proprement et ne contaminent pas les composants environnants. Aucun joint de piston n&rsquo;est n\u00e9cessaire, et il n&rsquo;y a aucun liquide ou lubrifiant \u00e0 fuir. Les mat\u00e9riaux utilis\u00e9s sont capables d&rsquo;atteindre des taux de cycle extr\u00eamement \u00e9lev\u00e9s. Ils ne chauffent pas et ne subissent pas de modifications mat\u00e9rielles dans des conditions de cycles rapides et\/ou continus et ont une dur\u00e9e de vie de plusieurs millions de cycles.<\/p>\n<p>Les kits de piston et de cylindre Airpot pr\u00e9sentent une masse tr\u00e8s faible, aucune d\u00e9t\u00e9rioration ou modification des performances due \u00e0 l&rsquo;\u00e2ge ou \u00e0 la non-utilisation, ont la capacit\u00e9 de se d\u00e9placer lin\u00e9airement et en rotation simultan\u00e9ment, et utilisent un cylindre clair et transparent. Lorsqu&rsquo;ils sont aliment\u00e9s par de l&rsquo;air comprim\u00e9, les performances maximales peuvent \u00eatre am\u00e9lior\u00e9es lorsqu&rsquo;ils sont utilis\u00e9s en conjonction avec les filtres\/r\u00e9gulateurs basse pression de pr\u00e9cision FFR d&rsquo;Airpot.<\/p>\n<h2>Application<\/h2>\n<p>Les concepteurs innovants utilisent les kits de piston et de cylindre Airpot comme roulements lin\u00e9aires, capteurs de vide, capteurs d&rsquo;inertie, pompes \u00e0 piston portables, capteurs de position, distributeurs, indicateurs de d\u00e9bit, capteurs de pression, distributeurs, dispositifs d&rsquo;\u00e9talonnage pneumatique, pistons de moteur Stirling, et pour de nombreuses autres applications exigeantes.<\/p>\n","protected":false},"excerpt":{"rendered":"<p>Les <strong>ensembles de v\u00e9rins \u00e0 piston Airpot<\/strong> constituent d&rsquo;excellents blocs de construction pour les ing\u00e9nieurs qui ont besoin de dispositifs m\u00e9caniques ou pneumatiques personnalis\u00e9s.<\/p>\n","protected":false},"featured_media":3342,"comment_status":"open","ping_status":"closed","template":"","meta":{"_acf_changed":false},"product_brand":[],"product_cat":[550,341,549,340,413,677,376,411,384,475,375,361,360,414,412],"product_tag":[],"class_list":{"0":"post-4251","1":"product","2":"type-product","3":"status-publish","4":"has-post-thumbnail","6":"product_cat-absorption-denergie","7":"product_cat-aerospatiale","8":"product_cat-airpot","9":"product_cat-automobile","10":"product_cat-batteries","11":"product_cat-cylindres-a-air-airpot","12":"product_cat-e-mobilite","13":"product_cat-electronique","14":"product_cat-energie","15":"product_cat-fabrication-de-montres","16":"product_cat-ferroviaire","17":"product_cat-industrie-alimentaire","18":"product_cat-industrie-generale","19":"product_cat-medical","20":"product_cat-telepheriques","21":"pa_brands-airpot-fr","23":"first","24":"instock","25":"shipping-taxable","26":"product-type-simple"},"acf":[],"_yoast_wpseo_focuskw":"Jeux de cylindres \u00e0 pistons Airpot","_yoast_wpseo_metadesc":"Les ensembles de v\u00e9rins \u00e0 piston Airpot constituent d'excellents blocs de construction pour les ing\u00e9nieurs qui ont besoin de dispositifs m\u00e9caniques ou pneumatiques personnalis\u00e9s.","yoast_head":"<!-- This site is optimized with the Yoast SEO Premium plugin v21.6 (Yoast SEO v27.4) - https:\/\/yoast.com\/product\/yoast-seo-premium-wordpress\/ -->\n<title>Jeux de cylindres \u00e0 pistons Airpot - CREDIMEX<\/title>\n<meta name=\"description\" content=\"Les ensembles de v\u00e9rins \u00e0 piston Airpot constituent d&#039;excellents blocs de construction pour les ing\u00e9nieurs qui ont besoin de dispositifs m\u00e9caniques ou pneumatiques personnalis\u00e9s.\" \/>\n<meta name=\"robots\" content=\"index, follow, max-snippet:-1, max-image-preview:large, max-video-preview:-1\" \/>\n<link rel=\"canonical\" href=\"https:\/\/www.credimex.ch\/fr\/produit\/jeux-de-pistons-cylindres-pour-pots-dair\/\" \/>\n<meta property=\"og:locale\" content=\"fr_FR\" \/>\n<meta property=\"og:type\" content=\"article\" \/>\n<meta property=\"og:title\" content=\"Jeux de cylindres \u00e0 pistons Airpot\" \/>\n<meta property=\"og:description\" content=\"Les ensembles de v\u00e9rins \u00e0 piston Airpot constituent d&#039;excellents blocs de construction pour les ing\u00e9nieurs qui ont besoin de dispositifs m\u00e9caniques ou pneumatiques personnalis\u00e9s.\" \/>\n<meta property=\"og:url\" content=\"https:\/\/www.credimex.ch\/fr\/produit\/jeux-de-pistons-cylindres-pour-pots-dair\/\" \/>\n<meta property=\"og:site_name\" content=\"CREDIMEX\" \/>\n<meta property=\"article:publisher\" content=\"https:\/\/www.facebook.com\/credimex.alpnach\/\" \/>\n<meta property=\"og:image\" content=\"https:\/\/www.credimex.ch\/wp-content\/uploads\/2022\/07\/1871_PistonCylinderSetFamily_Seals.jpeg\" \/>\n\t<meta property=\"og:image:width\" content=\"1200\" \/>\n\t<meta property=\"og:image:height\" content=\"528\" \/>\n\t<meta property=\"og:image:type\" content=\"image\/jpeg\" \/>\n<meta name=\"twitter:card\" content=\"summary_large_image\" \/>\n<meta name=\"twitter:label1\" content=\"Dur\u00e9e de lecture estim\u00e9e\" \/>\n\t<meta name=\"twitter:data1\" content=\"2 minutes\" \/>\n<script type=\"application\/ld+json\" class=\"yoast-schema-graph\">{\"@context\":\"https:\\\/\\\/schema.org\",\"@graph\":[{\"@type\":\"WebPage\",\"@id\":\"https:\\\/\\\/www.credimex.ch\\\/fr\\\/produit\\\/jeux-de-pistons-cylindres-pour-pots-dair\\\/\",\"url\":\"https:\\\/\\\/www.credimex.ch\\\/fr\\\/produit\\\/jeux-de-pistons-cylindres-pour-pots-dair\\\/\",\"name\":\"Jeux de cylindres \u00e0 pistons Airpot - CREDIMEX\",\"isPartOf\":{\"@id\":\"https:\\\/\\\/www.credimex.ch\\\/fr\\\/#website\"},\"primaryImageOfPage\":{\"@id\":\"https:\\\/\\\/www.credimex.ch\\\/fr\\\/produit\\\/jeux-de-pistons-cylindres-pour-pots-dair\\\/#primaryimage\"},\"image\":{\"@id\":\"https:\\\/\\\/www.credimex.ch\\\/fr\\\/produit\\\/jeux-de-pistons-cylindres-pour-pots-dair\\\/#primaryimage\"},\"thumbnailUrl\":\"https:\\\/\\\/www.credimex.ch\\\/wp-content\\\/uploads\\\/2022\\\/07\\\/1871_PistonCylinderSetFamily_Seals.jpeg\",\"datePublished\":\"2022-07-06T12:51:16+00:00\",\"description\":\"Les ensembles de v\u00e9rins \u00e0 piston Airpot constituent d'excellents blocs de construction pour les ing\u00e9nieurs qui ont besoin de dispositifs m\u00e9caniques ou pneumatiques personnalis\u00e9s.\",\"breadcrumb\":{\"@id\":\"https:\\\/\\\/www.credimex.ch\\\/fr\\\/produit\\\/jeux-de-pistons-cylindres-pour-pots-dair\\\/#breadcrumb\"},\"inLanguage\":\"fr-FR\",\"potentialAction\":[{\"@type\":\"ReadAction\",\"target\":[\"https:\\\/\\\/www.credimex.ch\\\/fr\\\/produit\\\/jeux-de-pistons-cylindres-pour-pots-dair\\\/\"]}]},{\"@type\":\"ImageObject\",\"inLanguage\":\"fr-FR\",\"@id\":\"https:\\\/\\\/www.credimex.ch\\\/fr\\\/produit\\\/jeux-de-pistons-cylindres-pour-pots-dair\\\/#primaryimage\",\"url\":\"https:\\\/\\\/www.credimex.ch\\\/wp-content\\\/uploads\\\/2022\\\/07\\\/1871_PistonCylinderSetFamily_Seals.jpeg\",\"contentUrl\":\"https:\\\/\\\/www.credimex.ch\\\/wp-content\\\/uploads\\\/2022\\\/07\\\/1871_PistonCylinderSetFamily_Seals.jpeg\",\"width\":1200,\"height\":528},{\"@type\":\"BreadcrumbList\",\"@id\":\"https:\\\/\\\/www.credimex.ch\\\/fr\\\/produit\\\/jeux-de-pistons-cylindres-pour-pots-dair\\\/#breadcrumb\",\"itemListElement\":[{\"@type\":\"ListItem\",\"position\":1,\"name\":\"Home\",\"item\":\"https:\\\/\\\/www.credimex.ch\\\/fr\\\/\"},{\"@type\":\"ListItem\",\"position\":2,\"name\":\"Produits\",\"item\":\"https:\\\/\\\/www.credimex.ch\\\/fr\\\/produits\\\/\"},{\"@type\":\"ListItem\",\"position\":3,\"name\":\"Jeux de cylindres \u00e0 pistons Airpot\"}]},{\"@type\":\"WebSite\",\"@id\":\"https:\\\/\\\/www.credimex.ch\\\/fr\\\/#website\",\"url\":\"https:\\\/\\\/www.credimex.ch\\\/fr\\\/\",\"name\":\"CREDIMEX\",\"description\":\"Partner of Swiss Industrial Market\",\"publisher\":{\"@id\":\"https:\\\/\\\/www.credimex.ch\\\/fr\\\/#organization\"},\"potentialAction\":[{\"@type\":\"SearchAction\",\"target\":{\"@type\":\"EntryPoint\",\"urlTemplate\":\"https:\\\/\\\/www.credimex.ch\\\/fr\\\/?s={search_term_string}\"},\"query-input\":{\"@type\":\"PropertyValueSpecification\",\"valueRequired\":true,\"valueName\":\"search_term_string\"}}],\"inLanguage\":\"fr-FR\"},{\"@type\":\"Organization\",\"@id\":\"https:\\\/\\\/www.credimex.ch\\\/fr\\\/#organization\",\"name\":\"credimex\",\"url\":\"https:\\\/\\\/www.credimex.ch\\\/fr\\\/\",\"logo\":{\"@type\":\"ImageObject\",\"inLanguage\":\"fr-FR\",\"@id\":\"https:\\\/\\\/www.credimex.ch\\\/fr\\\/#\\\/schema\\\/logo\\\/image\\\/\",\"url\":\"https:\\\/\\\/www.credimex.ch\\\/wp-content\\\/uploads\\\/2022\\\/03\\\/cropped-logo-credimex.png\",\"contentUrl\":\"https:\\\/\\\/www.credimex.ch\\\/wp-content\\\/uploads\\\/2022\\\/03\\\/cropped-logo-credimex.png\",\"width\":512,\"height\":512,\"caption\":\"credimex\"},\"image\":{\"@id\":\"https:\\\/\\\/www.credimex.ch\\\/fr\\\/#\\\/schema\\\/logo\\\/image\\\/\"},\"sameAs\":[\"https:\\\/\\\/www.facebook.com\\\/credimex.alpnach\\\/\",\"https:\\\/\\\/www.linkedin.com\\\/company\\\/credimex\\\/\",\"https:\\\/\\\/www.youtube.com\\\/@CREDIMEX?sub_confirmation=1\"]}]}<\/script>\n<!-- \/ Yoast SEO Premium plugin. -->","yoast_head_json":{"title":"Jeux de cylindres \u00e0 pistons Airpot - CREDIMEX","description":"Les ensembles de v\u00e9rins \u00e0 piston Airpot constituent d'excellents blocs de construction pour les ing\u00e9nieurs qui ont besoin de dispositifs m\u00e9caniques ou pneumatiques personnalis\u00e9s.","robots":{"index":"index","follow":"follow","max-snippet":"max-snippet:-1","max-image-preview":"max-image-preview:large","max-video-preview":"max-video-preview:-1"},"canonical":"https:\/\/www.credimex.ch\/fr\/produit\/jeux-de-pistons-cylindres-pour-pots-dair\/","og_locale":"fr_FR","og_type":"article","og_title":"Jeux de cylindres \u00e0 pistons Airpot","og_description":"Les ensembles de v\u00e9rins \u00e0 piston Airpot constituent d'excellents blocs de construction pour les ing\u00e9nieurs qui ont besoin de dispositifs m\u00e9caniques ou pneumatiques personnalis\u00e9s.","og_url":"https:\/\/www.credimex.ch\/fr\/produit\/jeux-de-pistons-cylindres-pour-pots-dair\/","og_site_name":"CREDIMEX","article_publisher":"https:\/\/www.facebook.com\/credimex.alpnach\/","og_image":[{"width":1200,"height":528,"url":"https:\/\/www.credimex.ch\/wp-content\/uploads\/2022\/07\/1871_PistonCylinderSetFamily_Seals.jpeg","type":"image\/jpeg"}],"twitter_card":"summary_large_image","twitter_misc":{"Dur\u00e9e de lecture estim\u00e9e":"2 minutes"},"schema":{"@context":"https:\/\/schema.org","@graph":[{"@type":"WebPage","@id":"https:\/\/www.credimex.ch\/fr\/produit\/jeux-de-pistons-cylindres-pour-pots-dair\/","url":"https:\/\/www.credimex.ch\/fr\/produit\/jeux-de-pistons-cylindres-pour-pots-dair\/","name":"Jeux de cylindres \u00e0 pistons Airpot - CREDIMEX","isPartOf":{"@id":"https:\/\/www.credimex.ch\/fr\/#website"},"primaryImageOfPage":{"@id":"https:\/\/www.credimex.ch\/fr\/produit\/jeux-de-pistons-cylindres-pour-pots-dair\/#primaryimage"},"image":{"@id":"https:\/\/www.credimex.ch\/fr\/produit\/jeux-de-pistons-cylindres-pour-pots-dair\/#primaryimage"},"thumbnailUrl":"https:\/\/www.credimex.ch\/wp-content\/uploads\/2022\/07\/1871_PistonCylinderSetFamily_Seals.jpeg","datePublished":"2022-07-06T12:51:16+00:00","description":"Les ensembles de v\u00e9rins \u00e0 piston Airpot constituent d'excellents blocs de construction pour les ing\u00e9nieurs qui ont besoin de dispositifs m\u00e9caniques ou pneumatiques personnalis\u00e9s.","breadcrumb":{"@id":"https:\/\/www.credimex.ch\/fr\/produit\/jeux-de-pistons-cylindres-pour-pots-dair\/#breadcrumb"},"inLanguage":"fr-FR","potentialAction":[{"@type":"ReadAction","target":["https:\/\/www.credimex.ch\/fr\/produit\/jeux-de-pistons-cylindres-pour-pots-dair\/"]}]},{"@type":"ImageObject","inLanguage":"fr-FR","@id":"https:\/\/www.credimex.ch\/fr\/produit\/jeux-de-pistons-cylindres-pour-pots-dair\/#primaryimage","url":"https:\/\/www.credimex.ch\/wp-content\/uploads\/2022\/07\/1871_PistonCylinderSetFamily_Seals.jpeg","contentUrl":"https:\/\/www.credimex.ch\/wp-content\/uploads\/2022\/07\/1871_PistonCylinderSetFamily_Seals.jpeg","width":1200,"height":528},{"@type":"BreadcrumbList","@id":"https:\/\/www.credimex.ch\/fr\/produit\/jeux-de-pistons-cylindres-pour-pots-dair\/#breadcrumb","itemListElement":[{"@type":"ListItem","position":1,"name":"Home","item":"https:\/\/www.credimex.ch\/fr\/"},{"@type":"ListItem","position":2,"name":"Produits","item":"https:\/\/www.credimex.ch\/fr\/produits\/"},{"@type":"ListItem","position":3,"name":"Jeux de cylindres \u00e0 pistons Airpot"}]},{"@type":"WebSite","@id":"https:\/\/www.credimex.ch\/fr\/#website","url":"https:\/\/www.credimex.ch\/fr\/","name":"CREDIMEX","description":"Partner of Swiss Industrial Market","publisher":{"@id":"https:\/\/www.credimex.ch\/fr\/#organization"},"potentialAction":[{"@type":"SearchAction","target":{"@type":"EntryPoint","urlTemplate":"https:\/\/www.credimex.ch\/fr\/?s={search_term_string}"},"query-input":{"@type":"PropertyValueSpecification","valueRequired":true,"valueName":"search_term_string"}}],"inLanguage":"fr-FR"},{"@type":"Organization","@id":"https:\/\/www.credimex.ch\/fr\/#organization","name":"credimex","url":"https:\/\/www.credimex.ch\/fr\/","logo":{"@type":"ImageObject","inLanguage":"fr-FR","@id":"https:\/\/www.credimex.ch\/fr\/#\/schema\/logo\/image\/","url":"https:\/\/www.credimex.ch\/wp-content\/uploads\/2022\/03\/cropped-logo-credimex.png","contentUrl":"https:\/\/www.credimex.ch\/wp-content\/uploads\/2022\/03\/cropped-logo-credimex.png","width":512,"height":512,"caption":"credimex"},"image":{"@id":"https:\/\/www.credimex.ch\/fr\/#\/schema\/logo\/image\/"},"sameAs":["https:\/\/www.facebook.com\/credimex.alpnach\/","https:\/\/www.linkedin.com\/company\/credimex\/","https:\/\/www.youtube.com\/@CREDIMEX?sub_confirmation=1"]}]}},"_links":{"self":[{"href":"https:\/\/www.credimex.ch\/fr\/wp-json\/wp\/v2\/product\/4251","targetHints":{"allow":["GET"]}}],"collection":[{"href":"https:\/\/www.credimex.ch\/fr\/wp-json\/wp\/v2\/product"}],"about":[{"href":"https:\/\/www.credimex.ch\/fr\/wp-json\/wp\/v2\/types\/product"}],"replies":[{"embeddable":true,"href":"https:\/\/www.credimex.ch\/fr\/wp-json\/wp\/v2\/comments?post=4251"}],"wp:featuredmedia":[{"embeddable":true,"href":"https:\/\/www.credimex.ch\/fr\/wp-json\/wp\/v2\/media\/3342"}],"wp:attachment":[{"href":"https:\/\/www.credimex.ch\/fr\/wp-json\/wp\/v2\/media?parent=4251"}],"wp:term":[{"taxonomy":"product_brand","embeddable":true,"href":"https:\/\/www.credimex.ch\/fr\/wp-json\/wp\/v2\/product_brand?post=4251"},{"taxonomy":"product_cat","embeddable":true,"href":"https:\/\/www.credimex.ch\/fr\/wp-json\/wp\/v2\/product_cat?post=4251"},{"taxonomy":"product_tag","embeddable":true,"href":"https:\/\/www.credimex.ch\/fr\/wp-json\/wp\/v2\/product_tag?post=4251"}],"curies":[{"name":"wp","href":"https:\/\/api.w.org\/{rel}","templated":true}]}}