{"id":4255,"date":"2022-07-06T12:42:50","date_gmt":"2022-07-06T10:42:50","guid":{"rendered":"https:\/\/www.credimex.ch.mialias.net\/product\/amortisseurs-enidine-serie-ada-olbremsen\/"},"modified":"2023-07-10T16:04:45","modified_gmt":"2023-07-10T14:04:45","slug":"amortisseurs-enidine-serie-ada-olbremsen","status":"publish","type":"product","link":"https:\/\/www.credimex.ch\/fr\/produit\/amortisseurs-enidine-serie-ada-olbremsen\/","title":{"rendered":"Amortisseurs ENIDINE S\u00e9rie ADA \u00d6lbremsen"},"content":{"rendered":"<h2>Description<\/h2>\n<p>Les amortisseurs ENIDINE de la s\u00e9rie ADA \u00d6lbremsen sont utilis\u00e9s pour r\u00e9guler la vitesse ou le temps n\u00e9cessaire \u00e0 un m\u00e9canisme pour passer d&rsquo;une position \u00e0 une autre. Ils utilisent une technologie \u00e9prouv\u00e9e pour am\u00e9liorer les performances dans une vari\u00e9t\u00e9 d&rsquo;applications de produits. Les produits de la s\u00e9rie ADA sont g\u00e9n\u00e9ralement utilis\u00e9s pour commander des v\u00e9rins pneumatiques, des glissi\u00e8res lin\u00e9aires, des couvercles et d&rsquo;autres m\u00e9canismes mobiles.<\/p>\n<h2>Avantages du produit<\/h2>\n<p>Les avantages de l&rsquo;utilisation de nos contr\u00f4les de taux sont les suivants<\/p>\n<ul>\n<li>Dur\u00e9e de vie plus longue des machines &#8211; L&rsquo;utilisation de notre s\u00e9rie ADA r\u00e9duit consid\u00e9rablement les chocs et les vibrations subis par les machines en raison de leur fonctionnement incontr\u00f4l\u00e9. Cela permet de r\u00e9duire davantage les dommages aux machines, les temps d&rsquo;arr\u00eat et les co\u00fbts de maintenance, tout en augmentant la dur\u00e9e de vie des machines.<\/li>\n<li>Am\u00e9lioration de la qualit\u00e9 de la production &#8211; Les effets n\u00e9fastes des mouvements incontr\u00f4l\u00e9s, tels que le bruit, les vibrations et les impacts nuisibles, sont att\u00e9nu\u00e9s ou \u00e9limin\u00e9s afin d&rsquo;am\u00e9liorer la qualit\u00e9 de la production.<\/li>\n<li>Fonctionnement plus s\u00fbr des machines &#8211; Les commandes de vitesse prot\u00e8gent les op\u00e9rateurs de machines et d&rsquo;\u00e9quipements en offrant un fonctionnement pr\u00e9visible, fiable et contr\u00f4l\u00e9 des machines.<\/li>\n<\/ul>\n<p>Les machines et les produits finis gagnent en valeur gr\u00e2ce \u00e0 une productivit\u00e9 accrue, une dur\u00e9e de vie plus longue, une maintenance r\u00e9duite et un fonctionnement plus s\u00fbr. ENIDINE propose une large gamme de commandes d&rsquo;alimentation hydrauliques qui permettent de contr\u00f4ler le mouvement en tension, en compression ou dans les deux sens. Des mod\u00e8les inviolables r\u00e9glables et non r\u00e9glables sont disponibles pour r\u00e9pondre aux exigences particuli\u00e8res de votre application. La force de r\u00e9sistance fournie par les r\u00e9gulateurs de vitesse des v\u00e9rins ENIDINE est g\u00e9n\u00e9ralement constante sur toute la course lorsque la tige du piston est d\u00e9plac\u00e9e \u00e0 une vitesse constante, puisque les r\u00e9gulateurs de vitesse sont des produits \u00e0 orifice unique.<\/p>\n<h2>Application<\/h2>\n<p>Nos produits de contr\u00f4le du d\u00e9bit de la s\u00e9rie ADA sont utilis\u00e9s dans les applications suivantes :<\/p>\n<ul>\n<li>Presses d&rsquo;imprimerie<\/li>\n<li>Tourniquets<\/li>\n<li>Applications de tension\/compression<\/li>\n<\/ul>\n","protected":false},"excerpt":{"rendered":"<p>Les<strong> Amortisseurs ENIDINE S\u00e9rie ADA \u00d6lbremsen<\/strong>\u00a0est utilis\u00e9e pour r\u00e9guler la vitesse ou le temps n\u00e9cessaire \u00e0 un m\u00e9canisme pour passer d&rsquo;une position \u00e0 une autre.<\/p>\n","protected":false},"featured_media":3338,"comment_status":"open","ping_status":"closed","template":"","meta":{"_acf_changed":false},"product_brand":[],"product_cat":[559,550,341,340,413,376,411,384,556,475,375,361,360,414,412],"product_tag":[],"class_list":{"0":"post-4255","1":"product","2":"type-product","3":"status-publish","4":"has-post-thumbnail","6":"product_cat-absorbeurs-de-chocs","7":"product_cat-absorption-denergie","8":"product_cat-aerospatiale","9":"product_cat-automobile","10":"product_cat-batteries","11":"product_cat-e-mobilite","12":"product_cat-electronique","13":"product_cat-energie","14":"product_cat-enidine","15":"product_cat-fabrication-de-montres","16":"product_cat-ferroviaire","17":"product_cat-industrie-alimentaire","18":"product_cat-industrie-generale","19":"product_cat-medical","20":"product_cat-telepheriques","21":"pa_brands-enidine-fr","23":"first","24":"instock","25":"shipping-taxable","26":"product-type-simple"},"acf":[],"_yoast_wpseo_focuskw":"Amortisseurs ENIDINE S\u00e9rie ADA \u00d6lbremsen","_yoast_wpseo_metadesc":"Les amortisseurs ENIDINE de la s\u00e9rie ADA \u00d6lbremsen sont utilis\u00e9s pour r\u00e9guler la vitesse ou le temps n\u00e9cessaire \u00e0 un m\u00e9canisme pour passer d'une position \u00e0 une autre.","yoast_head":"<!-- This site is optimized with the Yoast SEO Premium plugin v21.6 (Yoast SEO v27.4) - https:\/\/yoast.com\/product\/yoast-seo-premium-wordpress\/ -->\n<title>Amortisseurs ENIDINE S\u00e9rie ADA \u00d6lbremsen - CREDIMEX<\/title>\n<meta name=\"description\" content=\"Les amortisseurs ENIDINE de la s\u00e9rie ADA \u00d6lbremsen sont utilis\u00e9s pour r\u00e9guler la vitesse ou le temps n\u00e9cessaire \u00e0 un m\u00e9canisme pour passer d&#039;une position \u00e0 une autre.\" \/>\n<meta name=\"robots\" content=\"index, follow, max-snippet:-1, max-image-preview:large, max-video-preview:-1\" \/>\n<link rel=\"canonical\" href=\"https:\/\/www.credimex.ch\/fr\/produit\/amortisseurs-enidine-serie-ada-olbremsen\/\" \/>\n<meta property=\"og:locale\" content=\"fr_FR\" \/>\n<meta property=\"og:type\" content=\"article\" \/>\n<meta property=\"og:title\" content=\"Amortisseurs ENIDINE S\u00e9rie ADA \u00d6lbremsen\" \/>\n<meta property=\"og:description\" content=\"Les amortisseurs ENIDINE de la s\u00e9rie ADA \u00d6lbremsen sont utilis\u00e9s pour r\u00e9guler la vitesse ou le temps n\u00e9cessaire \u00e0 un m\u00e9canisme pour passer d&#039;une position \u00e0 une autre.\" \/>\n<meta property=\"og:url\" content=\"https:\/\/www.credimex.ch\/fr\/produit\/amortisseurs-enidine-serie-ada-olbremsen\/\" \/>\n<meta property=\"og:site_name\" content=\"CREDIMEX\" \/>\n<meta property=\"article:publisher\" content=\"https:\/\/www.facebook.com\/credimex.alpnach\/\" \/>\n<meta property=\"article:modified_time\" content=\"2023-07-10T14:04:45+00:00\" \/>\n<meta property=\"og:image\" content=\"https:\/\/www.credimex.ch\/wp-content\/uploads\/2022\/07\/Rate_Group.webp\" \/>\n\t<meta property=\"og:image:width\" content=\"400\" \/>\n\t<meta property=\"og:image:height\" content=\"272\" \/>\n\t<meta property=\"og:image:type\" content=\"image\/webp\" \/>\n<meta name=\"twitter:card\" content=\"summary_large_image\" \/>\n<meta name=\"twitter:label1\" content=\"Dur\u00e9e de lecture estim\u00e9e\" \/>\n\t<meta name=\"twitter:data1\" content=\"2 minutes\" \/>\n<script type=\"application\/ld+json\" class=\"yoast-schema-graph\">{\"@context\":\"https:\\\/\\\/schema.org\",\"@graph\":[{\"@type\":\"WebPage\",\"@id\":\"https:\\\/\\\/www.credimex.ch\\\/fr\\\/produit\\\/amortisseurs-enidine-serie-ada-olbremsen\\\/\",\"url\":\"https:\\\/\\\/www.credimex.ch\\\/fr\\\/produit\\\/amortisseurs-enidine-serie-ada-olbremsen\\\/\",\"name\":\"Amortisseurs ENIDINE S\u00e9rie ADA \u00d6lbremsen - CREDIMEX\",\"isPartOf\":{\"@id\":\"https:\\\/\\\/www.credimex.ch\\\/fr\\\/#website\"},\"primaryImageOfPage\":{\"@id\":\"https:\\\/\\\/www.credimex.ch\\\/fr\\\/produit\\\/amortisseurs-enidine-serie-ada-olbremsen\\\/#primaryimage\"},\"image\":{\"@id\":\"https:\\\/\\\/www.credimex.ch\\\/fr\\\/produit\\\/amortisseurs-enidine-serie-ada-olbremsen\\\/#primaryimage\"},\"thumbnailUrl\":\"https:\\\/\\\/www.credimex.ch\\\/wp-content\\\/uploads\\\/2022\\\/07\\\/Rate_Group.webp\",\"datePublished\":\"2022-07-06T10:42:50+00:00\",\"dateModified\":\"2023-07-10T14:04:45+00:00\",\"description\":\"Les amortisseurs ENIDINE de la s\u00e9rie ADA \u00d6lbremsen sont utilis\u00e9s pour r\u00e9guler la vitesse ou le temps n\u00e9cessaire \u00e0 un m\u00e9canisme pour passer d'une position \u00e0 une autre.\",\"breadcrumb\":{\"@id\":\"https:\\\/\\\/www.credimex.ch\\\/fr\\\/produit\\\/amortisseurs-enidine-serie-ada-olbremsen\\\/#breadcrumb\"},\"inLanguage\":\"fr-FR\",\"potentialAction\":[{\"@type\":\"ReadAction\",\"target\":[\"https:\\\/\\\/www.credimex.ch\\\/fr\\\/produit\\\/amortisseurs-enidine-serie-ada-olbremsen\\\/\"]}]},{\"@type\":\"ImageObject\",\"inLanguage\":\"fr-FR\",\"@id\":\"https:\\\/\\\/www.credimex.ch\\\/fr\\\/produit\\\/amortisseurs-enidine-serie-ada-olbremsen\\\/#primaryimage\",\"url\":\"https:\\\/\\\/www.credimex.ch\\\/wp-content\\\/uploads\\\/2022\\\/07\\\/Rate_Group.webp\",\"contentUrl\":\"https:\\\/\\\/www.credimex.ch\\\/wp-content\\\/uploads\\\/2022\\\/07\\\/Rate_Group.webp\",\"width\":400,\"height\":272},{\"@type\":\"BreadcrumbList\",\"@id\":\"https:\\\/\\\/www.credimex.ch\\\/fr\\\/produit\\\/amortisseurs-enidine-serie-ada-olbremsen\\\/#breadcrumb\",\"itemListElement\":[{\"@type\":\"ListItem\",\"position\":1,\"name\":\"Home\",\"item\":\"https:\\\/\\\/www.credimex.ch\\\/fr\\\/\"},{\"@type\":\"ListItem\",\"position\":2,\"name\":\"Produits\",\"item\":\"https:\\\/\\\/www.credimex.ch\\\/fr\\\/produits\\\/\"},{\"@type\":\"ListItem\",\"position\":3,\"name\":\"Amortisseurs ENIDINE S\u00e9rie ADA \u00d6lbremsen\"}]},{\"@type\":\"WebSite\",\"@id\":\"https:\\\/\\\/www.credimex.ch\\\/fr\\\/#website\",\"url\":\"https:\\\/\\\/www.credimex.ch\\\/fr\\\/\",\"name\":\"CREDIMEX\",\"description\":\"Partner of Swiss Industrial Market\",\"publisher\":{\"@id\":\"https:\\\/\\\/www.credimex.ch\\\/fr\\\/#organization\"},\"potentialAction\":[{\"@type\":\"SearchAction\",\"target\":{\"@type\":\"EntryPoint\",\"urlTemplate\":\"https:\\\/\\\/www.credimex.ch\\\/fr\\\/?s={search_term_string}\"},\"query-input\":{\"@type\":\"PropertyValueSpecification\",\"valueRequired\":true,\"valueName\":\"search_term_string\"}}],\"inLanguage\":\"fr-FR\"},{\"@type\":\"Organization\",\"@id\":\"https:\\\/\\\/www.credimex.ch\\\/fr\\\/#organization\",\"name\":\"credimex\",\"url\":\"https:\\\/\\\/www.credimex.ch\\\/fr\\\/\",\"logo\":{\"@type\":\"ImageObject\",\"inLanguage\":\"fr-FR\",\"@id\":\"https:\\\/\\\/www.credimex.ch\\\/fr\\\/#\\\/schema\\\/logo\\\/image\\\/\",\"url\":\"https:\\\/\\\/www.credimex.ch\\\/wp-content\\\/uploads\\\/2022\\\/03\\\/cropped-logo-credimex.png\",\"contentUrl\":\"https:\\\/\\\/www.credimex.ch\\\/wp-content\\\/uploads\\\/2022\\\/03\\\/cropped-logo-credimex.png\",\"width\":512,\"height\":512,\"caption\":\"credimex\"},\"image\":{\"@id\":\"https:\\\/\\\/www.credimex.ch\\\/fr\\\/#\\\/schema\\\/logo\\\/image\\\/\"},\"sameAs\":[\"https:\\\/\\\/www.facebook.com\\\/credimex.alpnach\\\/\",\"https:\\\/\\\/www.linkedin.com\\\/company\\\/credimex\\\/\",\"https:\\\/\\\/www.youtube.com\\\/@CREDIMEX?sub_confirmation=1\"]}]}<\/script>\n<!-- \/ Yoast SEO Premium plugin. -->","yoast_head_json":{"title":"Amortisseurs ENIDINE S\u00e9rie ADA \u00d6lbremsen - CREDIMEX","description":"Les amortisseurs ENIDINE de la s\u00e9rie ADA \u00d6lbremsen sont utilis\u00e9s pour r\u00e9guler la vitesse ou le temps n\u00e9cessaire \u00e0 un m\u00e9canisme pour passer d'une position \u00e0 une autre.","robots":{"index":"index","follow":"follow","max-snippet":"max-snippet:-1","max-image-preview":"max-image-preview:large","max-video-preview":"max-video-preview:-1"},"canonical":"https:\/\/www.credimex.ch\/fr\/produit\/amortisseurs-enidine-serie-ada-olbremsen\/","og_locale":"fr_FR","og_type":"article","og_title":"Amortisseurs ENIDINE S\u00e9rie ADA \u00d6lbremsen","og_description":"Les amortisseurs ENIDINE de la s\u00e9rie ADA \u00d6lbremsen sont utilis\u00e9s pour r\u00e9guler la vitesse ou le temps n\u00e9cessaire \u00e0 un m\u00e9canisme pour passer d'une position \u00e0 une autre.","og_url":"https:\/\/www.credimex.ch\/fr\/produit\/amortisseurs-enidine-serie-ada-olbremsen\/","og_site_name":"CREDIMEX","article_publisher":"https:\/\/www.facebook.com\/credimex.alpnach\/","article_modified_time":"2023-07-10T14:04:45+00:00","og_image":[{"width":400,"height":272,"url":"https:\/\/www.credimex.ch\/wp-content\/uploads\/2022\/07\/Rate_Group.webp","type":"image\/webp"}],"twitter_card":"summary_large_image","twitter_misc":{"Dur\u00e9e de lecture estim\u00e9e":"2 minutes"},"schema":{"@context":"https:\/\/schema.org","@graph":[{"@type":"WebPage","@id":"https:\/\/www.credimex.ch\/fr\/produit\/amortisseurs-enidine-serie-ada-olbremsen\/","url":"https:\/\/www.credimex.ch\/fr\/produit\/amortisseurs-enidine-serie-ada-olbremsen\/","name":"Amortisseurs ENIDINE S\u00e9rie ADA \u00d6lbremsen - CREDIMEX","isPartOf":{"@id":"https:\/\/www.credimex.ch\/fr\/#website"},"primaryImageOfPage":{"@id":"https:\/\/www.credimex.ch\/fr\/produit\/amortisseurs-enidine-serie-ada-olbremsen\/#primaryimage"},"image":{"@id":"https:\/\/www.credimex.ch\/fr\/produit\/amortisseurs-enidine-serie-ada-olbremsen\/#primaryimage"},"thumbnailUrl":"https:\/\/www.credimex.ch\/wp-content\/uploads\/2022\/07\/Rate_Group.webp","datePublished":"2022-07-06T10:42:50+00:00","dateModified":"2023-07-10T14:04:45+00:00","description":"Les amortisseurs ENIDINE de la s\u00e9rie ADA \u00d6lbremsen sont utilis\u00e9s pour r\u00e9guler la vitesse ou le temps n\u00e9cessaire \u00e0 un m\u00e9canisme pour passer d'une position \u00e0 une autre.","breadcrumb":{"@id":"https:\/\/www.credimex.ch\/fr\/produit\/amortisseurs-enidine-serie-ada-olbremsen\/#breadcrumb"},"inLanguage":"fr-FR","potentialAction":[{"@type":"ReadAction","target":["https:\/\/www.credimex.ch\/fr\/produit\/amortisseurs-enidine-serie-ada-olbremsen\/"]}]},{"@type":"ImageObject","inLanguage":"fr-FR","@id":"https:\/\/www.credimex.ch\/fr\/produit\/amortisseurs-enidine-serie-ada-olbremsen\/#primaryimage","url":"https:\/\/www.credimex.ch\/wp-content\/uploads\/2022\/07\/Rate_Group.webp","contentUrl":"https:\/\/www.credimex.ch\/wp-content\/uploads\/2022\/07\/Rate_Group.webp","width":400,"height":272},{"@type":"BreadcrumbList","@id":"https:\/\/www.credimex.ch\/fr\/produit\/amortisseurs-enidine-serie-ada-olbremsen\/#breadcrumb","itemListElement":[{"@type":"ListItem","position":1,"name":"Home","item":"https:\/\/www.credimex.ch\/fr\/"},{"@type":"ListItem","position":2,"name":"Produits","item":"https:\/\/www.credimex.ch\/fr\/produits\/"},{"@type":"ListItem","position":3,"name":"Amortisseurs ENIDINE S\u00e9rie ADA \u00d6lbremsen"}]},{"@type":"WebSite","@id":"https:\/\/www.credimex.ch\/fr\/#website","url":"https:\/\/www.credimex.ch\/fr\/","name":"CREDIMEX","description":"Partner of Swiss Industrial Market","publisher":{"@id":"https:\/\/www.credimex.ch\/fr\/#organization"},"potentialAction":[{"@type":"SearchAction","target":{"@type":"EntryPoint","urlTemplate":"https:\/\/www.credimex.ch\/fr\/?s={search_term_string}"},"query-input":{"@type":"PropertyValueSpecification","valueRequired":true,"valueName":"search_term_string"}}],"inLanguage":"fr-FR"},{"@type":"Organization","@id":"https:\/\/www.credimex.ch\/fr\/#organization","name":"credimex","url":"https:\/\/www.credimex.ch\/fr\/","logo":{"@type":"ImageObject","inLanguage":"fr-FR","@id":"https:\/\/www.credimex.ch\/fr\/#\/schema\/logo\/image\/","url":"https:\/\/www.credimex.ch\/wp-content\/uploads\/2022\/03\/cropped-logo-credimex.png","contentUrl":"https:\/\/www.credimex.ch\/wp-content\/uploads\/2022\/03\/cropped-logo-credimex.png","width":512,"height":512,"caption":"credimex"},"image":{"@id":"https:\/\/www.credimex.ch\/fr\/#\/schema\/logo\/image\/"},"sameAs":["https:\/\/www.facebook.com\/credimex.alpnach\/","https:\/\/www.linkedin.com\/company\/credimex\/","https:\/\/www.youtube.com\/@CREDIMEX?sub_confirmation=1"]}]}},"_links":{"self":[{"href":"https:\/\/www.credimex.ch\/fr\/wp-json\/wp\/v2\/product\/4255","targetHints":{"allow":["GET"]}}],"collection":[{"href":"https:\/\/www.credimex.ch\/fr\/wp-json\/wp\/v2\/product"}],"about":[{"href":"https:\/\/www.credimex.ch\/fr\/wp-json\/wp\/v2\/types\/product"}],"replies":[{"embeddable":true,"href":"https:\/\/www.credimex.ch\/fr\/wp-json\/wp\/v2\/comments?post=4255"}],"wp:featuredmedia":[{"embeddable":true,"href":"https:\/\/www.credimex.ch\/fr\/wp-json\/wp\/v2\/media\/3338"}],"wp:attachment":[{"href":"https:\/\/www.credimex.ch\/fr\/wp-json\/wp\/v2\/media?parent=4255"}],"wp:term":[{"taxonomy":"product_brand","embeddable":true,"href":"https:\/\/www.credimex.ch\/fr\/wp-json\/wp\/v2\/product_brand?post=4255"},{"taxonomy":"product_cat","embeddable":true,"href":"https:\/\/www.credimex.ch\/fr\/wp-json\/wp\/v2\/product_cat?post=4255"},{"taxonomy":"product_tag","embeddable":true,"href":"https:\/\/www.credimex.ch\/fr\/wp-json\/wp\/v2\/product_tag?post=4255"}],"curies":[{"name":"wp","href":"https:\/\/api.w.org\/{rel}","templated":true}]}}