{"id":4257,"date":"2022-07-06T12:35:03","date_gmt":"2022-07-06T10:35:03","guid":{"rendered":"https:\/\/www.credimex.ch.mialias.net\/product\/amortisseurs-enidine-serie-jarret\/"},"modified":"2023-07-10T16:08:22","modified_gmt":"2023-07-10T14:08:22","slug":"amortisseurs-enidine-serie-jarret","status":"publish","type":"product","link":"https:\/\/www.credimex.ch\/fr\/produit\/amortisseurs-enidine-serie-jarret\/","title":{"rendered":"Amortisseurs ENIDINE S\u00e9rie Jarret"},"content":{"rendered":"<h2>Description<\/h2>\n<ul>\n<li>Conception simple<\/li>\n<li>Haute fiabilit\u00e9<\/li>\n<li>Coefficient d&rsquo;amortissement \u00e9lev\u00e9<\/li>\n<li>Faible sensibilit\u00e9 aux variations de temp\u00e9rature<\/li>\n<\/ul>\n<h2>Avantages du produit<\/h2>\n<p>Les amortisseurs ENIDINE de la s\u00e9rie Jarret utilisent les caract\u00e9ristiques uniques de compression et de cisaillement des \u00e9lastom\u00e8res de silicone sp\u00e9cialement formul\u00e9s.<\/p>\n<p>Ces caract\u00e9ristiques permettent de combiner les fonctions d&rsquo;absorption d&rsquo;\u00e9nergie et de ressort de rappel en un seul tampon industriel, sans qu&rsquo;il soit n\u00e9cessaire de recourir \u00e0 un m\u00e9canisme suppl\u00e9mentaire de rappel de la course du ressort \u00e0 gaz ou m\u00e9canique. Ce tampon industriel de conception simple est robuste et simple mais durable et efficace pour fournir des capacit\u00e9s d&rsquo;arr\u00eat critiques dans une multitude d&rsquo;applications.<\/p>\n<h2>Application<\/h2>\n<ul>\n<li>D\u00e9fense<\/li>\n<li>Automobile<\/li>\n<li>Manutention des mat\u00e9riaux<\/li>\n<li>Chemin de fer<\/li>\n<li>P\u00e2te \u00e0 papier\/papier<\/li>\n<li>Production et transformation des m\u00e9taux<\/li>\n<li>Applications des grues et des chariots<\/li>\n<\/ul>\n","protected":false},"excerpt":{"rendered":"<p>Les <strong>amortisseurs ENIDINE de la s\u00e9rie Jarret<\/strong> utilisent les caract\u00e9ristiques uniques de compression et de cisaillement des \u00e9lastom\u00e8res de silicone sp\u00e9cialement formul\u00e9s.<\/p>\n","protected":false},"featured_media":3336,"comment_status":"open","ping_status":"closed","template":"","meta":{"_acf_changed":false},"product_brand":[],"product_cat":[559,550,341,340,413,376,411,384,556,475,375,361,360,414,412],"product_tag":[],"class_list":{"0":"post-4257","1":"product","2":"type-product","3":"status-publish","4":"has-post-thumbnail","6":"product_cat-absorbeurs-de-chocs","7":"product_cat-absorption-denergie","8":"product_cat-aerospatiale","9":"product_cat-automobile","10":"product_cat-batteries","11":"product_cat-e-mobilite","12":"product_cat-electronique","13":"product_cat-energie","14":"product_cat-enidine","15":"product_cat-fabrication-de-montres","16":"product_cat-ferroviaire","17":"product_cat-industrie-alimentaire","18":"product_cat-industrie-generale","19":"product_cat-medical","20":"product_cat-telepheriques","21":"pa_brands-enidine-fr","23":"first","24":"instock","25":"shipping-taxable","26":"product-type-simple"},"acf":[],"_yoast_wpseo_focuskw":"Amortisseurs Enidine S\u00e9rie Jarret","_yoast_wpseo_metadesc":"Les amortisseurs ENIDINE de la s\u00e9rie Jarret utilisent les caract\u00e9ristiques uniques de compression et de cisaillement des \u00e9lastom\u00e8res de silicone sp\u00e9cialement formul\u00e9s.","yoast_head":"<!-- This site is optimized with the Yoast SEO Premium plugin v21.6 (Yoast SEO v27.4) - https:\/\/yoast.com\/product\/yoast-seo-premium-wordpress\/ -->\n<title>Amortisseurs ENIDINE S\u00e9rie Jarret - CREDIMEX<\/title>\n<meta name=\"description\" content=\"Les amortisseurs ENIDINE de la s\u00e9rie Jarret utilisent les caract\u00e9ristiques uniques de compression et de cisaillement des \u00e9lastom\u00e8res de silicone sp\u00e9cialement formul\u00e9s.\" \/>\n<meta name=\"robots\" content=\"index, follow, max-snippet:-1, max-image-preview:large, max-video-preview:-1\" \/>\n<link rel=\"canonical\" href=\"https:\/\/www.credimex.ch\/fr\/produit\/amortisseurs-enidine-serie-jarret\/\" \/>\n<meta property=\"og:locale\" content=\"fr_FR\" \/>\n<meta property=\"og:type\" content=\"article\" \/>\n<meta property=\"og:title\" content=\"Amortisseurs ENIDINE S\u00e9rie Jarret\" \/>\n<meta property=\"og:description\" content=\"Les amortisseurs ENIDINE de la s\u00e9rie Jarret utilisent les caract\u00e9ristiques uniques de compression et de cisaillement des \u00e9lastom\u00e8res de silicone sp\u00e9cialement formul\u00e9s.\" \/>\n<meta property=\"og:url\" content=\"https:\/\/www.credimex.ch\/fr\/produit\/amortisseurs-enidine-serie-jarret\/\" \/>\n<meta property=\"og:site_name\" content=\"CREDIMEX\" \/>\n<meta property=\"article:publisher\" content=\"https:\/\/www.facebook.com\/credimex.alpnach\/\" \/>\n<meta property=\"article:modified_time\" content=\"2023-07-10T14:08:22+00:00\" \/>\n<meta property=\"og:image\" content=\"https:\/\/www.credimex.ch\/wp-content\/uploads\/2022\/07\/Jarret.webp\" \/>\n\t<meta property=\"og:image:width\" content=\"325\" \/>\n\t<meta property=\"og:image:height\" content=\"330\" \/>\n\t<meta property=\"og:image:type\" content=\"image\/webp\" \/>\n<meta name=\"twitter:card\" content=\"summary_large_image\" \/>\n<meta name=\"twitter:label1\" content=\"Dur\u00e9e de lecture estim\u00e9e\" \/>\n\t<meta name=\"twitter:data1\" content=\"1 minute\" \/>\n<script type=\"application\/ld+json\" class=\"yoast-schema-graph\">{\"@context\":\"https:\\\/\\\/schema.org\",\"@graph\":[{\"@type\":\"WebPage\",\"@id\":\"https:\\\/\\\/www.credimex.ch\\\/fr\\\/produit\\\/amortisseurs-enidine-serie-jarret\\\/\",\"url\":\"https:\\\/\\\/www.credimex.ch\\\/fr\\\/produit\\\/amortisseurs-enidine-serie-jarret\\\/\",\"name\":\"Amortisseurs ENIDINE S\u00e9rie Jarret - CREDIMEX\",\"isPartOf\":{\"@id\":\"https:\\\/\\\/www.credimex.ch\\\/fr\\\/#website\"},\"primaryImageOfPage\":{\"@id\":\"https:\\\/\\\/www.credimex.ch\\\/fr\\\/produit\\\/amortisseurs-enidine-serie-jarret\\\/#primaryimage\"},\"image\":{\"@id\":\"https:\\\/\\\/www.credimex.ch\\\/fr\\\/produit\\\/amortisseurs-enidine-serie-jarret\\\/#primaryimage\"},\"thumbnailUrl\":\"https:\\\/\\\/www.credimex.ch\\\/wp-content\\\/uploads\\\/2022\\\/07\\\/Jarret.webp\",\"datePublished\":\"2022-07-06T10:35:03+00:00\",\"dateModified\":\"2023-07-10T14:08:22+00:00\",\"description\":\"Les amortisseurs ENIDINE de la s\u00e9rie Jarret utilisent les caract\u00e9ristiques uniques de compression et de cisaillement des \u00e9lastom\u00e8res de silicone sp\u00e9cialement formul\u00e9s.\",\"breadcrumb\":{\"@id\":\"https:\\\/\\\/www.credimex.ch\\\/fr\\\/produit\\\/amortisseurs-enidine-serie-jarret\\\/#breadcrumb\"},\"inLanguage\":\"fr-FR\",\"potentialAction\":[{\"@type\":\"ReadAction\",\"target\":[\"https:\\\/\\\/www.credimex.ch\\\/fr\\\/produit\\\/amortisseurs-enidine-serie-jarret\\\/\"]}]},{\"@type\":\"ImageObject\",\"inLanguage\":\"fr-FR\",\"@id\":\"https:\\\/\\\/www.credimex.ch\\\/fr\\\/produit\\\/amortisseurs-enidine-serie-jarret\\\/#primaryimage\",\"url\":\"https:\\\/\\\/www.credimex.ch\\\/wp-content\\\/uploads\\\/2022\\\/07\\\/Jarret.webp\",\"contentUrl\":\"https:\\\/\\\/www.credimex.ch\\\/wp-content\\\/uploads\\\/2022\\\/07\\\/Jarret.webp\",\"width\":325,\"height\":330},{\"@type\":\"BreadcrumbList\",\"@id\":\"https:\\\/\\\/www.credimex.ch\\\/fr\\\/produit\\\/amortisseurs-enidine-serie-jarret\\\/#breadcrumb\",\"itemListElement\":[{\"@type\":\"ListItem\",\"position\":1,\"name\":\"Home\",\"item\":\"https:\\\/\\\/www.credimex.ch\\\/fr\\\/\"},{\"@type\":\"ListItem\",\"position\":2,\"name\":\"Produits\",\"item\":\"https:\\\/\\\/www.credimex.ch\\\/fr\\\/produits\\\/\"},{\"@type\":\"ListItem\",\"position\":3,\"name\":\"Amortisseurs ENIDINE S\u00e9rie Jarret\"}]},{\"@type\":\"WebSite\",\"@id\":\"https:\\\/\\\/www.credimex.ch\\\/fr\\\/#website\",\"url\":\"https:\\\/\\\/www.credimex.ch\\\/fr\\\/\",\"name\":\"CREDIMEX\",\"description\":\"Partner of Swiss Industrial Market\",\"publisher\":{\"@id\":\"https:\\\/\\\/www.credimex.ch\\\/fr\\\/#organization\"},\"potentialAction\":[{\"@type\":\"SearchAction\",\"target\":{\"@type\":\"EntryPoint\",\"urlTemplate\":\"https:\\\/\\\/www.credimex.ch\\\/fr\\\/?s={search_term_string}\"},\"query-input\":{\"@type\":\"PropertyValueSpecification\",\"valueRequired\":true,\"valueName\":\"search_term_string\"}}],\"inLanguage\":\"fr-FR\"},{\"@type\":\"Organization\",\"@id\":\"https:\\\/\\\/www.credimex.ch\\\/fr\\\/#organization\",\"name\":\"credimex\",\"url\":\"https:\\\/\\\/www.credimex.ch\\\/fr\\\/\",\"logo\":{\"@type\":\"ImageObject\",\"inLanguage\":\"fr-FR\",\"@id\":\"https:\\\/\\\/www.credimex.ch\\\/fr\\\/#\\\/schema\\\/logo\\\/image\\\/\",\"url\":\"https:\\\/\\\/www.credimex.ch\\\/wp-content\\\/uploads\\\/2022\\\/03\\\/cropped-logo-credimex.png\",\"contentUrl\":\"https:\\\/\\\/www.credimex.ch\\\/wp-content\\\/uploads\\\/2022\\\/03\\\/cropped-logo-credimex.png\",\"width\":512,\"height\":512,\"caption\":\"credimex\"},\"image\":{\"@id\":\"https:\\\/\\\/www.credimex.ch\\\/fr\\\/#\\\/schema\\\/logo\\\/image\\\/\"},\"sameAs\":[\"https:\\\/\\\/www.facebook.com\\\/credimex.alpnach\\\/\",\"https:\\\/\\\/www.linkedin.com\\\/company\\\/credimex\\\/\",\"https:\\\/\\\/www.youtube.com\\\/@CREDIMEX?sub_confirmation=1\"]}]}<\/script>\n<!-- \/ Yoast SEO Premium plugin. -->","yoast_head_json":{"title":"Amortisseurs ENIDINE S\u00e9rie Jarret - CREDIMEX","description":"Les amortisseurs ENIDINE de la s\u00e9rie Jarret utilisent les caract\u00e9ristiques uniques de compression et de cisaillement des \u00e9lastom\u00e8res de silicone sp\u00e9cialement formul\u00e9s.","robots":{"index":"index","follow":"follow","max-snippet":"max-snippet:-1","max-image-preview":"max-image-preview:large","max-video-preview":"max-video-preview:-1"},"canonical":"https:\/\/www.credimex.ch\/fr\/produit\/amortisseurs-enidine-serie-jarret\/","og_locale":"fr_FR","og_type":"article","og_title":"Amortisseurs ENIDINE S\u00e9rie Jarret","og_description":"Les amortisseurs ENIDINE de la s\u00e9rie Jarret utilisent les caract\u00e9ristiques uniques de compression et de cisaillement des \u00e9lastom\u00e8res de silicone sp\u00e9cialement formul\u00e9s.","og_url":"https:\/\/www.credimex.ch\/fr\/produit\/amortisseurs-enidine-serie-jarret\/","og_site_name":"CREDIMEX","article_publisher":"https:\/\/www.facebook.com\/credimex.alpnach\/","article_modified_time":"2023-07-10T14:08:22+00:00","og_image":[{"width":325,"height":330,"url":"https:\/\/www.credimex.ch\/wp-content\/uploads\/2022\/07\/Jarret.webp","type":"image\/webp"}],"twitter_card":"summary_large_image","twitter_misc":{"Dur\u00e9e de lecture estim\u00e9e":"1 minute"},"schema":{"@context":"https:\/\/schema.org","@graph":[{"@type":"WebPage","@id":"https:\/\/www.credimex.ch\/fr\/produit\/amortisseurs-enidine-serie-jarret\/","url":"https:\/\/www.credimex.ch\/fr\/produit\/amortisseurs-enidine-serie-jarret\/","name":"Amortisseurs ENIDINE S\u00e9rie Jarret - CREDIMEX","isPartOf":{"@id":"https:\/\/www.credimex.ch\/fr\/#website"},"primaryImageOfPage":{"@id":"https:\/\/www.credimex.ch\/fr\/produit\/amortisseurs-enidine-serie-jarret\/#primaryimage"},"image":{"@id":"https:\/\/www.credimex.ch\/fr\/produit\/amortisseurs-enidine-serie-jarret\/#primaryimage"},"thumbnailUrl":"https:\/\/www.credimex.ch\/wp-content\/uploads\/2022\/07\/Jarret.webp","datePublished":"2022-07-06T10:35:03+00:00","dateModified":"2023-07-10T14:08:22+00:00","description":"Les amortisseurs ENIDINE de la s\u00e9rie Jarret utilisent les caract\u00e9ristiques uniques de compression et de cisaillement des \u00e9lastom\u00e8res de silicone sp\u00e9cialement formul\u00e9s.","breadcrumb":{"@id":"https:\/\/www.credimex.ch\/fr\/produit\/amortisseurs-enidine-serie-jarret\/#breadcrumb"},"inLanguage":"fr-FR","potentialAction":[{"@type":"ReadAction","target":["https:\/\/www.credimex.ch\/fr\/produit\/amortisseurs-enidine-serie-jarret\/"]}]},{"@type":"ImageObject","inLanguage":"fr-FR","@id":"https:\/\/www.credimex.ch\/fr\/produit\/amortisseurs-enidine-serie-jarret\/#primaryimage","url":"https:\/\/www.credimex.ch\/wp-content\/uploads\/2022\/07\/Jarret.webp","contentUrl":"https:\/\/www.credimex.ch\/wp-content\/uploads\/2022\/07\/Jarret.webp","width":325,"height":330},{"@type":"BreadcrumbList","@id":"https:\/\/www.credimex.ch\/fr\/produit\/amortisseurs-enidine-serie-jarret\/#breadcrumb","itemListElement":[{"@type":"ListItem","position":1,"name":"Home","item":"https:\/\/www.credimex.ch\/fr\/"},{"@type":"ListItem","position":2,"name":"Produits","item":"https:\/\/www.credimex.ch\/fr\/produits\/"},{"@type":"ListItem","position":3,"name":"Amortisseurs ENIDINE S\u00e9rie Jarret"}]},{"@type":"WebSite","@id":"https:\/\/www.credimex.ch\/fr\/#website","url":"https:\/\/www.credimex.ch\/fr\/","name":"CREDIMEX","description":"Partner of Swiss Industrial Market","publisher":{"@id":"https:\/\/www.credimex.ch\/fr\/#organization"},"potentialAction":[{"@type":"SearchAction","target":{"@type":"EntryPoint","urlTemplate":"https:\/\/www.credimex.ch\/fr\/?s={search_term_string}"},"query-input":{"@type":"PropertyValueSpecification","valueRequired":true,"valueName":"search_term_string"}}],"inLanguage":"fr-FR"},{"@type":"Organization","@id":"https:\/\/www.credimex.ch\/fr\/#organization","name":"credimex","url":"https:\/\/www.credimex.ch\/fr\/","logo":{"@type":"ImageObject","inLanguage":"fr-FR","@id":"https:\/\/www.credimex.ch\/fr\/#\/schema\/logo\/image\/","url":"https:\/\/www.credimex.ch\/wp-content\/uploads\/2022\/03\/cropped-logo-credimex.png","contentUrl":"https:\/\/www.credimex.ch\/wp-content\/uploads\/2022\/03\/cropped-logo-credimex.png","width":512,"height":512,"caption":"credimex"},"image":{"@id":"https:\/\/www.credimex.ch\/fr\/#\/schema\/logo\/image\/"},"sameAs":["https:\/\/www.facebook.com\/credimex.alpnach\/","https:\/\/www.linkedin.com\/company\/credimex\/","https:\/\/www.youtube.com\/@CREDIMEX?sub_confirmation=1"]}]}},"_links":{"self":[{"href":"https:\/\/www.credimex.ch\/fr\/wp-json\/wp\/v2\/product\/4257","targetHints":{"allow":["GET"]}}],"collection":[{"href":"https:\/\/www.credimex.ch\/fr\/wp-json\/wp\/v2\/product"}],"about":[{"href":"https:\/\/www.credimex.ch\/fr\/wp-json\/wp\/v2\/types\/product"}],"replies":[{"embeddable":true,"href":"https:\/\/www.credimex.ch\/fr\/wp-json\/wp\/v2\/comments?post=4257"}],"wp:featuredmedia":[{"embeddable":true,"href":"https:\/\/www.credimex.ch\/fr\/wp-json\/wp\/v2\/media\/3336"}],"wp:attachment":[{"href":"https:\/\/www.credimex.ch\/fr\/wp-json\/wp\/v2\/media?parent=4257"}],"wp:term":[{"taxonomy":"product_brand","embeddable":true,"href":"https:\/\/www.credimex.ch\/fr\/wp-json\/wp\/v2\/product_brand?post=4257"},{"taxonomy":"product_cat","embeddable":true,"href":"https:\/\/www.credimex.ch\/fr\/wp-json\/wp\/v2\/product_cat?post=4257"},{"taxonomy":"product_tag","embeddable":true,"href":"https:\/\/www.credimex.ch\/fr\/wp-json\/wp\/v2\/product_tag?post=4257"}],"curies":[{"name":"wp","href":"https:\/\/api.w.org\/{rel}","templated":true}]}}