{"id":4259,"date":"2022-07-06T12:19:47","date_gmt":"2022-07-06T10:19:47","guid":{"rendered":"https:\/\/www.credimex.ch.mialias.net\/product\/amortisseurs-enidine-serie-hi\/"},"modified":"2023-07-10T16:11:33","modified_gmt":"2023-07-10T14:11:33","slug":"amortisseurs-enidine-serie-hi","status":"publish","type":"product","link":"https:\/\/www.credimex.ch\/fr\/produit\/amortisseurs-enidine-serie-hi\/","title":{"rendered":"Amortisseurs ENIDINE S\u00e9rie HI"},"content":{"rendered":"<h2>Description<\/h2>\n<p>Les amortisseurs ENIDINE de la s\u00e9rie HI prot\u00e8gent en toute s\u00e9curit\u00e9 les machines lourdes, les grues et les \u00e9quipements pendant le transfert de mat\u00e9riaux et le d\u00e9placement de produits.<\/p>\n<p>Les tampons de grand diam\u00e8tre et de grande capacit\u00e9 sont con\u00e7us individuellement pour ralentir les charges mobiles dans diverses conditions et conform\u00e9ment aux normes de s\u00e9curit\u00e9 impos\u00e9es par l&rsquo;industrie. Les technologies de conception \u00e9prouv\u00e9es par l&rsquo;industrie, associ\u00e9es \u00e0 l&rsquo;exp\u00e9rience d&rsquo;une base de produits install\u00e9s dans le monde entier, garantissent des performances qui d\u00e9passent les attentes des clients.<\/p>\n<h2>Avantages du produit<\/h2>\n<p>Avant la fabrication des amortisseurs de la s\u00e9rie HI, des courbes de r\u00e9ponse simul\u00e9es par ordinateur sont g\u00e9n\u00e9r\u00e9es afin de mod\u00e9liser les conditions r\u00e9elles, de v\u00e9rifier les performances du produit, de confirmer les caract\u00e9ristiques d&rsquo;amortissement et de g\u00e9n\u00e9rer des conceptions uniques personnalis\u00e9es qui r\u00e9pondent \u00e0 des exigences d&rsquo;amortissement sp\u00e9cifiques ou \u00e0 des conditions multiples.<\/p>\n<p>Les tampons de la s\u00e9rie HI d&rsquo;ENIDINE sont dot\u00e9s d&rsquo;un syst\u00e8me de retour charg\u00e9 d&rsquo;azote qui permet une d\u00e9c\u00e9l\u00e9ration douce et un retour positif dans un ensemble sans entretien. La zone d&rsquo;al\u00e9sage surdimensionn\u00e9e permet d&rsquo;optimiser les capacit\u00e9s d&rsquo;absorption d&rsquo;\u00e9nergie et d&rsquo;augmenter les facteurs de s\u00e9curit\u00e9 internes. Les installations d&rsquo;essai ultramodernes d&rsquo;ENIDINE garantissent l&rsquo;int\u00e9grit\u00e9 de la conception et des performances des produits.<\/p>\n<h2>Application<\/h2>\n<p>La commande de ponts roulants, de plates-formes de chariots, de ponts roulants, le transfert de grands conteneurs et les arr\u00eats de s\u00e9curit\u00e9 dans les transports sont des applications typiques.<\/p>\n","protected":false},"excerpt":{"rendered":"<p>Les <strong>Amortisseurs ENIDINE S\u00e9rie HI<\/strong>\u00a0prot\u00e8gent en toute s\u00e9curit\u00e9 les machines lourdes, les grues et les \u00e9quipements pendant le transfert de mat\u00e9riaux et le d\u00e9placement de produits.<\/p>\n","protected":false},"featured_media":3334,"comment_status":"open","ping_status":"closed","template":"","meta":{"_acf_changed":false},"product_brand":[],"product_cat":[559,550,341,340,413,376,411,384,556,475,375,361,360,414,412],"product_tag":[],"class_list":{"0":"post-4259","1":"product","2":"type-product","3":"status-publish","4":"has-post-thumbnail","6":"product_cat-absorbeurs-de-chocs","7":"product_cat-absorption-denergie","8":"product_cat-aerospatiale","9":"product_cat-automobile","10":"product_cat-batteries","11":"product_cat-e-mobilite","12":"product_cat-electronique","13":"product_cat-energie","14":"product_cat-enidine","15":"product_cat-fabrication-de-montres","16":"product_cat-ferroviaire","17":"product_cat-industrie-alimentaire","18":"product_cat-industrie-generale","19":"product_cat-medical","20":"product_cat-telepheriques","21":"pa_brands-enidine-fr","23":"first","24":"instock","25":"shipping-taxable","26":"product-type-simple"},"acf":[],"_yoast_wpseo_focuskw":"Amortisseurs Enidine S\u00e9rie HI","_yoast_wpseo_metadesc":"Les amortisseurs Enidine de la s\u00e9rie HI prot\u00e8gent en toute s\u00e9curit\u00e9 les machines lourdes, les grues et les \u00e9quipements pendant le transfert de mat\u00e9riaux et le d\u00e9placement de produits.","yoast_head":"<!-- This site is optimized with the Yoast SEO Premium plugin v21.6 (Yoast SEO v27.4) - https:\/\/yoast.com\/product\/yoast-seo-premium-wordpress\/ -->\n<title>Amortisseurs ENIDINE S\u00e9rie HI - CREDIMEX<\/title>\n<meta name=\"description\" content=\"Les amortisseurs Enidine de la s\u00e9rie HI prot\u00e8gent en toute s\u00e9curit\u00e9 les machines lourdes, les grues et les \u00e9quipements pendant le transfert de mat\u00e9riaux et le d\u00e9placement de produits.\" \/>\n<meta name=\"robots\" content=\"index, follow, max-snippet:-1, max-image-preview:large, max-video-preview:-1\" \/>\n<link rel=\"canonical\" href=\"https:\/\/www.credimex.ch\/fr\/produit\/amortisseurs-enidine-serie-hi\/\" \/>\n<meta property=\"og:locale\" content=\"fr_FR\" \/>\n<meta property=\"og:type\" content=\"article\" \/>\n<meta property=\"og:title\" content=\"Amortisseurs ENIDINE S\u00e9rie HI\" \/>\n<meta property=\"og:description\" content=\"Les amortisseurs Enidine de la s\u00e9rie HI prot\u00e8gent en toute s\u00e9curit\u00e9 les machines lourdes, les grues et les \u00e9quipements pendant le transfert de mat\u00e9riaux et le d\u00e9placement de produits.\" \/>\n<meta property=\"og:url\" content=\"https:\/\/www.credimex.ch\/fr\/produit\/amortisseurs-enidine-serie-hi\/\" \/>\n<meta property=\"og:site_name\" content=\"CREDIMEX\" \/>\n<meta property=\"article:publisher\" content=\"https:\/\/www.facebook.com\/credimex.alpnach\/\" \/>\n<meta property=\"article:modified_time\" content=\"2023-07-10T14:11:33+00:00\" \/>\n<meta property=\"og:image\" content=\"https:\/\/www.credimex.ch\/wp-content\/uploads\/2022\/07\/Enidine-Stossda\u0308mpfer-PMXT-Serie-1.png\" \/>\n\t<meta property=\"og:image:width\" content=\"800\" \/>\n\t<meta property=\"og:image:height\" content=\"800\" \/>\n\t<meta property=\"og:image:type\" content=\"image\/png\" \/>\n<meta name=\"twitter:card\" content=\"summary_large_image\" \/>\n<meta name=\"twitter:label1\" content=\"Dur\u00e9e de lecture estim\u00e9e\" \/>\n\t<meta name=\"twitter:data1\" content=\"2 minutes\" \/>\n<script type=\"application\/ld+json\" class=\"yoast-schema-graph\">{\"@context\":\"https:\\\/\\\/schema.org\",\"@graph\":[{\"@type\":\"WebPage\",\"@id\":\"https:\\\/\\\/www.credimex.ch\\\/fr\\\/produit\\\/amortisseurs-enidine-serie-hi\\\/\",\"url\":\"https:\\\/\\\/www.credimex.ch\\\/fr\\\/produit\\\/amortisseurs-enidine-serie-hi\\\/\",\"name\":\"Amortisseurs ENIDINE S\u00e9rie HI - CREDIMEX\",\"isPartOf\":{\"@id\":\"https:\\\/\\\/www.credimex.ch\\\/fr\\\/#website\"},\"primaryImageOfPage\":{\"@id\":\"https:\\\/\\\/www.credimex.ch\\\/fr\\\/produit\\\/amortisseurs-enidine-serie-hi\\\/#primaryimage\"},\"image\":{\"@id\":\"https:\\\/\\\/www.credimex.ch\\\/fr\\\/produit\\\/amortisseurs-enidine-serie-hi\\\/#primaryimage\"},\"thumbnailUrl\":\"https:\\\/\\\/www.credimex.ch\\\/wp-content\\\/uploads\\\/2022\\\/07\\\/Enidine-Stossda\u0308mpfer-PMXT-Serie-1.png\",\"datePublished\":\"2022-07-06T10:19:47+00:00\",\"dateModified\":\"2023-07-10T14:11:33+00:00\",\"description\":\"Les amortisseurs Enidine de la s\u00e9rie HI prot\u00e8gent en toute s\u00e9curit\u00e9 les machines lourdes, les grues et les \u00e9quipements pendant le transfert de mat\u00e9riaux et le d\u00e9placement de produits.\",\"breadcrumb\":{\"@id\":\"https:\\\/\\\/www.credimex.ch\\\/fr\\\/produit\\\/amortisseurs-enidine-serie-hi\\\/#breadcrumb\"},\"inLanguage\":\"fr-FR\",\"potentialAction\":[{\"@type\":\"ReadAction\",\"target\":[\"https:\\\/\\\/www.credimex.ch\\\/fr\\\/produit\\\/amortisseurs-enidine-serie-hi\\\/\"]}]},{\"@type\":\"ImageObject\",\"inLanguage\":\"fr-FR\",\"@id\":\"https:\\\/\\\/www.credimex.ch\\\/fr\\\/produit\\\/amortisseurs-enidine-serie-hi\\\/#primaryimage\",\"url\":\"https:\\\/\\\/www.credimex.ch\\\/wp-content\\\/uploads\\\/2022\\\/07\\\/Enidine-Stossda\u0308mpfer-PMXT-Serie-1.png\",\"contentUrl\":\"https:\\\/\\\/www.credimex.ch\\\/wp-content\\\/uploads\\\/2022\\\/07\\\/Enidine-Stossda\u0308mpfer-PMXT-Serie-1.png\",\"width\":800,\"height\":800},{\"@type\":\"BreadcrumbList\",\"@id\":\"https:\\\/\\\/www.credimex.ch\\\/fr\\\/produit\\\/amortisseurs-enidine-serie-hi\\\/#breadcrumb\",\"itemListElement\":[{\"@type\":\"ListItem\",\"position\":1,\"name\":\"Home\",\"item\":\"https:\\\/\\\/www.credimex.ch\\\/fr\\\/\"},{\"@type\":\"ListItem\",\"position\":2,\"name\":\"Produits\",\"item\":\"https:\\\/\\\/www.credimex.ch\\\/fr\\\/produits\\\/\"},{\"@type\":\"ListItem\",\"position\":3,\"name\":\"Amortisseurs ENIDINE S\u00e9rie HI\"}]},{\"@type\":\"WebSite\",\"@id\":\"https:\\\/\\\/www.credimex.ch\\\/fr\\\/#website\",\"url\":\"https:\\\/\\\/www.credimex.ch\\\/fr\\\/\",\"name\":\"CREDIMEX\",\"description\":\"Partner of Swiss Industrial Market\",\"publisher\":{\"@id\":\"https:\\\/\\\/www.credimex.ch\\\/fr\\\/#organization\"},\"potentialAction\":[{\"@type\":\"SearchAction\",\"target\":{\"@type\":\"EntryPoint\",\"urlTemplate\":\"https:\\\/\\\/www.credimex.ch\\\/fr\\\/?s={search_term_string}\"},\"query-input\":{\"@type\":\"PropertyValueSpecification\",\"valueRequired\":true,\"valueName\":\"search_term_string\"}}],\"inLanguage\":\"fr-FR\"},{\"@type\":\"Organization\",\"@id\":\"https:\\\/\\\/www.credimex.ch\\\/fr\\\/#organization\",\"name\":\"credimex\",\"url\":\"https:\\\/\\\/www.credimex.ch\\\/fr\\\/\",\"logo\":{\"@type\":\"ImageObject\",\"inLanguage\":\"fr-FR\",\"@id\":\"https:\\\/\\\/www.credimex.ch\\\/fr\\\/#\\\/schema\\\/logo\\\/image\\\/\",\"url\":\"https:\\\/\\\/www.credimex.ch\\\/wp-content\\\/uploads\\\/2022\\\/03\\\/cropped-logo-credimex.png\",\"contentUrl\":\"https:\\\/\\\/www.credimex.ch\\\/wp-content\\\/uploads\\\/2022\\\/03\\\/cropped-logo-credimex.png\",\"width\":512,\"height\":512,\"caption\":\"credimex\"},\"image\":{\"@id\":\"https:\\\/\\\/www.credimex.ch\\\/fr\\\/#\\\/schema\\\/logo\\\/image\\\/\"},\"sameAs\":[\"https:\\\/\\\/www.facebook.com\\\/credimex.alpnach\\\/\",\"https:\\\/\\\/www.linkedin.com\\\/company\\\/credimex\\\/\",\"https:\\\/\\\/www.youtube.com\\\/@CREDIMEX?sub_confirmation=1\"]}]}<\/script>\n<!-- \/ Yoast SEO Premium plugin. -->","yoast_head_json":{"title":"Amortisseurs ENIDINE S\u00e9rie HI - CREDIMEX","description":"Les amortisseurs Enidine de la s\u00e9rie HI prot\u00e8gent en toute s\u00e9curit\u00e9 les machines lourdes, les grues et les \u00e9quipements pendant le transfert de mat\u00e9riaux et le d\u00e9placement de produits.","robots":{"index":"index","follow":"follow","max-snippet":"max-snippet:-1","max-image-preview":"max-image-preview:large","max-video-preview":"max-video-preview:-1"},"canonical":"https:\/\/www.credimex.ch\/fr\/produit\/amortisseurs-enidine-serie-hi\/","og_locale":"fr_FR","og_type":"article","og_title":"Amortisseurs ENIDINE S\u00e9rie HI","og_description":"Les amortisseurs Enidine de la s\u00e9rie HI prot\u00e8gent en toute s\u00e9curit\u00e9 les machines lourdes, les grues et les \u00e9quipements pendant le transfert de mat\u00e9riaux et le d\u00e9placement de produits.","og_url":"https:\/\/www.credimex.ch\/fr\/produit\/amortisseurs-enidine-serie-hi\/","og_site_name":"CREDIMEX","article_publisher":"https:\/\/www.facebook.com\/credimex.alpnach\/","article_modified_time":"2023-07-10T14:11:33+00:00","og_image":[{"width":800,"height":800,"url":"https:\/\/www.credimex.ch\/wp-content\/uploads\/2022\/07\/Enidine-Stossda\u0308mpfer-PMXT-Serie-1.png","type":"image\/png"}],"twitter_card":"summary_large_image","twitter_misc":{"Dur\u00e9e de lecture estim\u00e9e":"2 minutes"},"schema":{"@context":"https:\/\/schema.org","@graph":[{"@type":"WebPage","@id":"https:\/\/www.credimex.ch\/fr\/produit\/amortisseurs-enidine-serie-hi\/","url":"https:\/\/www.credimex.ch\/fr\/produit\/amortisseurs-enidine-serie-hi\/","name":"Amortisseurs ENIDINE S\u00e9rie HI - CREDIMEX","isPartOf":{"@id":"https:\/\/www.credimex.ch\/fr\/#website"},"primaryImageOfPage":{"@id":"https:\/\/www.credimex.ch\/fr\/produit\/amortisseurs-enidine-serie-hi\/#primaryimage"},"image":{"@id":"https:\/\/www.credimex.ch\/fr\/produit\/amortisseurs-enidine-serie-hi\/#primaryimage"},"thumbnailUrl":"https:\/\/www.credimex.ch\/wp-content\/uploads\/2022\/07\/Enidine-Stossda\u0308mpfer-PMXT-Serie-1.png","datePublished":"2022-07-06T10:19:47+00:00","dateModified":"2023-07-10T14:11:33+00:00","description":"Les amortisseurs Enidine de la s\u00e9rie HI prot\u00e8gent en toute s\u00e9curit\u00e9 les machines lourdes, les grues et les \u00e9quipements pendant le transfert de mat\u00e9riaux et le d\u00e9placement de produits.","breadcrumb":{"@id":"https:\/\/www.credimex.ch\/fr\/produit\/amortisseurs-enidine-serie-hi\/#breadcrumb"},"inLanguage":"fr-FR","potentialAction":[{"@type":"ReadAction","target":["https:\/\/www.credimex.ch\/fr\/produit\/amortisseurs-enidine-serie-hi\/"]}]},{"@type":"ImageObject","inLanguage":"fr-FR","@id":"https:\/\/www.credimex.ch\/fr\/produit\/amortisseurs-enidine-serie-hi\/#primaryimage","url":"https:\/\/www.credimex.ch\/wp-content\/uploads\/2022\/07\/Enidine-Stossda\u0308mpfer-PMXT-Serie-1.png","contentUrl":"https:\/\/www.credimex.ch\/wp-content\/uploads\/2022\/07\/Enidine-Stossda\u0308mpfer-PMXT-Serie-1.png","width":800,"height":800},{"@type":"BreadcrumbList","@id":"https:\/\/www.credimex.ch\/fr\/produit\/amortisseurs-enidine-serie-hi\/#breadcrumb","itemListElement":[{"@type":"ListItem","position":1,"name":"Home","item":"https:\/\/www.credimex.ch\/fr\/"},{"@type":"ListItem","position":2,"name":"Produits","item":"https:\/\/www.credimex.ch\/fr\/produits\/"},{"@type":"ListItem","position":3,"name":"Amortisseurs ENIDINE S\u00e9rie HI"}]},{"@type":"WebSite","@id":"https:\/\/www.credimex.ch\/fr\/#website","url":"https:\/\/www.credimex.ch\/fr\/","name":"CREDIMEX","description":"Partner of Swiss Industrial Market","publisher":{"@id":"https:\/\/www.credimex.ch\/fr\/#organization"},"potentialAction":[{"@type":"SearchAction","target":{"@type":"EntryPoint","urlTemplate":"https:\/\/www.credimex.ch\/fr\/?s={search_term_string}"},"query-input":{"@type":"PropertyValueSpecification","valueRequired":true,"valueName":"search_term_string"}}],"inLanguage":"fr-FR"},{"@type":"Organization","@id":"https:\/\/www.credimex.ch\/fr\/#organization","name":"credimex","url":"https:\/\/www.credimex.ch\/fr\/","logo":{"@type":"ImageObject","inLanguage":"fr-FR","@id":"https:\/\/www.credimex.ch\/fr\/#\/schema\/logo\/image\/","url":"https:\/\/www.credimex.ch\/wp-content\/uploads\/2022\/03\/cropped-logo-credimex.png","contentUrl":"https:\/\/www.credimex.ch\/wp-content\/uploads\/2022\/03\/cropped-logo-credimex.png","width":512,"height":512,"caption":"credimex"},"image":{"@id":"https:\/\/www.credimex.ch\/fr\/#\/schema\/logo\/image\/"},"sameAs":["https:\/\/www.facebook.com\/credimex.alpnach\/","https:\/\/www.linkedin.com\/company\/credimex\/","https:\/\/www.youtube.com\/@CREDIMEX?sub_confirmation=1"]}]}},"_links":{"self":[{"href":"https:\/\/www.credimex.ch\/fr\/wp-json\/wp\/v2\/product\/4259","targetHints":{"allow":["GET"]}}],"collection":[{"href":"https:\/\/www.credimex.ch\/fr\/wp-json\/wp\/v2\/product"}],"about":[{"href":"https:\/\/www.credimex.ch\/fr\/wp-json\/wp\/v2\/types\/product"}],"replies":[{"embeddable":true,"href":"https:\/\/www.credimex.ch\/fr\/wp-json\/wp\/v2\/comments?post=4259"}],"wp:featuredmedia":[{"embeddable":true,"href":"https:\/\/www.credimex.ch\/fr\/wp-json\/wp\/v2\/media\/3334"}],"wp:attachment":[{"href":"https:\/\/www.credimex.ch\/fr\/wp-json\/wp\/v2\/media?parent=4259"}],"wp:term":[{"taxonomy":"product_brand","embeddable":true,"href":"https:\/\/www.credimex.ch\/fr\/wp-json\/wp\/v2\/product_brand?post=4259"},{"taxonomy":"product_cat","embeddable":true,"href":"https:\/\/www.credimex.ch\/fr\/wp-json\/wp\/v2\/product_cat?post=4259"},{"taxonomy":"product_tag","embeddable":true,"href":"https:\/\/www.credimex.ch\/fr\/wp-json\/wp\/v2\/product_tag?post=4259"}],"curies":[{"name":"wp","href":"https:\/\/api.w.org\/{rel}","templated":true}]}}