{"id":4261,"date":"2022-07-06T12:13:44","date_gmt":"2022-07-06T10:13:44","guid":{"rendered":"https:\/\/www.credimex.ch.mialias.net\/product\/amortisseurs-enidine-serie-hdn-hda\/"},"modified":"2022-07-06T12:13:44","modified_gmt":"2022-07-06T10:13:44","slug":"enidine-shock-absorbers-hdn-hda-series-2","status":"publish","type":"product","link":"https:\/\/www.credimex.ch\/fr\/produit\/enidine-shock-absorbers-hdn-hda-series-2\/","title":{"rendered":"Amortisseurs Enidine S\u00e9rie HDN\/HDA"},"content":{"rendered":"<h2>Description<\/h2>\n<p>Amortisseurs Enidine Les amortisseurs industriels \u00e0 usage intensif de la s\u00e9rie HDN\/HDA sont propos\u00e9s avec une grande vari\u00e9t\u00e9 de configurations en option, notamment des soufflets, des supports \u00e0 chape et des c\u00e2bles de s\u00e9curit\u00e9. Des mod\u00e8les standard r\u00e9glables ou non r\u00e9glables avec des orificateurs personnalis\u00e9s sont \u00e9galement disponibles, ainsi que des ensembles de fluides et de joints en option pour \u00e9tendre la plage de temp\u00e9ratures de fonctionnement standard de (15\u00ba F \u00e0 140\u00ba F) \u00e0 (-40\u00ba F \u00e0 210\u00ba F). Pour faciliter l&rsquo;entretien, toutes les tailles d&rsquo;amortisseurs hydrauliques \u00e0 usage intensif d&rsquo;ITT Enidine Inc. sont enti\u00e8rement r\u00e9parables sur place. Ces produits offrent \u00e9galement des syst\u00e8mes de capteurs d&rsquo;extension de la tige de piston pour les exigences de s\u00e9curit\u00e9 en mati\u00e8re de r\u00e9utilisation.<\/p>\n<p><img fetchpriority=\"high\" decoding=\"async\" class=\"alignnone size-full wp-image-1365\" src=\"https:\/\/www.credimex.ch\/wp-content\/uploads\/2022\/07\/HDN2.webp\" alt=\"\" width=\"567\" height=\"252\" srcset=\"https:\/\/www.credimex.ch\/wp-content\/uploads\/2022\/07\/HDN2.webp 567w, https:\/\/www.credimex.ch\/wp-content\/uploads\/2022\/07\/HDN2-300x133.webp 300w\" sizes=\"(max-width: 567px) 100vw, 567px\" \/><\/p>\n<h2>Avantages du produit<\/h2>\n<p>Gr\u00e2ce \u00e0 une conception compacte sp\u00e9ciale, ces amortisseurs d\u00e9c\u00e9l\u00e8rent en douceur et en toute s\u00e9curit\u00e9 les charges \u00e0 grande capacit\u00e9 \u00e9nerg\u00e9tique jusqu&rsquo;\u00e0 8 millions de livres sterling. par cycle. Ces mod\u00e8les int\u00e8grent un accumulateur \u00e0 vessie interne, charg\u00e9 d&rsquo;air, qui remplace les ressorts de rappel m\u00e9caniques et permet de r\u00e9duire la longueur totale et le poids. Les composants externes zingu\u00e9s offrent une meilleure protection contre la corrosion, tandis qu&rsquo;une peinture \u00e9poxy et des mat\u00e9riaux de tige sp\u00e9ciaux sont disponibles pour une utilisation dans des environnements hautement corrosifs. Tous les amortisseurs hydrauliques \u00e0 usage intensif d&rsquo;Enidine sont con\u00e7us pour r\u00e9pondre aux normes OSHA, AISE, CMMA et autres sp\u00e9cifications de s\u00e9curit\u00e9 telles que DIN et FEM.<\/p>\n<h2>Application<\/h2>\n<p>Les s\u00e9ries HD\/HDN d&rsquo;amortisseurs pour charges lourdes d&rsquo;Enidine prot\u00e8gent les \u00e9quipements contre les chocs importants dans des applications telles que les syst\u00e8mes de stockage et de r\u00e9cup\u00e9ration automatis\u00e9s ainsi que les ponts roulants et les grues \u00e0 chariot. Ils sont disponibles dans une grande vari\u00e9t\u00e9 de longueurs de course et de caract\u00e9ristiques d&rsquo;amortissement pour augmenter la dur\u00e9e de vie de l&rsquo;\u00e9quipement et r\u00e9pondre aux exigences strictes de d\u00e9c\u00e9l\u00e9ration.<\/p>\n","protected":false},"excerpt":{"rendered":"<p><strong>Amortisseurs Enidine<\/strong> Les amortisseurs industriels \u00e0 usage intensif <strong>de la s\u00e9rie HDN\/HDA<\/strong> sont propos\u00e9s avec une grande vari\u00e9t\u00e9 de configurations en option, notamment des soufflets, des supports \u00e0 chape et des c\u00e2bles de s\u00e9curit\u00e9.<\/p>\n","protected":false},"featured_media":3330,"comment_status":"open","ping_status":"closed","template":"","meta":{"_acf_changed":false},"product_brand":[],"product_cat":[559,550,341,340,413,376,411,384,556,475,375,361,360,414,412],"product_tag":[],"class_list":{"0":"post-4261","1":"product","2":"type-product","3":"status-publish","4":"has-post-thumbnail","6":"product_cat-absorbeurs-de-chocs","7":"product_cat-absorption-denergie","8":"product_cat-aerospatiale","9":"product_cat-automobile","10":"product_cat-batteries","11":"product_cat-e-mobilite","12":"product_cat-electronique","13":"product_cat-energie","14":"product_cat-enidine","15":"product_cat-fabrication-de-montres","16":"product_cat-ferroviaire","17":"product_cat-industrie-alimentaire","18":"product_cat-industrie-generale","19":"product_cat-medical","20":"product_cat-telepheriques","21":"pa_brands-enidine-fr","23":"first","24":"instock","25":"shipping-taxable","26":"product-type-simple"},"acf":[],"_yoast_wpseo_focuskw":"Amortisseurs Enidine S\u00e9rie HDN\/HDA","_yoast_wpseo_metadesc":"Amortisseurs Enidine Les amortisseurs industriels \u00e0 usage intensif de la s\u00e9rie HDN\/HDA sont propos\u00e9s avec une grande vari\u00e9t\u00e9 de configurations optionnelles.","yoast_head":"<!-- This site is optimized with the Yoast SEO Premium plugin v21.6 (Yoast SEO v27.4) - https:\/\/yoast.com\/product\/yoast-seo-premium-wordpress\/ -->\n<title>Amortisseurs Enidine S\u00e9rie HDN\/HDA - CREDIMEX<\/title>\n<meta name=\"description\" content=\"Amortisseurs Enidine Les amortisseurs industriels \u00e0 usage intensif de la s\u00e9rie HDN\/HDA sont propos\u00e9s avec une grande vari\u00e9t\u00e9 de configurations optionnelles.\" \/>\n<meta name=\"robots\" content=\"index, follow, max-snippet:-1, max-image-preview:large, max-video-preview:-1\" \/>\n<link rel=\"canonical\" href=\"https:\/\/www.credimex.ch\/fr\/produit\/enidine-shock-absorbers-hdn-hda-series-2\/\" \/>\n<meta property=\"og:locale\" content=\"fr_FR\" \/>\n<meta property=\"og:type\" content=\"article\" \/>\n<meta property=\"og:title\" content=\"Amortisseurs Enidine S\u00e9rie HDN\/HDA\" \/>\n<meta property=\"og:description\" content=\"Amortisseurs Enidine Les amortisseurs industriels \u00e0 usage intensif de la s\u00e9rie HDN\/HDA sont propos\u00e9s avec une grande vari\u00e9t\u00e9 de configurations optionnelles.\" \/>\n<meta property=\"og:url\" content=\"https:\/\/www.credimex.ch\/fr\/produit\/enidine-shock-absorbers-hdn-hda-series-2\/\" \/>\n<meta property=\"og:site_name\" content=\"CREDIMEX\" \/>\n<meta property=\"article:publisher\" content=\"https:\/\/www.facebook.com\/credimex.alpnach\/\" \/>\n<meta property=\"og:image\" content=\"https:\/\/www.credimex.ch\/wp-content\/uploads\/2022\/07\/HD-Group-06.webp\" \/>\n\t<meta property=\"og:image:width\" content=\"300\" \/>\n\t<meta property=\"og:image:height\" content=\"206\" \/>\n\t<meta property=\"og:image:type\" content=\"image\/webp\" \/>\n<meta name=\"twitter:card\" content=\"summary_large_image\" \/>\n<meta name=\"twitter:label1\" content=\"Dur\u00e9e de lecture estim\u00e9e\" \/>\n\t<meta name=\"twitter:data1\" content=\"2 minutes\" \/>\n<script type=\"application\/ld+json\" class=\"yoast-schema-graph\">{\"@context\":\"https:\\\/\\\/schema.org\",\"@graph\":[{\"@type\":\"WebPage\",\"@id\":\"https:\\\/\\\/www.credimex.ch\\\/fr\\\/produit\\\/enidine-shock-absorbers-hdn-hda-series-2\\\/\",\"url\":\"https:\\\/\\\/www.credimex.ch\\\/fr\\\/produit\\\/enidine-shock-absorbers-hdn-hda-series-2\\\/\",\"name\":\"Amortisseurs Enidine S\u00e9rie HDN\\\/HDA - CREDIMEX\",\"isPartOf\":{\"@id\":\"https:\\\/\\\/www.credimex.ch\\\/fr\\\/#website\"},\"primaryImageOfPage\":{\"@id\":\"https:\\\/\\\/www.credimex.ch\\\/fr\\\/produit\\\/enidine-shock-absorbers-hdn-hda-series-2\\\/#primaryimage\"},\"image\":{\"@id\":\"https:\\\/\\\/www.credimex.ch\\\/fr\\\/produit\\\/enidine-shock-absorbers-hdn-hda-series-2\\\/#primaryimage\"},\"thumbnailUrl\":\"https:\\\/\\\/www.credimex.ch\\\/wp-content\\\/uploads\\\/2022\\\/07\\\/HD-Group-06.webp\",\"datePublished\":\"2022-07-06T10:13:44+00:00\",\"description\":\"Amortisseurs Enidine Les amortisseurs industriels \u00e0 usage intensif de la s\u00e9rie HDN\\\/HDA sont propos\u00e9s avec une grande vari\u00e9t\u00e9 de configurations optionnelles.\",\"breadcrumb\":{\"@id\":\"https:\\\/\\\/www.credimex.ch\\\/fr\\\/produit\\\/enidine-shock-absorbers-hdn-hda-series-2\\\/#breadcrumb\"},\"inLanguage\":\"fr-FR\",\"potentialAction\":[{\"@type\":\"ReadAction\",\"target\":[\"https:\\\/\\\/www.credimex.ch\\\/fr\\\/produit\\\/enidine-shock-absorbers-hdn-hda-series-2\\\/\"]}]},{\"@type\":\"ImageObject\",\"inLanguage\":\"fr-FR\",\"@id\":\"https:\\\/\\\/www.credimex.ch\\\/fr\\\/produit\\\/enidine-shock-absorbers-hdn-hda-series-2\\\/#primaryimage\",\"url\":\"https:\\\/\\\/www.credimex.ch\\\/wp-content\\\/uploads\\\/2022\\\/07\\\/HD-Group-06.webp\",\"contentUrl\":\"https:\\\/\\\/www.credimex.ch\\\/wp-content\\\/uploads\\\/2022\\\/07\\\/HD-Group-06.webp\",\"width\":300,\"height\":206},{\"@type\":\"BreadcrumbList\",\"@id\":\"https:\\\/\\\/www.credimex.ch\\\/fr\\\/produit\\\/enidine-shock-absorbers-hdn-hda-series-2\\\/#breadcrumb\",\"itemListElement\":[{\"@type\":\"ListItem\",\"position\":1,\"name\":\"Home\",\"item\":\"https:\\\/\\\/www.credimex.ch\\\/fr\\\/\"},{\"@type\":\"ListItem\",\"position\":2,\"name\":\"Produits\",\"item\":\"https:\\\/\\\/www.credimex.ch\\\/fr\\\/produits\\\/\"},{\"@type\":\"ListItem\",\"position\":3,\"name\":\"Amortisseurs Enidine S\u00e9rie HDN\\\/HDA\"}]},{\"@type\":\"WebSite\",\"@id\":\"https:\\\/\\\/www.credimex.ch\\\/fr\\\/#website\",\"url\":\"https:\\\/\\\/www.credimex.ch\\\/fr\\\/\",\"name\":\"CREDIMEX\",\"description\":\"Partner of Swiss Industrial Market\",\"publisher\":{\"@id\":\"https:\\\/\\\/www.credimex.ch\\\/fr\\\/#organization\"},\"potentialAction\":[{\"@type\":\"SearchAction\",\"target\":{\"@type\":\"EntryPoint\",\"urlTemplate\":\"https:\\\/\\\/www.credimex.ch\\\/fr\\\/?s={search_term_string}\"},\"query-input\":{\"@type\":\"PropertyValueSpecification\",\"valueRequired\":true,\"valueName\":\"search_term_string\"}}],\"inLanguage\":\"fr-FR\"},{\"@type\":\"Organization\",\"@id\":\"https:\\\/\\\/www.credimex.ch\\\/fr\\\/#organization\",\"name\":\"credimex\",\"url\":\"https:\\\/\\\/www.credimex.ch\\\/fr\\\/\",\"logo\":{\"@type\":\"ImageObject\",\"inLanguage\":\"fr-FR\",\"@id\":\"https:\\\/\\\/www.credimex.ch\\\/fr\\\/#\\\/schema\\\/logo\\\/image\\\/\",\"url\":\"https:\\\/\\\/www.credimex.ch\\\/wp-content\\\/uploads\\\/2022\\\/03\\\/cropped-logo-credimex.png\",\"contentUrl\":\"https:\\\/\\\/www.credimex.ch\\\/wp-content\\\/uploads\\\/2022\\\/03\\\/cropped-logo-credimex.png\",\"width\":512,\"height\":512,\"caption\":\"credimex\"},\"image\":{\"@id\":\"https:\\\/\\\/www.credimex.ch\\\/fr\\\/#\\\/schema\\\/logo\\\/image\\\/\"},\"sameAs\":[\"https:\\\/\\\/www.facebook.com\\\/credimex.alpnach\\\/\",\"https:\\\/\\\/www.linkedin.com\\\/company\\\/credimex\\\/\",\"https:\\\/\\\/www.youtube.com\\\/@CREDIMEX?sub_confirmation=1\"]}]}<\/script>\n<!-- \/ Yoast SEO Premium plugin. -->","yoast_head_json":{"title":"Amortisseurs Enidine S\u00e9rie HDN\/HDA - CREDIMEX","description":"Amortisseurs Enidine Les amortisseurs industriels \u00e0 usage intensif de la s\u00e9rie HDN\/HDA sont propos\u00e9s avec une grande vari\u00e9t\u00e9 de configurations optionnelles.","robots":{"index":"index","follow":"follow","max-snippet":"max-snippet:-1","max-image-preview":"max-image-preview:large","max-video-preview":"max-video-preview:-1"},"canonical":"https:\/\/www.credimex.ch\/fr\/produit\/enidine-shock-absorbers-hdn-hda-series-2\/","og_locale":"fr_FR","og_type":"article","og_title":"Amortisseurs Enidine S\u00e9rie HDN\/HDA","og_description":"Amortisseurs Enidine Les amortisseurs industriels \u00e0 usage intensif de la s\u00e9rie HDN\/HDA sont propos\u00e9s avec une grande vari\u00e9t\u00e9 de configurations optionnelles.","og_url":"https:\/\/www.credimex.ch\/fr\/produit\/enidine-shock-absorbers-hdn-hda-series-2\/","og_site_name":"CREDIMEX","article_publisher":"https:\/\/www.facebook.com\/credimex.alpnach\/","og_image":[{"width":300,"height":206,"url":"https:\/\/www.credimex.ch\/wp-content\/uploads\/2022\/07\/HD-Group-06.webp","type":"image\/webp"}],"twitter_card":"summary_large_image","twitter_misc":{"Dur\u00e9e de lecture estim\u00e9e":"2 minutes"},"schema":{"@context":"https:\/\/schema.org","@graph":[{"@type":"WebPage","@id":"https:\/\/www.credimex.ch\/fr\/produit\/enidine-shock-absorbers-hdn-hda-series-2\/","url":"https:\/\/www.credimex.ch\/fr\/produit\/enidine-shock-absorbers-hdn-hda-series-2\/","name":"Amortisseurs Enidine S\u00e9rie HDN\/HDA - CREDIMEX","isPartOf":{"@id":"https:\/\/www.credimex.ch\/fr\/#website"},"primaryImageOfPage":{"@id":"https:\/\/www.credimex.ch\/fr\/produit\/enidine-shock-absorbers-hdn-hda-series-2\/#primaryimage"},"image":{"@id":"https:\/\/www.credimex.ch\/fr\/produit\/enidine-shock-absorbers-hdn-hda-series-2\/#primaryimage"},"thumbnailUrl":"https:\/\/www.credimex.ch\/wp-content\/uploads\/2022\/07\/HD-Group-06.webp","datePublished":"2022-07-06T10:13:44+00:00","description":"Amortisseurs Enidine Les amortisseurs industriels \u00e0 usage intensif de la s\u00e9rie HDN\/HDA sont propos\u00e9s avec une grande vari\u00e9t\u00e9 de configurations optionnelles.","breadcrumb":{"@id":"https:\/\/www.credimex.ch\/fr\/produit\/enidine-shock-absorbers-hdn-hda-series-2\/#breadcrumb"},"inLanguage":"fr-FR","potentialAction":[{"@type":"ReadAction","target":["https:\/\/www.credimex.ch\/fr\/produit\/enidine-shock-absorbers-hdn-hda-series-2\/"]}]},{"@type":"ImageObject","inLanguage":"fr-FR","@id":"https:\/\/www.credimex.ch\/fr\/produit\/enidine-shock-absorbers-hdn-hda-series-2\/#primaryimage","url":"https:\/\/www.credimex.ch\/wp-content\/uploads\/2022\/07\/HD-Group-06.webp","contentUrl":"https:\/\/www.credimex.ch\/wp-content\/uploads\/2022\/07\/HD-Group-06.webp","width":300,"height":206},{"@type":"BreadcrumbList","@id":"https:\/\/www.credimex.ch\/fr\/produit\/enidine-shock-absorbers-hdn-hda-series-2\/#breadcrumb","itemListElement":[{"@type":"ListItem","position":1,"name":"Home","item":"https:\/\/www.credimex.ch\/fr\/"},{"@type":"ListItem","position":2,"name":"Produits","item":"https:\/\/www.credimex.ch\/fr\/produits\/"},{"@type":"ListItem","position":3,"name":"Amortisseurs Enidine S\u00e9rie HDN\/HDA"}]},{"@type":"WebSite","@id":"https:\/\/www.credimex.ch\/fr\/#website","url":"https:\/\/www.credimex.ch\/fr\/","name":"CREDIMEX","description":"Partner of Swiss Industrial Market","publisher":{"@id":"https:\/\/www.credimex.ch\/fr\/#organization"},"potentialAction":[{"@type":"SearchAction","target":{"@type":"EntryPoint","urlTemplate":"https:\/\/www.credimex.ch\/fr\/?s={search_term_string}"},"query-input":{"@type":"PropertyValueSpecification","valueRequired":true,"valueName":"search_term_string"}}],"inLanguage":"fr-FR"},{"@type":"Organization","@id":"https:\/\/www.credimex.ch\/fr\/#organization","name":"credimex","url":"https:\/\/www.credimex.ch\/fr\/","logo":{"@type":"ImageObject","inLanguage":"fr-FR","@id":"https:\/\/www.credimex.ch\/fr\/#\/schema\/logo\/image\/","url":"https:\/\/www.credimex.ch\/wp-content\/uploads\/2022\/03\/cropped-logo-credimex.png","contentUrl":"https:\/\/www.credimex.ch\/wp-content\/uploads\/2022\/03\/cropped-logo-credimex.png","width":512,"height":512,"caption":"credimex"},"image":{"@id":"https:\/\/www.credimex.ch\/fr\/#\/schema\/logo\/image\/"},"sameAs":["https:\/\/www.facebook.com\/credimex.alpnach\/","https:\/\/www.linkedin.com\/company\/credimex\/","https:\/\/www.youtube.com\/@CREDIMEX?sub_confirmation=1"]}]}},"_links":{"self":[{"href":"https:\/\/www.credimex.ch\/fr\/wp-json\/wp\/v2\/product\/4261","targetHints":{"allow":["GET"]}}],"collection":[{"href":"https:\/\/www.credimex.ch\/fr\/wp-json\/wp\/v2\/product"}],"about":[{"href":"https:\/\/www.credimex.ch\/fr\/wp-json\/wp\/v2\/types\/product"}],"replies":[{"embeddable":true,"href":"https:\/\/www.credimex.ch\/fr\/wp-json\/wp\/v2\/comments?post=4261"}],"wp:featuredmedia":[{"embeddable":true,"href":"https:\/\/www.credimex.ch\/fr\/wp-json\/wp\/v2\/media\/3330"}],"wp:attachment":[{"href":"https:\/\/www.credimex.ch\/fr\/wp-json\/wp\/v2\/media?parent=4261"}],"wp:term":[{"taxonomy":"product_brand","embeddable":true,"href":"https:\/\/www.credimex.ch\/fr\/wp-json\/wp\/v2\/product_brand?post=4261"},{"taxonomy":"product_cat","embeddable":true,"href":"https:\/\/www.credimex.ch\/fr\/wp-json\/wp\/v2\/product_cat?post=4261"},{"taxonomy":"product_tag","embeddable":true,"href":"https:\/\/www.credimex.ch\/fr\/wp-json\/wp\/v2\/product_tag?post=4261"}],"curies":[{"name":"wp","href":"https:\/\/api.w.org\/{rel}","templated":true}]}}