{"id":4265,"date":"2022-07-06T11:24:58","date_gmt":"2022-07-06T09:24:58","guid":{"rendered":"https:\/\/www.credimex.ch.mialias.net\/product\/amortisseurs-enidine-serie-eco-oemxt-oem\/"},"modified":"2023-07-10T16:18:00","modified_gmt":"2023-07-10T14:18:00","slug":"amortisseurs-enidine-serie-eco-oemxt-oem","status":"publish","type":"product","link":"https:\/\/www.credimex.ch\/fr\/produit\/amortisseurs-enidine-serie-eco-oemxt-oem\/","title":{"rendered":"Amortisseurs ENIDINE S\u00e9rie ECO OEMXT\/OEM"},"content":{"rendered":"<h2>Description<\/h2>\n<p>Les amortisseurs ENIDINE La s\u00e9rie ECO OEMXT\/OEM est une gamme d&rsquo;amortisseurs hydrauliques r\u00e9glables qui offre une solution particuli\u00e8rement flexible pour r\u00e9pondre \u00e0 vos besoins d&rsquo;absorption d&rsquo;\u00e9nergie m\u00eame lorsque les param\u00e8tres d&rsquo;entr\u00e9e varient ou ne sont pas clairement d\u00e9terminables.<\/p>\n<p>La nouvelle s\u00e9rie ECO OEM d&rsquo;amortisseurs hydrauliques r\u00e9glables ITT ENIDINE est une extension de la gamme de produits existante de la s\u00e9rie ECO. Ces amortisseurs r\u00e9glables offrent une flexibilit\u00e9 maximale et sont \u00e9galement<br \/>\nConforme \u00e0 la directive RoHS. En tournant simplement la vis de r\u00e9glage, l&rsquo;amortissement peut \u00eatre modifi\u00e9 pour s&rsquo;adapter \u00e0 une large gamme de conditions.<\/p>\n<h2>Avantages du produit<\/h2>\n<ul>\n<li>La conception r\u00e9glable vous permet de r\u00e9gler le niveau d&rsquo;amortissement dont vous avez besoin et, en m\u00eame temps, de verrouiller le niveau d&rsquo;amortissement s\u00e9lectionn\u00e9.<\/li>\n<li>Les cylindres avec filetages externes offrent une vari\u00e9t\u00e9 d&rsquo;options de montage et fournissent une meilleure surface de dissipation de la chaleur pour une meilleure dissipation de la chaleur.<\/li>\n<li>Extension possible des param\u00e8tres de fonctionnement en utilisant les produits des s\u00e9ries Low Range (LROEMXT) et High Performance (HP) d&rsquo;ENIDINE.<\/li>\n<li>Des registres personnalis\u00e9s \u00e0 rapport fixe (CBOEM) sont disponibles pour les applications sp\u00e9ciales ou les arr\u00eats d&rsquo;urgence.<\/li>\n<li>Des mat\u00e9riaux et des traitements de surface sp\u00e9ciaux sont disponibles pour r\u00e9pondre aux exigences sp\u00e9cifiques des clients :<\/li>\n<li>Les normes de qualit\u00e9 ISO garantissent un fonctionnement fiable et une longue dur\u00e9e de vie.<\/li>\n<\/ul>\n<h2>Application<\/h2>\n<p>Cette s\u00e9rie permet de couvrir un large \u00e9ventail de conditions de fonctionnement diff\u00e9rentes, notamment des applications dans les secteurs de l&rsquo;automobile, de l&rsquo;alimentation, de la m\u00e9decine, de l&rsquo;\u00e9nergie, de l&rsquo;a\u00e9rospatiale et de l&rsquo;\u00e9lectronique.<\/p>\n","protected":false},"excerpt":{"rendered":"<p>Les <strong>amortisseurs ENIDINE <\/strong><strong>ECO OEMXT\/OEM<\/strong> est une gamme d&rsquo;amortisseurs hydrauliques r\u00e9glables qui offre une solution particuli\u00e8rement flexible pour r\u00e9pondre \u00e0 vos besoins d&rsquo;absorption d&rsquo;\u00e9nergie m\u00eame lorsque les param\u00e8tres d&rsquo;entr\u00e9e varient ou ne sont pas clairement d\u00e9terminables.<\/p>\n","protected":false},"featured_media":3326,"comment_status":"open","ping_status":"closed","template":"","meta":{"_acf_changed":false},"product_brand":[],"product_cat":[559,550,341,340,413,376,411,384,556,475,375,361,360,414,412],"product_tag":[],"class_list":{"0":"post-4265","1":"product","2":"type-product","3":"status-publish","4":"has-post-thumbnail","6":"product_cat-absorbeurs-de-chocs","7":"product_cat-absorption-denergie","8":"product_cat-aerospatiale","9":"product_cat-automobile","10":"product_cat-batteries","11":"product_cat-e-mobilite","12":"product_cat-electronique","13":"product_cat-energie","14":"product_cat-enidine","15":"product_cat-fabrication-de-montres","16":"product_cat-ferroviaire","17":"product_cat-industrie-alimentaire","18":"product_cat-industrie-generale","19":"product_cat-medical","20":"product_cat-telepheriques","21":"pa_brands-enidine-fr","23":"first","24":"instock","25":"shipping-taxable","26":"product-type-simple"},"acf":[],"_yoast_wpseo_focuskw":"Amortisseurs Enidine S\u00e9rie ECO OEMXT\/OEM","_yoast_wpseo_metadesc":"Amortisseurs ENIDINE La s\u00e9rie ECO OEMXT\/OEM est une gamme d'amortisseurs hydrauliques r\u00e9glables qui offre une solution particuli\u00e8rement flexible.","yoast_head":"<!-- This site is optimized with the Yoast SEO Premium plugin v21.6 (Yoast SEO v27.4) - https:\/\/yoast.com\/product\/yoast-seo-premium-wordpress\/ -->\n<title>Amortisseurs ENIDINE S\u00e9rie ECO OEMXT\/OEM - CREDIMEX<\/title>\n<meta name=\"description\" content=\"Amortisseurs ENIDINE La s\u00e9rie ECO OEMXT\/OEM est une gamme d&#039;amortisseurs hydrauliques r\u00e9glables qui offre une solution particuli\u00e8rement flexible.\" \/>\n<meta name=\"robots\" content=\"index, follow, max-snippet:-1, max-image-preview:large, max-video-preview:-1\" \/>\n<link rel=\"canonical\" href=\"https:\/\/www.credimex.ch\/fr\/produit\/amortisseurs-enidine-serie-eco-oemxt-oem\/\" \/>\n<meta property=\"og:locale\" content=\"fr_FR\" \/>\n<meta property=\"og:type\" content=\"article\" \/>\n<meta property=\"og:title\" content=\"Amortisseurs ENIDINE S\u00e9rie ECO OEMXT\/OEM\" \/>\n<meta property=\"og:description\" content=\"Amortisseurs ENIDINE La s\u00e9rie ECO OEMXT\/OEM est une gamme d&#039;amortisseurs hydrauliques r\u00e9glables qui offre une solution particuli\u00e8rement flexible.\" \/>\n<meta property=\"og:url\" content=\"https:\/\/www.credimex.ch\/fr\/produit\/amortisseurs-enidine-serie-eco-oemxt-oem\/\" \/>\n<meta property=\"og:site_name\" content=\"CREDIMEX\" \/>\n<meta property=\"article:publisher\" content=\"https:\/\/www.facebook.com\/credimex.alpnach\/\" \/>\n<meta property=\"article:modified_time\" content=\"2023-07-10T14:18:00+00:00\" \/>\n<meta property=\"og:image\" content=\"https:\/\/www.credimex.ch\/wp-content\/uploads\/2022\/07\/Enidine-Stossda\u0308mpfer-ECO-OEMXTOEM-Series-.jpeg\" \/>\n\t<meta property=\"og:image:width\" content=\"496\" \/>\n\t<meta property=\"og:image:height\" content=\"496\" \/>\n\t<meta property=\"og:image:type\" content=\"image\/jpeg\" \/>\n<meta name=\"twitter:card\" content=\"summary_large_image\" \/>\n<meta name=\"twitter:label1\" content=\"Dur\u00e9e de lecture estim\u00e9e\" \/>\n\t<meta name=\"twitter:data1\" content=\"2 minutes\" \/>\n<script type=\"application\/ld+json\" class=\"yoast-schema-graph\">{\"@context\":\"https:\\\/\\\/schema.org\",\"@graph\":[{\"@type\":\"WebPage\",\"@id\":\"https:\\\/\\\/www.credimex.ch\\\/fr\\\/produit\\\/amortisseurs-enidine-serie-eco-oemxt-oem\\\/\",\"url\":\"https:\\\/\\\/www.credimex.ch\\\/fr\\\/produit\\\/amortisseurs-enidine-serie-eco-oemxt-oem\\\/\",\"name\":\"Amortisseurs ENIDINE S\u00e9rie ECO OEMXT\\\/OEM - CREDIMEX\",\"isPartOf\":{\"@id\":\"https:\\\/\\\/www.credimex.ch\\\/fr\\\/#website\"},\"primaryImageOfPage\":{\"@id\":\"https:\\\/\\\/www.credimex.ch\\\/fr\\\/produit\\\/amortisseurs-enidine-serie-eco-oemxt-oem\\\/#primaryimage\"},\"image\":{\"@id\":\"https:\\\/\\\/www.credimex.ch\\\/fr\\\/produit\\\/amortisseurs-enidine-serie-eco-oemxt-oem\\\/#primaryimage\"},\"thumbnailUrl\":\"https:\\\/\\\/www.credimex.ch\\\/wp-content\\\/uploads\\\/2022\\\/07\\\/Enidine-Stossda\u0308mpfer-ECO-OEMXTOEM-Series-.jpeg\",\"datePublished\":\"2022-07-06T09:24:58+00:00\",\"dateModified\":\"2023-07-10T14:18:00+00:00\",\"description\":\"Amortisseurs ENIDINE La s\u00e9rie ECO OEMXT\\\/OEM est une gamme d'amortisseurs hydrauliques r\u00e9glables qui offre une solution particuli\u00e8rement flexible.\",\"breadcrumb\":{\"@id\":\"https:\\\/\\\/www.credimex.ch\\\/fr\\\/produit\\\/amortisseurs-enidine-serie-eco-oemxt-oem\\\/#breadcrumb\"},\"inLanguage\":\"fr-FR\",\"potentialAction\":[{\"@type\":\"ReadAction\",\"target\":[\"https:\\\/\\\/www.credimex.ch\\\/fr\\\/produit\\\/amortisseurs-enidine-serie-eco-oemxt-oem\\\/\"]}]},{\"@type\":\"ImageObject\",\"inLanguage\":\"fr-FR\",\"@id\":\"https:\\\/\\\/www.credimex.ch\\\/fr\\\/produit\\\/amortisseurs-enidine-serie-eco-oemxt-oem\\\/#primaryimage\",\"url\":\"https:\\\/\\\/www.credimex.ch\\\/wp-content\\\/uploads\\\/2022\\\/07\\\/Enidine-Stossda\u0308mpfer-ECO-OEMXTOEM-Series-.jpeg\",\"contentUrl\":\"https:\\\/\\\/www.credimex.ch\\\/wp-content\\\/uploads\\\/2022\\\/07\\\/Enidine-Stossda\u0308mpfer-ECO-OEMXTOEM-Series-.jpeg\",\"width\":496,\"height\":496},{\"@type\":\"BreadcrumbList\",\"@id\":\"https:\\\/\\\/www.credimex.ch\\\/fr\\\/produit\\\/amortisseurs-enidine-serie-eco-oemxt-oem\\\/#breadcrumb\",\"itemListElement\":[{\"@type\":\"ListItem\",\"position\":1,\"name\":\"Home\",\"item\":\"https:\\\/\\\/www.credimex.ch\\\/fr\\\/\"},{\"@type\":\"ListItem\",\"position\":2,\"name\":\"Produits\",\"item\":\"https:\\\/\\\/www.credimex.ch\\\/fr\\\/produits\\\/\"},{\"@type\":\"ListItem\",\"position\":3,\"name\":\"Amortisseurs ENIDINE S\u00e9rie ECO OEMXT\\\/OEM\"}]},{\"@type\":\"WebSite\",\"@id\":\"https:\\\/\\\/www.credimex.ch\\\/fr\\\/#website\",\"url\":\"https:\\\/\\\/www.credimex.ch\\\/fr\\\/\",\"name\":\"CREDIMEX\",\"description\":\"Partner of Swiss Industrial Market\",\"publisher\":{\"@id\":\"https:\\\/\\\/www.credimex.ch\\\/fr\\\/#organization\"},\"potentialAction\":[{\"@type\":\"SearchAction\",\"target\":{\"@type\":\"EntryPoint\",\"urlTemplate\":\"https:\\\/\\\/www.credimex.ch\\\/fr\\\/?s={search_term_string}\"},\"query-input\":{\"@type\":\"PropertyValueSpecification\",\"valueRequired\":true,\"valueName\":\"search_term_string\"}}],\"inLanguage\":\"fr-FR\"},{\"@type\":\"Organization\",\"@id\":\"https:\\\/\\\/www.credimex.ch\\\/fr\\\/#organization\",\"name\":\"credimex\",\"url\":\"https:\\\/\\\/www.credimex.ch\\\/fr\\\/\",\"logo\":{\"@type\":\"ImageObject\",\"inLanguage\":\"fr-FR\",\"@id\":\"https:\\\/\\\/www.credimex.ch\\\/fr\\\/#\\\/schema\\\/logo\\\/image\\\/\",\"url\":\"https:\\\/\\\/www.credimex.ch\\\/wp-content\\\/uploads\\\/2022\\\/03\\\/cropped-logo-credimex.png\",\"contentUrl\":\"https:\\\/\\\/www.credimex.ch\\\/wp-content\\\/uploads\\\/2022\\\/03\\\/cropped-logo-credimex.png\",\"width\":512,\"height\":512,\"caption\":\"credimex\"},\"image\":{\"@id\":\"https:\\\/\\\/www.credimex.ch\\\/fr\\\/#\\\/schema\\\/logo\\\/image\\\/\"},\"sameAs\":[\"https:\\\/\\\/www.facebook.com\\\/credimex.alpnach\\\/\",\"https:\\\/\\\/www.linkedin.com\\\/company\\\/credimex\\\/\",\"https:\\\/\\\/www.youtube.com\\\/@CREDIMEX?sub_confirmation=1\"]}]}<\/script>\n<!-- \/ Yoast SEO Premium plugin. -->","yoast_head_json":{"title":"Amortisseurs ENIDINE S\u00e9rie ECO OEMXT\/OEM - CREDIMEX","description":"Amortisseurs ENIDINE La s\u00e9rie ECO OEMXT\/OEM est une gamme d'amortisseurs hydrauliques r\u00e9glables qui offre une solution particuli\u00e8rement flexible.","robots":{"index":"index","follow":"follow","max-snippet":"max-snippet:-1","max-image-preview":"max-image-preview:large","max-video-preview":"max-video-preview:-1"},"canonical":"https:\/\/www.credimex.ch\/fr\/produit\/amortisseurs-enidine-serie-eco-oemxt-oem\/","og_locale":"fr_FR","og_type":"article","og_title":"Amortisseurs ENIDINE S\u00e9rie ECO OEMXT\/OEM","og_description":"Amortisseurs ENIDINE La s\u00e9rie ECO OEMXT\/OEM est une gamme d'amortisseurs hydrauliques r\u00e9glables qui offre une solution particuli\u00e8rement flexible.","og_url":"https:\/\/www.credimex.ch\/fr\/produit\/amortisseurs-enidine-serie-eco-oemxt-oem\/","og_site_name":"CREDIMEX","article_publisher":"https:\/\/www.facebook.com\/credimex.alpnach\/","article_modified_time":"2023-07-10T14:18:00+00:00","og_image":[{"width":496,"height":496,"url":"https:\/\/www.credimex.ch\/wp-content\/uploads\/2022\/07\/Enidine-Stossda\u0308mpfer-ECO-OEMXTOEM-Series-.jpeg","type":"image\/jpeg"}],"twitter_card":"summary_large_image","twitter_misc":{"Dur\u00e9e de lecture estim\u00e9e":"2 minutes"},"schema":{"@context":"https:\/\/schema.org","@graph":[{"@type":"WebPage","@id":"https:\/\/www.credimex.ch\/fr\/produit\/amortisseurs-enidine-serie-eco-oemxt-oem\/","url":"https:\/\/www.credimex.ch\/fr\/produit\/amortisseurs-enidine-serie-eco-oemxt-oem\/","name":"Amortisseurs ENIDINE S\u00e9rie ECO OEMXT\/OEM - CREDIMEX","isPartOf":{"@id":"https:\/\/www.credimex.ch\/fr\/#website"},"primaryImageOfPage":{"@id":"https:\/\/www.credimex.ch\/fr\/produit\/amortisseurs-enidine-serie-eco-oemxt-oem\/#primaryimage"},"image":{"@id":"https:\/\/www.credimex.ch\/fr\/produit\/amortisseurs-enidine-serie-eco-oemxt-oem\/#primaryimage"},"thumbnailUrl":"https:\/\/www.credimex.ch\/wp-content\/uploads\/2022\/07\/Enidine-Stossda\u0308mpfer-ECO-OEMXTOEM-Series-.jpeg","datePublished":"2022-07-06T09:24:58+00:00","dateModified":"2023-07-10T14:18:00+00:00","description":"Amortisseurs ENIDINE La s\u00e9rie ECO OEMXT\/OEM est une gamme d'amortisseurs hydrauliques r\u00e9glables qui offre une solution particuli\u00e8rement flexible.","breadcrumb":{"@id":"https:\/\/www.credimex.ch\/fr\/produit\/amortisseurs-enidine-serie-eco-oemxt-oem\/#breadcrumb"},"inLanguage":"fr-FR","potentialAction":[{"@type":"ReadAction","target":["https:\/\/www.credimex.ch\/fr\/produit\/amortisseurs-enidine-serie-eco-oemxt-oem\/"]}]},{"@type":"ImageObject","inLanguage":"fr-FR","@id":"https:\/\/www.credimex.ch\/fr\/produit\/amortisseurs-enidine-serie-eco-oemxt-oem\/#primaryimage","url":"https:\/\/www.credimex.ch\/wp-content\/uploads\/2022\/07\/Enidine-Stossda\u0308mpfer-ECO-OEMXTOEM-Series-.jpeg","contentUrl":"https:\/\/www.credimex.ch\/wp-content\/uploads\/2022\/07\/Enidine-Stossda\u0308mpfer-ECO-OEMXTOEM-Series-.jpeg","width":496,"height":496},{"@type":"BreadcrumbList","@id":"https:\/\/www.credimex.ch\/fr\/produit\/amortisseurs-enidine-serie-eco-oemxt-oem\/#breadcrumb","itemListElement":[{"@type":"ListItem","position":1,"name":"Home","item":"https:\/\/www.credimex.ch\/fr\/"},{"@type":"ListItem","position":2,"name":"Produits","item":"https:\/\/www.credimex.ch\/fr\/produits\/"},{"@type":"ListItem","position":3,"name":"Amortisseurs ENIDINE S\u00e9rie ECO OEMXT\/OEM"}]},{"@type":"WebSite","@id":"https:\/\/www.credimex.ch\/fr\/#website","url":"https:\/\/www.credimex.ch\/fr\/","name":"CREDIMEX","description":"Partner of Swiss Industrial Market","publisher":{"@id":"https:\/\/www.credimex.ch\/fr\/#organization"},"potentialAction":[{"@type":"SearchAction","target":{"@type":"EntryPoint","urlTemplate":"https:\/\/www.credimex.ch\/fr\/?s={search_term_string}"},"query-input":{"@type":"PropertyValueSpecification","valueRequired":true,"valueName":"search_term_string"}}],"inLanguage":"fr-FR"},{"@type":"Organization","@id":"https:\/\/www.credimex.ch\/fr\/#organization","name":"credimex","url":"https:\/\/www.credimex.ch\/fr\/","logo":{"@type":"ImageObject","inLanguage":"fr-FR","@id":"https:\/\/www.credimex.ch\/fr\/#\/schema\/logo\/image\/","url":"https:\/\/www.credimex.ch\/wp-content\/uploads\/2022\/03\/cropped-logo-credimex.png","contentUrl":"https:\/\/www.credimex.ch\/wp-content\/uploads\/2022\/03\/cropped-logo-credimex.png","width":512,"height":512,"caption":"credimex"},"image":{"@id":"https:\/\/www.credimex.ch\/fr\/#\/schema\/logo\/image\/"},"sameAs":["https:\/\/www.facebook.com\/credimex.alpnach\/","https:\/\/www.linkedin.com\/company\/credimex\/","https:\/\/www.youtube.com\/@CREDIMEX?sub_confirmation=1"]}]}},"_links":{"self":[{"href":"https:\/\/www.credimex.ch\/fr\/wp-json\/wp\/v2\/product\/4265","targetHints":{"allow":["GET"]}}],"collection":[{"href":"https:\/\/www.credimex.ch\/fr\/wp-json\/wp\/v2\/product"}],"about":[{"href":"https:\/\/www.credimex.ch\/fr\/wp-json\/wp\/v2\/types\/product"}],"replies":[{"embeddable":true,"href":"https:\/\/www.credimex.ch\/fr\/wp-json\/wp\/v2\/comments?post=4265"}],"wp:featuredmedia":[{"embeddable":true,"href":"https:\/\/www.credimex.ch\/fr\/wp-json\/wp\/v2\/media\/3326"}],"wp:attachment":[{"href":"https:\/\/www.credimex.ch\/fr\/wp-json\/wp\/v2\/media?parent=4265"}],"wp:term":[{"taxonomy":"product_brand","embeddable":true,"href":"https:\/\/www.credimex.ch\/fr\/wp-json\/wp\/v2\/product_brand?post=4265"},{"taxonomy":"product_cat","embeddable":true,"href":"https:\/\/www.credimex.ch\/fr\/wp-json\/wp\/v2\/product_cat?post=4265"},{"taxonomy":"product_tag","embeddable":true,"href":"https:\/\/www.credimex.ch\/fr\/wp-json\/wp\/v2\/product_tag?post=4265"}],"curies":[{"name":"wp","href":"https:\/\/api.w.org\/{rel}","templated":true}]}}