{"id":4267,"date":"2022-07-06T11:11:36","date_gmt":"2022-07-06T09:11:36","guid":{"rendered":"https:\/\/www.credimex.ch.mialias.net\/product\/amortisseurs-enidine-serie-sth\/"},"modified":"2023-07-10T16:20:40","modified_gmt":"2023-07-10T14:20:40","slug":"amortisseurs-enidine-serie-sth","status":"publish","type":"product","link":"https:\/\/www.credimex.ch\/fr\/produit\/amortisseurs-enidine-serie-sth\/","title":{"rendered":"Amortisseurs ENIDINE S\u00e9rie STH"},"content":{"rendered":"<h2>Description<\/h2>\n<p>Les amortisseurs ENIDINE de la s\u00e9rie STH sont perc\u00e9s selon les besoins du client et offrent la plus grande absorption d&rsquo;\u00e9nergie par rapport \u00e0 la taille. Les v\u00e9rins sont disponibles avec un filetage ext\u00e9rieur continu. Cela garantit une certaine souplesse dans le type d&rsquo;installation.<\/p>\n<h2>Avantages du produit<\/h2>\n<ul>\n<li>Une large gamme de produits offre une grande flexibilit\u00e9 en termes de taille et de capacit\u00e9 d&rsquo;absorption d&rsquo;\u00e9nergie.<\/li>\n<li>Des mat\u00e9riaux et des traitements de surface sp\u00e9ciaux sont disponibles pour r\u00e9pondre aux besoins sp\u00e9cifiques des clients.<\/li>\n<li>Les cylindres avec filetages externes offrent une vari\u00e9t\u00e9 d&rsquo;options de montage et fournissent une meilleure surface de dissipation de la chaleur pour une meilleure dissipation de la chaleur.<\/li>\n<li>Une vari\u00e9t\u00e9 d&rsquo;huiles et de joints sont disponibles en option pour couvrir la plage de temp\u00e9rature de fonctionnement allant de -10\u00b0C \u00e0 80\u00b0C \u00e0 -30\u00b0C \u00e0 100\u00b0C.<\/li>\n<li>Dur\u00e9e de vie plus longue, absorption d&rsquo;\u00e9nergie plus \u00e9lev\u00e9e, surface nickel\u00e9e r\u00e9sistante \u00e0 la corrosion, am\u00e9liorations du design esth\u00e9tique.<\/li>\n<li>Des r\u00e8gles de qualit\u00e9 strictes garantissent le haut niveau de qualit\u00e9 constant de nos produits.<\/li>\n<\/ul>\n<h2>Application<\/h2>\n<p>Cette s\u00e9rie permet de couvrir un large \u00e9ventail de conditions de fonctionnement diff\u00e9rentes, notamment des applications dans les secteurs de l&rsquo;automobile, de l&rsquo;alimentation, de la m\u00e9decine, de l&rsquo;\u00e9nergie, de l&rsquo;a\u00e9rospatiale et de l&rsquo;\u00e9lectronique.<\/p>\n","protected":false},"excerpt":{"rendered":"<p>Les <strong>amortisseurs ENIDINE de la s\u00e9rie STH<\/strong> sont perc\u00e9s selon les besoins du client et offrent la plus grande absorption d&rsquo;\u00e9nergie par rapport \u00e0 la taille.<\/p>\n","protected":false},"featured_media":3324,"comment_status":"open","ping_status":"closed","template":"","meta":{"_acf_changed":false},"product_brand":[],"product_cat":[559,550,341,340,413,376,411,384,556,475,375,361,360,414,412],"product_tag":[],"class_list":{"0":"post-4267","1":"product","2":"type-product","3":"status-publish","4":"has-post-thumbnail","6":"product_cat-absorbeurs-de-chocs","7":"product_cat-absorption-denergie","8":"product_cat-aerospatiale","9":"product_cat-automobile","10":"product_cat-batteries","11":"product_cat-e-mobilite","12":"product_cat-electronique","13":"product_cat-energie","14":"product_cat-enidine","15":"product_cat-fabrication-de-montres","16":"product_cat-ferroviaire","17":"product_cat-industrie-alimentaire","18":"product_cat-industrie-generale","19":"product_cat-medical","20":"product_cat-telepheriques","21":"pa_brands-enidine-fr","23":"first","24":"instock","25":"shipping-taxable","26":"product-type-simple"},"acf":[],"_yoast_wpseo_focuskw":"Amortisseurs Enidine S\u00e9rie STH","_yoast_wpseo_metadesc":"Les amortisseurs ENIDINE de la s\u00e9rie STH sont perc\u00e9s selon les besoins du client et offrent la plus grande absorption d'\u00e9nergie par rapport \u00e0 la taille.","yoast_head":"<!-- This site is optimized with the Yoast SEO Premium plugin v21.6 (Yoast SEO v27.4) - https:\/\/yoast.com\/product\/yoast-seo-premium-wordpress\/ -->\n<title>Amortisseurs ENIDINE S\u00e9rie STH - CREDIMEX<\/title>\n<meta name=\"description\" content=\"Les amortisseurs ENIDINE de la s\u00e9rie STH sont perc\u00e9s selon les besoins du client et offrent la plus grande absorption d&#039;\u00e9nergie par rapport \u00e0 la taille.\" \/>\n<meta name=\"robots\" content=\"index, follow, max-snippet:-1, max-image-preview:large, max-video-preview:-1\" \/>\n<link rel=\"canonical\" href=\"https:\/\/www.credimex.ch\/fr\/produit\/amortisseurs-enidine-serie-sth\/\" \/>\n<meta property=\"og:locale\" content=\"fr_FR\" \/>\n<meta property=\"og:type\" content=\"article\" \/>\n<meta property=\"og:title\" content=\"Amortisseurs ENIDINE S\u00e9rie STH\" \/>\n<meta property=\"og:description\" content=\"Les amortisseurs ENIDINE de la s\u00e9rie STH sont perc\u00e9s selon les besoins du client et offrent la plus grande absorption d&#039;\u00e9nergie par rapport \u00e0 la taille.\" \/>\n<meta property=\"og:url\" content=\"https:\/\/www.credimex.ch\/fr\/produit\/amortisseurs-enidine-serie-sth\/\" \/>\n<meta property=\"og:site_name\" content=\"CREDIMEX\" \/>\n<meta property=\"article:publisher\" content=\"https:\/\/www.facebook.com\/credimex.alpnach\/\" \/>\n<meta property=\"article:modified_time\" content=\"2023-07-10T14:20:40+00:00\" \/>\n<meta property=\"og:image\" content=\"https:\/\/www.credimex.ch\/wp-content\/uploads\/2022\/07\/credimex-11.png\" \/>\n\t<meta property=\"og:image:width\" content=\"800\" \/>\n\t<meta property=\"og:image:height\" content=\"800\" \/>\n\t<meta property=\"og:image:type\" content=\"image\/png\" \/>\n<meta name=\"twitter:card\" content=\"summary_large_image\" \/>\n<meta name=\"twitter:label1\" content=\"Dur\u00e9e de lecture estim\u00e9e\" \/>\n\t<meta name=\"twitter:data1\" content=\"1 minute\" \/>\n<script type=\"application\/ld+json\" class=\"yoast-schema-graph\">{\"@context\":\"https:\\\/\\\/schema.org\",\"@graph\":[{\"@type\":\"WebPage\",\"@id\":\"https:\\\/\\\/www.credimex.ch\\\/fr\\\/produit\\\/amortisseurs-enidine-serie-sth\\\/\",\"url\":\"https:\\\/\\\/www.credimex.ch\\\/fr\\\/produit\\\/amortisseurs-enidine-serie-sth\\\/\",\"name\":\"Amortisseurs ENIDINE S\u00e9rie STH - CREDIMEX\",\"isPartOf\":{\"@id\":\"https:\\\/\\\/www.credimex.ch\\\/fr\\\/#website\"},\"primaryImageOfPage\":{\"@id\":\"https:\\\/\\\/www.credimex.ch\\\/fr\\\/produit\\\/amortisseurs-enidine-serie-sth\\\/#primaryimage\"},\"image\":{\"@id\":\"https:\\\/\\\/www.credimex.ch\\\/fr\\\/produit\\\/amortisseurs-enidine-serie-sth\\\/#primaryimage\"},\"thumbnailUrl\":\"https:\\\/\\\/www.credimex.ch\\\/wp-content\\\/uploads\\\/2022\\\/07\\\/credimex-11.png\",\"datePublished\":\"2022-07-06T09:11:36+00:00\",\"dateModified\":\"2023-07-10T14:20:40+00:00\",\"description\":\"Les amortisseurs ENIDINE de la s\u00e9rie STH sont perc\u00e9s selon les besoins du client et offrent la plus grande absorption d'\u00e9nergie par rapport \u00e0 la taille.\",\"breadcrumb\":{\"@id\":\"https:\\\/\\\/www.credimex.ch\\\/fr\\\/produit\\\/amortisseurs-enidine-serie-sth\\\/#breadcrumb\"},\"inLanguage\":\"fr-FR\",\"potentialAction\":[{\"@type\":\"ReadAction\",\"target\":[\"https:\\\/\\\/www.credimex.ch\\\/fr\\\/produit\\\/amortisseurs-enidine-serie-sth\\\/\"]}]},{\"@type\":\"ImageObject\",\"inLanguage\":\"fr-FR\",\"@id\":\"https:\\\/\\\/www.credimex.ch\\\/fr\\\/produit\\\/amortisseurs-enidine-serie-sth\\\/#primaryimage\",\"url\":\"https:\\\/\\\/www.credimex.ch\\\/wp-content\\\/uploads\\\/2022\\\/07\\\/credimex-11.png\",\"contentUrl\":\"https:\\\/\\\/www.credimex.ch\\\/wp-content\\\/uploads\\\/2022\\\/07\\\/credimex-11.png\",\"width\":800,\"height\":800},{\"@type\":\"BreadcrumbList\",\"@id\":\"https:\\\/\\\/www.credimex.ch\\\/fr\\\/produit\\\/amortisseurs-enidine-serie-sth\\\/#breadcrumb\",\"itemListElement\":[{\"@type\":\"ListItem\",\"position\":1,\"name\":\"Home\",\"item\":\"https:\\\/\\\/www.credimex.ch\\\/fr\\\/\"},{\"@type\":\"ListItem\",\"position\":2,\"name\":\"Produits\",\"item\":\"https:\\\/\\\/www.credimex.ch\\\/fr\\\/produits\\\/\"},{\"@type\":\"ListItem\",\"position\":3,\"name\":\"Amortisseurs ENIDINE S\u00e9rie STH\"}]},{\"@type\":\"WebSite\",\"@id\":\"https:\\\/\\\/www.credimex.ch\\\/fr\\\/#website\",\"url\":\"https:\\\/\\\/www.credimex.ch\\\/fr\\\/\",\"name\":\"CREDIMEX\",\"description\":\"Partner of Swiss Industrial Market\",\"publisher\":{\"@id\":\"https:\\\/\\\/www.credimex.ch\\\/fr\\\/#organization\"},\"potentialAction\":[{\"@type\":\"SearchAction\",\"target\":{\"@type\":\"EntryPoint\",\"urlTemplate\":\"https:\\\/\\\/www.credimex.ch\\\/fr\\\/?s={search_term_string}\"},\"query-input\":{\"@type\":\"PropertyValueSpecification\",\"valueRequired\":true,\"valueName\":\"search_term_string\"}}],\"inLanguage\":\"fr-FR\"},{\"@type\":\"Organization\",\"@id\":\"https:\\\/\\\/www.credimex.ch\\\/fr\\\/#organization\",\"name\":\"credimex\",\"url\":\"https:\\\/\\\/www.credimex.ch\\\/fr\\\/\",\"logo\":{\"@type\":\"ImageObject\",\"inLanguage\":\"fr-FR\",\"@id\":\"https:\\\/\\\/www.credimex.ch\\\/fr\\\/#\\\/schema\\\/logo\\\/image\\\/\",\"url\":\"https:\\\/\\\/www.credimex.ch\\\/wp-content\\\/uploads\\\/2022\\\/03\\\/cropped-logo-credimex.png\",\"contentUrl\":\"https:\\\/\\\/www.credimex.ch\\\/wp-content\\\/uploads\\\/2022\\\/03\\\/cropped-logo-credimex.png\",\"width\":512,\"height\":512,\"caption\":\"credimex\"},\"image\":{\"@id\":\"https:\\\/\\\/www.credimex.ch\\\/fr\\\/#\\\/schema\\\/logo\\\/image\\\/\"},\"sameAs\":[\"https:\\\/\\\/www.facebook.com\\\/credimex.alpnach\\\/\",\"https:\\\/\\\/www.linkedin.com\\\/company\\\/credimex\\\/\",\"https:\\\/\\\/www.youtube.com\\\/@CREDIMEX?sub_confirmation=1\"]}]}<\/script>\n<!-- \/ Yoast SEO Premium plugin. -->","yoast_head_json":{"title":"Amortisseurs ENIDINE S\u00e9rie STH - CREDIMEX","description":"Les amortisseurs ENIDINE de la s\u00e9rie STH sont perc\u00e9s selon les besoins du client et offrent la plus grande absorption d'\u00e9nergie par rapport \u00e0 la taille.","robots":{"index":"index","follow":"follow","max-snippet":"max-snippet:-1","max-image-preview":"max-image-preview:large","max-video-preview":"max-video-preview:-1"},"canonical":"https:\/\/www.credimex.ch\/fr\/produit\/amortisseurs-enidine-serie-sth\/","og_locale":"fr_FR","og_type":"article","og_title":"Amortisseurs ENIDINE S\u00e9rie STH","og_description":"Les amortisseurs ENIDINE de la s\u00e9rie STH sont perc\u00e9s selon les besoins du client et offrent la plus grande absorption d'\u00e9nergie par rapport \u00e0 la taille.","og_url":"https:\/\/www.credimex.ch\/fr\/produit\/amortisseurs-enidine-serie-sth\/","og_site_name":"CREDIMEX","article_publisher":"https:\/\/www.facebook.com\/credimex.alpnach\/","article_modified_time":"2023-07-10T14:20:40+00:00","og_image":[{"width":800,"height":800,"url":"https:\/\/www.credimex.ch\/wp-content\/uploads\/2022\/07\/credimex-11.png","type":"image\/png"}],"twitter_card":"summary_large_image","twitter_misc":{"Dur\u00e9e de lecture estim\u00e9e":"1 minute"},"schema":{"@context":"https:\/\/schema.org","@graph":[{"@type":"WebPage","@id":"https:\/\/www.credimex.ch\/fr\/produit\/amortisseurs-enidine-serie-sth\/","url":"https:\/\/www.credimex.ch\/fr\/produit\/amortisseurs-enidine-serie-sth\/","name":"Amortisseurs ENIDINE S\u00e9rie STH - CREDIMEX","isPartOf":{"@id":"https:\/\/www.credimex.ch\/fr\/#website"},"primaryImageOfPage":{"@id":"https:\/\/www.credimex.ch\/fr\/produit\/amortisseurs-enidine-serie-sth\/#primaryimage"},"image":{"@id":"https:\/\/www.credimex.ch\/fr\/produit\/amortisseurs-enidine-serie-sth\/#primaryimage"},"thumbnailUrl":"https:\/\/www.credimex.ch\/wp-content\/uploads\/2022\/07\/credimex-11.png","datePublished":"2022-07-06T09:11:36+00:00","dateModified":"2023-07-10T14:20:40+00:00","description":"Les amortisseurs ENIDINE de la s\u00e9rie STH sont perc\u00e9s selon les besoins du client et offrent la plus grande absorption d'\u00e9nergie par rapport \u00e0 la taille.","breadcrumb":{"@id":"https:\/\/www.credimex.ch\/fr\/produit\/amortisseurs-enidine-serie-sth\/#breadcrumb"},"inLanguage":"fr-FR","potentialAction":[{"@type":"ReadAction","target":["https:\/\/www.credimex.ch\/fr\/produit\/amortisseurs-enidine-serie-sth\/"]}]},{"@type":"ImageObject","inLanguage":"fr-FR","@id":"https:\/\/www.credimex.ch\/fr\/produit\/amortisseurs-enidine-serie-sth\/#primaryimage","url":"https:\/\/www.credimex.ch\/wp-content\/uploads\/2022\/07\/credimex-11.png","contentUrl":"https:\/\/www.credimex.ch\/wp-content\/uploads\/2022\/07\/credimex-11.png","width":800,"height":800},{"@type":"BreadcrumbList","@id":"https:\/\/www.credimex.ch\/fr\/produit\/amortisseurs-enidine-serie-sth\/#breadcrumb","itemListElement":[{"@type":"ListItem","position":1,"name":"Home","item":"https:\/\/www.credimex.ch\/fr\/"},{"@type":"ListItem","position":2,"name":"Produits","item":"https:\/\/www.credimex.ch\/fr\/produits\/"},{"@type":"ListItem","position":3,"name":"Amortisseurs ENIDINE S\u00e9rie STH"}]},{"@type":"WebSite","@id":"https:\/\/www.credimex.ch\/fr\/#website","url":"https:\/\/www.credimex.ch\/fr\/","name":"CREDIMEX","description":"Partner of Swiss Industrial Market","publisher":{"@id":"https:\/\/www.credimex.ch\/fr\/#organization"},"potentialAction":[{"@type":"SearchAction","target":{"@type":"EntryPoint","urlTemplate":"https:\/\/www.credimex.ch\/fr\/?s={search_term_string}"},"query-input":{"@type":"PropertyValueSpecification","valueRequired":true,"valueName":"search_term_string"}}],"inLanguage":"fr-FR"},{"@type":"Organization","@id":"https:\/\/www.credimex.ch\/fr\/#organization","name":"credimex","url":"https:\/\/www.credimex.ch\/fr\/","logo":{"@type":"ImageObject","inLanguage":"fr-FR","@id":"https:\/\/www.credimex.ch\/fr\/#\/schema\/logo\/image\/","url":"https:\/\/www.credimex.ch\/wp-content\/uploads\/2022\/03\/cropped-logo-credimex.png","contentUrl":"https:\/\/www.credimex.ch\/wp-content\/uploads\/2022\/03\/cropped-logo-credimex.png","width":512,"height":512,"caption":"credimex"},"image":{"@id":"https:\/\/www.credimex.ch\/fr\/#\/schema\/logo\/image\/"},"sameAs":["https:\/\/www.facebook.com\/credimex.alpnach\/","https:\/\/www.linkedin.com\/company\/credimex\/","https:\/\/www.youtube.com\/@CREDIMEX?sub_confirmation=1"]}]}},"_links":{"self":[{"href":"https:\/\/www.credimex.ch\/fr\/wp-json\/wp\/v2\/product\/4267","targetHints":{"allow":["GET"]}}],"collection":[{"href":"https:\/\/www.credimex.ch\/fr\/wp-json\/wp\/v2\/product"}],"about":[{"href":"https:\/\/www.credimex.ch\/fr\/wp-json\/wp\/v2\/types\/product"}],"replies":[{"embeddable":true,"href":"https:\/\/www.credimex.ch\/fr\/wp-json\/wp\/v2\/comments?post=4267"}],"wp:featuredmedia":[{"embeddable":true,"href":"https:\/\/www.credimex.ch\/fr\/wp-json\/wp\/v2\/media\/3324"}],"wp:attachment":[{"href":"https:\/\/www.credimex.ch\/fr\/wp-json\/wp\/v2\/media?parent=4267"}],"wp:term":[{"taxonomy":"product_brand","embeddable":true,"href":"https:\/\/www.credimex.ch\/fr\/wp-json\/wp\/v2\/product_brand?post=4267"},{"taxonomy":"product_cat","embeddable":true,"href":"https:\/\/www.credimex.ch\/fr\/wp-json\/wp\/v2\/product_cat?post=4267"},{"taxonomy":"product_tag","embeddable":true,"href":"https:\/\/www.credimex.ch\/fr\/wp-json\/wp\/v2\/product_tag?post=4267"}],"curies":[{"name":"wp","href":"https:\/\/api.w.org\/{rel}","templated":true}]}}