{"id":4275,"date":"2022-06-22T14:35:49","date_gmt":"2022-06-22T12:35:49","guid":{"rendered":"https:\/\/www.credimex.ch.mialias.net\/product\/huile-de-precision-dr-tillwich-12767\/"},"modified":"2022-06-22T14:35:49","modified_gmt":"2022-06-22T12:35:49","slug":"dr-tillwich-precision-oil-12767-2","status":"publish","type":"product","link":"https:\/\/www.credimex.ch\/fr\/produit\/dr-tillwich-precision-oil-12767-2\/","title":{"rendered":"Huile de pr\u00e9cision Dr Tillwich 12767"},"content":{"rendered":"<h2>Description<\/h2>\n<p>L&rsquo;huile de pr\u00e9cision 12767 de Dr Tillwich est une huile de pr\u00e9cision pour les m\u00e9taux et les plastiques avec une bonne stabilit\u00e9 de chute et une bonne durabilit\u00e9.<\/p>\n<h2>Avantages du produit<\/h2>\n<div class=\"page\" title=\"Page 1\">\n<div class=\"section\">\n<div class=\"layoutArea\">\n<div class=\"column\">\n<div class=\"page\" title=\"Page 1\">\n<div class=\"layoutArea\">\n<div class=\"column\">\n<div class=\"page\" title=\"Page 1\">\n<div class=\"section\">\n<div class=\"layoutArea\">\n<div class=\"column\">\n<div class=\"page\" title=\"Page 1\">\n<div class=\"section\">\n<div class=\"layoutArea\">\n<div class=\"column\">\n<ul>\n<li>Huile de pr\u00e9cision partiellement synth\u00e9tique \u00e0 base d&rsquo;huiles d&rsquo;esters synth\u00e9tiques, d&rsquo;hydrocarbures naturels et de polyalpha-ol\u00e9fines.<\/li>\n<li>L&rsquo;huile de pr\u00e9cision 12767 est dot\u00e9e d&rsquo;un ensemble d&rsquo;additifs assurant une grande stabilit\u00e9 au vieillissement et \u00e0 l&rsquo;oxydation ainsi qu&rsquo;une r\u00e9sistance \u00e0 la corrosion, ce qui garantit son application dans le domaine de l&rsquo;horlogerie et de la m\u00e9canique de pr\u00e9cision.<\/li>\n<\/ul>\n<\/div>\n<\/div>\n<\/div>\n<\/div>\n<\/div>\n<\/div>\n<\/div>\n<\/div>\n<\/div>\n<\/div>\n<\/div>\n<\/div>\n<\/div>\n<\/div>\n<\/div>\n<h2>Application<\/h2>\n<div class=\"page\" title=\"Page 1\">\n<div class=\"layoutArea\">\n<div class=\"column\">\n<div class=\"page\" title=\"Page 1\">\n<div class=\"section\">\n<div class=\"layoutArea\">\n<div class=\"column\">\n<div class=\"page\" title=\"Page 1\">\n<div class=\"layoutArea\">\n<div class=\"column\">\n<div class=\"page\" title=\"Page 1\">\n<div class=\"section\">\n<div class=\"layoutArea\">\n<div class=\"column\">\n<div class=\"page\" title=\"Page 1\">\n<div class=\"section\">\n<div class=\"layoutArea\">\n<div class=\"column\">\n<ul>\n<li>Huile de pr\u00e9cision pour les combinaisons de glissement m\u00e9talliques dans les instruments de pr\u00e9cision.<\/li>\n<li>Pour les roulements radiaux de 3 mm \u00e0 8 mm de diam\u00e8tre (0,118 \u00e0 0,315 pouces) dans les horloges murales, pendules, minuteries.<\/li>\n<li>Pour la lubrification des engrenages, des vis sans fin, des guides lin\u00e9aires, etc.<\/li>\n<li>Pour des vitesses de glissement lentes \u00e0 moyennes.<\/li>\n<\/ul>\n<\/div>\n<\/div>\n<\/div>\n<\/div>\n<\/div>\n<\/div>\n<\/div>\n<\/div>\n<\/div>\n<\/div>\n<\/div>\n<\/div>\n<\/div>\n<\/div>\n<\/div>\n<\/div>\n<\/div>\n<\/div>\n","protected":false},"excerpt":{"rendered":"<p>L&rsquo;<strong>huile de pr\u00e9cision 12767 de Dr Tillwich<\/strong> est une huile de pr\u00e9cision pour les m\u00e9taux et les plastiques avec une bonne stabilit\u00e9 de chute et une bonne durabilit\u00e9.<\/p>\n","protected":false},"featured_media":3566,"comment_status":"open","ping_status":"closed","template":"","meta":{"_acf_changed":false},"product_brand":[],"product_cat":[652,475,343,342],"product_tag":[],"class_list":{"0":"post-4275","1":"product","2":"type-product","3":"status-publish","4":"has-post-thumbnail","6":"product_cat-dr-tillwich-fr","7":"product_cat-fabrication-de-montres","8":"product_cat-huile","9":"product_cat-lubrifiants-industriels","10":"pa_brands-dr-tillwich-fr","12":"first","13":"instock","14":"shipping-taxable","15":"product-type-simple"},"acf":[],"_yoast_wpseo_focuskw":"Huile de pr\u00e9cision Dr Tillwich 12767","_yoast_wpseo_metadesc":"L'huile de pr\u00e9cision 12767 de Dr Tillwich est une huile de pr\u00e9cision pour les m\u00e9taux et les plastiques avec une bonne stabilit\u00e9 de chute et une bonne durabilit\u00e9.","yoast_head":"<!-- This site is optimized with the Yoast SEO Premium plugin v21.6 (Yoast SEO v27.4) - https:\/\/yoast.com\/product\/yoast-seo-premium-wordpress\/ -->\n<title>Huile de pr\u00e9cision Dr Tillwich 12767 - CREDIMEX<\/title>\n<meta name=\"description\" content=\"L&#039;huile de pr\u00e9cision 12767 de Dr Tillwich est une huile de pr\u00e9cision pour les m\u00e9taux et les plastiques avec une bonne stabilit\u00e9 de chute et une bonne durabilit\u00e9.\" \/>\n<meta name=\"robots\" content=\"index, follow, max-snippet:-1, max-image-preview:large, max-video-preview:-1\" \/>\n<link rel=\"canonical\" href=\"https:\/\/www.credimex.ch\/fr\/produit\/dr-tillwich-precision-oil-12767-2\/\" \/>\n<meta property=\"og:locale\" content=\"fr_FR\" \/>\n<meta property=\"og:type\" content=\"article\" \/>\n<meta property=\"og:title\" content=\"Huile de pr\u00e9cision Dr Tillwich 12767\" \/>\n<meta property=\"og:description\" content=\"L&#039;huile de pr\u00e9cision 12767 de Dr Tillwich est une huile de pr\u00e9cision pour les m\u00e9taux et les plastiques avec une bonne stabilit\u00e9 de chute et une bonne durabilit\u00e9.\" \/>\n<meta property=\"og:url\" content=\"https:\/\/www.credimex.ch\/fr\/produit\/dr-tillwich-precision-oil-12767-2\/\" \/>\n<meta property=\"og:site_name\" content=\"CREDIMEX\" \/>\n<meta property=\"article:publisher\" content=\"https:\/\/www.facebook.com\/credimex.alpnach\/\" \/>\n<meta property=\"og:image\" content=\"https:\/\/www.credimex.ch\/wp-content\/uploads\/2022\/06\/drdr-tillwich.jpg\" \/>\n\t<meta property=\"og:image:width\" content=\"617\" \/>\n\t<meta property=\"og:image:height\" content=\"671\" \/>\n\t<meta property=\"og:image:type\" content=\"image\/jpeg\" \/>\n<meta name=\"twitter:card\" content=\"summary_large_image\" \/>\n<meta name=\"twitter:label1\" content=\"Dur\u00e9e de lecture estim\u00e9e\" \/>\n\t<meta name=\"twitter:data1\" content=\"1 minute\" \/>\n<script type=\"application\/ld+json\" class=\"yoast-schema-graph\">{\"@context\":\"https:\\\/\\\/schema.org\",\"@graph\":[{\"@type\":\"WebPage\",\"@id\":\"https:\\\/\\\/www.credimex.ch\\\/fr\\\/produit\\\/dr-tillwich-precision-oil-12767-2\\\/\",\"url\":\"https:\\\/\\\/www.credimex.ch\\\/fr\\\/produit\\\/dr-tillwich-precision-oil-12767-2\\\/\",\"name\":\"Huile de pr\u00e9cision Dr Tillwich 12767 - CREDIMEX\",\"isPartOf\":{\"@id\":\"https:\\\/\\\/www.credimex.ch\\\/fr\\\/#website\"},\"primaryImageOfPage\":{\"@id\":\"https:\\\/\\\/www.credimex.ch\\\/fr\\\/produit\\\/dr-tillwich-precision-oil-12767-2\\\/#primaryimage\"},\"image\":{\"@id\":\"https:\\\/\\\/www.credimex.ch\\\/fr\\\/produit\\\/dr-tillwich-precision-oil-12767-2\\\/#primaryimage\"},\"thumbnailUrl\":\"https:\\\/\\\/www.credimex.ch\\\/wp-content\\\/uploads\\\/2022\\\/06\\\/drdr-tillwich.jpg\",\"datePublished\":\"2022-06-22T12:35:49+00:00\",\"description\":\"L'huile de pr\u00e9cision 12767 de Dr Tillwich est une huile de pr\u00e9cision pour les m\u00e9taux et les plastiques avec une bonne stabilit\u00e9 de chute et une bonne durabilit\u00e9.\",\"breadcrumb\":{\"@id\":\"https:\\\/\\\/www.credimex.ch\\\/fr\\\/produit\\\/dr-tillwich-precision-oil-12767-2\\\/#breadcrumb\"},\"inLanguage\":\"fr-FR\",\"potentialAction\":[{\"@type\":\"ReadAction\",\"target\":[\"https:\\\/\\\/www.credimex.ch\\\/fr\\\/produit\\\/dr-tillwich-precision-oil-12767-2\\\/\"]}]},{\"@type\":\"ImageObject\",\"inLanguage\":\"fr-FR\",\"@id\":\"https:\\\/\\\/www.credimex.ch\\\/fr\\\/produit\\\/dr-tillwich-precision-oil-12767-2\\\/#primaryimage\",\"url\":\"https:\\\/\\\/www.credimex.ch\\\/wp-content\\\/uploads\\\/2022\\\/06\\\/drdr-tillwich.jpg\",\"contentUrl\":\"https:\\\/\\\/www.credimex.ch\\\/wp-content\\\/uploads\\\/2022\\\/06\\\/drdr-tillwich.jpg\",\"width\":617,\"height\":671},{\"@type\":\"BreadcrumbList\",\"@id\":\"https:\\\/\\\/www.credimex.ch\\\/fr\\\/produit\\\/dr-tillwich-precision-oil-12767-2\\\/#breadcrumb\",\"itemListElement\":[{\"@type\":\"ListItem\",\"position\":1,\"name\":\"Home\",\"item\":\"https:\\\/\\\/www.credimex.ch\\\/fr\\\/\"},{\"@type\":\"ListItem\",\"position\":2,\"name\":\"Produits\",\"item\":\"https:\\\/\\\/www.credimex.ch\\\/fr\\\/produits\\\/\"},{\"@type\":\"ListItem\",\"position\":3,\"name\":\"Huile de pr\u00e9cision Dr Tillwich 12767\"}]},{\"@type\":\"WebSite\",\"@id\":\"https:\\\/\\\/www.credimex.ch\\\/fr\\\/#website\",\"url\":\"https:\\\/\\\/www.credimex.ch\\\/fr\\\/\",\"name\":\"CREDIMEX\",\"description\":\"Partner of Swiss Industrial Market\",\"publisher\":{\"@id\":\"https:\\\/\\\/www.credimex.ch\\\/fr\\\/#organization\"},\"potentialAction\":[{\"@type\":\"SearchAction\",\"target\":{\"@type\":\"EntryPoint\",\"urlTemplate\":\"https:\\\/\\\/www.credimex.ch\\\/fr\\\/?s={search_term_string}\"},\"query-input\":{\"@type\":\"PropertyValueSpecification\",\"valueRequired\":true,\"valueName\":\"search_term_string\"}}],\"inLanguage\":\"fr-FR\"},{\"@type\":\"Organization\",\"@id\":\"https:\\\/\\\/www.credimex.ch\\\/fr\\\/#organization\",\"name\":\"credimex\",\"url\":\"https:\\\/\\\/www.credimex.ch\\\/fr\\\/\",\"logo\":{\"@type\":\"ImageObject\",\"inLanguage\":\"fr-FR\",\"@id\":\"https:\\\/\\\/www.credimex.ch\\\/fr\\\/#\\\/schema\\\/logo\\\/image\\\/\",\"url\":\"https:\\\/\\\/www.credimex.ch\\\/wp-content\\\/uploads\\\/2022\\\/03\\\/cropped-logo-credimex.png\",\"contentUrl\":\"https:\\\/\\\/www.credimex.ch\\\/wp-content\\\/uploads\\\/2022\\\/03\\\/cropped-logo-credimex.png\",\"width\":512,\"height\":512,\"caption\":\"credimex\"},\"image\":{\"@id\":\"https:\\\/\\\/www.credimex.ch\\\/fr\\\/#\\\/schema\\\/logo\\\/image\\\/\"},\"sameAs\":[\"https:\\\/\\\/www.facebook.com\\\/credimex.alpnach\\\/\",\"https:\\\/\\\/www.linkedin.com\\\/company\\\/credimex\\\/\",\"https:\\\/\\\/www.youtube.com\\\/@CREDIMEX?sub_confirmation=1\"]}]}<\/script>\n<!-- \/ Yoast SEO Premium plugin. -->","yoast_head_json":{"title":"Huile de pr\u00e9cision Dr Tillwich 12767 - CREDIMEX","description":"L'huile de pr\u00e9cision 12767 de Dr Tillwich est une huile de pr\u00e9cision pour les m\u00e9taux et les plastiques avec une bonne stabilit\u00e9 de chute et une bonne durabilit\u00e9.","robots":{"index":"index","follow":"follow","max-snippet":"max-snippet:-1","max-image-preview":"max-image-preview:large","max-video-preview":"max-video-preview:-1"},"canonical":"https:\/\/www.credimex.ch\/fr\/produit\/dr-tillwich-precision-oil-12767-2\/","og_locale":"fr_FR","og_type":"article","og_title":"Huile de pr\u00e9cision Dr Tillwich 12767","og_description":"L'huile de pr\u00e9cision 12767 de Dr Tillwich est une huile de pr\u00e9cision pour les m\u00e9taux et les plastiques avec une bonne stabilit\u00e9 de chute et une bonne durabilit\u00e9.","og_url":"https:\/\/www.credimex.ch\/fr\/produit\/dr-tillwich-precision-oil-12767-2\/","og_site_name":"CREDIMEX","article_publisher":"https:\/\/www.facebook.com\/credimex.alpnach\/","og_image":[{"width":617,"height":671,"url":"https:\/\/www.credimex.ch\/wp-content\/uploads\/2022\/06\/drdr-tillwich.jpg","type":"image\/jpeg"}],"twitter_card":"summary_large_image","twitter_misc":{"Dur\u00e9e de lecture estim\u00e9e":"1 minute"},"schema":{"@context":"https:\/\/schema.org","@graph":[{"@type":"WebPage","@id":"https:\/\/www.credimex.ch\/fr\/produit\/dr-tillwich-precision-oil-12767-2\/","url":"https:\/\/www.credimex.ch\/fr\/produit\/dr-tillwich-precision-oil-12767-2\/","name":"Huile de pr\u00e9cision Dr Tillwich 12767 - CREDIMEX","isPartOf":{"@id":"https:\/\/www.credimex.ch\/fr\/#website"},"primaryImageOfPage":{"@id":"https:\/\/www.credimex.ch\/fr\/produit\/dr-tillwich-precision-oil-12767-2\/#primaryimage"},"image":{"@id":"https:\/\/www.credimex.ch\/fr\/produit\/dr-tillwich-precision-oil-12767-2\/#primaryimage"},"thumbnailUrl":"https:\/\/www.credimex.ch\/wp-content\/uploads\/2022\/06\/drdr-tillwich.jpg","datePublished":"2022-06-22T12:35:49+00:00","description":"L'huile de pr\u00e9cision 12767 de Dr Tillwich est une huile de pr\u00e9cision pour les m\u00e9taux et les plastiques avec une bonne stabilit\u00e9 de chute et une bonne durabilit\u00e9.","breadcrumb":{"@id":"https:\/\/www.credimex.ch\/fr\/produit\/dr-tillwich-precision-oil-12767-2\/#breadcrumb"},"inLanguage":"fr-FR","potentialAction":[{"@type":"ReadAction","target":["https:\/\/www.credimex.ch\/fr\/produit\/dr-tillwich-precision-oil-12767-2\/"]}]},{"@type":"ImageObject","inLanguage":"fr-FR","@id":"https:\/\/www.credimex.ch\/fr\/produit\/dr-tillwich-precision-oil-12767-2\/#primaryimage","url":"https:\/\/www.credimex.ch\/wp-content\/uploads\/2022\/06\/drdr-tillwich.jpg","contentUrl":"https:\/\/www.credimex.ch\/wp-content\/uploads\/2022\/06\/drdr-tillwich.jpg","width":617,"height":671},{"@type":"BreadcrumbList","@id":"https:\/\/www.credimex.ch\/fr\/produit\/dr-tillwich-precision-oil-12767-2\/#breadcrumb","itemListElement":[{"@type":"ListItem","position":1,"name":"Home","item":"https:\/\/www.credimex.ch\/fr\/"},{"@type":"ListItem","position":2,"name":"Produits","item":"https:\/\/www.credimex.ch\/fr\/produits\/"},{"@type":"ListItem","position":3,"name":"Huile de pr\u00e9cision Dr Tillwich 12767"}]},{"@type":"WebSite","@id":"https:\/\/www.credimex.ch\/fr\/#website","url":"https:\/\/www.credimex.ch\/fr\/","name":"CREDIMEX","description":"Partner of Swiss Industrial Market","publisher":{"@id":"https:\/\/www.credimex.ch\/fr\/#organization"},"potentialAction":[{"@type":"SearchAction","target":{"@type":"EntryPoint","urlTemplate":"https:\/\/www.credimex.ch\/fr\/?s={search_term_string}"},"query-input":{"@type":"PropertyValueSpecification","valueRequired":true,"valueName":"search_term_string"}}],"inLanguage":"fr-FR"},{"@type":"Organization","@id":"https:\/\/www.credimex.ch\/fr\/#organization","name":"credimex","url":"https:\/\/www.credimex.ch\/fr\/","logo":{"@type":"ImageObject","inLanguage":"fr-FR","@id":"https:\/\/www.credimex.ch\/fr\/#\/schema\/logo\/image\/","url":"https:\/\/www.credimex.ch\/wp-content\/uploads\/2022\/03\/cropped-logo-credimex.png","contentUrl":"https:\/\/www.credimex.ch\/wp-content\/uploads\/2022\/03\/cropped-logo-credimex.png","width":512,"height":512,"caption":"credimex"},"image":{"@id":"https:\/\/www.credimex.ch\/fr\/#\/schema\/logo\/image\/"},"sameAs":["https:\/\/www.facebook.com\/credimex.alpnach\/","https:\/\/www.linkedin.com\/company\/credimex\/","https:\/\/www.youtube.com\/@CREDIMEX?sub_confirmation=1"]}]}},"_links":{"self":[{"href":"https:\/\/www.credimex.ch\/fr\/wp-json\/wp\/v2\/product\/4275","targetHints":{"allow":["GET"]}}],"collection":[{"href":"https:\/\/www.credimex.ch\/fr\/wp-json\/wp\/v2\/product"}],"about":[{"href":"https:\/\/www.credimex.ch\/fr\/wp-json\/wp\/v2\/types\/product"}],"replies":[{"embeddable":true,"href":"https:\/\/www.credimex.ch\/fr\/wp-json\/wp\/v2\/comments?post=4275"}],"wp:featuredmedia":[{"embeddable":true,"href":"https:\/\/www.credimex.ch\/fr\/wp-json\/wp\/v2\/media\/3566"}],"wp:attachment":[{"href":"https:\/\/www.credimex.ch\/fr\/wp-json\/wp\/v2\/media?parent=4275"}],"wp:term":[{"taxonomy":"product_brand","embeddable":true,"href":"https:\/\/www.credimex.ch\/fr\/wp-json\/wp\/v2\/product_brand?post=4275"},{"taxonomy":"product_cat","embeddable":true,"href":"https:\/\/www.credimex.ch\/fr\/wp-json\/wp\/v2\/product_cat?post=4275"},{"taxonomy":"product_tag","embeddable":true,"href":"https:\/\/www.credimex.ch\/fr\/wp-json\/wp\/v2\/product_tag?post=4275"}],"curies":[{"name":"wp","href":"https:\/\/api.w.org\/{rel}","templated":true}]}}