{"id":4279,"date":"2022-06-22T13:05:14","date_gmt":"2022-06-22T11:05:14","guid":{"rendered":"https:\/\/www.credimex.ch.mialias.net\/product\/graisse-de-precision-dr-tillwich-avec-teflon\/"},"modified":"2022-06-22T13:05:14","modified_gmt":"2022-06-22T11:05:14","slug":"dr-tillwich-precision-grease-with-teflon-2","status":"publish","type":"product","link":"https:\/\/www.credimex.ch\/fr\/produit\/dr-tillwich-precision-grease-with-teflon-2\/","title":{"rendered":"Graisse de pr\u00e9cision Dr Tillwich avec t\u00e9flon"},"content":{"rendered":"<h2>Description<\/h2>\n<p>La graisse de pr\u00e9cision Dr Tillwich avec t\u00e9flon est une graisse de pr\u00e9cision pour les m\u00e9taux et de nombreux plastiques avec une bonne durabilit\u00e9 et une bonne stabilit\u00e9 aux chutes. Tous les composants de la graisse de pr\u00e9cision avec t\u00e9flon sont non toxiques et admis par la FDA &#8211; Federal Drug Administration &#8211; comme ingr\u00e9dients de lubrifiants pouvant entrer en contact avec des aliments.<\/p>\n<h2>Avantages du produit<\/h2>\n<div class=\"page\" title=\"Page 1\">\n<div class=\"section\">\n<div class=\"layoutArea\">\n<div class=\"column\">\n<div class=\"page\" title=\"Page 1\">\n<div class=\"layoutArea\">\n<div class=\"column\">\n<p>&nbsp;<\/p>\n<div class=\"page\" title=\"Page 1\">\n<div class=\"section\">\n<div class=\"layoutArea\">\n<div class=\"column\">\n<ul>\n<li>La graisse de pr\u00e9cision avec t\u00e9flon est \u00e9paissie avec de la micro poudre de PTFE, ce qui garantit de bonnes propri\u00e9t\u00e9s de fonctionnement d&rsquo;urgence.<\/li>\n<li>Il peut \u00eatre utilis\u00e9 pour lubrifier les mati\u00e8res plastiques<\/li>\n<\/ul>\n<\/div>\n<\/div>\n<\/div>\n<\/div>\n<h2>Application<\/h2>\n<\/div>\n<\/div>\n<\/div>\n<\/div>\n<\/div>\n<\/div>\n<\/div>\n<div class=\"page\" title=\"Page 1\">\n<div class=\"layoutArea\">\n<div class=\"column\">\n<div class=\"page\" title=\"Page 1\">\n<div class=\"section\">\n<div class=\"layoutArea\">\n<div class=\"column\">\n<div class=\"page\" title=\"Page 1\">\n<div class=\"layoutArea\">\n<div class=\"column\">\n<div class=\"page\" title=\"Page 1\">\n<div class=\"section\">\n<div class=\"layoutArea\">\n<div class=\"column\">\n<ul>\n<li>Pour les roulements de pr\u00e9cision en m\u00e9tal\/m\u00e9tal (acier, m\u00e9taux lourds non ferreux, aluminium, etc.) ; par exemple, les paliers lisses dans les instruments de mesure, les mouvements d&rsquo;horlogerie, les appareils d&rsquo;enregistrement, les instruments et les moteurs synchrones.<\/li>\n<li>Pour les volets d&rsquo;inversion, les joints universels, les transmissions \u00e0 cardan, les arbres cannel\u00e9s, les roulements \u00e0 billes, les guidages, etc.<\/li>\n<\/ul>\n<\/div>\n<\/div>\n<\/div>\n<\/div>\n<\/div>\n<\/div>\n<\/div>\n<\/div>\n<\/div>\n<\/div>\n<\/div>\n<\/div>\n<\/div>\n<\/div>\n","protected":false},"excerpt":{"rendered":"<p>La <strong>graisse de pr\u00e9cision Dr Tillwich avec t\u00e9flon<\/strong> est une graisse de pr\u00e9cision pour les m\u00e9taux et de nombreux plastiques avec une bonne durabilit\u00e9 et une bonne stabilit\u00e9 aux chutes.<\/p>\n","protected":false},"featured_media":3314,"comment_status":"open","ping_status":"closed","template":"","meta":{"_acf_changed":false},"product_brand":[],"product_cat":[652,475,362,342],"product_tag":[],"class_list":{"0":"post-4279","1":"product","2":"type-product","3":"status-publish","4":"has-post-thumbnail","6":"product_cat-dr-tillwich-fr","7":"product_cat-fabrication-de-montres","8":"product_cat-graisses","9":"product_cat-lubrifiants-industriels","10":"pa_brands-dr-tillwich-fr","12":"first","13":"instock","14":"shipping-taxable","15":"product-type-simple"},"acf":[],"_yoast_wpseo_focuskw":"Graisse de pr\u00e9cision Dr Tillwich avec t\u00e9flon","_yoast_wpseo_metadesc":"La graisse de pr\u00e9cision Dr Tillwich avec t\u00e9flon est une graisse de pr\u00e9cision pour les m\u00e9taux et de nombreux plastiques avec une bonne durabilit\u00e9 et une bonne stabilit\u00e9 aux chutes.","yoast_head":"<!-- This site is optimized with the Yoast SEO Premium plugin v21.6 (Yoast SEO v27.4) - https:\/\/yoast.com\/product\/yoast-seo-premium-wordpress\/ -->\n<title>Graisse de pr\u00e9cision Dr Tillwich avec t\u00e9flon - CREDIMEX<\/title>\n<meta name=\"description\" content=\"La graisse de pr\u00e9cision Dr Tillwich avec t\u00e9flon est une graisse de pr\u00e9cision pour les m\u00e9taux et de nombreux plastiques avec une bonne durabilit\u00e9 et une bonne stabilit\u00e9 aux chutes.\" \/>\n<meta name=\"robots\" content=\"index, follow, max-snippet:-1, max-image-preview:large, max-video-preview:-1\" \/>\n<link rel=\"canonical\" href=\"https:\/\/www.credimex.ch\/fr\/produit\/dr-tillwich-precision-grease-with-teflon-2\/\" \/>\n<meta property=\"og:locale\" content=\"fr_FR\" \/>\n<meta property=\"og:type\" content=\"article\" \/>\n<meta property=\"og:title\" content=\"Graisse de pr\u00e9cision Dr Tillwich avec t\u00e9flon\" \/>\n<meta property=\"og:description\" content=\"La graisse de pr\u00e9cision Dr Tillwich avec t\u00e9flon est une graisse de pr\u00e9cision pour les m\u00e9taux et de nombreux plastiques avec une bonne durabilit\u00e9 et une bonne stabilit\u00e9 aux chutes.\" \/>\n<meta property=\"og:url\" content=\"https:\/\/www.credimex.ch\/fr\/produit\/dr-tillwich-precision-grease-with-teflon-2\/\" \/>\n<meta property=\"og:site_name\" content=\"CREDIMEX\" \/>\n<meta property=\"article:publisher\" content=\"https:\/\/www.facebook.com\/credimex.alpnach\/\" \/>\n<meta property=\"og:image\" content=\"https:\/\/www.credimex.ch\/wp-content\/uploads\/2022\/06\/Precision-Grease-with-Teflon.png\" \/>\n\t<meta property=\"og:image:width\" content=\"1036\" \/>\n\t<meta property=\"og:image:height\" content=\"1018\" \/>\n\t<meta property=\"og:image:type\" content=\"image\/png\" \/>\n<meta name=\"twitter:card\" content=\"summary_large_image\" \/>\n<meta name=\"twitter:label1\" content=\"Dur\u00e9e de lecture estim\u00e9e\" \/>\n\t<meta name=\"twitter:data1\" content=\"1 minute\" \/>\n<script type=\"application\/ld+json\" class=\"yoast-schema-graph\">{\"@context\":\"https:\\\/\\\/schema.org\",\"@graph\":[{\"@type\":\"WebPage\",\"@id\":\"https:\\\/\\\/www.credimex.ch\\\/fr\\\/produit\\\/dr-tillwich-precision-grease-with-teflon-2\\\/\",\"url\":\"https:\\\/\\\/www.credimex.ch\\\/fr\\\/produit\\\/dr-tillwich-precision-grease-with-teflon-2\\\/\",\"name\":\"Graisse de pr\u00e9cision Dr Tillwich avec t\u00e9flon - CREDIMEX\",\"isPartOf\":{\"@id\":\"https:\\\/\\\/www.credimex.ch\\\/fr\\\/#website\"},\"primaryImageOfPage\":{\"@id\":\"https:\\\/\\\/www.credimex.ch\\\/fr\\\/produit\\\/dr-tillwich-precision-grease-with-teflon-2\\\/#primaryimage\"},\"image\":{\"@id\":\"https:\\\/\\\/www.credimex.ch\\\/fr\\\/produit\\\/dr-tillwich-precision-grease-with-teflon-2\\\/#primaryimage\"},\"thumbnailUrl\":\"https:\\\/\\\/www.credimex.ch\\\/wp-content\\\/uploads\\\/2022\\\/06\\\/Precision-Grease-with-Teflon.png\",\"datePublished\":\"2022-06-22T11:05:14+00:00\",\"description\":\"La graisse de pr\u00e9cision Dr Tillwich avec t\u00e9flon est une graisse de pr\u00e9cision pour les m\u00e9taux et de nombreux plastiques avec une bonne durabilit\u00e9 et une bonne stabilit\u00e9 aux chutes.\",\"breadcrumb\":{\"@id\":\"https:\\\/\\\/www.credimex.ch\\\/fr\\\/produit\\\/dr-tillwich-precision-grease-with-teflon-2\\\/#breadcrumb\"},\"inLanguage\":\"fr-FR\",\"potentialAction\":[{\"@type\":\"ReadAction\",\"target\":[\"https:\\\/\\\/www.credimex.ch\\\/fr\\\/produit\\\/dr-tillwich-precision-grease-with-teflon-2\\\/\"]}]},{\"@type\":\"ImageObject\",\"inLanguage\":\"fr-FR\",\"@id\":\"https:\\\/\\\/www.credimex.ch\\\/fr\\\/produit\\\/dr-tillwich-precision-grease-with-teflon-2\\\/#primaryimage\",\"url\":\"https:\\\/\\\/www.credimex.ch\\\/wp-content\\\/uploads\\\/2022\\\/06\\\/Precision-Grease-with-Teflon.png\",\"contentUrl\":\"https:\\\/\\\/www.credimex.ch\\\/wp-content\\\/uploads\\\/2022\\\/06\\\/Precision-Grease-with-Teflon.png\",\"width\":1036,\"height\":1018},{\"@type\":\"BreadcrumbList\",\"@id\":\"https:\\\/\\\/www.credimex.ch\\\/fr\\\/produit\\\/dr-tillwich-precision-grease-with-teflon-2\\\/#breadcrumb\",\"itemListElement\":[{\"@type\":\"ListItem\",\"position\":1,\"name\":\"Home\",\"item\":\"https:\\\/\\\/www.credimex.ch\\\/fr\\\/\"},{\"@type\":\"ListItem\",\"position\":2,\"name\":\"Produits\",\"item\":\"https:\\\/\\\/www.credimex.ch\\\/fr\\\/produits\\\/\"},{\"@type\":\"ListItem\",\"position\":3,\"name\":\"Graisse de pr\u00e9cision Dr Tillwich avec t\u00e9flon\"}]},{\"@type\":\"WebSite\",\"@id\":\"https:\\\/\\\/www.credimex.ch\\\/fr\\\/#website\",\"url\":\"https:\\\/\\\/www.credimex.ch\\\/fr\\\/\",\"name\":\"CREDIMEX\",\"description\":\"Partner of Swiss Industrial Market\",\"publisher\":{\"@id\":\"https:\\\/\\\/www.credimex.ch\\\/fr\\\/#organization\"},\"potentialAction\":[{\"@type\":\"SearchAction\",\"target\":{\"@type\":\"EntryPoint\",\"urlTemplate\":\"https:\\\/\\\/www.credimex.ch\\\/fr\\\/?s={search_term_string}\"},\"query-input\":{\"@type\":\"PropertyValueSpecification\",\"valueRequired\":true,\"valueName\":\"search_term_string\"}}],\"inLanguage\":\"fr-FR\"},{\"@type\":\"Organization\",\"@id\":\"https:\\\/\\\/www.credimex.ch\\\/fr\\\/#organization\",\"name\":\"credimex\",\"url\":\"https:\\\/\\\/www.credimex.ch\\\/fr\\\/\",\"logo\":{\"@type\":\"ImageObject\",\"inLanguage\":\"fr-FR\",\"@id\":\"https:\\\/\\\/www.credimex.ch\\\/fr\\\/#\\\/schema\\\/logo\\\/image\\\/\",\"url\":\"https:\\\/\\\/www.credimex.ch\\\/wp-content\\\/uploads\\\/2022\\\/03\\\/cropped-logo-credimex.png\",\"contentUrl\":\"https:\\\/\\\/www.credimex.ch\\\/wp-content\\\/uploads\\\/2022\\\/03\\\/cropped-logo-credimex.png\",\"width\":512,\"height\":512,\"caption\":\"credimex\"},\"image\":{\"@id\":\"https:\\\/\\\/www.credimex.ch\\\/fr\\\/#\\\/schema\\\/logo\\\/image\\\/\"},\"sameAs\":[\"https:\\\/\\\/www.facebook.com\\\/credimex.alpnach\\\/\",\"https:\\\/\\\/www.linkedin.com\\\/company\\\/credimex\\\/\",\"https:\\\/\\\/www.youtube.com\\\/@CREDIMEX?sub_confirmation=1\"]}]}<\/script>\n<!-- \/ Yoast SEO Premium plugin. -->","yoast_head_json":{"title":"Graisse de pr\u00e9cision Dr Tillwich avec t\u00e9flon - CREDIMEX","description":"La graisse de pr\u00e9cision Dr Tillwich avec t\u00e9flon est une graisse de pr\u00e9cision pour les m\u00e9taux et de nombreux plastiques avec une bonne durabilit\u00e9 et une bonne stabilit\u00e9 aux chutes.","robots":{"index":"index","follow":"follow","max-snippet":"max-snippet:-1","max-image-preview":"max-image-preview:large","max-video-preview":"max-video-preview:-1"},"canonical":"https:\/\/www.credimex.ch\/fr\/produit\/dr-tillwich-precision-grease-with-teflon-2\/","og_locale":"fr_FR","og_type":"article","og_title":"Graisse de pr\u00e9cision Dr Tillwich avec t\u00e9flon","og_description":"La graisse de pr\u00e9cision Dr Tillwich avec t\u00e9flon est une graisse de pr\u00e9cision pour les m\u00e9taux et de nombreux plastiques avec une bonne durabilit\u00e9 et une bonne stabilit\u00e9 aux chutes.","og_url":"https:\/\/www.credimex.ch\/fr\/produit\/dr-tillwich-precision-grease-with-teflon-2\/","og_site_name":"CREDIMEX","article_publisher":"https:\/\/www.facebook.com\/credimex.alpnach\/","og_image":[{"width":1036,"height":1018,"url":"https:\/\/www.credimex.ch\/wp-content\/uploads\/2022\/06\/Precision-Grease-with-Teflon.png","type":"image\/png"}],"twitter_card":"summary_large_image","twitter_misc":{"Dur\u00e9e de lecture estim\u00e9e":"1 minute"},"schema":{"@context":"https:\/\/schema.org","@graph":[{"@type":"WebPage","@id":"https:\/\/www.credimex.ch\/fr\/produit\/dr-tillwich-precision-grease-with-teflon-2\/","url":"https:\/\/www.credimex.ch\/fr\/produit\/dr-tillwich-precision-grease-with-teflon-2\/","name":"Graisse de pr\u00e9cision Dr Tillwich avec t\u00e9flon - CREDIMEX","isPartOf":{"@id":"https:\/\/www.credimex.ch\/fr\/#website"},"primaryImageOfPage":{"@id":"https:\/\/www.credimex.ch\/fr\/produit\/dr-tillwich-precision-grease-with-teflon-2\/#primaryimage"},"image":{"@id":"https:\/\/www.credimex.ch\/fr\/produit\/dr-tillwich-precision-grease-with-teflon-2\/#primaryimage"},"thumbnailUrl":"https:\/\/www.credimex.ch\/wp-content\/uploads\/2022\/06\/Precision-Grease-with-Teflon.png","datePublished":"2022-06-22T11:05:14+00:00","description":"La graisse de pr\u00e9cision Dr Tillwich avec t\u00e9flon est une graisse de pr\u00e9cision pour les m\u00e9taux et de nombreux plastiques avec une bonne durabilit\u00e9 et une bonne stabilit\u00e9 aux chutes.","breadcrumb":{"@id":"https:\/\/www.credimex.ch\/fr\/produit\/dr-tillwich-precision-grease-with-teflon-2\/#breadcrumb"},"inLanguage":"fr-FR","potentialAction":[{"@type":"ReadAction","target":["https:\/\/www.credimex.ch\/fr\/produit\/dr-tillwich-precision-grease-with-teflon-2\/"]}]},{"@type":"ImageObject","inLanguage":"fr-FR","@id":"https:\/\/www.credimex.ch\/fr\/produit\/dr-tillwich-precision-grease-with-teflon-2\/#primaryimage","url":"https:\/\/www.credimex.ch\/wp-content\/uploads\/2022\/06\/Precision-Grease-with-Teflon.png","contentUrl":"https:\/\/www.credimex.ch\/wp-content\/uploads\/2022\/06\/Precision-Grease-with-Teflon.png","width":1036,"height":1018},{"@type":"BreadcrumbList","@id":"https:\/\/www.credimex.ch\/fr\/produit\/dr-tillwich-precision-grease-with-teflon-2\/#breadcrumb","itemListElement":[{"@type":"ListItem","position":1,"name":"Home","item":"https:\/\/www.credimex.ch\/fr\/"},{"@type":"ListItem","position":2,"name":"Produits","item":"https:\/\/www.credimex.ch\/fr\/produits\/"},{"@type":"ListItem","position":3,"name":"Graisse de pr\u00e9cision Dr Tillwich avec t\u00e9flon"}]},{"@type":"WebSite","@id":"https:\/\/www.credimex.ch\/fr\/#website","url":"https:\/\/www.credimex.ch\/fr\/","name":"CREDIMEX","description":"Partner of Swiss Industrial Market","publisher":{"@id":"https:\/\/www.credimex.ch\/fr\/#organization"},"potentialAction":[{"@type":"SearchAction","target":{"@type":"EntryPoint","urlTemplate":"https:\/\/www.credimex.ch\/fr\/?s={search_term_string}"},"query-input":{"@type":"PropertyValueSpecification","valueRequired":true,"valueName":"search_term_string"}}],"inLanguage":"fr-FR"},{"@type":"Organization","@id":"https:\/\/www.credimex.ch\/fr\/#organization","name":"credimex","url":"https:\/\/www.credimex.ch\/fr\/","logo":{"@type":"ImageObject","inLanguage":"fr-FR","@id":"https:\/\/www.credimex.ch\/fr\/#\/schema\/logo\/image\/","url":"https:\/\/www.credimex.ch\/wp-content\/uploads\/2022\/03\/cropped-logo-credimex.png","contentUrl":"https:\/\/www.credimex.ch\/wp-content\/uploads\/2022\/03\/cropped-logo-credimex.png","width":512,"height":512,"caption":"credimex"},"image":{"@id":"https:\/\/www.credimex.ch\/fr\/#\/schema\/logo\/image\/"},"sameAs":["https:\/\/www.facebook.com\/credimex.alpnach\/","https:\/\/www.linkedin.com\/company\/credimex\/","https:\/\/www.youtube.com\/@CREDIMEX?sub_confirmation=1"]}]}},"_links":{"self":[{"href":"https:\/\/www.credimex.ch\/fr\/wp-json\/wp\/v2\/product\/4279","targetHints":{"allow":["GET"]}}],"collection":[{"href":"https:\/\/www.credimex.ch\/fr\/wp-json\/wp\/v2\/product"}],"about":[{"href":"https:\/\/www.credimex.ch\/fr\/wp-json\/wp\/v2\/types\/product"}],"replies":[{"embeddable":true,"href":"https:\/\/www.credimex.ch\/fr\/wp-json\/wp\/v2\/comments?post=4279"}],"wp:featuredmedia":[{"embeddable":true,"href":"https:\/\/www.credimex.ch\/fr\/wp-json\/wp\/v2\/media\/3314"}],"wp:attachment":[{"href":"https:\/\/www.credimex.ch\/fr\/wp-json\/wp\/v2\/media?parent=4279"}],"wp:term":[{"taxonomy":"product_brand","embeddable":true,"href":"https:\/\/www.credimex.ch\/fr\/wp-json\/wp\/v2\/product_brand?post=4279"},{"taxonomy":"product_cat","embeddable":true,"href":"https:\/\/www.credimex.ch\/fr\/wp-json\/wp\/v2\/product_cat?post=4279"},{"taxonomy":"product_tag","embeddable":true,"href":"https:\/\/www.credimex.ch\/fr\/wp-json\/wp\/v2\/product_tag?post=4279"}],"curies":[{"name":"wp","href":"https:\/\/api.w.org\/{rel}","templated":true}]}}