{"id":4283,"date":"2022-06-22T12:50:20","date_gmt":"2022-06-22T10:50:20","guid":{"rendered":"https:\/\/www.credimex.ch.mialias.net\/product\/dr-tillwich-gyrosynth-99214\/"},"modified":"2022-06-22T12:50:20","modified_gmt":"2022-06-22T10:50:20","slug":"dr-tillwich-gyrosynth-99214-2","status":"publish","type":"product","link":"https:\/\/www.credimex.ch\/fr\/produit\/dr-tillwich-gyrosynth-99214-2\/","title":{"rendered":"Dr Tillwich Gyrosynth 99214"},"content":{"rendered":"<h2>Description<\/h2>\n<p>Dr Tillwich Gyrosynth 99214 est une huile de pr\u00e9cision enti\u00e8rement synth\u00e9tique qui pr\u00e9sente une tr\u00e8s bonne durabilit\u00e9, une bonne stabilit\u00e9 et d&rsquo;excellentes propri\u00e9t\u00e9s de r\u00e9duction de l&rsquo;usure.<\/p>\n<h2>Avantages du produit<\/h2>\n<div class=\"page\" title=\"Page 1\">\n<div class=\"section\">\n<div class=\"layoutArea\">\n<div class=\"column\">\n<ul>\n<li>Tr\u00e8s bon comportement de friction \u00e0 des charges \u00e9lev\u00e9es et \u00e0 des vitesses de glissement \u00e9lev\u00e9es.<\/li>\n<li>Excellentes propri\u00e9t\u00e9s de r\u00e9duction de l&rsquo;usure.<\/li>\n<li>Superbe stabilit\u00e9 contre le vieillissement, m\u00eame au contact de m\u00e9taux lourds non ferreux.<\/li>\n<li>Une lubrification \u00e0 vie est possible.<\/li>\n<li>Bonnes propri\u00e9t\u00e9s de mouillage.<\/li>\n<\/ul>\n<\/div>\n<\/div>\n<\/div>\n<\/div>\n<h2>Application<\/h2>\n<div class=\"page\" title=\"Page 1\">\n<div class=\"layoutArea\">\n<div class=\"column\">\n<div class=\"page\" title=\"Page 1\">\n<div class=\"section\">\n<div class=\"layoutArea\">\n<div class=\"column\">\n<ul>\n<li>Lubrifiant de pr\u00e9cision pour tous les types de roulements m\u00e9talliques (par exemple, laiton\/acier, acier\/acier, aluminium\/acier, etc.)<\/li>\n<li>Pour les roulements \u00e0 billes de pr\u00e9cision, les roulements fritt\u00e9s, les engrenages de pr\u00e9cision miniatures, les roulements radiaux, etc.<\/li>\n<\/ul>\n<\/div>\n<\/div>\n<\/div>\n<\/div>\n<\/div>\n<\/div>\n<\/div>\n","protected":false},"excerpt":{"rendered":"<p><strong>Dr Tillwich Gyrosynth 99214<\/strong> est une huile de pr\u00e9cision enti\u00e8rement synth\u00e9tique qui pr\u00e9sente une tr\u00e8s bonne durabilit\u00e9, une bonne stabilit\u00e9 et d&rsquo;excellentes propri\u00e9t\u00e9s de r\u00e9duction de l&rsquo;usure.<\/p>\n","protected":false},"featured_media":3304,"comment_status":"open","ping_status":"closed","template":"","meta":{"_acf_changed":false},"product_brand":[],"product_cat":[652,475,343,342],"product_tag":[],"class_list":{"0":"post-4283","1":"product","2":"type-product","3":"status-publish","4":"has-post-thumbnail","6":"product_cat-dr-tillwich-fr","7":"product_cat-fabrication-de-montres","8":"product_cat-huile","9":"product_cat-lubrifiants-industriels","10":"pa_brands-dr-tillwich-fr","12":"first","13":"instock","14":"shipping-taxable","15":"product-type-simple"},"acf":[],"_yoast_wpseo_focuskw":"Dr Tillwich Gyrosynth 99214","_yoast_wpseo_metadesc":"Dr Tillwich Gyrosynth 99214 est une huile de pr\u00e9cision enti\u00e8rement synth\u00e9tique qui pr\u00e9sente une tr\u00e8s bonne durabilit\u00e9, une bonne stabilit\u00e9 et d'excellentes propri\u00e9t\u00e9s de r\u00e9duction de l'usure.","yoast_head":"<!-- This site is optimized with the Yoast SEO Premium plugin v21.6 (Yoast SEO v27.4) - https:\/\/yoast.com\/product\/yoast-seo-premium-wordpress\/ -->\n<title>Dr Tillwich Gyrosynth 99214 - CREDIMEX<\/title>\n<meta name=\"description\" content=\"Dr Tillwich Gyrosynth 99214 est une huile de pr\u00e9cision enti\u00e8rement synth\u00e9tique qui pr\u00e9sente une tr\u00e8s bonne durabilit\u00e9, une bonne stabilit\u00e9 et d&#039;excellentes propri\u00e9t\u00e9s de r\u00e9duction de l&#039;usure.\" \/>\n<meta name=\"robots\" content=\"index, follow, max-snippet:-1, max-image-preview:large, max-video-preview:-1\" \/>\n<link rel=\"canonical\" href=\"https:\/\/www.credimex.ch\/fr\/produit\/dr-tillwich-gyrosynth-99214-2\/\" \/>\n<meta property=\"og:locale\" content=\"fr_FR\" \/>\n<meta property=\"og:type\" content=\"article\" \/>\n<meta property=\"og:title\" content=\"Dr Tillwich Gyrosynth 99214\" \/>\n<meta property=\"og:description\" content=\"Dr Tillwich Gyrosynth 99214 est une huile de pr\u00e9cision enti\u00e8rement synth\u00e9tique qui pr\u00e9sente une tr\u00e8s bonne durabilit\u00e9, une bonne stabilit\u00e9 et d&#039;excellentes propri\u00e9t\u00e9s de r\u00e9duction de l&#039;usure.\" \/>\n<meta property=\"og:url\" content=\"https:\/\/www.credimex.ch\/fr\/produit\/dr-tillwich-gyrosynth-99214-2\/\" \/>\n<meta property=\"og:site_name\" content=\"CREDIMEX\" \/>\n<meta property=\"article:publisher\" content=\"https:\/\/www.facebook.com\/credimex.alpnach\/\" \/>\n<meta property=\"og:image\" content=\"https:\/\/www.credimex.ch\/wp-content\/uploads\/2022\/06\/Dr-Tillwich-Gyrosynth-99214-1024x921.png\" \/>\n\t<meta property=\"og:image:width\" content=\"1024\" \/>\n\t<meta property=\"og:image:height\" content=\"921\" \/>\n\t<meta property=\"og:image:type\" content=\"image\/png\" \/>\n<meta name=\"twitter:card\" content=\"summary_large_image\" \/>\n<meta name=\"twitter:label1\" content=\"Dur\u00e9e de lecture estim\u00e9e\" \/>\n\t<meta name=\"twitter:data1\" content=\"1 minute\" \/>\n<script type=\"application\/ld+json\" class=\"yoast-schema-graph\">{\"@context\":\"https:\\\/\\\/schema.org\",\"@graph\":[{\"@type\":\"WebPage\",\"@id\":\"https:\\\/\\\/www.credimex.ch\\\/fr\\\/produit\\\/dr-tillwich-gyrosynth-99214-2\\\/\",\"url\":\"https:\\\/\\\/www.credimex.ch\\\/fr\\\/produit\\\/dr-tillwich-gyrosynth-99214-2\\\/\",\"name\":\"Dr Tillwich Gyrosynth 99214 - CREDIMEX\",\"isPartOf\":{\"@id\":\"https:\\\/\\\/www.credimex.ch\\\/fr\\\/#website\"},\"primaryImageOfPage\":{\"@id\":\"https:\\\/\\\/www.credimex.ch\\\/fr\\\/produit\\\/dr-tillwich-gyrosynth-99214-2\\\/#primaryimage\"},\"image\":{\"@id\":\"https:\\\/\\\/www.credimex.ch\\\/fr\\\/produit\\\/dr-tillwich-gyrosynth-99214-2\\\/#primaryimage\"},\"thumbnailUrl\":\"https:\\\/\\\/www.credimex.ch\\\/wp-content\\\/uploads\\\/2022\\\/06\\\/Dr-Tillwich-Gyrosynth-99214.png\",\"datePublished\":\"2022-06-22T10:50:20+00:00\",\"description\":\"Dr Tillwich Gyrosynth 99214 est une huile de pr\u00e9cision enti\u00e8rement synth\u00e9tique qui pr\u00e9sente une tr\u00e8s bonne durabilit\u00e9, une bonne stabilit\u00e9 et d'excellentes propri\u00e9t\u00e9s de r\u00e9duction de l'usure.\",\"breadcrumb\":{\"@id\":\"https:\\\/\\\/www.credimex.ch\\\/fr\\\/produit\\\/dr-tillwich-gyrosynth-99214-2\\\/#breadcrumb\"},\"inLanguage\":\"fr-FR\",\"potentialAction\":[{\"@type\":\"ReadAction\",\"target\":[\"https:\\\/\\\/www.credimex.ch\\\/fr\\\/produit\\\/dr-tillwich-gyrosynth-99214-2\\\/\"]}]},{\"@type\":\"ImageObject\",\"inLanguage\":\"fr-FR\",\"@id\":\"https:\\\/\\\/www.credimex.ch\\\/fr\\\/produit\\\/dr-tillwich-gyrosynth-99214-2\\\/#primaryimage\",\"url\":\"https:\\\/\\\/www.credimex.ch\\\/wp-content\\\/uploads\\\/2022\\\/06\\\/Dr-Tillwich-Gyrosynth-99214.png\",\"contentUrl\":\"https:\\\/\\\/www.credimex.ch\\\/wp-content\\\/uploads\\\/2022\\\/06\\\/Dr-Tillwich-Gyrosynth-99214.png\",\"width\":1630,\"height\":1466},{\"@type\":\"BreadcrumbList\",\"@id\":\"https:\\\/\\\/www.credimex.ch\\\/fr\\\/produit\\\/dr-tillwich-gyrosynth-99214-2\\\/#breadcrumb\",\"itemListElement\":[{\"@type\":\"ListItem\",\"position\":1,\"name\":\"Home\",\"item\":\"https:\\\/\\\/www.credimex.ch\\\/fr\\\/\"},{\"@type\":\"ListItem\",\"position\":2,\"name\":\"Produits\",\"item\":\"https:\\\/\\\/www.credimex.ch\\\/fr\\\/produits\\\/\"},{\"@type\":\"ListItem\",\"position\":3,\"name\":\"Dr Tillwich Gyrosynth 99214\"}]},{\"@type\":\"WebSite\",\"@id\":\"https:\\\/\\\/www.credimex.ch\\\/fr\\\/#website\",\"url\":\"https:\\\/\\\/www.credimex.ch\\\/fr\\\/\",\"name\":\"CREDIMEX\",\"description\":\"Partner of Swiss Industrial Market\",\"publisher\":{\"@id\":\"https:\\\/\\\/www.credimex.ch\\\/fr\\\/#organization\"},\"potentialAction\":[{\"@type\":\"SearchAction\",\"target\":{\"@type\":\"EntryPoint\",\"urlTemplate\":\"https:\\\/\\\/www.credimex.ch\\\/fr\\\/?s={search_term_string}\"},\"query-input\":{\"@type\":\"PropertyValueSpecification\",\"valueRequired\":true,\"valueName\":\"search_term_string\"}}],\"inLanguage\":\"fr-FR\"},{\"@type\":\"Organization\",\"@id\":\"https:\\\/\\\/www.credimex.ch\\\/fr\\\/#organization\",\"name\":\"credimex\",\"url\":\"https:\\\/\\\/www.credimex.ch\\\/fr\\\/\",\"logo\":{\"@type\":\"ImageObject\",\"inLanguage\":\"fr-FR\",\"@id\":\"https:\\\/\\\/www.credimex.ch\\\/fr\\\/#\\\/schema\\\/logo\\\/image\\\/\",\"url\":\"https:\\\/\\\/www.credimex.ch\\\/wp-content\\\/uploads\\\/2022\\\/03\\\/cropped-logo-credimex.png\",\"contentUrl\":\"https:\\\/\\\/www.credimex.ch\\\/wp-content\\\/uploads\\\/2022\\\/03\\\/cropped-logo-credimex.png\",\"width\":512,\"height\":512,\"caption\":\"credimex\"},\"image\":{\"@id\":\"https:\\\/\\\/www.credimex.ch\\\/fr\\\/#\\\/schema\\\/logo\\\/image\\\/\"},\"sameAs\":[\"https:\\\/\\\/www.facebook.com\\\/credimex.alpnach\\\/\",\"https:\\\/\\\/www.linkedin.com\\\/company\\\/credimex\\\/\",\"https:\\\/\\\/www.youtube.com\\\/@CREDIMEX?sub_confirmation=1\"]}]}<\/script>\n<!-- \/ Yoast SEO Premium plugin. -->","yoast_head_json":{"title":"Dr Tillwich Gyrosynth 99214 - CREDIMEX","description":"Dr Tillwich Gyrosynth 99214 est une huile de pr\u00e9cision enti\u00e8rement synth\u00e9tique qui pr\u00e9sente une tr\u00e8s bonne durabilit\u00e9, une bonne stabilit\u00e9 et d'excellentes propri\u00e9t\u00e9s de r\u00e9duction de l'usure.","robots":{"index":"index","follow":"follow","max-snippet":"max-snippet:-1","max-image-preview":"max-image-preview:large","max-video-preview":"max-video-preview:-1"},"canonical":"https:\/\/www.credimex.ch\/fr\/produit\/dr-tillwich-gyrosynth-99214-2\/","og_locale":"fr_FR","og_type":"article","og_title":"Dr Tillwich Gyrosynth 99214","og_description":"Dr Tillwich Gyrosynth 99214 est une huile de pr\u00e9cision enti\u00e8rement synth\u00e9tique qui pr\u00e9sente une tr\u00e8s bonne durabilit\u00e9, une bonne stabilit\u00e9 et d'excellentes propri\u00e9t\u00e9s de r\u00e9duction de l'usure.","og_url":"https:\/\/www.credimex.ch\/fr\/produit\/dr-tillwich-gyrosynth-99214-2\/","og_site_name":"CREDIMEX","article_publisher":"https:\/\/www.facebook.com\/credimex.alpnach\/","og_image":[{"width":1024,"height":921,"url":"https:\/\/www.credimex.ch\/wp-content\/uploads\/2022\/06\/Dr-Tillwich-Gyrosynth-99214-1024x921.png","type":"image\/png"}],"twitter_card":"summary_large_image","twitter_misc":{"Dur\u00e9e de lecture estim\u00e9e":"1 minute"},"schema":{"@context":"https:\/\/schema.org","@graph":[{"@type":"WebPage","@id":"https:\/\/www.credimex.ch\/fr\/produit\/dr-tillwich-gyrosynth-99214-2\/","url":"https:\/\/www.credimex.ch\/fr\/produit\/dr-tillwich-gyrosynth-99214-2\/","name":"Dr Tillwich Gyrosynth 99214 - CREDIMEX","isPartOf":{"@id":"https:\/\/www.credimex.ch\/fr\/#website"},"primaryImageOfPage":{"@id":"https:\/\/www.credimex.ch\/fr\/produit\/dr-tillwich-gyrosynth-99214-2\/#primaryimage"},"image":{"@id":"https:\/\/www.credimex.ch\/fr\/produit\/dr-tillwich-gyrosynth-99214-2\/#primaryimage"},"thumbnailUrl":"https:\/\/www.credimex.ch\/wp-content\/uploads\/2022\/06\/Dr-Tillwich-Gyrosynth-99214.png","datePublished":"2022-06-22T10:50:20+00:00","description":"Dr Tillwich Gyrosynth 99214 est une huile de pr\u00e9cision enti\u00e8rement synth\u00e9tique qui pr\u00e9sente une tr\u00e8s bonne durabilit\u00e9, une bonne stabilit\u00e9 et d'excellentes propri\u00e9t\u00e9s de r\u00e9duction de l'usure.","breadcrumb":{"@id":"https:\/\/www.credimex.ch\/fr\/produit\/dr-tillwich-gyrosynth-99214-2\/#breadcrumb"},"inLanguage":"fr-FR","potentialAction":[{"@type":"ReadAction","target":["https:\/\/www.credimex.ch\/fr\/produit\/dr-tillwich-gyrosynth-99214-2\/"]}]},{"@type":"ImageObject","inLanguage":"fr-FR","@id":"https:\/\/www.credimex.ch\/fr\/produit\/dr-tillwich-gyrosynth-99214-2\/#primaryimage","url":"https:\/\/www.credimex.ch\/wp-content\/uploads\/2022\/06\/Dr-Tillwich-Gyrosynth-99214.png","contentUrl":"https:\/\/www.credimex.ch\/wp-content\/uploads\/2022\/06\/Dr-Tillwich-Gyrosynth-99214.png","width":1630,"height":1466},{"@type":"BreadcrumbList","@id":"https:\/\/www.credimex.ch\/fr\/produit\/dr-tillwich-gyrosynth-99214-2\/#breadcrumb","itemListElement":[{"@type":"ListItem","position":1,"name":"Home","item":"https:\/\/www.credimex.ch\/fr\/"},{"@type":"ListItem","position":2,"name":"Produits","item":"https:\/\/www.credimex.ch\/fr\/produits\/"},{"@type":"ListItem","position":3,"name":"Dr Tillwich Gyrosynth 99214"}]},{"@type":"WebSite","@id":"https:\/\/www.credimex.ch\/fr\/#website","url":"https:\/\/www.credimex.ch\/fr\/","name":"CREDIMEX","description":"Partner of Swiss Industrial Market","publisher":{"@id":"https:\/\/www.credimex.ch\/fr\/#organization"},"potentialAction":[{"@type":"SearchAction","target":{"@type":"EntryPoint","urlTemplate":"https:\/\/www.credimex.ch\/fr\/?s={search_term_string}"},"query-input":{"@type":"PropertyValueSpecification","valueRequired":true,"valueName":"search_term_string"}}],"inLanguage":"fr-FR"},{"@type":"Organization","@id":"https:\/\/www.credimex.ch\/fr\/#organization","name":"credimex","url":"https:\/\/www.credimex.ch\/fr\/","logo":{"@type":"ImageObject","inLanguage":"fr-FR","@id":"https:\/\/www.credimex.ch\/fr\/#\/schema\/logo\/image\/","url":"https:\/\/www.credimex.ch\/wp-content\/uploads\/2022\/03\/cropped-logo-credimex.png","contentUrl":"https:\/\/www.credimex.ch\/wp-content\/uploads\/2022\/03\/cropped-logo-credimex.png","width":512,"height":512,"caption":"credimex"},"image":{"@id":"https:\/\/www.credimex.ch\/fr\/#\/schema\/logo\/image\/"},"sameAs":["https:\/\/www.facebook.com\/credimex.alpnach\/","https:\/\/www.linkedin.com\/company\/credimex\/","https:\/\/www.youtube.com\/@CREDIMEX?sub_confirmation=1"]}]}},"_links":{"self":[{"href":"https:\/\/www.credimex.ch\/fr\/wp-json\/wp\/v2\/product\/4283","targetHints":{"allow":["GET"]}}],"collection":[{"href":"https:\/\/www.credimex.ch\/fr\/wp-json\/wp\/v2\/product"}],"about":[{"href":"https:\/\/www.credimex.ch\/fr\/wp-json\/wp\/v2\/types\/product"}],"replies":[{"embeddable":true,"href":"https:\/\/www.credimex.ch\/fr\/wp-json\/wp\/v2\/comments?post=4283"}],"wp:featuredmedia":[{"embeddable":true,"href":"https:\/\/www.credimex.ch\/fr\/wp-json\/wp\/v2\/media\/3304"}],"wp:attachment":[{"href":"https:\/\/www.credimex.ch\/fr\/wp-json\/wp\/v2\/media?parent=4283"}],"wp:term":[{"taxonomy":"product_brand","embeddable":true,"href":"https:\/\/www.credimex.ch\/fr\/wp-json\/wp\/v2\/product_brand?post=4283"},{"taxonomy":"product_cat","embeddable":true,"href":"https:\/\/www.credimex.ch\/fr\/wp-json\/wp\/v2\/product_cat?post=4283"},{"taxonomy":"product_tag","embeddable":true,"href":"https:\/\/www.credimex.ch\/fr\/wp-json\/wp\/v2\/product_tag?post=4283"}],"curies":[{"name":"wp","href":"https:\/\/api.w.org\/{rel}","templated":true}]}}