{"id":4406,"date":"2022-07-06T15:54:32","date_gmt":"2022-07-06T13:54:32","guid":{"rendered":"https:\/\/www.credimex.ch.mialias.net\/product\/enidine-air-springs-simple-air-actuator\/"},"modified":"2023-07-10T15:54:30","modified_gmt":"2023-07-10T13:54:30","slug":"ressorts-pneumatiques-enidine-actionneur-pneumatique-simple","status":"publish","type":"product","link":"https:\/\/www.credimex.ch\/fr\/produit\/ressorts-pneumatiques-enidine-actionneur-pneumatique-simple\/","title":{"rendered":"Ressorts pneumatiques ENIDINE Actionneur pneumatique simple"},"content":{"rendered":"<h2>Description<\/h2>\n<p>L&rsquo;actionneur pneumatique simple ENIDINE Air Springs est tr\u00e8s durable, con\u00e7u avec pr\u00e9cision et rentable pour une utilisation dans une grande vari\u00e9t\u00e9 d&rsquo;applications d&rsquo;actionnement et d&rsquo;isolation des vibrations. Avec des conceptions \u00e9prouv\u00e9es qui int\u00e8grent des \u00e9l\u00e9ments flexibles en Wingprene\u2122 ou en caoutchouc naturel renforc\u00e9s par du tissu et des dispositifs de retenue d&rsquo;extr\u00e9mit\u00e9 prot\u00e9g\u00e9s contre la corrosion, les ressorts pneumatiques ENIDINE offrent une qualit\u00e9 et des performances sup\u00e9rieures. En tant qu&rsquo;actionneurs, ils peuvent fournir un mouvement lin\u00e9aire ou angulaire.<\/p>\n<p><img fetchpriority=\"high\" decoding=\"async\" class=\"alignnone size-full wp-image-1397\" src=\"https:\/\/www.credimex.ch\/wp-content\/uploads\/2022\/07\/Air15.webp\" alt=\"\" width=\"600\" height=\"355\" srcset=\"https:\/\/www.credimex.ch\/wp-content\/uploads\/2022\/07\/Air15.webp 600w, https:\/\/www.credimex.ch\/wp-content\/uploads\/2022\/07\/Air15-300x178.webp 300w\" sizes=\"(max-width: 600px) 100vw, 600px\" \/><\/p>\n<h2>Avantages du produit<\/h2>\n<p>Ces produits \u00e0 coussin d&rsquo;air offrent un rapport course\/hauteur de compression favorable par rapport aux v\u00e9rins pneumatiques, et ils peuvent accepter une grande vari\u00e9t\u00e9 de fluides d&rsquo;actionnement tels que l&rsquo;air, l&rsquo;eau, l&rsquo;azote ou l&rsquo;antigel. En tant qu&rsquo;isolateurs, ils sont efficaces pour r\u00e9duire les effets n\u00e9fastes des vibrations. Ils peuvent aussi simultan\u00e9ment isoler les vibrations et r\u00e9guler la hauteur de la charge, ainsi que permettre une isolation constante des vibrations sous des charges variables.<\/p>\n<h2>Application<\/h2>\n<ul>\n<li>Dispositifs de basculement des bacs<\/li>\n<li>Palettiseurs, applicateurs d&rsquo;\u00e9tiquettes dans les \u00e9quipements d&#8217;emballage<\/li>\n<li>Man\u00e8ges de parcs d&rsquo;attractions<\/li>\n<li>Syst\u00e8mes d&#8217;embrayage et de freinage<\/li>\n<li>Injection ou \u00e9jection de pi\u00e8ces dans des \u00e9quipements de fabrication<\/li>\n<li>Force de levage verticale pour les plates-formes et les tables tournantes<\/li>\n<li>Syst\u00e8mes de convoyage ou de transfert<\/li>\n<li>Actionneurs \u00e0 arbre rotatif<\/li>\n<li>Compresseurs<\/li>\n<li>Convoyeurs vibrants<\/li>\n<li>Grandes machines de s\u00e9chage<\/li>\n<li>S\u00e9parateurs centrifuges<\/li>\n<li>Coordonner les tables et les machines de mesure<\/li>\n<li>Machines \u00e0 laver commerciales<\/li>\n<li>\u00c9quipement \u00e9lectronique<\/li>\n<li>M\u00e9tiers \u00e0 tisser<\/li>\n<li>Points de chargement des convoyeurs<\/li>\n<\/ul>\n","protected":false},"excerpt":{"rendered":"<p>L&rsquo;<strong>actionneur pneumatique simple ENIDINE<\/strong>\u00a0est tr\u00e8s durable, con\u00e7u avec pr\u00e9cision et rentable pour \u00eatre utilis\u00e9 dans une grande vari\u00e9t\u00e9 d&rsquo;applications d&rsquo;actionnement et d&rsquo;isolation des vibrations.<\/p>\n","protected":false},"featured_media":6074,"comment_status":"open","ping_status":"closed","template":"","meta":{"_acf_changed":false},"product_brand":[],"product_cat":[341,340,413,376,411,384,556,475,375,361,360,624,414,412,688],"product_tag":[],"class_list":{"0":"post-4406","1":"product","2":"type-product","3":"status-publish","4":"has-post-thumbnail","6":"product_cat-aerospatiale","7":"product_cat-automobile","8":"product_cat-batteries","9":"product_cat-e-mobilite","10":"product_cat-electronique","11":"product_cat-energie","12":"product_cat-enidine","13":"product_cat-fabrication-de-montres","14":"product_cat-ferroviaire","15":"product_cat-industrie-alimentaire","16":"product_cat-industrie-generale","17":"product_cat-isolation-contre-les-vibrations","18":"product_cat-medical","19":"product_cat-telepheriques","20":"product_cat-verins-a-soufflet-ressorts-pneumatiques","21":"pa_brands-enidine-fr","23":"first","24":"instock","25":"shipping-taxable","26":"product-type-simple"},"acf":[],"_yoast_wpseo_focuskw":"Ressorts pneumatiques Enidine Actionneur pneumatique simple","_yoast_wpseo_metadesc":"L'actionneur pneumatique simple ENIDINE est tr\u00e8s durable, con\u00e7u avec pr\u00e9cision et rentable pour l'isolation des vibrations.","yoast_head":"<!-- This site is optimized with the Yoast SEO Premium plugin v21.6 (Yoast SEO v27.4) - https:\/\/yoast.com\/product\/yoast-seo-premium-wordpress\/ -->\n<title>Ressorts pneumatiques ENIDINE Actionneur pneumatique simple - CREDIMEX<\/title>\n<meta name=\"description\" content=\"L&#039;actionneur pneumatique simple ENIDINE est tr\u00e8s durable, con\u00e7u avec pr\u00e9cision et rentable pour l&#039;isolation des vibrations.\" \/>\n<meta name=\"robots\" content=\"index, follow, max-snippet:-1, max-image-preview:large, max-video-preview:-1\" \/>\n<link rel=\"canonical\" href=\"https:\/\/www.credimex.ch\/fr\/produit\/ressorts-pneumatiques-enidine-actionneur-pneumatique-simple\/\" \/>\n<meta property=\"og:locale\" content=\"fr_FR\" \/>\n<meta property=\"og:type\" content=\"article\" \/>\n<meta property=\"og:title\" content=\"Ressorts pneumatiques ENIDINE Actionneur pneumatique simple\" \/>\n<meta property=\"og:description\" content=\"L&#039;actionneur pneumatique simple ENIDINE est tr\u00e8s durable, con\u00e7u avec pr\u00e9cision et rentable pour l&#039;isolation des vibrations.\" \/>\n<meta property=\"og:url\" content=\"https:\/\/www.credimex.ch\/fr\/produit\/ressorts-pneumatiques-enidine-actionneur-pneumatique-simple\/\" \/>\n<meta property=\"og:site_name\" content=\"CREDIMEX\" \/>\n<meta property=\"article:publisher\" content=\"https:\/\/www.facebook.com\/credimex.alpnach\/\" \/>\n<meta property=\"article:modified_time\" content=\"2023-07-10T13:54:30+00:00\" \/>\n<meta property=\"og:image\" content=\"https:\/\/www.credimex.ch\/wp-content\/uploads\/2023\/03\/Air-Spring-Single-2.png\" \/>\n\t<meta property=\"og:image:width\" content=\"649\" \/>\n\t<meta property=\"og:image:height\" content=\"535\" \/>\n\t<meta property=\"og:image:type\" content=\"image\/png\" \/>\n<meta name=\"twitter:card\" content=\"summary_large_image\" \/>\n<meta name=\"twitter:label1\" content=\"Dur\u00e9e de lecture estim\u00e9e\" \/>\n\t<meta name=\"twitter:data1\" content=\"2 minutes\" \/>\n<script type=\"application\/ld+json\" class=\"yoast-schema-graph\">{\"@context\":\"https:\\\/\\\/schema.org\",\"@graph\":[{\"@type\":\"WebPage\",\"@id\":\"https:\\\/\\\/www.credimex.ch\\\/fr\\\/produit\\\/ressorts-pneumatiques-enidine-actionneur-pneumatique-simple\\\/\",\"url\":\"https:\\\/\\\/www.credimex.ch\\\/fr\\\/produit\\\/ressorts-pneumatiques-enidine-actionneur-pneumatique-simple\\\/\",\"name\":\"Ressorts pneumatiques ENIDINE Actionneur pneumatique simple - CREDIMEX\",\"isPartOf\":{\"@id\":\"https:\\\/\\\/www.credimex.ch\\\/fr\\\/#website\"},\"primaryImageOfPage\":{\"@id\":\"https:\\\/\\\/www.credimex.ch\\\/fr\\\/produit\\\/ressorts-pneumatiques-enidine-actionneur-pneumatique-simple\\\/#primaryimage\"},\"image\":{\"@id\":\"https:\\\/\\\/www.credimex.ch\\\/fr\\\/produit\\\/ressorts-pneumatiques-enidine-actionneur-pneumatique-simple\\\/#primaryimage\"},\"thumbnailUrl\":\"https:\\\/\\\/www.credimex.ch\\\/wp-content\\\/uploads\\\/2023\\\/03\\\/Air-Spring-Single-2.png\",\"datePublished\":\"2022-07-06T13:54:32+00:00\",\"dateModified\":\"2023-07-10T13:54:30+00:00\",\"description\":\"L'actionneur pneumatique simple ENIDINE est tr\u00e8s durable, con\u00e7u avec pr\u00e9cision et rentable pour l'isolation des vibrations.\",\"breadcrumb\":{\"@id\":\"https:\\\/\\\/www.credimex.ch\\\/fr\\\/produit\\\/ressorts-pneumatiques-enidine-actionneur-pneumatique-simple\\\/#breadcrumb\"},\"inLanguage\":\"fr-FR\",\"potentialAction\":[{\"@type\":\"ReadAction\",\"target\":[\"https:\\\/\\\/www.credimex.ch\\\/fr\\\/produit\\\/ressorts-pneumatiques-enidine-actionneur-pneumatique-simple\\\/\"]}]},{\"@type\":\"ImageObject\",\"inLanguage\":\"fr-FR\",\"@id\":\"https:\\\/\\\/www.credimex.ch\\\/fr\\\/produit\\\/ressorts-pneumatiques-enidine-actionneur-pneumatique-simple\\\/#primaryimage\",\"url\":\"https:\\\/\\\/www.credimex.ch\\\/wp-content\\\/uploads\\\/2023\\\/03\\\/Air-Spring-Single-2.png\",\"contentUrl\":\"https:\\\/\\\/www.credimex.ch\\\/wp-content\\\/uploads\\\/2023\\\/03\\\/Air-Spring-Single-2.png\",\"width\":649,\"height\":535},{\"@type\":\"BreadcrumbList\",\"@id\":\"https:\\\/\\\/www.credimex.ch\\\/fr\\\/produit\\\/ressorts-pneumatiques-enidine-actionneur-pneumatique-simple\\\/#breadcrumb\",\"itemListElement\":[{\"@type\":\"ListItem\",\"position\":1,\"name\":\"Home\",\"item\":\"https:\\\/\\\/www.credimex.ch\\\/fr\\\/\"},{\"@type\":\"ListItem\",\"position\":2,\"name\":\"Produits\",\"item\":\"https:\\\/\\\/www.credimex.ch\\\/fr\\\/produits\\\/\"},{\"@type\":\"ListItem\",\"position\":3,\"name\":\"Ressorts pneumatiques ENIDINE Actionneur pneumatique simple\"}]},{\"@type\":\"WebSite\",\"@id\":\"https:\\\/\\\/www.credimex.ch\\\/fr\\\/#website\",\"url\":\"https:\\\/\\\/www.credimex.ch\\\/fr\\\/\",\"name\":\"CREDIMEX\",\"description\":\"Partner of Swiss Industrial Market\",\"publisher\":{\"@id\":\"https:\\\/\\\/www.credimex.ch\\\/fr\\\/#organization\"},\"potentialAction\":[{\"@type\":\"SearchAction\",\"target\":{\"@type\":\"EntryPoint\",\"urlTemplate\":\"https:\\\/\\\/www.credimex.ch\\\/fr\\\/?s={search_term_string}\"},\"query-input\":{\"@type\":\"PropertyValueSpecification\",\"valueRequired\":true,\"valueName\":\"search_term_string\"}}],\"inLanguage\":\"fr-FR\"},{\"@type\":\"Organization\",\"@id\":\"https:\\\/\\\/www.credimex.ch\\\/fr\\\/#organization\",\"name\":\"credimex\",\"url\":\"https:\\\/\\\/www.credimex.ch\\\/fr\\\/\",\"logo\":{\"@type\":\"ImageObject\",\"inLanguage\":\"fr-FR\",\"@id\":\"https:\\\/\\\/www.credimex.ch\\\/fr\\\/#\\\/schema\\\/logo\\\/image\\\/\",\"url\":\"https:\\\/\\\/www.credimex.ch\\\/wp-content\\\/uploads\\\/2022\\\/03\\\/cropped-logo-credimex.png\",\"contentUrl\":\"https:\\\/\\\/www.credimex.ch\\\/wp-content\\\/uploads\\\/2022\\\/03\\\/cropped-logo-credimex.png\",\"width\":512,\"height\":512,\"caption\":\"credimex\"},\"image\":{\"@id\":\"https:\\\/\\\/www.credimex.ch\\\/fr\\\/#\\\/schema\\\/logo\\\/image\\\/\"},\"sameAs\":[\"https:\\\/\\\/www.facebook.com\\\/credimex.alpnach\\\/\",\"https:\\\/\\\/www.linkedin.com\\\/company\\\/credimex\\\/\",\"https:\\\/\\\/www.youtube.com\\\/@CREDIMEX?sub_confirmation=1\"]}]}<\/script>\n<!-- \/ Yoast SEO Premium plugin. -->","yoast_head_json":{"title":"Ressorts pneumatiques ENIDINE Actionneur pneumatique simple - CREDIMEX","description":"L'actionneur pneumatique simple ENIDINE est tr\u00e8s durable, con\u00e7u avec pr\u00e9cision et rentable pour l'isolation des vibrations.","robots":{"index":"index","follow":"follow","max-snippet":"max-snippet:-1","max-image-preview":"max-image-preview:large","max-video-preview":"max-video-preview:-1"},"canonical":"https:\/\/www.credimex.ch\/fr\/produit\/ressorts-pneumatiques-enidine-actionneur-pneumatique-simple\/","og_locale":"fr_FR","og_type":"article","og_title":"Ressorts pneumatiques ENIDINE Actionneur pneumatique simple","og_description":"L'actionneur pneumatique simple ENIDINE est tr\u00e8s durable, con\u00e7u avec pr\u00e9cision et rentable pour l'isolation des vibrations.","og_url":"https:\/\/www.credimex.ch\/fr\/produit\/ressorts-pneumatiques-enidine-actionneur-pneumatique-simple\/","og_site_name":"CREDIMEX","article_publisher":"https:\/\/www.facebook.com\/credimex.alpnach\/","article_modified_time":"2023-07-10T13:54:30+00:00","og_image":[{"width":649,"height":535,"url":"https:\/\/www.credimex.ch\/wp-content\/uploads\/2023\/03\/Air-Spring-Single-2.png","type":"image\/png"}],"twitter_card":"summary_large_image","twitter_misc":{"Dur\u00e9e de lecture estim\u00e9e":"2 minutes"},"schema":{"@context":"https:\/\/schema.org","@graph":[{"@type":"WebPage","@id":"https:\/\/www.credimex.ch\/fr\/produit\/ressorts-pneumatiques-enidine-actionneur-pneumatique-simple\/","url":"https:\/\/www.credimex.ch\/fr\/produit\/ressorts-pneumatiques-enidine-actionneur-pneumatique-simple\/","name":"Ressorts pneumatiques ENIDINE Actionneur pneumatique simple - CREDIMEX","isPartOf":{"@id":"https:\/\/www.credimex.ch\/fr\/#website"},"primaryImageOfPage":{"@id":"https:\/\/www.credimex.ch\/fr\/produit\/ressorts-pneumatiques-enidine-actionneur-pneumatique-simple\/#primaryimage"},"image":{"@id":"https:\/\/www.credimex.ch\/fr\/produit\/ressorts-pneumatiques-enidine-actionneur-pneumatique-simple\/#primaryimage"},"thumbnailUrl":"https:\/\/www.credimex.ch\/wp-content\/uploads\/2023\/03\/Air-Spring-Single-2.png","datePublished":"2022-07-06T13:54:32+00:00","dateModified":"2023-07-10T13:54:30+00:00","description":"L'actionneur pneumatique simple ENIDINE est tr\u00e8s durable, con\u00e7u avec pr\u00e9cision et rentable pour l'isolation des vibrations.","breadcrumb":{"@id":"https:\/\/www.credimex.ch\/fr\/produit\/ressorts-pneumatiques-enidine-actionneur-pneumatique-simple\/#breadcrumb"},"inLanguage":"fr-FR","potentialAction":[{"@type":"ReadAction","target":["https:\/\/www.credimex.ch\/fr\/produit\/ressorts-pneumatiques-enidine-actionneur-pneumatique-simple\/"]}]},{"@type":"ImageObject","inLanguage":"fr-FR","@id":"https:\/\/www.credimex.ch\/fr\/produit\/ressorts-pneumatiques-enidine-actionneur-pneumatique-simple\/#primaryimage","url":"https:\/\/www.credimex.ch\/wp-content\/uploads\/2023\/03\/Air-Spring-Single-2.png","contentUrl":"https:\/\/www.credimex.ch\/wp-content\/uploads\/2023\/03\/Air-Spring-Single-2.png","width":649,"height":535},{"@type":"BreadcrumbList","@id":"https:\/\/www.credimex.ch\/fr\/produit\/ressorts-pneumatiques-enidine-actionneur-pneumatique-simple\/#breadcrumb","itemListElement":[{"@type":"ListItem","position":1,"name":"Home","item":"https:\/\/www.credimex.ch\/fr\/"},{"@type":"ListItem","position":2,"name":"Produits","item":"https:\/\/www.credimex.ch\/fr\/produits\/"},{"@type":"ListItem","position":3,"name":"Ressorts pneumatiques ENIDINE Actionneur pneumatique simple"}]},{"@type":"WebSite","@id":"https:\/\/www.credimex.ch\/fr\/#website","url":"https:\/\/www.credimex.ch\/fr\/","name":"CREDIMEX","description":"Partner of Swiss Industrial Market","publisher":{"@id":"https:\/\/www.credimex.ch\/fr\/#organization"},"potentialAction":[{"@type":"SearchAction","target":{"@type":"EntryPoint","urlTemplate":"https:\/\/www.credimex.ch\/fr\/?s={search_term_string}"},"query-input":{"@type":"PropertyValueSpecification","valueRequired":true,"valueName":"search_term_string"}}],"inLanguage":"fr-FR"},{"@type":"Organization","@id":"https:\/\/www.credimex.ch\/fr\/#organization","name":"credimex","url":"https:\/\/www.credimex.ch\/fr\/","logo":{"@type":"ImageObject","inLanguage":"fr-FR","@id":"https:\/\/www.credimex.ch\/fr\/#\/schema\/logo\/image\/","url":"https:\/\/www.credimex.ch\/wp-content\/uploads\/2022\/03\/cropped-logo-credimex.png","contentUrl":"https:\/\/www.credimex.ch\/wp-content\/uploads\/2022\/03\/cropped-logo-credimex.png","width":512,"height":512,"caption":"credimex"},"image":{"@id":"https:\/\/www.credimex.ch\/fr\/#\/schema\/logo\/image\/"},"sameAs":["https:\/\/www.facebook.com\/credimex.alpnach\/","https:\/\/www.linkedin.com\/company\/credimex\/","https:\/\/www.youtube.com\/@CREDIMEX?sub_confirmation=1"]}]}},"_links":{"self":[{"href":"https:\/\/www.credimex.ch\/fr\/wp-json\/wp\/v2\/product\/4406","targetHints":{"allow":["GET"]}}],"collection":[{"href":"https:\/\/www.credimex.ch\/fr\/wp-json\/wp\/v2\/product"}],"about":[{"href":"https:\/\/www.credimex.ch\/fr\/wp-json\/wp\/v2\/types\/product"}],"replies":[{"embeddable":true,"href":"https:\/\/www.credimex.ch\/fr\/wp-json\/wp\/v2\/comments?post=4406"}],"wp:featuredmedia":[{"embeddable":true,"href":"https:\/\/www.credimex.ch\/fr\/wp-json\/wp\/v2\/media\/6074"}],"wp:attachment":[{"href":"https:\/\/www.credimex.ch\/fr\/wp-json\/wp\/v2\/media?parent=4406"}],"wp:term":[{"taxonomy":"product_brand","embeddable":true,"href":"https:\/\/www.credimex.ch\/fr\/wp-json\/wp\/v2\/product_brand?post=4406"},{"taxonomy":"product_cat","embeddable":true,"href":"https:\/\/www.credimex.ch\/fr\/wp-json\/wp\/v2\/product_cat?post=4406"},{"taxonomy":"product_tag","embeddable":true,"href":"https:\/\/www.credimex.ch\/fr\/wp-json\/wp\/v2\/product_tag?post=4406"}],"curies":[{"name":"wp","href":"https:\/\/api.w.org\/{rel}","templated":true}]}}