{"id":9403,"date":"2025-10-02T10:34:22","date_gmt":"2025-10-02T08:34:22","guid":{"rendered":"https:\/\/www.credimex.ch\/product\/betaforce-9050-2k-polyurethane-structural-adhesive\/"},"modified":"2025-10-27T12:16:31","modified_gmt":"2025-10-27T11:16:31","slug":"betaforce-9050-2k-polyurethane-structural-adhesive","status":"publish","type":"product","link":"https:\/\/www.credimex.ch\/fr\/produit\/betaforce-9050-2k-polyurethane-structural-adhesive\/","title":{"rendered":"Betaforce 9050 \u2013 Adh\u00e9sif structurel polyur\u00e9thane bi-composant"},"content":{"rendered":"<p>Betaforce 9050 est une colle structurelle \u00e0 base de polyur\u00e9thane offrant une r\u00e9sistance m\u00e9canique \u00e9lev\u00e9e et un allongement important \u00e0 la rupture.<br \/>\n Gr\u00e2ce \u00e0 son excellente r\u00e9sistance \u00e0 l\u2019humidit\u00e9, Betaforce 9050 assure une bonne adh\u00e9rence sur plastiques, composites, surfaces peintes et substrats m\u00e9talliques rev\u00eatus<\/p>\n<h2>Disponible en version avec un temps ouvert court et long:<\/h2>\n<ul>\n<li>Betaforce 9050S \u2013 6-9 min.<\/li>\n<li>Betaforce 9050L \u2013 40 min.<\/li>\n<\/ul>\n<h2>Application:<\/h2>\n<ul>\n<li>Id\u00e9al pour l\u2019industrie automobile.<\/li>\n<\/ul>\n<h2>Caract\u00e9ristiques:<\/h2>\n<ul>\n<li>Bonne adh\u00e9rence sur plastiques, composites et surfaces peintes<\/li>\n<li>Bonne adh\u00e9rence sur substrats m\u00e9talliques rev\u00eatus<\/li>\n<li>Adh\u00e9rence sans primaire sur de nombreux composites<\/li>\n<li>Optimis\u00e9 pour un collage acc\u00e9l\u00e9r\u00e9 \u00e0 temp\u00e9ratures \u00e9lev\u00e9es<\/li>\n<li>Tr\u00e8s haute r\u00e9sistance m\u00e9canique et allongement \u00e0 la rupture<\/li>\n<li>Faible d\u00e9pendance du module \u00e0 la temp\u00e9rature<\/li>\n<li>Temp\u00e9rature de transition vitreuse hors plage d\u2019application<\/li>\n<\/ul>\n","protected":false},"excerpt":{"rendered":"<p>Betaforce 9050 est une colle structurelle \u00e0 base de polyur\u00e9thane offrant une r\u00e9sistance m\u00e9canique \u00e9lev\u00e9e et un allongement important \u00e0 la rupture. Gr\u00e2ce \u00e0 son excellente r\u00e9sistance \u00e0 l\u2019humidit\u00e9, Betaforce 9050 assure une bonne adh\u00e9rence sur plastiques, composites, surfaces peintes et substrats m\u00e9talliques rev\u00eatus Disponible en version avec un temps ouvert court et long: Betaforce [&hellip;]<\/p>\n","protected":false},"featured_media":9400,"comment_status":"closed","ping_status":"closed","template":"","meta":{"_acf_changed":false},"product_brand":[],"product_cat":[452,466,889],"product_tag":[],"class_list":{"0":"post-9403","1":"product","2":"type-product","3":"status-publish","4":"has-post-thumbnail","6":"product_cat-adhesifs-et-mastics","7":"product_cat-adhesifs-polyurethane","8":"product_cat-dupont","10":"first","11":"instock","12":"shipping-taxable","13":"product-type-simple"},"acf":[],"_yoast_wpseo_focuskw":null,"_yoast_wpseo_metadesc":"Dow Betaforce 9050S est un adh\u00e9sif structurel \u00e0 base de polyur\u00e9thane 2K pr\u00e9sentant une r\u00e9sistance m\u00e9canique \u00e9lev\u00e9e, destin\u00e9 au collage de composites dans les applications automobiles.","yoast_head":"<!-- This site is optimized with the Yoast SEO Premium plugin v21.6 (Yoast SEO v27.4) - https:\/\/yoast.com\/product\/yoast-seo-premium-wordpress\/ -->\n<title>Betaforce 9050 \u2013 Adh\u00e9sif structurel polyur\u00e9thane bi-composant - CREDIMEX<\/title>\n<meta name=\"description\" content=\"Dow Betaforce 9050S est un adh\u00e9sif structurel \u00e0 base de polyur\u00e9thane 2K pr\u00e9sentant une r\u00e9sistance m\u00e9canique \u00e9lev\u00e9e, destin\u00e9 au collage de composites dans les applications automobiles.\" \/>\n<meta name=\"robots\" content=\"index, follow, max-snippet:-1, max-image-preview:large, max-video-preview:-1\" \/>\n<link rel=\"canonical\" href=\"https:\/\/www.credimex.ch\/fr\/produit\/betaforce-9050-2k-polyurethane-structural-adhesive\/\" \/>\n<meta property=\"og:locale\" content=\"fr_FR\" \/>\n<meta property=\"og:type\" content=\"article\" \/>\n<meta property=\"og:title\" content=\"Betaforce 9050 \u2013 Adh\u00e9sif structurel polyur\u00e9thane bi-composant\" \/>\n<meta property=\"og:description\" content=\"Dow Betaforce 9050S est un adh\u00e9sif structurel \u00e0 base de polyur\u00e9thane 2K pr\u00e9sentant une r\u00e9sistance m\u00e9canique \u00e9lev\u00e9e, destin\u00e9 au collage de composites dans les applications automobiles.\" \/>\n<meta property=\"og:url\" content=\"https:\/\/www.credimex.ch\/fr\/produit\/betaforce-9050-2k-polyurethane-structural-adhesive\/\" \/>\n<meta property=\"og:site_name\" content=\"CREDIMEX\" \/>\n<meta property=\"article:publisher\" content=\"https:\/\/www.facebook.com\/credimex.alpnach\/\" \/>\n<meta property=\"article:modified_time\" content=\"2025-10-27T11:16:31+00:00\" \/>\n<meta property=\"og:image\" content=\"https:\/\/www.credimex.ch\/wp-content\/uploads\/2025\/10\/Betaforce.webp\" \/>\n\t<meta property=\"og:image:width\" content=\"1396\" \/>\n\t<meta property=\"og:image:height\" content=\"1468\" \/>\n\t<meta property=\"og:image:type\" content=\"image\/webp\" \/>\n<meta name=\"twitter:card\" content=\"summary_large_image\" \/>\n<meta name=\"twitter:label1\" content=\"Dur\u00e9e de lecture estim\u00e9e\" \/>\n\t<meta name=\"twitter:data1\" content=\"1 minute\" \/>\n<script type=\"application\/ld+json\" class=\"yoast-schema-graph\">{\"@context\":\"https:\\\/\\\/schema.org\",\"@graph\":[{\"@type\":\"WebPage\",\"@id\":\"https:\\\/\\\/www.credimex.ch\\\/fr\\\/produit\\\/betaforce-9050-2k-polyurethane-structural-adhesive\\\/\",\"url\":\"https:\\\/\\\/www.credimex.ch\\\/fr\\\/produit\\\/betaforce-9050-2k-polyurethane-structural-adhesive\\\/\",\"name\":\"Betaforce 9050 \u2013 Adh\u00e9sif structurel polyur\u00e9thane bi-composant - CREDIMEX\",\"isPartOf\":{\"@id\":\"https:\\\/\\\/www.credimex.ch\\\/fr\\\/#website\"},\"primaryImageOfPage\":{\"@id\":\"https:\\\/\\\/www.credimex.ch\\\/fr\\\/produit\\\/betaforce-9050-2k-polyurethane-structural-adhesive\\\/#primaryimage\"},\"image\":{\"@id\":\"https:\\\/\\\/www.credimex.ch\\\/fr\\\/produit\\\/betaforce-9050-2k-polyurethane-structural-adhesive\\\/#primaryimage\"},\"thumbnailUrl\":\"https:\\\/\\\/www.credimex.ch\\\/wp-content\\\/uploads\\\/2025\\\/10\\\/Betaforce.webp\",\"datePublished\":\"2025-10-02T08:34:22+00:00\",\"dateModified\":\"2025-10-27T11:16:31+00:00\",\"description\":\"Dow Betaforce 9050S est un adh\u00e9sif structurel \u00e0 base de polyur\u00e9thane 2K pr\u00e9sentant une r\u00e9sistance m\u00e9canique \u00e9lev\u00e9e, destin\u00e9 au collage de composites dans les applications automobiles.\",\"breadcrumb\":{\"@id\":\"https:\\\/\\\/www.credimex.ch\\\/fr\\\/produit\\\/betaforce-9050-2k-polyurethane-structural-adhesive\\\/#breadcrumb\"},\"inLanguage\":\"fr-FR\",\"potentialAction\":[{\"@type\":\"ReadAction\",\"target\":[\"https:\\\/\\\/www.credimex.ch\\\/fr\\\/produit\\\/betaforce-9050-2k-polyurethane-structural-adhesive\\\/\"]}]},{\"@type\":\"ImageObject\",\"inLanguage\":\"fr-FR\",\"@id\":\"https:\\\/\\\/www.credimex.ch\\\/fr\\\/produit\\\/betaforce-9050-2k-polyurethane-structural-adhesive\\\/#primaryimage\",\"url\":\"https:\\\/\\\/www.credimex.ch\\\/wp-content\\\/uploads\\\/2025\\\/10\\\/Betaforce.webp\",\"contentUrl\":\"https:\\\/\\\/www.credimex.ch\\\/wp-content\\\/uploads\\\/2025\\\/10\\\/Betaforce.webp\",\"width\":1396,\"height\":1468},{\"@type\":\"BreadcrumbList\",\"@id\":\"https:\\\/\\\/www.credimex.ch\\\/fr\\\/produit\\\/betaforce-9050-2k-polyurethane-structural-adhesive\\\/#breadcrumb\",\"itemListElement\":[{\"@type\":\"ListItem\",\"position\":1,\"name\":\"Home\",\"item\":\"https:\\\/\\\/www.credimex.ch\\\/fr\\\/\"},{\"@type\":\"ListItem\",\"position\":2,\"name\":\"Produits\",\"item\":\"https:\\\/\\\/www.credimex.ch\\\/fr\\\/produits\\\/\"},{\"@type\":\"ListItem\",\"position\":3,\"name\":\"Betaforce 9050 \u2013 Adh\u00e9sif structurel polyur\u00e9thane bi-composant\"}]},{\"@type\":\"WebSite\",\"@id\":\"https:\\\/\\\/www.credimex.ch\\\/fr\\\/#website\",\"url\":\"https:\\\/\\\/www.credimex.ch\\\/fr\\\/\",\"name\":\"CREDIMEX\",\"description\":\"Partner of Swiss Industrial Market\",\"publisher\":{\"@id\":\"https:\\\/\\\/www.credimex.ch\\\/fr\\\/#organization\"},\"potentialAction\":[{\"@type\":\"SearchAction\",\"target\":{\"@type\":\"EntryPoint\",\"urlTemplate\":\"https:\\\/\\\/www.credimex.ch\\\/fr\\\/?s={search_term_string}\"},\"query-input\":{\"@type\":\"PropertyValueSpecification\",\"valueRequired\":true,\"valueName\":\"search_term_string\"}}],\"inLanguage\":\"fr-FR\"},{\"@type\":\"Organization\",\"@id\":\"https:\\\/\\\/www.credimex.ch\\\/fr\\\/#organization\",\"name\":\"credimex\",\"url\":\"https:\\\/\\\/www.credimex.ch\\\/fr\\\/\",\"logo\":{\"@type\":\"ImageObject\",\"inLanguage\":\"fr-FR\",\"@id\":\"https:\\\/\\\/www.credimex.ch\\\/fr\\\/#\\\/schema\\\/logo\\\/image\\\/\",\"url\":\"https:\\\/\\\/www.credimex.ch\\\/wp-content\\\/uploads\\\/2022\\\/03\\\/cropped-logo-credimex.png\",\"contentUrl\":\"https:\\\/\\\/www.credimex.ch\\\/wp-content\\\/uploads\\\/2022\\\/03\\\/cropped-logo-credimex.png\",\"width\":512,\"height\":512,\"caption\":\"credimex\"},\"image\":{\"@id\":\"https:\\\/\\\/www.credimex.ch\\\/fr\\\/#\\\/schema\\\/logo\\\/image\\\/\"},\"sameAs\":[\"https:\\\/\\\/www.facebook.com\\\/credimex.alpnach\\\/\",\"https:\\\/\\\/www.linkedin.com\\\/company\\\/credimex\\\/\",\"https:\\\/\\\/www.youtube.com\\\/@CREDIMEX?sub_confirmation=1\"]}]}<\/script>\n<!-- \/ Yoast SEO Premium plugin. -->","yoast_head_json":{"title":"Betaforce 9050 \u2013 Adh\u00e9sif structurel polyur\u00e9thane bi-composant - CREDIMEX","description":"Dow Betaforce 9050S est un adh\u00e9sif structurel \u00e0 base de polyur\u00e9thane 2K pr\u00e9sentant une r\u00e9sistance m\u00e9canique \u00e9lev\u00e9e, destin\u00e9 au collage de composites dans les applications automobiles.","robots":{"index":"index","follow":"follow","max-snippet":"max-snippet:-1","max-image-preview":"max-image-preview:large","max-video-preview":"max-video-preview:-1"},"canonical":"https:\/\/www.credimex.ch\/fr\/produit\/betaforce-9050-2k-polyurethane-structural-adhesive\/","og_locale":"fr_FR","og_type":"article","og_title":"Betaforce 9050 \u2013 Adh\u00e9sif structurel polyur\u00e9thane bi-composant","og_description":"Dow Betaforce 9050S est un adh\u00e9sif structurel \u00e0 base de polyur\u00e9thane 2K pr\u00e9sentant une r\u00e9sistance m\u00e9canique \u00e9lev\u00e9e, destin\u00e9 au collage de composites dans les applications automobiles.","og_url":"https:\/\/www.credimex.ch\/fr\/produit\/betaforce-9050-2k-polyurethane-structural-adhesive\/","og_site_name":"CREDIMEX","article_publisher":"https:\/\/www.facebook.com\/credimex.alpnach\/","article_modified_time":"2025-10-27T11:16:31+00:00","og_image":[{"width":1396,"height":1468,"url":"https:\/\/www.credimex.ch\/wp-content\/uploads\/2025\/10\/Betaforce.webp","type":"image\/webp"}],"twitter_card":"summary_large_image","twitter_misc":{"Dur\u00e9e de lecture estim\u00e9e":"1 minute"},"schema":{"@context":"https:\/\/schema.org","@graph":[{"@type":"WebPage","@id":"https:\/\/www.credimex.ch\/fr\/produit\/betaforce-9050-2k-polyurethane-structural-adhesive\/","url":"https:\/\/www.credimex.ch\/fr\/produit\/betaforce-9050-2k-polyurethane-structural-adhesive\/","name":"Betaforce 9050 \u2013 Adh\u00e9sif structurel polyur\u00e9thane bi-composant - CREDIMEX","isPartOf":{"@id":"https:\/\/www.credimex.ch\/fr\/#website"},"primaryImageOfPage":{"@id":"https:\/\/www.credimex.ch\/fr\/produit\/betaforce-9050-2k-polyurethane-structural-adhesive\/#primaryimage"},"image":{"@id":"https:\/\/www.credimex.ch\/fr\/produit\/betaforce-9050-2k-polyurethane-structural-adhesive\/#primaryimage"},"thumbnailUrl":"https:\/\/www.credimex.ch\/wp-content\/uploads\/2025\/10\/Betaforce.webp","datePublished":"2025-10-02T08:34:22+00:00","dateModified":"2025-10-27T11:16:31+00:00","description":"Dow Betaforce 9050S est un adh\u00e9sif structurel \u00e0 base de polyur\u00e9thane 2K pr\u00e9sentant une r\u00e9sistance m\u00e9canique \u00e9lev\u00e9e, destin\u00e9 au collage de composites dans les applications automobiles.","breadcrumb":{"@id":"https:\/\/www.credimex.ch\/fr\/produit\/betaforce-9050-2k-polyurethane-structural-adhesive\/#breadcrumb"},"inLanguage":"fr-FR","potentialAction":[{"@type":"ReadAction","target":["https:\/\/www.credimex.ch\/fr\/produit\/betaforce-9050-2k-polyurethane-structural-adhesive\/"]}]},{"@type":"ImageObject","inLanguage":"fr-FR","@id":"https:\/\/www.credimex.ch\/fr\/produit\/betaforce-9050-2k-polyurethane-structural-adhesive\/#primaryimage","url":"https:\/\/www.credimex.ch\/wp-content\/uploads\/2025\/10\/Betaforce.webp","contentUrl":"https:\/\/www.credimex.ch\/wp-content\/uploads\/2025\/10\/Betaforce.webp","width":1396,"height":1468},{"@type":"BreadcrumbList","@id":"https:\/\/www.credimex.ch\/fr\/produit\/betaforce-9050-2k-polyurethane-structural-adhesive\/#breadcrumb","itemListElement":[{"@type":"ListItem","position":1,"name":"Home","item":"https:\/\/www.credimex.ch\/fr\/"},{"@type":"ListItem","position":2,"name":"Produits","item":"https:\/\/www.credimex.ch\/fr\/produits\/"},{"@type":"ListItem","position":3,"name":"Betaforce 9050 \u2013 Adh\u00e9sif structurel polyur\u00e9thane bi-composant"}]},{"@type":"WebSite","@id":"https:\/\/www.credimex.ch\/fr\/#website","url":"https:\/\/www.credimex.ch\/fr\/","name":"CREDIMEX","description":"Partner of Swiss Industrial Market","publisher":{"@id":"https:\/\/www.credimex.ch\/fr\/#organization"},"potentialAction":[{"@type":"SearchAction","target":{"@type":"EntryPoint","urlTemplate":"https:\/\/www.credimex.ch\/fr\/?s={search_term_string}"},"query-input":{"@type":"PropertyValueSpecification","valueRequired":true,"valueName":"search_term_string"}}],"inLanguage":"fr-FR"},{"@type":"Organization","@id":"https:\/\/www.credimex.ch\/fr\/#organization","name":"credimex","url":"https:\/\/www.credimex.ch\/fr\/","logo":{"@type":"ImageObject","inLanguage":"fr-FR","@id":"https:\/\/www.credimex.ch\/fr\/#\/schema\/logo\/image\/","url":"https:\/\/www.credimex.ch\/wp-content\/uploads\/2022\/03\/cropped-logo-credimex.png","contentUrl":"https:\/\/www.credimex.ch\/wp-content\/uploads\/2022\/03\/cropped-logo-credimex.png","width":512,"height":512,"caption":"credimex"},"image":{"@id":"https:\/\/www.credimex.ch\/fr\/#\/schema\/logo\/image\/"},"sameAs":["https:\/\/www.facebook.com\/credimex.alpnach\/","https:\/\/www.linkedin.com\/company\/credimex\/","https:\/\/www.youtube.com\/@CREDIMEX?sub_confirmation=1"]}]}},"_links":{"self":[{"href":"https:\/\/www.credimex.ch\/fr\/wp-json\/wp\/v2\/product\/9403","targetHints":{"allow":["GET"]}}],"collection":[{"href":"https:\/\/www.credimex.ch\/fr\/wp-json\/wp\/v2\/product"}],"about":[{"href":"https:\/\/www.credimex.ch\/fr\/wp-json\/wp\/v2\/types\/product"}],"replies":[{"embeddable":true,"href":"https:\/\/www.credimex.ch\/fr\/wp-json\/wp\/v2\/comments?post=9403"}],"wp:featuredmedia":[{"embeddable":true,"href":"https:\/\/www.credimex.ch\/fr\/wp-json\/wp\/v2\/media\/9400"}],"wp:attachment":[{"href":"https:\/\/www.credimex.ch\/fr\/wp-json\/wp\/v2\/media?parent=9403"}],"wp:term":[{"taxonomy":"product_brand","embeddable":true,"href":"https:\/\/www.credimex.ch\/fr\/wp-json\/wp\/v2\/product_brand?post=9403"},{"taxonomy":"product_cat","embeddable":true,"href":"https:\/\/www.credimex.ch\/fr\/wp-json\/wp\/v2\/product_cat?post=9403"},{"taxonomy":"product_tag","embeddable":true,"href":"https:\/\/www.credimex.ch\/fr\/wp-json\/wp\/v2\/product_tag?post=9403"}],"curies":[{"name":"wp","href":"https:\/\/api.w.org\/{rel}","templated":true}]}}