{"id":9416,"date":"2025-10-02T11:35:32","date_gmt":"2025-10-02T09:35:32","guid":{"rendered":"https:\/\/www.credimex.ch\/product\/betamate-2810-structural-adhesive\/"},"modified":"2025-10-27T12:20:24","modified_gmt":"2025-10-27T11:20:24","slug":"betamate-2810-structural-adhesive","status":"publish","type":"product","link":"https:\/\/www.credimex.ch\/fr\/produit\/betamate-2810-structural-adhesive\/","title":{"rendered":"Betamate 2810 \u2013 Adh\u00e9sif structural bi-composant"},"content":{"rendered":"<p>Betamate 2810 est une colle structurelle \u00e0 durcissement rapide \u00e0 temp\u00e9rature ambiante.<br \/>\n D\u00e9velopp\u00e9e pour le collage de composites, fibres de carbone, plastiques, stratifi\u00e9s et vernis apr\u00e8s pr\u00e9traitement.<br \/>\n Son module G \u00e9lev\u00e9 am\u00e9liore la rigidit\u00e9 en torsion des carrosseries.<\/p>\n<h2>Application:<\/h2>\n<ul>\n<li>Industrie du transport<\/li>\n<\/ul>\n","protected":false},"excerpt":{"rendered":"<p>Betamate 2810 est une colle structurelle \u00e0 durcissement rapide \u00e0 temp\u00e9rature ambiante. D\u00e9velopp\u00e9e pour le collage de composites, fibres de carbone, plastiques, stratifi\u00e9s et vernis apr\u00e8s pr\u00e9traitement. Son module G \u00e9lev\u00e9 am\u00e9liore la rigidit\u00e9 en torsion des carrosseries. Application: Industrie du transport<\/p>\n","protected":false},"featured_media":9413,"comment_status":"closed","ping_status":"closed","template":"","meta":{"_acf_changed":false},"product_brand":[],"product_cat":[452,466,889],"product_tag":[],"class_list":{"0":"post-9416","1":"product","2":"type-product","3":"status-publish","4":"has-post-thumbnail","6":"product_cat-adhesifs-et-mastics","7":"product_cat-adhesifs-polyurethane","8":"product_cat-dupont","10":"first","11":"instock","12":"shipping-taxable","13":"product-type-simple"},"acf":[],"_yoast_wpseo_focuskw":"Betamate 2810","_yoast_wpseo_metadesc":"Betamate 2810 est un adh\u00e9sif polyur\u00e9thane \u00e0 deux composants destin\u00e9 aux constructeurs automobiles OEM et aux applications dans le domaine des v\u00e9hicules utilitaires, notamment les bus, les camions et les trains.","yoast_head":"<!-- This site is optimized with the Yoast SEO Premium plugin v21.6 (Yoast SEO v27.4) - https:\/\/yoast.com\/product\/yoast-seo-premium-wordpress\/ -->\n<title>Betamate 2810 \u2013 Adh\u00e9sif structural bi-composant - CREDIMEX<\/title>\n<meta name=\"description\" content=\"Betamate 2810 est un adh\u00e9sif polyur\u00e9thane \u00e0 deux composants destin\u00e9 aux constructeurs automobiles OEM et aux applications dans le domaine des v\u00e9hicules utilitaires, notamment les bus, les camions et les trains.\" \/>\n<meta name=\"robots\" content=\"index, follow, max-snippet:-1, max-image-preview:large, max-video-preview:-1\" \/>\n<link rel=\"canonical\" href=\"https:\/\/www.credimex.ch\/fr\/produit\/betamate-2810-structural-adhesive\/\" \/>\n<meta property=\"og:locale\" content=\"fr_FR\" \/>\n<meta property=\"og:type\" content=\"article\" \/>\n<meta property=\"og:title\" content=\"Betamate 2810 \u2013 Adh\u00e9sif structural bi-composant\" \/>\n<meta property=\"og:description\" content=\"Betamate 2810 est un adh\u00e9sif polyur\u00e9thane \u00e0 deux composants destin\u00e9 aux constructeurs automobiles OEM et aux applications dans le domaine des v\u00e9hicules utilitaires, notamment les bus, les camions et les trains.\" \/>\n<meta property=\"og:url\" content=\"https:\/\/www.credimex.ch\/fr\/produit\/betamate-2810-structural-adhesive\/\" \/>\n<meta property=\"og:site_name\" content=\"CREDIMEX\" \/>\n<meta property=\"article:publisher\" content=\"https:\/\/www.facebook.com\/credimex.alpnach\/\" \/>\n<meta property=\"article:modified_time\" content=\"2025-10-27T11:20:24+00:00\" \/>\n<meta property=\"og:image\" content=\"https:\/\/www.credimex.ch\/wp-content\/uploads\/2025\/10\/Betamate-2810.webp\" \/>\n\t<meta property=\"og:image:width\" content=\"398\" \/>\n\t<meta property=\"og:image:height\" content=\"388\" \/>\n\t<meta property=\"og:image:type\" content=\"image\/webp\" \/>\n<meta name=\"twitter:card\" content=\"summary_large_image\" \/>\n<meta name=\"twitter:label1\" content=\"Dur\u00e9e de lecture estim\u00e9e\" \/>\n\t<meta name=\"twitter:data1\" content=\"1 minute\" \/>\n<script type=\"application\/ld+json\" class=\"yoast-schema-graph\">{\"@context\":\"https:\\\/\\\/schema.org\",\"@graph\":[{\"@type\":\"WebPage\",\"@id\":\"https:\\\/\\\/www.credimex.ch\\\/fr\\\/produit\\\/betamate-2810-structural-adhesive\\\/\",\"url\":\"https:\\\/\\\/www.credimex.ch\\\/fr\\\/produit\\\/betamate-2810-structural-adhesive\\\/\",\"name\":\"Betamate 2810 \u2013 Adh\u00e9sif structural bi-composant - CREDIMEX\",\"isPartOf\":{\"@id\":\"https:\\\/\\\/www.credimex.ch\\\/fr\\\/#website\"},\"primaryImageOfPage\":{\"@id\":\"https:\\\/\\\/www.credimex.ch\\\/fr\\\/produit\\\/betamate-2810-structural-adhesive\\\/#primaryimage\"},\"image\":{\"@id\":\"https:\\\/\\\/www.credimex.ch\\\/fr\\\/produit\\\/betamate-2810-structural-adhesive\\\/#primaryimage\"},\"thumbnailUrl\":\"https:\\\/\\\/www.credimex.ch\\\/wp-content\\\/uploads\\\/2025\\\/10\\\/Betamate-2810.webp\",\"datePublished\":\"2025-10-02T09:35:32+00:00\",\"dateModified\":\"2025-10-27T11:20:24+00:00\",\"description\":\"Betamate 2810 est un adh\u00e9sif polyur\u00e9thane \u00e0 deux composants destin\u00e9 aux constructeurs automobiles OEM et aux applications dans le domaine des v\u00e9hicules utilitaires, notamment les bus, les camions et les trains.\",\"breadcrumb\":{\"@id\":\"https:\\\/\\\/www.credimex.ch\\\/fr\\\/produit\\\/betamate-2810-structural-adhesive\\\/#breadcrumb\"},\"inLanguage\":\"fr-FR\",\"potentialAction\":[{\"@type\":\"ReadAction\",\"target\":[\"https:\\\/\\\/www.credimex.ch\\\/fr\\\/produit\\\/betamate-2810-structural-adhesive\\\/\"]}]},{\"@type\":\"ImageObject\",\"inLanguage\":\"fr-FR\",\"@id\":\"https:\\\/\\\/www.credimex.ch\\\/fr\\\/produit\\\/betamate-2810-structural-adhesive\\\/#primaryimage\",\"url\":\"https:\\\/\\\/www.credimex.ch\\\/wp-content\\\/uploads\\\/2025\\\/10\\\/Betamate-2810.webp\",\"contentUrl\":\"https:\\\/\\\/www.credimex.ch\\\/wp-content\\\/uploads\\\/2025\\\/10\\\/Betamate-2810.webp\",\"width\":398,\"height\":388},{\"@type\":\"BreadcrumbList\",\"@id\":\"https:\\\/\\\/www.credimex.ch\\\/fr\\\/produit\\\/betamate-2810-structural-adhesive\\\/#breadcrumb\",\"itemListElement\":[{\"@type\":\"ListItem\",\"position\":1,\"name\":\"Home\",\"item\":\"https:\\\/\\\/www.credimex.ch\\\/fr\\\/\"},{\"@type\":\"ListItem\",\"position\":2,\"name\":\"Produits\",\"item\":\"https:\\\/\\\/www.credimex.ch\\\/fr\\\/produits\\\/\"},{\"@type\":\"ListItem\",\"position\":3,\"name\":\"Betamate 2810 \u2013 Adh\u00e9sif structural bi-composant\"}]},{\"@type\":\"WebSite\",\"@id\":\"https:\\\/\\\/www.credimex.ch\\\/fr\\\/#website\",\"url\":\"https:\\\/\\\/www.credimex.ch\\\/fr\\\/\",\"name\":\"CREDIMEX\",\"description\":\"Partner of Swiss Industrial Market\",\"publisher\":{\"@id\":\"https:\\\/\\\/www.credimex.ch\\\/fr\\\/#organization\"},\"potentialAction\":[{\"@type\":\"SearchAction\",\"target\":{\"@type\":\"EntryPoint\",\"urlTemplate\":\"https:\\\/\\\/www.credimex.ch\\\/fr\\\/?s={search_term_string}\"},\"query-input\":{\"@type\":\"PropertyValueSpecification\",\"valueRequired\":true,\"valueName\":\"search_term_string\"}}],\"inLanguage\":\"fr-FR\"},{\"@type\":\"Organization\",\"@id\":\"https:\\\/\\\/www.credimex.ch\\\/fr\\\/#organization\",\"name\":\"credimex\",\"url\":\"https:\\\/\\\/www.credimex.ch\\\/fr\\\/\",\"logo\":{\"@type\":\"ImageObject\",\"inLanguage\":\"fr-FR\",\"@id\":\"https:\\\/\\\/www.credimex.ch\\\/fr\\\/#\\\/schema\\\/logo\\\/image\\\/\",\"url\":\"https:\\\/\\\/www.credimex.ch\\\/wp-content\\\/uploads\\\/2022\\\/03\\\/cropped-logo-credimex.png\",\"contentUrl\":\"https:\\\/\\\/www.credimex.ch\\\/wp-content\\\/uploads\\\/2022\\\/03\\\/cropped-logo-credimex.png\",\"width\":512,\"height\":512,\"caption\":\"credimex\"},\"image\":{\"@id\":\"https:\\\/\\\/www.credimex.ch\\\/fr\\\/#\\\/schema\\\/logo\\\/image\\\/\"},\"sameAs\":[\"https:\\\/\\\/www.facebook.com\\\/credimex.alpnach\\\/\",\"https:\\\/\\\/www.linkedin.com\\\/company\\\/credimex\\\/\",\"https:\\\/\\\/www.youtube.com\\\/@CREDIMEX?sub_confirmation=1\"]}]}<\/script>\n<!-- \/ Yoast SEO Premium plugin. -->","yoast_head_json":{"title":"Betamate 2810 \u2013 Adh\u00e9sif structural bi-composant - CREDIMEX","description":"Betamate 2810 est un adh\u00e9sif polyur\u00e9thane \u00e0 deux composants destin\u00e9 aux constructeurs automobiles OEM et aux applications dans le domaine des v\u00e9hicules utilitaires, notamment les bus, les camions et les trains.","robots":{"index":"index","follow":"follow","max-snippet":"max-snippet:-1","max-image-preview":"max-image-preview:large","max-video-preview":"max-video-preview:-1"},"canonical":"https:\/\/www.credimex.ch\/fr\/produit\/betamate-2810-structural-adhesive\/","og_locale":"fr_FR","og_type":"article","og_title":"Betamate 2810 \u2013 Adh\u00e9sif structural bi-composant","og_description":"Betamate 2810 est un adh\u00e9sif polyur\u00e9thane \u00e0 deux composants destin\u00e9 aux constructeurs automobiles OEM et aux applications dans le domaine des v\u00e9hicules utilitaires, notamment les bus, les camions et les trains.","og_url":"https:\/\/www.credimex.ch\/fr\/produit\/betamate-2810-structural-adhesive\/","og_site_name":"CREDIMEX","article_publisher":"https:\/\/www.facebook.com\/credimex.alpnach\/","article_modified_time":"2025-10-27T11:20:24+00:00","og_image":[{"width":398,"height":388,"url":"https:\/\/www.credimex.ch\/wp-content\/uploads\/2025\/10\/Betamate-2810.webp","type":"image\/webp"}],"twitter_card":"summary_large_image","twitter_misc":{"Dur\u00e9e de lecture estim\u00e9e":"1 minute"},"schema":{"@context":"https:\/\/schema.org","@graph":[{"@type":"WebPage","@id":"https:\/\/www.credimex.ch\/fr\/produit\/betamate-2810-structural-adhesive\/","url":"https:\/\/www.credimex.ch\/fr\/produit\/betamate-2810-structural-adhesive\/","name":"Betamate 2810 \u2013 Adh\u00e9sif structural bi-composant - CREDIMEX","isPartOf":{"@id":"https:\/\/www.credimex.ch\/fr\/#website"},"primaryImageOfPage":{"@id":"https:\/\/www.credimex.ch\/fr\/produit\/betamate-2810-structural-adhesive\/#primaryimage"},"image":{"@id":"https:\/\/www.credimex.ch\/fr\/produit\/betamate-2810-structural-adhesive\/#primaryimage"},"thumbnailUrl":"https:\/\/www.credimex.ch\/wp-content\/uploads\/2025\/10\/Betamate-2810.webp","datePublished":"2025-10-02T09:35:32+00:00","dateModified":"2025-10-27T11:20:24+00:00","description":"Betamate 2810 est un adh\u00e9sif polyur\u00e9thane \u00e0 deux composants destin\u00e9 aux constructeurs automobiles OEM et aux applications dans le domaine des v\u00e9hicules utilitaires, notamment les bus, les camions et les trains.","breadcrumb":{"@id":"https:\/\/www.credimex.ch\/fr\/produit\/betamate-2810-structural-adhesive\/#breadcrumb"},"inLanguage":"fr-FR","potentialAction":[{"@type":"ReadAction","target":["https:\/\/www.credimex.ch\/fr\/produit\/betamate-2810-structural-adhesive\/"]}]},{"@type":"ImageObject","inLanguage":"fr-FR","@id":"https:\/\/www.credimex.ch\/fr\/produit\/betamate-2810-structural-adhesive\/#primaryimage","url":"https:\/\/www.credimex.ch\/wp-content\/uploads\/2025\/10\/Betamate-2810.webp","contentUrl":"https:\/\/www.credimex.ch\/wp-content\/uploads\/2025\/10\/Betamate-2810.webp","width":398,"height":388},{"@type":"BreadcrumbList","@id":"https:\/\/www.credimex.ch\/fr\/produit\/betamate-2810-structural-adhesive\/#breadcrumb","itemListElement":[{"@type":"ListItem","position":1,"name":"Home","item":"https:\/\/www.credimex.ch\/fr\/"},{"@type":"ListItem","position":2,"name":"Produits","item":"https:\/\/www.credimex.ch\/fr\/produits\/"},{"@type":"ListItem","position":3,"name":"Betamate 2810 \u2013 Adh\u00e9sif structural bi-composant"}]},{"@type":"WebSite","@id":"https:\/\/www.credimex.ch\/fr\/#website","url":"https:\/\/www.credimex.ch\/fr\/","name":"CREDIMEX","description":"Partner of Swiss Industrial Market","publisher":{"@id":"https:\/\/www.credimex.ch\/fr\/#organization"},"potentialAction":[{"@type":"SearchAction","target":{"@type":"EntryPoint","urlTemplate":"https:\/\/www.credimex.ch\/fr\/?s={search_term_string}"},"query-input":{"@type":"PropertyValueSpecification","valueRequired":true,"valueName":"search_term_string"}}],"inLanguage":"fr-FR"},{"@type":"Organization","@id":"https:\/\/www.credimex.ch\/fr\/#organization","name":"credimex","url":"https:\/\/www.credimex.ch\/fr\/","logo":{"@type":"ImageObject","inLanguage":"fr-FR","@id":"https:\/\/www.credimex.ch\/fr\/#\/schema\/logo\/image\/","url":"https:\/\/www.credimex.ch\/wp-content\/uploads\/2022\/03\/cropped-logo-credimex.png","contentUrl":"https:\/\/www.credimex.ch\/wp-content\/uploads\/2022\/03\/cropped-logo-credimex.png","width":512,"height":512,"caption":"credimex"},"image":{"@id":"https:\/\/www.credimex.ch\/fr\/#\/schema\/logo\/image\/"},"sameAs":["https:\/\/www.facebook.com\/credimex.alpnach\/","https:\/\/www.linkedin.com\/company\/credimex\/","https:\/\/www.youtube.com\/@CREDIMEX?sub_confirmation=1"]}]}},"_links":{"self":[{"href":"https:\/\/www.credimex.ch\/fr\/wp-json\/wp\/v2\/product\/9416","targetHints":{"allow":["GET"]}}],"collection":[{"href":"https:\/\/www.credimex.ch\/fr\/wp-json\/wp\/v2\/product"}],"about":[{"href":"https:\/\/www.credimex.ch\/fr\/wp-json\/wp\/v2\/types\/product"}],"replies":[{"embeddable":true,"href":"https:\/\/www.credimex.ch\/fr\/wp-json\/wp\/v2\/comments?post=9416"}],"wp:featuredmedia":[{"embeddable":true,"href":"https:\/\/www.credimex.ch\/fr\/wp-json\/wp\/v2\/media\/9413"}],"wp:attachment":[{"href":"https:\/\/www.credimex.ch\/fr\/wp-json\/wp\/v2\/media?parent=9416"}],"wp:term":[{"taxonomy":"product_brand","embeddable":true,"href":"https:\/\/www.credimex.ch\/fr\/wp-json\/wp\/v2\/product_brand?post=9416"},{"taxonomy":"product_cat","embeddable":true,"href":"https:\/\/www.credimex.ch\/fr\/wp-json\/wp\/v2\/product_cat?post=9416"},{"taxonomy":"product_tag","embeddable":true,"href":"https:\/\/www.credimex.ch\/fr\/wp-json\/wp\/v2\/product_tag?post=9416"}],"curies":[{"name":"wp","href":"https:\/\/api.w.org\/{rel}","templated":true}]}}