{"id":9423,"date":"2025-10-02T11:44:58","date_gmt":"2025-10-02T09:44:58","guid":{"rendered":"https:\/\/www.credimex.ch\/product\/betamate-2090-crash-resistant-structural-adhesive\/"},"modified":"2025-10-27T12:18:33","modified_gmt":"2025-10-27T11:18:33","slug":"betamate-2090-crash-resistant-structural-adhesive","status":"publish","type":"product","link":"https:\/\/www.credimex.ch\/fr\/produit\/betamate-2090-crash-resistant-structural-adhesive\/","title":{"rendered":"Betamate 2090 \u2013 Adh\u00e9sif structurel r\u00e9sistant aux chocs"},"content":{"rendered":"<p>Colle structurelle haute performance avec prise rapide.<br \/>\n Con\u00e7ue pour une temp\u00e9rature de transition vitreuse \u00e9lev\u00e9e et un durcissement rapide.<br \/>\n Excellente adh\u00e9rence sur acier et aluminium pr\u00e9trait\u00e9.<br \/>\n Produit approuv\u00e9 Thatcham pour l\u2019automobile.<\/p>\n<h2>Application:<\/h2>\n<ul>\n<li>Autobus, camions, v\u00e9hicules ferroviaires, automobiles <\/li>\n<\/ul>\n","protected":false},"excerpt":{"rendered":"<p>Colle structurelle haute performance avec prise rapide. Con\u00e7ue pour une temp\u00e9rature de transition vitreuse \u00e9lev\u00e9e et un durcissement rapide. Excellente adh\u00e9rence sur acier et aluminium pr\u00e9trait\u00e9. Produit approuv\u00e9 Thatcham pour l\u2019automobile. Application: Autobus, camions, v\u00e9hicules ferroviaires, automobiles<\/p>\n","protected":false},"featured_media":9421,"comment_status":"closed","ping_status":"closed","template":"","meta":{"_acf_changed":false},"product_brand":[],"product_cat":[641,452,889],"product_tag":[],"class_list":{"0":"post-9423","1":"product","2":"type-product","3":"status-publish","4":"has-post-thumbnail","6":"product_cat-adhesifs-epoxy","7":"product_cat-adhesifs-et-mastics","8":"product_cat-dupont","10":"first","11":"instock","12":"shipping-taxable","13":"product-type-simple"},"acf":[],"_yoast_wpseo_focuskw":null,"_yoast_wpseo_metadesc":"Dow Betamate 2090 est un adh\u00e9sif \u00e9poxy haute performance utilis\u00e9 pour augmenter la durabilit\u00e9 op\u00e9rationnelle, la r\u00e9sistance aux chocs et la rigidit\u00e9 de la carrosserie des v\u00e9hicules.","yoast_head":"<!-- This site is optimized with the Yoast SEO Premium plugin v21.6 (Yoast SEO v27.4) - https:\/\/yoast.com\/product\/yoast-seo-premium-wordpress\/ -->\n<title>Betamate 2090 \u2013 Adh\u00e9sif structurel r\u00e9sistant aux chocs - CREDIMEX<\/title>\n<meta name=\"description\" content=\"Dow Betamate 2090 est un adh\u00e9sif \u00e9poxy haute performance utilis\u00e9 pour augmenter la durabilit\u00e9 op\u00e9rationnelle, la r\u00e9sistance aux chocs et la rigidit\u00e9 de la carrosserie des v\u00e9hicules.\" \/>\n<meta name=\"robots\" content=\"index, follow, max-snippet:-1, max-image-preview:large, max-video-preview:-1\" \/>\n<link rel=\"canonical\" href=\"https:\/\/www.credimex.ch\/fr\/produit\/betamate-2090-crash-resistant-structural-adhesive\/\" \/>\n<meta property=\"og:locale\" content=\"fr_FR\" \/>\n<meta property=\"og:type\" content=\"article\" \/>\n<meta property=\"og:title\" content=\"Betamate 2090 \u2013 Adh\u00e9sif structurel r\u00e9sistant aux chocs\" \/>\n<meta property=\"og:description\" content=\"Dow Betamate 2090 est un adh\u00e9sif \u00e9poxy haute performance utilis\u00e9 pour augmenter la durabilit\u00e9 op\u00e9rationnelle, la r\u00e9sistance aux chocs et la rigidit\u00e9 de la carrosserie des v\u00e9hicules.\" \/>\n<meta property=\"og:url\" content=\"https:\/\/www.credimex.ch\/fr\/produit\/betamate-2090-crash-resistant-structural-adhesive\/\" \/>\n<meta property=\"og:site_name\" content=\"CREDIMEX\" \/>\n<meta property=\"article:publisher\" content=\"https:\/\/www.facebook.com\/credimex.alpnach\/\" \/>\n<meta property=\"article:modified_time\" content=\"2025-10-27T11:18:33+00:00\" \/>\n<meta property=\"og:image\" content=\"https:\/\/www.credimex.ch\/wp-content\/uploads\/2025\/10\/betamate-2090-with-thatcham-approval.webp\" \/>\n\t<meta property=\"og:image:width\" content=\"380\" \/>\n\t<meta property=\"og:image:height\" content=\"400\" \/>\n\t<meta property=\"og:image:type\" content=\"image\/webp\" \/>\n<meta name=\"twitter:card\" content=\"summary_large_image\" \/>\n<meta name=\"twitter:label1\" content=\"Dur\u00e9e de lecture estim\u00e9e\" \/>\n\t<meta name=\"twitter:data1\" content=\"1 minute\" \/>\n<script type=\"application\/ld+json\" class=\"yoast-schema-graph\">{\"@context\":\"https:\\\/\\\/schema.org\",\"@graph\":[{\"@type\":\"WebPage\",\"@id\":\"https:\\\/\\\/www.credimex.ch\\\/fr\\\/produit\\\/betamate-2090-crash-resistant-structural-adhesive\\\/\",\"url\":\"https:\\\/\\\/www.credimex.ch\\\/fr\\\/produit\\\/betamate-2090-crash-resistant-structural-adhesive\\\/\",\"name\":\"Betamate 2090 \u2013 Adh\u00e9sif structurel r\u00e9sistant aux chocs - CREDIMEX\",\"isPartOf\":{\"@id\":\"https:\\\/\\\/www.credimex.ch\\\/fr\\\/#website\"},\"primaryImageOfPage\":{\"@id\":\"https:\\\/\\\/www.credimex.ch\\\/fr\\\/produit\\\/betamate-2090-crash-resistant-structural-adhesive\\\/#primaryimage\"},\"image\":{\"@id\":\"https:\\\/\\\/www.credimex.ch\\\/fr\\\/produit\\\/betamate-2090-crash-resistant-structural-adhesive\\\/#primaryimage\"},\"thumbnailUrl\":\"https:\\\/\\\/www.credimex.ch\\\/wp-content\\\/uploads\\\/2025\\\/10\\\/betamate-2090-with-thatcham-approval.webp\",\"datePublished\":\"2025-10-02T09:44:58+00:00\",\"dateModified\":\"2025-10-27T11:18:33+00:00\",\"description\":\"Dow Betamate 2090 est un adh\u00e9sif \u00e9poxy haute performance utilis\u00e9 pour augmenter la durabilit\u00e9 op\u00e9rationnelle, la r\u00e9sistance aux chocs et la rigidit\u00e9 de la carrosserie des v\u00e9hicules.\",\"breadcrumb\":{\"@id\":\"https:\\\/\\\/www.credimex.ch\\\/fr\\\/produit\\\/betamate-2090-crash-resistant-structural-adhesive\\\/#breadcrumb\"},\"inLanguage\":\"fr-FR\",\"potentialAction\":[{\"@type\":\"ReadAction\",\"target\":[\"https:\\\/\\\/www.credimex.ch\\\/fr\\\/produit\\\/betamate-2090-crash-resistant-structural-adhesive\\\/\"]}]},{\"@type\":\"ImageObject\",\"inLanguage\":\"fr-FR\",\"@id\":\"https:\\\/\\\/www.credimex.ch\\\/fr\\\/produit\\\/betamate-2090-crash-resistant-structural-adhesive\\\/#primaryimage\",\"url\":\"https:\\\/\\\/www.credimex.ch\\\/wp-content\\\/uploads\\\/2025\\\/10\\\/betamate-2090-with-thatcham-approval.webp\",\"contentUrl\":\"https:\\\/\\\/www.credimex.ch\\\/wp-content\\\/uploads\\\/2025\\\/10\\\/betamate-2090-with-thatcham-approval.webp\",\"width\":380,\"height\":400},{\"@type\":\"BreadcrumbList\",\"@id\":\"https:\\\/\\\/www.credimex.ch\\\/fr\\\/produit\\\/betamate-2090-crash-resistant-structural-adhesive\\\/#breadcrumb\",\"itemListElement\":[{\"@type\":\"ListItem\",\"position\":1,\"name\":\"Home\",\"item\":\"https:\\\/\\\/www.credimex.ch\\\/fr\\\/\"},{\"@type\":\"ListItem\",\"position\":2,\"name\":\"Produits\",\"item\":\"https:\\\/\\\/www.credimex.ch\\\/fr\\\/produits\\\/\"},{\"@type\":\"ListItem\",\"position\":3,\"name\":\"Betamate 2090 \u2013 Adh\u00e9sif structurel r\u00e9sistant aux chocs\"}]},{\"@type\":\"WebSite\",\"@id\":\"https:\\\/\\\/www.credimex.ch\\\/fr\\\/#website\",\"url\":\"https:\\\/\\\/www.credimex.ch\\\/fr\\\/\",\"name\":\"CREDIMEX\",\"description\":\"Partner of Swiss Industrial Market\",\"publisher\":{\"@id\":\"https:\\\/\\\/www.credimex.ch\\\/fr\\\/#organization\"},\"potentialAction\":[{\"@type\":\"SearchAction\",\"target\":{\"@type\":\"EntryPoint\",\"urlTemplate\":\"https:\\\/\\\/www.credimex.ch\\\/fr\\\/?s={search_term_string}\"},\"query-input\":{\"@type\":\"PropertyValueSpecification\",\"valueRequired\":true,\"valueName\":\"search_term_string\"}}],\"inLanguage\":\"fr-FR\"},{\"@type\":\"Organization\",\"@id\":\"https:\\\/\\\/www.credimex.ch\\\/fr\\\/#organization\",\"name\":\"credimex\",\"url\":\"https:\\\/\\\/www.credimex.ch\\\/fr\\\/\",\"logo\":{\"@type\":\"ImageObject\",\"inLanguage\":\"fr-FR\",\"@id\":\"https:\\\/\\\/www.credimex.ch\\\/fr\\\/#\\\/schema\\\/logo\\\/image\\\/\",\"url\":\"https:\\\/\\\/www.credimex.ch\\\/wp-content\\\/uploads\\\/2022\\\/03\\\/cropped-logo-credimex.png\",\"contentUrl\":\"https:\\\/\\\/www.credimex.ch\\\/wp-content\\\/uploads\\\/2022\\\/03\\\/cropped-logo-credimex.png\",\"width\":512,\"height\":512,\"caption\":\"credimex\"},\"image\":{\"@id\":\"https:\\\/\\\/www.credimex.ch\\\/fr\\\/#\\\/schema\\\/logo\\\/image\\\/\"},\"sameAs\":[\"https:\\\/\\\/www.facebook.com\\\/credimex.alpnach\\\/\",\"https:\\\/\\\/www.linkedin.com\\\/company\\\/credimex\\\/\",\"https:\\\/\\\/www.youtube.com\\\/@CREDIMEX?sub_confirmation=1\"]}]}<\/script>\n<!-- \/ Yoast SEO Premium plugin. -->","yoast_head_json":{"title":"Betamate 2090 \u2013 Adh\u00e9sif structurel r\u00e9sistant aux chocs - CREDIMEX","description":"Dow Betamate 2090 est un adh\u00e9sif \u00e9poxy haute performance utilis\u00e9 pour augmenter la durabilit\u00e9 op\u00e9rationnelle, la r\u00e9sistance aux chocs et la rigidit\u00e9 de la carrosserie des v\u00e9hicules.","robots":{"index":"index","follow":"follow","max-snippet":"max-snippet:-1","max-image-preview":"max-image-preview:large","max-video-preview":"max-video-preview:-1"},"canonical":"https:\/\/www.credimex.ch\/fr\/produit\/betamate-2090-crash-resistant-structural-adhesive\/","og_locale":"fr_FR","og_type":"article","og_title":"Betamate 2090 \u2013 Adh\u00e9sif structurel r\u00e9sistant aux chocs","og_description":"Dow Betamate 2090 est un adh\u00e9sif \u00e9poxy haute performance utilis\u00e9 pour augmenter la durabilit\u00e9 op\u00e9rationnelle, la r\u00e9sistance aux chocs et la rigidit\u00e9 de la carrosserie des v\u00e9hicules.","og_url":"https:\/\/www.credimex.ch\/fr\/produit\/betamate-2090-crash-resistant-structural-adhesive\/","og_site_name":"CREDIMEX","article_publisher":"https:\/\/www.facebook.com\/credimex.alpnach\/","article_modified_time":"2025-10-27T11:18:33+00:00","og_image":[{"width":380,"height":400,"url":"https:\/\/www.credimex.ch\/wp-content\/uploads\/2025\/10\/betamate-2090-with-thatcham-approval.webp","type":"image\/webp"}],"twitter_card":"summary_large_image","twitter_misc":{"Dur\u00e9e de lecture estim\u00e9e":"1 minute"},"schema":{"@context":"https:\/\/schema.org","@graph":[{"@type":"WebPage","@id":"https:\/\/www.credimex.ch\/fr\/produit\/betamate-2090-crash-resistant-structural-adhesive\/","url":"https:\/\/www.credimex.ch\/fr\/produit\/betamate-2090-crash-resistant-structural-adhesive\/","name":"Betamate 2090 \u2013 Adh\u00e9sif structurel r\u00e9sistant aux chocs - CREDIMEX","isPartOf":{"@id":"https:\/\/www.credimex.ch\/fr\/#website"},"primaryImageOfPage":{"@id":"https:\/\/www.credimex.ch\/fr\/produit\/betamate-2090-crash-resistant-structural-adhesive\/#primaryimage"},"image":{"@id":"https:\/\/www.credimex.ch\/fr\/produit\/betamate-2090-crash-resistant-structural-adhesive\/#primaryimage"},"thumbnailUrl":"https:\/\/www.credimex.ch\/wp-content\/uploads\/2025\/10\/betamate-2090-with-thatcham-approval.webp","datePublished":"2025-10-02T09:44:58+00:00","dateModified":"2025-10-27T11:18:33+00:00","description":"Dow Betamate 2090 est un adh\u00e9sif \u00e9poxy haute performance utilis\u00e9 pour augmenter la durabilit\u00e9 op\u00e9rationnelle, la r\u00e9sistance aux chocs et la rigidit\u00e9 de la carrosserie des v\u00e9hicules.","breadcrumb":{"@id":"https:\/\/www.credimex.ch\/fr\/produit\/betamate-2090-crash-resistant-structural-adhesive\/#breadcrumb"},"inLanguage":"fr-FR","potentialAction":[{"@type":"ReadAction","target":["https:\/\/www.credimex.ch\/fr\/produit\/betamate-2090-crash-resistant-structural-adhesive\/"]}]},{"@type":"ImageObject","inLanguage":"fr-FR","@id":"https:\/\/www.credimex.ch\/fr\/produit\/betamate-2090-crash-resistant-structural-adhesive\/#primaryimage","url":"https:\/\/www.credimex.ch\/wp-content\/uploads\/2025\/10\/betamate-2090-with-thatcham-approval.webp","contentUrl":"https:\/\/www.credimex.ch\/wp-content\/uploads\/2025\/10\/betamate-2090-with-thatcham-approval.webp","width":380,"height":400},{"@type":"BreadcrumbList","@id":"https:\/\/www.credimex.ch\/fr\/produit\/betamate-2090-crash-resistant-structural-adhesive\/#breadcrumb","itemListElement":[{"@type":"ListItem","position":1,"name":"Home","item":"https:\/\/www.credimex.ch\/fr\/"},{"@type":"ListItem","position":2,"name":"Produits","item":"https:\/\/www.credimex.ch\/fr\/produits\/"},{"@type":"ListItem","position":3,"name":"Betamate 2090 \u2013 Adh\u00e9sif structurel r\u00e9sistant aux chocs"}]},{"@type":"WebSite","@id":"https:\/\/www.credimex.ch\/fr\/#website","url":"https:\/\/www.credimex.ch\/fr\/","name":"CREDIMEX","description":"Partner of Swiss Industrial Market","publisher":{"@id":"https:\/\/www.credimex.ch\/fr\/#organization"},"potentialAction":[{"@type":"SearchAction","target":{"@type":"EntryPoint","urlTemplate":"https:\/\/www.credimex.ch\/fr\/?s={search_term_string}"},"query-input":{"@type":"PropertyValueSpecification","valueRequired":true,"valueName":"search_term_string"}}],"inLanguage":"fr-FR"},{"@type":"Organization","@id":"https:\/\/www.credimex.ch\/fr\/#organization","name":"credimex","url":"https:\/\/www.credimex.ch\/fr\/","logo":{"@type":"ImageObject","inLanguage":"fr-FR","@id":"https:\/\/www.credimex.ch\/fr\/#\/schema\/logo\/image\/","url":"https:\/\/www.credimex.ch\/wp-content\/uploads\/2022\/03\/cropped-logo-credimex.png","contentUrl":"https:\/\/www.credimex.ch\/wp-content\/uploads\/2022\/03\/cropped-logo-credimex.png","width":512,"height":512,"caption":"credimex"},"image":{"@id":"https:\/\/www.credimex.ch\/fr\/#\/schema\/logo\/image\/"},"sameAs":["https:\/\/www.facebook.com\/credimex.alpnach\/","https:\/\/www.linkedin.com\/company\/credimex\/","https:\/\/www.youtube.com\/@CREDIMEX?sub_confirmation=1"]}]}},"_links":{"self":[{"href":"https:\/\/www.credimex.ch\/fr\/wp-json\/wp\/v2\/product\/9423","targetHints":{"allow":["GET"]}}],"collection":[{"href":"https:\/\/www.credimex.ch\/fr\/wp-json\/wp\/v2\/product"}],"about":[{"href":"https:\/\/www.credimex.ch\/fr\/wp-json\/wp\/v2\/types\/product"}],"replies":[{"embeddable":true,"href":"https:\/\/www.credimex.ch\/fr\/wp-json\/wp\/v2\/comments?post=9423"}],"wp:featuredmedia":[{"embeddable":true,"href":"https:\/\/www.credimex.ch\/fr\/wp-json\/wp\/v2\/media\/9421"}],"wp:attachment":[{"href":"https:\/\/www.credimex.ch\/fr\/wp-json\/wp\/v2\/media?parent=9423"}],"wp:term":[{"taxonomy":"product_brand","embeddable":true,"href":"https:\/\/www.credimex.ch\/fr\/wp-json\/wp\/v2\/product_brand?post=9423"},{"taxonomy":"product_cat","embeddable":true,"href":"https:\/\/www.credimex.ch\/fr\/wp-json\/wp\/v2\/product_cat?post=9423"},{"taxonomy":"product_tag","embeddable":true,"href":"https:\/\/www.credimex.ch\/fr\/wp-json\/wp\/v2\/product_tag?post=9423"}],"curies":[{"name":"wp","href":"https:\/\/api.w.org\/{rel}","templated":true}]}}